{"id":630,"date":"2025-04-25T04:20:17","date_gmt":"2025-04-25T04:20:17","guid":{"rendered":"https:\/\/twchains.com\/?post_type=product&#038;p=630"},"modified":"2025-04-26T08:17:41","modified_gmt":"2025-04-26T08:17:41","slug":"quality-guaranteed-23-5r25-tire-protection-chains-for-hot-steel-slag-plant","status":"publish","type":"product","link":"https:\/\/twchains.com\/pl\/produkt\/quality-guaranteed-23-5r25-tire-protection-chains-for-hot-steel-slag-plant\/","title":{"rendered":"Gwarantowana jako\u015b\u0107 23,5r25 \u0141a\u0144cuchy ochronne do opon dla gor\u0105cych \u017cu\u017cli stalowych"},"content":{"rendered":"<p>W scenariuszach transportu \u017cu\u017cla stalowniczego w wysokich temperaturach, takich jak stalownie i warsztaty metalurgiczne, zwyk\u0142e \u0142a\u0144cuchy ochronne opon s\u0105 podatne na krucho\u015b\u0107, p\u0119kanie lub przywieranie do opon z powodu takich kwestii, jak spalanie w wysokiej temperaturze, przywieranie \u017cu\u017cla i szybkie ch\u0142odzenie. Z my\u015bl\u0105 o tych ekstremalnych warunkach pracy opracowali\u015bmy specjalny \u0142a\u0144cuch ochronny do opon odporny na wysokie temperatury, aby zapewni\u0107 bezpieczn\u0105 i wydajn\u0105 prac\u0119 sprz\u0119tu nawet w stanie czerwonego \u017cu\u017cla stalowniczego.<\/p>\n<p>Mamy bardzo do\u015bwiadczonych pracownik\u00f3w, kt\u00f3rzy pracuj\u0105 w fabryce od momentu jej za\u0142o\u017cenia. Mog\u0105 oni pom\u00f3c nam unikn\u0105\u0107 niekt\u00f3rych typowych b\u0142\u0119d\u00f3w. Jednocze\u015bnie nasze warsztaty fabryczne s\u0105 w ca\u0142o\u015bci nasze i nie ma czynszu, wi\u0119c mamy wystarczaj\u0105c\u0105 zdolno\u015b\u0107 do opracowania \u0142a\u0144cuch\u00f3w ochronnych do opon o lepszej jako\u015bci i bardziej odpowiednich cenach<\/p>\n<div data-slate-node=\"element\" data-slate-fragment=\"JTVCJTdCJTIydHlwZSUyMiUzQSUyMnBhcmFncmFwaCUyMiUyQyUyMmNoaWxkcmVuJTIyJTNBJTVCJTdCJTIyaWQlMjIlM0ElMjJWb0F4N0VnZ3FuJTIyJTJDJTIycGFyYUlkeCUyMiUzQTQlMkMlMjJzcmMlMjIlM0ElMjJFWFBFUklFTkNFRCUyMFRFQU0lMjIlMkMlMjJkc3QlMjIlM0ElMjIlRTclQkIlOEYlRTklQUElOEMlRTQlQjglQjAlRTUlQUYlOEMlRTclOUElODQlRTUlOUIlQTIlRTklOTglOUYlMjIlMkMlMjJtZXRhZGF0YSUyMiUzQSUyMiUyMiUyQyUyMm1hdGNoZXMlMjIlM0FudWxsJTJDJTIybWV0YURhdGElMjIlM0ElNUIlNUQlMkMlMjJ0ZXh0JTIyJTNBJTIyRVhQRVJJRU5DRUQlMjBURUFNJTIyJTdEJTVEJTdEJTJDJTdCJTIydHlwZSUyMiUzQSUyMnBhcmFncmFwaCUyMiUyQyUyMmNoaWxkcmVuJTIyJTNBJTVCJTdCJTIyaWQlMjIlM0ElMjI5WHdZdkt5THFQJTIyJTJDJTIycGFyYUlkeCUyMiUzQTUlMkMlMjJzcmMlMjIlM0ElMjJPdXIlMjB0cmFpbmVkJTIwdGVjaG5pY2lhbnMlMjBwcm92aWRlJTIwb24tc2l0ZSUyMGluc3RhbGxhdGlvbiUyMGFuZCUyMHRyYWluaW5nJTIwZm9yJTIwZnV0dXJlJTIwbWFpbnRlbmFuY2UlMjBhbG9uZyUyMHdpdGglMjBzcGFyZSUyMHBhcnRzJTJDJTIwc3BlY2lhbCUyMHRvb2xzJTIwYW5kJTIwYWNjZXNzb3JpZXMlMkMlMjB3aGljaCUyMGFyZSUyMGVzc2VudGlhbCUyMGZvciUyMGRlbGl2ZXJpbmclMjBiZXN0JTIwcGVyZm9ybWFuY2UlMjBhbmQlMjBlbnN1cmluZyUyMGxvbmclMjBzZXJ2aWNlJTIwbGlmZSUyMG9mJTIwdGhlJTIwcHJvZHVjdC4lMjIlMkMlMjJkc3QlMjIlM0ElMjIlRTYlODglOTElRTQlQkIlQUMlRTglQUUlQUQlRTclQkIlODMlRTYlOUMlODklRTclQjQlQTAlRTclOUElODQlRTYlOEElODAlRTYlOUMlQUYlRTQlQkElQkElRTUlOTElOTglRTYlOEYlOTAlRTQlQkUlOUIlRTclOEUlQjAlRTUlOUMlQkElRTUlQUUlODklRTglQTMlODUlRTUlOTIlOEMlRTYlOUMlQUElRTYlOUQlQTUlRTclQkIlQjQlRTYlOEElQTQlRTUlOUYlQjklRTglQUUlQUQlRUYlQkMlOEMlRTQlQkIlQTUlRTUlOEYlOEElRTUlQTQlODclRTQlQkIlQjYlRTMlODAlODElRTQlQjglOTMlRTclOTQlQTglRTUlQjclQTUlRTUlODUlQjclRTUlOTIlOEMlRTklODUlOEQlRTQlQkIlQjYlRUYlQkMlOEMlRTglQkYlOTklRTQlQkElOUIlRTUlQUYlQjklRTQlQkElOEUlRTYlOEYlOTAlRTQlQkUlOUIlRTYlOUMlODAlRTQlQkQlQjMlRTYlODAlQTclRTglODMlQkQlRTUlOTIlOEMlRTclQTElQUUlRTQlQkYlOUQlRTQlQkElQTclRTUlOTMlODElRTclOUElODQlRTklOTUlQkYlRTQlQkQlQkYlRTclOTQlQTglRTUlQUYlQkYlRTUlOTElQkQlRTglODclQjMlRTUlODUlQjMlRTklODclOEQlRTglQTYlODElRTMlODAlODIlMjIlMkMlMjJtZXRhZGF0YSUyMiUzQSUyMiUyMiUyQyUyMm1hdGNoZXMlMjIlM0FudWxsJTJDJTIybWV0YURhdGElMjIlM0ElNUIlNUQlMkMlMjJ0ZXh0JTIyJTNBJTIyT3VyJTIwdHJhaW5lZCUyMHRlY2huaWNpYW5zJTIwcHJvdmlkZSUyMG9uLXNpdGUlMjBpbnN0YWxsYXRpb24lMjBhbmQlMjB0cmFpbmluZyUyMGZvciUyMGZ1dHVyZSUyMG1haW50ZW5hbmNlJTIwYWxvbmclMjB3aXRoJTIwc3BhcmUlMjBwYXJ0cyUyQyUyMHNwZWNpYWwlMjB0b29scyUyMGFuZCUyMGFjY2Vzc29yaWVzJTJDJTIwd2hpY2glMjBhcmUlMjBlc3NlbnRpYWwlMjBmb3IlMjBkZWxpdmVyaW5nJTIwYmVzdCUyMHBlcmZvcm1hbmNlJTIwYW5kJTIwZW5zdXJpbmclMjBsb25nJTIwc2VydmljZSUyMGxpZmUlMjBvZiUyMHRoZSUyMHByb2R1Y3QuJTIyJTdEJTVEJTdEJTVE\"><span data-slate-node=\"text\">Nasi wyszkoleni technicy zapewniaj\u0105 instalacj\u0119 na miejscu i szkolenie w zakresie przysz\u0142ej konserwacji wraz z cz\u0119\u015bciami zamiennymi, specjalnymi narz\u0119dziami i akcesoriami, kt\u00f3re s\u0105 niezb\u0119dne do zapewnienia najlepszej wydajno\u015bci i d\u0142ugiej \u017cywotno\u015bci produktu.<\/span><\/div>\n<div data-slate-node=\"element\" data-slate-fragment=\"JTVCJTdCJTIydHlwZSUyMiUzQSUyMnBhcmFncmFwaCUyMiUyQyUyMmNoaWxkcmVuJTIyJTNBJTVCJTdCJTIyaWQlMjIlM0ElMjJWb0F4N0VnZ3FuJTIyJTJDJTIycGFyYUlkeCUyMiUzQTQlMkMlMjJzcmMlMjIlM0ElMjJFWFBFUklFTkNFRCUyMFRFQU0lMjIlMkMlMjJkc3QlMjIlM0ElMjIlRTclQkIlOEYlRTklQUElOEMlRTQlQjglQjAlRTUlQUYlOEMlRTclOUElODQlRTUlOUIlQTIlRTklOTglOUYlMjIlMkMlMjJtZXRhZGF0YSUyMiUzQSUyMiUyMiUyQyUyMm1hdGNoZXMlMjIlM0FudWxsJTJDJTIybWV0YURhdGElMjIlM0ElNUIlNUQlMkMlMjJ0ZXh0JTIyJTNBJTIyRVhQRVJJRU5DRUQlMjBURUFNJTIyJTdEJTVEJTdEJTJDJTdCJTIydHlwZSUyMiUzQSUyMnBhcmFncmFwaCUyMiUyQyUyMmNoaWxkcmVuJTIyJTNBJTVCJTdCJTIyaWQlMjIlM0ElMjI5WHdZdkt5THFQJTIyJTJDJTIycGFyYUlkeCUyMiUzQTUlMkMlMjJzcmMlMjIlM0ElMjJPdXIlMjB0cmFpbmVkJTIwdGVjaG5pY2lhbnMlMjBwcm92aWRlJTIwb24tc2l0ZSUyMGluc3RhbGxhdGlvbiUyMGFuZCUyMHRyYWluaW5nJTIwZm9yJTIwZnV0dXJlJTIwbWFpbnRlbmFuY2UlMjBhbG9uZyUyMHdpdGglMjBzcGFyZSUyMHBhcnRzJTJDJTIwc3BlY2lhbCUyMHRvb2xzJTIwYW5kJTIwYWNjZXNzb3JpZXMlMkMlMjB3aGljaCUyMGFyZSUyMGVzc2VudGlhbCUyMGZvciUyMGRlbGl2ZXJpbmclMjBiZXN0JTIwcGVyZm9ybWFuY2UlMjBhbmQlMjBlbnN1cmluZyUyMGxvbmclMjBzZXJ2aWNlJTIwbGlmZSUyMG9mJTIwdGhlJTIwcHJvZHVjdC4lMjIlMkMlMjJkc3QlMjIlM0ElMjIlRTYlODglOTElRTQlQkIlQUMlRTglQUUlQUQlRTclQkIlODMlRTYlOUMlODklRTclQjQlQTAlRTclOUElODQlRTYlOEElODAlRTYlOUMlQUYlRTQlQkElQkElRTUlOTElOTglRTYlOEYlOTAlRTQlQkUlOUIlRTclOEUlQjAlRTUlOUMlQkElRTUlQUUlODklRTglQTMlODUlRTUlOTIlOEMlRTYlOUMlQUElRTYlOUQlQTUlRTclQkIlQjQlRTYlOEElQTQlRTUlOUYlQjklRTglQUUlQUQlRUYlQkMlOEMlRTQlQkIlQTUlRTUlOEYlOEElRTUlQTQlODclRTQlQkIlQjYlRTMlODAlODElRTQlQjglOTMlRTclOTQlQTglRTUlQjclQTUlRTUlODUlQjclRTUlOTIlOEMlRTklODUlOEQlRTQlQkIlQjYlRUYlQkMlOEMlRTglQkYlOTklRTQlQkElOUIlRTUlQUYlQjklRTQlQkElOEUlRTYlOEYlOTAlRTQlQkUlOUIlRTYlOUMlODAlRTQlQkQlQjMlRTYlODAlQTclRTglODMlQkQlRTUlOTIlOEMlRTclQTElQUUlRTQlQkYlOUQlRTQlQkElQTclRTUlOTMlODElRTclOUElODQlRTklOTUlQkYlRTQlQkQlQkYlRTclOTQlQTglRTUlQUYlQkYlRTUlOTElQkQlRTglODclQjMlRTUlODUlQjMlRTklODclOEQlRTglQTYlODElRTMlODAlODIlMjIlMkMlMjJtZXRhZGF0YSUyMiUzQSUyMiUyMiUyQyUyMm1hdGNoZXMlMjIlM0FudWxsJTJDJTIybWV0YURhdGElMjIlM0ElNUIlNUQlMkMlMjJ0ZXh0JTIyJTNBJTIyT3VyJTIwdHJhaW5lZCUyMHRlY2huaWNpYW5zJTIwcHJvdmlkZSUyMG9uLXNpdGUlMjBpbnN0YWxsYXRpb24lMjBhbmQlMjB0cmFpbmluZyUyMGZvciUyMGZ1dHVyZSUyMG1haW50ZW5hbmNlJTIwYWxvbmclMjB3aXRoJTIwc3BhcmUlMjBwYXJ0cyUyQyUyMHNwZWNpYWwlMjB0b29scyUyMGFuZCUyMGFjY2Vzc29yaWVzJTJDJTIwd2hpY2glMjBhcmUlMjBlc3NlbnRpYWwlMjBmb3IlMjBkZWxpdmVyaW5nJTIwYmVzdCUyMHBlcmZvcm1hbmNlJTIwYW5kJTIwZW5zdXJpbmclMjBsb25nJTIwc2VydmljZSUyMGxpZmUlMjBvZiUyMHRoZSUyMHByb2R1Y3QuJTIyJTdEJTVEJTdEJTVE\"><\/div>\n<div data-slate-node=\"element\" data-slate-fragment=\"JTVCJTdCJTIydHlwZSUyMiUzQSUyMnBhcmFncmFwaCUyMiUyQyUyMmNoaWxkcmVuJTIyJTNBJTVCJTdCJTIyaWQlMjIlM0ElMjJWb0F4N0VnZ3FuJTIyJTJDJTIycGFyYUlkeCUyMiUzQTQlMkMlMjJzcmMlMjIlM0ElMjJFWFBFUklFTkNFRCUyMFRFQU0lMjIlMkMlMjJkc3QlMjIlM0ElMjIlRTclQkIlOEYlRTklQUElOEMlRTQlQjglQjAlRTUlQUYlOEMlRTclOUElODQlRTUlOUIlQTIlRTklOTglOUYlMjIlMkMlMjJtZXRhZGF0YSUyMiUzQSUyMiUyMiUyQyUyMm1hdGNoZXMlMjIlM0FudWxsJTJDJTIybWV0YURhdGElMjIlM0ElNUIlNUQlMkMlMjJ0ZXh0JTIyJTNBJTIyRVhQRVJJRU5DRUQlMjBURUFNJTIyJTdEJTVEJTdEJTJDJTdCJTIydHlwZSUyMiUzQSUyMnBhcmFncmFwaCUyMiUyQyUyMmNoaWxkcmVuJTIyJTNBJTVCJTdCJTIyaWQlMjIlM0ElMjI5WHdZdkt5THFQJTIyJTJDJTIycGFyYUlkeCUyMiUzQTUlMkMlMjJzcmMlMjIlM0ElMjJPdXIlMjB0cmFpbmVkJTIwdGVjaG5pY2lhbnMlMjBwcm92aWRlJTIwb24tc2l0ZSUyMGluc3RhbGxhdGlvbiUyMGFuZCUyMHRyYWluaW5nJTIwZm9yJTIwZnV0dXJlJTIwbWFpbnRlbmFuY2UlMjBhbG9uZyUyMHdpdGglMjBzcGFyZSUyMHBhcnRzJTJDJTIwc3BlY2lhbCUyMHRvb2xzJTIwYW5kJTIwYWNjZXNzb3JpZXMlMkMlMjB3aGljaCUyMGFyZSUyMGVzc2VudGlhbCUyMGZvciUyMGRlbGl2ZXJpbmclMjBiZXN0JTIwcGVyZm9ybWFuY2UlMjBhbmQlMjBlbnN1cmluZyUyMGxvbmclMjBzZXJ2aWNlJTIwbGlmZSUyMG9mJTIwdGhlJTIwcHJvZHVjdC4lMjIlMkMlMjJkc3QlMjIlM0ElMjIlRTYlODglOTElRTQlQkIlQUMlRTglQUUlQUQlRTclQkIlODMlRTYlOUMlODklRTclQjQlQTAlRTclOUElODQlRTYlOEElODAlRTYlOUMlQUYlRTQlQkElQkElRTUlOTElOTglRTYlOEYlOTAlRTQlQkUlOUIlRTclOEUlQjAlRTUlOUMlQkElRTUlQUUlODklRTglQTMlODUlRTUlOTIlOEMlRTYlOUMlQUElRTYlOUQlQTUlRTclQkIlQjQlRTYlOEElQTQlRTUlOUYlQjklRTglQUUlQUQlRUYlQkMlOEMlRTQlQkIlQTUlRTUlOEYlOEElRTUlQTQlODclRTQlQkIlQjYlRTMlODAlODElRTQlQjglOTMlRTclOTQlQTglRTUlQjclQTUlRTUlODUlQjclRTUlOTIlOEMlRTklODUlOEQlRTQlQkIlQjYlRUYlQkMlOEMlRTglQkYlOTklRTQlQkElOUIlRTUlQUYlQjklRTQlQkElOEUlRTYlOEYlOTAlRTQlQkUlOUIlRTYlOUMlODAlRTQlQkQlQjMlRTYlODAlQTclRTglODMlQkQlRTUlOTIlOEMlRTclQTElQUUlRTQlQkYlOUQlRTQlQkElQTclRTUlOTMlODElRTclOUElODQlRTklOTUlQkYlRTQlQkQlQkYlRTclOTQlQTglRTUlQUYlQkYlRTUlOTElQkQlRTglODclQjMlRTUlODUlQjMlRTklODclOEQlRTglQTYlODElRTMlODAlODIlMjIlMkMlMjJtZXRhZGF0YSUyMiUzQSUyMiUyMiUyQyUyMm1hdGNoZXMlMjIlM0FudWxsJTJDJTIybWV0YURhdGElMjIlM0ElNUIlNUQlMkMlMjJ0ZXh0JTIyJTNBJTIyT3VyJTIwdHJhaW5lZCUyMHRlY2huaWNpYW5zJTIwcHJvdmlkZSUyMG9uLXNpdGUlMjBpbnN0YWxsYXRpb24lMjBhbmQlMjB0cmFpbmluZyUyMGZvciUyMGZ1dHVyZSUyMG1haW50ZW5hbmNlJTIwYWxvbmclMjB3aXRoJTIwc3BhcmUlMjBwYXJ0cyUyQyUyMHNwZWNpYWwlMjB0b29scyUyMGFuZCUyMGFjY2Vzc29yaWVzJTJDJTIwd2hpY2glMjBhcmUlMjBlc3NlbnRpYWwlMjBmb3IlMjBkZWxpdmVyaW5nJTIwYmVzdCUyMHBlcmZvcm1hbmNlJTIwYW5kJTIwZW5zdXJpbmclMjBsb25nJTIwc2VydmljZSUyMGxpZmUlMjBvZiUyMHRoZSUyMHByb2R1Y3QuJTIyJTdEJTVEJTdEJTVE\">#otrtyre#miningtyre#protection#tirechains#manufactureofchains#tireprotectionchain#qualityguaranteed<\/div>","protected":false},"excerpt":{"rendered":"<ul>\n<li>Wykwalifikowani pracownicy<\/li>\n<li><span data-slate-fragment=\"JTVCJTdCJTIydHlwZSUyMiUzQSUyMnBhcmFncmFwaCUyMiUyQyUyMmNoaWxkcmVuJTIyJTNBJTVCJTdCJTIyaWQlMjIlM0ElMjJWb0F4N0VnZ3FuJTIyJTJDJTIycGFyYUlkeCUyMiUzQTQlMkMlMjJzcmMlMjIlM0ElMjJFWFBFUklFTkNFRCUyMFRFQU0lMjIlMkMlMjJkc3QlMjIlM0ElMjIlRTclQkIlOEYlRTklQUElOEMlRTQlQjglQjAlRTUlQUYlOEMlRTclOUElODQlRTUlOUIlQTIlRTklOTglOUYlMjIlMkMlMjJtZXRhZGF0YSUyMiUzQSUyMiUyMiUyQyUyMm1hdGNoZXMlMjIlM0FudWxsJTJDJTIybWV0YURhdGElMjIlM0ElNUIlNUQlMkMlMjJ0ZXh0JTIyJTNBJTIyRVhQRVJJRU5DRUQlMjBURUFNJTIyJTdEJTVEJTdEJTVE\">Do\u015bwiadczony zesp\u00f3\u0142<\/span><\/li>\n<li>Profesjonalny zesp\u00f3\u0142 posprzeda\u017cowy<\/li>\n<\/ul>","protected":false},"featured_media":631,"template":"","meta":{"inline_featured_image":false,"_kad_post_transparent":"default","_kad_post_title":"","_kad_post_layout":"default","_kad_post_sidebar_id":"","_kad_post_content_style":"default","_kad_post_vertical_padding":"default","_kad_post_feature":"","_kad_post_feature_position":"","_kad_post_header":false,"_kad_post_footer":false},"product_brand":[],"product_cat":[15,27,26],"product_tag":[],"class_list":{"0":"post-630","1":"product","2":"type-product","3":"status-publish","4":"has-post-thumbnail","6":"product_cat-tyre-protection-chain","7":"product_cat-encryption","8":"product_cat-reinforced","10":"first","11":"instock","12":"shipping-taxable","13":"product-type-simple","14":"entry","15":"content-bg","16":"loop-entry"},"yoast_head":"<!-- This site is optimized with the Yoast SEO plugin v25.4 - https:\/\/yoast.com\/wordpress\/plugins\/seo\/ -->\n<title>Quality Guaranteed 23.5r25 Tire Protection Chains for Hot Steel Slag Plant - twchains<\/title>\n<meta name=\"robots\" content=\"index, follow, max-snippet:-1, max-image-preview:large, max-video-preview:-1\" \/>\n<link rel=\"canonical\" href=\"https:\/\/twchains.com\/pl\/produkt\/quality-guaranteed-23-5r25-tire-protection-chains-for-hot-steel-slag-plant\/\" \/>\n<meta property=\"og:locale\" content=\"pl_PL\" \/>\n<meta property=\"og:type\" content=\"article\" \/>\n<meta property=\"og:title\" content=\"Quality Guaranteed 23.5r25 Tire Protection Chains for Hot Steel Slag Plant - twchains\" \/>\n<meta property=\"og:description\" content=\"Skilled Workers  Experienced Team  Professional After-Sales Team\" \/>\n<meta property=\"og:url\" content=\"https:\/\/twchains.com\/pl\/produkt\/quality-guaranteed-23-5r25-tire-protection-chains-for-hot-steel-slag-plant\/\" \/>\n<meta property=\"og:site_name\" content=\"twchains\" \/>\n<meta property=\"article:modified_time\" content=\"2025-04-26T08:17:41+00:00\" \/>\n<meta property=\"og:image\" content=\"https:\/\/twchains.com\/wp-content\/uploads\/2025\/04\/1-3.jpg\" \/>\n\t<meta property=\"og:image:width\" content=\"800\" \/>\n\t<meta property=\"og:image:height\" content=\"800\" \/>\n\t<meta property=\"og:image:type\" content=\"image\/jpeg\" \/>\n<meta name=\"twitter:card\" content=\"summary_large_image\" \/>\n<meta name=\"twitter:label1\" content=\"Szacowany czas czytania\" \/>\n\t<meta name=\"twitter:data1\" content=\"1 minuta\" \/>\n<script type=\"application\/ld+json\" class=\"yoast-schema-graph\">{\"@context\":\"https:\/\/schema.org\",\"@graph\":[{\"@type\":\"WebPage\",\"@id\":\"https:\/\/twchains.com\/product\/quality-guaranteed-23-5r25-tire-protection-chains-for-hot-steel-slag-plant\/\",\"url\":\"https:\/\/twchains.com\/product\/quality-guaranteed-23-5r25-tire-protection-chains-for-hot-steel-slag-plant\/\",\"name\":\"Quality Guaranteed 23.5r25 Tire Protection Chains for Hot Steel Slag Plant - twchains\",\"isPartOf\":{\"@id\":\"https:\/\/twchains.com\/#website\"},\"primaryImageOfPage\":{\"@id\":\"https:\/\/twchains.com\/product\/quality-guaranteed-23-5r25-tire-protection-chains-for-hot-steel-slag-plant\/#primaryimage\"},\"image\":{\"@id\":\"https:\/\/twchains.com\/product\/quality-guaranteed-23-5r25-tire-protection-chains-for-hot-steel-slag-plant\/#primaryimage\"},\"thumbnailUrl\":\"https:\/\/twchains.com\/wp-content\/uploads\/2025\/04\/1-3.jpg\",\"datePublished\":\"2025-04-25T04:20:17+00:00\",\"dateModified\":\"2025-04-26T08:17:41+00:00\",\"breadcrumb\":{\"@id\":\"https:\/\/twchains.com\/product\/quality-guaranteed-23-5r25-tire-protection-chains-for-hot-steel-slag-plant\/#breadcrumb\"},\"inLanguage\":\"pl-PL\",\"potentialAction\":[{\"@type\":\"ReadAction\",\"target\":[\"https:\/\/twchains.com\/product\/quality-guaranteed-23-5r25-tire-protection-chains-for-hot-steel-slag-plant\/\"]}]},{\"@type\":\"ImageObject\",\"inLanguage\":\"pl-PL\",\"@id\":\"https:\/\/twchains.com\/product\/quality-guaranteed-23-5r25-tire-protection-chains-for-hot-steel-slag-plant\/#primaryimage\",\"url\":\"https:\/\/twchains.com\/wp-content\/uploads\/2025\/04\/1-3.jpg\",\"contentUrl\":\"https:\/\/twchains.com\/wp-content\/uploads\/2025\/04\/1-3.jpg\",\"width\":800,\"height\":800},{\"@type\":\"BreadcrumbList\",\"@id\":\"https:\/\/twchains.com\/product\/quality-guaranteed-23-5r25-tire-protection-chains-for-hot-steel-slag-plant\/#breadcrumb\",\"itemListElement\":[{\"@type\":\"ListItem\",\"position\":1,\"name\":\"Home\",\"item\":\"https:\/\/twchains.com\/\"},{\"@type\":\"ListItem\",\"position\":2,\"name\":\"Products\",\"item\":\"https:\/\/twchains.com\/products\/\"},{\"@type\":\"ListItem\",\"position\":3,\"name\":\"Quality Guaranteed 23.5r25 Tire Protection Chains for Hot Steel Slag Plant\"}]},{\"@type\":\"WebSite\",\"@id\":\"https:\/\/twchains.com\/#website\",\"url\":\"https:\/\/twchains.com\/\",\"name\":\"twchains\",\"description\":\"\",\"publisher\":{\"@id\":\"https:\/\/twchains.com\/#organization\"},\"potentialAction\":[{\"@type\":\"SearchAction\",\"target\":{\"@type\":\"EntryPoint\",\"urlTemplate\":\"https:\/\/twchains.com\/?s={search_term_string}\"},\"query-input\":{\"@type\":\"PropertyValueSpecification\",\"valueRequired\":true,\"valueName\":\"search_term_string\"}}],\"inLanguage\":\"pl-PL\"},{\"@type\":\"Organization\",\"@id\":\"https:\/\/twchains.com\/#organization\",\"name\":\"twchains\",\"url\":\"https:\/\/twchains.com\/\",\"logo\":{\"@type\":\"ImageObject\",\"inLanguage\":\"pl-PL\",\"@id\":\"https:\/\/twchains.com\/#\/schema\/logo\/image\/\",\"url\":\"https:\/\/twchains.com\/wp-content\/uploads\/2025\/04\/tongwei-logo-100.svg\",\"contentUrl\":\"https:\/\/twchains.com\/wp-content\/uploads\/2025\/04\/tongwei-logo-100.svg\",\"width\":128,\"height\":100,\"caption\":\"twchains\"},\"image\":{\"@id\":\"https:\/\/twchains.com\/#\/schema\/logo\/image\/\"}}]}<\/script>\n<!-- \/ Yoast SEO plugin. -->","yoast_head_json":{"title":"Quality Guaranteed 23.5r25 Tire Protection Chains for Hot Steel Slag Plant - twchains","robots":{"index":"index","follow":"follow","max-snippet":"max-snippet:-1","max-image-preview":"max-image-preview:large","max-video-preview":"max-video-preview:-1"},"canonical":"https:\/\/twchains.com\/pl\/produkt\/quality-guaranteed-23-5r25-tire-protection-chains-for-hot-steel-slag-plant\/","og_locale":"pl_PL","og_type":"article","og_title":"Quality Guaranteed 23.5r25 Tire Protection Chains for Hot Steel Slag Plant - twchains","og_description":"Skilled Workers  Experienced Team  Professional After-Sales Team","og_url":"https:\/\/twchains.com\/pl\/produkt\/quality-guaranteed-23-5r25-tire-protection-chains-for-hot-steel-slag-plant\/","og_site_name":"twchains","article_modified_time":"2025-04-26T08:17:41+00:00","og_image":[{"width":800,"height":800,"url":"https:\/\/twchains.com\/wp-content\/uploads\/2025\/04\/1-3.jpg","type":"image\/jpeg"}],"twitter_card":"summary_large_image","twitter_misc":{"Szacowany czas czytania":"1 minuta"},"schema":{"@context":"https:\/\/schema.org","@graph":[{"@type":"WebPage","@id":"https:\/\/twchains.com\/product\/quality-guaranteed-23-5r25-tire-protection-chains-for-hot-steel-slag-plant\/","url":"https:\/\/twchains.com\/product\/quality-guaranteed-23-5r25-tire-protection-chains-for-hot-steel-slag-plant\/","name":"Quality Guaranteed 23.5r25 Tire Protection Chains for Hot Steel Slag Plant - twchains","isPartOf":{"@id":"https:\/\/twchains.com\/#website"},"primaryImageOfPage":{"@id":"https:\/\/twchains.com\/product\/quality-guaranteed-23-5r25-tire-protection-chains-for-hot-steel-slag-plant\/#primaryimage"},"image":{"@id":"https:\/\/twchains.com\/product\/quality-guaranteed-23-5r25-tire-protection-chains-for-hot-steel-slag-plant\/#primaryimage"},"thumbnailUrl":"https:\/\/twchains.com\/wp-content\/uploads\/2025\/04\/1-3.jpg","datePublished":"2025-04-25T04:20:17+00:00","dateModified":"2025-04-26T08:17:41+00:00","breadcrumb":{"@id":"https:\/\/twchains.com\/product\/quality-guaranteed-23-5r25-tire-protection-chains-for-hot-steel-slag-plant\/#breadcrumb"},"inLanguage":"pl-PL","potentialAction":[{"@type":"ReadAction","target":["https:\/\/twchains.com\/product\/quality-guaranteed-23-5r25-tire-protection-chains-for-hot-steel-slag-plant\/"]}]},{"@type":"ImageObject","inLanguage":"pl-PL","@id":"https:\/\/twchains.com\/product\/quality-guaranteed-23-5r25-tire-protection-chains-for-hot-steel-slag-plant\/#primaryimage","url":"https:\/\/twchains.com\/wp-content\/uploads\/2025\/04\/1-3.jpg","contentUrl":"https:\/\/twchains.com\/wp-content\/uploads\/2025\/04\/1-3.jpg","width":800,"height":800},{"@type":"BreadcrumbList","@id":"https:\/\/twchains.com\/product\/quality-guaranteed-23-5r25-tire-protection-chains-for-hot-steel-slag-plant\/#breadcrumb","itemListElement":[{"@type":"ListItem","position":1,"name":"Home","item":"https:\/\/twchains.com\/"},{"@type":"ListItem","position":2,"name":"Products","item":"https:\/\/twchains.com\/products\/"},{"@type":"ListItem","position":3,"name":"Quality Guaranteed 23.5r25 Tire Protection Chains for Hot Steel Slag Plant"}]},{"@type":"WebSite","@id":"https:\/\/twchains.com\/#website","url":"https:\/\/twchains.com\/","name":"twchains","description":"","publisher":{"@id":"https:\/\/twchains.com\/#organization"},"potentialAction":[{"@type":"SearchAction","target":{"@type":"EntryPoint","urlTemplate":"https:\/\/twchains.com\/?s={search_term_string}"},"query-input":{"@type":"PropertyValueSpecification","valueRequired":true,"valueName":"search_term_string"}}],"inLanguage":"pl-PL"},{"@type":"Organization","@id":"https:\/\/twchains.com\/#organization","name":"twchains","url":"https:\/\/twchains.com\/","logo":{"@type":"ImageObject","inLanguage":"pl-PL","@id":"https:\/\/twchains.com\/#\/schema\/logo\/image\/","url":"https:\/\/twchains.com\/wp-content\/uploads\/2025\/04\/tongwei-logo-100.svg","contentUrl":"https:\/\/twchains.com\/wp-content\/uploads\/2025\/04\/tongwei-logo-100.svg","width":128,"height":100,"caption":"twchains"},"image":{"@id":"https:\/\/twchains.com\/#\/schema\/logo\/image\/"}}]}},"_links":{"self":[{"href":"https:\/\/twchains.com\/pl\/wp-json\/wp\/v2\/product\/630","targetHints":{"allow":["GET"]}}],"collection":[{"href":"https:\/\/twchains.com\/pl\/wp-json\/wp\/v2\/product"}],"about":[{"href":"https:\/\/twchains.com\/pl\/wp-json\/wp\/v2\/types\/product"}],"wp:featuredmedia":[{"embeddable":true,"href":"https:\/\/twchains.com\/pl\/wp-json\/wp\/v2\/media\/631"}],"wp:attachment":[{"href":"https:\/\/twchains.com\/pl\/wp-json\/wp\/v2\/media?parent=630"}],"wp:term":[{"taxonomy":"product_brand","embeddable":true,"href":"https:\/\/twchains.com\/pl\/wp-json\/wp\/v2\/product_brand?post=630"},{"taxonomy":"product_cat","embeddable":true,"href":"https:\/\/twchains.com\/pl\/wp-json\/wp\/v2\/product_cat?post=630"},{"taxonomy":"product_tag","embeddable":true,"href":"https:\/\/twchains.com\/pl\/wp-json\/wp\/v2\/product_tag?post=630"}],"curies":[{"name":"wp","href":"https:\/\/api.w.org\/{rel}","templated":true}]}}