{"id":649,"date":"2025-04-26T07:48:34","date_gmt":"2025-04-26T07:48:34","guid":{"rendered":"https:\/\/twchains.com\/?post_type=product&#038;p=649"},"modified":"2025-04-26T08:18:07","modified_gmt":"2025-04-26T08:18:07","slug":"manufacturer-of-loader-tyre-protector-chain-26-5r25-for-steel-mill","status":"publish","type":"product","link":"https:\/\/twchains.com\/pl\/produkt\/manufacturer-of-loader-tyre-protector-chain-26-5r25-for-steel-mill\/","title":{"rendered":"Producent \u0142a\u0144cucha ochronnego opony \u0142adowarki 26.5r25 dla huty stali"},"content":{"rendered":"<p>W og\u00f3lnych \u015brodowiskach pracy, takich jak gor\u0105cy \u017cu\u017cel stalowy i fabryka stali, szyfrowany blokowy \u0142a\u0144cuch ochronny opony ma dobr\u0105 wydajno\u015b\u0107. Jednak zgodnie z analiz\u0105 przypadku, wersja wzmocniona pier\u015bcieniem 16 mm modelu Yuanbao odpornego na zu\u017cycie i wersja wzmocniona pier\u015bcieniem 18 r\u00f3wnie\u017c maj\u0105 dobre opinie.<br \/>\nChocia\u017c wzmocniony pier\u015bcieniem 16 mm odporny na zu\u017cycie model kr\u00f3la nie ma takiej szeroko\u015bci i d\u0142ugo\u015bci jak model zaszyfrowanego bloku, odporna na zu\u017cycie grubo\u015b\u0107 powierzchni g\u0142\u00f3wnego elementu jest bardzo korzystna. W por\u00f3wnaniu z szyfrowanym blokiem pier\u015bcienia 18 mm, ma lepsz\u0105 przewag\u0119 cenow\u0105. Coraz bardziej popularny na rynkach RPA, Rosji i Wietnamu.<\/p>\n<p>Obowi\u0105zuj\u0105ce scenariusze: transport \u017cu\u017cla stalowego o \u015bredniej i wysokiej cz\u0119stotliwo\u015bci, ci\u0119\u017ckie \u0142adunki na kr\u00f3tkich dystansach.<br \/>\nOpinie u\u017cytkownik\u00f3w: Doskona\u0142a odporno\u015b\u0107 na zu\u017cycie, ale lokalne ogniwa \u0142a\u0144cucha s\u0105 podatne na odkszta\u0142cenia w ekstremalnie wysokich temperaturach (&gt;800 \u2103).<\/p>\n<p>#turcja\u0142a\u0144cuchy#rusiatiatirechains#vietnamprotectorchain#loaderparts#welloader#protectorchain#tyreprotector<\/p>","protected":false},"excerpt":{"rendered":"<ul>\n<li>Sprzeda\u017c bezpo\u015brednia<\/li>\n<li>OEM\/ODM<\/li>\n<\/ul>","protected":false},"featured_media":633,"template":"","meta":{"inline_featured_image":false,"_kad_post_transparent":"default","_kad_post_title":"","_kad_post_layout":"default","_kad_post_sidebar_id":"","_kad_post_content_style":"default","_kad_post_vertical_padding":"default","_kad_post_feature":"","_kad_post_feature_position":"","_kad_post_header":false,"_kad_post_footer":false},"product_brand":[],"product_cat":[15,27,26],"product_tag":[],"class_list":{"0":"post-649","1":"product","2":"type-product","3":"status-publish","4":"has-post-thumbnail","6":"product_cat-tyre-protection-chain","7":"product_cat-encryption","8":"product_cat-reinforced","10":"first","11":"instock","12":"shipping-taxable","13":"product-type-simple","14":"entry","15":"content-bg","16":"loop-entry"},"yoast_head":"<!-- This site is optimized with the Yoast SEO plugin v25.4 - https:\/\/yoast.com\/wordpress\/plugins\/seo\/ -->\n<title>Manufacturer of Loader Tyre Protector Chain 26.5r25 for Steel Mill - twchains<\/title>\n<meta name=\"robots\" content=\"index, follow, max-snippet:-1, max-image-preview:large, max-video-preview:-1\" \/>\n<link rel=\"canonical\" href=\"https:\/\/twchains.com\/pl\/produkt\/manufacturer-of-loader-tyre-protector-chain-26-5r25-for-steel-mill\/\" \/>\n<meta property=\"og:locale\" content=\"pl_PL\" \/>\n<meta property=\"og:type\" content=\"article\" \/>\n<meta property=\"og:title\" content=\"Manufacturer of Loader Tyre Protector Chain 26.5r25 for Steel Mill - twchains\" \/>\n<meta property=\"og:description\" content=\"Direct Sales  OEM\/ODM\" \/>\n<meta property=\"og:url\" content=\"https:\/\/twchains.com\/pl\/produkt\/manufacturer-of-loader-tyre-protector-chain-26-5r25-for-steel-mill\/\" \/>\n<meta property=\"og:site_name\" content=\"twchains\" \/>\n<meta property=\"article:modified_time\" content=\"2025-04-26T08:18:07+00:00\" \/>\n<meta property=\"og:image\" content=\"https:\/\/twchains.com\/wp-content\/uploads\/2025\/04\/4.png\" \/>\n\t<meta property=\"og:image:width\" content=\"495\" \/>\n\t<meta property=\"og:image:height\" content=\"317\" \/>\n\t<meta property=\"og:image:type\" content=\"image\/png\" \/>\n<meta name=\"twitter:card\" content=\"summary_large_image\" \/>\n<meta name=\"twitter:label1\" content=\"Szacowany czas czytania\" \/>\n\t<meta name=\"twitter:data1\" content=\"1 minuta\" \/>\n<script type=\"application\/ld+json\" class=\"yoast-schema-graph\">{\"@context\":\"https:\/\/schema.org\",\"@graph\":[{\"@type\":\"WebPage\",\"@id\":\"https:\/\/twchains.com\/product\/manufacturer-of-loader-tyre-protector-chain-26-5r25-for-steel-mill\/\",\"url\":\"https:\/\/twchains.com\/product\/manufacturer-of-loader-tyre-protector-chain-26-5r25-for-steel-mill\/\",\"name\":\"Manufacturer of Loader Tyre Protector Chain 26.5r25 for Steel Mill - twchains\",\"isPartOf\":{\"@id\":\"https:\/\/twchains.com\/#website\"},\"primaryImageOfPage\":{\"@id\":\"https:\/\/twchains.com\/product\/manufacturer-of-loader-tyre-protector-chain-26-5r25-for-steel-mill\/#primaryimage\"},\"image\":{\"@id\":\"https:\/\/twchains.com\/product\/manufacturer-of-loader-tyre-protector-chain-26-5r25-for-steel-mill\/#primaryimage\"},\"thumbnailUrl\":\"https:\/\/twchains.com\/wp-content\/uploads\/2025\/04\/4.png\",\"datePublished\":\"2025-04-26T07:48:34+00:00\",\"dateModified\":\"2025-04-26T08:18:07+00:00\",\"breadcrumb\":{\"@id\":\"https:\/\/twchains.com\/product\/manufacturer-of-loader-tyre-protector-chain-26-5r25-for-steel-mill\/#breadcrumb\"},\"inLanguage\":\"pl-PL\",\"potentialAction\":[{\"@type\":\"ReadAction\",\"target\":[\"https:\/\/twchains.com\/product\/manufacturer-of-loader-tyre-protector-chain-26-5r25-for-steel-mill\/\"]}]},{\"@type\":\"ImageObject\",\"inLanguage\":\"pl-PL\",\"@id\":\"https:\/\/twchains.com\/product\/manufacturer-of-loader-tyre-protector-chain-26-5r25-for-steel-mill\/#primaryimage\",\"url\":\"https:\/\/twchains.com\/wp-content\/uploads\/2025\/04\/4.png\",\"contentUrl\":\"https:\/\/twchains.com\/wp-content\/uploads\/2025\/04\/4.png\",\"width\":495,\"height\":317},{\"@type\":\"BreadcrumbList\",\"@id\":\"https:\/\/twchains.com\/product\/manufacturer-of-loader-tyre-protector-chain-26-5r25-for-steel-mill\/#breadcrumb\",\"itemListElement\":[{\"@type\":\"ListItem\",\"position\":1,\"name\":\"Home\",\"item\":\"https:\/\/twchains.com\/\"},{\"@type\":\"ListItem\",\"position\":2,\"name\":\"Products\",\"item\":\"https:\/\/twchains.com\/products\/\"},{\"@type\":\"ListItem\",\"position\":3,\"name\":\"Manufacturer of Loader Tyre Protector Chain 26.5r25 for Steel Mill\"}]},{\"@type\":\"WebSite\",\"@id\":\"https:\/\/twchains.com\/#website\",\"url\":\"https:\/\/twchains.com\/\",\"name\":\"twchains\",\"description\":\"\",\"publisher\":{\"@id\":\"https:\/\/twchains.com\/#organization\"},\"potentialAction\":[{\"@type\":\"SearchAction\",\"target\":{\"@type\":\"EntryPoint\",\"urlTemplate\":\"https:\/\/twchains.com\/?s={search_term_string}\"},\"query-input\":{\"@type\":\"PropertyValueSpecification\",\"valueRequired\":true,\"valueName\":\"search_term_string\"}}],\"inLanguage\":\"pl-PL\"},{\"@type\":\"Organization\",\"@id\":\"https:\/\/twchains.com\/#organization\",\"name\":\"twchains\",\"url\":\"https:\/\/twchains.com\/\",\"logo\":{\"@type\":\"ImageObject\",\"inLanguage\":\"pl-PL\",\"@id\":\"https:\/\/twchains.com\/#\/schema\/logo\/image\/\",\"url\":\"https:\/\/twchains.com\/wp-content\/uploads\/2025\/04\/tongwei-logo-100.svg\",\"contentUrl\":\"https:\/\/twchains.com\/wp-content\/uploads\/2025\/04\/tongwei-logo-100.svg\",\"width\":128,\"height\":100,\"caption\":\"twchains\"},\"image\":{\"@id\":\"https:\/\/twchains.com\/#\/schema\/logo\/image\/\"}}]}<\/script>\n<!-- \/ Yoast SEO plugin. -->","yoast_head_json":{"title":"Manufacturer of Loader Tyre Protector Chain 26.5r25 for Steel Mill - twchains","robots":{"index":"index","follow":"follow","max-snippet":"max-snippet:-1","max-image-preview":"max-image-preview:large","max-video-preview":"max-video-preview:-1"},"canonical":"https:\/\/twchains.com\/pl\/produkt\/manufacturer-of-loader-tyre-protector-chain-26-5r25-for-steel-mill\/","og_locale":"pl_PL","og_type":"article","og_title":"Manufacturer of Loader Tyre Protector Chain 26.5r25 for Steel Mill - twchains","og_description":"Direct Sales  OEM\/ODM","og_url":"https:\/\/twchains.com\/pl\/produkt\/manufacturer-of-loader-tyre-protector-chain-26-5r25-for-steel-mill\/","og_site_name":"twchains","article_modified_time":"2025-04-26T08:18:07+00:00","og_image":[{"width":495,"height":317,"url":"https:\/\/twchains.com\/wp-content\/uploads\/2025\/04\/4.png","type":"image\/png"}],"twitter_card":"summary_large_image","twitter_misc":{"Szacowany czas czytania":"1 minuta"},"schema":{"@context":"https:\/\/schema.org","@graph":[{"@type":"WebPage","@id":"https:\/\/twchains.com\/product\/manufacturer-of-loader-tyre-protector-chain-26-5r25-for-steel-mill\/","url":"https:\/\/twchains.com\/product\/manufacturer-of-loader-tyre-protector-chain-26-5r25-for-steel-mill\/","name":"Manufacturer of Loader Tyre Protector Chain 26.5r25 for Steel Mill - twchains","isPartOf":{"@id":"https:\/\/twchains.com\/#website"},"primaryImageOfPage":{"@id":"https:\/\/twchains.com\/product\/manufacturer-of-loader-tyre-protector-chain-26-5r25-for-steel-mill\/#primaryimage"},"image":{"@id":"https:\/\/twchains.com\/product\/manufacturer-of-loader-tyre-protector-chain-26-5r25-for-steel-mill\/#primaryimage"},"thumbnailUrl":"https:\/\/twchains.com\/wp-content\/uploads\/2025\/04\/4.png","datePublished":"2025-04-26T07:48:34+00:00","dateModified":"2025-04-26T08:18:07+00:00","breadcrumb":{"@id":"https:\/\/twchains.com\/product\/manufacturer-of-loader-tyre-protector-chain-26-5r25-for-steel-mill\/#breadcrumb"},"inLanguage":"pl-PL","potentialAction":[{"@type":"ReadAction","target":["https:\/\/twchains.com\/product\/manufacturer-of-loader-tyre-protector-chain-26-5r25-for-steel-mill\/"]}]},{"@type":"ImageObject","inLanguage":"pl-PL","@id":"https:\/\/twchains.com\/product\/manufacturer-of-loader-tyre-protector-chain-26-5r25-for-steel-mill\/#primaryimage","url":"https:\/\/twchains.com\/wp-content\/uploads\/2025\/04\/4.png","contentUrl":"https:\/\/twchains.com\/wp-content\/uploads\/2025\/04\/4.png","width":495,"height":317},{"@type":"BreadcrumbList","@id":"https:\/\/twchains.com\/product\/manufacturer-of-loader-tyre-protector-chain-26-5r25-for-steel-mill\/#breadcrumb","itemListElement":[{"@type":"ListItem","position":1,"name":"Home","item":"https:\/\/twchains.com\/"},{"@type":"ListItem","position":2,"name":"Products","item":"https:\/\/twchains.com\/products\/"},{"@type":"ListItem","position":3,"name":"Manufacturer of Loader Tyre Protector Chain 26.5r25 for Steel Mill"}]},{"@type":"WebSite","@id":"https:\/\/twchains.com\/#website","url":"https:\/\/twchains.com\/","name":"twchains","description":"","publisher":{"@id":"https:\/\/twchains.com\/#organization"},"potentialAction":[{"@type":"SearchAction","target":{"@type":"EntryPoint","urlTemplate":"https:\/\/twchains.com\/?s={search_term_string}"},"query-input":{"@type":"PropertyValueSpecification","valueRequired":true,"valueName":"search_term_string"}}],"inLanguage":"pl-PL"},{"@type":"Organization","@id":"https:\/\/twchains.com\/#organization","name":"twchains","url":"https:\/\/twchains.com\/","logo":{"@type":"ImageObject","inLanguage":"pl-PL","@id":"https:\/\/twchains.com\/#\/schema\/logo\/image\/","url":"https:\/\/twchains.com\/wp-content\/uploads\/2025\/04\/tongwei-logo-100.svg","contentUrl":"https:\/\/twchains.com\/wp-content\/uploads\/2025\/04\/tongwei-logo-100.svg","width":128,"height":100,"caption":"twchains"},"image":{"@id":"https:\/\/twchains.com\/#\/schema\/logo\/image\/"}}]}},"_links":{"self":[{"href":"https:\/\/twchains.com\/pl\/wp-json\/wp\/v2\/product\/649","targetHints":{"allow":["GET"]}}],"collection":[{"href":"https:\/\/twchains.com\/pl\/wp-json\/wp\/v2\/product"}],"about":[{"href":"https:\/\/twchains.com\/pl\/wp-json\/wp\/v2\/types\/product"}],"wp:featuredmedia":[{"embeddable":true,"href":"https:\/\/twchains.com\/pl\/wp-json\/wp\/v2\/media\/633"}],"wp:attachment":[{"href":"https:\/\/twchains.com\/pl\/wp-json\/wp\/v2\/media?parent=649"}],"wp:term":[{"taxonomy":"product_brand","embeddable":true,"href":"https:\/\/twchains.com\/pl\/wp-json\/wp\/v2\/product_brand?post=649"},{"taxonomy":"product_cat","embeddable":true,"href":"https:\/\/twchains.com\/pl\/wp-json\/wp\/v2\/product_cat?post=649"},{"taxonomy":"product_tag","embeddable":true,"href":"https:\/\/twchains.com\/pl\/wp-json\/wp\/v2\/product_tag?post=649"}],"curies":[{"name":"wp","href":"https:\/\/api.w.org\/{rel}","templated":true}]}}