{"id":653,"date":"2025-04-26T08:17:16","date_gmt":"2025-04-26T08:17:16","guid":{"rendered":"https:\/\/twchains.com\/?post_type=product&#038;p=653"},"modified":"2025-04-26T08:17:16","modified_gmt":"2025-04-26T08:17:16","slug":"35-65r33-carbonized-tire-protection-chain-supply-to-peru-chile-distributor","status":"publish","type":"product","link":"https:\/\/twchains.com\/pl\/produkt\/35-65r33-carbonized-tire-protection-chain-supply-to-peru-chile-distributor\/","title":{"rendered":"35\/65R33 Karbonizowany \u0142a\u0144cuch ochrony opon dostarczany do dystrybutora w Peru i Chile"},"content":{"rendered":"<p>W ostatnich latach coraz wi\u0119cej klient\u00f3w decyduje si\u0119 na stosowanie technologii naw\u0119glania \u0142a\u0144cuch\u00f3w ochronnych do opon. Po naw\u0119glaniu twardo\u015b\u0107 \u0142a\u0144cuch\u00f3w ochronnych do opon mo\u017cna zwi\u0119kszy\u0107 do 23% (w por\u00f3wnaniu z uniwersalnym \u0142a\u0144cuchem ochronnym).<\/p>\n<p>1. Czym jest proces naw\u0119glania? Technologia wzmacniania powierzchni: Umieszczenie ogniw \u0142a\u0144cucha ze stali niskow\u0119glowej w piecu do naw\u0119glania i wtryskiwanie pierwiastk\u00f3w w\u0119gla w wysokich temperaturach (900-950 \u2103) w celu utworzenia warstwy utwardzaj\u0105cej o wysokiej zawarto\u015bci w\u0119gla (o grubo\u015bci 0,5-2 mm), kt\u00f3ra zachowuje wytrzyma\u0142o\u015b\u0107 wewn\u0119trzn\u0105. Wynik: Twardo\u015b\u0107 powierzchni osi\u0105ga HRC 60+ (zwyk\u0142e \u0142a\u0144cuchy maj\u0105 tylko HRC 50), odporno\u015b\u0107 na zu\u017cycie wzrasta ponad 3-krotnie, a odporno\u015b\u0107 na uderzenia pozostaje niezmieniona.<\/p>\n<p>2. G\u0142\u00f3wne zalety Super odporny na zu\u017cycie: naw\u0119glana warstwa jest odporna na bezpo\u015brednie tarcie \u017cu\u017cla stalowego i rudy, wyd\u0142u\u017caj\u0105c jego \u017cywotno\u015b\u0107 o 50% -80% w por\u00f3wnaniu do zwyk\u0142ych \u0142a\u0144cuch\u00f3w. Odporno\u015b\u0107 na zm\u0119czenie materia\u0142u: Wytrzyma\u0142o\u015b\u0107 rdzenia zapobiega kruchym p\u0119kni\u0119ciom i jest odpowiednia dla scenariuszy uderze\u0144 o wysokiej cz\u0119stotliwo\u015bci (takich jak cz\u0119ste uruchamianie i zatrzymywanie w\u00f3zk\u00f3w wid\u0142owych). Wysoka op\u0142acalno\u015b\u0107: Wydajno\u015b\u0107 jest zbli\u017cona do wysokiej klasy materia\u0142\u00f3w.<\/p>\n<p>3. Obowi\u0105zuj\u0105ce scenariusze Ekstremalne warunki zu\u017cycia: Transport gor\u0105cego \u017cu\u017cla stalowego (poni\u017cej 800 \u2103) G\u00f3rniczy chodnik \u017cwirowy Kontener portowy Ci\u0119\u017ckie maszyny.<\/p>\n<p>#protectionchain#ireprotectionchain#miningchains#quarrychains#otrtyre<\/p>","protected":false},"excerpt":{"rendered":"<ul>\n<li>Naw\u0119glanie<\/li>\n<li>Trwa\u0142o\u015b\u0107<\/li>\n<li>Obr\u00f3bka cieplna<\/li>\n<li>Gaszenie<\/li>\n<\/ul>","protected":false},"featured_media":547,"template":"","meta":{"inline_featured_image":false,"_kad_post_transparent":"default","_kad_post_title":"","_kad_post_layout":"default","_kad_post_sidebar_id":"","_kad_post_content_style":"default","_kad_post_vertical_padding":"default","_kad_post_feature":"","_kad_post_feature_position":"","_kad_post_header":false,"_kad_post_footer":false},"product_brand":[],"product_cat":[15,28,26],"product_tag":[],"class_list":{"0":"post-653","1":"product","2":"type-product","3":"status-publish","4":"has-post-thumbnail","6":"product_cat-tyre-protection-chain","7":"product_cat-heavy-duty","8":"product_cat-reinforced","10":"first","11":"instock","12":"shipping-taxable","13":"product-type-simple","14":"entry","15":"content-bg","16":"loop-entry"},"yoast_head":"<!-- This site is optimized with the Yoast SEO plugin v25.4 - https:\/\/yoast.com\/wordpress\/plugins\/seo\/ -->\n<title>35\/65R33 Carbonized Tire Protection Chain Supply To Peru &amp; Chile Distributor - twchains<\/title>\n<meta name=\"robots\" content=\"index, follow, max-snippet:-1, max-image-preview:large, max-video-preview:-1\" \/>\n<link rel=\"canonical\" href=\"https:\/\/twchains.com\/pl\/produkt\/35-65r33-carbonized-tire-protection-chain-supply-to-peru-chile-distributor\/\" \/>\n<meta property=\"og:locale\" content=\"pl_PL\" \/>\n<meta property=\"og:type\" content=\"article\" \/>\n<meta property=\"og:title\" content=\"35\/65R33 Carbonized Tire Protection Chain Supply To Peru &amp; Chile Distributor - twchains\" \/>\n<meta property=\"og:description\" content=\"Carburization  Durable  Heat-Treatment  Quench\" \/>\n<meta property=\"og:url\" content=\"https:\/\/twchains.com\/pl\/produkt\/35-65r33-carbonized-tire-protection-chain-supply-to-peru-chile-distributor\/\" \/>\n<meta property=\"og:site_name\" content=\"twchains\" \/>\n<meta property=\"og:image\" content=\"https:\/\/twchains.com\/wp-content\/uploads\/2025\/04\/18mm.png\" \/>\n\t<meta property=\"og:image:width\" content=\"1080\" \/>\n\t<meta property=\"og:image:height\" content=\"1440\" \/>\n\t<meta property=\"og:image:type\" content=\"image\/png\" \/>\n<meta name=\"twitter:card\" content=\"summary_large_image\" \/>\n<meta name=\"twitter:label1\" content=\"Szacowany czas czytania\" \/>\n\t<meta name=\"twitter:data1\" content=\"1 minuta\" \/>\n<script type=\"application\/ld+json\" class=\"yoast-schema-graph\">{\"@context\":\"https:\/\/schema.org\",\"@graph\":[{\"@type\":\"WebPage\",\"@id\":\"https:\/\/twchains.com\/product\/35-65r33-carbonized-tire-protection-chain-supply-to-peru-chile-distributor\/\",\"url\":\"https:\/\/twchains.com\/product\/35-65r33-carbonized-tire-protection-chain-supply-to-peru-chile-distributor\/\",\"name\":\"35\/65R33 Carbonized Tire Protection Chain Supply To Peru & Chile Distributor - twchains\",\"isPartOf\":{\"@id\":\"https:\/\/twchains.com\/#website\"},\"primaryImageOfPage\":{\"@id\":\"https:\/\/twchains.com\/product\/35-65r33-carbonized-tire-protection-chain-supply-to-peru-chile-distributor\/#primaryimage\"},\"image\":{\"@id\":\"https:\/\/twchains.com\/product\/35-65r33-carbonized-tire-protection-chain-supply-to-peru-chile-distributor\/#primaryimage\"},\"thumbnailUrl\":\"https:\/\/twchains.com\/wp-content\/uploads\/2025\/04\/18mm.png\",\"datePublished\":\"2025-04-26T08:17:16+00:00\",\"breadcrumb\":{\"@id\":\"https:\/\/twchains.com\/product\/35-65r33-carbonized-tire-protection-chain-supply-to-peru-chile-distributor\/#breadcrumb\"},\"inLanguage\":\"pl-PL\",\"potentialAction\":[{\"@type\":\"ReadAction\",\"target\":[\"https:\/\/twchains.com\/product\/35-65r33-carbonized-tire-protection-chain-supply-to-peru-chile-distributor\/\"]}]},{\"@type\":\"ImageObject\",\"inLanguage\":\"pl-PL\",\"@id\":\"https:\/\/twchains.com\/product\/35-65r33-carbonized-tire-protection-chain-supply-to-peru-chile-distributor\/#primaryimage\",\"url\":\"https:\/\/twchains.com\/wp-content\/uploads\/2025\/04\/18mm.png\",\"contentUrl\":\"https:\/\/twchains.com\/wp-content\/uploads\/2025\/04\/18mm.png\",\"width\":1080,\"height\":1440},{\"@type\":\"BreadcrumbList\",\"@id\":\"https:\/\/twchains.com\/product\/35-65r33-carbonized-tire-protection-chain-supply-to-peru-chile-distributor\/#breadcrumb\",\"itemListElement\":[{\"@type\":\"ListItem\",\"position\":1,\"name\":\"Home\",\"item\":\"https:\/\/twchains.com\/\"},{\"@type\":\"ListItem\",\"position\":2,\"name\":\"Products\",\"item\":\"https:\/\/twchains.com\/products\/\"},{\"@type\":\"ListItem\",\"position\":3,\"name\":\"35\/65R33 Carbonized Tire Protection Chain Supply To Peru &#038; Chile Distributor\"}]},{\"@type\":\"WebSite\",\"@id\":\"https:\/\/twchains.com\/#website\",\"url\":\"https:\/\/twchains.com\/\",\"name\":\"twchains\",\"description\":\"\",\"publisher\":{\"@id\":\"https:\/\/twchains.com\/#organization\"},\"potentialAction\":[{\"@type\":\"SearchAction\",\"target\":{\"@type\":\"EntryPoint\",\"urlTemplate\":\"https:\/\/twchains.com\/?s={search_term_string}\"},\"query-input\":{\"@type\":\"PropertyValueSpecification\",\"valueRequired\":true,\"valueName\":\"search_term_string\"}}],\"inLanguage\":\"pl-PL\"},{\"@type\":\"Organization\",\"@id\":\"https:\/\/twchains.com\/#organization\",\"name\":\"twchains\",\"url\":\"https:\/\/twchains.com\/\",\"logo\":{\"@type\":\"ImageObject\",\"inLanguage\":\"pl-PL\",\"@id\":\"https:\/\/twchains.com\/#\/schema\/logo\/image\/\",\"url\":\"https:\/\/twchains.com\/wp-content\/uploads\/2025\/04\/tongwei-logo-100.svg\",\"contentUrl\":\"https:\/\/twchains.com\/wp-content\/uploads\/2025\/04\/tongwei-logo-100.svg\",\"width\":128,\"height\":100,\"caption\":\"twchains\"},\"image\":{\"@id\":\"https:\/\/twchains.com\/#\/schema\/logo\/image\/\"}}]}<\/script>\n<!-- \/ Yoast SEO plugin. -->","yoast_head_json":{"title":"35\/65R33 Carbonized Tire Protection Chain Supply To Peru & Chile Distributor - twchains","robots":{"index":"index","follow":"follow","max-snippet":"max-snippet:-1","max-image-preview":"max-image-preview:large","max-video-preview":"max-video-preview:-1"},"canonical":"https:\/\/twchains.com\/pl\/produkt\/35-65r33-carbonized-tire-protection-chain-supply-to-peru-chile-distributor\/","og_locale":"pl_PL","og_type":"article","og_title":"35\/65R33 Carbonized Tire Protection Chain Supply To Peru & Chile Distributor - twchains","og_description":"Carburization  Durable  Heat-Treatment  Quench","og_url":"https:\/\/twchains.com\/pl\/produkt\/35-65r33-carbonized-tire-protection-chain-supply-to-peru-chile-distributor\/","og_site_name":"twchains","og_image":[{"width":1080,"height":1440,"url":"https:\/\/twchains.com\/wp-content\/uploads\/2025\/04\/18mm.png","type":"image\/png"}],"twitter_card":"summary_large_image","twitter_misc":{"Szacowany czas czytania":"1 minuta"},"schema":{"@context":"https:\/\/schema.org","@graph":[{"@type":"WebPage","@id":"https:\/\/twchains.com\/product\/35-65r33-carbonized-tire-protection-chain-supply-to-peru-chile-distributor\/","url":"https:\/\/twchains.com\/product\/35-65r33-carbonized-tire-protection-chain-supply-to-peru-chile-distributor\/","name":"35\/65R33 Carbonized Tire Protection Chain Supply To Peru & Chile Distributor - twchains","isPartOf":{"@id":"https:\/\/twchains.com\/#website"},"primaryImageOfPage":{"@id":"https:\/\/twchains.com\/product\/35-65r33-carbonized-tire-protection-chain-supply-to-peru-chile-distributor\/#primaryimage"},"image":{"@id":"https:\/\/twchains.com\/product\/35-65r33-carbonized-tire-protection-chain-supply-to-peru-chile-distributor\/#primaryimage"},"thumbnailUrl":"https:\/\/twchains.com\/wp-content\/uploads\/2025\/04\/18mm.png","datePublished":"2025-04-26T08:17:16+00:00","breadcrumb":{"@id":"https:\/\/twchains.com\/product\/35-65r33-carbonized-tire-protection-chain-supply-to-peru-chile-distributor\/#breadcrumb"},"inLanguage":"pl-PL","potentialAction":[{"@type":"ReadAction","target":["https:\/\/twchains.com\/product\/35-65r33-carbonized-tire-protection-chain-supply-to-peru-chile-distributor\/"]}]},{"@type":"ImageObject","inLanguage":"pl-PL","@id":"https:\/\/twchains.com\/product\/35-65r33-carbonized-tire-protection-chain-supply-to-peru-chile-distributor\/#primaryimage","url":"https:\/\/twchains.com\/wp-content\/uploads\/2025\/04\/18mm.png","contentUrl":"https:\/\/twchains.com\/wp-content\/uploads\/2025\/04\/18mm.png","width":1080,"height":1440},{"@type":"BreadcrumbList","@id":"https:\/\/twchains.com\/product\/35-65r33-carbonized-tire-protection-chain-supply-to-peru-chile-distributor\/#breadcrumb","itemListElement":[{"@type":"ListItem","position":1,"name":"Home","item":"https:\/\/twchains.com\/"},{"@type":"ListItem","position":2,"name":"Products","item":"https:\/\/twchains.com\/products\/"},{"@type":"ListItem","position":3,"name":"35\/65R33 Carbonized Tire Protection Chain Supply To Peru &#038; Chile Distributor"}]},{"@type":"WebSite","@id":"https:\/\/twchains.com\/#website","url":"https:\/\/twchains.com\/","name":"twchains","description":"","publisher":{"@id":"https:\/\/twchains.com\/#organization"},"potentialAction":[{"@type":"SearchAction","target":{"@type":"EntryPoint","urlTemplate":"https:\/\/twchains.com\/?s={search_term_string}"},"query-input":{"@type":"PropertyValueSpecification","valueRequired":true,"valueName":"search_term_string"}}],"inLanguage":"pl-PL"},{"@type":"Organization","@id":"https:\/\/twchains.com\/#organization","name":"twchains","url":"https:\/\/twchains.com\/","logo":{"@type":"ImageObject","inLanguage":"pl-PL","@id":"https:\/\/twchains.com\/#\/schema\/logo\/image\/","url":"https:\/\/twchains.com\/wp-content\/uploads\/2025\/04\/tongwei-logo-100.svg","contentUrl":"https:\/\/twchains.com\/wp-content\/uploads\/2025\/04\/tongwei-logo-100.svg","width":128,"height":100,"caption":"twchains"},"image":{"@id":"https:\/\/twchains.com\/#\/schema\/logo\/image\/"}}]}},"_links":{"self":[{"href":"https:\/\/twchains.com\/pl\/wp-json\/wp\/v2\/product\/653","targetHints":{"allow":["GET"]}}],"collection":[{"href":"https:\/\/twchains.com\/pl\/wp-json\/wp\/v2\/product"}],"about":[{"href":"https:\/\/twchains.com\/pl\/wp-json\/wp\/v2\/types\/product"}],"wp:featuredmedia":[{"embeddable":true,"href":"https:\/\/twchains.com\/pl\/wp-json\/wp\/v2\/media\/547"}],"wp:attachment":[{"href":"https:\/\/twchains.com\/pl\/wp-json\/wp\/v2\/media?parent=653"}],"wp:term":[{"taxonomy":"product_brand","embeddable":true,"href":"https:\/\/twchains.com\/pl\/wp-json\/wp\/v2\/product_brand?post=653"},{"taxonomy":"product_cat","embeddable":true,"href":"https:\/\/twchains.com\/pl\/wp-json\/wp\/v2\/product_cat?post=653"},{"taxonomy":"product_tag","embeddable":true,"href":"https:\/\/twchains.com\/pl\/wp-json\/wp\/v2\/product_tag?post=653"}],"curies":[{"name":"wp","href":"https:\/\/api.w.org\/{rel}","templated":true}]}}