{"id":660,"date":"2025-04-27T08:01:48","date_gmt":"2025-04-27T08:01:48","guid":{"rendered":"https:\/\/twchains.com\/?post_type=product&#038;p=660"},"modified":"2025-04-27T08:01:48","modified_gmt":"2025-04-27T08:01:48","slug":"x16mm-standard-tire-chain-protector-29-5-25-for-marble-wheel-loader","status":"publish","type":"product","link":"https:\/\/twchains.com\/pl\/produkt\/x16mm-standard-tire-chain-protector-29-5-25-for-marble-wheel-loader\/","title":{"rendered":"Standardowy ochraniacz \u0142a\u0144cucha 29,5-25 x16 mm do \u0142adowarki ko\u0142owej Marble"},"content":{"rendered":"<p>Przed wersj\u0105 wzmocnion\u0105 pier\u015bcieniem 16 mm, standardowa wersja z pier\u015bcieniem 16 mm by\u0142a bardzo popularna na rynku, poniewa\u017c cena nie jest tak wysoka jak wersja x18 mm, a jako\u015b\u0107 jest znacznie lepsza ni\u017c w przypadku \u0142a\u0144cuch\u00f3w ochronnych do opon z pier\u015bcieniem x13 mm i x14 mm. Chocia\u017c obecnie istnieje wiele r\u00f3\u017cnych styl\u00f3w \u0142a\u0144cuch\u00f3w g\u00f3rniczych do wyboru, standardowy \u0142a\u0144cuch z pier\u015bcieniem x16 mm nadal utrzymuje dobr\u0105 proporcj\u0119 na rynku.<\/p>","protected":false},"excerpt":{"rendered":"<ul>\n<li>Typ uniwersalny 16 mm<\/li>\n<li>Niski poziom wibracji + redukcja ha\u0142asu<\/li>\n<\/ul>","protected":false},"featured_media":651,"template":"","meta":{"inline_featured_image":false,"_kad_post_transparent":"default","_kad_post_title":"","_kad_post_layout":"default","_kad_post_sidebar_id":"","_kad_post_content_style":"default","_kad_post_vertical_padding":"default","_kad_post_feature":"","_kad_post_feature_position":"","_kad_post_header":false,"_kad_post_footer":false},"product_brand":[],"product_cat":[15,25],"product_tag":[],"class_list":{"0":"post-660","1":"product","2":"type-product","3":"status-publish","4":"has-post-thumbnail","6":"product_cat-tyre-protection-chain","7":"product_cat-standard","9":"first","10":"instock","11":"shipping-taxable","12":"product-type-simple","13":"entry","14":"content-bg","15":"loop-entry"},"yoast_head":"<!-- This site is optimized with the Yoast SEO plugin v25.4 - https:\/\/yoast.com\/wordpress\/plugins\/seo\/ -->\n<title>x16mm Standard Tire Chain Protector 29.5-25 for Marble Wheel Loader - twchains<\/title>\n<meta name=\"robots\" content=\"index, follow, max-snippet:-1, max-image-preview:large, max-video-preview:-1\" \/>\n<link rel=\"canonical\" href=\"https:\/\/twchains.com\/pl\/produkt\/x16mm-standard-tire-chain-protector-29-5-25-for-marble-wheel-loader\/\" \/>\n<meta property=\"og:locale\" content=\"pl_PL\" \/>\n<meta property=\"og:type\" content=\"article\" \/>\n<meta property=\"og:title\" content=\"x16mm Standard Tire Chain Protector 29.5-25 for Marble Wheel Loader - twchains\" \/>\n<meta property=\"og:description\" content=\"16mm Universal Type  Low Vibration+Noise Reduction\" \/>\n<meta property=\"og:url\" content=\"https:\/\/twchains.com\/pl\/produkt\/x16mm-standard-tire-chain-protector-29-5-25-for-marble-wheel-loader\/\" \/>\n<meta property=\"og:site_name\" content=\"twchains\" \/>\n<meta property=\"og:image\" content=\"https:\/\/twchains.com\/wp-content\/uploads\/2025\/04\/chainsmarble.jpg\" \/>\n\t<meta property=\"og:image:width\" content=\"411\" \/>\n\t<meta property=\"og:image:height\" content=\"365\" \/>\n\t<meta property=\"og:image:type\" content=\"image\/jpeg\" \/>\n<meta name=\"twitter:card\" content=\"summary_large_image\" \/>\n<meta name=\"twitter:label1\" content=\"Szacowany czas czytania\" \/>\n\t<meta name=\"twitter:data1\" content=\"1 minuta\" \/>\n<script type=\"application\/ld+json\" class=\"yoast-schema-graph\">{\"@context\":\"https:\/\/schema.org\",\"@graph\":[{\"@type\":\"WebPage\",\"@id\":\"https:\/\/twchains.com\/product\/x16mm-standard-tire-chain-protector-29-5-25-for-marble-wheel-loader\/\",\"url\":\"https:\/\/twchains.com\/product\/x16mm-standard-tire-chain-protector-29-5-25-for-marble-wheel-loader\/\",\"name\":\"x16mm Standard Tire Chain Protector 29.5-25 for Marble Wheel Loader - twchains\",\"isPartOf\":{\"@id\":\"https:\/\/twchains.com\/#website\"},\"primaryImageOfPage\":{\"@id\":\"https:\/\/twchains.com\/product\/x16mm-standard-tire-chain-protector-29-5-25-for-marble-wheel-loader\/#primaryimage\"},\"image\":{\"@id\":\"https:\/\/twchains.com\/product\/x16mm-standard-tire-chain-protector-29-5-25-for-marble-wheel-loader\/#primaryimage\"},\"thumbnailUrl\":\"https:\/\/twchains.com\/wp-content\/uploads\/2025\/04\/chainsmarble.jpg\",\"datePublished\":\"2025-04-27T08:01:48+00:00\",\"breadcrumb\":{\"@id\":\"https:\/\/twchains.com\/product\/x16mm-standard-tire-chain-protector-29-5-25-for-marble-wheel-loader\/#breadcrumb\"},\"inLanguage\":\"pl-PL\",\"potentialAction\":[{\"@type\":\"ReadAction\",\"target\":[\"https:\/\/twchains.com\/product\/x16mm-standard-tire-chain-protector-29-5-25-for-marble-wheel-loader\/\"]}]},{\"@type\":\"ImageObject\",\"inLanguage\":\"pl-PL\",\"@id\":\"https:\/\/twchains.com\/product\/x16mm-standard-tire-chain-protector-29-5-25-for-marble-wheel-loader\/#primaryimage\",\"url\":\"https:\/\/twchains.com\/wp-content\/uploads\/2025\/04\/chainsmarble.jpg\",\"contentUrl\":\"https:\/\/twchains.com\/wp-content\/uploads\/2025\/04\/chainsmarble.jpg\",\"width\":411,\"height\":365},{\"@type\":\"BreadcrumbList\",\"@id\":\"https:\/\/twchains.com\/product\/x16mm-standard-tire-chain-protector-29-5-25-for-marble-wheel-loader\/#breadcrumb\",\"itemListElement\":[{\"@type\":\"ListItem\",\"position\":1,\"name\":\"Home\",\"item\":\"https:\/\/twchains.com\/\"},{\"@type\":\"ListItem\",\"position\":2,\"name\":\"Products\",\"item\":\"https:\/\/twchains.com\/products\/\"},{\"@type\":\"ListItem\",\"position\":3,\"name\":\"x16mm Standard Tire Chain Protector 29.5-25 for Marble Wheel Loader\"}]},{\"@type\":\"WebSite\",\"@id\":\"https:\/\/twchains.com\/#website\",\"url\":\"https:\/\/twchains.com\/\",\"name\":\"twchains\",\"description\":\"\",\"publisher\":{\"@id\":\"https:\/\/twchains.com\/#organization\"},\"potentialAction\":[{\"@type\":\"SearchAction\",\"target\":{\"@type\":\"EntryPoint\",\"urlTemplate\":\"https:\/\/twchains.com\/?s={search_term_string}\"},\"query-input\":{\"@type\":\"PropertyValueSpecification\",\"valueRequired\":true,\"valueName\":\"search_term_string\"}}],\"inLanguage\":\"pl-PL\"},{\"@type\":\"Organization\",\"@id\":\"https:\/\/twchains.com\/#organization\",\"name\":\"twchains\",\"url\":\"https:\/\/twchains.com\/\",\"logo\":{\"@type\":\"ImageObject\",\"inLanguage\":\"pl-PL\",\"@id\":\"https:\/\/twchains.com\/#\/schema\/logo\/image\/\",\"url\":\"https:\/\/twchains.com\/wp-content\/uploads\/2025\/04\/tongwei-logo-100.svg\",\"contentUrl\":\"https:\/\/twchains.com\/wp-content\/uploads\/2025\/04\/tongwei-logo-100.svg\",\"width\":128,\"height\":100,\"caption\":\"twchains\"},\"image\":{\"@id\":\"https:\/\/twchains.com\/#\/schema\/logo\/image\/\"}}]}<\/script>\n<!-- \/ Yoast SEO plugin. -->","yoast_head_json":{"title":"x16mm Standard Tire Chain Protector 29.5-25 for Marble Wheel Loader - twchains","robots":{"index":"index","follow":"follow","max-snippet":"max-snippet:-1","max-image-preview":"max-image-preview:large","max-video-preview":"max-video-preview:-1"},"canonical":"https:\/\/twchains.com\/pl\/produkt\/x16mm-standard-tire-chain-protector-29-5-25-for-marble-wheel-loader\/","og_locale":"pl_PL","og_type":"article","og_title":"x16mm Standard Tire Chain Protector 29.5-25 for Marble Wheel Loader - twchains","og_description":"16mm Universal Type  Low Vibration+Noise Reduction","og_url":"https:\/\/twchains.com\/pl\/produkt\/x16mm-standard-tire-chain-protector-29-5-25-for-marble-wheel-loader\/","og_site_name":"twchains","og_image":[{"width":411,"height":365,"url":"https:\/\/twchains.com\/wp-content\/uploads\/2025\/04\/chainsmarble.jpg","type":"image\/jpeg"}],"twitter_card":"summary_large_image","twitter_misc":{"Szacowany czas czytania":"1 minuta"},"schema":{"@context":"https:\/\/schema.org","@graph":[{"@type":"WebPage","@id":"https:\/\/twchains.com\/product\/x16mm-standard-tire-chain-protector-29-5-25-for-marble-wheel-loader\/","url":"https:\/\/twchains.com\/product\/x16mm-standard-tire-chain-protector-29-5-25-for-marble-wheel-loader\/","name":"x16mm Standard Tire Chain Protector 29.5-25 for Marble Wheel Loader - twchains","isPartOf":{"@id":"https:\/\/twchains.com\/#website"},"primaryImageOfPage":{"@id":"https:\/\/twchains.com\/product\/x16mm-standard-tire-chain-protector-29-5-25-for-marble-wheel-loader\/#primaryimage"},"image":{"@id":"https:\/\/twchains.com\/product\/x16mm-standard-tire-chain-protector-29-5-25-for-marble-wheel-loader\/#primaryimage"},"thumbnailUrl":"https:\/\/twchains.com\/wp-content\/uploads\/2025\/04\/chainsmarble.jpg","datePublished":"2025-04-27T08:01:48+00:00","breadcrumb":{"@id":"https:\/\/twchains.com\/product\/x16mm-standard-tire-chain-protector-29-5-25-for-marble-wheel-loader\/#breadcrumb"},"inLanguage":"pl-PL","potentialAction":[{"@type":"ReadAction","target":["https:\/\/twchains.com\/product\/x16mm-standard-tire-chain-protector-29-5-25-for-marble-wheel-loader\/"]}]},{"@type":"ImageObject","inLanguage":"pl-PL","@id":"https:\/\/twchains.com\/product\/x16mm-standard-tire-chain-protector-29-5-25-for-marble-wheel-loader\/#primaryimage","url":"https:\/\/twchains.com\/wp-content\/uploads\/2025\/04\/chainsmarble.jpg","contentUrl":"https:\/\/twchains.com\/wp-content\/uploads\/2025\/04\/chainsmarble.jpg","width":411,"height":365},{"@type":"BreadcrumbList","@id":"https:\/\/twchains.com\/product\/x16mm-standard-tire-chain-protector-29-5-25-for-marble-wheel-loader\/#breadcrumb","itemListElement":[{"@type":"ListItem","position":1,"name":"Home","item":"https:\/\/twchains.com\/"},{"@type":"ListItem","position":2,"name":"Products","item":"https:\/\/twchains.com\/products\/"},{"@type":"ListItem","position":3,"name":"x16mm Standard Tire Chain Protector 29.5-25 for Marble Wheel Loader"}]},{"@type":"WebSite","@id":"https:\/\/twchains.com\/#website","url":"https:\/\/twchains.com\/","name":"twchains","description":"","publisher":{"@id":"https:\/\/twchains.com\/#organization"},"potentialAction":[{"@type":"SearchAction","target":{"@type":"EntryPoint","urlTemplate":"https:\/\/twchains.com\/?s={search_term_string}"},"query-input":{"@type":"PropertyValueSpecification","valueRequired":true,"valueName":"search_term_string"}}],"inLanguage":"pl-PL"},{"@type":"Organization","@id":"https:\/\/twchains.com\/#organization","name":"twchains","url":"https:\/\/twchains.com\/","logo":{"@type":"ImageObject","inLanguage":"pl-PL","@id":"https:\/\/twchains.com\/#\/schema\/logo\/image\/","url":"https:\/\/twchains.com\/wp-content\/uploads\/2025\/04\/tongwei-logo-100.svg","contentUrl":"https:\/\/twchains.com\/wp-content\/uploads\/2025\/04\/tongwei-logo-100.svg","width":128,"height":100,"caption":"twchains"},"image":{"@id":"https:\/\/twchains.com\/#\/schema\/logo\/image\/"}}]}},"_links":{"self":[{"href":"https:\/\/twchains.com\/pl\/wp-json\/wp\/v2\/product\/660","targetHints":{"allow":["GET"]}}],"collection":[{"href":"https:\/\/twchains.com\/pl\/wp-json\/wp\/v2\/product"}],"about":[{"href":"https:\/\/twchains.com\/pl\/wp-json\/wp\/v2\/types\/product"}],"wp:featuredmedia":[{"embeddable":true,"href":"https:\/\/twchains.com\/pl\/wp-json\/wp\/v2\/media\/651"}],"wp:attachment":[{"href":"https:\/\/twchains.com\/pl\/wp-json\/wp\/v2\/media?parent=660"}],"wp:term":[{"taxonomy":"product_brand","embeddable":true,"href":"https:\/\/twchains.com\/pl\/wp-json\/wp\/v2\/product_brand?post=660"},{"taxonomy":"product_cat","embeddable":true,"href":"https:\/\/twchains.com\/pl\/wp-json\/wp\/v2\/product_cat?post=660"},{"taxonomy":"product_tag","embeddable":true,"href":"https:\/\/twchains.com\/pl\/wp-json\/wp\/v2\/product_tag?post=660"}],"curies":[{"name":"wp","href":"https:\/\/api.w.org\/{rel}","templated":true}]}}