{"id":846,"date":"2025-05-14T08:08:42","date_gmt":"2025-05-14T08:08:42","guid":{"rendered":"https:\/\/twchains.com\/?post_type=product&#038;p=846"},"modified":"2025-05-14T08:27:03","modified_gmt":"2025-05-14T08:27:03","slug":"23-5-25-ice-resistant-and-wear-resistant-protective-traction-chain","status":"publish","type":"product","link":"https:\/\/twchains.com\/pl\/produkt\/23-5-25-ice-resistant-and-wear-resistant-protective-traction-chain\/","title":{"rendered":"23,5-25 Odporny na l\u00f3d i zu\u017cycie \u0142a\u0144cuch trakcyjny ochronny"},"content":{"rendered":"<p>W p\u00f3\u0142nocno-wschodnich Chinach ka\u017cdej zimy mamy grup\u0119 klient\u00f3w, kt\u00f3rzy pracuj\u0105 g\u0142\u00f3wnie na drogach, gdzie si\u0142a wiatru jest wykorzystywana do wypychania \u015bniegu w g\u00f3ry. Pocz\u0105tkowo klienci byli bardziej zaniepokojeni cen\u0105 i wybrali standardowy \u0142a\u0144cuch antypo\u015blizgowy z pier\u015bcieniem 12 mm do opon 23,5-25. Do 2023 r. klient pyta\u0142 o wzmocnion\u0105 wersj\u0119 \u0142a\u0144cucha antypo\u015blizgowego z pier\u015bcieniem 16 mm. Po zakupie czterech z nich jako\u015b\u0107 opinii by\u0142a bardzo dobra. \u0141a\u0144cuch antypo\u015blizgowy z 16 pier\u015bcieniami jest trwalszy, a konstrukcja z\u0105bkowana sprawia, \u017ce przyczepno\u015b\u0107 jest silniejsza, a efekt antypo\u015blizgowy lepszy.<\/p>\n<p>\u0141a\u0144cuch antypo\u015blizgowy z pier\u015bcieniem z\u0119batym o \u015brednicy 16 mm by\u0142 w ostatnich latach eksportowany do Rosji, Europy, Ameryki P\u00f3\u0142nocnej i innych miejsc, staj\u0105c si\u0119 coraz bardziej popularny i mile widziany przez klient\u00f3w na ca\u0142ym \u015bwiecie.<\/p>\n<p>Od 2019 roku posiadamy certyfikat systemu zarz\u0105dzania jako\u015bci\u0105 ISO9001, a tak\u017ce poddajemy si\u0119 specjalnej obr\u00f3bce cieplnej i ch\u0142odzeniu podczas procesu produkcyjnego, co jest kluczowym krokiem. Przed wysy\u0142k\u0105 losowo sprawdzimy test wytrzyma\u0142o\u015bci na rozci\u0105ganie \u0142a\u0144cucha ochronnego opony. Gdy wszystkie dane spe\u0142ni\u0105 normy, zorganizujemy oczekiwanie na transport w magazynie.<\/p>\n<p>#\u0142a\u0144cuch trakcyjny#\u0142a\u0144cuch ochronny#23.5-25#\u0142a\u0144cuchy \u015bniegowe<\/p>","protected":false},"excerpt":{"rendered":"<ul>\n<li>Certyfikat ISO 9001-2015<\/li>\n<li>Obr\u00f3bka cieplna i ch\u0142odzenie<\/li>\n<\/ul>","protected":false},"featured_media":849,"template":"","meta":{"inline_featured_image":false,"_kad_post_transparent":"default","_kad_post_title":"","_kad_post_layout":"default","_kad_post_sidebar_id":"","_kad_post_content_style":"default","_kad_post_vertical_padding":"default","_kad_post_feature":"","_kad_post_feature_position":"","_kad_post_header":false,"_kad_post_footer":false},"product_brand":[],"product_cat":[24,30],"product_tag":[],"class_list":{"0":"post-846","1":"product","2":"type-product","3":"status-publish","4":"has-post-thumbnail","6":"product_cat-anti-skid-tire-chains","7":"product_cat-loader-grader-tire-chain","9":"first","10":"instock","11":"shipping-taxable","12":"product-type-simple","13":"entry","14":"content-bg","15":"loop-entry"},"yoast_head":"<!-- This site is optimized with the Yoast SEO plugin v25.4 - https:\/\/yoast.com\/wordpress\/plugins\/seo\/ -->\n<title>23.5-25 Ice Resistant and Wear-Resistant Protective Traction Chain - twchains<\/title>\n<meta name=\"robots\" content=\"index, follow, max-snippet:-1, max-image-preview:large, max-video-preview:-1\" \/>\n<link rel=\"canonical\" href=\"https:\/\/twchains.com\/pl\/produkt\/23-5-25-ice-resistant-and-wear-resistant-protective-traction-chain\/\" \/>\n<meta property=\"og:locale\" content=\"pl_PL\" \/>\n<meta property=\"og:type\" content=\"article\" \/>\n<meta property=\"og:title\" content=\"23.5-25 Ice Resistant and Wear-Resistant Protective Traction Chain - twchains\" \/>\n<meta property=\"og:description\" content=\"ISO 9001-2015 Certificate  Heat Treatment &amp; Chilling\" \/>\n<meta property=\"og:url\" content=\"https:\/\/twchains.com\/pl\/produkt\/23-5-25-ice-resistant-and-wear-resistant-protective-traction-chain\/\" \/>\n<meta property=\"og:site_name\" content=\"twchains\" \/>\n<meta property=\"article:modified_time\" content=\"2025-05-14T08:27:03+00:00\" \/>\n<meta property=\"og:image\" content=\"https:\/\/twchains.com\/wp-content\/uploads\/2025\/05\/anti-skid-traction-chains-for-26.5-25-otr-mining-tyre.jpg\" \/>\n\t<meta property=\"og:image:width\" content=\"1080\" \/>\n\t<meta property=\"og:image:height\" content=\"1080\" \/>\n\t<meta property=\"og:image:type\" content=\"image\/jpeg\" \/>\n<meta name=\"twitter:card\" content=\"summary_large_image\" \/>\n<meta name=\"twitter:label1\" content=\"Szacowany czas czytania\" \/>\n\t<meta name=\"twitter:data1\" content=\"2 minuty\" \/>\n<script type=\"application\/ld+json\" class=\"yoast-schema-graph\">{\"@context\":\"https:\/\/schema.org\",\"@graph\":[{\"@type\":\"WebPage\",\"@id\":\"https:\/\/twchains.com\/product\/23-5-25-ice-resistant-and-wear-resistant-protective-traction-chain\/\",\"url\":\"https:\/\/twchains.com\/product\/23-5-25-ice-resistant-and-wear-resistant-protective-traction-chain\/\",\"name\":\"23.5-25 Ice Resistant and Wear-Resistant Protective Traction Chain - twchains\",\"isPartOf\":{\"@id\":\"https:\/\/twchains.com\/#website\"},\"primaryImageOfPage\":{\"@id\":\"https:\/\/twchains.com\/product\/23-5-25-ice-resistant-and-wear-resistant-protective-traction-chain\/#primaryimage\"},\"image\":{\"@id\":\"https:\/\/twchains.com\/product\/23-5-25-ice-resistant-and-wear-resistant-protective-traction-chain\/#primaryimage\"},\"thumbnailUrl\":\"https:\/\/twchains.com\/wp-content\/uploads\/2025\/05\/anti-skid-traction-chains-for-26.5-25-otr-mining-tyre.jpg\",\"datePublished\":\"2025-05-14T08:08:42+00:00\",\"dateModified\":\"2025-05-14T08:27:03+00:00\",\"breadcrumb\":{\"@id\":\"https:\/\/twchains.com\/product\/23-5-25-ice-resistant-and-wear-resistant-protective-traction-chain\/#breadcrumb\"},\"inLanguage\":\"pl-PL\",\"potentialAction\":[{\"@type\":\"ReadAction\",\"target\":[\"https:\/\/twchains.com\/product\/23-5-25-ice-resistant-and-wear-resistant-protective-traction-chain\/\"]}]},{\"@type\":\"ImageObject\",\"inLanguage\":\"pl-PL\",\"@id\":\"https:\/\/twchains.com\/product\/23-5-25-ice-resistant-and-wear-resistant-protective-traction-chain\/#primaryimage\",\"url\":\"https:\/\/twchains.com\/wp-content\/uploads\/2025\/05\/anti-skid-traction-chains-for-26.5-25-otr-mining-tyre.jpg\",\"contentUrl\":\"https:\/\/twchains.com\/wp-content\/uploads\/2025\/05\/anti-skid-traction-chains-for-26.5-25-otr-mining-tyre.jpg\",\"width\":1080,\"height\":1080},{\"@type\":\"BreadcrumbList\",\"@id\":\"https:\/\/twchains.com\/product\/23-5-25-ice-resistant-and-wear-resistant-protective-traction-chain\/#breadcrumb\",\"itemListElement\":[{\"@type\":\"ListItem\",\"position\":1,\"name\":\"Home\",\"item\":\"https:\/\/twchains.com\/\"},{\"@type\":\"ListItem\",\"position\":2,\"name\":\"Products\",\"item\":\"https:\/\/twchains.com\/products\/\"},{\"@type\":\"ListItem\",\"position\":3,\"name\":\"23.5-25 Ice Resistant and Wear-Resistant Protective Traction Chain\"}]},{\"@type\":\"WebSite\",\"@id\":\"https:\/\/twchains.com\/#website\",\"url\":\"https:\/\/twchains.com\/\",\"name\":\"twchains\",\"description\":\"\",\"publisher\":{\"@id\":\"https:\/\/twchains.com\/#organization\"},\"potentialAction\":[{\"@type\":\"SearchAction\",\"target\":{\"@type\":\"EntryPoint\",\"urlTemplate\":\"https:\/\/twchains.com\/?s={search_term_string}\"},\"query-input\":{\"@type\":\"PropertyValueSpecification\",\"valueRequired\":true,\"valueName\":\"search_term_string\"}}],\"inLanguage\":\"pl-PL\"},{\"@type\":\"Organization\",\"@id\":\"https:\/\/twchains.com\/#organization\",\"name\":\"twchains\",\"url\":\"https:\/\/twchains.com\/\",\"logo\":{\"@type\":\"ImageObject\",\"inLanguage\":\"pl-PL\",\"@id\":\"https:\/\/twchains.com\/#\/schema\/logo\/image\/\",\"url\":\"https:\/\/twchains.com\/wp-content\/uploads\/2025\/04\/tongwei-logo-100.svg\",\"contentUrl\":\"https:\/\/twchains.com\/wp-content\/uploads\/2025\/04\/tongwei-logo-100.svg\",\"width\":128,\"height\":100,\"caption\":\"twchains\"},\"image\":{\"@id\":\"https:\/\/twchains.com\/#\/schema\/logo\/image\/\"}}]}<\/script>\n<!-- \/ Yoast SEO plugin. -->","yoast_head_json":{"title":"23.5-25 Ice Resistant and Wear-Resistant Protective Traction Chain - twchains","robots":{"index":"index","follow":"follow","max-snippet":"max-snippet:-1","max-image-preview":"max-image-preview:large","max-video-preview":"max-video-preview:-1"},"canonical":"https:\/\/twchains.com\/pl\/produkt\/23-5-25-ice-resistant-and-wear-resistant-protective-traction-chain\/","og_locale":"pl_PL","og_type":"article","og_title":"23.5-25 Ice Resistant and Wear-Resistant Protective Traction Chain - twchains","og_description":"ISO 9001-2015 Certificate  Heat Treatment &amp; Chilling","og_url":"https:\/\/twchains.com\/pl\/produkt\/23-5-25-ice-resistant-and-wear-resistant-protective-traction-chain\/","og_site_name":"twchains","article_modified_time":"2025-05-14T08:27:03+00:00","og_image":[{"width":1080,"height":1080,"url":"https:\/\/twchains.com\/wp-content\/uploads\/2025\/05\/anti-skid-traction-chains-for-26.5-25-otr-mining-tyre.jpg","type":"image\/jpeg"}],"twitter_card":"summary_large_image","twitter_misc":{"Szacowany czas czytania":"2 minuty"},"schema":{"@context":"https:\/\/schema.org","@graph":[{"@type":"WebPage","@id":"https:\/\/twchains.com\/product\/23-5-25-ice-resistant-and-wear-resistant-protective-traction-chain\/","url":"https:\/\/twchains.com\/product\/23-5-25-ice-resistant-and-wear-resistant-protective-traction-chain\/","name":"23.5-25 Ice Resistant and Wear-Resistant Protective Traction Chain - twchains","isPartOf":{"@id":"https:\/\/twchains.com\/#website"},"primaryImageOfPage":{"@id":"https:\/\/twchains.com\/product\/23-5-25-ice-resistant-and-wear-resistant-protective-traction-chain\/#primaryimage"},"image":{"@id":"https:\/\/twchains.com\/product\/23-5-25-ice-resistant-and-wear-resistant-protective-traction-chain\/#primaryimage"},"thumbnailUrl":"https:\/\/twchains.com\/wp-content\/uploads\/2025\/05\/anti-skid-traction-chains-for-26.5-25-otr-mining-tyre.jpg","datePublished":"2025-05-14T08:08:42+00:00","dateModified":"2025-05-14T08:27:03+00:00","breadcrumb":{"@id":"https:\/\/twchains.com\/product\/23-5-25-ice-resistant-and-wear-resistant-protective-traction-chain\/#breadcrumb"},"inLanguage":"pl-PL","potentialAction":[{"@type":"ReadAction","target":["https:\/\/twchains.com\/product\/23-5-25-ice-resistant-and-wear-resistant-protective-traction-chain\/"]}]},{"@type":"ImageObject","inLanguage":"pl-PL","@id":"https:\/\/twchains.com\/product\/23-5-25-ice-resistant-and-wear-resistant-protective-traction-chain\/#primaryimage","url":"https:\/\/twchains.com\/wp-content\/uploads\/2025\/05\/anti-skid-traction-chains-for-26.5-25-otr-mining-tyre.jpg","contentUrl":"https:\/\/twchains.com\/wp-content\/uploads\/2025\/05\/anti-skid-traction-chains-for-26.5-25-otr-mining-tyre.jpg","width":1080,"height":1080},{"@type":"BreadcrumbList","@id":"https:\/\/twchains.com\/product\/23-5-25-ice-resistant-and-wear-resistant-protective-traction-chain\/#breadcrumb","itemListElement":[{"@type":"ListItem","position":1,"name":"Home","item":"https:\/\/twchains.com\/"},{"@type":"ListItem","position":2,"name":"Products","item":"https:\/\/twchains.com\/products\/"},{"@type":"ListItem","position":3,"name":"23.5-25 Ice Resistant and Wear-Resistant Protective Traction Chain"}]},{"@type":"WebSite","@id":"https:\/\/twchains.com\/#website","url":"https:\/\/twchains.com\/","name":"twchains","description":"","publisher":{"@id":"https:\/\/twchains.com\/#organization"},"potentialAction":[{"@type":"SearchAction","target":{"@type":"EntryPoint","urlTemplate":"https:\/\/twchains.com\/?s={search_term_string}"},"query-input":{"@type":"PropertyValueSpecification","valueRequired":true,"valueName":"search_term_string"}}],"inLanguage":"pl-PL"},{"@type":"Organization","@id":"https:\/\/twchains.com\/#organization","name":"twchains","url":"https:\/\/twchains.com\/","logo":{"@type":"ImageObject","inLanguage":"pl-PL","@id":"https:\/\/twchains.com\/#\/schema\/logo\/image\/","url":"https:\/\/twchains.com\/wp-content\/uploads\/2025\/04\/tongwei-logo-100.svg","contentUrl":"https:\/\/twchains.com\/wp-content\/uploads\/2025\/04\/tongwei-logo-100.svg","width":128,"height":100,"caption":"twchains"},"image":{"@id":"https:\/\/twchains.com\/#\/schema\/logo\/image\/"}}]}},"_links":{"self":[{"href":"https:\/\/twchains.com\/pl\/wp-json\/wp\/v2\/product\/846","targetHints":{"allow":["GET"]}}],"collection":[{"href":"https:\/\/twchains.com\/pl\/wp-json\/wp\/v2\/product"}],"about":[{"href":"https:\/\/twchains.com\/pl\/wp-json\/wp\/v2\/types\/product"}],"wp:featuredmedia":[{"embeddable":true,"href":"https:\/\/twchains.com\/pl\/wp-json\/wp\/v2\/media\/849"}],"wp:attachment":[{"href":"https:\/\/twchains.com\/pl\/wp-json\/wp\/v2\/media?parent=846"}],"wp:term":[{"taxonomy":"product_brand","embeddable":true,"href":"https:\/\/twchains.com\/pl\/wp-json\/wp\/v2\/product_brand?post=846"},{"taxonomy":"product_cat","embeddable":true,"href":"https:\/\/twchains.com\/pl\/wp-json\/wp\/v2\/product_cat?post=846"},{"taxonomy":"product_tag","embeddable":true,"href":"https:\/\/twchains.com\/pl\/wp-json\/wp\/v2\/product_tag?post=846"}],"curies":[{"name":"wp","href":"https:\/\/api.w.org\/{rel}","templated":true}]}}