{"id":852,"date":"2025-05-14T08:25:44","date_gmt":"2025-05-14T08:25:44","guid":{"rendered":"https:\/\/twchains.com\/?post_type=product&#038;p=852"},"modified":"2025-05-14T08:25:44","modified_gmt":"2025-05-14T08:25:44","slug":"23-5-25-mining-tyre-protection-chain-with-carbonized-and-quenched-for-dump-truck","status":"publish","type":"product","link":"https:\/\/twchains.com\/pl\/produkt\/23-5-25-mining-tyre-protection-chain-with-carbonized-and-quenched-for-dump-truck\/","title":{"rendered":"23,5-25 \u0141a\u0144cuch ochronny do opon g\u00f3rniczych z karbonizacj\u0105 i hartowaniem do wywrotki"},"content":{"rendered":"<p>Twardo\u015b\u0107 g\u0142\u00f3wnego elementu \u0142a\u0144cucha ochronnego opony po naw\u0119glaniu wzros\u0142a z 53hrc do 61hrc, twardo\u015b\u0107 powierzchni pier\u015bcienia ko\u0142owego wzros\u0142a z 45hrc do 56hrc, a twardo\u015b\u0107 \u015brodka pier\u015bcienia ko\u0142owego osi\u0105gn\u0119\u0142a 50hrc.<\/p>\n<p>Jest to zapis inspekcji danych naw\u0119glania przy 1,2 milimetra.<\/p>\n<p>Og\u00f3lnie rzecz bior\u0105c, w kopalniach \u017celaza lub w trudnych warunkach pracy, lub w przypadku wi\u0119kszych modeli \u0142a\u0144cuch\u00f3w zabezpieczaj\u0105cych opony pracuj\u0105cych w \u015brodowiskach o wysokim zu\u017cyciu i uderzeniach, klienci wybieraj\u0105 naw\u0119glanie. Naw\u0119glanie mo\u017cna przeprowadzi\u0107 na g\u0142\u0119boko\u015bci 1,2 mm, 2 mm, 3 mm itp. zgodnie z wymaganiami.<br \/>\nPo naw\u0119glaniu na powierzchni ogniwa \u0142a\u0144cucha tworzy si\u0119 warstwa o wysokiej zawarto\u015bci w\u0119gla, kt\u00f3ra zwi\u0119ksza jego odporno\u015b\u0107 na zu\u017cycie ponad trzykrotnie i zmniejsza zu\u017cycie spowodowane tarciem o pod\u0142o\u017ce. Dzi\u0119ki gradientowej strukturze \"twardo\u015bci zewn\u0119trznej i twardo\u015bci wewn\u0119trznej\" (wysoka twardo\u015b\u0107 powierzchni + niska twardo\u015b\u0107 rdzenia), ogniwo \u0142a\u0144cucha nie jest \u0142atwe do zerwania pod wp\u0142ywem uderzenia kamienia lub du\u017cego obci\u0105\u017cenia, co wyd\u0142u\u017ca jego \u017cywotno\u015b\u0107.<\/p>\n<p>#miningtyre#otrtyre#tyreprotectionchain#miningchains<\/p>","protected":false},"excerpt":{"rendered":"<ul>\n<li>Dostarczenie certyfikatu testu m\u0142yna<\/li>\n<li>\u015awiadectwo pochodzenia<\/li>\n<\/ul>","protected":false},"featured_media":855,"template":"","meta":{"inline_featured_image":false,"_kad_post_transparent":"default","_kad_post_title":"","_kad_post_layout":"default","_kad_post_sidebar_id":"","_kad_post_content_style":"default","_kad_post_vertical_padding":"default","_kad_post_feature":"","_kad_post_feature_position":"","_kad_post_header":false,"_kad_post_footer":false},"product_brand":[],"product_cat":[27,26],"product_tag":[],"class_list":{"0":"post-852","1":"product","2":"type-product","3":"status-publish","4":"has-post-thumbnail","6":"product_cat-encryption","7":"product_cat-reinforced","9":"first","10":"instock","11":"shipping-taxable","12":"product-type-simple","13":"entry","14":"content-bg","15":"loop-entry"},"yoast_head":"<!-- This site is optimized with the Yoast SEO plugin v25.4 - https:\/\/yoast.com\/wordpress\/plugins\/seo\/ -->\n<title>23.5-25 Mining Tyre Protection Chain with Carbonized and Quenched for Dump Truck - twchains<\/title>\n<meta name=\"robots\" content=\"index, follow, max-snippet:-1, max-image-preview:large, max-video-preview:-1\" \/>\n<link rel=\"canonical\" href=\"https:\/\/twchains.com\/pl\/produkt\/23-5-25-mining-tyre-protection-chain-with-carbonized-and-quenched-for-dump-truck\/\" \/>\n<meta property=\"og:locale\" content=\"pl_PL\" \/>\n<meta property=\"og:type\" content=\"article\" \/>\n<meta property=\"og:title\" content=\"23.5-25 Mining Tyre Protection Chain with Carbonized and Quenched for Dump Truck - twchains\" \/>\n<meta property=\"og:description\" content=\"Provide Mill Test Certificate  Certificate of Origin\" \/>\n<meta property=\"og:url\" content=\"https:\/\/twchains.com\/pl\/produkt\/23-5-25-mining-tyre-protection-chain-with-carbonized-and-quenched-for-dump-truck\/\" \/>\n<meta property=\"og:site_name\" content=\"twchains\" \/>\n<meta property=\"og:image\" content=\"https:\/\/twchains.com\/wp-content\/uploads\/2025\/05\/High-temperature-resistant-anti-skid-chains-for-steel-mills.jpg\" \/>\n\t<meta property=\"og:image:width\" content=\"1080\" \/>\n\t<meta property=\"og:image:height\" content=\"1080\" \/>\n\t<meta property=\"og:image:type\" content=\"image\/jpeg\" \/>\n<meta name=\"twitter:card\" content=\"summary_large_image\" \/>\n<meta name=\"twitter:label1\" content=\"Szacowany czas czytania\" \/>\n\t<meta name=\"twitter:data1\" content=\"1 minuta\" \/>\n<script type=\"application\/ld+json\" class=\"yoast-schema-graph\">{\"@context\":\"https:\/\/schema.org\",\"@graph\":[{\"@type\":\"WebPage\",\"@id\":\"https:\/\/twchains.com\/product\/23-5-25-mining-tyre-protection-chain-with-carbonized-and-quenched-for-dump-truck\/\",\"url\":\"https:\/\/twchains.com\/product\/23-5-25-mining-tyre-protection-chain-with-carbonized-and-quenched-for-dump-truck\/\",\"name\":\"23.5-25 Mining Tyre Protection Chain with Carbonized and Quenched for Dump Truck - twchains\",\"isPartOf\":{\"@id\":\"https:\/\/twchains.com\/#website\"},\"primaryImageOfPage\":{\"@id\":\"https:\/\/twchains.com\/product\/23-5-25-mining-tyre-protection-chain-with-carbonized-and-quenched-for-dump-truck\/#primaryimage\"},\"image\":{\"@id\":\"https:\/\/twchains.com\/product\/23-5-25-mining-tyre-protection-chain-with-carbonized-and-quenched-for-dump-truck\/#primaryimage\"},\"thumbnailUrl\":\"https:\/\/twchains.com\/wp-content\/uploads\/2025\/05\/High-temperature-resistant-anti-skid-chains-for-steel-mills.jpg\",\"datePublished\":\"2025-05-14T08:25:44+00:00\",\"breadcrumb\":{\"@id\":\"https:\/\/twchains.com\/product\/23-5-25-mining-tyre-protection-chain-with-carbonized-and-quenched-for-dump-truck\/#breadcrumb\"},\"inLanguage\":\"pl-PL\",\"potentialAction\":[{\"@type\":\"ReadAction\",\"target\":[\"https:\/\/twchains.com\/product\/23-5-25-mining-tyre-protection-chain-with-carbonized-and-quenched-for-dump-truck\/\"]}]},{\"@type\":\"ImageObject\",\"inLanguage\":\"pl-PL\",\"@id\":\"https:\/\/twchains.com\/product\/23-5-25-mining-tyre-protection-chain-with-carbonized-and-quenched-for-dump-truck\/#primaryimage\",\"url\":\"https:\/\/twchains.com\/wp-content\/uploads\/2025\/05\/High-temperature-resistant-anti-skid-chains-for-steel-mills.jpg\",\"contentUrl\":\"https:\/\/twchains.com\/wp-content\/uploads\/2025\/05\/High-temperature-resistant-anti-skid-chains-for-steel-mills.jpg\",\"width\":1080,\"height\":1080},{\"@type\":\"BreadcrumbList\",\"@id\":\"https:\/\/twchains.com\/product\/23-5-25-mining-tyre-protection-chain-with-carbonized-and-quenched-for-dump-truck\/#breadcrumb\",\"itemListElement\":[{\"@type\":\"ListItem\",\"position\":1,\"name\":\"Home\",\"item\":\"https:\/\/twchains.com\/\"},{\"@type\":\"ListItem\",\"position\":2,\"name\":\"Products\",\"item\":\"https:\/\/twchains.com\/products\/\"},{\"@type\":\"ListItem\",\"position\":3,\"name\":\"23.5-25 Mining Tyre Protection Chain with Carbonized and Quenched for Dump Truck\"}]},{\"@type\":\"WebSite\",\"@id\":\"https:\/\/twchains.com\/#website\",\"url\":\"https:\/\/twchains.com\/\",\"name\":\"twchains\",\"description\":\"\",\"publisher\":{\"@id\":\"https:\/\/twchains.com\/#organization\"},\"potentialAction\":[{\"@type\":\"SearchAction\",\"target\":{\"@type\":\"EntryPoint\",\"urlTemplate\":\"https:\/\/twchains.com\/?s={search_term_string}\"},\"query-input\":{\"@type\":\"PropertyValueSpecification\",\"valueRequired\":true,\"valueName\":\"search_term_string\"}}],\"inLanguage\":\"pl-PL\"},{\"@type\":\"Organization\",\"@id\":\"https:\/\/twchains.com\/#organization\",\"name\":\"twchains\",\"url\":\"https:\/\/twchains.com\/\",\"logo\":{\"@type\":\"ImageObject\",\"inLanguage\":\"pl-PL\",\"@id\":\"https:\/\/twchains.com\/#\/schema\/logo\/image\/\",\"url\":\"https:\/\/twchains.com\/wp-content\/uploads\/2025\/04\/tongwei-logo-100.svg\",\"contentUrl\":\"https:\/\/twchains.com\/wp-content\/uploads\/2025\/04\/tongwei-logo-100.svg\",\"width\":128,\"height\":100,\"caption\":\"twchains\"},\"image\":{\"@id\":\"https:\/\/twchains.com\/#\/schema\/logo\/image\/\"}}]}<\/script>\n<!-- \/ Yoast SEO plugin. -->","yoast_head_json":{"title":"23.5-25 Mining Tyre Protection Chain with Carbonized and Quenched for Dump Truck - twchains","robots":{"index":"index","follow":"follow","max-snippet":"max-snippet:-1","max-image-preview":"max-image-preview:large","max-video-preview":"max-video-preview:-1"},"canonical":"https:\/\/twchains.com\/pl\/produkt\/23-5-25-mining-tyre-protection-chain-with-carbonized-and-quenched-for-dump-truck\/","og_locale":"pl_PL","og_type":"article","og_title":"23.5-25 Mining Tyre Protection Chain with Carbonized and Quenched for Dump Truck - twchains","og_description":"Provide Mill Test Certificate  Certificate of Origin","og_url":"https:\/\/twchains.com\/pl\/produkt\/23-5-25-mining-tyre-protection-chain-with-carbonized-and-quenched-for-dump-truck\/","og_site_name":"twchains","og_image":[{"width":1080,"height":1080,"url":"https:\/\/twchains.com\/wp-content\/uploads\/2025\/05\/High-temperature-resistant-anti-skid-chains-for-steel-mills.jpg","type":"image\/jpeg"}],"twitter_card":"summary_large_image","twitter_misc":{"Szacowany czas czytania":"1 minuta"},"schema":{"@context":"https:\/\/schema.org","@graph":[{"@type":"WebPage","@id":"https:\/\/twchains.com\/product\/23-5-25-mining-tyre-protection-chain-with-carbonized-and-quenched-for-dump-truck\/","url":"https:\/\/twchains.com\/product\/23-5-25-mining-tyre-protection-chain-with-carbonized-and-quenched-for-dump-truck\/","name":"23.5-25 Mining Tyre Protection Chain with Carbonized and Quenched for Dump Truck - twchains","isPartOf":{"@id":"https:\/\/twchains.com\/#website"},"primaryImageOfPage":{"@id":"https:\/\/twchains.com\/product\/23-5-25-mining-tyre-protection-chain-with-carbonized-and-quenched-for-dump-truck\/#primaryimage"},"image":{"@id":"https:\/\/twchains.com\/product\/23-5-25-mining-tyre-protection-chain-with-carbonized-and-quenched-for-dump-truck\/#primaryimage"},"thumbnailUrl":"https:\/\/twchains.com\/wp-content\/uploads\/2025\/05\/High-temperature-resistant-anti-skid-chains-for-steel-mills.jpg","datePublished":"2025-05-14T08:25:44+00:00","breadcrumb":{"@id":"https:\/\/twchains.com\/product\/23-5-25-mining-tyre-protection-chain-with-carbonized-and-quenched-for-dump-truck\/#breadcrumb"},"inLanguage":"pl-PL","potentialAction":[{"@type":"ReadAction","target":["https:\/\/twchains.com\/product\/23-5-25-mining-tyre-protection-chain-with-carbonized-and-quenched-for-dump-truck\/"]}]},{"@type":"ImageObject","inLanguage":"pl-PL","@id":"https:\/\/twchains.com\/product\/23-5-25-mining-tyre-protection-chain-with-carbonized-and-quenched-for-dump-truck\/#primaryimage","url":"https:\/\/twchains.com\/wp-content\/uploads\/2025\/05\/High-temperature-resistant-anti-skid-chains-for-steel-mills.jpg","contentUrl":"https:\/\/twchains.com\/wp-content\/uploads\/2025\/05\/High-temperature-resistant-anti-skid-chains-for-steel-mills.jpg","width":1080,"height":1080},{"@type":"BreadcrumbList","@id":"https:\/\/twchains.com\/product\/23-5-25-mining-tyre-protection-chain-with-carbonized-and-quenched-for-dump-truck\/#breadcrumb","itemListElement":[{"@type":"ListItem","position":1,"name":"Home","item":"https:\/\/twchains.com\/"},{"@type":"ListItem","position":2,"name":"Products","item":"https:\/\/twchains.com\/products\/"},{"@type":"ListItem","position":3,"name":"23.5-25 Mining Tyre Protection Chain with Carbonized and Quenched for Dump Truck"}]},{"@type":"WebSite","@id":"https:\/\/twchains.com\/#website","url":"https:\/\/twchains.com\/","name":"twchains","description":"","publisher":{"@id":"https:\/\/twchains.com\/#organization"},"potentialAction":[{"@type":"SearchAction","target":{"@type":"EntryPoint","urlTemplate":"https:\/\/twchains.com\/?s={search_term_string}"},"query-input":{"@type":"PropertyValueSpecification","valueRequired":true,"valueName":"search_term_string"}}],"inLanguage":"pl-PL"},{"@type":"Organization","@id":"https:\/\/twchains.com\/#organization","name":"twchains","url":"https:\/\/twchains.com\/","logo":{"@type":"ImageObject","inLanguage":"pl-PL","@id":"https:\/\/twchains.com\/#\/schema\/logo\/image\/","url":"https:\/\/twchains.com\/wp-content\/uploads\/2025\/04\/tongwei-logo-100.svg","contentUrl":"https:\/\/twchains.com\/wp-content\/uploads\/2025\/04\/tongwei-logo-100.svg","width":128,"height":100,"caption":"twchains"},"image":{"@id":"https:\/\/twchains.com\/#\/schema\/logo\/image\/"}}]}},"_links":{"self":[{"href":"https:\/\/twchains.com\/pl\/wp-json\/wp\/v2\/product\/852","targetHints":{"allow":["GET"]}}],"collection":[{"href":"https:\/\/twchains.com\/pl\/wp-json\/wp\/v2\/product"}],"about":[{"href":"https:\/\/twchains.com\/pl\/wp-json\/wp\/v2\/types\/product"}],"wp:featuredmedia":[{"embeddable":true,"href":"https:\/\/twchains.com\/pl\/wp-json\/wp\/v2\/media\/855"}],"wp:attachment":[{"href":"https:\/\/twchains.com\/pl\/wp-json\/wp\/v2\/media?parent=852"}],"wp:term":[{"taxonomy":"product_brand","embeddable":true,"href":"https:\/\/twchains.com\/pl\/wp-json\/wp\/v2\/product_brand?post=852"},{"taxonomy":"product_cat","embeddable":true,"href":"https:\/\/twchains.com\/pl\/wp-json\/wp\/v2\/product_cat?post=852"},{"taxonomy":"product_tag","embeddable":true,"href":"https:\/\/twchains.com\/pl\/wp-json\/wp\/v2\/product_tag?post=852"}],"curies":[{"name":"wp","href":"https:\/\/api.w.org\/{rel}","templated":true}]}}