{"id":989,"date":"2025-06-12T02:58:11","date_gmt":"2025-06-12T02:58:11","guid":{"rendered":"https:\/\/twchains.com\/?post_type=product&#038;p=989"},"modified":"2025-06-12T02:58:11","modified_gmt":"2025-06-12T02:58:11","slug":"18mm-carburization-mining-heavy-duty-chains-35-65r33-45-65-39-with-61hrc","status":"publish","type":"product","link":"https:\/\/twchains.com\/pl\/produkt\/18mm-carburization-mining-heavy-duty-chains-35-65r33-45-65-39-with-61hrc\/","title":{"rendered":"18 mm \u0141a\u0144cuchy g\u00f3rnicze do du\u017cych obci\u0105\u017ce\u0144 35\/65r33 45\/65-39 z 61HRC"},"content":{"rendered":"<p>Jest to informacja zwrotna od klienta dealera \u0142a\u0144cuch\u00f3w ochronnych opon z Bliskiego Wschodu, na rynku Bliskiego Wschodu klienci zazwyczaj preferuj\u0105 okre\u015blone style \u0142a\u0144cuch\u00f3w ochronnych opon, jak pokazano na poni\u017cszym obrazku<\/p>\n<p><img fetchpriority=\"high\" decoding=\"async\" class=\"size-medium wp-image-991 aligncenter\" src=\"https:\/\/twchains.com\/wp-content\/uploads\/2025\/06\/tractor-tire-chains-China_-300x263.jpg\" alt=\"\" width=\"300\" height=\"263\" srcset=\"https:\/\/twchains.com\/wp-content\/uploads\/2025\/06\/tractor-tire-chains-China_-300x263.jpg 300w, https:\/\/twchains.com\/wp-content\/uploads\/2025\/06\/tractor-tire-chains-China_-14x12.jpg 14w, https:\/\/twchains.com\/wp-content\/uploads\/2025\/06\/tractor-tire-chains-China_-600x526.jpg 600w, https:\/\/twchains.com\/wp-content\/uploads\/2025\/06\/tractor-tire-chains-China_.jpg 691w\" sizes=\"(max-width: 300px) 100vw, 300px\" \/><\/p>\n<p>Posiadamy r\u00f3\u017cne rodzaje \u0142a\u0144cuch\u00f3w ochronnych, takie jak grube, odporne na zu\u017cycie \u0142a\u0144cuchy ochronne do opon o \u015brednicy 22 pier\u015bcieni i 23-pier\u015bcieniowe \u0142a\u0144cuchy trakcyjne do \u0142adowarek, zgodnie z wymaganiami klienta,<\/p>\n<p>59\/80R63 - u\u017cywana do bardzo du\u017cych wywrotek g\u00f3rniczych (takich jak Caterpillar 797F, Komatsu 930E itp.).<\/p>\n<p>50\/85R57 - odpowiednia do du\u017cych ci\u0119\u017car\u00f3wek g\u00f3rniczych (takich jak Belas 75710, Liebherr T284)<\/p>\n<p>46\/90R57 - Powszechnie spotykane w du\u017cych przegubowych ci\u0119\u017car\u00f3wkach i sprz\u0119cie g\u00f3rniczym.<\/p>\n<p>40.00R57- U\u017cywany do du\u017cych \u0142adowarek i ci\u0119\u017ckich pojazd\u00f3w transportowych<\/p>\n<p>37.00R57- Odpowiedni do du\u017cych buldo\u017cer\u00f3w i sprz\u0119tu g\u00f3rniczego (takiego jak Caterpillar D11T).<\/p>\n<p>33.00R51- U\u017cywany do du\u017cych \u0142adowarek ko\u0142owych (takich jak Liebherr L586)<\/p>\n<p>27.00R49- Odpowiedni do du\u017cych r\u00f3wniarek i ci\u0119\u017car\u00f3wek g\u00f3rniczych<\/p>\n<p>Te specyfikacje \u0142a\u0144cuch\u00f3w ochronnych do opon s\u0105 zwykle wykonane ze stali stopowej o wysokiej wytrzyma\u0142o\u015bci, kt\u00f3ra ma w\u0142a\u015bciwo\u015bci odporne na zu\u017cycie, uderzenia i po\u015blizg, odpowiednie do ekstremalnie trudnych warunk\u00f3w, takich jak kopalnie i kamienio\u0142omy.<\/p>\n<p>Je\u015bli potrzebne s\u0105 bardziej konkretne modele lub odpowiednie dopasowanie sprz\u0119tu, mo\u017cna poda\u0107 szczeg\u00f3\u0142owe parametry opony (takie jak \u015brednica zewn\u0119trzna, szeroko\u015b\u0107 przekroju itp.), aby zaleci\u0107 dok\u0142adniejsze specyfikacje \u0142a\u0144cucha ochronnego.<\/p>\n<p>Skontaktuj si\u0119 z nami, je\u015bli jeste\u015b zainteresowany \u0142a\u0144cuchami do opon g\u00f3rniczych, \u0142a\u0144cuchami do opon ci\u0105gnikowych, \u0142a\u0144cuchami trakcyjnymi, \u0142a\u0144cuchami \u015bniegowymi i \u0142a\u0144cuchami antypo\u015blizgowymi itp.<\/p>","protected":false},"excerpt":{"rendered":"<ul>\n<li>Specjalna obr\u00f3bka cieplna<\/li>\n<li>Naw\u0119glanie o wysokiej odporno\u015bci na zu\u017cycie<\/li>\n<li>+ 20 lat do\u015bwiadczenia<\/li>\n<li>Eksportowane + 50 kraj\u00f3w<\/li>\n<li>Badania i rozw\u00f3j +15 nowych produkt\u00f3w rocznie<\/li>\n<\/ul>","protected":false},"featured_media":992,"template":"","meta":{"inline_featured_image":false,"_kad_post_transparent":"default","_kad_post_title":"","_kad_post_layout":"default","_kad_post_sidebar_id":"","_kad_post_content_style":"default","_kad_post_vertical_padding":"default","_kad_post_feature":"","_kad_post_feature_position":"","_kad_post_header":false,"_kad_post_footer":false},"product_brand":[],"product_cat":[30,26],"product_tag":[],"class_list":{"0":"post-989","1":"product","2":"type-product","3":"status-publish","4":"has-post-thumbnail","6":"product_cat-loader-grader-tire-chain","7":"product_cat-reinforced","9":"first","10":"instock","11":"shipping-taxable","12":"product-type-simple","13":"entry","14":"content-bg","15":"loop-entry"},"yoast_head":"<!-- This site is optimized with the Yoast SEO plugin v25.4 - https:\/\/yoast.com\/wordpress\/plugins\/seo\/ -->\n<title>18mm Carburization Mining Heavy-Duty Chains 35\/65r33 45\/65-39 with 61HRC - twchains<\/title>\n<meta name=\"robots\" content=\"index, follow, max-snippet:-1, max-image-preview:large, max-video-preview:-1\" \/>\n<link rel=\"canonical\" href=\"https:\/\/twchains.com\/pl\/produkt\/18mm-carburization-mining-heavy-duty-chains-35-65r33-45-65-39-with-61hrc\/\" \/>\n<meta property=\"og:locale\" content=\"pl_PL\" \/>\n<meta property=\"og:type\" content=\"article\" \/>\n<meta property=\"og:title\" content=\"18mm Carburization Mining Heavy-Duty Chains 35\/65r33 45\/65-39 with 61HRC - twchains\" \/>\n<meta property=\"og:description\" content=\"Special Heat Treatment  Carburization with High Wear Resistance  + 20 Years Experience  Exported + 50 Countries  R &amp; D of +15 New Products \/ Year\" \/>\n<meta property=\"og:url\" content=\"https:\/\/twchains.com\/pl\/produkt\/18mm-carburization-mining-heavy-duty-chains-35-65r33-45-65-39-with-61hrc\/\" \/>\n<meta property=\"og:site_name\" content=\"twchains\" \/>\n<meta property=\"og:image\" content=\"https:\/\/twchains.com\/wp-content\/uploads\/2025\/06\/loader-tire-chains-356533_-2.jpg\" \/>\n\t<meta property=\"og:image:width\" content=\"1600\" \/>\n\t<meta property=\"og:image:height\" content=\"1205\" \/>\n\t<meta property=\"og:image:type\" content=\"image\/jpeg\" \/>\n<meta name=\"twitter:card\" content=\"summary_large_image\" \/>\n<meta name=\"twitter:label1\" content=\"Szacowany czas czytania\" \/>\n\t<meta name=\"twitter:data1\" content=\"2 minuty\" \/>\n<script type=\"application\/ld+json\" class=\"yoast-schema-graph\">{\"@context\":\"https:\/\/schema.org\",\"@graph\":[{\"@type\":\"WebPage\",\"@id\":\"https:\/\/twchains.com\/product\/18mm-carburization-mining-heavy-duty-chains-35-65r33-45-65-39-with-61hrc\/\",\"url\":\"https:\/\/twchains.com\/product\/18mm-carburization-mining-heavy-duty-chains-35-65r33-45-65-39-with-61hrc\/\",\"name\":\"18mm Carburization Mining Heavy-Duty Chains 35\/65r33 45\/65-39 with 61HRC - twchains\",\"isPartOf\":{\"@id\":\"https:\/\/twchains.com\/#website\"},\"primaryImageOfPage\":{\"@id\":\"https:\/\/twchains.com\/product\/18mm-carburization-mining-heavy-duty-chains-35-65r33-45-65-39-with-61hrc\/#primaryimage\"},\"image\":{\"@id\":\"https:\/\/twchains.com\/product\/18mm-carburization-mining-heavy-duty-chains-35-65r33-45-65-39-with-61hrc\/#primaryimage\"},\"thumbnailUrl\":\"https:\/\/twchains.com\/wp-content\/uploads\/2025\/06\/loader-tire-chains-356533_-2.jpg\",\"datePublished\":\"2025-06-12T02:58:11+00:00\",\"breadcrumb\":{\"@id\":\"https:\/\/twchains.com\/product\/18mm-carburization-mining-heavy-duty-chains-35-65r33-45-65-39-with-61hrc\/#breadcrumb\"},\"inLanguage\":\"pl-PL\",\"potentialAction\":[{\"@type\":\"ReadAction\",\"target\":[\"https:\/\/twchains.com\/product\/18mm-carburization-mining-heavy-duty-chains-35-65r33-45-65-39-with-61hrc\/\"]}]},{\"@type\":\"ImageObject\",\"inLanguage\":\"pl-PL\",\"@id\":\"https:\/\/twchains.com\/product\/18mm-carburization-mining-heavy-duty-chains-35-65r33-45-65-39-with-61hrc\/#primaryimage\",\"url\":\"https:\/\/twchains.com\/wp-content\/uploads\/2025\/06\/loader-tire-chains-356533_-2.jpg\",\"contentUrl\":\"https:\/\/twchains.com\/wp-content\/uploads\/2025\/06\/loader-tire-chains-356533_-2.jpg\",\"width\":1600,\"height\":1205},{\"@type\":\"BreadcrumbList\",\"@id\":\"https:\/\/twchains.com\/product\/18mm-carburization-mining-heavy-duty-chains-35-65r33-45-65-39-with-61hrc\/#breadcrumb\",\"itemListElement\":[{\"@type\":\"ListItem\",\"position\":1,\"name\":\"Home\",\"item\":\"https:\/\/twchains.com\/\"},{\"@type\":\"ListItem\",\"position\":2,\"name\":\"Products\",\"item\":\"https:\/\/twchains.com\/products\/\"},{\"@type\":\"ListItem\",\"position\":3,\"name\":\"18mm Carburization Mining Heavy-Duty Chains 35\/65r33 45\/65-39 with 61HRC\"}]},{\"@type\":\"WebSite\",\"@id\":\"https:\/\/twchains.com\/#website\",\"url\":\"https:\/\/twchains.com\/\",\"name\":\"twchains\",\"description\":\"\",\"publisher\":{\"@id\":\"https:\/\/twchains.com\/#organization\"},\"potentialAction\":[{\"@type\":\"SearchAction\",\"target\":{\"@type\":\"EntryPoint\",\"urlTemplate\":\"https:\/\/twchains.com\/?s={search_term_string}\"},\"query-input\":{\"@type\":\"PropertyValueSpecification\",\"valueRequired\":true,\"valueName\":\"search_term_string\"}}],\"inLanguage\":\"pl-PL\"},{\"@type\":\"Organization\",\"@id\":\"https:\/\/twchains.com\/#organization\",\"name\":\"twchains\",\"url\":\"https:\/\/twchains.com\/\",\"logo\":{\"@type\":\"ImageObject\",\"inLanguage\":\"pl-PL\",\"@id\":\"https:\/\/twchains.com\/#\/schema\/logo\/image\/\",\"url\":\"https:\/\/twchains.com\/wp-content\/uploads\/2025\/04\/tongwei-logo-100.svg\",\"contentUrl\":\"https:\/\/twchains.com\/wp-content\/uploads\/2025\/04\/tongwei-logo-100.svg\",\"width\":128,\"height\":100,\"caption\":\"twchains\"},\"image\":{\"@id\":\"https:\/\/twchains.com\/#\/schema\/logo\/image\/\"}}]}<\/script>\n<!-- \/ Yoast SEO plugin. -->","yoast_head_json":{"title":"18mm Carburization Mining Heavy-Duty Chains 35\/65r33 45\/65-39 with 61HRC - twchains","robots":{"index":"index","follow":"follow","max-snippet":"max-snippet:-1","max-image-preview":"max-image-preview:large","max-video-preview":"max-video-preview:-1"},"canonical":"https:\/\/twchains.com\/pl\/produkt\/18mm-carburization-mining-heavy-duty-chains-35-65r33-45-65-39-with-61hrc\/","og_locale":"pl_PL","og_type":"article","og_title":"18mm Carburization Mining Heavy-Duty Chains 35\/65r33 45\/65-39 with 61HRC - twchains","og_description":"Special Heat Treatment  Carburization with High Wear Resistance  + 20 Years Experience  Exported + 50 Countries  R &amp; D of +15 New Products \/ Year","og_url":"https:\/\/twchains.com\/pl\/produkt\/18mm-carburization-mining-heavy-duty-chains-35-65r33-45-65-39-with-61hrc\/","og_site_name":"twchains","og_image":[{"width":1600,"height":1205,"url":"https:\/\/twchains.com\/wp-content\/uploads\/2025\/06\/loader-tire-chains-356533_-2.jpg","type":"image\/jpeg"}],"twitter_card":"summary_large_image","twitter_misc":{"Szacowany czas czytania":"2 minuty"},"schema":{"@context":"https:\/\/schema.org","@graph":[{"@type":"WebPage","@id":"https:\/\/twchains.com\/product\/18mm-carburization-mining-heavy-duty-chains-35-65r33-45-65-39-with-61hrc\/","url":"https:\/\/twchains.com\/product\/18mm-carburization-mining-heavy-duty-chains-35-65r33-45-65-39-with-61hrc\/","name":"18mm Carburization Mining Heavy-Duty Chains 35\/65r33 45\/65-39 with 61HRC - twchains","isPartOf":{"@id":"https:\/\/twchains.com\/#website"},"primaryImageOfPage":{"@id":"https:\/\/twchains.com\/product\/18mm-carburization-mining-heavy-duty-chains-35-65r33-45-65-39-with-61hrc\/#primaryimage"},"image":{"@id":"https:\/\/twchains.com\/product\/18mm-carburization-mining-heavy-duty-chains-35-65r33-45-65-39-with-61hrc\/#primaryimage"},"thumbnailUrl":"https:\/\/twchains.com\/wp-content\/uploads\/2025\/06\/loader-tire-chains-356533_-2.jpg","datePublished":"2025-06-12T02:58:11+00:00","breadcrumb":{"@id":"https:\/\/twchains.com\/product\/18mm-carburization-mining-heavy-duty-chains-35-65r33-45-65-39-with-61hrc\/#breadcrumb"},"inLanguage":"pl-PL","potentialAction":[{"@type":"ReadAction","target":["https:\/\/twchains.com\/product\/18mm-carburization-mining-heavy-duty-chains-35-65r33-45-65-39-with-61hrc\/"]}]},{"@type":"ImageObject","inLanguage":"pl-PL","@id":"https:\/\/twchains.com\/product\/18mm-carburization-mining-heavy-duty-chains-35-65r33-45-65-39-with-61hrc\/#primaryimage","url":"https:\/\/twchains.com\/wp-content\/uploads\/2025\/06\/loader-tire-chains-356533_-2.jpg","contentUrl":"https:\/\/twchains.com\/wp-content\/uploads\/2025\/06\/loader-tire-chains-356533_-2.jpg","width":1600,"height":1205},{"@type":"BreadcrumbList","@id":"https:\/\/twchains.com\/product\/18mm-carburization-mining-heavy-duty-chains-35-65r33-45-65-39-with-61hrc\/#breadcrumb","itemListElement":[{"@type":"ListItem","position":1,"name":"Home","item":"https:\/\/twchains.com\/"},{"@type":"ListItem","position":2,"name":"Products","item":"https:\/\/twchains.com\/products\/"},{"@type":"ListItem","position":3,"name":"18mm Carburization Mining Heavy-Duty Chains 35\/65r33 45\/65-39 with 61HRC"}]},{"@type":"WebSite","@id":"https:\/\/twchains.com\/#website","url":"https:\/\/twchains.com\/","name":"twchains","description":"","publisher":{"@id":"https:\/\/twchains.com\/#organization"},"potentialAction":[{"@type":"SearchAction","target":{"@type":"EntryPoint","urlTemplate":"https:\/\/twchains.com\/?s={search_term_string}"},"query-input":{"@type":"PropertyValueSpecification","valueRequired":true,"valueName":"search_term_string"}}],"inLanguage":"pl-PL"},{"@type":"Organization","@id":"https:\/\/twchains.com\/#organization","name":"twchains","url":"https:\/\/twchains.com\/","logo":{"@type":"ImageObject","inLanguage":"pl-PL","@id":"https:\/\/twchains.com\/#\/schema\/logo\/image\/","url":"https:\/\/twchains.com\/wp-content\/uploads\/2025\/04\/tongwei-logo-100.svg","contentUrl":"https:\/\/twchains.com\/wp-content\/uploads\/2025\/04\/tongwei-logo-100.svg","width":128,"height":100,"caption":"twchains"},"image":{"@id":"https:\/\/twchains.com\/#\/schema\/logo\/image\/"}}]}},"_links":{"self":[{"href":"https:\/\/twchains.com\/pl\/wp-json\/wp\/v2\/product\/989","targetHints":{"allow":["GET"]}}],"collection":[{"href":"https:\/\/twchains.com\/pl\/wp-json\/wp\/v2\/product"}],"about":[{"href":"https:\/\/twchains.com\/pl\/wp-json\/wp\/v2\/types\/product"}],"wp:featuredmedia":[{"embeddable":true,"href":"https:\/\/twchains.com\/pl\/wp-json\/wp\/v2\/media\/992"}],"wp:attachment":[{"href":"https:\/\/twchains.com\/pl\/wp-json\/wp\/v2\/media?parent=989"}],"wp:term":[{"taxonomy":"product_brand","embeddable":true,"href":"https:\/\/twchains.com\/pl\/wp-json\/wp\/v2\/product_brand?post=989"},{"taxonomy":"product_cat","embeddable":true,"href":"https:\/\/twchains.com\/pl\/wp-json\/wp\/v2\/product_cat?post=989"},{"taxonomy":"product_tag","embeddable":true,"href":"https:\/\/twchains.com\/pl\/wp-json\/wp\/v2\/product_tag?post=989"}],"curies":[{"name":"wp","href":"https:\/\/api.w.org\/{rel}","templated":true}]}}