{"id":492,"date":"2025-04-17T13:18:21","date_gmt":"2025-04-17T13:18:21","guid":{"rendered":"https:\/\/twchains.com\/?post_type=product&#038;p=492"},"modified":"2025-04-21T08:52:00","modified_gmt":"2025-04-21T08:52:00","slug":"x18mm-reinforced","status":"publish","type":"product","link":"https:\/\/twchains.com\/pt\/produto\/x18mm-reinforced\/","title":{"rendered":"\u00d718mm REFOR\u00c7ADO"},"content":{"rendered":"<p><strong><b> Excelente resist\u00eancia ao desgaste para fazer face ao desgaste extremo nas pedreiras de m\u00e1rmore<\/b><\/strong><\/p>\n<p>A superf\u00edcie da pedreira de m\u00e1rmore est\u00e1 coberta de cascalho afiado e fragmentos de rocha dura, e as correntes normais s\u00e3o propensas a um desgaste r\u00e1pido devido \u00e0 fric\u00e7\u00e3o frequente. A vers\u00e3o refor\u00e7ada com 18 an\u00e9is \u00e9 feita de material de a\u00e7o com elevado teor de mangan\u00eas, que foi submetido a um processo especial de tratamento t\u00e9rmico para aumentar a dureza em 30%, mantendo uma excelente tenacidade, resistindo eficazmente ao corte de pedras e ao impacto. A conce\u00e7\u00e3o de elos de corrente mais espessos prolonga ainda mais a vida \u00fatil e reduz os custos de substitui\u00e7\u00e3o a longo prazo para os clientes.<\/p>\n<p><strong><b> Otimizar a conce\u00e7\u00e3o estrutural para um melhor desempenho da resist\u00eancia ao impacto<\/b><\/strong><\/p>\n<p>As condi\u00e7\u00f5es de trabalho na pedreira s\u00e3o complexas e o equipamento tem frequentemente de suportar cargas pesadas e choques. A estrutura de liga\u00e7\u00e3o em circuito fechado e os pontos de soldadura refor\u00e7ados da vers\u00e3o refor\u00e7ada com 18 an\u00e9is podem dispersar o stress e evitar que a corrente se parta sob fortes vibra\u00e7\u00f5es. Em compara\u00e7\u00e3o com a vers\u00e3o standard, a sua capacidade de carga din\u00e2mica aumentou em 25%, tornando-a particularmente adequada para equipamento pesado, como carregadoras e cami\u00f5es de minera\u00e7\u00e3o, reduzindo o tempo de inatividade e a frequ\u00eancia de manuten\u00e7\u00e3o.<\/p>\n<p><strong><b> Elevada rela\u00e7\u00e3o custo-efic\u00e1cia, correspondendo exatamente aos or\u00e7amentos dos clientes<\/b><\/strong><\/p>\n<p>Antes de recomendar, efectu\u00e1mos uma avalia\u00e7\u00e3o exaustiva das necessidades de rentabilidade do cliente. Embora a vers\u00e3o refor\u00e7ada com 18 an\u00e9is seja ligeiramente mais cara do que a vers\u00e3o de base, a sua durabilidade pode reduzir o n\u00famero de substitui\u00e7\u00f5es em 50%, o que, de facto, permite poupar despesas a longo prazo. Al\u00e9m disso, oferecemos descontos para compras a granel e solu\u00e7\u00f5es de entrega flex\u00edveis para ajudar os clientes a otimizar ainda mais os seus custos de aquisi\u00e7\u00e3o.<\/p>","protected":false},"excerpt":{"rendered":"<ul>\n<li>Tipo \uff1a29.5r25 1150kg<\/li>\n<li>O tipo refor\u00e7ado x18mm tem uma superf\u00edcie mais larga e mais espessa resistente ao desgaste, dimens\u00e3o do componente principal (L x A x C): 52x68x109mm,<\/li>\n<li>Peso de 1 componente principal:1,25kg<\/li>\n<\/ul>","protected":false},"featured_media":493,"template":"","meta":{"inline_featured_image":false,"_kad_post_transparent":"default","_kad_post_title":"","_kad_post_layout":"default","_kad_post_sidebar_id":"","_kad_post_content_style":"default","_kad_post_vertical_padding":"default","_kad_post_feature":"","_kad_post_feature_position":"","_kad_post_header":false,"_kad_post_footer":false},"product_brand":[],"product_cat":[15,26],"product_tag":[],"class_list":{"0":"post-492","1":"product","2":"type-product","3":"status-publish","4":"has-post-thumbnail","6":"product_cat-tyre-protection-chain","7":"product_cat-reinforced","9":"first","10":"instock","11":"shipping-taxable","12":"product-type-simple","13":"entry","14":"content-bg","15":"loop-entry"},"yoast_head":"<!-- This site is optimized with the Yoast SEO plugin v25.4 - https:\/\/yoast.com\/wordpress\/plugins\/seo\/ -->\n<title>\u00d718mm REINFORCED - twchains<\/title>\n<meta name=\"robots\" content=\"index, follow, max-snippet:-1, max-image-preview:large, max-video-preview:-1\" \/>\n<link rel=\"canonical\" href=\"https:\/\/twchains.com\/pt\/produto\/x18mm-reinforced\/\" \/>\n<meta property=\"og:locale\" content=\"pt_PT\" \/>\n<meta property=\"og:type\" content=\"article\" \/>\n<meta property=\"og:title\" content=\"\u00d718mm REINFORCED - twchains\" \/>\n<meta property=\"og:description\" content=\"Type \uff1a29.5r25 1150kg  The x18mm reinforced type have wider and thicker wear-resistant surface, main component dimension(W x H x L): 52x68x109mm,  Weight of 1 main component:1.25kg\" \/>\n<meta property=\"og:url\" content=\"https:\/\/twchains.com\/pt\/produto\/x18mm-reinforced\/\" \/>\n<meta property=\"og:site_name\" content=\"twchains\" \/>\n<meta property=\"article:modified_time\" content=\"2025-04-21T08:52:00+00:00\" \/>\n<meta property=\"og:image\" content=\"https:\/\/twchains.com\/wp-content\/uploads\/2025\/04\/\u00d718-3.jpg\" \/>\n\t<meta property=\"og:image:width\" content=\"800\" \/>\n\t<meta property=\"og:image:height\" content=\"800\" \/>\n\t<meta property=\"og:image:type\" content=\"image\/jpeg\" \/>\n<meta name=\"twitter:card\" content=\"summary_large_image\" \/>\n<meta name=\"twitter:label1\" content=\"Tempo estimado de leitura\" \/>\n\t<meta name=\"twitter:data1\" content=\"2 minutos\" \/>\n<script type=\"application\/ld+json\" class=\"yoast-schema-graph\">{\"@context\":\"https:\/\/schema.org\",\"@graph\":[{\"@type\":\"WebPage\",\"@id\":\"https:\/\/twchains.com\/product\/x18mm-reinforced\/\",\"url\":\"https:\/\/twchains.com\/product\/x18mm-reinforced\/\",\"name\":\"\u00d718mm REINFORCED - twchains\",\"isPartOf\":{\"@id\":\"https:\/\/twchains.com\/#website\"},\"primaryImageOfPage\":{\"@id\":\"https:\/\/twchains.com\/product\/x18mm-reinforced\/#primaryimage\"},\"image\":{\"@id\":\"https:\/\/twchains.com\/product\/x18mm-reinforced\/#primaryimage\"},\"thumbnailUrl\":\"https:\/\/twchains.com\/wp-content\/uploads\/2025\/04\/\u00d718-3.jpg\",\"datePublished\":\"2025-04-17T13:18:21+00:00\",\"dateModified\":\"2025-04-21T08:52:00+00:00\",\"breadcrumb\":{\"@id\":\"https:\/\/twchains.com\/product\/x18mm-reinforced\/#breadcrumb\"},\"inLanguage\":\"pt-PT\",\"potentialAction\":[{\"@type\":\"ReadAction\",\"target\":[\"https:\/\/twchains.com\/product\/x18mm-reinforced\/\"]}]},{\"@type\":\"ImageObject\",\"inLanguage\":\"pt-PT\",\"@id\":\"https:\/\/twchains.com\/product\/x18mm-reinforced\/#primaryimage\",\"url\":\"https:\/\/twchains.com\/wp-content\/uploads\/2025\/04\/\u00d718-3.jpg\",\"contentUrl\":\"https:\/\/twchains.com\/wp-content\/uploads\/2025\/04\/\u00d718-3.jpg\",\"width\":800,\"height\":800},{\"@type\":\"BreadcrumbList\",\"@id\":\"https:\/\/twchains.com\/product\/x18mm-reinforced\/#breadcrumb\",\"itemListElement\":[{\"@type\":\"ListItem\",\"position\":1,\"name\":\"Home\",\"item\":\"https:\/\/twchains.com\/\"},{\"@type\":\"ListItem\",\"position\":2,\"name\":\"Products\",\"item\":\"https:\/\/twchains.com\/products\/\"},{\"@type\":\"ListItem\",\"position\":3,\"name\":\"\u00d718mm REINFORCED\"}]},{\"@type\":\"WebSite\",\"@id\":\"https:\/\/twchains.com\/#website\",\"url\":\"https:\/\/twchains.com\/\",\"name\":\"twchains\",\"description\":\"\",\"publisher\":{\"@id\":\"https:\/\/twchains.com\/#organization\"},\"potentialAction\":[{\"@type\":\"SearchAction\",\"target\":{\"@type\":\"EntryPoint\",\"urlTemplate\":\"https:\/\/twchains.com\/?s={search_term_string}\"},\"query-input\":{\"@type\":\"PropertyValueSpecification\",\"valueRequired\":true,\"valueName\":\"search_term_string\"}}],\"inLanguage\":\"pt-PT\"},{\"@type\":\"Organization\",\"@id\":\"https:\/\/twchains.com\/#organization\",\"name\":\"twchains\",\"url\":\"https:\/\/twchains.com\/\",\"logo\":{\"@type\":\"ImageObject\",\"inLanguage\":\"pt-PT\",\"@id\":\"https:\/\/twchains.com\/#\/schema\/logo\/image\/\",\"url\":\"https:\/\/twchains.com\/wp-content\/uploads\/2025\/04\/tongwei-logo-100.svg\",\"contentUrl\":\"https:\/\/twchains.com\/wp-content\/uploads\/2025\/04\/tongwei-logo-100.svg\",\"width\":128,\"height\":100,\"caption\":\"twchains\"},\"image\":{\"@id\":\"https:\/\/twchains.com\/#\/schema\/logo\/image\/\"}}]}<\/script>\n<!-- \/ Yoast SEO plugin. -->","yoast_head_json":{"title":"\u00d718mm REINFORCED - twchains","robots":{"index":"index","follow":"follow","max-snippet":"max-snippet:-1","max-image-preview":"max-image-preview:large","max-video-preview":"max-video-preview:-1"},"canonical":"https:\/\/twchains.com\/pt\/produto\/x18mm-reinforced\/","og_locale":"pt_PT","og_type":"article","og_title":"\u00d718mm REINFORCED - twchains","og_description":"Type \uff1a29.5r25 1150kg  The x18mm reinforced type have wider and thicker wear-resistant surface, main component dimension(W x H x L): 52x68x109mm,  Weight of 1 main component:1.25kg","og_url":"https:\/\/twchains.com\/pt\/produto\/x18mm-reinforced\/","og_site_name":"twchains","article_modified_time":"2025-04-21T08:52:00+00:00","og_image":[{"width":800,"height":800,"url":"https:\/\/twchains.com\/wp-content\/uploads\/2025\/04\/\u00d718-3.jpg","type":"image\/jpeg"}],"twitter_card":"summary_large_image","twitter_misc":{"Tempo estimado de leitura":"2 minutos"},"schema":{"@context":"https:\/\/schema.org","@graph":[{"@type":"WebPage","@id":"https:\/\/twchains.com\/product\/x18mm-reinforced\/","url":"https:\/\/twchains.com\/product\/x18mm-reinforced\/","name":"\u00d718mm REINFORCED - twchains","isPartOf":{"@id":"https:\/\/twchains.com\/#website"},"primaryImageOfPage":{"@id":"https:\/\/twchains.com\/product\/x18mm-reinforced\/#primaryimage"},"image":{"@id":"https:\/\/twchains.com\/product\/x18mm-reinforced\/#primaryimage"},"thumbnailUrl":"https:\/\/twchains.com\/wp-content\/uploads\/2025\/04\/\u00d718-3.jpg","datePublished":"2025-04-17T13:18:21+00:00","dateModified":"2025-04-21T08:52:00+00:00","breadcrumb":{"@id":"https:\/\/twchains.com\/product\/x18mm-reinforced\/#breadcrumb"},"inLanguage":"pt-PT","potentialAction":[{"@type":"ReadAction","target":["https:\/\/twchains.com\/product\/x18mm-reinforced\/"]}]},{"@type":"ImageObject","inLanguage":"pt-PT","@id":"https:\/\/twchains.com\/product\/x18mm-reinforced\/#primaryimage","url":"https:\/\/twchains.com\/wp-content\/uploads\/2025\/04\/\u00d718-3.jpg","contentUrl":"https:\/\/twchains.com\/wp-content\/uploads\/2025\/04\/\u00d718-3.jpg","width":800,"height":800},{"@type":"BreadcrumbList","@id":"https:\/\/twchains.com\/product\/x18mm-reinforced\/#breadcrumb","itemListElement":[{"@type":"ListItem","position":1,"name":"Home","item":"https:\/\/twchains.com\/"},{"@type":"ListItem","position":2,"name":"Products","item":"https:\/\/twchains.com\/products\/"},{"@type":"ListItem","position":3,"name":"\u00d718mm REINFORCED"}]},{"@type":"WebSite","@id":"https:\/\/twchains.com\/#website","url":"https:\/\/twchains.com\/","name":"twchains","description":"","publisher":{"@id":"https:\/\/twchains.com\/#organization"},"potentialAction":[{"@type":"SearchAction","target":{"@type":"EntryPoint","urlTemplate":"https:\/\/twchains.com\/?s={search_term_string}"},"query-input":{"@type":"PropertyValueSpecification","valueRequired":true,"valueName":"search_term_string"}}],"inLanguage":"pt-PT"},{"@type":"Organization","@id":"https:\/\/twchains.com\/#organization","name":"twchains","url":"https:\/\/twchains.com\/","logo":{"@type":"ImageObject","inLanguage":"pt-PT","@id":"https:\/\/twchains.com\/#\/schema\/logo\/image\/","url":"https:\/\/twchains.com\/wp-content\/uploads\/2025\/04\/tongwei-logo-100.svg","contentUrl":"https:\/\/twchains.com\/wp-content\/uploads\/2025\/04\/tongwei-logo-100.svg","width":128,"height":100,"caption":"twchains"},"image":{"@id":"https:\/\/twchains.com\/#\/schema\/logo\/image\/"}}]}},"_links":{"self":[{"href":"https:\/\/twchains.com\/pt\/wp-json\/wp\/v2\/product\/492","targetHints":{"allow":["GET"]}}],"collection":[{"href":"https:\/\/twchains.com\/pt\/wp-json\/wp\/v2\/product"}],"about":[{"href":"https:\/\/twchains.com\/pt\/wp-json\/wp\/v2\/types\/product"}],"wp:featuredmedia":[{"embeddable":true,"href":"https:\/\/twchains.com\/pt\/wp-json\/wp\/v2\/media\/493"}],"wp:attachment":[{"href":"https:\/\/twchains.com\/pt\/wp-json\/wp\/v2\/media?parent=492"}],"wp:term":[{"taxonomy":"product_brand","embeddable":true,"href":"https:\/\/twchains.com\/pt\/wp-json\/wp\/v2\/product_brand?post=492"},{"taxonomy":"product_cat","embeddable":true,"href":"https:\/\/twchains.com\/pt\/wp-json\/wp\/v2\/product_cat?post=492"},{"taxonomy":"product_tag","embeddable":true,"href":"https:\/\/twchains.com\/pt\/wp-json\/wp\/v2\/product_tag?post=492"}],"curies":[{"name":"wp","href":"https:\/\/api.w.org\/{rel}","templated":true}]}}