{"id":579,"date":"2025-04-22T06:23:52","date_gmt":"2025-04-22T06:23:52","guid":{"rendered":"https:\/\/twchains.com\/?post_type=product&#038;p=579"},"modified":"2025-04-22T08:13:33","modified_gmt":"2025-04-22T08:13:33","slug":"x22mm-reinforced-type-45-65r39-marble-quarry-tyre-chains-2900kg","status":"publish","type":"product","link":"https:\/\/twchains.com\/pt\/produto\/x22mm-reinforced-type-45-65r39-marble-quarry-tyre-chains-2900kg\/","title":{"rendered":"\u00d7Correntes para pneus de pedreira de m\u00e1rmore 45\/65r39 de 22 mm tipo refor\u00e7ado 2900 kg"},"content":{"rendered":"<p>O conjunto de liga\u00e7\u00e3o do tipo refor\u00e7ado de 22 mm, que utiliza tecnologia de maquina\u00e7\u00e3o de alta precis\u00e3o, corresponde rigorosamente aos requisitos de carga din\u00e2mica de cami\u00f5es mineiros ultra grandes, como o CAT 797F e o Komatsu 980E, em condi\u00e7\u00f5es de minas a c\u00e9u aberto. Atrav\u00e9s do tratamento de endurecimento e do design de geometria de contorno optimizado, a taxa de desgaste \u00e9 reduzida em 40%, o MTBF \u00e9 aumentado para 2500 horas e o TC \u00e9 significativamente optimizado<\/p>\n<p>&nbsp;<\/p>\n<p>#gianttyre#heavydutytruck#heavydutychains#twchains<\/p>","protected":false},"excerpt":{"rendered":"<ul>\n<li>Dimens\u00e3o do componente principal (L x A x C): 52x82x115mm.<\/li>\n<li>Peso de 1 componente principal:1,6kg (superf\u00edcie resistente ao desgaste 36mm)<\/li>\n<li>Fabrico de correntes de prote\u00e7\u00e3o de pneus de qualidade<\/li>\n<\/ul>","protected":false},"featured_media":580,"template":"","meta":{"inline_featured_image":false,"_kad_post_transparent":"default","_kad_post_title":"","_kad_post_layout":"default","_kad_post_sidebar_id":"","_kad_post_content_style":"default","_kad_post_vertical_padding":"default","_kad_post_feature":"","_kad_post_feature_position":"","_kad_post_header":false,"_kad_post_footer":false},"product_brand":[],"product_cat":[15,28,26],"product_tag":[],"class_list":{"0":"post-579","1":"product","2":"type-product","3":"status-publish","4":"has-post-thumbnail","6":"product_cat-tyre-protection-chain","7":"product_cat-heavy-duty","8":"product_cat-reinforced","10":"first","11":"instock","12":"shipping-taxable","13":"product-type-simple","14":"entry","15":"content-bg","16":"loop-entry"},"yoast_head":"<!-- This site is optimized with the Yoast SEO plugin v25.4 - https:\/\/yoast.com\/wordpress\/plugins\/seo\/ -->\n<title>\u00d722mm Reinforced Type 45\/65r39 Marble Quarry Tyre Chains 2900kg - twchains<\/title>\n<meta name=\"robots\" content=\"index, follow, max-snippet:-1, max-image-preview:large, max-video-preview:-1\" \/>\n<link rel=\"canonical\" href=\"https:\/\/twchains.com\/pt\/produto\/x22mm-reinforced-type-45-65r39-marble-quarry-tyre-chains-2900kg\/\" \/>\n<meta property=\"og:locale\" content=\"pt_PT\" \/>\n<meta property=\"og:type\" content=\"article\" \/>\n<meta property=\"og:title\" content=\"\u00d722mm Reinforced Type 45\/65r39 Marble Quarry Tyre Chains 2900kg - twchains\" \/>\n<meta property=\"og:description\" content=\"Main Component Dimension(W x H x L): 52x82x115mm.  Weight of 1 main component:1.6kg (wear-Resistant Surface 36mm)  Quality Tire Protection Chains Manufacturing\" \/>\n<meta property=\"og:url\" content=\"https:\/\/twchains.com\/pt\/produto\/x22mm-reinforced-type-45-65r39-marble-quarry-tyre-chains-2900kg\/\" \/>\n<meta property=\"og:site_name\" content=\"twchains\" \/>\n<meta property=\"article:modified_time\" content=\"2025-04-22T08:13:33+00:00\" \/>\n<meta property=\"og:image\" content=\"https:\/\/twchains.com\/wp-content\/uploads\/2025\/04\/c7d40b3cab44e8aa1eab48bd77d6a40.jpg\" \/>\n\t<meta property=\"og:image:width\" content=\"960\" \/>\n\t<meta property=\"og:image:height\" content=\"1280\" \/>\n\t<meta property=\"og:image:type\" content=\"image\/jpeg\" \/>\n<meta name=\"twitter:card\" content=\"summary_large_image\" \/>\n<meta name=\"twitter:label1\" content=\"Tempo estimado de leitura\" \/>\n\t<meta name=\"twitter:data1\" content=\"1 minuto\" \/>\n<script type=\"application\/ld+json\" class=\"yoast-schema-graph\">{\"@context\":\"https:\/\/schema.org\",\"@graph\":[{\"@type\":\"WebPage\",\"@id\":\"https:\/\/twchains.com\/product\/x22mm-reinforced-type-45-65r39-marble-quarry-tyre-chains-2900kg\/\",\"url\":\"https:\/\/twchains.com\/product\/x22mm-reinforced-type-45-65r39-marble-quarry-tyre-chains-2900kg\/\",\"name\":\"\u00d722mm Reinforced Type 45\/65r39 Marble Quarry Tyre Chains 2900kg - twchains\",\"isPartOf\":{\"@id\":\"https:\/\/twchains.com\/#website\"},\"primaryImageOfPage\":{\"@id\":\"https:\/\/twchains.com\/product\/x22mm-reinforced-type-45-65r39-marble-quarry-tyre-chains-2900kg\/#primaryimage\"},\"image\":{\"@id\":\"https:\/\/twchains.com\/product\/x22mm-reinforced-type-45-65r39-marble-quarry-tyre-chains-2900kg\/#primaryimage\"},\"thumbnailUrl\":\"https:\/\/twchains.com\/wp-content\/uploads\/2025\/04\/c7d40b3cab44e8aa1eab48bd77d6a40.jpg\",\"datePublished\":\"2025-04-22T06:23:52+00:00\",\"dateModified\":\"2025-04-22T08:13:33+00:00\",\"breadcrumb\":{\"@id\":\"https:\/\/twchains.com\/product\/x22mm-reinforced-type-45-65r39-marble-quarry-tyre-chains-2900kg\/#breadcrumb\"},\"inLanguage\":\"pt-PT\",\"potentialAction\":[{\"@type\":\"ReadAction\",\"target\":[\"https:\/\/twchains.com\/product\/x22mm-reinforced-type-45-65r39-marble-quarry-tyre-chains-2900kg\/\"]}]},{\"@type\":\"ImageObject\",\"inLanguage\":\"pt-PT\",\"@id\":\"https:\/\/twchains.com\/product\/x22mm-reinforced-type-45-65r39-marble-quarry-tyre-chains-2900kg\/#primaryimage\",\"url\":\"https:\/\/twchains.com\/wp-content\/uploads\/2025\/04\/c7d40b3cab44e8aa1eab48bd77d6a40.jpg\",\"contentUrl\":\"https:\/\/twchains.com\/wp-content\/uploads\/2025\/04\/c7d40b3cab44e8aa1eab48bd77d6a40.jpg\",\"width\":960,\"height\":1280},{\"@type\":\"BreadcrumbList\",\"@id\":\"https:\/\/twchains.com\/product\/x22mm-reinforced-type-45-65r39-marble-quarry-tyre-chains-2900kg\/#breadcrumb\",\"itemListElement\":[{\"@type\":\"ListItem\",\"position\":1,\"name\":\"Home\",\"item\":\"https:\/\/twchains.com\/\"},{\"@type\":\"ListItem\",\"position\":2,\"name\":\"Products\",\"item\":\"https:\/\/twchains.com\/products\/\"},{\"@type\":\"ListItem\",\"position\":3,\"name\":\"\u00d722mm Reinforced Type 45\/65r39 Marble Quarry Tyre Chains 2900kg\"}]},{\"@type\":\"WebSite\",\"@id\":\"https:\/\/twchains.com\/#website\",\"url\":\"https:\/\/twchains.com\/\",\"name\":\"twchains\",\"description\":\"\",\"publisher\":{\"@id\":\"https:\/\/twchains.com\/#organization\"},\"potentialAction\":[{\"@type\":\"SearchAction\",\"target\":{\"@type\":\"EntryPoint\",\"urlTemplate\":\"https:\/\/twchains.com\/?s={search_term_string}\"},\"query-input\":{\"@type\":\"PropertyValueSpecification\",\"valueRequired\":true,\"valueName\":\"search_term_string\"}}],\"inLanguage\":\"pt-PT\"},{\"@type\":\"Organization\",\"@id\":\"https:\/\/twchains.com\/#organization\",\"name\":\"twchains\",\"url\":\"https:\/\/twchains.com\/\",\"logo\":{\"@type\":\"ImageObject\",\"inLanguage\":\"pt-PT\",\"@id\":\"https:\/\/twchains.com\/#\/schema\/logo\/image\/\",\"url\":\"https:\/\/twchains.com\/wp-content\/uploads\/2025\/04\/tongwei-logo-100.svg\",\"contentUrl\":\"https:\/\/twchains.com\/wp-content\/uploads\/2025\/04\/tongwei-logo-100.svg\",\"width\":128,\"height\":100,\"caption\":\"twchains\"},\"image\":{\"@id\":\"https:\/\/twchains.com\/#\/schema\/logo\/image\/\"}}]}<\/script>\n<!-- \/ Yoast SEO plugin. -->","yoast_head_json":{"title":"\u00d722mm Reinforced Type 45\/65r39 Marble Quarry Tyre Chains 2900kg - twchains","robots":{"index":"index","follow":"follow","max-snippet":"max-snippet:-1","max-image-preview":"max-image-preview:large","max-video-preview":"max-video-preview:-1"},"canonical":"https:\/\/twchains.com\/pt\/produto\/x22mm-reinforced-type-45-65r39-marble-quarry-tyre-chains-2900kg\/","og_locale":"pt_PT","og_type":"article","og_title":"\u00d722mm Reinforced Type 45\/65r39 Marble Quarry Tyre Chains 2900kg - twchains","og_description":"Main Component Dimension(W x H x L): 52x82x115mm.  Weight of 1 main component:1.6kg (wear-Resistant Surface 36mm)  Quality Tire Protection Chains Manufacturing","og_url":"https:\/\/twchains.com\/pt\/produto\/x22mm-reinforced-type-45-65r39-marble-quarry-tyre-chains-2900kg\/","og_site_name":"twchains","article_modified_time":"2025-04-22T08:13:33+00:00","og_image":[{"width":960,"height":1280,"url":"https:\/\/twchains.com\/wp-content\/uploads\/2025\/04\/c7d40b3cab44e8aa1eab48bd77d6a40.jpg","type":"image\/jpeg"}],"twitter_card":"summary_large_image","twitter_misc":{"Tempo estimado de leitura":"1 minuto"},"schema":{"@context":"https:\/\/schema.org","@graph":[{"@type":"WebPage","@id":"https:\/\/twchains.com\/product\/x22mm-reinforced-type-45-65r39-marble-quarry-tyre-chains-2900kg\/","url":"https:\/\/twchains.com\/product\/x22mm-reinforced-type-45-65r39-marble-quarry-tyre-chains-2900kg\/","name":"\u00d722mm Reinforced Type 45\/65r39 Marble Quarry Tyre Chains 2900kg - twchains","isPartOf":{"@id":"https:\/\/twchains.com\/#website"},"primaryImageOfPage":{"@id":"https:\/\/twchains.com\/product\/x22mm-reinforced-type-45-65r39-marble-quarry-tyre-chains-2900kg\/#primaryimage"},"image":{"@id":"https:\/\/twchains.com\/product\/x22mm-reinforced-type-45-65r39-marble-quarry-tyre-chains-2900kg\/#primaryimage"},"thumbnailUrl":"https:\/\/twchains.com\/wp-content\/uploads\/2025\/04\/c7d40b3cab44e8aa1eab48bd77d6a40.jpg","datePublished":"2025-04-22T06:23:52+00:00","dateModified":"2025-04-22T08:13:33+00:00","breadcrumb":{"@id":"https:\/\/twchains.com\/product\/x22mm-reinforced-type-45-65r39-marble-quarry-tyre-chains-2900kg\/#breadcrumb"},"inLanguage":"pt-PT","potentialAction":[{"@type":"ReadAction","target":["https:\/\/twchains.com\/product\/x22mm-reinforced-type-45-65r39-marble-quarry-tyre-chains-2900kg\/"]}]},{"@type":"ImageObject","inLanguage":"pt-PT","@id":"https:\/\/twchains.com\/product\/x22mm-reinforced-type-45-65r39-marble-quarry-tyre-chains-2900kg\/#primaryimage","url":"https:\/\/twchains.com\/wp-content\/uploads\/2025\/04\/c7d40b3cab44e8aa1eab48bd77d6a40.jpg","contentUrl":"https:\/\/twchains.com\/wp-content\/uploads\/2025\/04\/c7d40b3cab44e8aa1eab48bd77d6a40.jpg","width":960,"height":1280},{"@type":"BreadcrumbList","@id":"https:\/\/twchains.com\/product\/x22mm-reinforced-type-45-65r39-marble-quarry-tyre-chains-2900kg\/#breadcrumb","itemListElement":[{"@type":"ListItem","position":1,"name":"Home","item":"https:\/\/twchains.com\/"},{"@type":"ListItem","position":2,"name":"Products","item":"https:\/\/twchains.com\/products\/"},{"@type":"ListItem","position":3,"name":"\u00d722mm Reinforced Type 45\/65r39 Marble Quarry Tyre Chains 2900kg"}]},{"@type":"WebSite","@id":"https:\/\/twchains.com\/#website","url":"https:\/\/twchains.com\/","name":"twchains","description":"","publisher":{"@id":"https:\/\/twchains.com\/#organization"},"potentialAction":[{"@type":"SearchAction","target":{"@type":"EntryPoint","urlTemplate":"https:\/\/twchains.com\/?s={search_term_string}"},"query-input":{"@type":"PropertyValueSpecification","valueRequired":true,"valueName":"search_term_string"}}],"inLanguage":"pt-PT"},{"@type":"Organization","@id":"https:\/\/twchains.com\/#organization","name":"twchains","url":"https:\/\/twchains.com\/","logo":{"@type":"ImageObject","inLanguage":"pt-PT","@id":"https:\/\/twchains.com\/#\/schema\/logo\/image\/","url":"https:\/\/twchains.com\/wp-content\/uploads\/2025\/04\/tongwei-logo-100.svg","contentUrl":"https:\/\/twchains.com\/wp-content\/uploads\/2025\/04\/tongwei-logo-100.svg","width":128,"height":100,"caption":"twchains"},"image":{"@id":"https:\/\/twchains.com\/#\/schema\/logo\/image\/"}}]}},"_links":{"self":[{"href":"https:\/\/twchains.com\/pt\/wp-json\/wp\/v2\/product\/579","targetHints":{"allow":["GET"]}}],"collection":[{"href":"https:\/\/twchains.com\/pt\/wp-json\/wp\/v2\/product"}],"about":[{"href":"https:\/\/twchains.com\/pt\/wp-json\/wp\/v2\/types\/product"}],"wp:featuredmedia":[{"embeddable":true,"href":"https:\/\/twchains.com\/pt\/wp-json\/wp\/v2\/media\/580"}],"wp:attachment":[{"href":"https:\/\/twchains.com\/pt\/wp-json\/wp\/v2\/media?parent=579"}],"wp:term":[{"taxonomy":"product_brand","embeddable":true,"href":"https:\/\/twchains.com\/pt\/wp-json\/wp\/v2\/product_brand?post=579"},{"taxonomy":"product_cat","embeddable":true,"href":"https:\/\/twchains.com\/pt\/wp-json\/wp\/v2\/product_cat?post=579"},{"taxonomy":"product_tag","embeddable":true,"href":"https:\/\/twchains.com\/pt\/wp-json\/wp\/v2\/product_tag?post=579"}],"curies":[{"name":"wp","href":"https:\/\/api.w.org\/{rel}","templated":true}]}}