{"id":591,"date":"2025-04-24T07:34:21","date_gmt":"2025-04-24T07:34:21","guid":{"rendered":"https:\/\/twchains.com\/?post_type=product&#038;p=591"},"modified":"2025-04-24T08:26:34","modified_gmt":"2025-04-24T08:26:34","slug":"x18mm-29-5r25-26-5r25-repair-link-of-tyre-protection-chain","status":"publish","type":"product","link":"https:\/\/twchains.com\/pt\/produto\/x18mm-29-5r25-26-5r25-repair-link-of-tyre-protection-chain\/","title":{"rendered":"\u00d718mm Mais 29.5r25 26.5r25 Elo de repara\u00e7\u00e3o da corrente de prote\u00e7\u00e3o dos pneus"},"content":{"rendered":"<p>A fivela da corrente de pinos \u00e9 o acess\u00f3rio mais utilizado na manuten\u00e7\u00e3o das correntes de prote\u00e7\u00e3o dos pneus de minera\u00e7\u00e3o, feita de liga de a\u00e7o de alta resist\u00eancia, tem as seguintes carater\u00edsticas:<\/p>\n<ul>\n<li>Conce\u00e7\u00e3o estrutural: geralmente composta por elos de corrente em forma de U e pinos amov\u00edveis, tendo uma extremidade do pino um orif\u00edcio fixo que pode ser fixado por um pino bipartido ou um pino de mola.<\/li>\n<li>Fun\u00e7\u00e3o: Utilizado para ligar as duas extremidades de uma corrente partida ou substituir elos danificados, mantendo a integridade da corrente<\/li>\n<li>M\u00e9todo de instala\u00e7\u00e3o: Introduzir a fivela em forma de U nos dois elos da corrente das extremidades que t\u00eam de ser ligados, introduzir a cavilha e bloque\u00e1-la com uma cavilha de fixa\u00e7\u00e3o<\/li>\n<li>Vantagens e carater\u00edsticas: F\u00e1cil instala\u00e7\u00e3o, sem necessidade de ferramentas especiais, forte capacidade de carga, capaz de suportar a enorme for\u00e7a de tra\u00e7\u00e3o durante o funcionamento da carregadora<\/li>\n<li>Cen\u00e1rio de aplica\u00e7\u00e3o: Adequado para manuten\u00e7\u00e3o quando a parte central da corrente se parte ou quando s\u00e3o necess\u00e1rios elos adicionais<\/li>\n<\/ul>\n<p>1TP5Cadeia de trac\u00e7\u00e3o1TP5Cadeia de neve1TP5Cadeia de pneus1TP5Cadeia de abertura de po\u00e7os1TP5Cadeia de neve1TP5Cadeia de carga1TP5Cadeia de repara\u00e7\u00e3o1TP5Cadeia de protec\u00e7\u00e3o1TP5Cadeia de pneus1TP5Cadeia de refor\u00e7o<\/p>\n<p>&nbsp;<\/p>","protected":false},"excerpt":{"rendered":"<ul>\n<li>Fivela de corrente com pino\uff1b<\/li>\n<li>C\u00f3modo e r\u00e1pido;<\/li>\n<li>Capacidade de carga de alta resist\u00eancia;<\/li>\n<li>Resistente ao desgaste;<\/li>\n<li>Fi\u00e1vel;<\/li>\n<li>Tratamento t\u00e9rmico<\/li>\n<li>Fechaduras Easy C<\/li>\n<li>Gama adequada: 12 mm, 13 mm, 14 mm, 16 mm, 18 mm, 20 mm, 22 mm Especifica\u00e7\u00e3o da corrente de prote\u00e7\u00e3o dos pneus<\/li>\n<\/ul>","protected":false},"featured_media":592,"template":"","meta":{"inline_featured_image":false,"_kad_post_transparent":"default","_kad_post_title":"","_kad_post_layout":"default","_kad_post_sidebar_id":"","_kad_post_content_style":"default","_kad_post_vertical_padding":"default","_kad_post_feature":"","_kad_post_feature_position":"","_kad_post_header":false,"_kad_post_footer":false},"product_brand":[],"product_cat":[23],"product_tag":[],"class_list":{"0":"post-591","1":"product","2":"type-product","3":"status-publish","4":"has-post-thumbnail","6":"product_cat-accessories","8":"first","9":"instock","10":"shipping-taxable","11":"product-type-simple","12":"entry","13":"content-bg","14":"loop-entry"},"yoast_head":"<!-- This site is optimized with the Yoast SEO plugin v25.4 - https:\/\/yoast.com\/wordpress\/plugins\/seo\/ -->\n<title>\u00d718mm Plus 29.5r25 26.5r25 Repair Link of Tyre Protection Chain - twchains<\/title>\n<meta name=\"robots\" content=\"index, follow, max-snippet:-1, max-image-preview:large, max-video-preview:-1\" \/>\n<link rel=\"canonical\" href=\"https:\/\/twchains.com\/pt\/produto\/x18mm-29-5r25-26-5r25-repair-link-of-tyre-protection-chain\/\" \/>\n<meta property=\"og:locale\" content=\"pt_PT\" \/>\n<meta property=\"og:type\" content=\"article\" \/>\n<meta property=\"og:title\" content=\"\u00d718mm Plus 29.5r25 26.5r25 Repair Link of Tyre Protection Chain - twchains\" \/>\n<meta property=\"og:description\" content=\"Pin Chain Buckle\uff1b  Convenient and Fast;  High Strength Load-Bearing Capacity;  Wear-Resisting;  Reliable;  Heat Treatment  Easy C Locks  Suitable Range:12mm, 13mm, 14mm, 16mm, 18mm, 20mm, 22mm Specification Tyre Protection Chain\" \/>\n<meta property=\"og:url\" content=\"https:\/\/twchains.com\/pt\/produto\/x18mm-29-5r25-26-5r25-repair-link-of-tyre-protection-chain\/\" \/>\n<meta property=\"og:site_name\" content=\"twchains\" \/>\n<meta property=\"article:modified_time\" content=\"2025-04-24T08:26:34+00:00\" \/>\n<meta property=\"og:image\" content=\"https:\/\/twchains.com\/wp-content\/uploads\/2025\/04\/repair-parts-for-tire-chains.jpg\" \/>\n\t<meta property=\"og:image:width\" content=\"768\" \/>\n\t<meta property=\"og:image:height\" content=\"1024\" \/>\n\t<meta property=\"og:image:type\" content=\"image\/jpeg\" \/>\n<meta name=\"twitter:card\" content=\"summary_large_image\" \/>\n<meta name=\"twitter:label1\" content=\"Tempo estimado de leitura\" \/>\n\t<meta name=\"twitter:data1\" content=\"1 minuto\" \/>\n<script type=\"application\/ld+json\" class=\"yoast-schema-graph\">{\"@context\":\"https:\/\/schema.org\",\"@graph\":[{\"@type\":\"WebPage\",\"@id\":\"https:\/\/twchains.com\/product\/x18mm-29-5r25-26-5r25-repair-link-of-tyre-protection-chain\/\",\"url\":\"https:\/\/twchains.com\/product\/x18mm-29-5r25-26-5r25-repair-link-of-tyre-protection-chain\/\",\"name\":\"\u00d718mm Plus 29.5r25 26.5r25 Repair Link of Tyre Protection Chain - twchains\",\"isPartOf\":{\"@id\":\"https:\/\/twchains.com\/#website\"},\"primaryImageOfPage\":{\"@id\":\"https:\/\/twchains.com\/product\/x18mm-29-5r25-26-5r25-repair-link-of-tyre-protection-chain\/#primaryimage\"},\"image\":{\"@id\":\"https:\/\/twchains.com\/product\/x18mm-29-5r25-26-5r25-repair-link-of-tyre-protection-chain\/#primaryimage\"},\"thumbnailUrl\":\"https:\/\/twchains.com\/wp-content\/uploads\/2025\/04\/repair-parts-for-tire-chains.jpg\",\"datePublished\":\"2025-04-24T07:34:21+00:00\",\"dateModified\":\"2025-04-24T08:26:34+00:00\",\"breadcrumb\":{\"@id\":\"https:\/\/twchains.com\/product\/x18mm-29-5r25-26-5r25-repair-link-of-tyre-protection-chain\/#breadcrumb\"},\"inLanguage\":\"pt-PT\",\"potentialAction\":[{\"@type\":\"ReadAction\",\"target\":[\"https:\/\/twchains.com\/product\/x18mm-29-5r25-26-5r25-repair-link-of-tyre-protection-chain\/\"]}]},{\"@type\":\"ImageObject\",\"inLanguage\":\"pt-PT\",\"@id\":\"https:\/\/twchains.com\/product\/x18mm-29-5r25-26-5r25-repair-link-of-tyre-protection-chain\/#primaryimage\",\"url\":\"https:\/\/twchains.com\/wp-content\/uploads\/2025\/04\/repair-parts-for-tire-chains.jpg\",\"contentUrl\":\"https:\/\/twchains.com\/wp-content\/uploads\/2025\/04\/repair-parts-for-tire-chains.jpg\",\"width\":768,\"height\":1024},{\"@type\":\"BreadcrumbList\",\"@id\":\"https:\/\/twchains.com\/product\/x18mm-29-5r25-26-5r25-repair-link-of-tyre-protection-chain\/#breadcrumb\",\"itemListElement\":[{\"@type\":\"ListItem\",\"position\":1,\"name\":\"Home\",\"item\":\"https:\/\/twchains.com\/\"},{\"@type\":\"ListItem\",\"position\":2,\"name\":\"Products\",\"item\":\"https:\/\/twchains.com\/products\/\"},{\"@type\":\"ListItem\",\"position\":3,\"name\":\"\u00d718mm Plus 29.5r25 26.5r25 Repair Link of Tyre Protection Chain\"}]},{\"@type\":\"WebSite\",\"@id\":\"https:\/\/twchains.com\/#website\",\"url\":\"https:\/\/twchains.com\/\",\"name\":\"twchains\",\"description\":\"\",\"publisher\":{\"@id\":\"https:\/\/twchains.com\/#organization\"},\"potentialAction\":[{\"@type\":\"SearchAction\",\"target\":{\"@type\":\"EntryPoint\",\"urlTemplate\":\"https:\/\/twchains.com\/?s={search_term_string}\"},\"query-input\":{\"@type\":\"PropertyValueSpecification\",\"valueRequired\":true,\"valueName\":\"search_term_string\"}}],\"inLanguage\":\"pt-PT\"},{\"@type\":\"Organization\",\"@id\":\"https:\/\/twchains.com\/#organization\",\"name\":\"twchains\",\"url\":\"https:\/\/twchains.com\/\",\"logo\":{\"@type\":\"ImageObject\",\"inLanguage\":\"pt-PT\",\"@id\":\"https:\/\/twchains.com\/#\/schema\/logo\/image\/\",\"url\":\"https:\/\/twchains.com\/wp-content\/uploads\/2025\/04\/tongwei-logo-100.svg\",\"contentUrl\":\"https:\/\/twchains.com\/wp-content\/uploads\/2025\/04\/tongwei-logo-100.svg\",\"width\":128,\"height\":100,\"caption\":\"twchains\"},\"image\":{\"@id\":\"https:\/\/twchains.com\/#\/schema\/logo\/image\/\"}}]}<\/script>\n<!-- \/ Yoast SEO plugin. -->","yoast_head_json":{"title":"\u00d718mm Plus 29.5r25 26.5r25 Repair Link of Tyre Protection Chain - twchains","robots":{"index":"index","follow":"follow","max-snippet":"max-snippet:-1","max-image-preview":"max-image-preview:large","max-video-preview":"max-video-preview:-1"},"canonical":"https:\/\/twchains.com\/pt\/produto\/x18mm-29-5r25-26-5r25-repair-link-of-tyre-protection-chain\/","og_locale":"pt_PT","og_type":"article","og_title":"\u00d718mm Plus 29.5r25 26.5r25 Repair Link of Tyre Protection Chain - twchains","og_description":"Pin Chain Buckle\uff1b  Convenient and Fast;  High Strength Load-Bearing Capacity;  Wear-Resisting;  Reliable;  Heat Treatment  Easy C Locks  Suitable Range:12mm, 13mm, 14mm, 16mm, 18mm, 20mm, 22mm Specification Tyre Protection Chain","og_url":"https:\/\/twchains.com\/pt\/produto\/x18mm-29-5r25-26-5r25-repair-link-of-tyre-protection-chain\/","og_site_name":"twchains","article_modified_time":"2025-04-24T08:26:34+00:00","og_image":[{"width":768,"height":1024,"url":"https:\/\/twchains.com\/wp-content\/uploads\/2025\/04\/repair-parts-for-tire-chains.jpg","type":"image\/jpeg"}],"twitter_card":"summary_large_image","twitter_misc":{"Tempo estimado de leitura":"1 minuto"},"schema":{"@context":"https:\/\/schema.org","@graph":[{"@type":"WebPage","@id":"https:\/\/twchains.com\/product\/x18mm-29-5r25-26-5r25-repair-link-of-tyre-protection-chain\/","url":"https:\/\/twchains.com\/product\/x18mm-29-5r25-26-5r25-repair-link-of-tyre-protection-chain\/","name":"\u00d718mm Plus 29.5r25 26.5r25 Repair Link of Tyre Protection Chain - twchains","isPartOf":{"@id":"https:\/\/twchains.com\/#website"},"primaryImageOfPage":{"@id":"https:\/\/twchains.com\/product\/x18mm-29-5r25-26-5r25-repair-link-of-tyre-protection-chain\/#primaryimage"},"image":{"@id":"https:\/\/twchains.com\/product\/x18mm-29-5r25-26-5r25-repair-link-of-tyre-protection-chain\/#primaryimage"},"thumbnailUrl":"https:\/\/twchains.com\/wp-content\/uploads\/2025\/04\/repair-parts-for-tire-chains.jpg","datePublished":"2025-04-24T07:34:21+00:00","dateModified":"2025-04-24T08:26:34+00:00","breadcrumb":{"@id":"https:\/\/twchains.com\/product\/x18mm-29-5r25-26-5r25-repair-link-of-tyre-protection-chain\/#breadcrumb"},"inLanguage":"pt-PT","potentialAction":[{"@type":"ReadAction","target":["https:\/\/twchains.com\/product\/x18mm-29-5r25-26-5r25-repair-link-of-tyre-protection-chain\/"]}]},{"@type":"ImageObject","inLanguage":"pt-PT","@id":"https:\/\/twchains.com\/product\/x18mm-29-5r25-26-5r25-repair-link-of-tyre-protection-chain\/#primaryimage","url":"https:\/\/twchains.com\/wp-content\/uploads\/2025\/04\/repair-parts-for-tire-chains.jpg","contentUrl":"https:\/\/twchains.com\/wp-content\/uploads\/2025\/04\/repair-parts-for-tire-chains.jpg","width":768,"height":1024},{"@type":"BreadcrumbList","@id":"https:\/\/twchains.com\/product\/x18mm-29-5r25-26-5r25-repair-link-of-tyre-protection-chain\/#breadcrumb","itemListElement":[{"@type":"ListItem","position":1,"name":"Home","item":"https:\/\/twchains.com\/"},{"@type":"ListItem","position":2,"name":"Products","item":"https:\/\/twchains.com\/products\/"},{"@type":"ListItem","position":3,"name":"\u00d718mm Plus 29.5r25 26.5r25 Repair Link of Tyre Protection Chain"}]},{"@type":"WebSite","@id":"https:\/\/twchains.com\/#website","url":"https:\/\/twchains.com\/","name":"twchains","description":"","publisher":{"@id":"https:\/\/twchains.com\/#organization"},"potentialAction":[{"@type":"SearchAction","target":{"@type":"EntryPoint","urlTemplate":"https:\/\/twchains.com\/?s={search_term_string}"},"query-input":{"@type":"PropertyValueSpecification","valueRequired":true,"valueName":"search_term_string"}}],"inLanguage":"pt-PT"},{"@type":"Organization","@id":"https:\/\/twchains.com\/#organization","name":"twchains","url":"https:\/\/twchains.com\/","logo":{"@type":"ImageObject","inLanguage":"pt-PT","@id":"https:\/\/twchains.com\/#\/schema\/logo\/image\/","url":"https:\/\/twchains.com\/wp-content\/uploads\/2025\/04\/tongwei-logo-100.svg","contentUrl":"https:\/\/twchains.com\/wp-content\/uploads\/2025\/04\/tongwei-logo-100.svg","width":128,"height":100,"caption":"twchains"},"image":{"@id":"https:\/\/twchains.com\/#\/schema\/logo\/image\/"}}]}},"_links":{"self":[{"href":"https:\/\/twchains.com\/pt\/wp-json\/wp\/v2\/product\/591","targetHints":{"allow":["GET"]}}],"collection":[{"href":"https:\/\/twchains.com\/pt\/wp-json\/wp\/v2\/product"}],"about":[{"href":"https:\/\/twchains.com\/pt\/wp-json\/wp\/v2\/types\/product"}],"wp:featuredmedia":[{"embeddable":true,"href":"https:\/\/twchains.com\/pt\/wp-json\/wp\/v2\/media\/592"}],"wp:attachment":[{"href":"https:\/\/twchains.com\/pt\/wp-json\/wp\/v2\/media?parent=591"}],"wp:term":[{"taxonomy":"product_brand","embeddable":true,"href":"https:\/\/twchains.com\/pt\/wp-json\/wp\/v2\/product_brand?post=591"},{"taxonomy":"product_cat","embeddable":true,"href":"https:\/\/twchains.com\/pt\/wp-json\/wp\/v2\/product_cat?post=591"},{"taxonomy":"product_tag","embeddable":true,"href":"https:\/\/twchains.com\/pt\/wp-json\/wp\/v2\/product_tag?post=591"}],"curies":[{"name":"wp","href":"https:\/\/api.w.org\/{rel}","templated":true}]}}