{"id":610,"date":"2025-04-24T09:17:36","date_gmt":"2025-04-24T09:17:36","guid":{"rendered":"https:\/\/twchains.com\/?post_type=product&#038;p=610"},"modified":"2025-04-24T09:17:36","modified_gmt":"2025-04-24T09:17:36","slug":"repair-link-kit-for-komatsu-wheel-loader-protector-chains-35-65r33","status":"publish","type":"product","link":"https:\/\/twchains.com\/pt\/produto\/repair-link-kit-for-komatsu-wheel-loader-protector-chains-35-65r33\/","title":{"rendered":"Kit de elos de repara\u00e7\u00e3o para correntes de prote\u00e7\u00e3o de carregadoras de rodas Komatsu 35\/65r33"},"content":{"rendered":"<ul>\n<li>Elevada resist\u00eancia ao impacto<br \/>\nFabricado em liga de a\u00e7o especial forjado e combinado com tecnologia de tratamento t\u00e9rmico, a dureza atinge HRC40-54, especialmente concebido para condi\u00e7\u00f5es de trabalho de impacto de alta frequ\u00eancia (como minera\u00e7\u00e3o e metalurgia), com resist\u00eancia \u00e0 deforma\u00e7\u00e3o aumentada em mais de 60% em compara\u00e7\u00e3o com fivelas de corrente comuns.<\/li>\n<li>Estrutura de encripta\u00e7\u00e3o exacta<br \/>\nO design exclusivo da mordida em forma de bloco aumenta a densidade de contacto com a superf\u00edcie do pneu, dispersa a press\u00e3o de forma mais uniforme, evita eficazmente que as pedras afiadas perfurem e reduz o risco de danos no pneu.<\/li>\n<li>Liga\u00e7\u00e3o r\u00e1pida e autoblocante<br \/>\nA estrutura patenteada da ranhura do cart\u00e3o + eixo do pino permite a instala\u00e7\u00e3o\/desmontagem manual sem necessidade de ferramentas, com um tempo de substitui\u00e7\u00e3o de um \u00fanico bot\u00e3o inferior a 30 segundos, reduzindo significativamente o tempo de manuten\u00e7\u00e3o (50% mais r\u00e1pido do que o tipo de parafuso tradicional).<\/li>\n<li>Resistente ao desgaste e de longa dura\u00e7\u00e3o<br \/>\nTratamento de superf\u00edcie por t\u00eampera a laser ou revestimento de carboneto de tungst\u00e9nio, com um \u00edndice de resist\u00eancia ao desgaste tr\u00eas vezes superior \u00e0 norma nacional e uma vida \u00fatil cont\u00ednua de 6-12 meses (dependendo das condi\u00e7\u00f5es de trabalho), reduzindo a frequ\u00eancia de paragens e substitui\u00e7\u00f5es.<\/li>\n<\/ul>\n<p>#komatsu#caterpillarcarregador#voloadercadeias#minera\u00e7\u00e3o#pedreira#t\u00fanel#hotslag1TP5Cadeia de protec\u00e7\u00e3o1TP5Cadeia de prote\u00e7\u00e3o de pneus<\/p>","protected":false},"excerpt":{"rendered":"<p>A fivela do bloco de encripta\u00e7\u00e3o foi concebida principalmente para correntes de prote\u00e7\u00e3o de pneus mais espessas<\/p>","protected":false},"featured_media":606,"template":"","meta":{"inline_featured_image":false,"_kad_post_transparent":"default","_kad_post_title":"","_kad_post_layout":"default","_kad_post_sidebar_id":"","_kad_post_content_style":"default","_kad_post_vertical_padding":"default","_kad_post_feature":"","_kad_post_feature_position":"","_kad_post_header":false,"_kad_post_footer":false},"product_brand":[],"product_cat":[23],"product_tag":[],"class_list":{"0":"post-610","1":"product","2":"type-product","3":"status-publish","4":"has-post-thumbnail","6":"product_cat-accessories","8":"first","9":"instock","10":"shipping-taxable","11":"product-type-simple","12":"entry","13":"content-bg","14":"loop-entry"},"yoast_head":"<!-- This site is optimized with the Yoast SEO plugin v25.4 - https:\/\/yoast.com\/wordpress\/plugins\/seo\/ -->\n<title>Repair Link Kit for Komatsu Wheel Loader Protector Chains 35\/65r33 - twchains<\/title>\n<meta name=\"robots\" content=\"index, follow, max-snippet:-1, max-image-preview:large, max-video-preview:-1\" \/>\n<link rel=\"canonical\" href=\"https:\/\/twchains.com\/pt\/produto\/repair-link-kit-for-komatsu-wheel-loader-protector-chains-35-65r33\/\" \/>\n<meta property=\"og:locale\" content=\"pt_PT\" \/>\n<meta property=\"og:type\" content=\"article\" \/>\n<meta property=\"og:title\" content=\"Repair Link Kit for Komatsu Wheel Loader Protector Chains 35\/65r33 - twchains\" \/>\n<meta property=\"og:description\" content=\"The encryption block buckle is mainly designed for thicken tire protection chains\" \/>\n<meta property=\"og:url\" content=\"https:\/\/twchains.com\/pt\/produto\/repair-link-kit-for-komatsu-wheel-loader-protector-chains-35-65r33\/\" \/>\n<meta property=\"og:site_name\" content=\"twchains\" \/>\n<meta property=\"og:image\" content=\"https:\/\/twchains.com\/wp-content\/uploads\/2025\/04\/44.jpg\" \/>\n\t<meta property=\"og:image:width\" content=\"810\" \/>\n\t<meta property=\"og:image:height\" content=\"1080\" \/>\n\t<meta property=\"og:image:type\" content=\"image\/jpeg\" \/>\n<meta name=\"twitter:card\" content=\"summary_large_image\" \/>\n<meta name=\"twitter:label1\" content=\"Tempo estimado de leitura\" \/>\n\t<meta name=\"twitter:data1\" content=\"1 minuto\" \/>\n<script type=\"application\/ld+json\" class=\"yoast-schema-graph\">{\"@context\":\"https:\/\/schema.org\",\"@graph\":[{\"@type\":\"WebPage\",\"@id\":\"https:\/\/twchains.com\/product\/repair-link-kit-for-komatsu-wheel-loader-protector-chains-35-65r33\/\",\"url\":\"https:\/\/twchains.com\/product\/repair-link-kit-for-komatsu-wheel-loader-protector-chains-35-65r33\/\",\"name\":\"Repair Link Kit for Komatsu Wheel Loader Protector Chains 35\/65r33 - twchains\",\"isPartOf\":{\"@id\":\"https:\/\/twchains.com\/#website\"},\"primaryImageOfPage\":{\"@id\":\"https:\/\/twchains.com\/product\/repair-link-kit-for-komatsu-wheel-loader-protector-chains-35-65r33\/#primaryimage\"},\"image\":{\"@id\":\"https:\/\/twchains.com\/product\/repair-link-kit-for-komatsu-wheel-loader-protector-chains-35-65r33\/#primaryimage\"},\"thumbnailUrl\":\"https:\/\/twchains.com\/wp-content\/uploads\/2025\/04\/44.jpg\",\"datePublished\":\"2025-04-24T09:17:36+00:00\",\"breadcrumb\":{\"@id\":\"https:\/\/twchains.com\/product\/repair-link-kit-for-komatsu-wheel-loader-protector-chains-35-65r33\/#breadcrumb\"},\"inLanguage\":\"pt-PT\",\"potentialAction\":[{\"@type\":\"ReadAction\",\"target\":[\"https:\/\/twchains.com\/product\/repair-link-kit-for-komatsu-wheel-loader-protector-chains-35-65r33\/\"]}]},{\"@type\":\"ImageObject\",\"inLanguage\":\"pt-PT\",\"@id\":\"https:\/\/twchains.com\/product\/repair-link-kit-for-komatsu-wheel-loader-protector-chains-35-65r33\/#primaryimage\",\"url\":\"https:\/\/twchains.com\/wp-content\/uploads\/2025\/04\/44.jpg\",\"contentUrl\":\"https:\/\/twchains.com\/wp-content\/uploads\/2025\/04\/44.jpg\",\"width\":810,\"height\":1080},{\"@type\":\"BreadcrumbList\",\"@id\":\"https:\/\/twchains.com\/product\/repair-link-kit-for-komatsu-wheel-loader-protector-chains-35-65r33\/#breadcrumb\",\"itemListElement\":[{\"@type\":\"ListItem\",\"position\":1,\"name\":\"Home\",\"item\":\"https:\/\/twchains.com\/\"},{\"@type\":\"ListItem\",\"position\":2,\"name\":\"Products\",\"item\":\"https:\/\/twchains.com\/products\/\"},{\"@type\":\"ListItem\",\"position\":3,\"name\":\"Repair Link Kit for Komatsu Wheel Loader Protector Chains 35\/65r33\"}]},{\"@type\":\"WebSite\",\"@id\":\"https:\/\/twchains.com\/#website\",\"url\":\"https:\/\/twchains.com\/\",\"name\":\"twchains\",\"description\":\"\",\"publisher\":{\"@id\":\"https:\/\/twchains.com\/#organization\"},\"potentialAction\":[{\"@type\":\"SearchAction\",\"target\":{\"@type\":\"EntryPoint\",\"urlTemplate\":\"https:\/\/twchains.com\/?s={search_term_string}\"},\"query-input\":{\"@type\":\"PropertyValueSpecification\",\"valueRequired\":true,\"valueName\":\"search_term_string\"}}],\"inLanguage\":\"pt-PT\"},{\"@type\":\"Organization\",\"@id\":\"https:\/\/twchains.com\/#organization\",\"name\":\"twchains\",\"url\":\"https:\/\/twchains.com\/\",\"logo\":{\"@type\":\"ImageObject\",\"inLanguage\":\"pt-PT\",\"@id\":\"https:\/\/twchains.com\/#\/schema\/logo\/image\/\",\"url\":\"https:\/\/twchains.com\/wp-content\/uploads\/2025\/04\/tongwei-logo-100.svg\",\"contentUrl\":\"https:\/\/twchains.com\/wp-content\/uploads\/2025\/04\/tongwei-logo-100.svg\",\"width\":128,\"height\":100,\"caption\":\"twchains\"},\"image\":{\"@id\":\"https:\/\/twchains.com\/#\/schema\/logo\/image\/\"}}]}<\/script>\n<!-- \/ Yoast SEO plugin. -->","yoast_head_json":{"title":"Repair Link Kit for Komatsu Wheel Loader Protector Chains 35\/65r33 - twchains","robots":{"index":"index","follow":"follow","max-snippet":"max-snippet:-1","max-image-preview":"max-image-preview:large","max-video-preview":"max-video-preview:-1"},"canonical":"https:\/\/twchains.com\/pt\/produto\/repair-link-kit-for-komatsu-wheel-loader-protector-chains-35-65r33\/","og_locale":"pt_PT","og_type":"article","og_title":"Repair Link Kit for Komatsu Wheel Loader Protector Chains 35\/65r33 - twchains","og_description":"The encryption block buckle is mainly designed for thicken tire protection chains","og_url":"https:\/\/twchains.com\/pt\/produto\/repair-link-kit-for-komatsu-wheel-loader-protector-chains-35-65r33\/","og_site_name":"twchains","og_image":[{"width":810,"height":1080,"url":"https:\/\/twchains.com\/wp-content\/uploads\/2025\/04\/44.jpg","type":"image\/jpeg"}],"twitter_card":"summary_large_image","twitter_misc":{"Tempo estimado de leitura":"1 minuto"},"schema":{"@context":"https:\/\/schema.org","@graph":[{"@type":"WebPage","@id":"https:\/\/twchains.com\/product\/repair-link-kit-for-komatsu-wheel-loader-protector-chains-35-65r33\/","url":"https:\/\/twchains.com\/product\/repair-link-kit-for-komatsu-wheel-loader-protector-chains-35-65r33\/","name":"Repair Link Kit for Komatsu Wheel Loader Protector Chains 35\/65r33 - twchains","isPartOf":{"@id":"https:\/\/twchains.com\/#website"},"primaryImageOfPage":{"@id":"https:\/\/twchains.com\/product\/repair-link-kit-for-komatsu-wheel-loader-protector-chains-35-65r33\/#primaryimage"},"image":{"@id":"https:\/\/twchains.com\/product\/repair-link-kit-for-komatsu-wheel-loader-protector-chains-35-65r33\/#primaryimage"},"thumbnailUrl":"https:\/\/twchains.com\/wp-content\/uploads\/2025\/04\/44.jpg","datePublished":"2025-04-24T09:17:36+00:00","breadcrumb":{"@id":"https:\/\/twchains.com\/product\/repair-link-kit-for-komatsu-wheel-loader-protector-chains-35-65r33\/#breadcrumb"},"inLanguage":"pt-PT","potentialAction":[{"@type":"ReadAction","target":["https:\/\/twchains.com\/product\/repair-link-kit-for-komatsu-wheel-loader-protector-chains-35-65r33\/"]}]},{"@type":"ImageObject","inLanguage":"pt-PT","@id":"https:\/\/twchains.com\/product\/repair-link-kit-for-komatsu-wheel-loader-protector-chains-35-65r33\/#primaryimage","url":"https:\/\/twchains.com\/wp-content\/uploads\/2025\/04\/44.jpg","contentUrl":"https:\/\/twchains.com\/wp-content\/uploads\/2025\/04\/44.jpg","width":810,"height":1080},{"@type":"BreadcrumbList","@id":"https:\/\/twchains.com\/product\/repair-link-kit-for-komatsu-wheel-loader-protector-chains-35-65r33\/#breadcrumb","itemListElement":[{"@type":"ListItem","position":1,"name":"Home","item":"https:\/\/twchains.com\/"},{"@type":"ListItem","position":2,"name":"Products","item":"https:\/\/twchains.com\/products\/"},{"@type":"ListItem","position":3,"name":"Repair Link Kit for Komatsu Wheel Loader Protector Chains 35\/65r33"}]},{"@type":"WebSite","@id":"https:\/\/twchains.com\/#website","url":"https:\/\/twchains.com\/","name":"twchains","description":"","publisher":{"@id":"https:\/\/twchains.com\/#organization"},"potentialAction":[{"@type":"SearchAction","target":{"@type":"EntryPoint","urlTemplate":"https:\/\/twchains.com\/?s={search_term_string}"},"query-input":{"@type":"PropertyValueSpecification","valueRequired":true,"valueName":"search_term_string"}}],"inLanguage":"pt-PT"},{"@type":"Organization","@id":"https:\/\/twchains.com\/#organization","name":"twchains","url":"https:\/\/twchains.com\/","logo":{"@type":"ImageObject","inLanguage":"pt-PT","@id":"https:\/\/twchains.com\/#\/schema\/logo\/image\/","url":"https:\/\/twchains.com\/wp-content\/uploads\/2025\/04\/tongwei-logo-100.svg","contentUrl":"https:\/\/twchains.com\/wp-content\/uploads\/2025\/04\/tongwei-logo-100.svg","width":128,"height":100,"caption":"twchains"},"image":{"@id":"https:\/\/twchains.com\/#\/schema\/logo\/image\/"}}]}},"_links":{"self":[{"href":"https:\/\/twchains.com\/pt\/wp-json\/wp\/v2\/product\/610","targetHints":{"allow":["GET"]}}],"collection":[{"href":"https:\/\/twchains.com\/pt\/wp-json\/wp\/v2\/product"}],"about":[{"href":"https:\/\/twchains.com\/pt\/wp-json\/wp\/v2\/types\/product"}],"wp:featuredmedia":[{"embeddable":true,"href":"https:\/\/twchains.com\/pt\/wp-json\/wp\/v2\/media\/606"}],"wp:attachment":[{"href":"https:\/\/twchains.com\/pt\/wp-json\/wp\/v2\/media?parent=610"}],"wp:term":[{"taxonomy":"product_brand","embeddable":true,"href":"https:\/\/twchains.com\/pt\/wp-json\/wp\/v2\/product_brand?post=610"},{"taxonomy":"product_cat","embeddable":true,"href":"https:\/\/twchains.com\/pt\/wp-json\/wp\/v2\/product_cat?post=610"},{"taxonomy":"product_tag","embeddable":true,"href":"https:\/\/twchains.com\/pt\/wp-json\/wp\/v2\/product_tag?post=610"}],"curies":[{"name":"wp","href":"https:\/\/api.w.org\/{rel}","templated":true}]}}