{"id":620,"date":"2025-04-25T02:18:03","date_gmt":"2025-04-25T02:18:03","guid":{"rendered":"https:\/\/twchains.com\/?post_type=product&#038;p=620"},"modified":"2025-04-25T02:18:03","modified_gmt":"2025-04-25T02:18:03","slug":"quebra-gelo-profissional-com-correntes-dentadas-antiderrapantes-26-5r25-23-5r25","status":"publish","type":"product","link":"https:\/\/twchains.com\/pt\/produto\/quebra-gelo-profissional-com-correntes-dentadas-antiderrapantes-26-5r25-23-5r25\/","title":{"rendered":"Quebra-gelo profissional com correntes dentadas antiderrapantes 26.5r25 23.5r25"},"content":{"rendered":"<ul>\n<li>Super forte quebra-gelo e anti-derrapagem: A distribui\u00e7\u00e3o densa de 16 an\u00e9is e o design dos dentes de a\u00e7o afiados podem esmagar instantaneamente as superf\u00edcies de gelo e afundar-se na lama e na neve, proporcionando uma ader\u00eancia de n\u00edvel militar e resolvendo completamente os problemas de marcha lenta e derrapagem em condi\u00e7\u00f5es extremas de estrada molhada e escorregadia.<\/li>\n<li>\n<div data-slate-node=\"element\"><span data-slate-node=\"text\">Resistente ao desgaste e ao impacto de n\u00edvel militar :<\/span><\/div>\n<div data-slate-node=\"element\" data-slate-fragment=\"JTVCJTdCJTIydHlwZSUyMiUzQSUyMnBhcmFncmFwaCUyMiUyQyUyMmNoaWxkcmVuJTIyJTNBJTVCJTdCJTIyaWQlMjIlM0ElMjJLMHFRZWFFVnE3JTIyJTJDJTIycGFyYUlkeCUyMiUzQTAlMkMlMjJzcmMlMjIlM0ElMjJNaWxpdGFyeSUyMGdyYWRlJTIwd2Vhci1yZXNpc3RhbnQlMjBhbmQlMjBpbXBhY3QlMjByZXNpc3RhbnQlMjIlMkMlMjJkc3QlMjIlM0ElMjIlRTUlODYlOUIlRTclOTQlQTglRTclQkElQTclRTglODAlOTAlRTclQTMlQTglRTYlOEElOTclRTUlODYlQjIlRTUlODclQkIlMjIlMkMlMjJtZXRhZGF0YSUyMiUzQSUyMiUyMiUyQyUyMm1hdGNoZXMlMjIlM0FudWxsJTJDJTIybWV0YURhdGElMjIlM0ElNUIlNUQlMkMlMjJ0ZXh0JTIyJTNBJTIyTWlsaXRhcnklMjBncmFkZSUyMHdlYXItcmVzaXN0YW50JTIwYW5kJTIwaW1wYWN0JTIwcmVzaXN0YW50JTIyJTdEJTVEJTdEJTJDJTdCJTIydHlwZSUyMiUzQSUyMnBhcmFncmFwaCUyMiUyQyUyMmNoaWxkcmVuJTIyJTNBJTVCJTdCJTIyaWQlMjIlM0ElMjJubzVqeTRQa0E4JTIyJTJDJTIycGFyYUlkeCUyMiUzQTElMkMlMjJzcmMlMjIlM0ElMjJBZG9wdGluZyUyMHF1ZW5jaGVkJTIwYWxsb3klMjBzdGVlbCUyMGNoYWluJTIwYm9keSUyMGFuZCUyMG1hbmdhbmVzZSUyMHN0ZWVsJTIwdGVldGglMkMlMjB3aXRoJTIwYSUyMGhhcmRuZXNzJTIwb2YlMjBIUkM1MCUyMG9yJTIwYWJvdmUlMkMlMjBpdCUyMGlzJTIwcmVzaXN0YW50JTIwdG8lMjBncmF2ZWwlMjBpbXBhY3QlMjBhbmQlMjByZXBlYXRlZCUyMHJvbGxpbmclMkMlMjBhbmQlMjBpdHMlMjBzZXJ2aWNlJTIwbGlmZSUyMGlzJTIwbW9yZSUyMHRoYW4lMjB0aHJlZSUyMHRpbWVzJTIwbG9uZ2VyJTIwdGhhbiUyMG9yZGluYXJ5JTIwYW50aS1za2lkJTIwY2hhaW5zLiUyMiUyQyUyMmRzdCUyMiUzQSUyMiVFOSU4NyU4NyVFNyU5NCVBOCVFNiVCNyVBQyVFNyU4MSVBQiVFNSU5MCU4OCVFOSU4NyU5MSVFOSU5MiVBMiVFOSU5MyVCRSVFNCVCRCU5MyVFNSU5MiU4QyVFOSU5NCVCMCVFOSU5MiVBMiVFOSVCRCVCRiVFRiVCQyU4QyVFNyVBMSVBQyVFNSVCQSVBNkhSQzUwJUU2JTg4JTk2JUU0JUJCJUE1JUU0JUI4JThBJUVGJUJDJThDJUU4JTgwJTkwJUU3JUEwJUJFJUU3JTlGJUIzJUU1JTg2JUIyJUU1JTg3JUJCJUU1JTkyJThDJUU1JThGJThEJUU1JUE0JThEJUU2JUJCJTlBJUU1JThBJUE4JUVGJUJDJThDJUU0JUJEJUJGJUU3JTk0JUE4JUU1JUFGJUJGJUU1JTkxJUJEJUU2JTk4JUFGJUU2JTk5JUFFJUU5JTgwJTlBJUU5JTk4JUIyJUU2JUJCJTkxJUU5JTkzJUJFJUU3JTlBJTg0JUU0JUI4JTg5JUU1JTgwJThEJUU0JUJCJUE1JUU0JUI4JThBJUUzJTgwJTgyJTIyJTJDJTIybWV0YWRhdGElMjIlM0ElMjIlMjIlMkMlMjJtYXRjaGVzJTIyJTNBbnVsbCUyQyUyMm1ldGFEYXRhJTIyJTNBJTVCJTVEJTJDJTIydGV4dCUyMiUzQSUyMkFkb3B0aW5nJTIwcXVlbmNoZWQlMjBhbGxveSUyMHN0ZWVsJTIwY2hhaW4lMjBib2R5JTIwYW5kJTIwbWFuZ2FuZXNlJTIwc3RlZWwlMjB0ZWV0aCUyQyUyMHdpdGglMjBhJTIwaGFyZG5lc3MlMjBvZiUyMEhSQzUwJTIwb3IlMjBhYm92ZSUyQyUyMGl0JTIwaXMlMjByZXNpc3RhbnQlMjB0byUyMGdyYXZlbCUyMGltcGFjdCUyMGFuZCUyMHJlcGVhdGVkJTIwcm9sbGluZyUyQyUyMGFuZCUyMGl0cyUyMHNlcnZpY2UlMjBsaWZlJTIwaXMlMjBtb3JlJTIwdGhhbiUyMHRocmVlJTIwdGltZXMlMjBsb25nZXIlMjB0aGFuJTIwb3JkaW5hcnklMjBhbnRpLXNraWQlMjBjaGFpbnMuJTIyJTdEJTVEJTdEJTVE\"><span data-slate-node=\"text\">Adoptando o corpo da corrente em liga de a\u00e7o temperado e dentes em a\u00e7o mangan\u00eas, com uma dureza HRC50 ou superior, \u00e9 resistente ao impacto de gravilha e ao rolamento repetido, e a sua vida \u00fatil \u00e9 mais de tr\u00eas vezes superior \u00e0 das correntes antiderrapantes normais.<\/span><\/div>\n<\/li>\n<li>\n<div data-slate-node=\"element\"><span data-slate-node=\"text\">Estrutura de auto-aperto e anti-afastamento :<\/span><\/div>\n<div data-slate-node=\"element\" data-slate-fragment=\"JTVCJTdCJTIydHlwZSUyMiUzQSUyMnBhcmFncmFwaCUyMiUyQyUyMmNoaWxkcmVuJTIyJTNBJTVCJTdCJTIyaWQlMjIlM0ElMjI5WHdZUWJRdndQJTIyJTJDJTIycGFyYUlkeCUyMiUzQTAlMkMlMjJzcmMlMjIlM0ElMjJTZWxmJTIwdGlnaHRlbmluZyUyMGFuZCUyMGFudGklMjBkZXRhY2htZW50JTIwc3RydWN0dXJlJTIyJTJDJTIyZHN0JTIyJTNBJTIyJUU4JTg3JUFBJUU3JUI0JUE3JUU5JTk4JUIyJUU4JTg0JUIxJUU4JTkwJUJEJUU3JUJCJTkzJUU2JTlFJTg0JTIyJTJDJTIybWV0YWRhdGElMjIlM0ElMjIlMjIlMkMlMjJtYXRjaGVzJTIyJTNBbnVsbCUyQyUyMm1ldGFEYXRhJTIyJTNBJTVCJTVEJTJDJTIydGV4dCUyMiUzQSUyMlNlbGYlMjB0aWdodGVuaW5nJTIwYW5kJTIwYW50aSUyMGRldGFjaG1lbnQlMjBzdHJ1Y3R1cmUlMjIlN0QlNUQlN0QlMkMlN0IlMjJ0eXBlJTIyJTNBJTIycGFyYWdyYXBoJTIyJTJDJTIyY2hpbGRyZW4lMjIlM0ElNUIlN0IlMjJpZCUyMiUzQSUyMlZFcTFOMU5NQTAlMjIlMkMlMjJwYXJhSWR4JTIyJTNBMSUyQyUyMnNyYyUyMiUzQSUyMlBhdGVudCUyMHNwcmluZyUyMHRlbnNpb25pbmclMjBzeXN0ZW0lMkJhbnRpJTIwc3dpbmclMjBjaGFpbiUyMGxpbmslMjBidWNrbGUlMkMlMjBhdXRvbWF0aWNhbGx5JTIwYWRqdXN0cyUyMHRoZSUyMHRpZ2h0bmVzcyUyMGR1cmluZyUyMG9wZXJhdGlvbiUyQyUyMHByZXZlbnRpbmclMjB0aGUlMjBjaGFpbiUyMGZyb20lMjBsb29zZW5pbmclMjBvciUyMGZseWluZyUyMG9mZiUyMGR1cmluZyUyMGhpZ2gtc3BlZWQlMjBvcGVyYXRpb24lMkMlMjBkb3VibGluZyUyMHRoZSUyMHNhZmV0eSUyMGZhY3Rvci4lMjIlMkMlMjJkc3QlMjIlM0ElMjIlRTQlQjglOTMlRTUlODglQTklRTUlQkMlQjklRTclQjAlQTclRTUlQkMlQTAlRTclQjQlQTclRTclQjMlQkIlRTclQkIlOUYlMkIlRTklOTglQjIlRTYlOTElODYlRTUlOEElQTglRTklOTMlQkUlRTglOEElODIlRTYlODklQTMlRUYlQkMlOEMlRTUlOUMlQTglRTglQkYlOTAlRTglQTElOEMlRTglQkYlODclRTclQTglOEIlRTQlQjglQUQlRTglODclQUElRTUlOEElQTglRTglQjAlODMlRTglOEElODIlRTYlOUQlQkUlRTclQjQlQTclRTUlQkElQTYlRUYlQkMlOEMlRTklOTglQjIlRTYlQUQlQTIlRTklOTMlQkUlRTYlOUQlQTElRTUlOUMlQTglRTklQUIlOTglRTklODAlOUYlRTglQkYlOTAlRTglQTElOEMlRTYlOTclQjYlRTYlOUQlQkUlRTUlOEElQTglRTYlODglOTYlRTglODQlQjElRTglOTAlQkQlRUYlQkMlOEMlRTQlQkQlQkYlRTUlQUUlODklRTUlODUlQTglRTclQjMlQkIlRTYlOTUlQjAlRTUlOEElQTAlRTUlODAlOEQlRTMlODAlODIlMjIlMkMlMjJtZXRhZGF0YSUyMiUzQSUyMiUyMiUyQyUyMm1hdGNoZXMlMjIlM0FudWxsJTJDJTIybWV0YURhdGElMjIlM0ElNUIlNUQlMkMlMjJ0ZXh0JTIyJTNBJTIyUGF0ZW50JTIwc3ByaW5nJTIwdGVuc2lvbmluZyUyMHN5c3RlbSUyQmFudGklMjBzd2luZyUyMGNoYWluJTIwbGluayUyMGJ1Y2tsZSUyQyUyMGF1dG9tYXRpY2FsbHklMjBhZGp1c3RzJTIwdGhlJTIwdGlnaHRuZXNzJTIwZHVyaW5nJTIwb3BlcmF0aW9uJTJDJTIwcHJldmVudGluZyUyMHRoZSUyMGNoYWluJTIwZnJvbSUyMGxvb3NlbmluZyUyMG9yJTIwZmx5aW5nJTIwb2ZmJTIwZHVyaW5nJTIwaGlnaC1zcGVlZCUyMG9wZXJhdGlvbiUyQyUyMGRvdWJsaW5nJTIwdGhlJTIwc2FmZXR5JTIwZmFjdG9yLiUyMiU3RCU1RCU3RCU1RA==\"><span data-slate-node=\"text\">Sistema de tensionamento de molas patenteado + fivela de elo de corrente anti-salto, ajusta automaticamente o aperto durante o funcionamento, evitando que a corrente se solte ou voe durante o funcionamento a alta velocidade, duplicando o fator de seguran\u00e7a.<\/span><\/div>\n<\/li>\n<li>Adapta\u00e7\u00e3o \u00e0 compacta\u00e7\u00e3o em todos os terrenos: Os dentes serrilhados podem rodar 360\u00b0, adaptando-se a condi\u00e7\u00f5es de terreno como gelo, neve profunda, lama ou detritos de minas, mantendo uma tra\u00e7\u00e3o cont\u00ednua.<\/li>\n<li>Destaque adicional: Alguns modelos est\u00e3o equipados com revestimento anti-ferrugem, que \u00e9 resistente \u00e0 corros\u00e3o em ambientes salinos, alcalinos e de fus\u00e3o de neve e adequado para \u00e1reas mineiras de elevada altitude ou opera\u00e7\u00f5es portu\u00e1rias.<\/li>\n<\/ul>\n<p>1TP5Correntes antiderrapantes#antiskid1TP5Cadeia de dentes#snow#mining#port#forestry#nonslip<\/p>","protected":false},"excerpt":{"rendered":"<ul>\n<li>Super forte para quebrar o gelo e anti-derrapante<\/li>\n<li>Grau militar<\/li>\n<li>Qualidade garantida<\/li>\n<li>Peso da liga\u00e7\u00e3o: 0,45kg\/pc (\u00d7<span style=\"font-family: var(--global-body-font-family);\">16mm)<\/span><\/li>\n<li>Especifica\u00e7\u00f5es opcionais : \u00d7<span style=\"font-family: var(--global-body-font-family);\">18 mm<\/span><\/li>\n<\/ul>","protected":false},"featured_media":621,"template":"","meta":{"inline_featured_image":false,"_kad_post_transparent":"default","_kad_post_title":"","_kad_post_layout":"default","_kad_post_sidebar_id":"","_kad_post_content_style":"default","_kad_post_vertical_padding":"default","_kad_post_feature":"","_kad_post_feature_position":"","_kad_post_header":false,"_kad_post_footer":false},"product_brand":[],"product_cat":[24],"product_tag":[],"class_list":{"0":"post-620","1":"product","2":"type-product","3":"status-publish","4":"has-post-thumbnail","6":"product_cat-anti-skid-tire-chains","8":"first","9":"instock","10":"shipping-taxable","11":"product-type-simple","12":"entry","13":"content-bg","14":"loop-entry"},"yoast_head":"<!-- This site is optimized with the Yoast SEO plugin v25.4 - https:\/\/yoast.com\/wordpress\/plugins\/seo\/ -->\n<title>Professional Ice Breaker with Toothed Anti-Skid Chains 26.5r25 23.5r25 - twchains<\/title>\n<meta name=\"robots\" content=\"index, follow, max-snippet:-1, max-image-preview:large, max-video-preview:-1\" \/>\n<link rel=\"canonical\" href=\"https:\/\/twchains.com\/pt\/produto\/quebra-gelo-profissional-com-correntes-dentadas-antiderrapantes-26-5r25-23-5r25\/\" \/>\n<meta property=\"og:locale\" content=\"pt_PT\" \/>\n<meta property=\"og:type\" content=\"article\" \/>\n<meta property=\"og:title\" content=\"Professional Ice Breaker with Toothed Anti-Skid Chains 26.5r25 23.5r25 - twchains\" \/>\n<meta property=\"og:description\" content=\"Super Strong Ice Breaking &amp; Anti-Skid  Military Grade  Quality Guaranteed  Weight of Link: 0.45kg\/pc (\u00d716mm)  Optional Specifications :\u00a0\u00d718mm\" \/>\n<meta property=\"og:url\" content=\"https:\/\/twchains.com\/pt\/produto\/quebra-gelo-profissional-com-correntes-dentadas-antiderrapantes-26-5r25-23-5r25\/\" \/>\n<meta property=\"og:site_name\" content=\"twchains\" \/>\n<meta property=\"og:image\" content=\"https:\/\/twchains.com\/wp-content\/uploads\/2025\/04\/3-2.jpg\" \/>\n\t<meta property=\"og:image:width\" content=\"800\" \/>\n\t<meta property=\"og:image:height\" content=\"800\" \/>\n\t<meta property=\"og:image:type\" content=\"image\/jpeg\" \/>\n<meta name=\"twitter:card\" content=\"summary_large_image\" \/>\n<meta name=\"twitter:label1\" content=\"Tempo estimado de leitura\" \/>\n\t<meta name=\"twitter:data1\" content=\"2 minutos\" \/>\n<script type=\"application\/ld+json\" class=\"yoast-schema-graph\">{\"@context\":\"https:\/\/schema.org\",\"@graph\":[{\"@type\":\"WebPage\",\"@id\":\"https:\/\/twchains.com\/product\/professional-ice-breaker-with-toothed-anti-skid-chains-26-5r25-23-5r25\/\",\"url\":\"https:\/\/twchains.com\/product\/professional-ice-breaker-with-toothed-anti-skid-chains-26-5r25-23-5r25\/\",\"name\":\"Professional Ice Breaker with Toothed Anti-Skid Chains 26.5r25 23.5r25 - twchains\",\"isPartOf\":{\"@id\":\"https:\/\/twchains.com\/#website\"},\"primaryImageOfPage\":{\"@id\":\"https:\/\/twchains.com\/product\/professional-ice-breaker-with-toothed-anti-skid-chains-26-5r25-23-5r25\/#primaryimage\"},\"image\":{\"@id\":\"https:\/\/twchains.com\/product\/professional-ice-breaker-with-toothed-anti-skid-chains-26-5r25-23-5r25\/#primaryimage\"},\"thumbnailUrl\":\"https:\/\/twchains.com\/wp-content\/uploads\/2025\/04\/3-2.jpg\",\"datePublished\":\"2025-04-25T02:18:03+00:00\",\"breadcrumb\":{\"@id\":\"https:\/\/twchains.com\/product\/professional-ice-breaker-with-toothed-anti-skid-chains-26-5r25-23-5r25\/#breadcrumb\"},\"inLanguage\":\"pt-PT\",\"potentialAction\":[{\"@type\":\"ReadAction\",\"target\":[\"https:\/\/twchains.com\/product\/professional-ice-breaker-with-toothed-anti-skid-chains-26-5r25-23-5r25\/\"]}]},{\"@type\":\"ImageObject\",\"inLanguage\":\"pt-PT\",\"@id\":\"https:\/\/twchains.com\/product\/professional-ice-breaker-with-toothed-anti-skid-chains-26-5r25-23-5r25\/#primaryimage\",\"url\":\"https:\/\/twchains.com\/wp-content\/uploads\/2025\/04\/3-2.jpg\",\"contentUrl\":\"https:\/\/twchains.com\/wp-content\/uploads\/2025\/04\/3-2.jpg\",\"width\":800,\"height\":800},{\"@type\":\"BreadcrumbList\",\"@id\":\"https:\/\/twchains.com\/product\/professional-ice-breaker-with-toothed-anti-skid-chains-26-5r25-23-5r25\/#breadcrumb\",\"itemListElement\":[{\"@type\":\"ListItem\",\"position\":1,\"name\":\"Home\",\"item\":\"https:\/\/twchains.com\/\"},{\"@type\":\"ListItem\",\"position\":2,\"name\":\"Products\",\"item\":\"https:\/\/twchains.com\/products\/\"},{\"@type\":\"ListItem\",\"position\":3,\"name\":\"Professional Ice Breaker with Toothed Anti-Skid Chains 26.5r25 23.5r25\"}]},{\"@type\":\"WebSite\",\"@id\":\"https:\/\/twchains.com\/#website\",\"url\":\"https:\/\/twchains.com\/\",\"name\":\"twchains\",\"description\":\"\",\"publisher\":{\"@id\":\"https:\/\/twchains.com\/#organization\"},\"potentialAction\":[{\"@type\":\"SearchAction\",\"target\":{\"@type\":\"EntryPoint\",\"urlTemplate\":\"https:\/\/twchains.com\/?s={search_term_string}\"},\"query-input\":{\"@type\":\"PropertyValueSpecification\",\"valueRequired\":true,\"valueName\":\"search_term_string\"}}],\"inLanguage\":\"pt-PT\"},{\"@type\":\"Organization\",\"@id\":\"https:\/\/twchains.com\/#organization\",\"name\":\"twchains\",\"url\":\"https:\/\/twchains.com\/\",\"logo\":{\"@type\":\"ImageObject\",\"inLanguage\":\"pt-PT\",\"@id\":\"https:\/\/twchains.com\/#\/schema\/logo\/image\/\",\"url\":\"https:\/\/twchains.com\/wp-content\/uploads\/2025\/04\/tongwei-logo-100.svg\",\"contentUrl\":\"https:\/\/twchains.com\/wp-content\/uploads\/2025\/04\/tongwei-logo-100.svg\",\"width\":128,\"height\":100,\"caption\":\"twchains\"},\"image\":{\"@id\":\"https:\/\/twchains.com\/#\/schema\/logo\/image\/\"}}]}<\/script>\n<!-- \/ Yoast SEO plugin. -->","yoast_head_json":{"title":"Professional Ice Breaker with Toothed Anti-Skid Chains 26.5r25 23.5r25 - twchains","robots":{"index":"index","follow":"follow","max-snippet":"max-snippet:-1","max-image-preview":"max-image-preview:large","max-video-preview":"max-video-preview:-1"},"canonical":"https:\/\/twchains.com\/pt\/produto\/quebra-gelo-profissional-com-correntes-dentadas-antiderrapantes-26-5r25-23-5r25\/","og_locale":"pt_PT","og_type":"article","og_title":"Professional Ice Breaker with Toothed Anti-Skid Chains 26.5r25 23.5r25 - twchains","og_description":"Super Strong Ice Breaking &amp; Anti-Skid  Military Grade  Quality Guaranteed  Weight of Link: 0.45kg\/pc (\u00d716mm)  Optional Specifications :\u00a0\u00d718mm","og_url":"https:\/\/twchains.com\/pt\/produto\/quebra-gelo-profissional-com-correntes-dentadas-antiderrapantes-26-5r25-23-5r25\/","og_site_name":"twchains","og_image":[{"width":800,"height":800,"url":"https:\/\/twchains.com\/wp-content\/uploads\/2025\/04\/3-2.jpg","type":"image\/jpeg"}],"twitter_card":"summary_large_image","twitter_misc":{"Tempo estimado de leitura":"2 minutos"},"schema":{"@context":"https:\/\/schema.org","@graph":[{"@type":"WebPage","@id":"https:\/\/twchains.com\/product\/professional-ice-breaker-with-toothed-anti-skid-chains-26-5r25-23-5r25\/","url":"https:\/\/twchains.com\/product\/professional-ice-breaker-with-toothed-anti-skid-chains-26-5r25-23-5r25\/","name":"Professional Ice Breaker with Toothed Anti-Skid Chains 26.5r25 23.5r25 - twchains","isPartOf":{"@id":"https:\/\/twchains.com\/#website"},"primaryImageOfPage":{"@id":"https:\/\/twchains.com\/product\/professional-ice-breaker-with-toothed-anti-skid-chains-26-5r25-23-5r25\/#primaryimage"},"image":{"@id":"https:\/\/twchains.com\/product\/professional-ice-breaker-with-toothed-anti-skid-chains-26-5r25-23-5r25\/#primaryimage"},"thumbnailUrl":"https:\/\/twchains.com\/wp-content\/uploads\/2025\/04\/3-2.jpg","datePublished":"2025-04-25T02:18:03+00:00","breadcrumb":{"@id":"https:\/\/twchains.com\/product\/professional-ice-breaker-with-toothed-anti-skid-chains-26-5r25-23-5r25\/#breadcrumb"},"inLanguage":"pt-PT","potentialAction":[{"@type":"ReadAction","target":["https:\/\/twchains.com\/product\/professional-ice-breaker-with-toothed-anti-skid-chains-26-5r25-23-5r25\/"]}]},{"@type":"ImageObject","inLanguage":"pt-PT","@id":"https:\/\/twchains.com\/product\/professional-ice-breaker-with-toothed-anti-skid-chains-26-5r25-23-5r25\/#primaryimage","url":"https:\/\/twchains.com\/wp-content\/uploads\/2025\/04\/3-2.jpg","contentUrl":"https:\/\/twchains.com\/wp-content\/uploads\/2025\/04\/3-2.jpg","width":800,"height":800},{"@type":"BreadcrumbList","@id":"https:\/\/twchains.com\/product\/professional-ice-breaker-with-toothed-anti-skid-chains-26-5r25-23-5r25\/#breadcrumb","itemListElement":[{"@type":"ListItem","position":1,"name":"Home","item":"https:\/\/twchains.com\/"},{"@type":"ListItem","position":2,"name":"Products","item":"https:\/\/twchains.com\/products\/"},{"@type":"ListItem","position":3,"name":"Professional Ice Breaker with Toothed Anti-Skid Chains 26.5r25 23.5r25"}]},{"@type":"WebSite","@id":"https:\/\/twchains.com\/#website","url":"https:\/\/twchains.com\/","name":"twchains","description":"","publisher":{"@id":"https:\/\/twchains.com\/#organization"},"potentialAction":[{"@type":"SearchAction","target":{"@type":"EntryPoint","urlTemplate":"https:\/\/twchains.com\/?s={search_term_string}"},"query-input":{"@type":"PropertyValueSpecification","valueRequired":true,"valueName":"search_term_string"}}],"inLanguage":"pt-PT"},{"@type":"Organization","@id":"https:\/\/twchains.com\/#organization","name":"twchains","url":"https:\/\/twchains.com\/","logo":{"@type":"ImageObject","inLanguage":"pt-PT","@id":"https:\/\/twchains.com\/#\/schema\/logo\/image\/","url":"https:\/\/twchains.com\/wp-content\/uploads\/2025\/04\/tongwei-logo-100.svg","contentUrl":"https:\/\/twchains.com\/wp-content\/uploads\/2025\/04\/tongwei-logo-100.svg","width":128,"height":100,"caption":"twchains"},"image":{"@id":"https:\/\/twchains.com\/#\/schema\/logo\/image\/"}}]}},"_links":{"self":[{"href":"https:\/\/twchains.com\/pt\/wp-json\/wp\/v2\/product\/620","targetHints":{"allow":["GET"]}}],"collection":[{"href":"https:\/\/twchains.com\/pt\/wp-json\/wp\/v2\/product"}],"about":[{"href":"https:\/\/twchains.com\/pt\/wp-json\/wp\/v2\/types\/product"}],"wp:featuredmedia":[{"embeddable":true,"href":"https:\/\/twchains.com\/pt\/wp-json\/wp\/v2\/media\/621"}],"wp:attachment":[{"href":"https:\/\/twchains.com\/pt\/wp-json\/wp\/v2\/media?parent=620"}],"wp:term":[{"taxonomy":"product_brand","embeddable":true,"href":"https:\/\/twchains.com\/pt\/wp-json\/wp\/v2\/product_brand?post=620"},{"taxonomy":"product_cat","embeddable":true,"href":"https:\/\/twchains.com\/pt\/wp-json\/wp\/v2\/product_cat?post=620"},{"taxonomy":"product_tag","embeddable":true,"href":"https:\/\/twchains.com\/pt\/wp-json\/wp\/v2\/product_tag?post=620"}],"curies":[{"name":"wp","href":"https:\/\/api.w.org\/{rel}","templated":true}]}}