{"id":623,"date":"2025-04-25T02:47:43","date_gmt":"2025-04-25T02:47:43","guid":{"rendered":"https:\/\/twchains.com\/?post_type=product&#038;p=623"},"modified":"2025-04-25T02:57:02","modified_gmt":"2025-04-25T02:57:02","slug":"encrypt-block-tyre-protection-chain-23-5-25-26-5-25","status":"publish","type":"product","link":"https:\/\/twchains.com\/pt\/produto\/encrypt-block-tyre-protection-chain-23-5-25-26-5-25\/","title":{"rendered":"Cadeia de prote\u00e7\u00e3o de pneus Encrypt Block 23.5-25 26.5-25 para t\u00faneis subterr\u00e2neos"},"content":{"rendered":"<p>Normalmente utilizado para correntes de prote\u00e7\u00e3o de pneus de m\u00e9dia dimens\u00e3o, o protetor de pneus de carregador de blocos encriptados foi inicialmente utilizado em ambientes de trabalho dif\u00edceis, como esc\u00f3rias de a\u00e7o quentes no subsolo dos t\u00faneis, e est\u00e1 agora a ser gradualmente aberto em locais de explora\u00e7\u00e3o mineira e pedreiras devido \u00e0 sua elevada espessura resistente ao desgaste, estrutura mais densa e embalagem completa.<\/p>\n<ul>\n<li>Estrutura ultra densa com forte resist\u00eancia ao impacto: O design de soldadura encriptada do tipo bloco \u00e9 mais compacto do que os elos de corrente tradicionais, com uma \u00e1rea de for\u00e7a maior, que pode resistir eficazmente ao impacto de detritos de minas e objectos afiados, evitar a rutura ou deforma\u00e7\u00e3o da corrente, e \u00e9 especialmente adequado para ambientes agressivos em t\u00faneis subterr\u00e2neos e pedreiras.<\/li>\n<li>Bloco resistente ao desgaste de elevada espessura, vida \u00fatil aumentada em 3 vezes+ : Utilizando blocos de a\u00e7o mangan\u00eas espessos (superf\u00edcie resistente ao desgaste de 22-36 mm), tratamento de t\u00eampera da superf\u00edcie, a dureza atinge HRC54, a resist\u00eancia ao desgaste excede em muito as correntes normais e a vida \u00fatil em condi\u00e7\u00f5es de fric\u00e7\u00e3o do min\u00e9rio \u00e9 alargada para mais de tr\u00eas vezes a das correntes antiderrapantes normais.<\/li>\n<li>Pacote completo de prote\u00e7\u00e3o dos pneus<br \/>\nA estrutura \u00fanica de cobertura \"blindada\" envolve quase completamente a lateral e o piso do pneu, evitando que a parede do pneu seja arranhada por paredes rochosas subterr\u00e2neas ou cortada por min\u00e9rios, reduzindo consideravelmente o risco de rebentamento do pneu e poupando custos de substitui\u00e7\u00e3o.<\/li>\n<\/ul>\n<p>#tunnel#underground#miningchain#tunnelprotection#encryptionchain<\/p>","protected":false},"excerpt":{"rendered":"<ul>\n<li>Vida \u00fatil aumentada em 3 vezes+<\/li>\n<li>Econ\u00f3mico<\/li>\n<li>Mat\u00e9rias-primas de alta qualidade<\/li>\n<li>Peso de 1 elo:0,48kg (\u00d713mm<span style=\"font-family: var(--global-body-font-family);\">)<\/span><\/li>\n<li>De 13 mm a 18 mm de di\u00e2metro do anel<\/li>\n<\/ul>","protected":false},"featured_media":557,"template":"","meta":{"inline_featured_image":false,"_kad_post_transparent":"default","_kad_post_title":"","_kad_post_layout":"default","_kad_post_sidebar_id":"","_kad_post_content_style":"default","_kad_post_vertical_padding":"default","_kad_post_feature":"","_kad_post_feature_position":"","_kad_post_header":false,"_kad_post_footer":false},"product_brand":[],"product_cat":[15,27],"product_tag":[],"class_list":{"0":"post-623","1":"product","2":"type-product","3":"status-publish","4":"has-post-thumbnail","6":"product_cat-tyre-protection-chain","7":"product_cat-encryption","9":"first","10":"instock","11":"shipping-taxable","12":"product-type-simple","13":"entry","14":"content-bg","15":"loop-entry"},"yoast_head":"<!-- This site is optimized with the Yoast SEO plugin v25.4 - https:\/\/yoast.com\/wordpress\/plugins\/seo\/ -->\n<title>Encrypt Block Tyre Protection Chain 23.5-25 26.5-25 for Underground Tunnel - twchains<\/title>\n<meta name=\"robots\" content=\"index, follow, max-snippet:-1, max-image-preview:large, max-video-preview:-1\" \/>\n<link rel=\"canonical\" href=\"https:\/\/twchains.com\/pt\/produto\/encrypt-block-tyre-protection-chain-23-5-25-26-5-25\/\" \/>\n<meta property=\"og:locale\" content=\"pt_PT\" \/>\n<meta property=\"og:type\" content=\"article\" \/>\n<meta property=\"og:title\" content=\"Encrypt Block Tyre Protection Chain 23.5-25 26.5-25 for Underground Tunnel - twchains\" \/>\n<meta property=\"og:description\" content=\"Life Increased By 3 times+  Economical  High Quality Raw Materials  Weight of 1 link:0.48kg (\u00d713mm)  From 13mm-18mm Ring Diameter\" \/>\n<meta property=\"og:url\" content=\"https:\/\/twchains.com\/pt\/produto\/encrypt-block-tyre-protection-chain-23-5-25-26-5-25\/\" \/>\n<meta property=\"og:site_name\" content=\"twchains\" \/>\n<meta property=\"article:modified_time\" content=\"2025-04-25T02:57:02+00:00\" \/>\n<meta property=\"og:image\" content=\"https:\/\/twchains.com\/wp-content\/uploads\/2025\/04\/18mmE.png\" \/>\n\t<meta property=\"og:image:width\" content=\"750\" \/>\n\t<meta property=\"og:image:height\" content=\"1000\" \/>\n\t<meta property=\"og:image:type\" content=\"image\/png\" \/>\n<meta name=\"twitter:card\" content=\"summary_large_image\" \/>\n<meta name=\"twitter:label1\" content=\"Tempo estimado de leitura\" \/>\n\t<meta name=\"twitter:data1\" content=\"2 minutos\" \/>\n<script type=\"application\/ld+json\" class=\"yoast-schema-graph\">{\"@context\":\"https:\/\/schema.org\",\"@graph\":[{\"@type\":\"WebPage\",\"@id\":\"https:\/\/twchains.com\/product\/encrypt-block-tyre-protection-chain-23-5-25-26-5-25\/\",\"url\":\"https:\/\/twchains.com\/product\/encrypt-block-tyre-protection-chain-23-5-25-26-5-25\/\",\"name\":\"Encrypt Block Tyre Protection Chain 23.5-25 26.5-25 for Underground Tunnel - twchains\",\"isPartOf\":{\"@id\":\"https:\/\/twchains.com\/#website\"},\"primaryImageOfPage\":{\"@id\":\"https:\/\/twchains.com\/product\/encrypt-block-tyre-protection-chain-23-5-25-26-5-25\/#primaryimage\"},\"image\":{\"@id\":\"https:\/\/twchains.com\/product\/encrypt-block-tyre-protection-chain-23-5-25-26-5-25\/#primaryimage\"},\"thumbnailUrl\":\"https:\/\/twchains.com\/wp-content\/uploads\/2025\/04\/18mmE.png\",\"datePublished\":\"2025-04-25T02:47:43+00:00\",\"dateModified\":\"2025-04-25T02:57:02+00:00\",\"breadcrumb\":{\"@id\":\"https:\/\/twchains.com\/product\/encrypt-block-tyre-protection-chain-23-5-25-26-5-25\/#breadcrumb\"},\"inLanguage\":\"pt-PT\",\"potentialAction\":[{\"@type\":\"ReadAction\",\"target\":[\"https:\/\/twchains.com\/product\/encrypt-block-tyre-protection-chain-23-5-25-26-5-25\/\"]}]},{\"@type\":\"ImageObject\",\"inLanguage\":\"pt-PT\",\"@id\":\"https:\/\/twchains.com\/product\/encrypt-block-tyre-protection-chain-23-5-25-26-5-25\/#primaryimage\",\"url\":\"https:\/\/twchains.com\/wp-content\/uploads\/2025\/04\/18mmE.png\",\"contentUrl\":\"https:\/\/twchains.com\/wp-content\/uploads\/2025\/04\/18mmE.png\",\"width\":750,\"height\":1000},{\"@type\":\"BreadcrumbList\",\"@id\":\"https:\/\/twchains.com\/product\/encrypt-block-tyre-protection-chain-23-5-25-26-5-25\/#breadcrumb\",\"itemListElement\":[{\"@type\":\"ListItem\",\"position\":1,\"name\":\"Home\",\"item\":\"https:\/\/twchains.com\/\"},{\"@type\":\"ListItem\",\"position\":2,\"name\":\"Products\",\"item\":\"https:\/\/twchains.com\/products\/\"},{\"@type\":\"ListItem\",\"position\":3,\"name\":\"Encrypt Block Tyre Protection Chain 23.5-25 26.5-25 for Underground Tunnel\"}]},{\"@type\":\"WebSite\",\"@id\":\"https:\/\/twchains.com\/#website\",\"url\":\"https:\/\/twchains.com\/\",\"name\":\"twchains\",\"description\":\"\",\"publisher\":{\"@id\":\"https:\/\/twchains.com\/#organization\"},\"potentialAction\":[{\"@type\":\"SearchAction\",\"target\":{\"@type\":\"EntryPoint\",\"urlTemplate\":\"https:\/\/twchains.com\/?s={search_term_string}\"},\"query-input\":{\"@type\":\"PropertyValueSpecification\",\"valueRequired\":true,\"valueName\":\"search_term_string\"}}],\"inLanguage\":\"pt-PT\"},{\"@type\":\"Organization\",\"@id\":\"https:\/\/twchains.com\/#organization\",\"name\":\"twchains\",\"url\":\"https:\/\/twchains.com\/\",\"logo\":{\"@type\":\"ImageObject\",\"inLanguage\":\"pt-PT\",\"@id\":\"https:\/\/twchains.com\/#\/schema\/logo\/image\/\",\"url\":\"https:\/\/twchains.com\/wp-content\/uploads\/2025\/04\/tongwei-logo-100.svg\",\"contentUrl\":\"https:\/\/twchains.com\/wp-content\/uploads\/2025\/04\/tongwei-logo-100.svg\",\"width\":128,\"height\":100,\"caption\":\"twchains\"},\"image\":{\"@id\":\"https:\/\/twchains.com\/#\/schema\/logo\/image\/\"}}]}<\/script>\n<!-- \/ Yoast SEO plugin. -->","yoast_head_json":{"title":"Encrypt Block Tyre Protection Chain 23.5-25 26.5-25 for Underground Tunnel - twchains","robots":{"index":"index","follow":"follow","max-snippet":"max-snippet:-1","max-image-preview":"max-image-preview:large","max-video-preview":"max-video-preview:-1"},"canonical":"https:\/\/twchains.com\/pt\/produto\/encrypt-block-tyre-protection-chain-23-5-25-26-5-25\/","og_locale":"pt_PT","og_type":"article","og_title":"Encrypt Block Tyre Protection Chain 23.5-25 26.5-25 for Underground Tunnel - twchains","og_description":"Life Increased By 3 times+  Economical  High Quality Raw Materials  Weight of 1 link:0.48kg (\u00d713mm)  From 13mm-18mm Ring Diameter","og_url":"https:\/\/twchains.com\/pt\/produto\/encrypt-block-tyre-protection-chain-23-5-25-26-5-25\/","og_site_name":"twchains","article_modified_time":"2025-04-25T02:57:02+00:00","og_image":[{"width":750,"height":1000,"url":"https:\/\/twchains.com\/wp-content\/uploads\/2025\/04\/18mmE.png","type":"image\/png"}],"twitter_card":"summary_large_image","twitter_misc":{"Tempo estimado de leitura":"2 minutos"},"schema":{"@context":"https:\/\/schema.org","@graph":[{"@type":"WebPage","@id":"https:\/\/twchains.com\/product\/encrypt-block-tyre-protection-chain-23-5-25-26-5-25\/","url":"https:\/\/twchains.com\/product\/encrypt-block-tyre-protection-chain-23-5-25-26-5-25\/","name":"Encrypt Block Tyre Protection Chain 23.5-25 26.5-25 for Underground Tunnel - twchains","isPartOf":{"@id":"https:\/\/twchains.com\/#website"},"primaryImageOfPage":{"@id":"https:\/\/twchains.com\/product\/encrypt-block-tyre-protection-chain-23-5-25-26-5-25\/#primaryimage"},"image":{"@id":"https:\/\/twchains.com\/product\/encrypt-block-tyre-protection-chain-23-5-25-26-5-25\/#primaryimage"},"thumbnailUrl":"https:\/\/twchains.com\/wp-content\/uploads\/2025\/04\/18mmE.png","datePublished":"2025-04-25T02:47:43+00:00","dateModified":"2025-04-25T02:57:02+00:00","breadcrumb":{"@id":"https:\/\/twchains.com\/product\/encrypt-block-tyre-protection-chain-23-5-25-26-5-25\/#breadcrumb"},"inLanguage":"pt-PT","potentialAction":[{"@type":"ReadAction","target":["https:\/\/twchains.com\/product\/encrypt-block-tyre-protection-chain-23-5-25-26-5-25\/"]}]},{"@type":"ImageObject","inLanguage":"pt-PT","@id":"https:\/\/twchains.com\/product\/encrypt-block-tyre-protection-chain-23-5-25-26-5-25\/#primaryimage","url":"https:\/\/twchains.com\/wp-content\/uploads\/2025\/04\/18mmE.png","contentUrl":"https:\/\/twchains.com\/wp-content\/uploads\/2025\/04\/18mmE.png","width":750,"height":1000},{"@type":"BreadcrumbList","@id":"https:\/\/twchains.com\/product\/encrypt-block-tyre-protection-chain-23-5-25-26-5-25\/#breadcrumb","itemListElement":[{"@type":"ListItem","position":1,"name":"Home","item":"https:\/\/twchains.com\/"},{"@type":"ListItem","position":2,"name":"Products","item":"https:\/\/twchains.com\/products\/"},{"@type":"ListItem","position":3,"name":"Encrypt Block Tyre Protection Chain 23.5-25 26.5-25 for Underground Tunnel"}]},{"@type":"WebSite","@id":"https:\/\/twchains.com\/#website","url":"https:\/\/twchains.com\/","name":"twchains","description":"","publisher":{"@id":"https:\/\/twchains.com\/#organization"},"potentialAction":[{"@type":"SearchAction","target":{"@type":"EntryPoint","urlTemplate":"https:\/\/twchains.com\/?s={search_term_string}"},"query-input":{"@type":"PropertyValueSpecification","valueRequired":true,"valueName":"search_term_string"}}],"inLanguage":"pt-PT"},{"@type":"Organization","@id":"https:\/\/twchains.com\/#organization","name":"twchains","url":"https:\/\/twchains.com\/","logo":{"@type":"ImageObject","inLanguage":"pt-PT","@id":"https:\/\/twchains.com\/#\/schema\/logo\/image\/","url":"https:\/\/twchains.com\/wp-content\/uploads\/2025\/04\/tongwei-logo-100.svg","contentUrl":"https:\/\/twchains.com\/wp-content\/uploads\/2025\/04\/tongwei-logo-100.svg","width":128,"height":100,"caption":"twchains"},"image":{"@id":"https:\/\/twchains.com\/#\/schema\/logo\/image\/"}}]}},"_links":{"self":[{"href":"https:\/\/twchains.com\/pt\/wp-json\/wp\/v2\/product\/623","targetHints":{"allow":["GET"]}}],"collection":[{"href":"https:\/\/twchains.com\/pt\/wp-json\/wp\/v2\/product"}],"about":[{"href":"https:\/\/twchains.com\/pt\/wp-json\/wp\/v2\/types\/product"}],"wp:featuredmedia":[{"embeddable":true,"href":"https:\/\/twchains.com\/pt\/wp-json\/wp\/v2\/media\/557"}],"wp:attachment":[{"href":"https:\/\/twchains.com\/pt\/wp-json\/wp\/v2\/media?parent=623"}],"wp:term":[{"taxonomy":"product_brand","embeddable":true,"href":"https:\/\/twchains.com\/pt\/wp-json\/wp\/v2\/product_brand?post=623"},{"taxonomy":"product_cat","embeddable":true,"href":"https:\/\/twchains.com\/pt\/wp-json\/wp\/v2\/product_cat?post=623"},{"taxonomy":"product_tag","embeddable":true,"href":"https:\/\/twchains.com\/pt\/wp-json\/wp\/v2\/product_tag?post=623"}],"curies":[{"name":"wp","href":"https:\/\/api.w.org\/{rel}","templated":true}]}}