{"id":625,"date":"2025-04-25T03:14:50","date_gmt":"2025-04-25T03:14:50","guid":{"rendered":"https:\/\/twchains.com\/?post_type=product&#038;p=625"},"modified":"2025-04-25T03:14:50","modified_gmt":"2025-04-25T03:14:50","slug":"1200-24-in-the-pit-tyre-protection-chain-from-tongwei-manufacture","status":"publish","type":"product","link":"https:\/\/twchains.com\/pt\/produto\/1200-24-in-the-pit-tyre-protection-chain-from-tongwei-manufacture\/","title":{"rendered":"1200-24 Corrente de prote\u00e7\u00e3o dos pneus no fosso da TONGWEI Fabrico"},"content":{"rendered":"<p>Pol\u00edtica de servi\u00e7o p\u00f3s-venda da cadeia de prote\u00e7\u00e3o dos pneus<\/p>\n<ul>\n<li>Compromisso de substitui\u00e7\u00e3o de qualidade de 6 meses : Em condi\u00e7\u00f5es normais de utiliza\u00e7\u00e3o, se houver problemas de qualidade n\u00e3o humanos, como fratura em grande escala ou falha de soldadura no prazo de 6 meses, ap\u00f3s avalia\u00e7\u00e3o t\u00e9cnica, uma nova corrente de prote\u00e7\u00e3o do mesmo modelo ser\u00e1 substitu\u00edda diretamente e gratuitamente (sem necessidade de regressar \u00e0 f\u00e1brica para repara\u00e7\u00e3o).<\/li>\n<li>Resposta p\u00f3s-venda 24 horas por dia: Fornecer uma linha direta dedicada de engenheiro p\u00f3s-venda e fornecer uma solu\u00e7\u00e3o no prazo de 24 horas ap\u00f3s a rece\u00e7\u00e3o do feedback sobre o problema.<\/li>\n<\/ul>","protected":false},"excerpt":{"rendered":"<ul>\n<li>Garantia longa<\/li>\n<li><span data-slate-fragment=\"JTVCJTdCJTIydHlwZSUyMiUzQSUyMnBhcmFncmFwaCUyMiUyQyUyMmNoaWxkcmVuJTIyJTNBJTVCJTdCJTIyaWQlMjIlM0ElMjJLMHFRUWVNdnE3JTIyJTJDJTIycGFyYUlkeCUyMiUzQTAlMkMlMjJzcmMlMjIlM0ElMjJmdWxsJTIwcmFuZ2UlMjBvZiUyMG1vZGxlJTIyJTJDJTIyZHN0JTIyJTNBJTIyJUU1JTg1JUE4JUU3JUIzJUJCJUU1JTg4JTk3JUU2JUE4JUExJUU1JTlFJThCJTIyJTJDJTIybWV0YWRhdGElMjIlM0ElMjIlMjIlMkMlMjJtYXRjaGVzJTIyJTNBbnVsbCUyQyUyMm1ldGFEYXRhJTIyJTNBJTVCJTVEJTJDJTIydGV4dCUyMiUzQSUyMmZ1bGwlMjByYW5nZSUyMG9mJTIwbW9kbGUlMjIlN0QlNUQlN0QlNUQ=\">Gama completa de modelos<\/span><\/li>\n<\/ul>","protected":false},"featured_media":626,"template":"","meta":{"inline_featured_image":false,"_kad_post_transparent":"default","_kad_post_title":"","_kad_post_layout":"default","_kad_post_sidebar_id":"","_kad_post_content_style":"default","_kad_post_vertical_padding":"default","_kad_post_feature":"","_kad_post_feature_position":"","_kad_post_header":false,"_kad_post_footer":false},"product_brand":[],"product_cat":[27],"product_tag":[],"class_list":{"0":"post-625","1":"product","2":"type-product","3":"status-publish","4":"has-post-thumbnail","6":"product_cat-encryption","8":"first","9":"instock","10":"shipping-taxable","11":"product-type-simple","12":"entry","13":"content-bg","14":"loop-entry"},"yoast_head":"<!-- This site is optimized with the Yoast SEO plugin v25.4 - https:\/\/yoast.com\/wordpress\/plugins\/seo\/ -->\n<title>1200-24 In The Pit Tyre Protection Chain from TONGWEI Manufacture - twchains<\/title>\n<meta name=\"robots\" content=\"index, follow, max-snippet:-1, max-image-preview:large, max-video-preview:-1\" \/>\n<link rel=\"canonical\" href=\"https:\/\/twchains.com\/pt\/produto\/1200-24-in-the-pit-tyre-protection-chain-from-tongwei-manufacture\/\" \/>\n<meta property=\"og:locale\" content=\"pt_PT\" \/>\n<meta property=\"og:type\" content=\"article\" \/>\n<meta property=\"og:title\" content=\"1200-24 In The Pit Tyre Protection Chain from TONGWEI Manufacture - twchains\" \/>\n<meta property=\"og:description\" content=\"Long Warranty  Full Range of Modle\" \/>\n<meta property=\"og:url\" content=\"https:\/\/twchains.com\/pt\/produto\/1200-24-in-the-pit-tyre-protection-chain-from-tongwei-manufacture\/\" \/>\n<meta property=\"og:site_name\" content=\"twchains\" \/>\n<meta property=\"og:image\" content=\"https:\/\/twchains.com\/wp-content\/uploads\/2025\/04\/1-2.jpg\" \/>\n\t<meta property=\"og:image:width\" content=\"1024\" \/>\n\t<meta property=\"og:image:height\" content=\"768\" \/>\n\t<meta property=\"og:image:type\" content=\"image\/jpeg\" \/>\n<meta name=\"twitter:card\" content=\"summary_large_image\" \/>\n<meta name=\"twitter:label1\" content=\"Tempo estimado de leitura\" \/>\n\t<meta name=\"twitter:data1\" content=\"1 minuto\" \/>\n<script type=\"application\/ld+json\" class=\"yoast-schema-graph\">{\"@context\":\"https:\/\/schema.org\",\"@graph\":[{\"@type\":\"WebPage\",\"@id\":\"https:\/\/twchains.com\/product\/1200-24-in-the-pit-tyre-protection-chain-from-tongwei-manufacture\/\",\"url\":\"https:\/\/twchains.com\/product\/1200-24-in-the-pit-tyre-protection-chain-from-tongwei-manufacture\/\",\"name\":\"1200-24 In The Pit Tyre Protection Chain from TONGWEI Manufacture - twchains\",\"isPartOf\":{\"@id\":\"https:\/\/twchains.com\/#website\"},\"primaryImageOfPage\":{\"@id\":\"https:\/\/twchains.com\/product\/1200-24-in-the-pit-tyre-protection-chain-from-tongwei-manufacture\/#primaryimage\"},\"image\":{\"@id\":\"https:\/\/twchains.com\/product\/1200-24-in-the-pit-tyre-protection-chain-from-tongwei-manufacture\/#primaryimage\"},\"thumbnailUrl\":\"https:\/\/twchains.com\/wp-content\/uploads\/2025\/04\/1-2.jpg\",\"datePublished\":\"2025-04-25T03:14:50+00:00\",\"breadcrumb\":{\"@id\":\"https:\/\/twchains.com\/product\/1200-24-in-the-pit-tyre-protection-chain-from-tongwei-manufacture\/#breadcrumb\"},\"inLanguage\":\"pt-PT\",\"potentialAction\":[{\"@type\":\"ReadAction\",\"target\":[\"https:\/\/twchains.com\/product\/1200-24-in-the-pit-tyre-protection-chain-from-tongwei-manufacture\/\"]}]},{\"@type\":\"ImageObject\",\"inLanguage\":\"pt-PT\",\"@id\":\"https:\/\/twchains.com\/product\/1200-24-in-the-pit-tyre-protection-chain-from-tongwei-manufacture\/#primaryimage\",\"url\":\"https:\/\/twchains.com\/wp-content\/uploads\/2025\/04\/1-2.jpg\",\"contentUrl\":\"https:\/\/twchains.com\/wp-content\/uploads\/2025\/04\/1-2.jpg\",\"width\":1024,\"height\":768},{\"@type\":\"BreadcrumbList\",\"@id\":\"https:\/\/twchains.com\/product\/1200-24-in-the-pit-tyre-protection-chain-from-tongwei-manufacture\/#breadcrumb\",\"itemListElement\":[{\"@type\":\"ListItem\",\"position\":1,\"name\":\"Home\",\"item\":\"https:\/\/twchains.com\/\"},{\"@type\":\"ListItem\",\"position\":2,\"name\":\"Products\",\"item\":\"https:\/\/twchains.com\/products\/\"},{\"@type\":\"ListItem\",\"position\":3,\"name\":\"1200-24 In The Pit Tyre Protection Chain from TONGWEI Manufacture\"}]},{\"@type\":\"WebSite\",\"@id\":\"https:\/\/twchains.com\/#website\",\"url\":\"https:\/\/twchains.com\/\",\"name\":\"twchains\",\"description\":\"\",\"publisher\":{\"@id\":\"https:\/\/twchains.com\/#organization\"},\"potentialAction\":[{\"@type\":\"SearchAction\",\"target\":{\"@type\":\"EntryPoint\",\"urlTemplate\":\"https:\/\/twchains.com\/?s={search_term_string}\"},\"query-input\":{\"@type\":\"PropertyValueSpecification\",\"valueRequired\":true,\"valueName\":\"search_term_string\"}}],\"inLanguage\":\"pt-PT\"},{\"@type\":\"Organization\",\"@id\":\"https:\/\/twchains.com\/#organization\",\"name\":\"twchains\",\"url\":\"https:\/\/twchains.com\/\",\"logo\":{\"@type\":\"ImageObject\",\"inLanguage\":\"pt-PT\",\"@id\":\"https:\/\/twchains.com\/#\/schema\/logo\/image\/\",\"url\":\"https:\/\/twchains.com\/wp-content\/uploads\/2025\/04\/tongwei-logo-100.svg\",\"contentUrl\":\"https:\/\/twchains.com\/wp-content\/uploads\/2025\/04\/tongwei-logo-100.svg\",\"width\":128,\"height\":100,\"caption\":\"twchains\"},\"image\":{\"@id\":\"https:\/\/twchains.com\/#\/schema\/logo\/image\/\"}}]}<\/script>\n<!-- \/ Yoast SEO plugin. -->","yoast_head_json":{"title":"1200-24 In The Pit Tyre Protection Chain from TONGWEI Manufacture - twchains","robots":{"index":"index","follow":"follow","max-snippet":"max-snippet:-1","max-image-preview":"max-image-preview:large","max-video-preview":"max-video-preview:-1"},"canonical":"https:\/\/twchains.com\/pt\/produto\/1200-24-in-the-pit-tyre-protection-chain-from-tongwei-manufacture\/","og_locale":"pt_PT","og_type":"article","og_title":"1200-24 In The Pit Tyre Protection Chain from TONGWEI Manufacture - twchains","og_description":"Long Warranty  Full Range of Modle","og_url":"https:\/\/twchains.com\/pt\/produto\/1200-24-in-the-pit-tyre-protection-chain-from-tongwei-manufacture\/","og_site_name":"twchains","og_image":[{"width":1024,"height":768,"url":"https:\/\/twchains.com\/wp-content\/uploads\/2025\/04\/1-2.jpg","type":"image\/jpeg"}],"twitter_card":"summary_large_image","twitter_misc":{"Tempo estimado de leitura":"1 minuto"},"schema":{"@context":"https:\/\/schema.org","@graph":[{"@type":"WebPage","@id":"https:\/\/twchains.com\/product\/1200-24-in-the-pit-tyre-protection-chain-from-tongwei-manufacture\/","url":"https:\/\/twchains.com\/product\/1200-24-in-the-pit-tyre-protection-chain-from-tongwei-manufacture\/","name":"1200-24 In The Pit Tyre Protection Chain from TONGWEI Manufacture - twchains","isPartOf":{"@id":"https:\/\/twchains.com\/#website"},"primaryImageOfPage":{"@id":"https:\/\/twchains.com\/product\/1200-24-in-the-pit-tyre-protection-chain-from-tongwei-manufacture\/#primaryimage"},"image":{"@id":"https:\/\/twchains.com\/product\/1200-24-in-the-pit-tyre-protection-chain-from-tongwei-manufacture\/#primaryimage"},"thumbnailUrl":"https:\/\/twchains.com\/wp-content\/uploads\/2025\/04\/1-2.jpg","datePublished":"2025-04-25T03:14:50+00:00","breadcrumb":{"@id":"https:\/\/twchains.com\/product\/1200-24-in-the-pit-tyre-protection-chain-from-tongwei-manufacture\/#breadcrumb"},"inLanguage":"pt-PT","potentialAction":[{"@type":"ReadAction","target":["https:\/\/twchains.com\/product\/1200-24-in-the-pit-tyre-protection-chain-from-tongwei-manufacture\/"]}]},{"@type":"ImageObject","inLanguage":"pt-PT","@id":"https:\/\/twchains.com\/product\/1200-24-in-the-pit-tyre-protection-chain-from-tongwei-manufacture\/#primaryimage","url":"https:\/\/twchains.com\/wp-content\/uploads\/2025\/04\/1-2.jpg","contentUrl":"https:\/\/twchains.com\/wp-content\/uploads\/2025\/04\/1-2.jpg","width":1024,"height":768},{"@type":"BreadcrumbList","@id":"https:\/\/twchains.com\/product\/1200-24-in-the-pit-tyre-protection-chain-from-tongwei-manufacture\/#breadcrumb","itemListElement":[{"@type":"ListItem","position":1,"name":"Home","item":"https:\/\/twchains.com\/"},{"@type":"ListItem","position":2,"name":"Products","item":"https:\/\/twchains.com\/products\/"},{"@type":"ListItem","position":3,"name":"1200-24 In The Pit Tyre Protection Chain from TONGWEI Manufacture"}]},{"@type":"WebSite","@id":"https:\/\/twchains.com\/#website","url":"https:\/\/twchains.com\/","name":"twchains","description":"","publisher":{"@id":"https:\/\/twchains.com\/#organization"},"potentialAction":[{"@type":"SearchAction","target":{"@type":"EntryPoint","urlTemplate":"https:\/\/twchains.com\/?s={search_term_string}"},"query-input":{"@type":"PropertyValueSpecification","valueRequired":true,"valueName":"search_term_string"}}],"inLanguage":"pt-PT"},{"@type":"Organization","@id":"https:\/\/twchains.com\/#organization","name":"twchains","url":"https:\/\/twchains.com\/","logo":{"@type":"ImageObject","inLanguage":"pt-PT","@id":"https:\/\/twchains.com\/#\/schema\/logo\/image\/","url":"https:\/\/twchains.com\/wp-content\/uploads\/2025\/04\/tongwei-logo-100.svg","contentUrl":"https:\/\/twchains.com\/wp-content\/uploads\/2025\/04\/tongwei-logo-100.svg","width":128,"height":100,"caption":"twchains"},"image":{"@id":"https:\/\/twchains.com\/#\/schema\/logo\/image\/"}}]}},"_links":{"self":[{"href":"https:\/\/twchains.com\/pt\/wp-json\/wp\/v2\/product\/625","targetHints":{"allow":["GET"]}}],"collection":[{"href":"https:\/\/twchains.com\/pt\/wp-json\/wp\/v2\/product"}],"about":[{"href":"https:\/\/twchains.com\/pt\/wp-json\/wp\/v2\/types\/product"}],"wp:featuredmedia":[{"embeddable":true,"href":"https:\/\/twchains.com\/pt\/wp-json\/wp\/v2\/media\/626"}],"wp:attachment":[{"href":"https:\/\/twchains.com\/pt\/wp-json\/wp\/v2\/media?parent=625"}],"wp:term":[{"taxonomy":"product_brand","embeddable":true,"href":"https:\/\/twchains.com\/pt\/wp-json\/wp\/v2\/product_brand?post=625"},{"taxonomy":"product_cat","embeddable":true,"href":"https:\/\/twchains.com\/pt\/wp-json\/wp\/v2\/product_cat?post=625"},{"taxonomy":"product_tag","embeddable":true,"href":"https:\/\/twchains.com\/pt\/wp-json\/wp\/v2\/product_tag?post=625"}],"curies":[{"name":"wp","href":"https:\/\/api.w.org\/{rel}","templated":true}]}}