{"id":627,"date":"2025-04-25T03:35:45","date_gmt":"2025-04-25T03:35:45","guid":{"rendered":"https:\/\/twchains.com\/?post_type=product&#038;p=627"},"modified":"2025-04-29T04:29:54","modified_gmt":"2025-04-29T04:29:54","slug":"supplier-of-loader-tire-chains-for-underground-tunnel-working-application","status":"publish","type":"product","link":"https:\/\/twchains.com\/pt\/produto\/supplier-of-loader-tire-chains-for-underground-tunnel-working-application\/","title":{"rendered":"Fornecedor de correntes para pneus de carregadoras para aplica\u00e7\u00f5es de trabalho em t\u00faneis subterr\u00e2neos"},"content":{"rendered":"<p>Embora a corrente de prote\u00e7\u00e3o de pneus com blocos cifrados seja uma boa escolha para ambientes de trabalho em t\u00faneis, com base em casos reais, alguns clientes podem achar que as correntes de prote\u00e7\u00e3o de pneus com blocos cifrados s\u00e3o demasiado pesadas e querem correntes mais leves com uma resist\u00eancia duradoura ao desgaste. Com base em estudos de mercado, produzimos uma corrente de prote\u00e7\u00e3o refor\u00e7ada com an\u00e9is de 14 mm, que \u00e9 mais leve do que os blocos cifrados e tem a mesma espessura de superf\u00edcie resistente ao desgaste que as correntes de blocos cifrados.<\/p>\n<ul>\n<li>Design leve, maior capacidade de manobra: Em compara\u00e7\u00e3o com as cadeias de blocos encriptadas tradicionais, reduz o peso em cerca de 25% -63%, diminui a carga do dispositivo, poupa o consumo de combust\u00edvel e mant\u00e9m uma elevada resist\u00eancia \u00e0 tra\u00e7\u00e3o.<\/li>\n<li>14 an\u00e9is de disposi\u00e7\u00e3o densa + espessamento resistente ao desgaste, dur\u00e1vel sem reduzir a configura\u00e7\u00e3o<\/li>\n<li>Distribui\u00e7\u00e3o cient\u00edfica dos espa\u00e7amentos para garantir a m\u00e1xima superf\u00edcie de liga\u00e7\u00e3o \u00e0 terra;<\/li>\n<li>A espessura da superf\u00edcie de contacto da chave \u00e9 consistente com a cadeia de blocos encriptados (22mm-28mm), e a camada resistente ao desgaste \u00e9 tratada com tecnologia de t\u00eampera para melhorar a sua vida \u00fatil.<\/li>\n<\/ul>\n<p>#underground#tunnel#tyrechains#tyreprotectionchain#chainblock<\/p>","protected":false},"excerpt":{"rendered":"<ul>\n<li>Dimens\u00e3o do componente principal (L x A x C): 35x43x75mm.<\/li>\n<li>Fabrico de correntes de prote\u00e7\u00e3o de pneus de qualidade<\/li>\n<\/ul>","protected":false},"featured_media":568,"template":"","meta":{"inline_featured_image":false,"_kad_post_transparent":"default","_kad_post_title":"","_kad_post_layout":"default","_kad_post_sidebar_id":"","_kad_post_content_style":"default","_kad_post_vertical_padding":"default","_kad_post_feature":"","_kad_post_feature_position":"","_kad_post_header":false,"_kad_post_footer":false},"product_brand":[],"product_cat":[30,26],"product_tag":[],"class_list":{"0":"post-627","1":"product","2":"type-product","3":"status-publish","4":"has-post-thumbnail","6":"product_cat-loader-grader-tire-chain","7":"product_cat-reinforced","9":"first","10":"instock","11":"shipping-taxable","12":"product-type-simple","13":"entry","14":"content-bg","15":"loop-entry"},"yoast_head":"<!-- This site is optimized with the Yoast SEO plugin v25.4 - https:\/\/yoast.com\/wordpress\/plugins\/seo\/ -->\n<title>Supplier of Loader Tire Chains for Underground Tunnel Working Application - twchains<\/title>\n<meta name=\"robots\" content=\"index, follow, max-snippet:-1, max-image-preview:large, max-video-preview:-1\" \/>\n<link rel=\"canonical\" href=\"https:\/\/twchains.com\/pt\/produto\/supplier-of-loader-tire-chains-for-underground-tunnel-working-application\/\" \/>\n<meta property=\"og:locale\" content=\"pt_PT\" \/>\n<meta property=\"og:type\" content=\"article\" \/>\n<meta property=\"og:title\" content=\"Supplier of Loader Tire Chains for Underground Tunnel Working Application - twchains\" \/>\n<meta property=\"og:description\" content=\"Main Component Dimension(W x H x L): 35x43x75mm.  Quality Tire Protection Chains Manufacturing\" \/>\n<meta property=\"og:url\" content=\"https:\/\/twchains.com\/pt\/produto\/supplier-of-loader-tire-chains-for-underground-tunnel-working-application\/\" \/>\n<meta property=\"og:site_name\" content=\"twchains\" \/>\n<meta property=\"article:modified_time\" content=\"2025-04-29T04:29:54+00:00\" \/>\n<meta property=\"og:image\" content=\"https:\/\/twchains.com\/wp-content\/uploads\/2025\/04\/aebb6ebb6d53fb754e404b056e05d3f.jpg\" \/>\n\t<meta property=\"og:image:width\" content=\"1280\" \/>\n\t<meta property=\"og:image:height\" content=\"1706\" \/>\n\t<meta property=\"og:image:type\" content=\"image\/jpeg\" \/>\n<meta name=\"twitter:card\" content=\"summary_large_image\" \/>\n<meta name=\"twitter:label1\" content=\"Tempo estimado de leitura\" \/>\n\t<meta name=\"twitter:data1\" content=\"1 minuto\" \/>\n<script type=\"application\/ld+json\" class=\"yoast-schema-graph\">{\"@context\":\"https:\/\/schema.org\",\"@graph\":[{\"@type\":\"WebPage\",\"@id\":\"https:\/\/twchains.com\/product\/supplier-of-loader-tire-chains-for-underground-tunnel-working-application\/\",\"url\":\"https:\/\/twchains.com\/product\/supplier-of-loader-tire-chains-for-underground-tunnel-working-application\/\",\"name\":\"Supplier of Loader Tire Chains for Underground Tunnel Working Application - twchains\",\"isPartOf\":{\"@id\":\"https:\/\/twchains.com\/#website\"},\"primaryImageOfPage\":{\"@id\":\"https:\/\/twchains.com\/product\/supplier-of-loader-tire-chains-for-underground-tunnel-working-application\/#primaryimage\"},\"image\":{\"@id\":\"https:\/\/twchains.com\/product\/supplier-of-loader-tire-chains-for-underground-tunnel-working-application\/#primaryimage\"},\"thumbnailUrl\":\"https:\/\/twchains.com\/wp-content\/uploads\/2025\/04\/aebb6ebb6d53fb754e404b056e05d3f.jpg\",\"datePublished\":\"2025-04-25T03:35:45+00:00\",\"dateModified\":\"2025-04-29T04:29:54+00:00\",\"breadcrumb\":{\"@id\":\"https:\/\/twchains.com\/product\/supplier-of-loader-tire-chains-for-underground-tunnel-working-application\/#breadcrumb\"},\"inLanguage\":\"pt-PT\",\"potentialAction\":[{\"@type\":\"ReadAction\",\"target\":[\"https:\/\/twchains.com\/product\/supplier-of-loader-tire-chains-for-underground-tunnel-working-application\/\"]}]},{\"@type\":\"ImageObject\",\"inLanguage\":\"pt-PT\",\"@id\":\"https:\/\/twchains.com\/product\/supplier-of-loader-tire-chains-for-underground-tunnel-working-application\/#primaryimage\",\"url\":\"https:\/\/twchains.com\/wp-content\/uploads\/2025\/04\/aebb6ebb6d53fb754e404b056e05d3f.jpg\",\"contentUrl\":\"https:\/\/twchains.com\/wp-content\/uploads\/2025\/04\/aebb6ebb6d53fb754e404b056e05d3f.jpg\",\"width\":1280,\"height\":1706},{\"@type\":\"BreadcrumbList\",\"@id\":\"https:\/\/twchains.com\/product\/supplier-of-loader-tire-chains-for-underground-tunnel-working-application\/#breadcrumb\",\"itemListElement\":[{\"@type\":\"ListItem\",\"position\":1,\"name\":\"Home\",\"item\":\"https:\/\/twchains.com\/\"},{\"@type\":\"ListItem\",\"position\":2,\"name\":\"Products\",\"item\":\"https:\/\/twchains.com\/products\/\"},{\"@type\":\"ListItem\",\"position\":3,\"name\":\"Supplier of Loader Tire Chains for Underground Tunnel Working Application\"}]},{\"@type\":\"WebSite\",\"@id\":\"https:\/\/twchains.com\/#website\",\"url\":\"https:\/\/twchains.com\/\",\"name\":\"twchains\",\"description\":\"\",\"publisher\":{\"@id\":\"https:\/\/twchains.com\/#organization\"},\"potentialAction\":[{\"@type\":\"SearchAction\",\"target\":{\"@type\":\"EntryPoint\",\"urlTemplate\":\"https:\/\/twchains.com\/?s={search_term_string}\"},\"query-input\":{\"@type\":\"PropertyValueSpecification\",\"valueRequired\":true,\"valueName\":\"search_term_string\"}}],\"inLanguage\":\"pt-PT\"},{\"@type\":\"Organization\",\"@id\":\"https:\/\/twchains.com\/#organization\",\"name\":\"twchains\",\"url\":\"https:\/\/twchains.com\/\",\"logo\":{\"@type\":\"ImageObject\",\"inLanguage\":\"pt-PT\",\"@id\":\"https:\/\/twchains.com\/#\/schema\/logo\/image\/\",\"url\":\"https:\/\/twchains.com\/wp-content\/uploads\/2025\/04\/tongwei-logo-100.svg\",\"contentUrl\":\"https:\/\/twchains.com\/wp-content\/uploads\/2025\/04\/tongwei-logo-100.svg\",\"width\":128,\"height\":100,\"caption\":\"twchains\"},\"image\":{\"@id\":\"https:\/\/twchains.com\/#\/schema\/logo\/image\/\"}}]}<\/script>\n<!-- \/ Yoast SEO plugin. -->","yoast_head_json":{"title":"Supplier of Loader Tire Chains for Underground Tunnel Working Application - twchains","robots":{"index":"index","follow":"follow","max-snippet":"max-snippet:-1","max-image-preview":"max-image-preview:large","max-video-preview":"max-video-preview:-1"},"canonical":"https:\/\/twchains.com\/pt\/produto\/supplier-of-loader-tire-chains-for-underground-tunnel-working-application\/","og_locale":"pt_PT","og_type":"article","og_title":"Supplier of Loader Tire Chains for Underground Tunnel Working Application - twchains","og_description":"Main Component Dimension(W x H x L): 35x43x75mm.  Quality Tire Protection Chains Manufacturing","og_url":"https:\/\/twchains.com\/pt\/produto\/supplier-of-loader-tire-chains-for-underground-tunnel-working-application\/","og_site_name":"twchains","article_modified_time":"2025-04-29T04:29:54+00:00","og_image":[{"width":1280,"height":1706,"url":"https:\/\/twchains.com\/wp-content\/uploads\/2025\/04\/aebb6ebb6d53fb754e404b056e05d3f.jpg","type":"image\/jpeg"}],"twitter_card":"summary_large_image","twitter_misc":{"Tempo estimado de leitura":"1 minuto"},"schema":{"@context":"https:\/\/schema.org","@graph":[{"@type":"WebPage","@id":"https:\/\/twchains.com\/product\/supplier-of-loader-tire-chains-for-underground-tunnel-working-application\/","url":"https:\/\/twchains.com\/product\/supplier-of-loader-tire-chains-for-underground-tunnel-working-application\/","name":"Supplier of Loader Tire Chains for Underground Tunnel Working Application - twchains","isPartOf":{"@id":"https:\/\/twchains.com\/#website"},"primaryImageOfPage":{"@id":"https:\/\/twchains.com\/product\/supplier-of-loader-tire-chains-for-underground-tunnel-working-application\/#primaryimage"},"image":{"@id":"https:\/\/twchains.com\/product\/supplier-of-loader-tire-chains-for-underground-tunnel-working-application\/#primaryimage"},"thumbnailUrl":"https:\/\/twchains.com\/wp-content\/uploads\/2025\/04\/aebb6ebb6d53fb754e404b056e05d3f.jpg","datePublished":"2025-04-25T03:35:45+00:00","dateModified":"2025-04-29T04:29:54+00:00","breadcrumb":{"@id":"https:\/\/twchains.com\/product\/supplier-of-loader-tire-chains-for-underground-tunnel-working-application\/#breadcrumb"},"inLanguage":"pt-PT","potentialAction":[{"@type":"ReadAction","target":["https:\/\/twchains.com\/product\/supplier-of-loader-tire-chains-for-underground-tunnel-working-application\/"]}]},{"@type":"ImageObject","inLanguage":"pt-PT","@id":"https:\/\/twchains.com\/product\/supplier-of-loader-tire-chains-for-underground-tunnel-working-application\/#primaryimage","url":"https:\/\/twchains.com\/wp-content\/uploads\/2025\/04\/aebb6ebb6d53fb754e404b056e05d3f.jpg","contentUrl":"https:\/\/twchains.com\/wp-content\/uploads\/2025\/04\/aebb6ebb6d53fb754e404b056e05d3f.jpg","width":1280,"height":1706},{"@type":"BreadcrumbList","@id":"https:\/\/twchains.com\/product\/supplier-of-loader-tire-chains-for-underground-tunnel-working-application\/#breadcrumb","itemListElement":[{"@type":"ListItem","position":1,"name":"Home","item":"https:\/\/twchains.com\/"},{"@type":"ListItem","position":2,"name":"Products","item":"https:\/\/twchains.com\/products\/"},{"@type":"ListItem","position":3,"name":"Supplier of Loader Tire Chains for Underground Tunnel Working Application"}]},{"@type":"WebSite","@id":"https:\/\/twchains.com\/#website","url":"https:\/\/twchains.com\/","name":"twchains","description":"","publisher":{"@id":"https:\/\/twchains.com\/#organization"},"potentialAction":[{"@type":"SearchAction","target":{"@type":"EntryPoint","urlTemplate":"https:\/\/twchains.com\/?s={search_term_string}"},"query-input":{"@type":"PropertyValueSpecification","valueRequired":true,"valueName":"search_term_string"}}],"inLanguage":"pt-PT"},{"@type":"Organization","@id":"https:\/\/twchains.com\/#organization","name":"twchains","url":"https:\/\/twchains.com\/","logo":{"@type":"ImageObject","inLanguage":"pt-PT","@id":"https:\/\/twchains.com\/#\/schema\/logo\/image\/","url":"https:\/\/twchains.com\/wp-content\/uploads\/2025\/04\/tongwei-logo-100.svg","contentUrl":"https:\/\/twchains.com\/wp-content\/uploads\/2025\/04\/tongwei-logo-100.svg","width":128,"height":100,"caption":"twchains"},"image":{"@id":"https:\/\/twchains.com\/#\/schema\/logo\/image\/"}}]}},"_links":{"self":[{"href":"https:\/\/twchains.com\/pt\/wp-json\/wp\/v2\/product\/627","targetHints":{"allow":["GET"]}}],"collection":[{"href":"https:\/\/twchains.com\/pt\/wp-json\/wp\/v2\/product"}],"about":[{"href":"https:\/\/twchains.com\/pt\/wp-json\/wp\/v2\/types\/product"}],"wp:featuredmedia":[{"embeddable":true,"href":"https:\/\/twchains.com\/pt\/wp-json\/wp\/v2\/media\/568"}],"wp:attachment":[{"href":"https:\/\/twchains.com\/pt\/wp-json\/wp\/v2\/media?parent=627"}],"wp:term":[{"taxonomy":"product_brand","embeddable":true,"href":"https:\/\/twchains.com\/pt\/wp-json\/wp\/v2\/product_brand?post=627"},{"taxonomy":"product_cat","embeddable":true,"href":"https:\/\/twchains.com\/pt\/wp-json\/wp\/v2\/product_cat?post=627"},{"taxonomy":"product_tag","embeddable":true,"href":"https:\/\/twchains.com\/pt\/wp-json\/wp\/v2\/product_tag?post=627"}],"curies":[{"name":"wp","href":"https:\/\/api.w.org\/{rel}","templated":true}]}}