{"id":649,"date":"2025-04-26T07:48:34","date_gmt":"2025-04-26T07:48:34","guid":{"rendered":"https:\/\/twchains.com\/?post_type=product&#038;p=649"},"modified":"2025-04-26T08:18:07","modified_gmt":"2025-04-26T08:18:07","slug":"manufacturer-of-loader-tyre-protector-chain-26-5r25-for-steel-mill","status":"publish","type":"product","link":"https:\/\/twchains.com\/pt\/produto\/manufacturer-of-loader-tyre-protector-chain-26-5r25-for-steel-mill\/","title":{"rendered":"Fabricante de Corrente Protetora de Pneus de Carregadora 26.5r25 para Siderurgia"},"content":{"rendered":"<p>Em ambientes de trabalho gerais, como a esc\u00f3ria de a\u00e7o quente e a f\u00e1brica de a\u00e7o, a corrente de prote\u00e7\u00e3o de pneus com blocos encriptados tem um bom desempenho. No entanto, de acordo com a an\u00e1lise do caso, a vers\u00e3o refor\u00e7ada com anel de 16 mm do modelo Yuanbao resistente ao desgaste e a vers\u00e3o refor\u00e7ada com 18 an\u00e9is tamb\u00e9m t\u00eam um bom feedback.<br \/>\nEmbora o modelo de rei resistente ao desgaste refor\u00e7ado com anel de 16 mm n\u00e3o tenha a mesma largura e comprimento que o modelo de bloco encriptado, a espessura da superf\u00edcie resistente ao desgaste do componente principal \u00e9 muito vantajosa. Em compara\u00e7\u00e3o com o bloco encriptado com anel de 18 mm, tem uma melhor vantagem em termos de pre\u00e7o, sendo cada vez mais popular nos mercados da \u00c1frica do Sul, R\u00fassia e Vietname.<\/p>\n<p>Cen\u00e1rios aplic\u00e1veis: transporte de esc\u00f3ria de a\u00e7o de m\u00e9dia a alta frequ\u00eancia, carga pesada com dist\u00e2ncia curta.<br \/>\nComent\u00e1rios do utilizador: Excelente resist\u00eancia ao desgaste, mas os elos da corrente local s\u00e3o propensos a deforma\u00e7\u00e3o a temperaturas extremamente elevadas (&gt;800 \u2103).<\/p>\n<p>#turquiacadeias#russiatirecadeias#vietnamprotec\u00e7\u00e3ocadeias#carregadorpartes#carregador de rodas#protectorcadeias#tyreprotector<\/p>","protected":false},"excerpt":{"rendered":"<ul>\n<li>Vendas diretas<\/li>\n<li>OEM\/ODM<\/li>\n<\/ul>","protected":false},"featured_media":633,"template":"","meta":{"inline_featured_image":false,"_kad_post_transparent":"default","_kad_post_title":"","_kad_post_layout":"default","_kad_post_sidebar_id":"","_kad_post_content_style":"default","_kad_post_vertical_padding":"default","_kad_post_feature":"","_kad_post_feature_position":"","_kad_post_header":false,"_kad_post_footer":false},"product_brand":[],"product_cat":[15,27,26],"product_tag":[],"class_list":{"0":"post-649","1":"product","2":"type-product","3":"status-publish","4":"has-post-thumbnail","6":"product_cat-tyre-protection-chain","7":"product_cat-encryption","8":"product_cat-reinforced","10":"first","11":"instock","12":"shipping-taxable","13":"product-type-simple","14":"entry","15":"content-bg","16":"loop-entry"},"yoast_head":"<!-- This site is optimized with the Yoast SEO plugin v25.4 - https:\/\/yoast.com\/wordpress\/plugins\/seo\/ -->\n<title>Manufacturer of Loader Tyre Protector Chain 26.5r25 for Steel Mill - twchains<\/title>\n<meta name=\"robots\" content=\"index, follow, max-snippet:-1, max-image-preview:large, max-video-preview:-1\" \/>\n<link rel=\"canonical\" href=\"https:\/\/twchains.com\/pt\/produto\/manufacturer-of-loader-tyre-protector-chain-26-5r25-for-steel-mill\/\" \/>\n<meta property=\"og:locale\" content=\"pt_PT\" \/>\n<meta property=\"og:type\" content=\"article\" \/>\n<meta property=\"og:title\" content=\"Manufacturer of Loader Tyre Protector Chain 26.5r25 for Steel Mill - twchains\" \/>\n<meta property=\"og:description\" content=\"Direct Sales  OEM\/ODM\" \/>\n<meta property=\"og:url\" content=\"https:\/\/twchains.com\/pt\/produto\/manufacturer-of-loader-tyre-protector-chain-26-5r25-for-steel-mill\/\" \/>\n<meta property=\"og:site_name\" content=\"twchains\" \/>\n<meta property=\"article:modified_time\" content=\"2025-04-26T08:18:07+00:00\" \/>\n<meta property=\"og:image\" content=\"https:\/\/twchains.com\/wp-content\/uploads\/2025\/04\/4.png\" \/>\n\t<meta property=\"og:image:width\" content=\"495\" \/>\n\t<meta property=\"og:image:height\" content=\"317\" \/>\n\t<meta property=\"og:image:type\" content=\"image\/png\" \/>\n<meta name=\"twitter:card\" content=\"summary_large_image\" \/>\n<meta name=\"twitter:label1\" content=\"Tempo estimado de leitura\" \/>\n\t<meta name=\"twitter:data1\" content=\"1 minuto\" \/>\n<script type=\"application\/ld+json\" class=\"yoast-schema-graph\">{\"@context\":\"https:\/\/schema.org\",\"@graph\":[{\"@type\":\"WebPage\",\"@id\":\"https:\/\/twchains.com\/product\/manufacturer-of-loader-tyre-protector-chain-26-5r25-for-steel-mill\/\",\"url\":\"https:\/\/twchains.com\/product\/manufacturer-of-loader-tyre-protector-chain-26-5r25-for-steel-mill\/\",\"name\":\"Manufacturer of Loader Tyre Protector Chain 26.5r25 for Steel Mill - twchains\",\"isPartOf\":{\"@id\":\"https:\/\/twchains.com\/#website\"},\"primaryImageOfPage\":{\"@id\":\"https:\/\/twchains.com\/product\/manufacturer-of-loader-tyre-protector-chain-26-5r25-for-steel-mill\/#primaryimage\"},\"image\":{\"@id\":\"https:\/\/twchains.com\/product\/manufacturer-of-loader-tyre-protector-chain-26-5r25-for-steel-mill\/#primaryimage\"},\"thumbnailUrl\":\"https:\/\/twchains.com\/wp-content\/uploads\/2025\/04\/4.png\",\"datePublished\":\"2025-04-26T07:48:34+00:00\",\"dateModified\":\"2025-04-26T08:18:07+00:00\",\"breadcrumb\":{\"@id\":\"https:\/\/twchains.com\/product\/manufacturer-of-loader-tyre-protector-chain-26-5r25-for-steel-mill\/#breadcrumb\"},\"inLanguage\":\"pt-PT\",\"potentialAction\":[{\"@type\":\"ReadAction\",\"target\":[\"https:\/\/twchains.com\/product\/manufacturer-of-loader-tyre-protector-chain-26-5r25-for-steel-mill\/\"]}]},{\"@type\":\"ImageObject\",\"inLanguage\":\"pt-PT\",\"@id\":\"https:\/\/twchains.com\/product\/manufacturer-of-loader-tyre-protector-chain-26-5r25-for-steel-mill\/#primaryimage\",\"url\":\"https:\/\/twchains.com\/wp-content\/uploads\/2025\/04\/4.png\",\"contentUrl\":\"https:\/\/twchains.com\/wp-content\/uploads\/2025\/04\/4.png\",\"width\":495,\"height\":317},{\"@type\":\"BreadcrumbList\",\"@id\":\"https:\/\/twchains.com\/product\/manufacturer-of-loader-tyre-protector-chain-26-5r25-for-steel-mill\/#breadcrumb\",\"itemListElement\":[{\"@type\":\"ListItem\",\"position\":1,\"name\":\"Home\",\"item\":\"https:\/\/twchains.com\/\"},{\"@type\":\"ListItem\",\"position\":2,\"name\":\"Products\",\"item\":\"https:\/\/twchains.com\/products\/\"},{\"@type\":\"ListItem\",\"position\":3,\"name\":\"Manufacturer of Loader Tyre Protector Chain 26.5r25 for Steel Mill\"}]},{\"@type\":\"WebSite\",\"@id\":\"https:\/\/twchains.com\/#website\",\"url\":\"https:\/\/twchains.com\/\",\"name\":\"twchains\",\"description\":\"\",\"publisher\":{\"@id\":\"https:\/\/twchains.com\/#organization\"},\"potentialAction\":[{\"@type\":\"SearchAction\",\"target\":{\"@type\":\"EntryPoint\",\"urlTemplate\":\"https:\/\/twchains.com\/?s={search_term_string}\"},\"query-input\":{\"@type\":\"PropertyValueSpecification\",\"valueRequired\":true,\"valueName\":\"search_term_string\"}}],\"inLanguage\":\"pt-PT\"},{\"@type\":\"Organization\",\"@id\":\"https:\/\/twchains.com\/#organization\",\"name\":\"twchains\",\"url\":\"https:\/\/twchains.com\/\",\"logo\":{\"@type\":\"ImageObject\",\"inLanguage\":\"pt-PT\",\"@id\":\"https:\/\/twchains.com\/#\/schema\/logo\/image\/\",\"url\":\"https:\/\/twchains.com\/wp-content\/uploads\/2025\/04\/tongwei-logo-100.svg\",\"contentUrl\":\"https:\/\/twchains.com\/wp-content\/uploads\/2025\/04\/tongwei-logo-100.svg\",\"width\":128,\"height\":100,\"caption\":\"twchains\"},\"image\":{\"@id\":\"https:\/\/twchains.com\/#\/schema\/logo\/image\/\"}}]}<\/script>\n<!-- \/ Yoast SEO plugin. -->","yoast_head_json":{"title":"Manufacturer of Loader Tyre Protector Chain 26.5r25 for Steel Mill - twchains","robots":{"index":"index","follow":"follow","max-snippet":"max-snippet:-1","max-image-preview":"max-image-preview:large","max-video-preview":"max-video-preview:-1"},"canonical":"https:\/\/twchains.com\/pt\/produto\/manufacturer-of-loader-tyre-protector-chain-26-5r25-for-steel-mill\/","og_locale":"pt_PT","og_type":"article","og_title":"Manufacturer of Loader Tyre Protector Chain 26.5r25 for Steel Mill - twchains","og_description":"Direct Sales  OEM\/ODM","og_url":"https:\/\/twchains.com\/pt\/produto\/manufacturer-of-loader-tyre-protector-chain-26-5r25-for-steel-mill\/","og_site_name":"twchains","article_modified_time":"2025-04-26T08:18:07+00:00","og_image":[{"width":495,"height":317,"url":"https:\/\/twchains.com\/wp-content\/uploads\/2025\/04\/4.png","type":"image\/png"}],"twitter_card":"summary_large_image","twitter_misc":{"Tempo estimado de leitura":"1 minuto"},"schema":{"@context":"https:\/\/schema.org","@graph":[{"@type":"WebPage","@id":"https:\/\/twchains.com\/product\/manufacturer-of-loader-tyre-protector-chain-26-5r25-for-steel-mill\/","url":"https:\/\/twchains.com\/product\/manufacturer-of-loader-tyre-protector-chain-26-5r25-for-steel-mill\/","name":"Manufacturer of Loader Tyre Protector Chain 26.5r25 for Steel Mill - twchains","isPartOf":{"@id":"https:\/\/twchains.com\/#website"},"primaryImageOfPage":{"@id":"https:\/\/twchains.com\/product\/manufacturer-of-loader-tyre-protector-chain-26-5r25-for-steel-mill\/#primaryimage"},"image":{"@id":"https:\/\/twchains.com\/product\/manufacturer-of-loader-tyre-protector-chain-26-5r25-for-steel-mill\/#primaryimage"},"thumbnailUrl":"https:\/\/twchains.com\/wp-content\/uploads\/2025\/04\/4.png","datePublished":"2025-04-26T07:48:34+00:00","dateModified":"2025-04-26T08:18:07+00:00","breadcrumb":{"@id":"https:\/\/twchains.com\/product\/manufacturer-of-loader-tyre-protector-chain-26-5r25-for-steel-mill\/#breadcrumb"},"inLanguage":"pt-PT","potentialAction":[{"@type":"ReadAction","target":["https:\/\/twchains.com\/product\/manufacturer-of-loader-tyre-protector-chain-26-5r25-for-steel-mill\/"]}]},{"@type":"ImageObject","inLanguage":"pt-PT","@id":"https:\/\/twchains.com\/product\/manufacturer-of-loader-tyre-protector-chain-26-5r25-for-steel-mill\/#primaryimage","url":"https:\/\/twchains.com\/wp-content\/uploads\/2025\/04\/4.png","contentUrl":"https:\/\/twchains.com\/wp-content\/uploads\/2025\/04\/4.png","width":495,"height":317},{"@type":"BreadcrumbList","@id":"https:\/\/twchains.com\/product\/manufacturer-of-loader-tyre-protector-chain-26-5r25-for-steel-mill\/#breadcrumb","itemListElement":[{"@type":"ListItem","position":1,"name":"Home","item":"https:\/\/twchains.com\/"},{"@type":"ListItem","position":2,"name":"Products","item":"https:\/\/twchains.com\/products\/"},{"@type":"ListItem","position":3,"name":"Manufacturer of Loader Tyre Protector Chain 26.5r25 for Steel Mill"}]},{"@type":"WebSite","@id":"https:\/\/twchains.com\/#website","url":"https:\/\/twchains.com\/","name":"twchains","description":"","publisher":{"@id":"https:\/\/twchains.com\/#organization"},"potentialAction":[{"@type":"SearchAction","target":{"@type":"EntryPoint","urlTemplate":"https:\/\/twchains.com\/?s={search_term_string}"},"query-input":{"@type":"PropertyValueSpecification","valueRequired":true,"valueName":"search_term_string"}}],"inLanguage":"pt-PT"},{"@type":"Organization","@id":"https:\/\/twchains.com\/#organization","name":"twchains","url":"https:\/\/twchains.com\/","logo":{"@type":"ImageObject","inLanguage":"pt-PT","@id":"https:\/\/twchains.com\/#\/schema\/logo\/image\/","url":"https:\/\/twchains.com\/wp-content\/uploads\/2025\/04\/tongwei-logo-100.svg","contentUrl":"https:\/\/twchains.com\/wp-content\/uploads\/2025\/04\/tongwei-logo-100.svg","width":128,"height":100,"caption":"twchains"},"image":{"@id":"https:\/\/twchains.com\/#\/schema\/logo\/image\/"}}]}},"_links":{"self":[{"href":"https:\/\/twchains.com\/pt\/wp-json\/wp\/v2\/product\/649","targetHints":{"allow":["GET"]}}],"collection":[{"href":"https:\/\/twchains.com\/pt\/wp-json\/wp\/v2\/product"}],"about":[{"href":"https:\/\/twchains.com\/pt\/wp-json\/wp\/v2\/types\/product"}],"wp:featuredmedia":[{"embeddable":true,"href":"https:\/\/twchains.com\/pt\/wp-json\/wp\/v2\/media\/633"}],"wp:attachment":[{"href":"https:\/\/twchains.com\/pt\/wp-json\/wp\/v2\/media?parent=649"}],"wp:term":[{"taxonomy":"product_brand","embeddable":true,"href":"https:\/\/twchains.com\/pt\/wp-json\/wp\/v2\/product_brand?post=649"},{"taxonomy":"product_cat","embeddable":true,"href":"https:\/\/twchains.com\/pt\/wp-json\/wp\/v2\/product_cat?post=649"},{"taxonomy":"product_tag","embeddable":true,"href":"https:\/\/twchains.com\/pt\/wp-json\/wp\/v2\/product_tag?post=649"}],"curies":[{"name":"wp","href":"https:\/\/api.w.org\/{rel}","templated":true}]}}