{"id":650,"date":"2025-04-26T08:05:32","date_gmt":"2025-04-26T08:05:32","guid":{"rendered":"https:\/\/twchains.com\/?post_type=product&#038;p=650"},"modified":"2025-04-29T04:29:39","modified_gmt":"2025-04-29T04:29:39","slug":"wheel-loader-tire-protection-chains-875-65r29-for-russian-wholesaler","status":"publish","type":"product","link":"https:\/\/twchains.com\/pt\/produto\/wheel-loader-tire-protection-chains-875-65r29-for-russian-wholesaler\/","title":{"rendered":"Correntes de prote\u00e7\u00e3o para pneus de carregadeira de rodas 875\/65r29 para grossista russo"},"content":{"rendered":"<ul>\n<li>Tongwei ( TW ) Tire Protection Chain foi exportada para mais de 60 pa\u00edses e tem 100 clientes B2B com aquisi\u00e7\u00f5es est\u00e1veis (incluindo pa\u00edses repetidos),<\/li>\n<li>Utilizadores finais: utilizadores diretos, tais como siderurgias, minas, empresas de log\u00edstica, etc. (pode ser estimado atrav\u00e9s do feedback dos distribuidores).<\/li>\n<li>Distribui\u00e7\u00e3o regional Mercados de elevado potencial: Zonas de concentra\u00e7\u00e3o sider\u00fargica\/mineira (como a Austr\u00e1lia, o Chile, a \u00c1frica do Sul, a R\u00fassia). Regi\u00f5es activas em infra-estruturas (Sudeste Asi\u00e1tico, M\u00e9dio Oriente).<\/li>\n<li>Mercado a desenvolver: Procura mineira na Am\u00e9rica do Sul (Brasil, Peru) e em \u00c1frica (Congo, Z\u00e2mbia).<\/li>\n<\/ul>\n<p>Contacte-nos livremente se estiver interessado em correntes para pneus de carregadoras.<\/p>\n<p>1TP5Cadeias de carregadores1TP5Cadeias de chassis1TP5Cadeias de carregadores de trussialo1TP5Partes de carregadores de t\u00fabulos1TP5Cadeias de prote\u00e7\u00e3o de t\u00fabulos1TP5Cadeias de prote\u00e7\u00e3o de t\u00fabulos<\/p>","protected":false},"excerpt":{"rendered":"<ul>\n<li>Taxa de recompra At\u00e9 95%<\/li>\n<li>100% Ensaio de tra\u00e7\u00e3o<\/li>\n<li>Design personalizado e adapta\u00e7\u00e3o de cenas<\/li>\n<\/ul>","protected":false},"featured_media":651,"template":"","meta":{"inline_featured_image":false,"_kad_post_transparent":"default","_kad_post_title":"","_kad_post_layout":"default","_kad_post_sidebar_id":"","_kad_post_content_style":"default","_kad_post_vertical_padding":"default","_kad_post_feature":"","_kad_post_feature_position":"","_kad_post_header":false,"_kad_post_footer":false},"product_brand":[],"product_cat":[15,30,26],"product_tag":[],"class_list":{"0":"post-650","1":"product","2":"type-product","3":"status-publish","4":"has-post-thumbnail","6":"product_cat-tyre-protection-chain","7":"product_cat-loader-grader-tire-chain","8":"product_cat-reinforced","10":"first","11":"instock","12":"shipping-taxable","13":"product-type-simple","14":"entry","15":"content-bg","16":"loop-entry"},"yoast_head":"<!-- This site is optimized with the Yoast SEO plugin v25.4 - https:\/\/yoast.com\/wordpress\/plugins\/seo\/ -->\n<title>Wheel Loader Tire Protection Chains 875\/65r29 for Russian Wholesaler - twchains<\/title>\n<meta name=\"robots\" content=\"index, follow, max-snippet:-1, max-image-preview:large, max-video-preview:-1\" \/>\n<link rel=\"canonical\" href=\"https:\/\/twchains.com\/pt\/produto\/wheel-loader-tire-protection-chains-875-65r29-for-russian-wholesaler\/\" \/>\n<meta property=\"og:locale\" content=\"pt_PT\" \/>\n<meta property=\"og:type\" content=\"article\" \/>\n<meta property=\"og:title\" content=\"Wheel Loader Tire Protection Chains 875\/65r29 for Russian Wholesaler - twchains\" \/>\n<meta property=\"og:description\" content=\"Repurchase Rate Up To 95%  100% Tensile Testing  Customized Design &amp; Scene Adaptation\" \/>\n<meta property=\"og:url\" content=\"https:\/\/twchains.com\/pt\/produto\/wheel-loader-tire-protection-chains-875-65r29-for-russian-wholesaler\/\" \/>\n<meta property=\"og:site_name\" content=\"twchains\" \/>\n<meta property=\"article:modified_time\" content=\"2025-04-29T04:29:39+00:00\" \/>\n<meta property=\"og:image\" content=\"https:\/\/twchains.com\/wp-content\/uploads\/2025\/04\/chainsmarble.jpg\" \/>\n\t<meta property=\"og:image:width\" content=\"411\" \/>\n\t<meta property=\"og:image:height\" content=\"365\" \/>\n\t<meta property=\"og:image:type\" content=\"image\/jpeg\" \/>\n<meta name=\"twitter:card\" content=\"summary_large_image\" \/>\n<meta name=\"twitter:label1\" content=\"Tempo estimado de leitura\" \/>\n\t<meta name=\"twitter:data1\" content=\"1 minuto\" \/>\n<script type=\"application\/ld+json\" class=\"yoast-schema-graph\">{\"@context\":\"https:\/\/schema.org\",\"@graph\":[{\"@type\":\"WebPage\",\"@id\":\"https:\/\/twchains.com\/product\/wheel-loader-tire-protection-chains-875-65r29-for-russian-wholesaler\/\",\"url\":\"https:\/\/twchains.com\/product\/wheel-loader-tire-protection-chains-875-65r29-for-russian-wholesaler\/\",\"name\":\"Wheel Loader Tire Protection Chains 875\/65r29 for Russian Wholesaler - twchains\",\"isPartOf\":{\"@id\":\"https:\/\/twchains.com\/#website\"},\"primaryImageOfPage\":{\"@id\":\"https:\/\/twchains.com\/product\/wheel-loader-tire-protection-chains-875-65r29-for-russian-wholesaler\/#primaryimage\"},\"image\":{\"@id\":\"https:\/\/twchains.com\/product\/wheel-loader-tire-protection-chains-875-65r29-for-russian-wholesaler\/#primaryimage\"},\"thumbnailUrl\":\"https:\/\/twchains.com\/wp-content\/uploads\/2025\/04\/chainsmarble.jpg\",\"datePublished\":\"2025-04-26T08:05:32+00:00\",\"dateModified\":\"2025-04-29T04:29:39+00:00\",\"breadcrumb\":{\"@id\":\"https:\/\/twchains.com\/product\/wheel-loader-tire-protection-chains-875-65r29-for-russian-wholesaler\/#breadcrumb\"},\"inLanguage\":\"pt-PT\",\"potentialAction\":[{\"@type\":\"ReadAction\",\"target\":[\"https:\/\/twchains.com\/product\/wheel-loader-tire-protection-chains-875-65r29-for-russian-wholesaler\/\"]}]},{\"@type\":\"ImageObject\",\"inLanguage\":\"pt-PT\",\"@id\":\"https:\/\/twchains.com\/product\/wheel-loader-tire-protection-chains-875-65r29-for-russian-wholesaler\/#primaryimage\",\"url\":\"https:\/\/twchains.com\/wp-content\/uploads\/2025\/04\/chainsmarble.jpg\",\"contentUrl\":\"https:\/\/twchains.com\/wp-content\/uploads\/2025\/04\/chainsmarble.jpg\",\"width\":411,\"height\":365},{\"@type\":\"BreadcrumbList\",\"@id\":\"https:\/\/twchains.com\/product\/wheel-loader-tire-protection-chains-875-65r29-for-russian-wholesaler\/#breadcrumb\",\"itemListElement\":[{\"@type\":\"ListItem\",\"position\":1,\"name\":\"Home\",\"item\":\"https:\/\/twchains.com\/\"},{\"@type\":\"ListItem\",\"position\":2,\"name\":\"Products\",\"item\":\"https:\/\/twchains.com\/products\/\"},{\"@type\":\"ListItem\",\"position\":3,\"name\":\"Wheel Loader Tire Protection Chains 875\/65r29 for Russian Wholesaler\"}]},{\"@type\":\"WebSite\",\"@id\":\"https:\/\/twchains.com\/#website\",\"url\":\"https:\/\/twchains.com\/\",\"name\":\"twchains\",\"description\":\"\",\"publisher\":{\"@id\":\"https:\/\/twchains.com\/#organization\"},\"potentialAction\":[{\"@type\":\"SearchAction\",\"target\":{\"@type\":\"EntryPoint\",\"urlTemplate\":\"https:\/\/twchains.com\/?s={search_term_string}\"},\"query-input\":{\"@type\":\"PropertyValueSpecification\",\"valueRequired\":true,\"valueName\":\"search_term_string\"}}],\"inLanguage\":\"pt-PT\"},{\"@type\":\"Organization\",\"@id\":\"https:\/\/twchains.com\/#organization\",\"name\":\"twchains\",\"url\":\"https:\/\/twchains.com\/\",\"logo\":{\"@type\":\"ImageObject\",\"inLanguage\":\"pt-PT\",\"@id\":\"https:\/\/twchains.com\/#\/schema\/logo\/image\/\",\"url\":\"https:\/\/twchains.com\/wp-content\/uploads\/2025\/04\/tongwei-logo-100.svg\",\"contentUrl\":\"https:\/\/twchains.com\/wp-content\/uploads\/2025\/04\/tongwei-logo-100.svg\",\"width\":128,\"height\":100,\"caption\":\"twchains\"},\"image\":{\"@id\":\"https:\/\/twchains.com\/#\/schema\/logo\/image\/\"}}]}<\/script>\n<!-- \/ Yoast SEO plugin. -->","yoast_head_json":{"title":"Wheel Loader Tire Protection Chains 875\/65r29 for Russian Wholesaler - twchains","robots":{"index":"index","follow":"follow","max-snippet":"max-snippet:-1","max-image-preview":"max-image-preview:large","max-video-preview":"max-video-preview:-1"},"canonical":"https:\/\/twchains.com\/pt\/produto\/wheel-loader-tire-protection-chains-875-65r29-for-russian-wholesaler\/","og_locale":"pt_PT","og_type":"article","og_title":"Wheel Loader Tire Protection Chains 875\/65r29 for Russian Wholesaler - twchains","og_description":"Repurchase Rate Up To 95%  100% Tensile Testing  Customized Design &amp; Scene Adaptation","og_url":"https:\/\/twchains.com\/pt\/produto\/wheel-loader-tire-protection-chains-875-65r29-for-russian-wholesaler\/","og_site_name":"twchains","article_modified_time":"2025-04-29T04:29:39+00:00","og_image":[{"width":411,"height":365,"url":"https:\/\/twchains.com\/wp-content\/uploads\/2025\/04\/chainsmarble.jpg","type":"image\/jpeg"}],"twitter_card":"summary_large_image","twitter_misc":{"Tempo estimado de leitura":"1 minuto"},"schema":{"@context":"https:\/\/schema.org","@graph":[{"@type":"WebPage","@id":"https:\/\/twchains.com\/product\/wheel-loader-tire-protection-chains-875-65r29-for-russian-wholesaler\/","url":"https:\/\/twchains.com\/product\/wheel-loader-tire-protection-chains-875-65r29-for-russian-wholesaler\/","name":"Wheel Loader Tire Protection Chains 875\/65r29 for Russian Wholesaler - twchains","isPartOf":{"@id":"https:\/\/twchains.com\/#website"},"primaryImageOfPage":{"@id":"https:\/\/twchains.com\/product\/wheel-loader-tire-protection-chains-875-65r29-for-russian-wholesaler\/#primaryimage"},"image":{"@id":"https:\/\/twchains.com\/product\/wheel-loader-tire-protection-chains-875-65r29-for-russian-wholesaler\/#primaryimage"},"thumbnailUrl":"https:\/\/twchains.com\/wp-content\/uploads\/2025\/04\/chainsmarble.jpg","datePublished":"2025-04-26T08:05:32+00:00","dateModified":"2025-04-29T04:29:39+00:00","breadcrumb":{"@id":"https:\/\/twchains.com\/product\/wheel-loader-tire-protection-chains-875-65r29-for-russian-wholesaler\/#breadcrumb"},"inLanguage":"pt-PT","potentialAction":[{"@type":"ReadAction","target":["https:\/\/twchains.com\/product\/wheel-loader-tire-protection-chains-875-65r29-for-russian-wholesaler\/"]}]},{"@type":"ImageObject","inLanguage":"pt-PT","@id":"https:\/\/twchains.com\/product\/wheel-loader-tire-protection-chains-875-65r29-for-russian-wholesaler\/#primaryimage","url":"https:\/\/twchains.com\/wp-content\/uploads\/2025\/04\/chainsmarble.jpg","contentUrl":"https:\/\/twchains.com\/wp-content\/uploads\/2025\/04\/chainsmarble.jpg","width":411,"height":365},{"@type":"BreadcrumbList","@id":"https:\/\/twchains.com\/product\/wheel-loader-tire-protection-chains-875-65r29-for-russian-wholesaler\/#breadcrumb","itemListElement":[{"@type":"ListItem","position":1,"name":"Home","item":"https:\/\/twchains.com\/"},{"@type":"ListItem","position":2,"name":"Products","item":"https:\/\/twchains.com\/products\/"},{"@type":"ListItem","position":3,"name":"Wheel Loader Tire Protection Chains 875\/65r29 for Russian Wholesaler"}]},{"@type":"WebSite","@id":"https:\/\/twchains.com\/#website","url":"https:\/\/twchains.com\/","name":"twchains","description":"","publisher":{"@id":"https:\/\/twchains.com\/#organization"},"potentialAction":[{"@type":"SearchAction","target":{"@type":"EntryPoint","urlTemplate":"https:\/\/twchains.com\/?s={search_term_string}"},"query-input":{"@type":"PropertyValueSpecification","valueRequired":true,"valueName":"search_term_string"}}],"inLanguage":"pt-PT"},{"@type":"Organization","@id":"https:\/\/twchains.com\/#organization","name":"twchains","url":"https:\/\/twchains.com\/","logo":{"@type":"ImageObject","inLanguage":"pt-PT","@id":"https:\/\/twchains.com\/#\/schema\/logo\/image\/","url":"https:\/\/twchains.com\/wp-content\/uploads\/2025\/04\/tongwei-logo-100.svg","contentUrl":"https:\/\/twchains.com\/wp-content\/uploads\/2025\/04\/tongwei-logo-100.svg","width":128,"height":100,"caption":"twchains"},"image":{"@id":"https:\/\/twchains.com\/#\/schema\/logo\/image\/"}}]}},"_links":{"self":[{"href":"https:\/\/twchains.com\/pt\/wp-json\/wp\/v2\/product\/650","targetHints":{"allow":["GET"]}}],"collection":[{"href":"https:\/\/twchains.com\/pt\/wp-json\/wp\/v2\/product"}],"about":[{"href":"https:\/\/twchains.com\/pt\/wp-json\/wp\/v2\/types\/product"}],"wp:featuredmedia":[{"embeddable":true,"href":"https:\/\/twchains.com\/pt\/wp-json\/wp\/v2\/media\/651"}],"wp:attachment":[{"href":"https:\/\/twchains.com\/pt\/wp-json\/wp\/v2\/media?parent=650"}],"wp:term":[{"taxonomy":"product_brand","embeddable":true,"href":"https:\/\/twchains.com\/pt\/wp-json\/wp\/v2\/product_brand?post=650"},{"taxonomy":"product_cat","embeddable":true,"href":"https:\/\/twchains.com\/pt\/wp-json\/wp\/v2\/product_cat?post=650"},{"taxonomy":"product_tag","embeddable":true,"href":"https:\/\/twchains.com\/pt\/wp-json\/wp\/v2\/product_tag?post=650"}],"curies":[{"name":"wp","href":"https:\/\/api.w.org\/{rel}","templated":true}]}}