{"id":846,"date":"2025-05-14T08:08:42","date_gmt":"2025-05-14T08:08:42","guid":{"rendered":"https:\/\/twchains.com\/?post_type=product&#038;p=846"},"modified":"2025-05-14T08:27:03","modified_gmt":"2025-05-14T08:27:03","slug":"23-5-25-ice-resistant-and-wear-resistant-protective-traction-chain","status":"publish","type":"product","link":"https:\/\/twchains.com\/pt\/produto\/23-5-25-ice-resistant-and-wear-resistant-protective-traction-chain\/","title":{"rendered":"23.5-25 Corrente de tra\u00e7\u00e3o protetora resistente ao gelo e ao desgaste"},"content":{"rendered":"<p>No nordeste da China, temos um grupo de clientes todos os Invernos que trabalha principalmente em estradas onde a energia e\u00f3lica \u00e9 utilizada para empurrar a neve para as montanhas. Inicialmente, os clientes estavam mais preocupados com o pre\u00e7o e escolheram a corrente antiderrapante para pneus 23,5-25 com anel de 12 mm. At\u00e9 2023, o cliente perguntou sobre a vers\u00e3o refor\u00e7ada com anel de 16 mm da corrente de tra\u00e7\u00e3o antiderrapante dentada. Depois de comprar quatro deles, a qualidade do feedback foi muito boa. A corrente antiderrapante dentada de 16 an\u00e9is \u00e9 mais dur\u00e1vel e o design dentado torna a ader\u00eancia mais forte e o efeito antiderrapante melhor.<\/p>\n<p>Esta corrente antiderrapante com anel dentado de 16 mm foi exportada para a R\u00fassia, Europa, Am\u00e9rica do Norte e outros lugares nos \u00faltimos anos, e tornou-se cada vez mais popular e bem-vinda por clientes em todo o mundo.<\/p>\n<p>Somos certificados com o sistema de gest\u00e3o da qualidade ISO9001 desde 2019 e tamb\u00e9m passamos por tratamento t\u00e9rmico especial e resfriamento durante o processo de produ\u00e7\u00e3o, que \u00e9 uma etapa crucial. Antes do envio, verificaremos aleatoriamente o teste de resist\u00eancia \u00e0 tra\u00e7\u00e3o da corrente de prote\u00e7\u00e3o dos pneus. Depois que todos os dados atenderem aos padr\u00f5es, providenciaremos a espera pelo transporte no armaz\u00e9m.<\/p>\n<p>1TP5Cadeia de trac\u00e7\u00e3o1TP5Cadeia de protec\u00e7\u00e3o#23.5-251TP5Cadeias de neve<\/p>","protected":false},"excerpt":{"rendered":"<ul>\n<li>Certificado ISO 9001-2015<\/li>\n<li>Tratamento t\u00e9rmico e refrigera\u00e7\u00e3o<\/li>\n<\/ul>","protected":false},"featured_media":849,"template":"","meta":{"inline_featured_image":false,"_kad_post_transparent":"default","_kad_post_title":"","_kad_post_layout":"default","_kad_post_sidebar_id":"","_kad_post_content_style":"default","_kad_post_vertical_padding":"default","_kad_post_feature":"","_kad_post_feature_position":"","_kad_post_header":false,"_kad_post_footer":false},"product_brand":[],"product_cat":[24,30],"product_tag":[],"class_list":{"0":"post-846","1":"product","2":"type-product","3":"status-publish","4":"has-post-thumbnail","6":"product_cat-anti-skid-tire-chains","7":"product_cat-loader-grader-tire-chain","9":"first","10":"instock","11":"shipping-taxable","12":"product-type-simple","13":"entry","14":"content-bg","15":"loop-entry"},"yoast_head":"<!-- This site is optimized with the Yoast SEO plugin v25.4 - https:\/\/yoast.com\/wordpress\/plugins\/seo\/ -->\n<title>23.5-25 Ice Resistant and Wear-Resistant Protective Traction Chain - twchains<\/title>\n<meta name=\"robots\" content=\"index, follow, max-snippet:-1, max-image-preview:large, max-video-preview:-1\" \/>\n<link rel=\"canonical\" href=\"https:\/\/twchains.com\/pt\/produto\/23-5-25-ice-resistant-and-wear-resistant-protective-traction-chain\/\" \/>\n<meta property=\"og:locale\" content=\"pt_PT\" \/>\n<meta property=\"og:type\" content=\"article\" \/>\n<meta property=\"og:title\" content=\"23.5-25 Ice Resistant and Wear-Resistant Protective Traction Chain - twchains\" \/>\n<meta property=\"og:description\" content=\"ISO 9001-2015 Certificate  Heat Treatment &amp; Chilling\" \/>\n<meta property=\"og:url\" content=\"https:\/\/twchains.com\/pt\/produto\/23-5-25-ice-resistant-and-wear-resistant-protective-traction-chain\/\" \/>\n<meta property=\"og:site_name\" content=\"twchains\" \/>\n<meta property=\"article:modified_time\" content=\"2025-05-14T08:27:03+00:00\" \/>\n<meta property=\"og:image\" content=\"https:\/\/twchains.com\/wp-content\/uploads\/2025\/05\/anti-skid-traction-chains-for-26.5-25-otr-mining-tyre.jpg\" \/>\n\t<meta property=\"og:image:width\" content=\"1080\" \/>\n\t<meta property=\"og:image:height\" content=\"1080\" \/>\n\t<meta property=\"og:image:type\" content=\"image\/jpeg\" \/>\n<meta name=\"twitter:card\" content=\"summary_large_image\" \/>\n<meta name=\"twitter:label1\" content=\"Tempo estimado de leitura\" \/>\n\t<meta name=\"twitter:data1\" content=\"2 minutos\" \/>\n<script type=\"application\/ld+json\" class=\"yoast-schema-graph\">{\"@context\":\"https:\/\/schema.org\",\"@graph\":[{\"@type\":\"WebPage\",\"@id\":\"https:\/\/twchains.com\/product\/23-5-25-ice-resistant-and-wear-resistant-protective-traction-chain\/\",\"url\":\"https:\/\/twchains.com\/product\/23-5-25-ice-resistant-and-wear-resistant-protective-traction-chain\/\",\"name\":\"23.5-25 Ice Resistant and Wear-Resistant Protective Traction Chain - twchains\",\"isPartOf\":{\"@id\":\"https:\/\/twchains.com\/#website\"},\"primaryImageOfPage\":{\"@id\":\"https:\/\/twchains.com\/product\/23-5-25-ice-resistant-and-wear-resistant-protective-traction-chain\/#primaryimage\"},\"image\":{\"@id\":\"https:\/\/twchains.com\/product\/23-5-25-ice-resistant-and-wear-resistant-protective-traction-chain\/#primaryimage\"},\"thumbnailUrl\":\"https:\/\/twchains.com\/wp-content\/uploads\/2025\/05\/anti-skid-traction-chains-for-26.5-25-otr-mining-tyre.jpg\",\"datePublished\":\"2025-05-14T08:08:42+00:00\",\"dateModified\":\"2025-05-14T08:27:03+00:00\",\"breadcrumb\":{\"@id\":\"https:\/\/twchains.com\/product\/23-5-25-ice-resistant-and-wear-resistant-protective-traction-chain\/#breadcrumb\"},\"inLanguage\":\"pt-PT\",\"potentialAction\":[{\"@type\":\"ReadAction\",\"target\":[\"https:\/\/twchains.com\/product\/23-5-25-ice-resistant-and-wear-resistant-protective-traction-chain\/\"]}]},{\"@type\":\"ImageObject\",\"inLanguage\":\"pt-PT\",\"@id\":\"https:\/\/twchains.com\/product\/23-5-25-ice-resistant-and-wear-resistant-protective-traction-chain\/#primaryimage\",\"url\":\"https:\/\/twchains.com\/wp-content\/uploads\/2025\/05\/anti-skid-traction-chains-for-26.5-25-otr-mining-tyre.jpg\",\"contentUrl\":\"https:\/\/twchains.com\/wp-content\/uploads\/2025\/05\/anti-skid-traction-chains-for-26.5-25-otr-mining-tyre.jpg\",\"width\":1080,\"height\":1080},{\"@type\":\"BreadcrumbList\",\"@id\":\"https:\/\/twchains.com\/product\/23-5-25-ice-resistant-and-wear-resistant-protective-traction-chain\/#breadcrumb\",\"itemListElement\":[{\"@type\":\"ListItem\",\"position\":1,\"name\":\"Home\",\"item\":\"https:\/\/twchains.com\/\"},{\"@type\":\"ListItem\",\"position\":2,\"name\":\"Products\",\"item\":\"https:\/\/twchains.com\/products\/\"},{\"@type\":\"ListItem\",\"position\":3,\"name\":\"23.5-25 Ice Resistant and Wear-Resistant Protective Traction Chain\"}]},{\"@type\":\"WebSite\",\"@id\":\"https:\/\/twchains.com\/#website\",\"url\":\"https:\/\/twchains.com\/\",\"name\":\"twchains\",\"description\":\"\",\"publisher\":{\"@id\":\"https:\/\/twchains.com\/#organization\"},\"potentialAction\":[{\"@type\":\"SearchAction\",\"target\":{\"@type\":\"EntryPoint\",\"urlTemplate\":\"https:\/\/twchains.com\/?s={search_term_string}\"},\"query-input\":{\"@type\":\"PropertyValueSpecification\",\"valueRequired\":true,\"valueName\":\"search_term_string\"}}],\"inLanguage\":\"pt-PT\"},{\"@type\":\"Organization\",\"@id\":\"https:\/\/twchains.com\/#organization\",\"name\":\"twchains\",\"url\":\"https:\/\/twchains.com\/\",\"logo\":{\"@type\":\"ImageObject\",\"inLanguage\":\"pt-PT\",\"@id\":\"https:\/\/twchains.com\/#\/schema\/logo\/image\/\",\"url\":\"https:\/\/twchains.com\/wp-content\/uploads\/2025\/04\/tongwei-logo-100.svg\",\"contentUrl\":\"https:\/\/twchains.com\/wp-content\/uploads\/2025\/04\/tongwei-logo-100.svg\",\"width\":128,\"height\":100,\"caption\":\"twchains\"},\"image\":{\"@id\":\"https:\/\/twchains.com\/#\/schema\/logo\/image\/\"}}]}<\/script>\n<!-- \/ Yoast SEO plugin. -->","yoast_head_json":{"title":"23.5-25 Ice Resistant and Wear-Resistant Protective Traction Chain - twchains","robots":{"index":"index","follow":"follow","max-snippet":"max-snippet:-1","max-image-preview":"max-image-preview:large","max-video-preview":"max-video-preview:-1"},"canonical":"https:\/\/twchains.com\/pt\/produto\/23-5-25-ice-resistant-and-wear-resistant-protective-traction-chain\/","og_locale":"pt_PT","og_type":"article","og_title":"23.5-25 Ice Resistant and Wear-Resistant Protective Traction Chain - twchains","og_description":"ISO 9001-2015 Certificate  Heat Treatment &amp; Chilling","og_url":"https:\/\/twchains.com\/pt\/produto\/23-5-25-ice-resistant-and-wear-resistant-protective-traction-chain\/","og_site_name":"twchains","article_modified_time":"2025-05-14T08:27:03+00:00","og_image":[{"width":1080,"height":1080,"url":"https:\/\/twchains.com\/wp-content\/uploads\/2025\/05\/anti-skid-traction-chains-for-26.5-25-otr-mining-tyre.jpg","type":"image\/jpeg"}],"twitter_card":"summary_large_image","twitter_misc":{"Tempo estimado de leitura":"2 minutos"},"schema":{"@context":"https:\/\/schema.org","@graph":[{"@type":"WebPage","@id":"https:\/\/twchains.com\/product\/23-5-25-ice-resistant-and-wear-resistant-protective-traction-chain\/","url":"https:\/\/twchains.com\/product\/23-5-25-ice-resistant-and-wear-resistant-protective-traction-chain\/","name":"23.5-25 Ice Resistant and Wear-Resistant Protective Traction Chain - twchains","isPartOf":{"@id":"https:\/\/twchains.com\/#website"},"primaryImageOfPage":{"@id":"https:\/\/twchains.com\/product\/23-5-25-ice-resistant-and-wear-resistant-protective-traction-chain\/#primaryimage"},"image":{"@id":"https:\/\/twchains.com\/product\/23-5-25-ice-resistant-and-wear-resistant-protective-traction-chain\/#primaryimage"},"thumbnailUrl":"https:\/\/twchains.com\/wp-content\/uploads\/2025\/05\/anti-skid-traction-chains-for-26.5-25-otr-mining-tyre.jpg","datePublished":"2025-05-14T08:08:42+00:00","dateModified":"2025-05-14T08:27:03+00:00","breadcrumb":{"@id":"https:\/\/twchains.com\/product\/23-5-25-ice-resistant-and-wear-resistant-protective-traction-chain\/#breadcrumb"},"inLanguage":"pt-PT","potentialAction":[{"@type":"ReadAction","target":["https:\/\/twchains.com\/product\/23-5-25-ice-resistant-and-wear-resistant-protective-traction-chain\/"]}]},{"@type":"ImageObject","inLanguage":"pt-PT","@id":"https:\/\/twchains.com\/product\/23-5-25-ice-resistant-and-wear-resistant-protective-traction-chain\/#primaryimage","url":"https:\/\/twchains.com\/wp-content\/uploads\/2025\/05\/anti-skid-traction-chains-for-26.5-25-otr-mining-tyre.jpg","contentUrl":"https:\/\/twchains.com\/wp-content\/uploads\/2025\/05\/anti-skid-traction-chains-for-26.5-25-otr-mining-tyre.jpg","width":1080,"height":1080},{"@type":"BreadcrumbList","@id":"https:\/\/twchains.com\/product\/23-5-25-ice-resistant-and-wear-resistant-protective-traction-chain\/#breadcrumb","itemListElement":[{"@type":"ListItem","position":1,"name":"Home","item":"https:\/\/twchains.com\/"},{"@type":"ListItem","position":2,"name":"Products","item":"https:\/\/twchains.com\/products\/"},{"@type":"ListItem","position":3,"name":"23.5-25 Ice Resistant and Wear-Resistant Protective Traction Chain"}]},{"@type":"WebSite","@id":"https:\/\/twchains.com\/#website","url":"https:\/\/twchains.com\/","name":"twchains","description":"","publisher":{"@id":"https:\/\/twchains.com\/#organization"},"potentialAction":[{"@type":"SearchAction","target":{"@type":"EntryPoint","urlTemplate":"https:\/\/twchains.com\/?s={search_term_string}"},"query-input":{"@type":"PropertyValueSpecification","valueRequired":true,"valueName":"search_term_string"}}],"inLanguage":"pt-PT"},{"@type":"Organization","@id":"https:\/\/twchains.com\/#organization","name":"twchains","url":"https:\/\/twchains.com\/","logo":{"@type":"ImageObject","inLanguage":"pt-PT","@id":"https:\/\/twchains.com\/#\/schema\/logo\/image\/","url":"https:\/\/twchains.com\/wp-content\/uploads\/2025\/04\/tongwei-logo-100.svg","contentUrl":"https:\/\/twchains.com\/wp-content\/uploads\/2025\/04\/tongwei-logo-100.svg","width":128,"height":100,"caption":"twchains"},"image":{"@id":"https:\/\/twchains.com\/#\/schema\/logo\/image\/"}}]}},"_links":{"self":[{"href":"https:\/\/twchains.com\/pt\/wp-json\/wp\/v2\/product\/846","targetHints":{"allow":["GET"]}}],"collection":[{"href":"https:\/\/twchains.com\/pt\/wp-json\/wp\/v2\/product"}],"about":[{"href":"https:\/\/twchains.com\/pt\/wp-json\/wp\/v2\/types\/product"}],"wp:featuredmedia":[{"embeddable":true,"href":"https:\/\/twchains.com\/pt\/wp-json\/wp\/v2\/media\/849"}],"wp:attachment":[{"href":"https:\/\/twchains.com\/pt\/wp-json\/wp\/v2\/media?parent=846"}],"wp:term":[{"taxonomy":"product_brand","embeddable":true,"href":"https:\/\/twchains.com\/pt\/wp-json\/wp\/v2\/product_brand?post=846"},{"taxonomy":"product_cat","embeddable":true,"href":"https:\/\/twchains.com\/pt\/wp-json\/wp\/v2\/product_cat?post=846"},{"taxonomy":"product_tag","embeddable":true,"href":"https:\/\/twchains.com\/pt\/wp-json\/wp\/v2\/product_tag?post=846"}],"curies":[{"name":"wp","href":"https:\/\/api.w.org\/{rel}","templated":true}]}}