{"id":956,"date":"2025-06-04T01:59:13","date_gmt":"2025-06-04T01:59:13","guid":{"rendered":"https:\/\/twchains.com\/?post_type=product&#038;p=956"},"modified":"2025-06-04T01:59:13","modified_gmt":"2025-06-04T01:59:13","slug":"x16mm-reinforced-type-a-23-5r25-truck-mining-tire-chains","status":"publish","type":"product","link":"https:\/\/twchains.com\/pt\/produto\/x16mm-reinforced-type-a-23-5r25-truck-mining-tire-chains\/","title":{"rendered":"\u00d7Correntes para pneus de minera\u00e7\u00e3o para cami\u00f5es 23.5r25 com refor\u00e7o de 16 mm"},"content":{"rendered":"<p>Como colocar correntes nos pneus:<\/p>\n<ol>\n<li>Estender a corrente, com o losango das pe\u00e7as forjadas para baixo. A corrente de tens\u00e3o deve estar do lado exterior da roda.<\/li>\n<li>Conduzir sobre a corrente, parar a uma dist\u00e2ncia de cerca de 60 cm da extremidade, colocar a corrente de montagem sobre o pneu e fixar a corrente de montagem com os 2 ganchos de montagem.<\/li>\n<li>Conduzir lentamente uma volta completa do volante.<\/li>\n<li>Parar a roda e fixar as duas extremidades com o alicate de montagem<\/li>\n<li>Fixar os elos da corrente exterior com a manilha, abrir a corrente de montagem e retirar os 2 ganchos de montagem.<\/li>\n<li>Aperte e fixe todas as pe\u00e7as forjadas do lado interno da corrente com o anel de liga\u00e7\u00e3o.<\/li>\n<li>Anel de liga\u00e7\u00e3o seguro: empurrar a pe\u00e7a de bloqueio, introduzir o pino; Manilha de pino seguro: empurrar o elemento de fixa\u00e7\u00e3o e introduzir os pinos.<\/li>\n<li>Retirar a corrente de montagem, fixar a alavanca de tens\u00e3o, apertar a corrente de tens\u00e3o, empurrar a placa de bloqueio para a corrente de tens\u00e3o e fix\u00e1-la.<\/li>\n<\/ol>\n<div class=\"entry-content-asset videofit\"><iframe title=\"Como instalar a corrente de prote\u00e7\u00e3o do carregador\" width=\"720\" height=\"405\" src=\"https:\/\/www.youtube.com\/embed\/NnEMMByXYFM?feature=oembed\" frameborder=\"0\" allow=\"accelerometer; autoplay; clipboard-write; encrypted-media; gyroscope; picture-in-picture; web-share\" referrerpolicy=\"strict-origin-when-cross-origin\" allowfullscreen><\/iframe><\/div>","protected":false},"excerpt":{"rendered":"<ul>\n<li>Processo de forjamento de precis\u00e3o<\/li>\n<li>Tratamento de t\u00eampera + revenido<\/li>\n<li>Teste de equil\u00edbrio din\u00e2mico - Cada conjunto de correntes \u00e9 submetido a um teste de rota\u00e7\u00e3o a alta velocidade para garantir uma condu\u00e7\u00e3o suave e sem vibra\u00e7\u00f5es ap\u00f3s a instala\u00e7\u00e3o.<\/li>\n<li>Tecnologia de revestimento \u00e0 prova de ferrugem - revestimento superficial de liga de zinco e n\u00edquel, resistente \u00e0 corros\u00e3o, prolonga a vida \u00fatil.<\/li>\n<\/ul>","protected":false},"featured_media":875,"template":"","meta":{"inline_featured_image":false,"_kad_post_transparent":"default","_kad_post_title":"","_kad_post_layout":"default","_kad_post_sidebar_id":"","_kad_post_content_style":"default","_kad_post_vertical_padding":"default","_kad_post_feature":"","_kad_post_feature_position":"","_kad_post_header":false,"_kad_post_footer":false},"product_brand":[],"product_cat":[26],"product_tag":[],"class_list":{"0":"post-956","1":"product","2":"type-product","3":"status-publish","4":"has-post-thumbnail","6":"product_cat-reinforced","8":"first","9":"instock","10":"shipping-taxable","11":"product-type-simple","12":"entry","13":"content-bg","14":"loop-entry"},"yoast_head":"<!-- This site is optimized with the Yoast SEO plugin v25.4 - https:\/\/yoast.com\/wordpress\/plugins\/seo\/ -->\n<title>\u00d716mm Reinforced Type A 23.5r25 Truck Mining Tire Chains - twchains<\/title>\n<meta name=\"robots\" content=\"index, follow, max-snippet:-1, max-image-preview:large, max-video-preview:-1\" \/>\n<link rel=\"canonical\" href=\"https:\/\/twchains.com\/pt\/produto\/x16mm-reinforced-type-a-23-5r25-truck-mining-tire-chains\/\" \/>\n<meta property=\"og:locale\" content=\"pt_PT\" \/>\n<meta property=\"og:type\" content=\"article\" \/>\n<meta property=\"og:title\" content=\"\u00d716mm Reinforced Type A 23.5r25 Truck Mining Tire Chains - twchains\" \/>\n<meta property=\"og:description\" content=\"Precision Forging Process  Quenching+Tempering Treatment  Dynamic Balance Test - Each set of chains undergoes high-speed rotation testing to ensure smooth and vibration free driving after installation.  Rust Proof Coating Technology - surface zinc nickel alloy coating, corrosion-resistant, extends service life.\" \/>\n<meta property=\"og:url\" content=\"https:\/\/twchains.com\/pt\/produto\/x16mm-reinforced-type-a-23-5r25-truck-mining-tire-chains\/\" \/>\n<meta property=\"og:site_name\" content=\"twchains\" \/>\n<meta property=\"og:image\" content=\"https:\/\/twchains.com\/wp-content\/uploads\/2025\/05\/High-manganese-steel-wear-resistant-chain-for-iron-ore-1.jpg\" \/>\n\t<meta property=\"og:image:width\" content=\"1080\" \/>\n\t<meta property=\"og:image:height\" content=\"1080\" \/>\n\t<meta property=\"og:image:type\" content=\"image\/jpeg\" \/>\n<meta name=\"twitter:card\" content=\"summary_large_image\" \/>\n<meta name=\"twitter:label1\" content=\"Tempo estimado de leitura\" \/>\n\t<meta name=\"twitter:data1\" content=\"1 minuto\" \/>\n<script type=\"application\/ld+json\" class=\"yoast-schema-graph\">{\"@context\":\"https:\/\/schema.org\",\"@graph\":[{\"@type\":\"WebPage\",\"@id\":\"https:\/\/twchains.com\/product\/x16mm-reinforced-type-a-23-5r25-truck-mining-tire-chains\/\",\"url\":\"https:\/\/twchains.com\/product\/x16mm-reinforced-type-a-23-5r25-truck-mining-tire-chains\/\",\"name\":\"\u00d716mm Reinforced Type A 23.5r25 Truck Mining Tire Chains - twchains\",\"isPartOf\":{\"@id\":\"https:\/\/twchains.com\/#website\"},\"primaryImageOfPage\":{\"@id\":\"https:\/\/twchains.com\/product\/x16mm-reinforced-type-a-23-5r25-truck-mining-tire-chains\/#primaryimage\"},\"image\":{\"@id\":\"https:\/\/twchains.com\/product\/x16mm-reinforced-type-a-23-5r25-truck-mining-tire-chains\/#primaryimage\"},\"thumbnailUrl\":\"https:\/\/twchains.com\/wp-content\/uploads\/2025\/05\/High-manganese-steel-wear-resistant-chain-for-iron-ore-1.jpg\",\"datePublished\":\"2025-06-04T01:59:13+00:00\",\"breadcrumb\":{\"@id\":\"https:\/\/twchains.com\/product\/x16mm-reinforced-type-a-23-5r25-truck-mining-tire-chains\/#breadcrumb\"},\"inLanguage\":\"pt-PT\",\"potentialAction\":[{\"@type\":\"ReadAction\",\"target\":[\"https:\/\/twchains.com\/product\/x16mm-reinforced-type-a-23-5r25-truck-mining-tire-chains\/\"]}]},{\"@type\":\"ImageObject\",\"inLanguage\":\"pt-PT\",\"@id\":\"https:\/\/twchains.com\/product\/x16mm-reinforced-type-a-23-5r25-truck-mining-tire-chains\/#primaryimage\",\"url\":\"https:\/\/twchains.com\/wp-content\/uploads\/2025\/05\/High-manganese-steel-wear-resistant-chain-for-iron-ore-1.jpg\",\"contentUrl\":\"https:\/\/twchains.com\/wp-content\/uploads\/2025\/05\/High-manganese-steel-wear-resistant-chain-for-iron-ore-1.jpg\",\"width\":1080,\"height\":1080},{\"@type\":\"BreadcrumbList\",\"@id\":\"https:\/\/twchains.com\/product\/x16mm-reinforced-type-a-23-5r25-truck-mining-tire-chains\/#breadcrumb\",\"itemListElement\":[{\"@type\":\"ListItem\",\"position\":1,\"name\":\"Home\",\"item\":\"https:\/\/twchains.com\/\"},{\"@type\":\"ListItem\",\"position\":2,\"name\":\"Products\",\"item\":\"https:\/\/twchains.com\/products\/\"},{\"@type\":\"ListItem\",\"position\":3,\"name\":\"\u00d716mm Reinforced Type A 23.5r25 Truck Mining Tire Chains\"}]},{\"@type\":\"WebSite\",\"@id\":\"https:\/\/twchains.com\/#website\",\"url\":\"https:\/\/twchains.com\/\",\"name\":\"twchains\",\"description\":\"\",\"publisher\":{\"@id\":\"https:\/\/twchains.com\/#organization\"},\"potentialAction\":[{\"@type\":\"SearchAction\",\"target\":{\"@type\":\"EntryPoint\",\"urlTemplate\":\"https:\/\/twchains.com\/?s={search_term_string}\"},\"query-input\":{\"@type\":\"PropertyValueSpecification\",\"valueRequired\":true,\"valueName\":\"search_term_string\"}}],\"inLanguage\":\"pt-PT\"},{\"@type\":\"Organization\",\"@id\":\"https:\/\/twchains.com\/#organization\",\"name\":\"twchains\",\"url\":\"https:\/\/twchains.com\/\",\"logo\":{\"@type\":\"ImageObject\",\"inLanguage\":\"pt-PT\",\"@id\":\"https:\/\/twchains.com\/#\/schema\/logo\/image\/\",\"url\":\"https:\/\/twchains.com\/wp-content\/uploads\/2025\/04\/tongwei-logo-100.svg\",\"contentUrl\":\"https:\/\/twchains.com\/wp-content\/uploads\/2025\/04\/tongwei-logo-100.svg\",\"width\":128,\"height\":100,\"caption\":\"twchains\"},\"image\":{\"@id\":\"https:\/\/twchains.com\/#\/schema\/logo\/image\/\"}}]}<\/script>\n<!-- \/ Yoast SEO plugin. -->","yoast_head_json":{"title":"\u00d716mm Reinforced Type A 23.5r25 Truck Mining Tire Chains - twchains","robots":{"index":"index","follow":"follow","max-snippet":"max-snippet:-1","max-image-preview":"max-image-preview:large","max-video-preview":"max-video-preview:-1"},"canonical":"https:\/\/twchains.com\/pt\/produto\/x16mm-reinforced-type-a-23-5r25-truck-mining-tire-chains\/","og_locale":"pt_PT","og_type":"article","og_title":"\u00d716mm Reinforced Type A 23.5r25 Truck Mining Tire Chains - twchains","og_description":"Precision Forging Process  Quenching+Tempering Treatment  Dynamic Balance Test - Each set of chains undergoes high-speed rotation testing to ensure smooth and vibration free driving after installation.  Rust Proof Coating Technology - surface zinc nickel alloy coating, corrosion-resistant, extends service life.","og_url":"https:\/\/twchains.com\/pt\/produto\/x16mm-reinforced-type-a-23-5r25-truck-mining-tire-chains\/","og_site_name":"twchains","og_image":[{"width":1080,"height":1080,"url":"https:\/\/twchains.com\/wp-content\/uploads\/2025\/05\/High-manganese-steel-wear-resistant-chain-for-iron-ore-1.jpg","type":"image\/jpeg"}],"twitter_card":"summary_large_image","twitter_misc":{"Tempo estimado de leitura":"1 minuto"},"schema":{"@context":"https:\/\/schema.org","@graph":[{"@type":"WebPage","@id":"https:\/\/twchains.com\/product\/x16mm-reinforced-type-a-23-5r25-truck-mining-tire-chains\/","url":"https:\/\/twchains.com\/product\/x16mm-reinforced-type-a-23-5r25-truck-mining-tire-chains\/","name":"\u00d716mm Reinforced Type A 23.5r25 Truck Mining Tire Chains - twchains","isPartOf":{"@id":"https:\/\/twchains.com\/#website"},"primaryImageOfPage":{"@id":"https:\/\/twchains.com\/product\/x16mm-reinforced-type-a-23-5r25-truck-mining-tire-chains\/#primaryimage"},"image":{"@id":"https:\/\/twchains.com\/product\/x16mm-reinforced-type-a-23-5r25-truck-mining-tire-chains\/#primaryimage"},"thumbnailUrl":"https:\/\/twchains.com\/wp-content\/uploads\/2025\/05\/High-manganese-steel-wear-resistant-chain-for-iron-ore-1.jpg","datePublished":"2025-06-04T01:59:13+00:00","breadcrumb":{"@id":"https:\/\/twchains.com\/product\/x16mm-reinforced-type-a-23-5r25-truck-mining-tire-chains\/#breadcrumb"},"inLanguage":"pt-PT","potentialAction":[{"@type":"ReadAction","target":["https:\/\/twchains.com\/product\/x16mm-reinforced-type-a-23-5r25-truck-mining-tire-chains\/"]}]},{"@type":"ImageObject","inLanguage":"pt-PT","@id":"https:\/\/twchains.com\/product\/x16mm-reinforced-type-a-23-5r25-truck-mining-tire-chains\/#primaryimage","url":"https:\/\/twchains.com\/wp-content\/uploads\/2025\/05\/High-manganese-steel-wear-resistant-chain-for-iron-ore-1.jpg","contentUrl":"https:\/\/twchains.com\/wp-content\/uploads\/2025\/05\/High-manganese-steel-wear-resistant-chain-for-iron-ore-1.jpg","width":1080,"height":1080},{"@type":"BreadcrumbList","@id":"https:\/\/twchains.com\/product\/x16mm-reinforced-type-a-23-5r25-truck-mining-tire-chains\/#breadcrumb","itemListElement":[{"@type":"ListItem","position":1,"name":"Home","item":"https:\/\/twchains.com\/"},{"@type":"ListItem","position":2,"name":"Products","item":"https:\/\/twchains.com\/products\/"},{"@type":"ListItem","position":3,"name":"\u00d716mm Reinforced Type A 23.5r25 Truck Mining Tire Chains"}]},{"@type":"WebSite","@id":"https:\/\/twchains.com\/#website","url":"https:\/\/twchains.com\/","name":"twchains","description":"","publisher":{"@id":"https:\/\/twchains.com\/#organization"},"potentialAction":[{"@type":"SearchAction","target":{"@type":"EntryPoint","urlTemplate":"https:\/\/twchains.com\/?s={search_term_string}"},"query-input":{"@type":"PropertyValueSpecification","valueRequired":true,"valueName":"search_term_string"}}],"inLanguage":"pt-PT"},{"@type":"Organization","@id":"https:\/\/twchains.com\/#organization","name":"twchains","url":"https:\/\/twchains.com\/","logo":{"@type":"ImageObject","inLanguage":"pt-PT","@id":"https:\/\/twchains.com\/#\/schema\/logo\/image\/","url":"https:\/\/twchains.com\/wp-content\/uploads\/2025\/04\/tongwei-logo-100.svg","contentUrl":"https:\/\/twchains.com\/wp-content\/uploads\/2025\/04\/tongwei-logo-100.svg","width":128,"height":100,"caption":"twchains"},"image":{"@id":"https:\/\/twchains.com\/#\/schema\/logo\/image\/"}}]}},"_links":{"self":[{"href":"https:\/\/twchains.com\/pt\/wp-json\/wp\/v2\/product\/956","targetHints":{"allow":["GET"]}}],"collection":[{"href":"https:\/\/twchains.com\/pt\/wp-json\/wp\/v2\/product"}],"about":[{"href":"https:\/\/twchains.com\/pt\/wp-json\/wp\/v2\/types\/product"}],"wp:featuredmedia":[{"embeddable":true,"href":"https:\/\/twchains.com\/pt\/wp-json\/wp\/v2\/media\/875"}],"wp:attachment":[{"href":"https:\/\/twchains.com\/pt\/wp-json\/wp\/v2\/media?parent=956"}],"wp:term":[{"taxonomy":"product_brand","embeddable":true,"href":"https:\/\/twchains.com\/pt\/wp-json\/wp\/v2\/product_brand?post=956"},{"taxonomy":"product_cat","embeddable":true,"href":"https:\/\/twchains.com\/pt\/wp-json\/wp\/v2\/product_cat?post=956"},{"taxonomy":"product_tag","embeddable":true,"href":"https:\/\/twchains.com\/pt\/wp-json\/wp\/v2\/product_tag?post=956"}],"curies":[{"name":"wp","href":"https:\/\/api.w.org\/{rel}","templated":true}]}}