{"id":132,"date":"2025-04-03T14:56:10","date_gmt":"2025-04-03T14:56:10","guid":{"rendered":"https:\/\/twchains.com\/?page_id=132"},"modified":"2025-04-10T12:42:49","modified_gmt":"2025-04-10T12:42:49","slug":"quality-control","status":"publish","type":"page","link":"https:\/\/twchains.com\/tr\/quality-control\/","title":{"rendered":"Kalite kontrol"},"content":{"rendered":"<div data-elementor-type=\"wp-page\" data-elementor-id=\"132\" class=\"elementor elementor-132\" data-elementor-post-type=\"page\">\n\t\t\t\t<div class=\"elementor-element elementor-element-1bf28106 e-con-full e-flex e-con e-parent\" data-id=\"1bf28106\" data-element_type=\"container\" data-settings=\"{&quot;background_background&quot;:&quot;classic&quot;}\">\n\t\t\t\t<div class=\"elementor-element elementor-element-1061e4a6 elementor-widget__width-initial elementor-widget elementor-widget-heading\" data-id=\"1061e4a6\" data-element_type=\"widget\" data-widget_type=\"heading.default\">\n\t\t\t\t\t<h1 class=\"elementor-heading-title elementor-size-default\">Kalite kontrol<\/h1>\t\t\t\t<\/div>\n\t\t\t\t<\/div>\n\t\t<div class=\"elementor-element elementor-element-59078c30 e-flex e-con-boxed e-con e-parent\" data-id=\"59078c30\" data-element_type=\"container\" data-settings=\"{&quot;background_background&quot;:&quot;classic&quot;}\">\n\t\t\t\t\t<div class=\"e-con-inner\">\n\t\t\t\t<div class=\"elementor-element elementor-element-44c743dc elementor-widget elementor-widget-breadcrumbs\" data-id=\"44c743dc\" data-element_type=\"widget\" data-widget_type=\"breadcrumbs.default\">\n\t\t\t\t\t<p id=\"breadcrumbs\"><span><span><a href=\"https:\/\/twchains.com\/tr\">Ev<\/a><\/span><\/span><\/p>\t\t\t\t<\/div>\n\t\t\t\t\t<\/div>\n\t\t\t\t<\/div>\n\t\t<div class=\"elementor-element elementor-element-bc8a4da e-flex e-con-boxed e-con e-parent\" data-id=\"bc8a4da\" data-element_type=\"container\">\n\t\t\t\t\t<div class=\"e-con-inner\">\n\t\t<div class=\"elementor-element elementor-element-97b52f8 e-con-full e-flex e-con e-child\" data-id=\"97b52f8\" data-element_type=\"container\">\n\t\t\t\t<div class=\"elementor-element elementor-element-54c3ce4 elementor-widget elementor-widget-image\" data-id=\"54c3ce4\" data-element_type=\"widget\" data-widget_type=\"image.default\">\n\t\t\t\t\t\t\t\t\t\t\t\t\t\t\t<img fetchpriority=\"high\" decoding=\"async\" width=\"800\" height=\"600\" src=\"https:\/\/twchains.com\/wp-content\/uploads\/2025\/04\/our-factory-9.jpg\" class=\"attachment-large size-large wp-image-337\" alt=\"\" srcset=\"https:\/\/twchains.com\/wp-content\/uploads\/2025\/04\/our-factory-9.jpg 800w, https:\/\/twchains.com\/wp-content\/uploads\/2025\/04\/our-factory-9-300x225.jpg 300w, https:\/\/twchains.com\/wp-content\/uploads\/2025\/04\/our-factory-9-768x576.jpg 768w, https:\/\/twchains.com\/wp-content\/uploads\/2025\/04\/our-factory-9-600x450.jpg 600w\" sizes=\"(max-width: 800px) 100vw, 800px\" \/>\t\t\t\t\t\t\t\t\t\t\t\t\t\t\t<\/div>\n\t\t\t\t<\/div>\n\t\t<div class=\"elementor-element elementor-element-5c0eace e-con-full e-flex e-con e-child\" data-id=\"5c0eace\" data-element_type=\"container\">\n\t\t\t\t<div class=\"elementor-element elementor-element-a8b66f9 elementor-widget elementor-widget-heading\" data-id=\"a8b66f9\" data-element_type=\"widget\" data-widget_type=\"heading.default\">\n\t\t\t\t\t<h2 class=\"elementor-heading-title elementor-size-default\">D\u00f6vme Par\u00e7alar\u0131n \u015eirket \u0130\u00e7i Tasar\u0131m\u0131<\/h2>\t\t\t\t<\/div>\n\t\t\t\t<div class=\"elementor-element elementor-element-ff56879 elementor-widget elementor-widget-text-editor\" data-id=\"ff56879\" data-element_type=\"widget\" data-widget_type=\"text-editor.default\">\n\t\t\t\t\t\t\t\t\tProfesyonel Ar-Ge ekibimiz, d\u00f6vme bile\u015fenlerin \u015fekillendirme s\u00fcre\u00e7lerini ba\u011f\u0131ms\u0131z olarak tasarlar, d\u00f6vmelerin yap\u0131sal \u00f6zelliklerini analiz eder ve kaliteyi art\u0131rmak i\u00e7in s\u00fcrekli olarak optimize eder.\t\t\t\t\t\t\t\t<\/div>\n\t\t\t\t<\/div>\n\t\t\t\t\t<\/div>\n\t\t\t\t<\/div>\n\t\t<div class=\"elementor-element elementor-element-2e05cc3 e-flex e-con-boxed e-con e-parent\" data-id=\"2e05cc3\" data-element_type=\"container\">\n\t\t\t\t\t<div class=\"e-con-inner\">\n\t\t<div class=\"elementor-element elementor-element-d4638dc e-con-full e-flex e-con e-child\" data-id=\"d4638dc\" data-element_type=\"container\">\n\t\t\t\t<div class=\"elementor-element elementor-element-174559d elementor-widget elementor-widget-image\" data-id=\"174559d\" data-element_type=\"widget\" data-widget_type=\"image.default\">\n\t\t\t\t\t\t\t\t\t\t\t\t\t\t\t<img decoding=\"async\" width=\"800\" height=\"600\" src=\"https:\/\/twchains.com\/wp-content\/uploads\/2025\/04\/our-factory-7.jpg\" class=\"attachment-large size-large wp-image-336\" alt=\"\" srcset=\"https:\/\/twchains.com\/wp-content\/uploads\/2025\/04\/our-factory-7.jpg 800w, https:\/\/twchains.com\/wp-content\/uploads\/2025\/04\/our-factory-7-300x225.jpg 300w, https:\/\/twchains.com\/wp-content\/uploads\/2025\/04\/our-factory-7-768x576.jpg 768w, https:\/\/twchains.com\/wp-content\/uploads\/2025\/04\/our-factory-7-600x450.jpg 600w\" sizes=\"(max-width: 800px) 100vw, 800px\" \/>\t\t\t\t\t\t\t\t\t\t\t\t\t\t\t<\/div>\n\t\t\t\t<\/div>\n\t\t<div class=\"elementor-element elementor-element-9ab86eb e-con-full e-flex e-con e-child\" data-id=\"9ab86eb\" data-element_type=\"container\">\n\t\t\t\t<div class=\"elementor-element elementor-element-9ec26e2 elementor-widget elementor-widget-heading\" data-id=\"9ec26e2\" data-element_type=\"widget\" data-widget_type=\"heading.default\">\n\t\t\t\t\t<h2 class=\"elementor-heading-title elementor-size-default\">Gelen Muayene i\u00e7in S\u0131k\u0131 Malzeme Se\u00e7imi<\/h2>\t\t\t\t<\/div>\n\t\t\t\t<div class=\"elementor-element elementor-element-0b24281 elementor-widget elementor-widget-text-editor\" data-id=\"0b24281\" data-element_type=\"widget\" data-widget_type=\"text-editor.default\">\n\t\t\t\t\t\t\t\t\tProfesyonel Ar-Ge ekibimiz, d\u00f6vme bile\u015fenlerin \u015fekillendirme s\u00fcre\u00e7lerini ba\u011f\u0131ms\u0131z olarak tasarlar, d\u00f6vmelerin yap\u0131sal \u00f6zelliklerini analiz eder ve kaliteyi art\u0131rmak i\u00e7in s\u00fcrekli olarak optimize eder.\t\t\t\t\t\t\t\t<\/div>\n\t\t\t\t<\/div>\n\t\t\t\t\t<\/div>\n\t\t\t\t<\/div>\n\t\t<div class=\"elementor-element elementor-element-344de52 e-flex e-con-boxed e-con e-parent\" data-id=\"344de52\" data-element_type=\"container\">\n\t\t\t\t\t<div class=\"e-con-inner\">\n\t\t<div class=\"elementor-element elementor-element-70240e6 e-con-full e-flex e-con e-child\" data-id=\"70240e6\" data-element_type=\"container\">\n\t\t\t\t<div class=\"elementor-element elementor-element-999109b elementor-widget elementor-widget-image\" data-id=\"999109b\" data-element_type=\"widget\" data-widget_type=\"image.default\">\n\t\t\t\t\t\t\t\t\t\t\t\t\t\t\t<img decoding=\"async\" width=\"800\" height=\"600\" src=\"https:\/\/twchains.com\/wp-content\/uploads\/2025\/04\/our-factory-6.jpg\" class=\"attachment-large size-large wp-image-335\" alt=\"\" srcset=\"https:\/\/twchains.com\/wp-content\/uploads\/2025\/04\/our-factory-6.jpg 800w, https:\/\/twchains.com\/wp-content\/uploads\/2025\/04\/our-factory-6-300x225.jpg 300w, https:\/\/twchains.com\/wp-content\/uploads\/2025\/04\/our-factory-6-768x576.jpg 768w, https:\/\/twchains.com\/wp-content\/uploads\/2025\/04\/our-factory-6-600x450.jpg 600w\" sizes=\"(max-width: 800px) 100vw, 800px\" \/>\t\t\t\t\t\t\t\t\t\t\t\t\t\t\t<\/div>\n\t\t\t\t<\/div>\n\t\t<div class=\"elementor-element elementor-element-8fd320c e-con-full e-flex e-con e-child\" data-id=\"8fd320c\" data-element_type=\"container\">\n\t\t\t\t<div class=\"elementor-element elementor-element-067b482 elementor-widget elementor-widget-heading\" data-id=\"067b482\" data-element_type=\"widget\" data-widget_type=\"heading.default\">\n\t\t\t\t\t<h2 class=\"elementor-heading-title elementor-size-default\">Titiz S\u00fcre\u00e7 Kontrol\u00fc<\/h2>\t\t\t\t<\/div>\n\t\t\t\t<div class=\"elementor-element elementor-element-eea032c elementor-widget elementor-widget-text-editor\" data-id=\"eea032c\" data-element_type=\"widget\" data-widget_type=\"text-editor.default\">\n\t\t\t\t\t\t\t\t\tHalka bile\u015fenleri, genel mekanik \u00f6zelliklerini \u00f6nemli \u00f6l\u00e7\u00fcde iyile\u015ftirmek i\u00e7in do\u011frultma ve normalle\u015ftirme i\u015flemlerinden ge\u00e7irilir. Sementasyon i\u015fleminden sonra, i\u015f par\u00e7alar\u0131 y\u00fcksek y\u00fczey sertli\u011fi ve a\u015f\u0131nma direnci elde etmek i\u00e7in d\u00fc\u015f\u00fck s\u0131cakl\u0131klarda su verilir ve temperlenirken \u00e7ekirdekte s\u00fcneklik ve tokluk korunarak \"d\u0131\u015f sertlik, i\u00e7 tokluk\" gereksinimleri kar\u015f\u0131lan\u0131r.\t\t\t\t\t\t\t\t<\/div>\n\t\t\t\t<\/div>\n\t\t\t\t\t<\/div>\n\t\t\t\t<\/div>\n\t\t<div class=\"elementor-element elementor-element-c4fb2db e-flex e-con-boxed e-con e-parent\" data-id=\"c4fb2db\" data-element_type=\"container\">\n\t\t\t\t\t<div class=\"e-con-inner\">\n\t\t<div class=\"elementor-element elementor-element-379bbba e-con-full e-flex e-con e-child\" data-id=\"379bbba\" data-element_type=\"container\">\n\t\t\t\t<div class=\"elementor-element elementor-element-c666fe6 elementor-widget elementor-widget-image\" data-id=\"c666fe6\" data-element_type=\"widget\" data-widget_type=\"image.default\">\n\t\t\t\t\t\t\t\t\t\t\t\t\t\t\t<img loading=\"lazy\" decoding=\"async\" width=\"800\" height=\"600\" src=\"https:\/\/twchains.com\/wp-content\/uploads\/2025\/04\/our-factory-2.jpg\" class=\"attachment-large size-large wp-image-334\" alt=\"\" srcset=\"https:\/\/twchains.com\/wp-content\/uploads\/2025\/04\/our-factory-2.jpg 800w, https:\/\/twchains.com\/wp-content\/uploads\/2025\/04\/our-factory-2-300x225.jpg 300w, https:\/\/twchains.com\/wp-content\/uploads\/2025\/04\/our-factory-2-768x576.jpg 768w, https:\/\/twchains.com\/wp-content\/uploads\/2025\/04\/our-factory-2-600x450.jpg 600w\" sizes=\"(max-width: 800px) 100vw, 800px\" \/>\t\t\t\t\t\t\t\t\t\t\t\t\t\t\t<\/div>\n\t\t\t\t<\/div>\n\t\t<div class=\"elementor-element elementor-element-cf89c07 e-con-full e-flex e-con e-child\" data-id=\"cf89c07\" data-element_type=\"container\">\n\t\t\t\t<div class=\"elementor-element elementor-element-cade00b elementor-widget elementor-widget-heading\" data-id=\"cade00b\" data-element_type=\"widget\" data-widget_type=\"heading.default\">\n\t\t\t\t\t<h2 class=\"elementor-heading-title elementor-size-default\">S\u0131k\u0131 Kalite G\u00fcvencesi<\/h2>\t\t\t\t<\/div>\n\t\t\t\t<div class=\"elementor-element elementor-element-4cc82b0 elementor-widget elementor-widget-text-editor\" data-id=\"4cc82b0\" data-element_type=\"widget\" data-widget_type=\"text-editor.default\">\n\t\t\t\t\t\t\t\t\tHer bitmi\u015f \u00fcr\u00fcn sevkiyattan \u00f6nce, uzun hizmet \u00f6mr\u00fc sa\u011flamak i\u00e7in zemin temas y\u00fczeyinde statik gerilme mukavemeti (deformasyon olmadan \u226550 KN) ve Rockwell sertli\u011fi (48-52 HRC) dahil olmak \u00fczere kapsaml\u0131 kalite testlerinden ge\u00e7irilir.\t\t\t\t\t\t\t\t<\/div>\n\t\t\t\t<\/div>\n\t\t\t\t\t<\/div>\n\t\t\t\t<\/div>\n\t\t\t\t<\/div>","protected":false},"excerpt":{"rendered":"<p>Quality control In-house Design of Forged Parts Our professional R&#038;D team independently designs the forming processes for forged components, analyzing structural characteristics of forgings and continuously optimizing to enhance quality. Strict Material Selection for Incoming Inspection Our professional R&#038;D team independently designs the forming processes for forged components, analyzing structural characteristics of forgings and continuously&#8230;<\/p>","protected":false},"author":1,"featured_media":501,"parent":0,"menu_order":0,"comment_status":"closed","ping_status":"closed","template":"","meta":{"inline_featured_image":false,"_kad_post_transparent":"default","_kad_post_title":"hide","_kad_post_layout":"fullwidth","_kad_post_sidebar_id":"","_kad_post_content_style":"unboxed","_kad_post_vertical_padding":"hide","_kad_post_feature":"hide","_kad_post_feature_position":"","_kad_post_header":false,"_kad_post_footer":false,"footnotes":""},"class_list":["post-132","page","type-page","status-publish","has-post-thumbnail","hentry"],"yoast_head":"<!-- This site is optimized with the Yoast SEO plugin v25.4 - https:\/\/yoast.com\/wordpress\/plugins\/seo\/ -->\n<title>Quality control - twchains<\/title>\n<meta name=\"robots\" content=\"index, follow, max-snippet:-1, max-image-preview:large, max-video-preview:-1\" \/>\n<link rel=\"canonical\" href=\"https:\/\/twchains.com\/tr\/quality-control\/\" \/>\n<meta property=\"og:locale\" content=\"tr_TR\" \/>\n<meta property=\"og:type\" content=\"article\" \/>\n<meta property=\"og:title\" content=\"Quality control - twchains\" \/>\n<meta property=\"og:description\" content=\"Quality control In-house Design of Forged Parts Our professional R&#038;D team independently designs the forming processes for forged components, analyzing structural characteristics of forgings and continuously optimizing to enhance quality. Strict Material Selection for Incoming Inspection Our professional R&#038;D team independently designs the forming processes for forged components, analyzing structural characteristics of forgings and continuously...\" \/>\n<meta property=\"og:url\" content=\"https:\/\/twchains.com\/tr\/quality-control\/\" \/>\n<meta property=\"og:site_name\" content=\"twchains\" \/>\n<meta property=\"article:modified_time\" content=\"2025-04-10T12:42:49+00:00\" \/>\n<meta property=\"og:image\" content=\"https:\/\/twchains.com\/wp-content\/uploads\/2025\/04\/our-factory-9.jpg\" \/>\n<meta name=\"twitter:card\" content=\"summary_large_image\" \/>\n<meta name=\"twitter:label1\" content=\"Tahmini okuma s\u00fcresi\" \/>\n\t<meta name=\"twitter:data1\" content=\"1 dakika\" \/>\n<script type=\"application\/ld+json\" class=\"yoast-schema-graph\">{\"@context\":\"https:\/\/schema.org\",\"@graph\":[{\"@type\":\"WebPage\",\"@id\":\"https:\/\/twchains.com\/quality-control\/\",\"url\":\"https:\/\/twchains.com\/quality-control\/\",\"name\":\"Quality control - twchains\",\"isPartOf\":{\"@id\":\"https:\/\/twchains.com\/#website\"},\"primaryImageOfPage\":{\"@id\":\"https:\/\/twchains.com\/quality-control\/#primaryimage\"},\"image\":{\"@id\":\"https:\/\/twchains.com\/quality-control\/#primaryimage\"},\"thumbnailUrl\":\"https:\/\/twchains.com\/wp-content\/uploads\/2025\/04\/home_slider_3.jpg\",\"datePublished\":\"2025-04-03T14:56:10+00:00\",\"dateModified\":\"2025-04-10T12:42:49+00:00\",\"breadcrumb\":{\"@id\":\"https:\/\/twchains.com\/quality-control\/#breadcrumb\"},\"inLanguage\":\"tr\",\"potentialAction\":[{\"@type\":\"ReadAction\",\"target\":[\"https:\/\/twchains.com\/quality-control\/\"]}]},{\"@type\":\"ImageObject\",\"inLanguage\":\"tr\",\"@id\":\"https:\/\/twchains.com\/quality-control\/#primaryimage\",\"url\":\"https:\/\/twchains.com\/wp-content\/uploads\/2025\/04\/home_slider_3.jpg\",\"contentUrl\":\"https:\/\/twchains.com\/wp-content\/uploads\/2025\/04\/home_slider_3.jpg\",\"width\":1024,\"height\":768},{\"@type\":\"BreadcrumbList\",\"@id\":\"https:\/\/twchains.com\/quality-control\/#breadcrumb\",\"itemListElement\":[{\"@type\":\"ListItem\",\"position\":1,\"name\":\"Home\",\"item\":\"https:\/\/twchains.com\/\"},{\"@type\":\"ListItem\",\"position\":2,\"name\":\"Quality control\"}]},{\"@type\":\"WebSite\",\"@id\":\"https:\/\/twchains.com\/#website\",\"url\":\"https:\/\/twchains.com\/\",\"name\":\"twchains\",\"description\":\"\",\"publisher\":{\"@id\":\"https:\/\/twchains.com\/#organization\"},\"potentialAction\":[{\"@type\":\"SearchAction\",\"target\":{\"@type\":\"EntryPoint\",\"urlTemplate\":\"https:\/\/twchains.com\/?s={search_term_string}\"},\"query-input\":{\"@type\":\"PropertyValueSpecification\",\"valueRequired\":true,\"valueName\":\"search_term_string\"}}],\"inLanguage\":\"tr\"},{\"@type\":\"Organization\",\"@id\":\"https:\/\/twchains.com\/#organization\",\"name\":\"twchains\",\"url\":\"https:\/\/twchains.com\/\",\"logo\":{\"@type\":\"ImageObject\",\"inLanguage\":\"tr\",\"@id\":\"https:\/\/twchains.com\/#\/schema\/logo\/image\/\",\"url\":\"https:\/\/twchains.com\/wp-content\/uploads\/2025\/04\/tongwei-logo-100.svg\",\"contentUrl\":\"https:\/\/twchains.com\/wp-content\/uploads\/2025\/04\/tongwei-logo-100.svg\",\"width\":128,\"height\":100,\"caption\":\"twchains\"},\"image\":{\"@id\":\"https:\/\/twchains.com\/#\/schema\/logo\/image\/\"}}]}<\/script>\n<!-- \/ Yoast SEO plugin. -->","yoast_head_json":{"title":"Quality control - twchains","robots":{"index":"index","follow":"follow","max-snippet":"max-snippet:-1","max-image-preview":"max-image-preview:large","max-video-preview":"max-video-preview:-1"},"canonical":"https:\/\/twchains.com\/tr\/quality-control\/","og_locale":"tr_TR","og_type":"article","og_title":"Quality control - twchains","og_description":"Quality control In-house Design of Forged Parts Our professional R&#038;D team independently designs the forming processes for forged components, analyzing structural characteristics of forgings and continuously optimizing to enhance quality. Strict Material Selection for Incoming Inspection Our professional R&#038;D team independently designs the forming processes for forged components, analyzing structural characteristics of forgings and continuously...","og_url":"https:\/\/twchains.com\/tr\/quality-control\/","og_site_name":"twchains","article_modified_time":"2025-04-10T12:42:49+00:00","og_image":[{"url":"https:\/\/twchains.com\/wp-content\/uploads\/2025\/04\/our-factory-9.jpg","type":"","width":"","height":""}],"twitter_card":"summary_large_image","twitter_misc":{"Tahmini okuma s\u00fcresi":"1 dakika"},"schema":{"@context":"https:\/\/schema.org","@graph":[{"@type":"WebPage","@id":"https:\/\/twchains.com\/quality-control\/","url":"https:\/\/twchains.com\/quality-control\/","name":"Quality control - twchains","isPartOf":{"@id":"https:\/\/twchains.com\/#website"},"primaryImageOfPage":{"@id":"https:\/\/twchains.com\/quality-control\/#primaryimage"},"image":{"@id":"https:\/\/twchains.com\/quality-control\/#primaryimage"},"thumbnailUrl":"https:\/\/twchains.com\/wp-content\/uploads\/2025\/04\/home_slider_3.jpg","datePublished":"2025-04-03T14:56:10+00:00","dateModified":"2025-04-10T12:42:49+00:00","breadcrumb":{"@id":"https:\/\/twchains.com\/quality-control\/#breadcrumb"},"inLanguage":"tr","potentialAction":[{"@type":"ReadAction","target":["https:\/\/twchains.com\/quality-control\/"]}]},{"@type":"ImageObject","inLanguage":"tr","@id":"https:\/\/twchains.com\/quality-control\/#primaryimage","url":"https:\/\/twchains.com\/wp-content\/uploads\/2025\/04\/home_slider_3.jpg","contentUrl":"https:\/\/twchains.com\/wp-content\/uploads\/2025\/04\/home_slider_3.jpg","width":1024,"height":768},{"@type":"BreadcrumbList","@id":"https:\/\/twchains.com\/quality-control\/#breadcrumb","itemListElement":[{"@type":"ListItem","position":1,"name":"Home","item":"https:\/\/twchains.com\/"},{"@type":"ListItem","position":2,"name":"Quality control"}]},{"@type":"WebSite","@id":"https:\/\/twchains.com\/#website","url":"https:\/\/twchains.com\/","name":"twchains","description":"","publisher":{"@id":"https:\/\/twchains.com\/#organization"},"potentialAction":[{"@type":"SearchAction","target":{"@type":"EntryPoint","urlTemplate":"https:\/\/twchains.com\/?s={search_term_string}"},"query-input":{"@type":"PropertyValueSpecification","valueRequired":true,"valueName":"search_term_string"}}],"inLanguage":"tr"},{"@type":"Organization","@id":"https:\/\/twchains.com\/#organization","name":"twchains","url":"https:\/\/twchains.com\/","logo":{"@type":"ImageObject","inLanguage":"tr","@id":"https:\/\/twchains.com\/#\/schema\/logo\/image\/","url":"https:\/\/twchains.com\/wp-content\/uploads\/2025\/04\/tongwei-logo-100.svg","contentUrl":"https:\/\/twchains.com\/wp-content\/uploads\/2025\/04\/tongwei-logo-100.svg","width":128,"height":100,"caption":"twchains"},"image":{"@id":"https:\/\/twchains.com\/#\/schema\/logo\/image\/"}}]}},"_links":{"self":[{"href":"https:\/\/twchains.com\/tr\/wp-json\/wp\/v2\/pages\/132","targetHints":{"allow":["GET"]}}],"collection":[{"href":"https:\/\/twchains.com\/tr\/wp-json\/wp\/v2\/pages"}],"about":[{"href":"https:\/\/twchains.com\/tr\/wp-json\/wp\/v2\/types\/page"}],"author":[{"embeddable":true,"href":"https:\/\/twchains.com\/tr\/wp-json\/wp\/v2\/users\/1"}],"replies":[{"embeddable":true,"href":"https:\/\/twchains.com\/tr\/wp-json\/wp\/v2\/comments?post=132"}],"version-history":[{"count":13,"href":"https:\/\/twchains.com\/tr\/wp-json\/wp\/v2\/pages\/132\/revisions"}],"predecessor-version":[{"id":340,"href":"https:\/\/twchains.com\/tr\/wp-json\/wp\/v2\/pages\/132\/revisions\/340"}],"wp:featuredmedia":[{"embeddable":true,"href":"https:\/\/twchains.com\/tr\/wp-json\/wp\/v2\/media\/501"}],"wp:attachment":[{"href":"https:\/\/twchains.com\/tr\/wp-json\/wp\/v2\/media?parent=132"}],"curies":[{"name":"wp","href":"https:\/\/api.w.org\/{rel}","templated":true}]}}