{"id":134,"date":"2025-04-03T14:56:31","date_gmt":"2025-04-03T14:56:31","guid":{"rendered":"https:\/\/twchains.com\/?page_id=134"},"modified":"2025-05-12T03:27:58","modified_gmt":"2025-05-12T03:27:58","slug":"bizim-tarihimiz","status":"publish","type":"page","link":"https:\/\/twchains.com\/tr\/bizim-tarihimiz\/","title":{"rendered":"Bizim tarihimiz"},"content":{"rendered":"<div data-elementor-type=\"wp-page\" data-elementor-id=\"134\" class=\"elementor elementor-134\" data-elementor-post-type=\"page\">\n\t\t\t\t<div class=\"elementor-element elementor-element-268a64a6 e-con-full e-flex e-con e-parent\" data-id=\"268a64a6\" data-element_type=\"container\" data-settings=\"{&quot;background_background&quot;:&quot;classic&quot;}\">\n\t\t\t\t<div class=\"elementor-element elementor-element-6953ad6b elementor-widget__width-initial elementor-widget elementor-widget-heading\" data-id=\"6953ad6b\" data-element_type=\"widget\" data-widget_type=\"heading.default\">\n\t\t\t\t\t<h1 class=\"elementor-heading-title elementor-size-default\">Bizim tarihimiz<\/h1>\t\t\t\t<\/div>\n\t\t\t\t<\/div>\n\t\t<div class=\"elementor-element elementor-element-54a548ea e-flex e-con-boxed e-con e-parent\" data-id=\"54a548ea\" data-element_type=\"container\" data-settings=\"{&quot;background_background&quot;:&quot;classic&quot;}\">\n\t\t\t\t\t<div class=\"e-con-inner\">\n\t\t\t\t<div class=\"elementor-element elementor-element-2c068542 elementor-widget elementor-widget-breadcrumbs\" data-id=\"2c068542\" data-element_type=\"widget\" data-widget_type=\"breadcrumbs.default\">\n\t\t\t\t\t<p id=\"breadcrumbs\"><span><span><a href=\"https:\/\/twchains.com\/tr\">Ev<\/a><\/span><\/span><\/p>\t\t\t\t<\/div>\n\t\t\t\t\t<\/div>\n\t\t\t\t<\/div>\n\t\t<div class=\"elementor-element elementor-element-19815a3 e-flex e-con-boxed e-con e-parent\" data-id=\"19815a3\" data-element_type=\"container\">\n\t\t\t\t\t<div class=\"e-con-inner\">\n\t\t<div class=\"elementor-element elementor-element-e8161c4 e-con-full e-flex e-con e-child\" data-id=\"e8161c4\" data-element_type=\"container\">\n\t\t\t\t<div class=\"elementor-element elementor-element-81c1b9b elementor-widget elementor-widget-image\" data-id=\"81c1b9b\" data-element_type=\"widget\" data-widget_type=\"image.default\">\n\t\t\t\t\t\t\t\t\t\t\t\t\t\t\t<img fetchpriority=\"high\" decoding=\"async\" width=\"800\" height=\"600\" src=\"https:\/\/twchains.com\/wp-content\/uploads\/2025\/04\/our-factory-9.jpg\" class=\"attachment-large size-large wp-image-337\" alt=\"\" srcset=\"https:\/\/twchains.com\/wp-content\/uploads\/2025\/04\/our-factory-9.jpg 800w, https:\/\/twchains.com\/wp-content\/uploads\/2025\/04\/our-factory-9-300x225.jpg 300w, https:\/\/twchains.com\/wp-content\/uploads\/2025\/04\/our-factory-9-768x576.jpg 768w, https:\/\/twchains.com\/wp-content\/uploads\/2025\/04\/our-factory-9-600x450.jpg 600w\" sizes=\"(max-width: 800px) 100vw, 800px\" \/>\t\t\t\t\t\t\t\t\t\t\t\t\t\t\t<\/div>\n\t\t\t\t<\/div>\n\t\t<div class=\"elementor-element elementor-element-7c9a031 e-con-full e-flex e-con e-child\" data-id=\"7c9a031\" data-element_type=\"container\">\n\t\t\t\t<div class=\"elementor-element elementor-element-715b1ab elementor-widget elementor-widget-text-editor\" data-id=\"715b1ab\" data-element_type=\"widget\" data-widget_type=\"text-editor.default\">\n\t\t\t\t\t\t\t\t\t<p>TW Chains, kuruldu\u011fu 2007 y\u0131l\u0131ndan bu yana \u00c7in'in lastik koruma zinciri end\u00fcstrisinde s\u00fcrekli olarak lider konumdad\u0131r. Ge\u00e7ti\u011fimiz yirmi y\u0131l boyunca \u015firket, \u00e7e\u015fitli spesifikasyonlarda y\u0131ll\u0131k 12.000 adet d\u00f6vme \u00fcr\u00fcn \u00fcretim kapasitesiyle kendisini in\u015faat makineleri i\u00e7in lastik koruma zincirlerinin uzmanla\u015fm\u0131\u015f, odaklanm\u0131\u015f ve profesyonel \u00fcretimine adam\u0131\u015ft\u0131r.<\/p>\t\t\t\t\t\t\t\t<\/div>\n\t\t\t\t<\/div>\n\t\t\t\t\t<\/div>\n\t\t\t\t<\/div>\n\t\t<div class=\"elementor-element elementor-element-29ea663 e-flex e-con-boxed e-con e-parent\" data-id=\"29ea663\" data-element_type=\"container\">\n\t\t\t\t\t<div class=\"e-con-inner\">\n\t\t<div class=\"elementor-element elementor-element-3534bc8 e-con-full e-flex e-con e-child\" data-id=\"3534bc8\" data-element_type=\"container\">\n\t\t\t\t<div class=\"elementor-element elementor-element-72be82d elementor-widget elementor-widget-image\" data-id=\"72be82d\" data-element_type=\"widget\" data-widget_type=\"image.default\">\n\t\t\t\t\t\t\t\t\t\t\t\t\t\t\t<img decoding=\"async\" width=\"800\" height=\"600\" src=\"https:\/\/twchains.com\/wp-content\/uploads\/2025\/04\/our-factory-7.jpg\" class=\"attachment-large size-large wp-image-336\" alt=\"\" srcset=\"https:\/\/twchains.com\/wp-content\/uploads\/2025\/04\/our-factory-7.jpg 800w, https:\/\/twchains.com\/wp-content\/uploads\/2025\/04\/our-factory-7-300x225.jpg 300w, https:\/\/twchains.com\/wp-content\/uploads\/2025\/04\/our-factory-7-768x576.jpg 768w, https:\/\/twchains.com\/wp-content\/uploads\/2025\/04\/our-factory-7-600x450.jpg 600w\" sizes=\"(max-width: 800px) 100vw, 800px\" \/>\t\t\t\t\t\t\t\t\t\t\t\t\t\t\t<\/div>\n\t\t\t\t<\/div>\n\t\t<div class=\"elementor-element elementor-element-bfb921f e-con-full e-flex e-con e-child\" data-id=\"bfb921f\" data-element_type=\"container\">\n\t\t\t\t<div class=\"elementor-element elementor-element-3e94abe elementor-widget elementor-widget-text-editor\" data-id=\"3e94abe\" data-element_type=\"widget\" data-widget_type=\"text-editor.default\">\n\t\t\t\t\t\t\t\t\t2007 y\u0131l\u0131nda, d\u00f6vme lastik koruma zincirlerini ara\u015ft\u0131ran ve geli\u015ftiren ilk yerli kurulu\u015f olan TW Chains'in Ar-Ge ekibi, d\u00f6vme par\u00e7alar i\u00e7in \u015fekillendirme s\u00fcrecini ba\u011f\u0131ms\u0131z olarak tasarlad\u0131, d\u00f6vmelerin yap\u0131sal \u00f6zellikleri \u00fczerinde profesyonel analizler yapt\u0131 ve kaliteyi s\u00fcrekli olarak optimize etti ve geli\u015ftirdi.\t\t\t\t\t\t\t\t<\/div>\n\t\t\t\t<\/div>\n\t\t\t\t\t<\/div>\n\t\t\t\t<\/div>\n\t\t<div class=\"elementor-element elementor-element-e983c08 e-flex e-con-boxed e-con e-parent\" data-id=\"e983c08\" data-element_type=\"container\">\n\t\t\t\t\t<div class=\"e-con-inner\">\n\t\t<div class=\"elementor-element elementor-element-4a7d8cd e-con-full e-flex e-con e-child\" data-id=\"4a7d8cd\" data-element_type=\"container\">\n\t\t\t\t<div class=\"elementor-element elementor-element-c8c6513 elementor-widget elementor-widget-image\" data-id=\"c8c6513\" data-element_type=\"widget\" data-widget_type=\"image.default\">\n\t\t\t\t\t\t\t\t\t\t\t\t\t\t\t<img decoding=\"async\" width=\"800\" height=\"600\" src=\"https:\/\/twchains.com\/wp-content\/uploads\/2025\/04\/our-factory-6.jpg\" class=\"attachment-large size-large wp-image-335\" alt=\"\" srcset=\"https:\/\/twchains.com\/wp-content\/uploads\/2025\/04\/our-factory-6.jpg 800w, https:\/\/twchains.com\/wp-content\/uploads\/2025\/04\/our-factory-6-300x225.jpg 300w, https:\/\/twchains.com\/wp-content\/uploads\/2025\/04\/our-factory-6-768x576.jpg 768w, https:\/\/twchains.com\/wp-content\/uploads\/2025\/04\/our-factory-6-600x450.jpg 600w\" sizes=\"(max-width: 800px) 100vw, 800px\" \/>\t\t\t\t\t\t\t\t\t\t\t\t\t\t\t<\/div>\n\t\t\t\t<\/div>\n\t\t<div class=\"elementor-element elementor-element-620a2d8 e-con-full e-flex e-con e-child\" data-id=\"620a2d8\" data-element_type=\"container\">\n\t\t\t\t<div class=\"elementor-element elementor-element-a0e1ea1 elementor-widget elementor-widget-text-editor\" data-id=\"a0e1ea1\" data-element_type=\"widget\" data-widget_type=\"text-editor.default\">\n\t\t\t\t\t\t\t\t\tTW Chains, 2018 y\u0131l\u0131nda tam otomatik halka \u00fcretim makinelerini piyasaya s\u00fcrerek standartla\u015ft\u0131r\u0131lm\u0131\u015f halka \u00fcretimini daha da geli\u015ftirmi\u015f ve tutarl\u0131 \u00fcr\u00fcn kalitesi sa\u011flam\u0131\u015ft\u0131r.\n\t\t\t\t\t\t\t\t<\/div>\n\t\t\t\t<\/div>\n\t\t\t\t\t<\/div>\n\t\t\t\t<\/div>\n\t\t<div class=\"elementor-element elementor-element-4bd4185 e-flex e-con-boxed e-con e-parent\" data-id=\"4bd4185\" data-element_type=\"container\">\n\t\t\t\t\t<div class=\"e-con-inner\">\n\t\t<div class=\"elementor-element elementor-element-67a4799 e-con-full e-flex e-con e-child\" data-id=\"67a4799\" data-element_type=\"container\">\n\t\t\t\t<div class=\"elementor-element elementor-element-db8aabe elementor-widget elementor-widget-image\" data-id=\"db8aabe\" data-element_type=\"widget\" data-widget_type=\"image.default\">\n\t\t\t\t\t\t\t\t\t\t\t\t\t\t\t<img loading=\"lazy\" decoding=\"async\" width=\"800\" height=\"600\" src=\"https:\/\/twchains.com\/wp-content\/uploads\/2025\/04\/our-factory-2.jpg\" class=\"attachment-large size-large wp-image-334\" alt=\"\" srcset=\"https:\/\/twchains.com\/wp-content\/uploads\/2025\/04\/our-factory-2.jpg 800w, https:\/\/twchains.com\/wp-content\/uploads\/2025\/04\/our-factory-2-300x225.jpg 300w, https:\/\/twchains.com\/wp-content\/uploads\/2025\/04\/our-factory-2-768x576.jpg 768w, https:\/\/twchains.com\/wp-content\/uploads\/2025\/04\/our-factory-2-600x450.jpg 600w\" sizes=\"(max-width: 800px) 100vw, 800px\" \/>\t\t\t\t\t\t\t\t\t\t\t\t\t\t\t<\/div>\n\t\t\t\t<\/div>\n\t\t<div class=\"elementor-element elementor-element-1f831d4 e-con-full e-flex e-con e-child\" data-id=\"1f831d4\" data-element_type=\"container\">\n\t\t\t\t<div class=\"elementor-element elementor-element-b8c390f elementor-widget elementor-widget-text-editor\" data-id=\"b8c390f\" data-element_type=\"widget\" data-widget_type=\"text-editor.default\">\n\t\t\t\t\t\t\t\t\t2019 y\u0131l\u0131nda TW Chains, karb\u00fcrleme malzemelerinin \u00e7\u00f6z\u00fcnmesi ve yay\u0131lmas\u0131 i\u00e7in metal y\u00fczeyle temas ettirilmesini i\u00e7eren, b\u00f6ylece lastik koruma zinciri s\u00fcrt\u00fcnme par\u00e7alar\u0131n\u0131n sertli\u011fini ve a\u015f\u0131nma direncini art\u0131ran ve \u00fcr\u00fcn kalitesini ve hizmet \u00f6mr\u00fcn\u00fc iyile\u015ftiren bir karb\u00fcrleme ve su verme \u0131s\u0131l i\u015flem s\u00fcrecini benimsemi\u015ftir.\t\t\t\t\t\t\t\t<\/div>\n\t\t\t\t<\/div>\n\t\t\t\t\t<\/div>\n\t\t\t\t<\/div>\n\t\t\t\t<\/div>","protected":false},"excerpt":{"rendered":"<p>Our history Since its establishment in 2007, TW Chains has consistently been a leader in China&#8217;s tire protection chain industry. Over the past two decades, the company has dedicated itself to the specialized, focused, and professional manufacturing of tire protection chains for construction machinery, with an annual production capacity of 12,000 pieces of forged products&#8230;<\/p>","protected":false},"author":1,"featured_media":501,"parent":0,"menu_order":0,"comment_status":"closed","ping_status":"closed","template":"","meta":{"inline_featured_image":false,"_kad_post_transparent":"default","_kad_post_title":"hide","_kad_post_layout":"fullwidth","_kad_post_sidebar_id":"","_kad_post_content_style":"unboxed","_kad_post_vertical_padding":"hide","_kad_post_feature":"hide","_kad_post_feature_position":"","_kad_post_header":false,"_kad_post_footer":false,"footnotes":""},"class_list":["post-134","page","type-page","status-publish","has-post-thumbnail","hentry"],"yoast_head":"<!-- This site is optimized with the Yoast SEO plugin v25.4 - https:\/\/yoast.com\/wordpress\/plugins\/seo\/ -->\n<title>Our history - twchains<\/title>\n<meta name=\"robots\" content=\"index, follow, max-snippet:-1, max-image-preview:large, max-video-preview:-1\" \/>\n<link rel=\"canonical\" href=\"https:\/\/twchains.com\/tr\/bizim-tarihimiz\/\" \/>\n<meta property=\"og:locale\" content=\"tr_TR\" \/>\n<meta property=\"og:type\" content=\"article\" \/>\n<meta property=\"og:title\" content=\"Our history - twchains\" \/>\n<meta property=\"og:description\" content=\"Our history Since its establishment in 2007, TW Chains has consistently been a leader in China&#8217;s tire protection chain industry. Over the past two decades, the company has dedicated itself to the specialized, focused, and professional manufacturing of tire protection chains for construction machinery, with an annual production capacity of 12,000 pieces of forged products...\" \/>\n<meta property=\"og:url\" content=\"https:\/\/twchains.com\/tr\/bizim-tarihimiz\/\" \/>\n<meta property=\"og:site_name\" content=\"twchains\" \/>\n<meta property=\"article:modified_time\" content=\"2025-05-12T03:27:58+00:00\" \/>\n<meta property=\"og:image\" content=\"https:\/\/twchains.com\/wp-content\/uploads\/2025\/04\/home_slider_3.jpg\" \/>\n\t<meta property=\"og:image:width\" content=\"1024\" \/>\n\t<meta property=\"og:image:height\" content=\"768\" \/>\n\t<meta property=\"og:image:type\" content=\"image\/jpeg\" \/>\n<meta name=\"twitter:card\" content=\"summary_large_image\" \/>\n<meta name=\"twitter:label1\" content=\"Tahmini okuma s\u00fcresi\" \/>\n\t<meta name=\"twitter:data1\" content=\"1 dakika\" \/>\n<script type=\"application\/ld+json\" class=\"yoast-schema-graph\">{\"@context\":\"https:\/\/schema.org\",\"@graph\":[{\"@type\":\"WebPage\",\"@id\":\"https:\/\/twchains.com\/our-history\/\",\"url\":\"https:\/\/twchains.com\/our-history\/\",\"name\":\"Our history - twchains\",\"isPartOf\":{\"@id\":\"https:\/\/twchains.com\/#website\"},\"primaryImageOfPage\":{\"@id\":\"https:\/\/twchains.com\/our-history\/#primaryimage\"},\"image\":{\"@id\":\"https:\/\/twchains.com\/our-history\/#primaryimage\"},\"thumbnailUrl\":\"https:\/\/twchains.com\/wp-content\/uploads\/2025\/04\/home_slider_3.jpg\",\"datePublished\":\"2025-04-03T14:56:31+00:00\",\"dateModified\":\"2025-05-12T03:27:58+00:00\",\"breadcrumb\":{\"@id\":\"https:\/\/twchains.com\/our-history\/#breadcrumb\"},\"inLanguage\":\"tr\",\"potentialAction\":[{\"@type\":\"ReadAction\",\"target\":[\"https:\/\/twchains.com\/our-history\/\"]}]},{\"@type\":\"ImageObject\",\"inLanguage\":\"tr\",\"@id\":\"https:\/\/twchains.com\/our-history\/#primaryimage\",\"url\":\"https:\/\/twchains.com\/wp-content\/uploads\/2025\/04\/home_slider_3.jpg\",\"contentUrl\":\"https:\/\/twchains.com\/wp-content\/uploads\/2025\/04\/home_slider_3.jpg\",\"width\":1024,\"height\":768},{\"@type\":\"BreadcrumbList\",\"@id\":\"https:\/\/twchains.com\/our-history\/#breadcrumb\",\"itemListElement\":[{\"@type\":\"ListItem\",\"position\":1,\"name\":\"Home\",\"item\":\"https:\/\/twchains.com\/\"},{\"@type\":\"ListItem\",\"position\":2,\"name\":\"Our history\"}]},{\"@type\":\"WebSite\",\"@id\":\"https:\/\/twchains.com\/#website\",\"url\":\"https:\/\/twchains.com\/\",\"name\":\"twchains\",\"description\":\"\",\"publisher\":{\"@id\":\"https:\/\/twchains.com\/#organization\"},\"potentialAction\":[{\"@type\":\"SearchAction\",\"target\":{\"@type\":\"EntryPoint\",\"urlTemplate\":\"https:\/\/twchains.com\/?s={search_term_string}\"},\"query-input\":{\"@type\":\"PropertyValueSpecification\",\"valueRequired\":true,\"valueName\":\"search_term_string\"}}],\"inLanguage\":\"tr\"},{\"@type\":\"Organization\",\"@id\":\"https:\/\/twchains.com\/#organization\",\"name\":\"twchains\",\"url\":\"https:\/\/twchains.com\/\",\"logo\":{\"@type\":\"ImageObject\",\"inLanguage\":\"tr\",\"@id\":\"https:\/\/twchains.com\/#\/schema\/logo\/image\/\",\"url\":\"https:\/\/twchains.com\/wp-content\/uploads\/2025\/04\/tongwei-logo-100.svg\",\"contentUrl\":\"https:\/\/twchains.com\/wp-content\/uploads\/2025\/04\/tongwei-logo-100.svg\",\"width\":128,\"height\":100,\"caption\":\"twchains\"},\"image\":{\"@id\":\"https:\/\/twchains.com\/#\/schema\/logo\/image\/\"}}]}<\/script>\n<!-- \/ Yoast SEO plugin. -->","yoast_head_json":{"title":"Our history - twchains","robots":{"index":"index","follow":"follow","max-snippet":"max-snippet:-1","max-image-preview":"max-image-preview:large","max-video-preview":"max-video-preview:-1"},"canonical":"https:\/\/twchains.com\/tr\/bizim-tarihimiz\/","og_locale":"tr_TR","og_type":"article","og_title":"Our history - twchains","og_description":"Our history Since its establishment in 2007, TW Chains has consistently been a leader in China&#8217;s tire protection chain industry. Over the past two decades, the company has dedicated itself to the specialized, focused, and professional manufacturing of tire protection chains for construction machinery, with an annual production capacity of 12,000 pieces of forged products...","og_url":"https:\/\/twchains.com\/tr\/bizim-tarihimiz\/","og_site_name":"twchains","article_modified_time":"2025-05-12T03:27:58+00:00","og_image":[{"width":1024,"height":768,"url":"https:\/\/twchains.com\/wp-content\/uploads\/2025\/04\/home_slider_3.jpg","type":"image\/jpeg"}],"twitter_card":"summary_large_image","twitter_misc":{"Tahmini okuma s\u00fcresi":"1 dakika"},"schema":{"@context":"https:\/\/schema.org","@graph":[{"@type":"WebPage","@id":"https:\/\/twchains.com\/our-history\/","url":"https:\/\/twchains.com\/our-history\/","name":"Our history - twchains","isPartOf":{"@id":"https:\/\/twchains.com\/#website"},"primaryImageOfPage":{"@id":"https:\/\/twchains.com\/our-history\/#primaryimage"},"image":{"@id":"https:\/\/twchains.com\/our-history\/#primaryimage"},"thumbnailUrl":"https:\/\/twchains.com\/wp-content\/uploads\/2025\/04\/home_slider_3.jpg","datePublished":"2025-04-03T14:56:31+00:00","dateModified":"2025-05-12T03:27:58+00:00","breadcrumb":{"@id":"https:\/\/twchains.com\/our-history\/#breadcrumb"},"inLanguage":"tr","potentialAction":[{"@type":"ReadAction","target":["https:\/\/twchains.com\/our-history\/"]}]},{"@type":"ImageObject","inLanguage":"tr","@id":"https:\/\/twchains.com\/our-history\/#primaryimage","url":"https:\/\/twchains.com\/wp-content\/uploads\/2025\/04\/home_slider_3.jpg","contentUrl":"https:\/\/twchains.com\/wp-content\/uploads\/2025\/04\/home_slider_3.jpg","width":1024,"height":768},{"@type":"BreadcrumbList","@id":"https:\/\/twchains.com\/our-history\/#breadcrumb","itemListElement":[{"@type":"ListItem","position":1,"name":"Home","item":"https:\/\/twchains.com\/"},{"@type":"ListItem","position":2,"name":"Our history"}]},{"@type":"WebSite","@id":"https:\/\/twchains.com\/#website","url":"https:\/\/twchains.com\/","name":"twchains","description":"","publisher":{"@id":"https:\/\/twchains.com\/#organization"},"potentialAction":[{"@type":"SearchAction","target":{"@type":"EntryPoint","urlTemplate":"https:\/\/twchains.com\/?s={search_term_string}"},"query-input":{"@type":"PropertyValueSpecification","valueRequired":true,"valueName":"search_term_string"}}],"inLanguage":"tr"},{"@type":"Organization","@id":"https:\/\/twchains.com\/#organization","name":"twchains","url":"https:\/\/twchains.com\/","logo":{"@type":"ImageObject","inLanguage":"tr","@id":"https:\/\/twchains.com\/#\/schema\/logo\/image\/","url":"https:\/\/twchains.com\/wp-content\/uploads\/2025\/04\/tongwei-logo-100.svg","contentUrl":"https:\/\/twchains.com\/wp-content\/uploads\/2025\/04\/tongwei-logo-100.svg","width":128,"height":100,"caption":"twchains"},"image":{"@id":"https:\/\/twchains.com\/#\/schema\/logo\/image\/"}}]}},"_links":{"self":[{"href":"https:\/\/twchains.com\/tr\/wp-json\/wp\/v2\/pages\/134","targetHints":{"allow":["GET"]}}],"collection":[{"href":"https:\/\/twchains.com\/tr\/wp-json\/wp\/v2\/pages"}],"about":[{"href":"https:\/\/twchains.com\/tr\/wp-json\/wp\/v2\/types\/page"}],"author":[{"embeddable":true,"href":"https:\/\/twchains.com\/tr\/wp-json\/wp\/v2\/users\/1"}],"replies":[{"embeddable":true,"href":"https:\/\/twchains.com\/tr\/wp-json\/wp\/v2\/comments?post=134"}],"version-history":[{"count":13,"href":"https:\/\/twchains.com\/tr\/wp-json\/wp\/v2\/pages\/134\/revisions"}],"predecessor-version":[{"id":751,"href":"https:\/\/twchains.com\/tr\/wp-json\/wp\/v2\/pages\/134\/revisions\/751"}],"wp:featuredmedia":[{"embeddable":true,"href":"https:\/\/twchains.com\/tr\/wp-json\/wp\/v2\/media\/501"}],"wp:attachment":[{"href":"https:\/\/twchains.com\/tr\/wp-json\/wp\/v2\/media?parent=134"}],"curies":[{"name":"wp","href":"https:\/\/api.w.org\/{rel}","templated":true}]}}