{"id":345,"date":"2025-04-10T13:00:10","date_gmt":"2025-04-10T13:00:10","guid":{"rendered":"https:\/\/twchains.com\/?page_id=345"},"modified":"2025-04-10T13:22:09","modified_gmt":"2025-04-10T13:22:09","slug":"career","status":"publish","type":"page","link":"https:\/\/twchains.com\/tr\/career\/","title":{"rendered":"Kariyer"},"content":{"rendered":"<div data-elementor-type=\"wp-page\" data-elementor-id=\"345\" class=\"elementor elementor-345\" data-elementor-post-type=\"page\">\n\t\t\t\t<div class=\"elementor-element elementor-element-2ca977c7 e-con-full e-flex e-con e-parent\" data-id=\"2ca977c7\" data-element_type=\"container\" data-settings=\"{&quot;background_background&quot;:&quot;classic&quot;}\">\n\t\t\t\t<div class=\"elementor-element elementor-element-59f88ff7 elementor-widget__width-initial elementor-widget elementor-widget-heading\" data-id=\"59f88ff7\" data-element_type=\"widget\" data-widget_type=\"heading.default\">\n\t\t\t\t\t<h1 class=\"elementor-heading-title elementor-size-default\">Kariyer<\/h1>\t\t\t\t<\/div>\n\t\t\t\t<\/div>\n\t\t<div class=\"elementor-element elementor-element-35f5771 e-flex e-con-boxed e-con e-parent\" data-id=\"35f5771\" data-element_type=\"container\">\n\t\t\t\t\t<div class=\"e-con-inner\">\n\t\t<div class=\"elementor-element elementor-element-4437d1f e-con-full e-flex e-con e-child\" data-id=\"4437d1f\" data-element_type=\"container\">\n\t\t\t\t<div class=\"elementor-element elementor-element-27458f7 elementor-widget elementor-widget-image\" data-id=\"27458f7\" data-element_type=\"widget\" data-widget_type=\"image.default\">\n\t\t\t\t\t\t\t\t\t\t\t\t\t\t\t<img fetchpriority=\"high\" decoding=\"async\" width=\"607\" height=\"666\" src=\"https:\/\/twchains.com\/wp-content\/uploads\/2025\/04\/Join_us.jpg\" class=\"attachment-large size-large wp-image-348\" alt=\"\" srcset=\"https:\/\/twchains.com\/wp-content\/uploads\/2025\/04\/Join_us.jpg 607w, https:\/\/twchains.com\/wp-content\/uploads\/2025\/04\/Join_us-273x300.jpg 273w, https:\/\/twchains.com\/wp-content\/uploads\/2025\/04\/Join_us-600x658.jpg 600w\" sizes=\"(max-width: 607px) 100vw, 607px\" \/>\t\t\t\t\t\t\t\t\t\t\t\t\t\t\t<\/div>\n\t\t\t\t<\/div>\n\t\t<div class=\"elementor-element elementor-element-9bd46f0 e-con-full e-flex e-con e-child\" data-id=\"9bd46f0\" data-element_type=\"container\">\n\t\t\t\t<div class=\"elementor-element elementor-element-569be1b elementor-widget elementor-widget-heading\" data-id=\"569be1b\" data-element_type=\"widget\" data-widget_type=\"heading.default\">\n\t\t\t\t\t<h2 class=\"elementor-heading-title elementor-size-default\">TongWei Zincirleri Ailesine Kat\u0131l\u0131n<\/h2>\t\t\t\t<\/div>\n\t\t\t\t<div class=\"elementor-element elementor-element-64d4d62 elementor-widget elementor-widget-text-editor\" data-id=\"64d4d62\" data-element_type=\"widget\" data-widget_type=\"text-editor.default\">\n\t\t\t\t\t\t\t\t\t<p>TongWei Zincirleri'nde,<strong> \u015fi\u0307rketi\u0307mi\u0307zi\u0307n kayda de\u011fer ba\u015farisinin, eki\u0307bi\u0307mi\u0307zi\u0307n ola\u011fan\u00fcst\u00fc yetenekleri\u0307nden ve sarsilmaz ba\u011flili\u011findan kaynaklandi\u011fina i\u0307naniyoruz.<\/strong> Bu nedenle, tutkulu, m\u00fckemmellik i\u00e7in \u00e7abalayan ve kariyerlerinde ilerlemek isteyenleri i\u00e7tenlikle bize kat\u0131lmaya davet ediyoruz! De\u011ferlerimizi payla\u015f\u0131yor ve \u015firketimizi yeni zirvelere ta\u015f\u0131yacak bilgi ve becerilere sahipseniz, i\u015fte hayalini kurdu\u011funuz a\u015fama budur!<\/p>\t\t\t\t\t\t\t\t<\/div>\n\t\t\t\t<div class=\"elementor-element elementor-element-6f57e00 elementor-widget elementor-widget-text-editor\" data-id=\"6f57e00\" data-element_type=\"widget\" data-widget_type=\"text-editor.default\">\n\t\t\t\t\t\t\t\t\tTongWei Zincirlerinin bir \u00fcyesi olmak, lastik koruma zinciri \u00fcretim end\u00fcstrisindeki liderlerin saflar\u0131na ad\u0131m atmak anlam\u0131na gelir. Yenilik\u00e7i d\u00fc\u015f\u00fcnceyi te\u015fvik eden, \u00fcr\u00fcnlerimizin yeni zirvelere ula\u015fmas\u0131na yard\u0131mc\u0131 olan canl\u0131 ve i\u015fbirlik\u00e7i bir \u00e7al\u0131\u015fma ortam\u0131n\u0131 te\u015fvik ediyoruz. Ayr\u0131ca, her ekip \u00fcyesinin potansiyelini tam olarak ortaya \u00e7\u0131karmak i\u00e7in kapsaml\u0131 kariyer geli\u015ftirme f\u0131rsatlar\u0131 ve s\u00fcrekli e\u011fitim deste\u011fi sunuyoruz.\t\t\t\t\t\t\t\t<\/div>\n\t\t\t\t<div class=\"elementor-element elementor-element-f7fadd2 elementor-widget elementor-widget-text-editor\" data-id=\"f7fadd2\" data-element_type=\"widget\" data-widget_type=\"text-editor.default\">\n\t\t\t\t\t\t\t\t\tTongWei Chains, \u00e7e\u015fitlilik ve kapsay\u0131c\u0131l\u0131k ilkelerini benimser. Nereden geldi\u011finiz, ya\u015f\u0131n\u0131z, cinsiyetiniz, \u0131rk\u0131n\u0131z veya inan\u00e7lar\u0131n\u0131z ne olursa olsun, benzersiz yeteneklerinize ve bak\u0131\u015f a\u00e7\u0131lar\u0131n\u0131za de\u011fer veriyor ve bunlar\u0131 \u015firketimizi ileriye ta\u015f\u0131yan paha bi\u00e7ilmez varl\u0131klar olarak g\u00f6r\u00fcyoruz. Farkl\u0131 ge\u00e7mi\u015flere ve deneyimlere sahip bireylerin projelerimize yeni fikirler katmas\u0131n\u0131 ve ortak ba\u015far\u0131 yaratmas\u0131n\u0131 heyecanla bekliyoruz.\t\t\t\t\t\t\t\t<\/div>\n\t\t\t\t<div class=\"elementor-element elementor-element-7a66b98 elementor-widget elementor-widget-text-editor\" data-id=\"7a66b98\" data-element_type=\"widget\" data-widget_type=\"text-editor.default\">\n\t\t\t\t\t\t\t\t\tBize kat\u0131lman\u0131z\u0131 d\u00f6rt g\u00f6zle bekliyoruz!\t\t\t\t\t\t\t\t<\/div>\n\t\t\t\t<div class=\"elementor-element elementor-element-6b7ddcb elementor-widget elementor-widget-button\" data-id=\"6b7ddcb\" data-element_type=\"widget\" data-widget_type=\"button.default\">\n\t\t\t\t\t\t\t\t\t\t<a class=\"elementor-button elementor-button-link elementor-size-sm\" href=\"https:\/\/twchains.com\/tr\/iletisim\/\">\n\t\t\t\t\t\t<span class=\"elementor-button-content-wrapper\">\n\t\t\t\t\t\t\t\t\t<span class=\"elementor-button-text\">Jion Us<\/span>\n\t\t\t\t\t<\/span>\n\t\t\t\t\t<\/a>\n\t\t\t\t\t\t\t\t<\/div>\n\t\t\t\t<\/div>\n\t\t\t\t\t<\/div>\n\t\t\t\t<\/div>\n\t\t\t\t<\/div>","protected":false},"excerpt":{"rendered":"<p>Career Join the TongWei Chains Family At TongWei Chains, we firmly believe that our company&#8217;s remarkable success stems from the exceptional talent and unwavering dedication of our team. Therefore, we sincerely invite those who are passionate, strive for excellence, and aspire to advance in their careers to join us! If you share our values and&#8230;<\/p>","protected":false},"author":1,"featured_media":501,"parent":0,"menu_order":0,"comment_status":"closed","ping_status":"closed","template":"","meta":{"inline_featured_image":false,"_kad_post_transparent":"default","_kad_post_title":"hide","_kad_post_layout":"fullwidth","_kad_post_sidebar_id":"","_kad_post_content_style":"unboxed","_kad_post_vertical_padding":"hide","_kad_post_feature":"hide","_kad_post_feature_position":"","_kad_post_header":false,"_kad_post_footer":false,"footnotes":""},"class_list":["post-345","page","type-page","status-publish","has-post-thumbnail","hentry"],"yoast_head":"<!-- This site is optimized with the Yoast SEO plugin v25.4 - https:\/\/yoast.com\/wordpress\/plugins\/seo\/ -->\n<title>Career - twchains<\/title>\n<meta name=\"robots\" content=\"index, follow, max-snippet:-1, max-image-preview:large, max-video-preview:-1\" \/>\n<link rel=\"canonical\" href=\"https:\/\/twchains.com\/tr\/career\/\" \/>\n<meta property=\"og:locale\" content=\"tr_TR\" \/>\n<meta property=\"og:type\" content=\"article\" \/>\n<meta property=\"og:title\" content=\"Career - twchains\" \/>\n<meta property=\"og:description\" content=\"Career Join the TongWei Chains Family At TongWei Chains, we firmly believe that our company&#8217;s remarkable success stems from the exceptional talent and unwavering dedication of our team. Therefore, we sincerely invite those who are passionate, strive for excellence, and aspire to advance in their careers to join us! If you share our values and...\" \/>\n<meta property=\"og:url\" content=\"https:\/\/twchains.com\/tr\/career\/\" \/>\n<meta property=\"og:site_name\" content=\"twchains\" \/>\n<meta property=\"article:modified_time\" content=\"2025-04-10T13:22:09+00:00\" \/>\n<meta property=\"og:image\" content=\"https:\/\/twchains.com\/wp-content\/uploads\/2025\/04\/Join_us.jpg\" \/>\n<meta name=\"twitter:card\" content=\"summary_large_image\" \/>\n<meta name=\"twitter:label1\" content=\"Tahmini okuma s\u00fcresi\" \/>\n\t<meta name=\"twitter:data1\" content=\"1 dakika\" \/>\n<script type=\"application\/ld+json\" class=\"yoast-schema-graph\">{\"@context\":\"https:\/\/schema.org\",\"@graph\":[{\"@type\":\"WebPage\",\"@id\":\"https:\/\/twchains.com\/career\/\",\"url\":\"https:\/\/twchains.com\/career\/\",\"name\":\"Career - twchains\",\"isPartOf\":{\"@id\":\"https:\/\/twchains.com\/#website\"},\"primaryImageOfPage\":{\"@id\":\"https:\/\/twchains.com\/career\/#primaryimage\"},\"image\":{\"@id\":\"https:\/\/twchains.com\/career\/#primaryimage\"},\"thumbnailUrl\":\"https:\/\/twchains.com\/wp-content\/uploads\/2025\/04\/home_slider_3.jpg\",\"datePublished\":\"2025-04-10T13:00:10+00:00\",\"dateModified\":\"2025-04-10T13:22:09+00:00\",\"breadcrumb\":{\"@id\":\"https:\/\/twchains.com\/career\/#breadcrumb\"},\"inLanguage\":\"tr\",\"potentialAction\":[{\"@type\":\"ReadAction\",\"target\":[\"https:\/\/twchains.com\/career\/\"]}]},{\"@type\":\"ImageObject\",\"inLanguage\":\"tr\",\"@id\":\"https:\/\/twchains.com\/career\/#primaryimage\",\"url\":\"https:\/\/twchains.com\/wp-content\/uploads\/2025\/04\/home_slider_3.jpg\",\"contentUrl\":\"https:\/\/twchains.com\/wp-content\/uploads\/2025\/04\/home_slider_3.jpg\",\"width\":1024,\"height\":768},{\"@type\":\"BreadcrumbList\",\"@id\":\"https:\/\/twchains.com\/career\/#breadcrumb\",\"itemListElement\":[{\"@type\":\"ListItem\",\"position\":1,\"name\":\"Home\",\"item\":\"https:\/\/twchains.com\/\"},{\"@type\":\"ListItem\",\"position\":2,\"name\":\"Career\"}]},{\"@type\":\"WebSite\",\"@id\":\"https:\/\/twchains.com\/#website\",\"url\":\"https:\/\/twchains.com\/\",\"name\":\"twchains\",\"description\":\"\",\"publisher\":{\"@id\":\"https:\/\/twchains.com\/#organization\"},\"potentialAction\":[{\"@type\":\"SearchAction\",\"target\":{\"@type\":\"EntryPoint\",\"urlTemplate\":\"https:\/\/twchains.com\/?s={search_term_string}\"},\"query-input\":{\"@type\":\"PropertyValueSpecification\",\"valueRequired\":true,\"valueName\":\"search_term_string\"}}],\"inLanguage\":\"tr\"},{\"@type\":\"Organization\",\"@id\":\"https:\/\/twchains.com\/#organization\",\"name\":\"twchains\",\"url\":\"https:\/\/twchains.com\/\",\"logo\":{\"@type\":\"ImageObject\",\"inLanguage\":\"tr\",\"@id\":\"https:\/\/twchains.com\/#\/schema\/logo\/image\/\",\"url\":\"https:\/\/twchains.com\/wp-content\/uploads\/2025\/04\/tongwei-logo-100.svg\",\"contentUrl\":\"https:\/\/twchains.com\/wp-content\/uploads\/2025\/04\/tongwei-logo-100.svg\",\"width\":128,\"height\":100,\"caption\":\"twchains\"},\"image\":{\"@id\":\"https:\/\/twchains.com\/#\/schema\/logo\/image\/\"}}]}<\/script>\n<!-- \/ Yoast SEO plugin. -->","yoast_head_json":{"title":"Career - twchains","robots":{"index":"index","follow":"follow","max-snippet":"max-snippet:-1","max-image-preview":"max-image-preview:large","max-video-preview":"max-video-preview:-1"},"canonical":"https:\/\/twchains.com\/tr\/career\/","og_locale":"tr_TR","og_type":"article","og_title":"Career - twchains","og_description":"Career Join the TongWei Chains Family At TongWei Chains, we firmly believe that our company&#8217;s remarkable success stems from the exceptional talent and unwavering dedication of our team. Therefore, we sincerely invite those who are passionate, strive for excellence, and aspire to advance in their careers to join us! If you share our values and...","og_url":"https:\/\/twchains.com\/tr\/career\/","og_site_name":"twchains","article_modified_time":"2025-04-10T13:22:09+00:00","og_image":[{"url":"https:\/\/twchains.com\/wp-content\/uploads\/2025\/04\/Join_us.jpg","type":"","width":"","height":""}],"twitter_card":"summary_large_image","twitter_misc":{"Tahmini okuma s\u00fcresi":"1 dakika"},"schema":{"@context":"https:\/\/schema.org","@graph":[{"@type":"WebPage","@id":"https:\/\/twchains.com\/career\/","url":"https:\/\/twchains.com\/career\/","name":"Career - twchains","isPartOf":{"@id":"https:\/\/twchains.com\/#website"},"primaryImageOfPage":{"@id":"https:\/\/twchains.com\/career\/#primaryimage"},"image":{"@id":"https:\/\/twchains.com\/career\/#primaryimage"},"thumbnailUrl":"https:\/\/twchains.com\/wp-content\/uploads\/2025\/04\/home_slider_3.jpg","datePublished":"2025-04-10T13:00:10+00:00","dateModified":"2025-04-10T13:22:09+00:00","breadcrumb":{"@id":"https:\/\/twchains.com\/career\/#breadcrumb"},"inLanguage":"tr","potentialAction":[{"@type":"ReadAction","target":["https:\/\/twchains.com\/career\/"]}]},{"@type":"ImageObject","inLanguage":"tr","@id":"https:\/\/twchains.com\/career\/#primaryimage","url":"https:\/\/twchains.com\/wp-content\/uploads\/2025\/04\/home_slider_3.jpg","contentUrl":"https:\/\/twchains.com\/wp-content\/uploads\/2025\/04\/home_slider_3.jpg","width":1024,"height":768},{"@type":"BreadcrumbList","@id":"https:\/\/twchains.com\/career\/#breadcrumb","itemListElement":[{"@type":"ListItem","position":1,"name":"Home","item":"https:\/\/twchains.com\/"},{"@type":"ListItem","position":2,"name":"Career"}]},{"@type":"WebSite","@id":"https:\/\/twchains.com\/#website","url":"https:\/\/twchains.com\/","name":"twchains","description":"","publisher":{"@id":"https:\/\/twchains.com\/#organization"},"potentialAction":[{"@type":"SearchAction","target":{"@type":"EntryPoint","urlTemplate":"https:\/\/twchains.com\/?s={search_term_string}"},"query-input":{"@type":"PropertyValueSpecification","valueRequired":true,"valueName":"search_term_string"}}],"inLanguage":"tr"},{"@type":"Organization","@id":"https:\/\/twchains.com\/#organization","name":"twchains","url":"https:\/\/twchains.com\/","logo":{"@type":"ImageObject","inLanguage":"tr","@id":"https:\/\/twchains.com\/#\/schema\/logo\/image\/","url":"https:\/\/twchains.com\/wp-content\/uploads\/2025\/04\/tongwei-logo-100.svg","contentUrl":"https:\/\/twchains.com\/wp-content\/uploads\/2025\/04\/tongwei-logo-100.svg","width":128,"height":100,"caption":"twchains"},"image":{"@id":"https:\/\/twchains.com\/#\/schema\/logo\/image\/"}}]}},"_links":{"self":[{"href":"https:\/\/twchains.com\/tr\/wp-json\/wp\/v2\/pages\/345","targetHints":{"allow":["GET"]}}],"collection":[{"href":"https:\/\/twchains.com\/tr\/wp-json\/wp\/v2\/pages"}],"about":[{"href":"https:\/\/twchains.com\/tr\/wp-json\/wp\/v2\/types\/page"}],"author":[{"embeddable":true,"href":"https:\/\/twchains.com\/tr\/wp-json\/wp\/v2\/users\/1"}],"replies":[{"embeddable":true,"href":"https:\/\/twchains.com\/tr\/wp-json\/wp\/v2\/comments?post=345"}],"version-history":[{"count":10,"href":"https:\/\/twchains.com\/tr\/wp-json\/wp\/v2\/pages\/345\/revisions"}],"predecessor-version":[{"id":357,"href":"https:\/\/twchains.com\/tr\/wp-json\/wp\/v2\/pages\/345\/revisions\/357"}],"wp:featuredmedia":[{"embeddable":true,"href":"https:\/\/twchains.com\/tr\/wp-json\/wp\/v2\/media\/501"}],"wp:attachment":[{"href":"https:\/\/twchains.com\/tr\/wp-json\/wp\/v2\/media?parent=345"}],"curies":[{"name":"wp","href":"https:\/\/api.w.org\/{rel}","templated":true}]}}