{"id":86,"date":"2025-04-03T13:20:03","date_gmt":"2025-04-03T13:20:03","guid":{"rendered":"https:\/\/twchains.com\/?page_id=86"},"modified":"2025-04-10T11:31:08","modified_gmt":"2025-04-10T11:31:08","slug":"maintaince","status":"publish","type":"page","link":"https:\/\/twchains.com\/tr\/maintaince\/","title":{"rendered":"Bak\u0131m"},"content":{"rendered":"<div data-elementor-type=\"wp-page\" data-elementor-id=\"86\" class=\"elementor elementor-86\" data-elementor-post-type=\"page\">\n\t\t\t\t<div class=\"elementor-element elementor-element-6808754a e-con-full e-flex e-con e-parent\" data-id=\"6808754a\" data-element_type=\"container\" data-settings=\"{&quot;background_background&quot;:&quot;classic&quot;}\">\n\t\t\t\t<div class=\"elementor-element elementor-element-5d230194 elementor-widget__width-initial elementor-widget elementor-widget-heading\" data-id=\"5d230194\" data-element_type=\"widget\" data-widget_type=\"heading.default\">\n\t\t\t\t\t<h1 class=\"elementor-heading-title elementor-size-default\">Lastik Koruma Zincirlerinin Bak\u0131m\u0131<\/h1>\t\t\t\t<\/div>\n\t\t\t\t<\/div>\n\t\t<div class=\"elementor-element elementor-element-6246c007 e-flex e-con-boxed e-con e-parent\" data-id=\"6246c007\" data-element_type=\"container\" data-settings=\"{&quot;background_background&quot;:&quot;classic&quot;}\">\n\t\t\t\t\t<div class=\"e-con-inner\">\n\t\t\t\t<div class=\"elementor-element elementor-element-677d3a7b elementor-widget elementor-widget-breadcrumbs\" data-id=\"677d3a7b\" data-element_type=\"widget\" data-widget_type=\"breadcrumbs.default\">\n\t\t\t\t\t<p id=\"breadcrumbs\"><span><span><a href=\"https:\/\/twchains.com\/tr\">Ev<\/a><\/span><\/span><\/p>\t\t\t\t<\/div>\n\t\t\t\t\t<\/div>\n\t\t\t\t<\/div>\n\t\t<div class=\"elementor-element elementor-element-0010d3a e-flex e-con-boxed e-con e-parent\" data-id=\"0010d3a\" data-element_type=\"container\">\n\t\t\t\t\t<div class=\"e-con-inner\">\n\t\t\t\t<div class=\"elementor-element elementor-element-08fe967 elementor-widget elementor-widget-text-editor\" data-id=\"08fe967\" data-element_type=\"widget\" data-widget_type=\"text-editor.default\">\n\t\t\t\t\t\t\t\t\t<p><strong>Lastik koruma zincirleri<\/strong> m\u00fchendislik makineleri, madencilik ara\u00e7lar\u0131 ve benzerleri i\u00e7in \u00e7ok \u00f6nemli koruyucu ekipman g\u00f6revi g\u00f6r\u00fcr ve bak\u0131mlar\u0131, ekipman\u0131n \u00e7al\u0131\u015fmas\u0131n\u0131n g\u00fcvenli\u011fini ve verimlili\u011fini do\u011frudan etkiler. Do\u011fru bak\u0131m, hem zincirlerin hem de lastiklerin hizmet \u00f6mr\u00fcn\u00fc uzatmakla kalmaz, ayn\u0131 zamanda bak\u0131m maliyetlerini ve ar\u0131za s\u00fcrelerini de etkili bir \u015fekilde azalt\u0131r.<\/p>\t\t\t\t\t\t\t\t<\/div>\n\t\t\t\t<div class=\"elementor-element elementor-element-6c91552 elementor-widget elementor-widget-text-editor\" data-id=\"6c91552\" data-element_type=\"widget\" data-widget_type=\"text-editor.default\">\n\t\t\t\t\t\t\t\t\tG\u00fcnl\u00fck bak\u0131m, zincirin \u00e7atlak, deformasyon veya a\u015f\u0131nma belirtilerine kar\u015f\u0131 g\u00f6r\u00fcn\u00fcm\u00fcn\u00fc g\u00f6zlemlemeye odaklanan temel incelemelerle ba\u015flamal\u0131d\u0131r. Ayr\u0131ca, gev\u015femenin neden oldu\u011fu potansiyel g\u00fcvenlik tehlikelerini \u00f6nlemek i\u00e7in ba\u011flant\u0131 c\u0131vatalar\u0131n\u0131n ve pimlerinin s\u0131k\u0131l\u0131\u011f\u0131 kontrol edilmelidir. \t\t\t\t\t\t\t\t<\/div>\n\t\t\t\t<div class=\"elementor-element elementor-element-b525154 elementor-widget elementor-widget-heading\" data-id=\"b525154\" data-element_type=\"widget\" data-widget_type=\"heading.default\">\n\t\t\t\t\t<h2 class=\"elementor-heading-title elementor-size-default\">Temizlik ve Ya\u011flama<\/h2>\t\t\t\t<\/div>\n\t\t\t\t<div class=\"elementor-element elementor-element-4af9576 elementor-widget elementor-widget-text-editor\" data-id=\"4af9576\" data-element_type=\"widget\" data-widget_type=\"text-editor.default\">\n\t\t\t\t\t\t\t\t\t<p>Temizlik ve ya\u011flama, lastik koruma zinciri bak\u0131m\u0131n\u0131n temel ad\u0131mlar\u0131d\u0131r. Temizlerken, inat\u00e7\u0131 kirleri zincir bo\u015fluklar\u0131ndan iyice \u00e7\u0131karmak i\u00e7in y\u00fcksek bas\u0131n\u00e7l\u0131 su tabancas\u0131 veya f\u0131r\u00e7a kullan\u0131n ve yatak gibi kritik alanlara su girmemesine dikkat edin. Ya\u011flama, \u00f6zel zincir ya\u011flama ya\u011f\u0131 veya gres kullan\u0131lmas\u0131n\u0131 gerektirir ve ya\u011flay\u0131c\u0131n\u0131n \u0131s\u0131ya, suya ve korozyona dayan\u0131kl\u0131 \u00f6zelliklere sahip olmas\u0131n\u0131 sa\u011flar.<\/p>\t\t\t\t\t\t\t\t<\/div>\n\t\t\t\t<div class=\"elementor-element elementor-element-206a9c1 elementor-widget elementor-widget-text-editor\" data-id=\"206a9c1\" data-element_type=\"widget\" data-widget_type=\"text-editor.default\">\n\t\t\t\t\t\t\t\t\t<p>Ya\u011flama, s\u00fcrt\u00fcnmeyi ve a\u015f\u0131nmay\u0131 azaltmak i\u00e7in zincirin ba\u011flant\u0131 alanlar\u0131na, pimlerine ve ba\u011flant\u0131 halkalar\u0131na odaklanmal\u0131d\u0131r. Ya\u011flama s\u0131kl\u0131\u011f\u0131 \u00e7al\u0131\u015fma ortam\u0131na g\u00f6re esnek bir \u015fekilde ayarlanmal\u0131, zincirin esnekli\u011fini ve dayan\u0131kl\u0131l\u0131\u011f\u0131n\u0131 korumak i\u00e7in zorlu ko\u015fullarda daha fazla uygulama \u00f6nerilmelidir.<\/p>\t\t\t\t\t\t\t\t<\/div>\n\t\t\t\t<div class=\"elementor-element elementor-element-a1ac6a5 elementor-widget elementor-widget-heading\" data-id=\"a1ac6a5\" data-element_type=\"widget\" data-widget_type=\"heading.default\">\n\t\t\t\t\t<h2 class=\"elementor-heading-title elementor-size-default\">Gerginlik Ayar\u0131<\/h2>\t\t\t\t<\/div>\n\t\t\t\t<div class=\"elementor-element elementor-element-0fa4f84 elementor-widget elementor-widget-text-editor\" data-id=\"0fa4f84\" data-element_type=\"widget\" data-widget_type=\"text-editor.default\">\n\t\t\t\t\t\t\t\t\t<p>Zincirin gerginli\u011fi \u00e7al\u0131\u015fma durumunu ve \u00f6mr\u00fcn\u00fc do\u011frudan etkiler. A\u015f\u0131r\u0131 gev\u015feklik zincir ile lastik veya zemin aras\u0131ndaki s\u00fcrt\u00fcnmenin artmas\u0131na neden olabilirken, a\u015f\u0131r\u0131 gerginlik hem zincir hem de lastik \u00fczerindeki y\u00fck\u00fc art\u0131rarak a\u015f\u0131nmay\u0131 h\u0131zland\u0131r\u0131r. Bu nedenle, optimum \u00e7al\u0131\u015fma ko\u015fullar\u0131nda oldu\u011fundan emin olmak i\u00e7in zincirin gerginli\u011fini d\u00fczenli olarak kontrol etmek ve ayarlamak \u00e7ok \u00f6nemlidir. Zincir depolan\u0131rken, neme maruz kalmas\u0131n\u0131 veya a\u015f\u0131nd\u0131r\u0131c\u0131 maddelerle temas\u0131n\u0131 \u00f6nlemek i\u00e7in kuru ve iyi havaland\u0131r\u0131lan bir ortama yerle\u015ftirilmelidir.<\/p>\t\t\t\t\t\t\t\t<\/div>\n\t\t\t\t<div class=\"elementor-element elementor-element-82a86bf elementor-widget elementor-widget-text-editor\" data-id=\"82a86bf\" data-element_type=\"widget\" data-widget_type=\"text-editor.default\">\n\t\t\t\t\t\t\t\t\t<p>Uzun s\u00fcreli kullan\u0131lmama durumlar\u0131nda pas \u00f6nleyici ya\u011f uygulamak veya zinciri bir toz beziyle \u00f6rtmek oksitlenmeyi ve hasar\u0131 \u00f6nleyebilir. Ayr\u0131ca, \u015feklini ve performans\u0131n\u0131 korumak i\u00e7in zincir depolama s\u0131ras\u0131nda d\u0131\u015f darbelerden veya s\u0131k\u0131\u015ft\u0131rmadan korunmal\u0131d\u0131r.<\/p>\t\t\t\t\t\t\t\t<\/div>\n\t\t\t\t<div class=\"elementor-element elementor-element-7842d41 elementor-widget elementor-widget-heading\" data-id=\"7842d41\" data-element_type=\"widget\" data-widget_type=\"heading.default\">\n\t\t\t\t\t<h2 class=\"elementor-heading-title elementor-size-default\">Profesyonel Bak\u0131m<\/h2>\t\t\t\t<\/div>\n\t\t\t\t<div class=\"elementor-element elementor-element-877a6bb elementor-widget elementor-widget-text-editor\" data-id=\"877a6bb\" data-element_type=\"widget\" data-widget_type=\"text-editor.default\">\n\t\t\t\t\t\t\t\t\t<p>G\u00fcnl\u00fck bak\u0131ma ek olarak, lastik koruma zincirleri d\u00fczenli profesyonel bak\u0131m gerektirir. Profesyonel teknisyenlerin her alt\u0131 ayda veya 1.000 saatte bir a\u015f\u0131nma, gerginlik ve ya\u011flama durumu de\u011ferlendirmeleri de dahil olmak \u00fczere zinciri kapsaml\u0131 bir \u015fekilde incelemesi ve inceleme sonu\u00e7lar\u0131na g\u00f6re gerekli onar\u0131mlar\u0131 veya de\u011fi\u015fimleri ger\u00e7ekle\u015ftirmesi \u00f6nerilir.<\/p>\t\t\t\t\t\t\t\t<\/div>\n\t\t\t\t<div class=\"elementor-element elementor-element-426de8e elementor-widget elementor-widget-text-editor\" data-id=\"426de8e\" data-element_type=\"widget\" data-widget_type=\"text-editor.default\">\n\t\t\t\t\t\t\t\t\t<p>Operat\u00f6rler, a\u015f\u0131r\u0131 y\u00fcklemeden, a\u015f\u0131r\u0131 h\u0131zdan veya zinciri uygun olmayan ko\u015fullarda kullanmaktan ka\u00e7\u0131narak kullan\u0131m y\u00f6nergelerine kesinlikle uymal\u0131d\u0131r. Bilimsel bak\u0131m ve standartla\u015ft\u0131r\u0131lm\u0131\u015f \u00e7al\u0131\u015fma sayesinde lastik koruma zincirleri uzun vadede y\u00fcksek performans\u0131 koruyabilir ve ekipman\u0131n g\u00fcvenli \u00e7al\u0131\u015fmas\u0131 i\u00e7in g\u00fcvenilir koruma sa\u011flar.<\/p>\t\t\t\t\t\t\t\t<\/div>\n\t\t\t\t\t<\/div>\n\t\t\t\t<\/div>\n\t\t\t\t<\/div>","protected":false},"excerpt":{"rendered":"<p>Maintenance for Tire Protection Chains Tire protection chains serve as crucial protective equipment for engineering machinery, mining vehicles, and the like, with their maintenance directly impacting the safety and efficiency of equipment operation. Proper maintenance not only extends the service life of both the chains and tires but also effectively reduces maintenance costs and downtime&#8230;.<\/p>","protected":false},"author":1,"featured_media":501,"parent":0,"menu_order":0,"comment_status":"closed","ping_status":"closed","template":"","meta":{"inline_featured_image":false,"_kad_post_transparent":"default","_kad_post_title":"hide","_kad_post_layout":"fullwidth","_kad_post_sidebar_id":"","_kad_post_content_style":"unboxed","_kad_post_vertical_padding":"hide","_kad_post_feature":"hide","_kad_post_feature_position":"","_kad_post_header":false,"_kad_post_footer":false,"footnotes":""},"class_list":["post-86","page","type-page","status-publish","has-post-thumbnail","hentry"],"yoast_head":"<!-- This site is optimized with the Yoast SEO plugin v25.4 - https:\/\/yoast.com\/wordpress\/plugins\/seo\/ -->\n<title>Maintaince - twchains<\/title>\n<meta name=\"robots\" content=\"index, follow, max-snippet:-1, max-image-preview:large, max-video-preview:-1\" \/>\n<link rel=\"canonical\" href=\"https:\/\/twchains.com\/tr\/maintaince\/\" \/>\n<meta property=\"og:locale\" content=\"tr_TR\" \/>\n<meta property=\"og:type\" content=\"article\" \/>\n<meta property=\"og:title\" content=\"Maintaince - twchains\" \/>\n<meta property=\"og:description\" content=\"Maintenance for Tire Protection Chains Tire protection chains serve as crucial protective equipment for engineering machinery, mining vehicles, and the like, with their maintenance directly impacting the safety and efficiency of equipment operation. Proper maintenance not only extends the service life of both the chains and tires but also effectively reduces maintenance costs and downtime....\" \/>\n<meta property=\"og:url\" content=\"https:\/\/twchains.com\/tr\/maintaince\/\" \/>\n<meta property=\"og:site_name\" content=\"twchains\" \/>\n<meta property=\"article:modified_time\" content=\"2025-04-10T11:31:08+00:00\" \/>\n<meta name=\"twitter:card\" content=\"summary_large_image\" \/>\n<meta name=\"twitter:label1\" content=\"Tahmini okuma s\u00fcresi\" \/>\n\t<meta name=\"twitter:data1\" content=\"2 dakika\" \/>\n<script type=\"application\/ld+json\" class=\"yoast-schema-graph\">{\"@context\":\"https:\/\/schema.org\",\"@graph\":[{\"@type\":\"WebPage\",\"@id\":\"https:\/\/twchains.com\/maintaince\/\",\"url\":\"https:\/\/twchains.com\/maintaince\/\",\"name\":\"Maintaince - twchains\",\"isPartOf\":{\"@id\":\"https:\/\/twchains.com\/#website\"},\"primaryImageOfPage\":{\"@id\":\"https:\/\/twchains.com\/maintaince\/#primaryimage\"},\"image\":{\"@id\":\"https:\/\/twchains.com\/maintaince\/#primaryimage\"},\"thumbnailUrl\":\"https:\/\/twchains.com\/wp-content\/uploads\/2025\/04\/home_slider_3.jpg\",\"datePublished\":\"2025-04-03T13:20:03+00:00\",\"dateModified\":\"2025-04-10T11:31:08+00:00\",\"breadcrumb\":{\"@id\":\"https:\/\/twchains.com\/maintaince\/#breadcrumb\"},\"inLanguage\":\"tr\",\"potentialAction\":[{\"@type\":\"ReadAction\",\"target\":[\"https:\/\/twchains.com\/maintaince\/\"]}]},{\"@type\":\"ImageObject\",\"inLanguage\":\"tr\",\"@id\":\"https:\/\/twchains.com\/maintaince\/#primaryimage\",\"url\":\"https:\/\/twchains.com\/wp-content\/uploads\/2025\/04\/home_slider_3.jpg\",\"contentUrl\":\"https:\/\/twchains.com\/wp-content\/uploads\/2025\/04\/home_slider_3.jpg\",\"width\":1024,\"height\":768},{\"@type\":\"BreadcrumbList\",\"@id\":\"https:\/\/twchains.com\/maintaince\/#breadcrumb\",\"itemListElement\":[{\"@type\":\"ListItem\",\"position\":1,\"name\":\"Home\",\"item\":\"https:\/\/twchains.com\/\"},{\"@type\":\"ListItem\",\"position\":2,\"name\":\"Maintaince\"}]},{\"@type\":\"WebSite\",\"@id\":\"https:\/\/twchains.com\/#website\",\"url\":\"https:\/\/twchains.com\/\",\"name\":\"twchains\",\"description\":\"\",\"publisher\":{\"@id\":\"https:\/\/twchains.com\/#organization\"},\"potentialAction\":[{\"@type\":\"SearchAction\",\"target\":{\"@type\":\"EntryPoint\",\"urlTemplate\":\"https:\/\/twchains.com\/?s={search_term_string}\"},\"query-input\":{\"@type\":\"PropertyValueSpecification\",\"valueRequired\":true,\"valueName\":\"search_term_string\"}}],\"inLanguage\":\"tr\"},{\"@type\":\"Organization\",\"@id\":\"https:\/\/twchains.com\/#organization\",\"name\":\"twchains\",\"url\":\"https:\/\/twchains.com\/\",\"logo\":{\"@type\":\"ImageObject\",\"inLanguage\":\"tr\",\"@id\":\"https:\/\/twchains.com\/#\/schema\/logo\/image\/\",\"url\":\"https:\/\/twchains.com\/wp-content\/uploads\/2025\/04\/tongwei-logo-100.svg\",\"contentUrl\":\"https:\/\/twchains.com\/wp-content\/uploads\/2025\/04\/tongwei-logo-100.svg\",\"width\":128,\"height\":100,\"caption\":\"twchains\"},\"image\":{\"@id\":\"https:\/\/twchains.com\/#\/schema\/logo\/image\/\"}}]}<\/script>\n<!-- \/ Yoast SEO plugin. -->","yoast_head_json":{"title":"Maintaince - twchains","robots":{"index":"index","follow":"follow","max-snippet":"max-snippet:-1","max-image-preview":"max-image-preview:large","max-video-preview":"max-video-preview:-1"},"canonical":"https:\/\/twchains.com\/tr\/maintaince\/","og_locale":"tr_TR","og_type":"article","og_title":"Maintaince - twchains","og_description":"Maintenance for Tire Protection Chains Tire protection chains serve as crucial protective equipment for engineering machinery, mining vehicles, and the like, with their maintenance directly impacting the safety and efficiency of equipment operation. Proper maintenance not only extends the service life of both the chains and tires but also effectively reduces maintenance costs and downtime....","og_url":"https:\/\/twchains.com\/tr\/maintaince\/","og_site_name":"twchains","article_modified_time":"2025-04-10T11:31:08+00:00","twitter_card":"summary_large_image","twitter_misc":{"Tahmini okuma s\u00fcresi":"2 dakika"},"schema":{"@context":"https:\/\/schema.org","@graph":[{"@type":"WebPage","@id":"https:\/\/twchains.com\/maintaince\/","url":"https:\/\/twchains.com\/maintaince\/","name":"Maintaince - twchains","isPartOf":{"@id":"https:\/\/twchains.com\/#website"},"primaryImageOfPage":{"@id":"https:\/\/twchains.com\/maintaince\/#primaryimage"},"image":{"@id":"https:\/\/twchains.com\/maintaince\/#primaryimage"},"thumbnailUrl":"https:\/\/twchains.com\/wp-content\/uploads\/2025\/04\/home_slider_3.jpg","datePublished":"2025-04-03T13:20:03+00:00","dateModified":"2025-04-10T11:31:08+00:00","breadcrumb":{"@id":"https:\/\/twchains.com\/maintaince\/#breadcrumb"},"inLanguage":"tr","potentialAction":[{"@type":"ReadAction","target":["https:\/\/twchains.com\/maintaince\/"]}]},{"@type":"ImageObject","inLanguage":"tr","@id":"https:\/\/twchains.com\/maintaince\/#primaryimage","url":"https:\/\/twchains.com\/wp-content\/uploads\/2025\/04\/home_slider_3.jpg","contentUrl":"https:\/\/twchains.com\/wp-content\/uploads\/2025\/04\/home_slider_3.jpg","width":1024,"height":768},{"@type":"BreadcrumbList","@id":"https:\/\/twchains.com\/maintaince\/#breadcrumb","itemListElement":[{"@type":"ListItem","position":1,"name":"Home","item":"https:\/\/twchains.com\/"},{"@type":"ListItem","position":2,"name":"Maintaince"}]},{"@type":"WebSite","@id":"https:\/\/twchains.com\/#website","url":"https:\/\/twchains.com\/","name":"twchains","description":"","publisher":{"@id":"https:\/\/twchains.com\/#organization"},"potentialAction":[{"@type":"SearchAction","target":{"@type":"EntryPoint","urlTemplate":"https:\/\/twchains.com\/?s={search_term_string}"},"query-input":{"@type":"PropertyValueSpecification","valueRequired":true,"valueName":"search_term_string"}}],"inLanguage":"tr"},{"@type":"Organization","@id":"https:\/\/twchains.com\/#organization","name":"twchains","url":"https:\/\/twchains.com\/","logo":{"@type":"ImageObject","inLanguage":"tr","@id":"https:\/\/twchains.com\/#\/schema\/logo\/image\/","url":"https:\/\/twchains.com\/wp-content\/uploads\/2025\/04\/tongwei-logo-100.svg","contentUrl":"https:\/\/twchains.com\/wp-content\/uploads\/2025\/04\/tongwei-logo-100.svg","width":128,"height":100,"caption":"twchains"},"image":{"@id":"https:\/\/twchains.com\/#\/schema\/logo\/image\/"}}]}},"_links":{"self":[{"href":"https:\/\/twchains.com\/tr\/wp-json\/wp\/v2\/pages\/86","targetHints":{"allow":["GET"]}}],"collection":[{"href":"https:\/\/twchains.com\/tr\/wp-json\/wp\/v2\/pages"}],"about":[{"href":"https:\/\/twchains.com\/tr\/wp-json\/wp\/v2\/types\/page"}],"author":[{"embeddable":true,"href":"https:\/\/twchains.com\/tr\/wp-json\/wp\/v2\/users\/1"}],"replies":[{"embeddable":true,"href":"https:\/\/twchains.com\/tr\/wp-json\/wp\/v2\/comments?post=86"}],"version-history":[{"count":7,"href":"https:\/\/twchains.com\/tr\/wp-json\/wp\/v2\/pages\/86\/revisions"}],"predecessor-version":[{"id":318,"href":"https:\/\/twchains.com\/tr\/wp-json\/wp\/v2\/pages\/86\/revisions\/318"}],"wp:featuredmedia":[{"embeddable":true,"href":"https:\/\/twchains.com\/tr\/wp-json\/wp\/v2\/media\/501"}],"wp:attachment":[{"href":"https:\/\/twchains.com\/tr\/wp-json\/wp\/v2\/media?parent=86"}],"curies":[{"name":"wp","href":"https:\/\/api.w.org\/{rel}","templated":true}]}}