{"id":492,"date":"2025-04-17T13:18:21","date_gmt":"2025-04-17T13:18:21","guid":{"rendered":"https:\/\/twchains.com\/?post_type=product&#038;p=492"},"modified":"2025-04-21T08:52:00","modified_gmt":"2025-04-21T08:52:00","slug":"x18mm-reinforced","status":"publish","type":"product","link":"https:\/\/twchains.com\/tr\/urun\/x18mm-reinforced\/","title":{"rendered":"\u00d718mm G\u00dc\u00c7LEND\u0130R\u0130LM\u0130\u015e"},"content":{"rendered":"<p><strong><b> Mermer ocaklar\u0131nda a\u015f\u0131r\u0131 a\u015f\u0131nma ve y\u0131pranma ile ba\u015fa \u00e7\u0131kmak i\u00e7in \u00fcst\u00fcn a\u015f\u0131nma direnci<\/b><\/strong><\/p>\n<p>Mermer oca\u011f\u0131n\u0131n y\u00fczeyi keskin \u00e7ak\u0131l ve sert kaya par\u00e7alar\u0131yla kapl\u0131d\u0131r ve s\u0131radan zincirler s\u0131k s\u00fcrt\u00fcnme nedeniyle h\u0131zl\u0131 a\u015f\u0131nma ve y\u0131pranmaya e\u011filimlidir. 18 halkal\u0131 g\u00fc\u00e7lendirilmi\u015f versiyon, m\u00fckemmel toklu\u011fu korurken sertli\u011fi 30%'ye \u00e7\u0131karmak i\u00e7in \u00f6zel bir \u0131s\u0131l i\u015flemden ge\u00e7irilen ve ta\u015f kesme ve darbeye etkili bir \u015fekilde direnen y\u00fcksek manganl\u0131 \u00e7elik malzemeden yap\u0131lm\u0131\u015ft\u0131r. Kal\u0131nla\u015ft\u0131r\u0131lm\u0131\u015f zincir baklas\u0131 tasar\u0131m\u0131 hizmet \u00f6mr\u00fcn\u00fc daha da uzat\u0131r ve m\u00fc\u015fteriler i\u00e7in uzun vadeli de\u011fi\u015ftirme maliyetlerini azalt\u0131r.<\/p>\n<p><strong><b> Daha iyi darbe direnci performans\u0131 i\u00e7in yap\u0131sal tasar\u0131m\u0131 optimize edin<\/b><\/strong><\/p>\n<p>Ta\u015f oca\u011f\u0131n\u0131n \u00e7al\u0131\u015fma ko\u015fullar\u0131 karma\u015f\u0131kt\u0131r ve ekipman\u0131n genellikle a\u011f\u0131r y\u00fcklere ve darbelere dayanmas\u0131 gerekir. Kapal\u0131 d\u00f6ng\u00fc ba\u011flant\u0131 yap\u0131s\u0131 ve 18 halkal\u0131 g\u00fc\u00e7lendirilmi\u015f versiyonun g\u00fc\u00e7lendirilmi\u015f kaynak noktalar\u0131, gerilimi da\u011f\u0131tabilir ve zincirin \u015fiddetli titre\u015fim alt\u0131nda k\u0131r\u0131lmas\u0131n\u0131 \u00f6nleyebilir. Standart versiyona k\u0131yasla dinamik y\u00fck kapasitesi 25% artarak y\u00fckleyiciler ve maden kamyonlar\u0131 gibi a\u011f\u0131r ekipmanlar i\u00e7in \u00f6zellikle uygun hale gelmi\u015f, ar\u0131za s\u00fcresini ve bak\u0131m s\u0131kl\u0131\u011f\u0131n\u0131 azaltm\u0131\u015ft\u0131r.<\/p>\n<p><strong><b> Y\u00fcksek maliyet etkinli\u011fi, m\u00fc\u015fteri b\u00fct\u00e7elerine tam uyum<\/b><\/strong><\/p>\n<p>\u00d6neride bulunmadan \u00f6nce m\u00fc\u015fterinin maliyet-etkinlik ihtiya\u00e7lar\u0131na ili\u015fkin kapsaml\u0131 bir de\u011ferlendirme yapt\u0131k. 18 halka takviyeli versiyon temel versiyondan biraz daha pahal\u0131 olsa da, dayan\u0131kl\u0131l\u0131\u011f\u0131 50%'ye kadar de\u011fi\u015ftirme say\u0131s\u0131n\u0131 azaltabilir ve bu da uzun vadede masraflardan tasarruf sa\u011flar. Ayr\u0131ca, m\u00fc\u015fterilerin tedarik maliyetlerini daha da optimize etmelerine yard\u0131mc\u0131 olmak i\u00e7in toplu sat\u0131n alma indirimleri ve esnek teslimat \u00e7\u00f6z\u00fcmleri sunuyoruz.<\/p>","protected":false},"excerpt":{"rendered":"<ul>\n<li>Tip \uff1a29.5r25 1150kg<\/li>\n<li>x18mm g\u00fc\u00e7lendirilmi\u015f tip daha geni\u015f ve daha kal\u0131n a\u015f\u0131nmaya dayan\u0131kl\u0131 y\u00fczeye sahiptir, ana bile\u015fen boyutu (G x Y x L): 52x68x109mm,<\/li>\n<li>1 ana bile\u015fenin a\u011f\u0131rl\u0131\u011f\u0131: 1,25 kg<\/li>\n<\/ul>","protected":false},"featured_media":493,"template":"","meta":{"inline_featured_image":false,"_kad_post_transparent":"default","_kad_post_title":"","_kad_post_layout":"default","_kad_post_sidebar_id":"","_kad_post_content_style":"default","_kad_post_vertical_padding":"default","_kad_post_feature":"","_kad_post_feature_position":"","_kad_post_header":false,"_kad_post_footer":false},"product_brand":[],"product_cat":[15,26],"product_tag":[],"class_list":{"0":"post-492","1":"product","2":"type-product","3":"status-publish","4":"has-post-thumbnail","6":"product_cat-tyre-protection-chain","7":"product_cat-reinforced","9":"first","10":"instock","11":"shipping-taxable","12":"product-type-simple","13":"entry","14":"content-bg","15":"loop-entry"},"yoast_head":"<!-- This site is optimized with the Yoast SEO plugin v25.4 - https:\/\/yoast.com\/wordpress\/plugins\/seo\/ -->\n<title>\u00d718mm REINFORCED - twchains<\/title>\n<meta name=\"robots\" content=\"index, follow, max-snippet:-1, max-image-preview:large, max-video-preview:-1\" \/>\n<link rel=\"canonical\" href=\"https:\/\/twchains.com\/tr\/urun\/x18mm-reinforced\/\" \/>\n<meta property=\"og:locale\" content=\"tr_TR\" \/>\n<meta property=\"og:type\" content=\"article\" \/>\n<meta property=\"og:title\" content=\"\u00d718mm REINFORCED - twchains\" \/>\n<meta property=\"og:description\" content=\"Type \uff1a29.5r25 1150kg  The x18mm reinforced type have wider and thicker wear-resistant surface, main component dimension(W x H x L): 52x68x109mm,  Weight of 1 main component:1.25kg\" \/>\n<meta property=\"og:url\" content=\"https:\/\/twchains.com\/tr\/urun\/x18mm-reinforced\/\" \/>\n<meta property=\"og:site_name\" content=\"twchains\" \/>\n<meta property=\"article:modified_time\" content=\"2025-04-21T08:52:00+00:00\" \/>\n<meta property=\"og:image\" content=\"https:\/\/twchains.com\/wp-content\/uploads\/2025\/04\/\u00d718-3.jpg\" \/>\n\t<meta property=\"og:image:width\" content=\"800\" \/>\n\t<meta property=\"og:image:height\" content=\"800\" \/>\n\t<meta property=\"og:image:type\" content=\"image\/jpeg\" \/>\n<meta name=\"twitter:card\" content=\"summary_large_image\" \/>\n<meta name=\"twitter:label1\" content=\"Tahmini okuma s\u00fcresi\" \/>\n\t<meta name=\"twitter:data1\" content=\"2 dakika\" \/>\n<script type=\"application\/ld+json\" class=\"yoast-schema-graph\">{\"@context\":\"https:\/\/schema.org\",\"@graph\":[{\"@type\":\"WebPage\",\"@id\":\"https:\/\/twchains.com\/product\/x18mm-reinforced\/\",\"url\":\"https:\/\/twchains.com\/product\/x18mm-reinforced\/\",\"name\":\"\u00d718mm REINFORCED - twchains\",\"isPartOf\":{\"@id\":\"https:\/\/twchains.com\/#website\"},\"primaryImageOfPage\":{\"@id\":\"https:\/\/twchains.com\/product\/x18mm-reinforced\/#primaryimage\"},\"image\":{\"@id\":\"https:\/\/twchains.com\/product\/x18mm-reinforced\/#primaryimage\"},\"thumbnailUrl\":\"https:\/\/twchains.com\/wp-content\/uploads\/2025\/04\/\u00d718-3.jpg\",\"datePublished\":\"2025-04-17T13:18:21+00:00\",\"dateModified\":\"2025-04-21T08:52:00+00:00\",\"breadcrumb\":{\"@id\":\"https:\/\/twchains.com\/product\/x18mm-reinforced\/#breadcrumb\"},\"inLanguage\":\"tr\",\"potentialAction\":[{\"@type\":\"ReadAction\",\"target\":[\"https:\/\/twchains.com\/product\/x18mm-reinforced\/\"]}]},{\"@type\":\"ImageObject\",\"inLanguage\":\"tr\",\"@id\":\"https:\/\/twchains.com\/product\/x18mm-reinforced\/#primaryimage\",\"url\":\"https:\/\/twchains.com\/wp-content\/uploads\/2025\/04\/\u00d718-3.jpg\",\"contentUrl\":\"https:\/\/twchains.com\/wp-content\/uploads\/2025\/04\/\u00d718-3.jpg\",\"width\":800,\"height\":800},{\"@type\":\"BreadcrumbList\",\"@id\":\"https:\/\/twchains.com\/product\/x18mm-reinforced\/#breadcrumb\",\"itemListElement\":[{\"@type\":\"ListItem\",\"position\":1,\"name\":\"Home\",\"item\":\"https:\/\/twchains.com\/\"},{\"@type\":\"ListItem\",\"position\":2,\"name\":\"Products\",\"item\":\"https:\/\/twchains.com\/products\/\"},{\"@type\":\"ListItem\",\"position\":3,\"name\":\"\u00d718mm REINFORCED\"}]},{\"@type\":\"WebSite\",\"@id\":\"https:\/\/twchains.com\/#website\",\"url\":\"https:\/\/twchains.com\/\",\"name\":\"twchains\",\"description\":\"\",\"publisher\":{\"@id\":\"https:\/\/twchains.com\/#organization\"},\"potentialAction\":[{\"@type\":\"SearchAction\",\"target\":{\"@type\":\"EntryPoint\",\"urlTemplate\":\"https:\/\/twchains.com\/?s={search_term_string}\"},\"query-input\":{\"@type\":\"PropertyValueSpecification\",\"valueRequired\":true,\"valueName\":\"search_term_string\"}}],\"inLanguage\":\"tr\"},{\"@type\":\"Organization\",\"@id\":\"https:\/\/twchains.com\/#organization\",\"name\":\"twchains\",\"url\":\"https:\/\/twchains.com\/\",\"logo\":{\"@type\":\"ImageObject\",\"inLanguage\":\"tr\",\"@id\":\"https:\/\/twchains.com\/#\/schema\/logo\/image\/\",\"url\":\"https:\/\/twchains.com\/wp-content\/uploads\/2025\/04\/tongwei-logo-100.svg\",\"contentUrl\":\"https:\/\/twchains.com\/wp-content\/uploads\/2025\/04\/tongwei-logo-100.svg\",\"width\":128,\"height\":100,\"caption\":\"twchains\"},\"image\":{\"@id\":\"https:\/\/twchains.com\/#\/schema\/logo\/image\/\"}}]}<\/script>\n<!-- \/ Yoast SEO plugin. -->","yoast_head_json":{"title":"\u00d718mm REINFORCED - twchains","robots":{"index":"index","follow":"follow","max-snippet":"max-snippet:-1","max-image-preview":"max-image-preview:large","max-video-preview":"max-video-preview:-1"},"canonical":"https:\/\/twchains.com\/tr\/urun\/x18mm-reinforced\/","og_locale":"tr_TR","og_type":"article","og_title":"\u00d718mm REINFORCED - twchains","og_description":"Type \uff1a29.5r25 1150kg  The x18mm reinforced type have wider and thicker wear-resistant surface, main component dimension(W x H x L): 52x68x109mm,  Weight of 1 main component:1.25kg","og_url":"https:\/\/twchains.com\/tr\/urun\/x18mm-reinforced\/","og_site_name":"twchains","article_modified_time":"2025-04-21T08:52:00+00:00","og_image":[{"width":800,"height":800,"url":"https:\/\/twchains.com\/wp-content\/uploads\/2025\/04\/\u00d718-3.jpg","type":"image\/jpeg"}],"twitter_card":"summary_large_image","twitter_misc":{"Tahmini okuma s\u00fcresi":"2 dakika"},"schema":{"@context":"https:\/\/schema.org","@graph":[{"@type":"WebPage","@id":"https:\/\/twchains.com\/product\/x18mm-reinforced\/","url":"https:\/\/twchains.com\/product\/x18mm-reinforced\/","name":"\u00d718mm REINFORCED - twchains","isPartOf":{"@id":"https:\/\/twchains.com\/#website"},"primaryImageOfPage":{"@id":"https:\/\/twchains.com\/product\/x18mm-reinforced\/#primaryimage"},"image":{"@id":"https:\/\/twchains.com\/product\/x18mm-reinforced\/#primaryimage"},"thumbnailUrl":"https:\/\/twchains.com\/wp-content\/uploads\/2025\/04\/\u00d718-3.jpg","datePublished":"2025-04-17T13:18:21+00:00","dateModified":"2025-04-21T08:52:00+00:00","breadcrumb":{"@id":"https:\/\/twchains.com\/product\/x18mm-reinforced\/#breadcrumb"},"inLanguage":"tr","potentialAction":[{"@type":"ReadAction","target":["https:\/\/twchains.com\/product\/x18mm-reinforced\/"]}]},{"@type":"ImageObject","inLanguage":"tr","@id":"https:\/\/twchains.com\/product\/x18mm-reinforced\/#primaryimage","url":"https:\/\/twchains.com\/wp-content\/uploads\/2025\/04\/\u00d718-3.jpg","contentUrl":"https:\/\/twchains.com\/wp-content\/uploads\/2025\/04\/\u00d718-3.jpg","width":800,"height":800},{"@type":"BreadcrumbList","@id":"https:\/\/twchains.com\/product\/x18mm-reinforced\/#breadcrumb","itemListElement":[{"@type":"ListItem","position":1,"name":"Home","item":"https:\/\/twchains.com\/"},{"@type":"ListItem","position":2,"name":"Products","item":"https:\/\/twchains.com\/products\/"},{"@type":"ListItem","position":3,"name":"\u00d718mm REINFORCED"}]},{"@type":"WebSite","@id":"https:\/\/twchains.com\/#website","url":"https:\/\/twchains.com\/","name":"twchains","description":"","publisher":{"@id":"https:\/\/twchains.com\/#organization"},"potentialAction":[{"@type":"SearchAction","target":{"@type":"EntryPoint","urlTemplate":"https:\/\/twchains.com\/?s={search_term_string}"},"query-input":{"@type":"PropertyValueSpecification","valueRequired":true,"valueName":"search_term_string"}}],"inLanguage":"tr"},{"@type":"Organization","@id":"https:\/\/twchains.com\/#organization","name":"twchains","url":"https:\/\/twchains.com\/","logo":{"@type":"ImageObject","inLanguage":"tr","@id":"https:\/\/twchains.com\/#\/schema\/logo\/image\/","url":"https:\/\/twchains.com\/wp-content\/uploads\/2025\/04\/tongwei-logo-100.svg","contentUrl":"https:\/\/twchains.com\/wp-content\/uploads\/2025\/04\/tongwei-logo-100.svg","width":128,"height":100,"caption":"twchains"},"image":{"@id":"https:\/\/twchains.com\/#\/schema\/logo\/image\/"}}]}},"_links":{"self":[{"href":"https:\/\/twchains.com\/tr\/wp-json\/wp\/v2\/product\/492","targetHints":{"allow":["GET"]}}],"collection":[{"href":"https:\/\/twchains.com\/tr\/wp-json\/wp\/v2\/product"}],"about":[{"href":"https:\/\/twchains.com\/tr\/wp-json\/wp\/v2\/types\/product"}],"wp:featuredmedia":[{"embeddable":true,"href":"https:\/\/twchains.com\/tr\/wp-json\/wp\/v2\/media\/493"}],"wp:attachment":[{"href":"https:\/\/twchains.com\/tr\/wp-json\/wp\/v2\/media?parent=492"}],"wp:term":[{"taxonomy":"product_brand","embeddable":true,"href":"https:\/\/twchains.com\/tr\/wp-json\/wp\/v2\/product_brand?post=492"},{"taxonomy":"product_cat","embeddable":true,"href":"https:\/\/twchains.com\/tr\/wp-json\/wp\/v2\/product_cat?post=492"},{"taxonomy":"product_tag","embeddable":true,"href":"https:\/\/twchains.com\/tr\/wp-json\/wp\/v2\/product_tag?post=492"}],"curies":[{"name":"wp","href":"https:\/\/api.w.org\/{rel}","templated":true}]}}