{"id":567,"date":"2025-04-22T04:20:13","date_gmt":"2025-04-22T04:20:13","guid":{"rendered":"https:\/\/twchains.com\/?post_type=product&#038;p=567"},"modified":"2025-04-22T08:20:06","modified_gmt":"2025-04-22T08:20:06","slug":"x14mm-universal-type-23-5-25-loader-tire-chains-330kg","status":"publish","type":"product","link":"https:\/\/twchains.com\/tr\/urun\/x14mm-universal-type-23-5-25-loader-tire-chains-330kg\/","title":{"rendered":"\u00d714mm Evrensel Tip 23.5-25 Y\u00fckleyici Lastik Zincirleri 330kg"},"content":{"rendered":"<p>x14mm \u00fcniversal tip, k\u00fc\u00e7\u00fck ve orta \u00f6l\u00e7ekli ekipmanlar i\u00e7in \u00f6zel olarak tasarlanm\u0131\u015f bir modeldir, bu tasar\u0131m kaymay\u0131 en aza indirir ve i\u015f verimlili\u011fini art\u0131rmak i\u00e7in dar ancak son derece koruyucu yap\u0131s\u0131 sayesinde lastikleri korur. \u00c7e\u015fitli profesyonel ve standart g\u00f6revler ve operasyonlar i\u00e7in ideal bir se\u00e7im oldu\u011fu kan\u0131tlanm\u0131\u015ft\u0131r.<\/p>\n<p>Fabrikam\u0131z\u0131 ziyaret etmeye ho\u015f geldiniz, Tianjin TONGWEI Metal \u00dcr\u00fcnleri i\u015fbirli\u011fi \u00e7e\u015fitleri a\u00e7ar, OEM \/ ODM sa\u011flar.<\/p>\n<p>1TP5Y\u00fckleyiciZincirler#a\u015f 1TP5Zincirler 1TP5Mermer #a\u015f Oca\u011f\u0131 1TP5KorumaZinciri<\/p>","protected":false},"excerpt":{"rendered":"<ul>\n<li>Ana Bile\u015fen Boyutlar\u0131 (G x Y x L): 35x43x75mm.<\/li>\n<li>1 Ana Bile\u015fenin A\u011f\u0131rl\u0131\u011f\u0131: 0,36kg<\/li>\n<\/ul>","protected":false},"featured_media":529,"template":"","meta":{"inline_featured_image":false,"_kad_post_transparent":"default","_kad_post_title":"","_kad_post_layout":"default","_kad_post_sidebar_id":"","_kad_post_content_style":"default","_kad_post_vertical_padding":"default","_kad_post_feature":"","_kad_post_feature_position":"","_kad_post_header":false,"_kad_post_footer":false},"product_brand":[],"product_cat":[15,25],"product_tag":[],"class_list":{"0":"post-567","1":"product","2":"type-product","3":"status-publish","4":"has-post-thumbnail","6":"product_cat-tyre-protection-chain","7":"product_cat-standard","9":"first","10":"instock","11":"shipping-taxable","12":"product-type-simple","13":"entry","14":"content-bg","15":"loop-entry"},"yoast_head":"<!-- This site is optimized with the Yoast SEO plugin v25.4 - https:\/\/yoast.com\/wordpress\/plugins\/seo\/ -->\n<title>\u00d714mm Universal Type 23.5-25 Loader Tire Chains 330kg - twchains<\/title>\n<meta name=\"robots\" content=\"index, follow, max-snippet:-1, max-image-preview:large, max-video-preview:-1\" \/>\n<link rel=\"canonical\" href=\"https:\/\/twchains.com\/tr\/urun\/x14mm-universal-type-23-5-25-loader-tire-chains-330kg\/\" \/>\n<meta property=\"og:locale\" content=\"tr_TR\" \/>\n<meta property=\"og:type\" content=\"article\" \/>\n<meta property=\"og:title\" content=\"\u00d714mm Universal Type 23.5-25 Loader Tire Chains 330kg - twchains\" \/>\n<meta property=\"og:description\" content=\"Main Component Dimension(W x H x L): 35x43x75mm.  Weight of 1 Main Component:0.36kg\" \/>\n<meta property=\"og:url\" content=\"https:\/\/twchains.com\/tr\/urun\/x14mm-universal-type-23-5-25-loader-tire-chains-330kg\/\" \/>\n<meta property=\"og:site_name\" content=\"twchains\" \/>\n<meta property=\"article:modified_time\" content=\"2025-04-22T08:20:06+00:00\" \/>\n<meta property=\"og:image\" content=\"https:\/\/twchains.com\/wp-content\/uploads\/2025\/04\/14mm-A-loader-tire-chains.png\" \/>\n\t<meta property=\"og:image:width\" content=\"750\" \/>\n\t<meta property=\"og:image:height\" content=\"1000\" \/>\n\t<meta property=\"og:image:type\" content=\"image\/png\" \/>\n<meta name=\"twitter:card\" content=\"summary_large_image\" \/>\n<meta name=\"twitter:label1\" content=\"Tahmini okuma s\u00fcresi\" \/>\n\t<meta name=\"twitter:data1\" content=\"1 dakika\" \/>\n<script type=\"application\/ld+json\" class=\"yoast-schema-graph\">{\"@context\":\"https:\/\/schema.org\",\"@graph\":[{\"@type\":\"WebPage\",\"@id\":\"https:\/\/twchains.com\/product\/x14mm-universal-type-23-5-25-loader-tire-chains-330kg\/\",\"url\":\"https:\/\/twchains.com\/product\/x14mm-universal-type-23-5-25-loader-tire-chains-330kg\/\",\"name\":\"\u00d714mm Universal Type 23.5-25 Loader Tire Chains 330kg - twchains\",\"isPartOf\":{\"@id\":\"https:\/\/twchains.com\/#website\"},\"primaryImageOfPage\":{\"@id\":\"https:\/\/twchains.com\/product\/x14mm-universal-type-23-5-25-loader-tire-chains-330kg\/#primaryimage\"},\"image\":{\"@id\":\"https:\/\/twchains.com\/product\/x14mm-universal-type-23-5-25-loader-tire-chains-330kg\/#primaryimage\"},\"thumbnailUrl\":\"https:\/\/twchains.com\/wp-content\/uploads\/2025\/04\/14mm-A-loader-tire-chains.png\",\"datePublished\":\"2025-04-22T04:20:13+00:00\",\"dateModified\":\"2025-04-22T08:20:06+00:00\",\"breadcrumb\":{\"@id\":\"https:\/\/twchains.com\/product\/x14mm-universal-type-23-5-25-loader-tire-chains-330kg\/#breadcrumb\"},\"inLanguage\":\"tr\",\"potentialAction\":[{\"@type\":\"ReadAction\",\"target\":[\"https:\/\/twchains.com\/product\/x14mm-universal-type-23-5-25-loader-tire-chains-330kg\/\"]}]},{\"@type\":\"ImageObject\",\"inLanguage\":\"tr\",\"@id\":\"https:\/\/twchains.com\/product\/x14mm-universal-type-23-5-25-loader-tire-chains-330kg\/#primaryimage\",\"url\":\"https:\/\/twchains.com\/wp-content\/uploads\/2025\/04\/14mm-A-loader-tire-chains.png\",\"contentUrl\":\"https:\/\/twchains.com\/wp-content\/uploads\/2025\/04\/14mm-A-loader-tire-chains.png\",\"width\":750,\"height\":1000},{\"@type\":\"BreadcrumbList\",\"@id\":\"https:\/\/twchains.com\/product\/x14mm-universal-type-23-5-25-loader-tire-chains-330kg\/#breadcrumb\",\"itemListElement\":[{\"@type\":\"ListItem\",\"position\":1,\"name\":\"Home\",\"item\":\"https:\/\/twchains.com\/\"},{\"@type\":\"ListItem\",\"position\":2,\"name\":\"Products\",\"item\":\"https:\/\/twchains.com\/products\/\"},{\"@type\":\"ListItem\",\"position\":3,\"name\":\"\u00d714mm Universal Type 23.5-25 Loader Tire Chains 330kg\"}]},{\"@type\":\"WebSite\",\"@id\":\"https:\/\/twchains.com\/#website\",\"url\":\"https:\/\/twchains.com\/\",\"name\":\"twchains\",\"description\":\"\",\"publisher\":{\"@id\":\"https:\/\/twchains.com\/#organization\"},\"potentialAction\":[{\"@type\":\"SearchAction\",\"target\":{\"@type\":\"EntryPoint\",\"urlTemplate\":\"https:\/\/twchains.com\/?s={search_term_string}\"},\"query-input\":{\"@type\":\"PropertyValueSpecification\",\"valueRequired\":true,\"valueName\":\"search_term_string\"}}],\"inLanguage\":\"tr\"},{\"@type\":\"Organization\",\"@id\":\"https:\/\/twchains.com\/#organization\",\"name\":\"twchains\",\"url\":\"https:\/\/twchains.com\/\",\"logo\":{\"@type\":\"ImageObject\",\"inLanguage\":\"tr\",\"@id\":\"https:\/\/twchains.com\/#\/schema\/logo\/image\/\",\"url\":\"https:\/\/twchains.com\/wp-content\/uploads\/2025\/04\/tongwei-logo-100.svg\",\"contentUrl\":\"https:\/\/twchains.com\/wp-content\/uploads\/2025\/04\/tongwei-logo-100.svg\",\"width\":128,\"height\":100,\"caption\":\"twchains\"},\"image\":{\"@id\":\"https:\/\/twchains.com\/#\/schema\/logo\/image\/\"}}]}<\/script>\n<!-- \/ Yoast SEO plugin. -->","yoast_head_json":{"title":"\u00d714mm Universal Type 23.5-25 Loader Tire Chains 330kg - twchains","robots":{"index":"index","follow":"follow","max-snippet":"max-snippet:-1","max-image-preview":"max-image-preview:large","max-video-preview":"max-video-preview:-1"},"canonical":"https:\/\/twchains.com\/tr\/urun\/x14mm-universal-type-23-5-25-loader-tire-chains-330kg\/","og_locale":"tr_TR","og_type":"article","og_title":"\u00d714mm Universal Type 23.5-25 Loader Tire Chains 330kg - twchains","og_description":"Main Component Dimension(W x H x L): 35x43x75mm.  Weight of 1 Main Component:0.36kg","og_url":"https:\/\/twchains.com\/tr\/urun\/x14mm-universal-type-23-5-25-loader-tire-chains-330kg\/","og_site_name":"twchains","article_modified_time":"2025-04-22T08:20:06+00:00","og_image":[{"width":750,"height":1000,"url":"https:\/\/twchains.com\/wp-content\/uploads\/2025\/04\/14mm-A-loader-tire-chains.png","type":"image\/png"}],"twitter_card":"summary_large_image","twitter_misc":{"Tahmini okuma s\u00fcresi":"1 dakika"},"schema":{"@context":"https:\/\/schema.org","@graph":[{"@type":"WebPage","@id":"https:\/\/twchains.com\/product\/x14mm-universal-type-23-5-25-loader-tire-chains-330kg\/","url":"https:\/\/twchains.com\/product\/x14mm-universal-type-23-5-25-loader-tire-chains-330kg\/","name":"\u00d714mm Universal Type 23.5-25 Loader Tire Chains 330kg - twchains","isPartOf":{"@id":"https:\/\/twchains.com\/#website"},"primaryImageOfPage":{"@id":"https:\/\/twchains.com\/product\/x14mm-universal-type-23-5-25-loader-tire-chains-330kg\/#primaryimage"},"image":{"@id":"https:\/\/twchains.com\/product\/x14mm-universal-type-23-5-25-loader-tire-chains-330kg\/#primaryimage"},"thumbnailUrl":"https:\/\/twchains.com\/wp-content\/uploads\/2025\/04\/14mm-A-loader-tire-chains.png","datePublished":"2025-04-22T04:20:13+00:00","dateModified":"2025-04-22T08:20:06+00:00","breadcrumb":{"@id":"https:\/\/twchains.com\/product\/x14mm-universal-type-23-5-25-loader-tire-chains-330kg\/#breadcrumb"},"inLanguage":"tr","potentialAction":[{"@type":"ReadAction","target":["https:\/\/twchains.com\/product\/x14mm-universal-type-23-5-25-loader-tire-chains-330kg\/"]}]},{"@type":"ImageObject","inLanguage":"tr","@id":"https:\/\/twchains.com\/product\/x14mm-universal-type-23-5-25-loader-tire-chains-330kg\/#primaryimage","url":"https:\/\/twchains.com\/wp-content\/uploads\/2025\/04\/14mm-A-loader-tire-chains.png","contentUrl":"https:\/\/twchains.com\/wp-content\/uploads\/2025\/04\/14mm-A-loader-tire-chains.png","width":750,"height":1000},{"@type":"BreadcrumbList","@id":"https:\/\/twchains.com\/product\/x14mm-universal-type-23-5-25-loader-tire-chains-330kg\/#breadcrumb","itemListElement":[{"@type":"ListItem","position":1,"name":"Home","item":"https:\/\/twchains.com\/"},{"@type":"ListItem","position":2,"name":"Products","item":"https:\/\/twchains.com\/products\/"},{"@type":"ListItem","position":3,"name":"\u00d714mm Universal Type 23.5-25 Loader Tire Chains 330kg"}]},{"@type":"WebSite","@id":"https:\/\/twchains.com\/#website","url":"https:\/\/twchains.com\/","name":"twchains","description":"","publisher":{"@id":"https:\/\/twchains.com\/#organization"},"potentialAction":[{"@type":"SearchAction","target":{"@type":"EntryPoint","urlTemplate":"https:\/\/twchains.com\/?s={search_term_string}"},"query-input":{"@type":"PropertyValueSpecification","valueRequired":true,"valueName":"search_term_string"}}],"inLanguage":"tr"},{"@type":"Organization","@id":"https:\/\/twchains.com\/#organization","name":"twchains","url":"https:\/\/twchains.com\/","logo":{"@type":"ImageObject","inLanguage":"tr","@id":"https:\/\/twchains.com\/#\/schema\/logo\/image\/","url":"https:\/\/twchains.com\/wp-content\/uploads\/2025\/04\/tongwei-logo-100.svg","contentUrl":"https:\/\/twchains.com\/wp-content\/uploads\/2025\/04\/tongwei-logo-100.svg","width":128,"height":100,"caption":"twchains"},"image":{"@id":"https:\/\/twchains.com\/#\/schema\/logo\/image\/"}}]}},"_links":{"self":[{"href":"https:\/\/twchains.com\/tr\/wp-json\/wp\/v2\/product\/567","targetHints":{"allow":["GET"]}}],"collection":[{"href":"https:\/\/twchains.com\/tr\/wp-json\/wp\/v2\/product"}],"about":[{"href":"https:\/\/twchains.com\/tr\/wp-json\/wp\/v2\/types\/product"}],"wp:featuredmedia":[{"embeddable":true,"href":"https:\/\/twchains.com\/tr\/wp-json\/wp\/v2\/media\/529"}],"wp:attachment":[{"href":"https:\/\/twchains.com\/tr\/wp-json\/wp\/v2\/media?parent=567"}],"wp:term":[{"taxonomy":"product_brand","embeddable":true,"href":"https:\/\/twchains.com\/tr\/wp-json\/wp\/v2\/product_brand?post=567"},{"taxonomy":"product_cat","embeddable":true,"href":"https:\/\/twchains.com\/tr\/wp-json\/wp\/v2\/product_cat?post=567"},{"taxonomy":"product_tag","embeddable":true,"href":"https:\/\/twchains.com\/tr\/wp-json\/wp\/v2\/product_tag?post=567"}],"curies":[{"name":"wp","href":"https:\/\/api.w.org\/{rel}","templated":true}]}}