{"id":570,"date":"2025-04-22T04:41:48","date_gmt":"2025-04-22T04:41:48","guid":{"rendered":"https:\/\/twchains.com\/?post_type=product&#038;p=570"},"modified":"2025-04-22T04:41:48","modified_gmt":"2025-04-22T04:41:48","slug":"x14mm-reinforced-type-26-5-25-protection-chain-490kg-520kg","status":"publish","type":"product","link":"https:\/\/twchains.com\/tr\/urun\/x14mm-reinforced-type-26-5-25-protection-chain-490kg-520kg\/","title":{"rendered":"\u00d714mm G\u00fc\u00e7lendirilmi\u015f Tip 26,5-25 Koruma Zinciri 490kg-520kg"},"content":{"rendered":"<p>14mm univerial tipin avantajlar\u0131na ba\u011fl\u0131 olarak, \u00d714mm g\u00fc\u00e7lendirilmi\u015f tip, m\u00fc\u015fterilerin farkl\u0131 b\u00fct\u00e7e ihtiya\u00e7lar\u0131n\u0131 kar\u015f\u0131layan daha kal\u0131n a\u015f\u0131nmaya dayan\u0131kl\u0131 bir y\u00fczeye ve daha fazla a\u015f\u0131nmaya dayan\u0131kl\u0131 \u00f6zelliklere sahiptir. Ayn\u0131 zamanda, m\u00fc\u015fterilere daha fazla lastik koruma zinciri se\u00e7ene\u011fi sunar.<\/p>\n<p>#tongweichains#twchains#mining#openpitmine#protectionchain#miningchains<\/p>","protected":false},"excerpt":{"rendered":"<ul>\n<li>Ana Bile\u015fen Boyutlar\u0131 (G x Y x L): 37x49x77mm.<\/li>\n<li>Kaliteli Lastik Koruma Zincirleri \u0130malat\u0131<\/li>\n<\/ul>","protected":false},"featured_media":527,"template":"","meta":{"inline_featured_image":false,"_kad_post_transparent":"default","_kad_post_title":"","_kad_post_layout":"default","_kad_post_sidebar_id":"","_kad_post_content_style":"default","_kad_post_vertical_padding":"default","_kad_post_feature":"","_kad_post_feature_position":"","_kad_post_header":false,"_kad_post_footer":false},"product_brand":[],"product_cat":[15,26],"product_tag":[],"class_list":{"0":"post-570","1":"product","2":"type-product","3":"status-publish","4":"has-post-thumbnail","6":"product_cat-tyre-protection-chain","7":"product_cat-reinforced","9":"first","10":"instock","11":"shipping-taxable","12":"product-type-simple","13":"entry","14":"content-bg","15":"loop-entry"},"yoast_head":"<!-- This site is optimized with the Yoast SEO plugin v25.4 - https:\/\/yoast.com\/wordpress\/plugins\/seo\/ -->\n<title>\u00d714mm Reinforced Type 26.5-25 Protection Chain 490kg-520kg - twchains<\/title>\n<meta name=\"robots\" content=\"index, follow, max-snippet:-1, max-image-preview:large, max-video-preview:-1\" \/>\n<link rel=\"canonical\" href=\"https:\/\/twchains.com\/tr\/urun\/x14mm-reinforced-type-26-5-25-protection-chain-490kg-520kg\/\" \/>\n<meta property=\"og:locale\" content=\"tr_TR\" \/>\n<meta property=\"og:type\" content=\"article\" \/>\n<meta property=\"og:title\" content=\"\u00d714mm Reinforced Type 26.5-25 Protection Chain 490kg-520kg - twchains\" \/>\n<meta property=\"og:description\" content=\"Main Component Dimension(W x H x L): 37x49x77mm.  Quality Tire Protection Chains Manufacturing\" \/>\n<meta property=\"og:url\" content=\"https:\/\/twchains.com\/tr\/urun\/x14mm-reinforced-type-26-5-25-protection-chain-490kg-520kg\/\" \/>\n<meta property=\"og:site_name\" content=\"twchains\" \/>\n<meta property=\"og:image\" content=\"https:\/\/twchains.com\/wp-content\/uploads\/2025\/04\/14mm-loader-tire-chains.png\" \/>\n\t<meta property=\"og:image:width\" content=\"1080\" \/>\n\t<meta property=\"og:image:height\" content=\"1080\" \/>\n\t<meta property=\"og:image:type\" content=\"image\/png\" \/>\n<meta name=\"twitter:card\" content=\"summary_large_image\" \/>\n<meta name=\"twitter:label1\" content=\"Tahmini okuma s\u00fcresi\" \/>\n\t<meta name=\"twitter:data1\" content=\"1 dakika\" \/>\n<script type=\"application\/ld+json\" class=\"yoast-schema-graph\">{\"@context\":\"https:\/\/schema.org\",\"@graph\":[{\"@type\":\"WebPage\",\"@id\":\"https:\/\/twchains.com\/product\/x14mm-reinforced-type-26-5-25-protection-chain-490kg-520kg\/\",\"url\":\"https:\/\/twchains.com\/product\/x14mm-reinforced-type-26-5-25-protection-chain-490kg-520kg\/\",\"name\":\"\u00d714mm Reinforced Type 26.5-25 Protection Chain 490kg-520kg - twchains\",\"isPartOf\":{\"@id\":\"https:\/\/twchains.com\/#website\"},\"primaryImageOfPage\":{\"@id\":\"https:\/\/twchains.com\/product\/x14mm-reinforced-type-26-5-25-protection-chain-490kg-520kg\/#primaryimage\"},\"image\":{\"@id\":\"https:\/\/twchains.com\/product\/x14mm-reinforced-type-26-5-25-protection-chain-490kg-520kg\/#primaryimage\"},\"thumbnailUrl\":\"https:\/\/twchains.com\/wp-content\/uploads\/2025\/04\/14mm-loader-tire-chains.png\",\"datePublished\":\"2025-04-22T04:41:48+00:00\",\"breadcrumb\":{\"@id\":\"https:\/\/twchains.com\/product\/x14mm-reinforced-type-26-5-25-protection-chain-490kg-520kg\/#breadcrumb\"},\"inLanguage\":\"tr\",\"potentialAction\":[{\"@type\":\"ReadAction\",\"target\":[\"https:\/\/twchains.com\/product\/x14mm-reinforced-type-26-5-25-protection-chain-490kg-520kg\/\"]}]},{\"@type\":\"ImageObject\",\"inLanguage\":\"tr\",\"@id\":\"https:\/\/twchains.com\/product\/x14mm-reinforced-type-26-5-25-protection-chain-490kg-520kg\/#primaryimage\",\"url\":\"https:\/\/twchains.com\/wp-content\/uploads\/2025\/04\/14mm-loader-tire-chains.png\",\"contentUrl\":\"https:\/\/twchains.com\/wp-content\/uploads\/2025\/04\/14mm-loader-tire-chains.png\",\"width\":1080,\"height\":1080},{\"@type\":\"BreadcrumbList\",\"@id\":\"https:\/\/twchains.com\/product\/x14mm-reinforced-type-26-5-25-protection-chain-490kg-520kg\/#breadcrumb\",\"itemListElement\":[{\"@type\":\"ListItem\",\"position\":1,\"name\":\"Home\",\"item\":\"https:\/\/twchains.com\/\"},{\"@type\":\"ListItem\",\"position\":2,\"name\":\"Products\",\"item\":\"https:\/\/twchains.com\/products\/\"},{\"@type\":\"ListItem\",\"position\":3,\"name\":\"\u00d714mm Reinforced Type 26.5-25 Protection Chain 490kg-520kg\"}]},{\"@type\":\"WebSite\",\"@id\":\"https:\/\/twchains.com\/#website\",\"url\":\"https:\/\/twchains.com\/\",\"name\":\"twchains\",\"description\":\"\",\"publisher\":{\"@id\":\"https:\/\/twchains.com\/#organization\"},\"potentialAction\":[{\"@type\":\"SearchAction\",\"target\":{\"@type\":\"EntryPoint\",\"urlTemplate\":\"https:\/\/twchains.com\/?s={search_term_string}\"},\"query-input\":{\"@type\":\"PropertyValueSpecification\",\"valueRequired\":true,\"valueName\":\"search_term_string\"}}],\"inLanguage\":\"tr\"},{\"@type\":\"Organization\",\"@id\":\"https:\/\/twchains.com\/#organization\",\"name\":\"twchains\",\"url\":\"https:\/\/twchains.com\/\",\"logo\":{\"@type\":\"ImageObject\",\"inLanguage\":\"tr\",\"@id\":\"https:\/\/twchains.com\/#\/schema\/logo\/image\/\",\"url\":\"https:\/\/twchains.com\/wp-content\/uploads\/2025\/04\/tongwei-logo-100.svg\",\"contentUrl\":\"https:\/\/twchains.com\/wp-content\/uploads\/2025\/04\/tongwei-logo-100.svg\",\"width\":128,\"height\":100,\"caption\":\"twchains\"},\"image\":{\"@id\":\"https:\/\/twchains.com\/#\/schema\/logo\/image\/\"}}]}<\/script>\n<!-- \/ Yoast SEO plugin. -->","yoast_head_json":{"title":"\u00d714mm Reinforced Type 26.5-25 Protection Chain 490kg-520kg - twchains","robots":{"index":"index","follow":"follow","max-snippet":"max-snippet:-1","max-image-preview":"max-image-preview:large","max-video-preview":"max-video-preview:-1"},"canonical":"https:\/\/twchains.com\/tr\/urun\/x14mm-reinforced-type-26-5-25-protection-chain-490kg-520kg\/","og_locale":"tr_TR","og_type":"article","og_title":"\u00d714mm Reinforced Type 26.5-25 Protection Chain 490kg-520kg - twchains","og_description":"Main Component Dimension(W x H x L): 37x49x77mm.  Quality Tire Protection Chains Manufacturing","og_url":"https:\/\/twchains.com\/tr\/urun\/x14mm-reinforced-type-26-5-25-protection-chain-490kg-520kg\/","og_site_name":"twchains","og_image":[{"width":1080,"height":1080,"url":"https:\/\/twchains.com\/wp-content\/uploads\/2025\/04\/14mm-loader-tire-chains.png","type":"image\/png"}],"twitter_card":"summary_large_image","twitter_misc":{"Tahmini okuma s\u00fcresi":"1 dakika"},"schema":{"@context":"https:\/\/schema.org","@graph":[{"@type":"WebPage","@id":"https:\/\/twchains.com\/product\/x14mm-reinforced-type-26-5-25-protection-chain-490kg-520kg\/","url":"https:\/\/twchains.com\/product\/x14mm-reinforced-type-26-5-25-protection-chain-490kg-520kg\/","name":"\u00d714mm Reinforced Type 26.5-25 Protection Chain 490kg-520kg - twchains","isPartOf":{"@id":"https:\/\/twchains.com\/#website"},"primaryImageOfPage":{"@id":"https:\/\/twchains.com\/product\/x14mm-reinforced-type-26-5-25-protection-chain-490kg-520kg\/#primaryimage"},"image":{"@id":"https:\/\/twchains.com\/product\/x14mm-reinforced-type-26-5-25-protection-chain-490kg-520kg\/#primaryimage"},"thumbnailUrl":"https:\/\/twchains.com\/wp-content\/uploads\/2025\/04\/14mm-loader-tire-chains.png","datePublished":"2025-04-22T04:41:48+00:00","breadcrumb":{"@id":"https:\/\/twchains.com\/product\/x14mm-reinforced-type-26-5-25-protection-chain-490kg-520kg\/#breadcrumb"},"inLanguage":"tr","potentialAction":[{"@type":"ReadAction","target":["https:\/\/twchains.com\/product\/x14mm-reinforced-type-26-5-25-protection-chain-490kg-520kg\/"]}]},{"@type":"ImageObject","inLanguage":"tr","@id":"https:\/\/twchains.com\/product\/x14mm-reinforced-type-26-5-25-protection-chain-490kg-520kg\/#primaryimage","url":"https:\/\/twchains.com\/wp-content\/uploads\/2025\/04\/14mm-loader-tire-chains.png","contentUrl":"https:\/\/twchains.com\/wp-content\/uploads\/2025\/04\/14mm-loader-tire-chains.png","width":1080,"height":1080},{"@type":"BreadcrumbList","@id":"https:\/\/twchains.com\/product\/x14mm-reinforced-type-26-5-25-protection-chain-490kg-520kg\/#breadcrumb","itemListElement":[{"@type":"ListItem","position":1,"name":"Home","item":"https:\/\/twchains.com\/"},{"@type":"ListItem","position":2,"name":"Products","item":"https:\/\/twchains.com\/products\/"},{"@type":"ListItem","position":3,"name":"\u00d714mm Reinforced Type 26.5-25 Protection Chain 490kg-520kg"}]},{"@type":"WebSite","@id":"https:\/\/twchains.com\/#website","url":"https:\/\/twchains.com\/","name":"twchains","description":"","publisher":{"@id":"https:\/\/twchains.com\/#organization"},"potentialAction":[{"@type":"SearchAction","target":{"@type":"EntryPoint","urlTemplate":"https:\/\/twchains.com\/?s={search_term_string}"},"query-input":{"@type":"PropertyValueSpecification","valueRequired":true,"valueName":"search_term_string"}}],"inLanguage":"tr"},{"@type":"Organization","@id":"https:\/\/twchains.com\/#organization","name":"twchains","url":"https:\/\/twchains.com\/","logo":{"@type":"ImageObject","inLanguage":"tr","@id":"https:\/\/twchains.com\/#\/schema\/logo\/image\/","url":"https:\/\/twchains.com\/wp-content\/uploads\/2025\/04\/tongwei-logo-100.svg","contentUrl":"https:\/\/twchains.com\/wp-content\/uploads\/2025\/04\/tongwei-logo-100.svg","width":128,"height":100,"caption":"twchains"},"image":{"@id":"https:\/\/twchains.com\/#\/schema\/logo\/image\/"}}]}},"_links":{"self":[{"href":"https:\/\/twchains.com\/tr\/wp-json\/wp\/v2\/product\/570","targetHints":{"allow":["GET"]}}],"collection":[{"href":"https:\/\/twchains.com\/tr\/wp-json\/wp\/v2\/product"}],"about":[{"href":"https:\/\/twchains.com\/tr\/wp-json\/wp\/v2\/types\/product"}],"wp:featuredmedia":[{"embeddable":true,"href":"https:\/\/twchains.com\/tr\/wp-json\/wp\/v2\/media\/527"}],"wp:attachment":[{"href":"https:\/\/twchains.com\/tr\/wp-json\/wp\/v2\/media?parent=570"}],"wp:term":[{"taxonomy":"product_brand","embeddable":true,"href":"https:\/\/twchains.com\/tr\/wp-json\/wp\/v2\/product_brand?post=570"},{"taxonomy":"product_cat","embeddable":true,"href":"https:\/\/twchains.com\/tr\/wp-json\/wp\/v2\/product_cat?post=570"},{"taxonomy":"product_tag","embeddable":true,"href":"https:\/\/twchains.com\/tr\/wp-json\/wp\/v2\/product_tag?post=570"}],"curies":[{"name":"wp","href":"https:\/\/api.w.org\/{rel}","templated":true}]}}