{"id":573,"date":"2025-04-22T05:07:27","date_gmt":"2025-04-22T05:07:27","guid":{"rendered":"https:\/\/twchains.com\/?post_type=product&#038;p=573"},"modified":"2025-04-22T08:18:39","modified_gmt":"2025-04-22T08:18:39","slug":"x13mm-encryption-type-1200-24-mining-chains-230kg","status":"publish","type":"product","link":"https:\/\/twchains.com\/tr\/urun\/x13mm-encryption-type-1200-24-mining-chains-230kg\/","title":{"rendered":"\u00d713mm \u015eifreleme Tipi 1200-24 Madencilik Zincirleri 230kg"},"content":{"rendered":"<p>\u00d713mm \u015fifreleme tipi lastik koruma zinciri, daha geni\u015f a\u015f\u0131nmaya dayan\u0131kl\u0131 y\u00fczey ve a\u015f\u0131nmaya dayan\u0131kl\u0131 par\u00e7alar\u0131n kal\u0131nl\u0131\u011f\u0131n\u0131n artmas\u0131 ile lastik korumas\u0131n\u0131n yo\u011funlu\u011funu art\u0131r\u0131r. \u00d6zellikle \u00e7\u00f6p geri d\u00f6n\u00fc\u015f\u00fcm istasyonlar\u0131, t\u00fcneller, s\u0131cak \u00e7elik c\u00fcrufu ve keskin kayalar gibi zorlu \u00e7al\u0131\u015fma ortamlar\u0131nda kullan\u0131l\u0131r ve k\u00fc\u00e7\u00fck lastikler i\u00e7in daha yo\u011fun koruma sa\u011flar.<\/p>\n<p>&nbsp;<\/p>\n<p>#madencilik zincirleri#y\u00fckleyici koruma zinciri#y\u00fckleyicitek zincirler<\/p>","protected":false},"excerpt":{"rendered":"<ul>\n<li>Ana Bile\u015fen Boyutlar\u0131 (G x Y x L): 55x45x75mm.<\/li>\n<li>1 Ana Bile\u015fenin A\u011f\u0131rl\u0131\u011f\u0131: 0,48 kg<\/li>\n<\/ul>","protected":false},"featured_media":582,"template":"","meta":{"inline_featured_image":false,"_kad_post_transparent":"default","_kad_post_title":"","_kad_post_layout":"default","_kad_post_sidebar_id":"","_kad_post_content_style":"default","_kad_post_vertical_padding":"default","_kad_post_feature":"","_kad_post_feature_position":"","_kad_post_header":false,"_kad_post_footer":false},"product_brand":[],"product_cat":[15,27],"product_tag":[],"class_list":{"0":"post-573","1":"product","2":"type-product","3":"status-publish","4":"has-post-thumbnail","6":"product_cat-tyre-protection-chain","7":"product_cat-encryption","9":"first","10":"instock","11":"shipping-taxable","12":"product-type-simple","13":"entry","14":"content-bg","15":"loop-entry"},"yoast_head":"<!-- This site is optimized with the Yoast SEO plugin v25.4 - https:\/\/yoast.com\/wordpress\/plugins\/seo\/ -->\n<title>\u00d713mm Encryption Type 1200-24 Mining Chains 230kg - twchains<\/title>\n<meta name=\"robots\" content=\"index, follow, max-snippet:-1, max-image-preview:large, max-video-preview:-1\" \/>\n<link rel=\"canonical\" href=\"https:\/\/twchains.com\/tr\/urun\/x13mm-encryption-type-1200-24-mining-chains-230kg\/\" \/>\n<meta property=\"og:locale\" content=\"tr_TR\" \/>\n<meta property=\"og:type\" content=\"article\" \/>\n<meta property=\"og:title\" content=\"\u00d713mm Encryption Type 1200-24 Mining Chains 230kg - twchains\" \/>\n<meta property=\"og:description\" content=\"Main Component Dimension(W x H x L): 55x45x75mm.  Weight of 1 Main Component:0.48kg\" \/>\n<meta property=\"og:url\" content=\"https:\/\/twchains.com\/tr\/urun\/x13mm-encryption-type-1200-24-mining-chains-230kg\/\" \/>\n<meta property=\"og:site_name\" content=\"twchains\" \/>\n<meta property=\"article:modified_time\" content=\"2025-04-22T08:18:39+00:00\" \/>\n<meta property=\"og:image\" content=\"https:\/\/twchains.com\/wp-content\/uploads\/2025\/04\/3.jpg\" \/>\n\t<meta property=\"og:image:width\" content=\"649\" \/>\n\t<meta property=\"og:image:height\" content=\"624\" \/>\n\t<meta property=\"og:image:type\" content=\"image\/jpeg\" \/>\n<meta name=\"twitter:card\" content=\"summary_large_image\" \/>\n<meta name=\"twitter:label1\" content=\"Tahmini okuma s\u00fcresi\" \/>\n\t<meta name=\"twitter:data1\" content=\"1 dakika\" \/>\n<script type=\"application\/ld+json\" class=\"yoast-schema-graph\">{\"@context\":\"https:\/\/schema.org\",\"@graph\":[{\"@type\":\"WebPage\",\"@id\":\"https:\/\/twchains.com\/product\/x13mm-encryption-type-1200-24-mining-chains-230kg\/\",\"url\":\"https:\/\/twchains.com\/product\/x13mm-encryption-type-1200-24-mining-chains-230kg\/\",\"name\":\"\u00d713mm Encryption Type 1200-24 Mining Chains 230kg - twchains\",\"isPartOf\":{\"@id\":\"https:\/\/twchains.com\/#website\"},\"primaryImageOfPage\":{\"@id\":\"https:\/\/twchains.com\/product\/x13mm-encryption-type-1200-24-mining-chains-230kg\/#primaryimage\"},\"image\":{\"@id\":\"https:\/\/twchains.com\/product\/x13mm-encryption-type-1200-24-mining-chains-230kg\/#primaryimage\"},\"thumbnailUrl\":\"https:\/\/twchains.com\/wp-content\/uploads\/2025\/04\/3.jpg\",\"datePublished\":\"2025-04-22T05:07:27+00:00\",\"dateModified\":\"2025-04-22T08:18:39+00:00\",\"breadcrumb\":{\"@id\":\"https:\/\/twchains.com\/product\/x13mm-encryption-type-1200-24-mining-chains-230kg\/#breadcrumb\"},\"inLanguage\":\"tr\",\"potentialAction\":[{\"@type\":\"ReadAction\",\"target\":[\"https:\/\/twchains.com\/product\/x13mm-encryption-type-1200-24-mining-chains-230kg\/\"]}]},{\"@type\":\"ImageObject\",\"inLanguage\":\"tr\",\"@id\":\"https:\/\/twchains.com\/product\/x13mm-encryption-type-1200-24-mining-chains-230kg\/#primaryimage\",\"url\":\"https:\/\/twchains.com\/wp-content\/uploads\/2025\/04\/3.jpg\",\"contentUrl\":\"https:\/\/twchains.com\/wp-content\/uploads\/2025\/04\/3.jpg\",\"width\":649,\"height\":624},{\"@type\":\"BreadcrumbList\",\"@id\":\"https:\/\/twchains.com\/product\/x13mm-encryption-type-1200-24-mining-chains-230kg\/#breadcrumb\",\"itemListElement\":[{\"@type\":\"ListItem\",\"position\":1,\"name\":\"Home\",\"item\":\"https:\/\/twchains.com\/\"},{\"@type\":\"ListItem\",\"position\":2,\"name\":\"Products\",\"item\":\"https:\/\/twchains.com\/products\/\"},{\"@type\":\"ListItem\",\"position\":3,\"name\":\"\u00d713mm Encryption Type 1200-24 Mining Chains 230kg\"}]},{\"@type\":\"WebSite\",\"@id\":\"https:\/\/twchains.com\/#website\",\"url\":\"https:\/\/twchains.com\/\",\"name\":\"twchains\",\"description\":\"\",\"publisher\":{\"@id\":\"https:\/\/twchains.com\/#organization\"},\"potentialAction\":[{\"@type\":\"SearchAction\",\"target\":{\"@type\":\"EntryPoint\",\"urlTemplate\":\"https:\/\/twchains.com\/?s={search_term_string}\"},\"query-input\":{\"@type\":\"PropertyValueSpecification\",\"valueRequired\":true,\"valueName\":\"search_term_string\"}}],\"inLanguage\":\"tr\"},{\"@type\":\"Organization\",\"@id\":\"https:\/\/twchains.com\/#organization\",\"name\":\"twchains\",\"url\":\"https:\/\/twchains.com\/\",\"logo\":{\"@type\":\"ImageObject\",\"inLanguage\":\"tr\",\"@id\":\"https:\/\/twchains.com\/#\/schema\/logo\/image\/\",\"url\":\"https:\/\/twchains.com\/wp-content\/uploads\/2025\/04\/tongwei-logo-100.svg\",\"contentUrl\":\"https:\/\/twchains.com\/wp-content\/uploads\/2025\/04\/tongwei-logo-100.svg\",\"width\":128,\"height\":100,\"caption\":\"twchains\"},\"image\":{\"@id\":\"https:\/\/twchains.com\/#\/schema\/logo\/image\/\"}}]}<\/script>\n<!-- \/ Yoast SEO plugin. -->","yoast_head_json":{"title":"\u00d713mm Encryption Type 1200-24 Mining Chains 230kg - twchains","robots":{"index":"index","follow":"follow","max-snippet":"max-snippet:-1","max-image-preview":"max-image-preview:large","max-video-preview":"max-video-preview:-1"},"canonical":"https:\/\/twchains.com\/tr\/urun\/x13mm-encryption-type-1200-24-mining-chains-230kg\/","og_locale":"tr_TR","og_type":"article","og_title":"\u00d713mm Encryption Type 1200-24 Mining Chains 230kg - twchains","og_description":"Main Component Dimension(W x H x L): 55x45x75mm.  Weight of 1 Main Component:0.48kg","og_url":"https:\/\/twchains.com\/tr\/urun\/x13mm-encryption-type-1200-24-mining-chains-230kg\/","og_site_name":"twchains","article_modified_time":"2025-04-22T08:18:39+00:00","og_image":[{"width":649,"height":624,"url":"https:\/\/twchains.com\/wp-content\/uploads\/2025\/04\/3.jpg","type":"image\/jpeg"}],"twitter_card":"summary_large_image","twitter_misc":{"Tahmini okuma s\u00fcresi":"1 dakika"},"schema":{"@context":"https:\/\/schema.org","@graph":[{"@type":"WebPage","@id":"https:\/\/twchains.com\/product\/x13mm-encryption-type-1200-24-mining-chains-230kg\/","url":"https:\/\/twchains.com\/product\/x13mm-encryption-type-1200-24-mining-chains-230kg\/","name":"\u00d713mm Encryption Type 1200-24 Mining Chains 230kg - twchains","isPartOf":{"@id":"https:\/\/twchains.com\/#website"},"primaryImageOfPage":{"@id":"https:\/\/twchains.com\/product\/x13mm-encryption-type-1200-24-mining-chains-230kg\/#primaryimage"},"image":{"@id":"https:\/\/twchains.com\/product\/x13mm-encryption-type-1200-24-mining-chains-230kg\/#primaryimage"},"thumbnailUrl":"https:\/\/twchains.com\/wp-content\/uploads\/2025\/04\/3.jpg","datePublished":"2025-04-22T05:07:27+00:00","dateModified":"2025-04-22T08:18:39+00:00","breadcrumb":{"@id":"https:\/\/twchains.com\/product\/x13mm-encryption-type-1200-24-mining-chains-230kg\/#breadcrumb"},"inLanguage":"tr","potentialAction":[{"@type":"ReadAction","target":["https:\/\/twchains.com\/product\/x13mm-encryption-type-1200-24-mining-chains-230kg\/"]}]},{"@type":"ImageObject","inLanguage":"tr","@id":"https:\/\/twchains.com\/product\/x13mm-encryption-type-1200-24-mining-chains-230kg\/#primaryimage","url":"https:\/\/twchains.com\/wp-content\/uploads\/2025\/04\/3.jpg","contentUrl":"https:\/\/twchains.com\/wp-content\/uploads\/2025\/04\/3.jpg","width":649,"height":624},{"@type":"BreadcrumbList","@id":"https:\/\/twchains.com\/product\/x13mm-encryption-type-1200-24-mining-chains-230kg\/#breadcrumb","itemListElement":[{"@type":"ListItem","position":1,"name":"Home","item":"https:\/\/twchains.com\/"},{"@type":"ListItem","position":2,"name":"Products","item":"https:\/\/twchains.com\/products\/"},{"@type":"ListItem","position":3,"name":"\u00d713mm Encryption Type 1200-24 Mining Chains 230kg"}]},{"@type":"WebSite","@id":"https:\/\/twchains.com\/#website","url":"https:\/\/twchains.com\/","name":"twchains","description":"","publisher":{"@id":"https:\/\/twchains.com\/#organization"},"potentialAction":[{"@type":"SearchAction","target":{"@type":"EntryPoint","urlTemplate":"https:\/\/twchains.com\/?s={search_term_string}"},"query-input":{"@type":"PropertyValueSpecification","valueRequired":true,"valueName":"search_term_string"}}],"inLanguage":"tr"},{"@type":"Organization","@id":"https:\/\/twchains.com\/#organization","name":"twchains","url":"https:\/\/twchains.com\/","logo":{"@type":"ImageObject","inLanguage":"tr","@id":"https:\/\/twchains.com\/#\/schema\/logo\/image\/","url":"https:\/\/twchains.com\/wp-content\/uploads\/2025\/04\/tongwei-logo-100.svg","contentUrl":"https:\/\/twchains.com\/wp-content\/uploads\/2025\/04\/tongwei-logo-100.svg","width":128,"height":100,"caption":"twchains"},"image":{"@id":"https:\/\/twchains.com\/#\/schema\/logo\/image\/"}}]}},"_links":{"self":[{"href":"https:\/\/twchains.com\/tr\/wp-json\/wp\/v2\/product\/573","targetHints":{"allow":["GET"]}}],"collection":[{"href":"https:\/\/twchains.com\/tr\/wp-json\/wp\/v2\/product"}],"about":[{"href":"https:\/\/twchains.com\/tr\/wp-json\/wp\/v2\/types\/product"}],"wp:featuredmedia":[{"embeddable":true,"href":"https:\/\/twchains.com\/tr\/wp-json\/wp\/v2\/media\/582"}],"wp:attachment":[{"href":"https:\/\/twchains.com\/tr\/wp-json\/wp\/v2\/media?parent=573"}],"wp:term":[{"taxonomy":"product_brand","embeddable":true,"href":"https:\/\/twchains.com\/tr\/wp-json\/wp\/v2\/product_brand?post=573"},{"taxonomy":"product_cat","embeddable":true,"href":"https:\/\/twchains.com\/tr\/wp-json\/wp\/v2\/product_cat?post=573"},{"taxonomy":"product_tag","embeddable":true,"href":"https:\/\/twchains.com\/tr\/wp-json\/wp\/v2\/product_tag?post=573"}],"curies":[{"name":"wp","href":"https:\/\/api.w.org\/{rel}","templated":true}]}}