{"id":579,"date":"2025-04-22T06:23:52","date_gmt":"2025-04-22T06:23:52","guid":{"rendered":"https:\/\/twchains.com\/?post_type=product&#038;p=579"},"modified":"2025-04-22T08:13:33","modified_gmt":"2025-04-22T08:13:33","slug":"x22mm-reinforced-type-45-65r39-marble-quarry-tyre-chains-2900kg","status":"publish","type":"product","link":"https:\/\/twchains.com\/tr\/urun\/x22mm-reinforced-type-45-65r39-marble-quarry-tyre-chains-2900kg\/","title":{"rendered":"\u00d7 22mm G\u00fc\u00e7lendirilmi\u015f Tip 45\/65r39 Mermer Oca\u011f\u0131 Lastik Zincirleri 2900kg"},"content":{"rendered":"<p>Y\u00fcksek hassasiyetli i\u015fleme teknolojisi kullanan \u00d722mm g\u00fc\u00e7lendirilmi\u015f tip ba\u011flant\u0131 tertibat\u0131, a\u00e7\u0131k ocak madencili\u011fi ko\u015fullar\u0131nda CAT 797F ve Komatsu 980E gibi ultra b\u00fcy\u00fck maden kamyonlar\u0131n\u0131n dinamik y\u00fck gereksinimlerini tam olarak kar\u015f\u0131lar. Sertle\u015ftirme i\u015flemi ve optimize edilmi\u015f kontur geometrisi tasar\u0131m\u0131 sayesinde a\u015f\u0131nma oran\u0131 40% azalt\u0131l\u0131r, MTBF 2500 saate \u00e7\u0131kar\u0131l\u0131r ve TC \u00f6nemli \u00f6l\u00e7\u00fcde optimize edilir<\/p>\n<p>&nbsp;<\/p>\n<p>#gianttyre#avydutytruck#avydutychains#twchains<\/p>","protected":false},"excerpt":{"rendered":"<ul>\n<li>Ana Bile\u015fen Boyutlar\u0131 (G x Y x L): 52x82x115mm.<\/li>\n<li>1 ana bile\u015fenin a\u011f\u0131rl\u0131\u011f\u0131: 1,6 kg (A\u015f\u0131nmaya Dayan\u0131kl\u0131 Y\u00fczey 36 mm)<\/li>\n<li>Kaliteli Lastik Koruma Zincirleri \u0130malat\u0131<\/li>\n<\/ul>","protected":false},"featured_media":580,"template":"","meta":{"inline_featured_image":false,"_kad_post_transparent":"default","_kad_post_title":"","_kad_post_layout":"default","_kad_post_sidebar_id":"","_kad_post_content_style":"default","_kad_post_vertical_padding":"default","_kad_post_feature":"","_kad_post_feature_position":"","_kad_post_header":false,"_kad_post_footer":false},"product_brand":[],"product_cat":[15,28,26],"product_tag":[],"class_list":{"0":"post-579","1":"product","2":"type-product","3":"status-publish","4":"has-post-thumbnail","6":"product_cat-tyre-protection-chain","7":"product_cat-heavy-duty","8":"product_cat-reinforced","10":"first","11":"instock","12":"shipping-taxable","13":"product-type-simple","14":"entry","15":"content-bg","16":"loop-entry"},"yoast_head":"<!-- This site is optimized with the Yoast SEO plugin v25.4 - https:\/\/yoast.com\/wordpress\/plugins\/seo\/ -->\n<title>\u00d722mm Reinforced Type 45\/65r39 Marble Quarry Tyre Chains 2900kg - twchains<\/title>\n<meta name=\"robots\" content=\"index, follow, max-snippet:-1, max-image-preview:large, max-video-preview:-1\" \/>\n<link rel=\"canonical\" href=\"https:\/\/twchains.com\/tr\/urun\/x22mm-reinforced-type-45-65r39-marble-quarry-tyre-chains-2900kg\/\" \/>\n<meta property=\"og:locale\" content=\"tr_TR\" \/>\n<meta property=\"og:type\" content=\"article\" \/>\n<meta property=\"og:title\" content=\"\u00d722mm Reinforced Type 45\/65r39 Marble Quarry Tyre Chains 2900kg - twchains\" \/>\n<meta property=\"og:description\" content=\"Main Component Dimension(W x H x L): 52x82x115mm.  Weight of 1 main component:1.6kg (wear-Resistant Surface 36mm)  Quality Tire Protection Chains Manufacturing\" \/>\n<meta property=\"og:url\" content=\"https:\/\/twchains.com\/tr\/urun\/x22mm-reinforced-type-45-65r39-marble-quarry-tyre-chains-2900kg\/\" \/>\n<meta property=\"og:site_name\" content=\"twchains\" \/>\n<meta property=\"article:modified_time\" content=\"2025-04-22T08:13:33+00:00\" \/>\n<meta property=\"og:image\" content=\"https:\/\/twchains.com\/wp-content\/uploads\/2025\/04\/c7d40b3cab44e8aa1eab48bd77d6a40.jpg\" \/>\n\t<meta property=\"og:image:width\" content=\"960\" \/>\n\t<meta property=\"og:image:height\" content=\"1280\" \/>\n\t<meta property=\"og:image:type\" content=\"image\/jpeg\" \/>\n<meta name=\"twitter:card\" content=\"summary_large_image\" \/>\n<meta name=\"twitter:label1\" content=\"Tahmini okuma s\u00fcresi\" \/>\n\t<meta name=\"twitter:data1\" content=\"1 dakika\" \/>\n<script type=\"application\/ld+json\" class=\"yoast-schema-graph\">{\"@context\":\"https:\/\/schema.org\",\"@graph\":[{\"@type\":\"WebPage\",\"@id\":\"https:\/\/twchains.com\/product\/x22mm-reinforced-type-45-65r39-marble-quarry-tyre-chains-2900kg\/\",\"url\":\"https:\/\/twchains.com\/product\/x22mm-reinforced-type-45-65r39-marble-quarry-tyre-chains-2900kg\/\",\"name\":\"\u00d722mm Reinforced Type 45\/65r39 Marble Quarry Tyre Chains 2900kg - twchains\",\"isPartOf\":{\"@id\":\"https:\/\/twchains.com\/#website\"},\"primaryImageOfPage\":{\"@id\":\"https:\/\/twchains.com\/product\/x22mm-reinforced-type-45-65r39-marble-quarry-tyre-chains-2900kg\/#primaryimage\"},\"image\":{\"@id\":\"https:\/\/twchains.com\/product\/x22mm-reinforced-type-45-65r39-marble-quarry-tyre-chains-2900kg\/#primaryimage\"},\"thumbnailUrl\":\"https:\/\/twchains.com\/wp-content\/uploads\/2025\/04\/c7d40b3cab44e8aa1eab48bd77d6a40.jpg\",\"datePublished\":\"2025-04-22T06:23:52+00:00\",\"dateModified\":\"2025-04-22T08:13:33+00:00\",\"breadcrumb\":{\"@id\":\"https:\/\/twchains.com\/product\/x22mm-reinforced-type-45-65r39-marble-quarry-tyre-chains-2900kg\/#breadcrumb\"},\"inLanguage\":\"tr\",\"potentialAction\":[{\"@type\":\"ReadAction\",\"target\":[\"https:\/\/twchains.com\/product\/x22mm-reinforced-type-45-65r39-marble-quarry-tyre-chains-2900kg\/\"]}]},{\"@type\":\"ImageObject\",\"inLanguage\":\"tr\",\"@id\":\"https:\/\/twchains.com\/product\/x22mm-reinforced-type-45-65r39-marble-quarry-tyre-chains-2900kg\/#primaryimage\",\"url\":\"https:\/\/twchains.com\/wp-content\/uploads\/2025\/04\/c7d40b3cab44e8aa1eab48bd77d6a40.jpg\",\"contentUrl\":\"https:\/\/twchains.com\/wp-content\/uploads\/2025\/04\/c7d40b3cab44e8aa1eab48bd77d6a40.jpg\",\"width\":960,\"height\":1280},{\"@type\":\"BreadcrumbList\",\"@id\":\"https:\/\/twchains.com\/product\/x22mm-reinforced-type-45-65r39-marble-quarry-tyre-chains-2900kg\/#breadcrumb\",\"itemListElement\":[{\"@type\":\"ListItem\",\"position\":1,\"name\":\"Home\",\"item\":\"https:\/\/twchains.com\/\"},{\"@type\":\"ListItem\",\"position\":2,\"name\":\"Products\",\"item\":\"https:\/\/twchains.com\/products\/\"},{\"@type\":\"ListItem\",\"position\":3,\"name\":\"\u00d722mm Reinforced Type 45\/65r39 Marble Quarry Tyre Chains 2900kg\"}]},{\"@type\":\"WebSite\",\"@id\":\"https:\/\/twchains.com\/#website\",\"url\":\"https:\/\/twchains.com\/\",\"name\":\"twchains\",\"description\":\"\",\"publisher\":{\"@id\":\"https:\/\/twchains.com\/#organization\"},\"potentialAction\":[{\"@type\":\"SearchAction\",\"target\":{\"@type\":\"EntryPoint\",\"urlTemplate\":\"https:\/\/twchains.com\/?s={search_term_string}\"},\"query-input\":{\"@type\":\"PropertyValueSpecification\",\"valueRequired\":true,\"valueName\":\"search_term_string\"}}],\"inLanguage\":\"tr\"},{\"@type\":\"Organization\",\"@id\":\"https:\/\/twchains.com\/#organization\",\"name\":\"twchains\",\"url\":\"https:\/\/twchains.com\/\",\"logo\":{\"@type\":\"ImageObject\",\"inLanguage\":\"tr\",\"@id\":\"https:\/\/twchains.com\/#\/schema\/logo\/image\/\",\"url\":\"https:\/\/twchains.com\/wp-content\/uploads\/2025\/04\/tongwei-logo-100.svg\",\"contentUrl\":\"https:\/\/twchains.com\/wp-content\/uploads\/2025\/04\/tongwei-logo-100.svg\",\"width\":128,\"height\":100,\"caption\":\"twchains\"},\"image\":{\"@id\":\"https:\/\/twchains.com\/#\/schema\/logo\/image\/\"}}]}<\/script>\n<!-- \/ Yoast SEO plugin. -->","yoast_head_json":{"title":"\u00d722mm Reinforced Type 45\/65r39 Marble Quarry Tyre Chains 2900kg - twchains","robots":{"index":"index","follow":"follow","max-snippet":"max-snippet:-1","max-image-preview":"max-image-preview:large","max-video-preview":"max-video-preview:-1"},"canonical":"https:\/\/twchains.com\/tr\/urun\/x22mm-reinforced-type-45-65r39-marble-quarry-tyre-chains-2900kg\/","og_locale":"tr_TR","og_type":"article","og_title":"\u00d722mm Reinforced Type 45\/65r39 Marble Quarry Tyre Chains 2900kg - twchains","og_description":"Main Component Dimension(W x H x L): 52x82x115mm.  Weight of 1 main component:1.6kg (wear-Resistant Surface 36mm)  Quality Tire Protection Chains Manufacturing","og_url":"https:\/\/twchains.com\/tr\/urun\/x22mm-reinforced-type-45-65r39-marble-quarry-tyre-chains-2900kg\/","og_site_name":"twchains","article_modified_time":"2025-04-22T08:13:33+00:00","og_image":[{"width":960,"height":1280,"url":"https:\/\/twchains.com\/wp-content\/uploads\/2025\/04\/c7d40b3cab44e8aa1eab48bd77d6a40.jpg","type":"image\/jpeg"}],"twitter_card":"summary_large_image","twitter_misc":{"Tahmini okuma s\u00fcresi":"1 dakika"},"schema":{"@context":"https:\/\/schema.org","@graph":[{"@type":"WebPage","@id":"https:\/\/twchains.com\/product\/x22mm-reinforced-type-45-65r39-marble-quarry-tyre-chains-2900kg\/","url":"https:\/\/twchains.com\/product\/x22mm-reinforced-type-45-65r39-marble-quarry-tyre-chains-2900kg\/","name":"\u00d722mm Reinforced Type 45\/65r39 Marble Quarry Tyre Chains 2900kg - twchains","isPartOf":{"@id":"https:\/\/twchains.com\/#website"},"primaryImageOfPage":{"@id":"https:\/\/twchains.com\/product\/x22mm-reinforced-type-45-65r39-marble-quarry-tyre-chains-2900kg\/#primaryimage"},"image":{"@id":"https:\/\/twchains.com\/product\/x22mm-reinforced-type-45-65r39-marble-quarry-tyre-chains-2900kg\/#primaryimage"},"thumbnailUrl":"https:\/\/twchains.com\/wp-content\/uploads\/2025\/04\/c7d40b3cab44e8aa1eab48bd77d6a40.jpg","datePublished":"2025-04-22T06:23:52+00:00","dateModified":"2025-04-22T08:13:33+00:00","breadcrumb":{"@id":"https:\/\/twchains.com\/product\/x22mm-reinforced-type-45-65r39-marble-quarry-tyre-chains-2900kg\/#breadcrumb"},"inLanguage":"tr","potentialAction":[{"@type":"ReadAction","target":["https:\/\/twchains.com\/product\/x22mm-reinforced-type-45-65r39-marble-quarry-tyre-chains-2900kg\/"]}]},{"@type":"ImageObject","inLanguage":"tr","@id":"https:\/\/twchains.com\/product\/x22mm-reinforced-type-45-65r39-marble-quarry-tyre-chains-2900kg\/#primaryimage","url":"https:\/\/twchains.com\/wp-content\/uploads\/2025\/04\/c7d40b3cab44e8aa1eab48bd77d6a40.jpg","contentUrl":"https:\/\/twchains.com\/wp-content\/uploads\/2025\/04\/c7d40b3cab44e8aa1eab48bd77d6a40.jpg","width":960,"height":1280},{"@type":"BreadcrumbList","@id":"https:\/\/twchains.com\/product\/x22mm-reinforced-type-45-65r39-marble-quarry-tyre-chains-2900kg\/#breadcrumb","itemListElement":[{"@type":"ListItem","position":1,"name":"Home","item":"https:\/\/twchains.com\/"},{"@type":"ListItem","position":2,"name":"Products","item":"https:\/\/twchains.com\/products\/"},{"@type":"ListItem","position":3,"name":"\u00d722mm Reinforced Type 45\/65r39 Marble Quarry Tyre Chains 2900kg"}]},{"@type":"WebSite","@id":"https:\/\/twchains.com\/#website","url":"https:\/\/twchains.com\/","name":"twchains","description":"","publisher":{"@id":"https:\/\/twchains.com\/#organization"},"potentialAction":[{"@type":"SearchAction","target":{"@type":"EntryPoint","urlTemplate":"https:\/\/twchains.com\/?s={search_term_string}"},"query-input":{"@type":"PropertyValueSpecification","valueRequired":true,"valueName":"search_term_string"}}],"inLanguage":"tr"},{"@type":"Organization","@id":"https:\/\/twchains.com\/#organization","name":"twchains","url":"https:\/\/twchains.com\/","logo":{"@type":"ImageObject","inLanguage":"tr","@id":"https:\/\/twchains.com\/#\/schema\/logo\/image\/","url":"https:\/\/twchains.com\/wp-content\/uploads\/2025\/04\/tongwei-logo-100.svg","contentUrl":"https:\/\/twchains.com\/wp-content\/uploads\/2025\/04\/tongwei-logo-100.svg","width":128,"height":100,"caption":"twchains"},"image":{"@id":"https:\/\/twchains.com\/#\/schema\/logo\/image\/"}}]}},"_links":{"self":[{"href":"https:\/\/twchains.com\/tr\/wp-json\/wp\/v2\/product\/579","targetHints":{"allow":["GET"]}}],"collection":[{"href":"https:\/\/twchains.com\/tr\/wp-json\/wp\/v2\/product"}],"about":[{"href":"https:\/\/twchains.com\/tr\/wp-json\/wp\/v2\/types\/product"}],"wp:featuredmedia":[{"embeddable":true,"href":"https:\/\/twchains.com\/tr\/wp-json\/wp\/v2\/media\/580"}],"wp:attachment":[{"href":"https:\/\/twchains.com\/tr\/wp-json\/wp\/v2\/media?parent=579"}],"wp:term":[{"taxonomy":"product_brand","embeddable":true,"href":"https:\/\/twchains.com\/tr\/wp-json\/wp\/v2\/product_brand?post=579"},{"taxonomy":"product_cat","embeddable":true,"href":"https:\/\/twchains.com\/tr\/wp-json\/wp\/v2\/product_cat?post=579"},{"taxonomy":"product_tag","embeddable":true,"href":"https:\/\/twchains.com\/tr\/wp-json\/wp\/v2\/product_tag?post=579"}],"curies":[{"name":"wp","href":"https:\/\/api.w.org\/{rel}","templated":true}]}}