{"id":581,"date":"2025-04-22T07:10:47","date_gmt":"2025-04-22T07:10:47","guid":{"rendered":"https:\/\/twchains.com\/?post_type=product&#038;p=581"},"modified":"2025-04-22T08:12:18","modified_gmt":"2025-04-22T08:12:18","slug":"x18mm-reinforced-875-65r29-quarry-chain-for-wheel-loader-xcmg9108-ev","status":"publish","type":"product","link":"https:\/\/twchains.com\/tr\/urun\/x18mm-reinforced-875-65r29-quarry-chain-for-wheel-loader-xcmg9108-ev\/","title":{"rendered":"XCMG9108-EV Lastikli Y\u00fckleyici i\u00e7in \u00d7 18mm G\u00fc\u00e7lendirilmi\u015f 875\/65r29 Ta\u015f Oca\u011f\u0131 Zinciri"},"content":{"rendered":"<p>18 halka \u00e7apl\u0131 g\u00fc\u00e7lendirilmi\u015f tip bile\u015fen, normal 18 halkadan 66% daha a\u011f\u0131rd\u0131r, a\u015f\u0131r\u0131 a\u011f\u0131r ko\u015fullar\u0131n zorlu testine dayanabilir. \u00d6zel \u0131s\u0131l i\u015flem ve so\u011futma takviye teknolojisinden sonra, yan taraf e\u015fde\u011fer g\u00fc\u00e7lendirilmi\u015f ba\u011flant\u0131 halkalar\u0131 ve di\u011fer aksesuarlar\u0131 kullan\u0131r, Bu zincirler, \u00f6zellikle yeralt\u0131 madencili\u011fi ve a\u00e7\u0131k ocak madencili\u011fi gibi zorlu alanlarda \u00f6ne \u00e7\u0131kar. 90%'ye kadar m\u00fc\u015fteri geri sat\u0131n alma oran\u0131.<\/p>\n<p>#skidderchain#tractionchain#mining#quarry#loaderchains#loadertirechains<\/p>","protected":false},"excerpt":{"rendered":"<ul>\n<li>Ana Bile\u015fen Boyutlar\u0131 (G x Y x L): 52x68x109mm.<\/li>\n<li>1 Ana Bile\u015fenin A\u011f\u0131rl\u0131\u011f\u0131: 1,25 kg (A\u015f\u0131nmaya Dayan\u0131kl\u0131 Y\u00fczey 31 mm)<\/li>\n<li>OEM\/ODM sa\u011flay\u0131n<\/li>\n<\/ul>","protected":false},"featured_media":545,"template":"","meta":{"inline_featured_image":false,"_kad_post_transparent":"default","_kad_post_title":"","_kad_post_layout":"default","_kad_post_sidebar_id":"","_kad_post_content_style":"default","_kad_post_vertical_padding":"default","_kad_post_feature":"","_kad_post_feature_position":"","_kad_post_header":false,"_kad_post_footer":false},"product_brand":[],"product_cat":[15,26],"product_tag":[],"class_list":{"0":"post-581","1":"product","2":"type-product","3":"status-publish","4":"has-post-thumbnail","6":"product_cat-tyre-protection-chain","7":"product_cat-reinforced","9":"first","10":"instock","11":"shipping-taxable","12":"product-type-simple","13":"entry","14":"content-bg","15":"loop-entry"},"yoast_head":"<!-- This site is optimized with the Yoast SEO plugin v25.4 - https:\/\/yoast.com\/wordpress\/plugins\/seo\/ -->\n<title>\u00d718mm Reinforced 875\/65r29 Quarry Chain For Wheel Loader XCMG9108-EV - twchains<\/title>\n<meta name=\"robots\" content=\"index, follow, max-snippet:-1, max-image-preview:large, max-video-preview:-1\" \/>\n<link rel=\"canonical\" href=\"https:\/\/twchains.com\/tr\/urun\/x18mm-reinforced-875-65r29-quarry-chain-for-wheel-loader-xcmg9108-ev\/\" \/>\n<meta property=\"og:locale\" content=\"tr_TR\" \/>\n<meta property=\"og:type\" content=\"article\" \/>\n<meta property=\"og:title\" content=\"\u00d718mm Reinforced 875\/65r29 Quarry Chain For Wheel Loader XCMG9108-EV - twchains\" \/>\n<meta property=\"og:description\" content=\"Main Component Dimension(W x H x L): 52x68x109mm.  Weight of 1 Main Component:1.25kg (Wear-Resistant Surface 31mm)  Provide OEM\/ODM\" \/>\n<meta property=\"og:url\" content=\"https:\/\/twchains.com\/tr\/urun\/x18mm-reinforced-875-65r29-quarry-chain-for-wheel-loader-xcmg9108-ev\/\" \/>\n<meta property=\"og:site_name\" content=\"twchains\" \/>\n<meta property=\"article:modified_time\" content=\"2025-04-22T08:12:18+00:00\" \/>\n<meta property=\"og:image\" content=\"https:\/\/twchains.com\/wp-content\/uploads\/2025\/04\/18mmU.png\" \/>\n\t<meta property=\"og:image:width\" content=\"864\" \/>\n\t<meta property=\"og:image:height\" content=\"648\" \/>\n\t<meta property=\"og:image:type\" content=\"image\/png\" \/>\n<meta name=\"twitter:card\" content=\"summary_large_image\" \/>\n<meta name=\"twitter:label1\" content=\"Tahmini okuma s\u00fcresi\" \/>\n\t<meta name=\"twitter:data1\" content=\"1 dakika\" \/>\n<script type=\"application\/ld+json\" class=\"yoast-schema-graph\">{\"@context\":\"https:\/\/schema.org\",\"@graph\":[{\"@type\":\"WebPage\",\"@id\":\"https:\/\/twchains.com\/product\/x18mm-reinforced-875-65r29-quarry-chain-for-wheel-loader-xcmg9108-ev\/\",\"url\":\"https:\/\/twchains.com\/product\/x18mm-reinforced-875-65r29-quarry-chain-for-wheel-loader-xcmg9108-ev\/\",\"name\":\"\u00d718mm Reinforced 875\/65r29 Quarry Chain For Wheel Loader XCMG9108-EV - twchains\",\"isPartOf\":{\"@id\":\"https:\/\/twchains.com\/#website\"},\"primaryImageOfPage\":{\"@id\":\"https:\/\/twchains.com\/product\/x18mm-reinforced-875-65r29-quarry-chain-for-wheel-loader-xcmg9108-ev\/#primaryimage\"},\"image\":{\"@id\":\"https:\/\/twchains.com\/product\/x18mm-reinforced-875-65r29-quarry-chain-for-wheel-loader-xcmg9108-ev\/#primaryimage\"},\"thumbnailUrl\":\"https:\/\/twchains.com\/wp-content\/uploads\/2025\/04\/18mmU.png\",\"datePublished\":\"2025-04-22T07:10:47+00:00\",\"dateModified\":\"2025-04-22T08:12:18+00:00\",\"breadcrumb\":{\"@id\":\"https:\/\/twchains.com\/product\/x18mm-reinforced-875-65r29-quarry-chain-for-wheel-loader-xcmg9108-ev\/#breadcrumb\"},\"inLanguage\":\"tr\",\"potentialAction\":[{\"@type\":\"ReadAction\",\"target\":[\"https:\/\/twchains.com\/product\/x18mm-reinforced-875-65r29-quarry-chain-for-wheel-loader-xcmg9108-ev\/\"]}]},{\"@type\":\"ImageObject\",\"inLanguage\":\"tr\",\"@id\":\"https:\/\/twchains.com\/product\/x18mm-reinforced-875-65r29-quarry-chain-for-wheel-loader-xcmg9108-ev\/#primaryimage\",\"url\":\"https:\/\/twchains.com\/wp-content\/uploads\/2025\/04\/18mmU.png\",\"contentUrl\":\"https:\/\/twchains.com\/wp-content\/uploads\/2025\/04\/18mmU.png\",\"width\":864,\"height\":648},{\"@type\":\"BreadcrumbList\",\"@id\":\"https:\/\/twchains.com\/product\/x18mm-reinforced-875-65r29-quarry-chain-for-wheel-loader-xcmg9108-ev\/#breadcrumb\",\"itemListElement\":[{\"@type\":\"ListItem\",\"position\":1,\"name\":\"Home\",\"item\":\"https:\/\/twchains.com\/\"},{\"@type\":\"ListItem\",\"position\":2,\"name\":\"Products\",\"item\":\"https:\/\/twchains.com\/products\/\"},{\"@type\":\"ListItem\",\"position\":3,\"name\":\"\u00d718mm Reinforced 875\/65r29 Quarry Chain For Wheel Loader XCMG9108-EV\"}]},{\"@type\":\"WebSite\",\"@id\":\"https:\/\/twchains.com\/#website\",\"url\":\"https:\/\/twchains.com\/\",\"name\":\"twchains\",\"description\":\"\",\"publisher\":{\"@id\":\"https:\/\/twchains.com\/#organization\"},\"potentialAction\":[{\"@type\":\"SearchAction\",\"target\":{\"@type\":\"EntryPoint\",\"urlTemplate\":\"https:\/\/twchains.com\/?s={search_term_string}\"},\"query-input\":{\"@type\":\"PropertyValueSpecification\",\"valueRequired\":true,\"valueName\":\"search_term_string\"}}],\"inLanguage\":\"tr\"},{\"@type\":\"Organization\",\"@id\":\"https:\/\/twchains.com\/#organization\",\"name\":\"twchains\",\"url\":\"https:\/\/twchains.com\/\",\"logo\":{\"@type\":\"ImageObject\",\"inLanguage\":\"tr\",\"@id\":\"https:\/\/twchains.com\/#\/schema\/logo\/image\/\",\"url\":\"https:\/\/twchains.com\/wp-content\/uploads\/2025\/04\/tongwei-logo-100.svg\",\"contentUrl\":\"https:\/\/twchains.com\/wp-content\/uploads\/2025\/04\/tongwei-logo-100.svg\",\"width\":128,\"height\":100,\"caption\":\"twchains\"},\"image\":{\"@id\":\"https:\/\/twchains.com\/#\/schema\/logo\/image\/\"}}]}<\/script>\n<!-- \/ Yoast SEO plugin. -->","yoast_head_json":{"title":"\u00d718mm Reinforced 875\/65r29 Quarry Chain For Wheel Loader XCMG9108-EV - twchains","robots":{"index":"index","follow":"follow","max-snippet":"max-snippet:-1","max-image-preview":"max-image-preview:large","max-video-preview":"max-video-preview:-1"},"canonical":"https:\/\/twchains.com\/tr\/urun\/x18mm-reinforced-875-65r29-quarry-chain-for-wheel-loader-xcmg9108-ev\/","og_locale":"tr_TR","og_type":"article","og_title":"\u00d718mm Reinforced 875\/65r29 Quarry Chain For Wheel Loader XCMG9108-EV - twchains","og_description":"Main Component Dimension(W x H x L): 52x68x109mm.  Weight of 1 Main Component:1.25kg (Wear-Resistant Surface 31mm)  Provide OEM\/ODM","og_url":"https:\/\/twchains.com\/tr\/urun\/x18mm-reinforced-875-65r29-quarry-chain-for-wheel-loader-xcmg9108-ev\/","og_site_name":"twchains","article_modified_time":"2025-04-22T08:12:18+00:00","og_image":[{"width":864,"height":648,"url":"https:\/\/twchains.com\/wp-content\/uploads\/2025\/04\/18mmU.png","type":"image\/png"}],"twitter_card":"summary_large_image","twitter_misc":{"Tahmini okuma s\u00fcresi":"1 dakika"},"schema":{"@context":"https:\/\/schema.org","@graph":[{"@type":"WebPage","@id":"https:\/\/twchains.com\/product\/x18mm-reinforced-875-65r29-quarry-chain-for-wheel-loader-xcmg9108-ev\/","url":"https:\/\/twchains.com\/product\/x18mm-reinforced-875-65r29-quarry-chain-for-wheel-loader-xcmg9108-ev\/","name":"\u00d718mm Reinforced 875\/65r29 Quarry Chain For Wheel Loader XCMG9108-EV - twchains","isPartOf":{"@id":"https:\/\/twchains.com\/#website"},"primaryImageOfPage":{"@id":"https:\/\/twchains.com\/product\/x18mm-reinforced-875-65r29-quarry-chain-for-wheel-loader-xcmg9108-ev\/#primaryimage"},"image":{"@id":"https:\/\/twchains.com\/product\/x18mm-reinforced-875-65r29-quarry-chain-for-wheel-loader-xcmg9108-ev\/#primaryimage"},"thumbnailUrl":"https:\/\/twchains.com\/wp-content\/uploads\/2025\/04\/18mmU.png","datePublished":"2025-04-22T07:10:47+00:00","dateModified":"2025-04-22T08:12:18+00:00","breadcrumb":{"@id":"https:\/\/twchains.com\/product\/x18mm-reinforced-875-65r29-quarry-chain-for-wheel-loader-xcmg9108-ev\/#breadcrumb"},"inLanguage":"tr","potentialAction":[{"@type":"ReadAction","target":["https:\/\/twchains.com\/product\/x18mm-reinforced-875-65r29-quarry-chain-for-wheel-loader-xcmg9108-ev\/"]}]},{"@type":"ImageObject","inLanguage":"tr","@id":"https:\/\/twchains.com\/product\/x18mm-reinforced-875-65r29-quarry-chain-for-wheel-loader-xcmg9108-ev\/#primaryimage","url":"https:\/\/twchains.com\/wp-content\/uploads\/2025\/04\/18mmU.png","contentUrl":"https:\/\/twchains.com\/wp-content\/uploads\/2025\/04\/18mmU.png","width":864,"height":648},{"@type":"BreadcrumbList","@id":"https:\/\/twchains.com\/product\/x18mm-reinforced-875-65r29-quarry-chain-for-wheel-loader-xcmg9108-ev\/#breadcrumb","itemListElement":[{"@type":"ListItem","position":1,"name":"Home","item":"https:\/\/twchains.com\/"},{"@type":"ListItem","position":2,"name":"Products","item":"https:\/\/twchains.com\/products\/"},{"@type":"ListItem","position":3,"name":"\u00d718mm Reinforced 875\/65r29 Quarry Chain For Wheel Loader XCMG9108-EV"}]},{"@type":"WebSite","@id":"https:\/\/twchains.com\/#website","url":"https:\/\/twchains.com\/","name":"twchains","description":"","publisher":{"@id":"https:\/\/twchains.com\/#organization"},"potentialAction":[{"@type":"SearchAction","target":{"@type":"EntryPoint","urlTemplate":"https:\/\/twchains.com\/?s={search_term_string}"},"query-input":{"@type":"PropertyValueSpecification","valueRequired":true,"valueName":"search_term_string"}}],"inLanguage":"tr"},{"@type":"Organization","@id":"https:\/\/twchains.com\/#organization","name":"twchains","url":"https:\/\/twchains.com\/","logo":{"@type":"ImageObject","inLanguage":"tr","@id":"https:\/\/twchains.com\/#\/schema\/logo\/image\/","url":"https:\/\/twchains.com\/wp-content\/uploads\/2025\/04\/tongwei-logo-100.svg","contentUrl":"https:\/\/twchains.com\/wp-content\/uploads\/2025\/04\/tongwei-logo-100.svg","width":128,"height":100,"caption":"twchains"},"image":{"@id":"https:\/\/twchains.com\/#\/schema\/logo\/image\/"}}]}},"_links":{"self":[{"href":"https:\/\/twchains.com\/tr\/wp-json\/wp\/v2\/product\/581","targetHints":{"allow":["GET"]}}],"collection":[{"href":"https:\/\/twchains.com\/tr\/wp-json\/wp\/v2\/product"}],"about":[{"href":"https:\/\/twchains.com\/tr\/wp-json\/wp\/v2\/types\/product"}],"wp:featuredmedia":[{"embeddable":true,"href":"https:\/\/twchains.com\/tr\/wp-json\/wp\/v2\/media\/545"}],"wp:attachment":[{"href":"https:\/\/twchains.com\/tr\/wp-json\/wp\/v2\/media?parent=581"}],"wp:term":[{"taxonomy":"product_brand","embeddable":true,"href":"https:\/\/twchains.com\/tr\/wp-json\/wp\/v2\/product_brand?post=581"},{"taxonomy":"product_cat","embeddable":true,"href":"https:\/\/twchains.com\/tr\/wp-json\/wp\/v2\/product_cat?post=581"},{"taxonomy":"product_tag","embeddable":true,"href":"https:\/\/twchains.com\/tr\/wp-json\/wp\/v2\/product_tag?post=581"}],"curies":[{"name":"wp","href":"https:\/\/api.w.org\/{rel}","templated":true}]}}