{"id":584,"date":"2025-04-22T07:49:16","date_gmt":"2025-04-22T07:49:16","guid":{"rendered":"https:\/\/twchains.com\/?post_type=product&#038;p=584"},"modified":"2025-04-22T07:49:16","modified_gmt":"2025-04-22T07:49:16","slug":"x16mm-6x6-hexagon-traction-snow-chain-23-5-25","status":"publish","type":"product","link":"https:\/\/twchains.com\/tr\/urun\/x16mm-6x6-hexagon-traction-snow-chain-23-5-25\/","title":{"rendered":"\u00d716mm 6\u00d76 HEXAGON \u00c7eki\u015fli Kar Zinciri 23,5-25"},"content":{"rendered":"<p>6\u00d76 alt\u0131gen tip \u00e7eki\u015fli kar zincirleri, 16 halka takviyeli zincir baklas\u0131yla birlikte 6\u00d76 alt\u0131 y\u00f6nl\u00fc kuvvet yap\u0131s\u0131n\u0131 benimser ve 3D \u00fc\u00e7 boyutlu kaymay\u0131 \u00f6nleyici bir a\u011f olu\u015fturur. Geleneksel 4\u00d74 yap\u0131 ile kar\u015f\u0131la\u015ft\u0131r\u0131ld\u0131\u011f\u0131nda, kavrama 45% artar ve kar, ormanc\u0131l\u0131k, \u00e7amur, \u00e7ak\u0131l vb. gibi karma\u015f\u0131k arazilere m\u00fckemmel uyum sa\u011flar.<\/p>\n<p>#tractionchain#snowchains#skidderchain@antiskidchain<\/p>","protected":false},"excerpt":{"rendered":"<ul>\n<li>Ana Bile\u015fen Boyutlar\u0131 (G x Y x L): 25x58x75mm.<\/li>\n<li>A\u015f\u0131nmaya Dayan\u0131kl\u0131 Y\u00fczey 29mm<\/li>\n<li>A\u015f\u0131nmaya Dayan\u0131kl\u0131<\/li>\n<\/ul>","protected":false},"featured_media":562,"template":"","meta":{"inline_featured_image":false,"_kad_post_transparent":"default","_kad_post_title":"","_kad_post_layout":"default","_kad_post_sidebar_id":"","_kad_post_content_style":"default","_kad_post_vertical_padding":"default","_kad_post_feature":"","_kad_post_feature_position":"","_kad_post_header":false,"_kad_post_footer":false},"product_brand":[],"product_cat":[24],"product_tag":[],"class_list":{"0":"post-584","1":"product","2":"type-product","3":"status-publish","4":"has-post-thumbnail","6":"product_cat-anti-skid-tire-chains","8":"first","9":"instock","10":"shipping-taxable","11":"product-type-simple","12":"entry","13":"content-bg","14":"loop-entry"},"yoast_head":"<!-- This site is optimized with the Yoast SEO plugin v25.4 - https:\/\/yoast.com\/wordpress\/plugins\/seo\/ -->\n<title>\u00d716mm 6x6 HEXAGON Traction Snow Chain 23.5-25 - twchains<\/title>\n<meta name=\"robots\" content=\"index, follow, max-snippet:-1, max-image-preview:large, max-video-preview:-1\" \/>\n<link rel=\"canonical\" href=\"https:\/\/twchains.com\/tr\/urun\/x16mm-6x6-hexagon-traction-snow-chain-23-5-25\/\" \/>\n<meta property=\"og:locale\" content=\"tr_TR\" \/>\n<meta property=\"og:type\" content=\"article\" \/>\n<meta property=\"og:title\" content=\"\u00d716mm 6x6 HEXAGON Traction Snow Chain 23.5-25 - twchains\" \/>\n<meta property=\"og:description\" content=\"Main Component Dimension(W x H x L): 25x58x75mm.  Wear-Resistant Surface 29mm  Wear Resistant\" \/>\n<meta property=\"og:url\" content=\"https:\/\/twchains.com\/tr\/urun\/x16mm-6x6-hexagon-traction-snow-chain-23-5-25\/\" \/>\n<meta property=\"og:site_name\" content=\"twchains\" \/>\n<meta property=\"og:image\" content=\"https:\/\/twchains.com\/wp-content\/uploads\/2025\/04\/1.jpg\" \/>\n\t<meta property=\"og:image:width\" content=\"1280\" \/>\n\t<meta property=\"og:image:height\" content=\"1707\" \/>\n\t<meta property=\"og:image:type\" content=\"image\/jpeg\" \/>\n<meta name=\"twitter:card\" content=\"summary_large_image\" \/>\n<meta name=\"twitter:label1\" content=\"Tahmini okuma s\u00fcresi\" \/>\n\t<meta name=\"twitter:data1\" content=\"1 dakika\" \/>\n<script type=\"application\/ld+json\" class=\"yoast-schema-graph\">{\"@context\":\"https:\/\/schema.org\",\"@graph\":[{\"@type\":\"WebPage\",\"@id\":\"https:\/\/twchains.com\/product\/x16mm-6x6-hexagon-traction-snow-chain-23-5-25\/\",\"url\":\"https:\/\/twchains.com\/product\/x16mm-6x6-hexagon-traction-snow-chain-23-5-25\/\",\"name\":\"\u00d716mm 6x6 HEXAGON Traction Snow Chain 23.5-25 - twchains\",\"isPartOf\":{\"@id\":\"https:\/\/twchains.com\/#website\"},\"primaryImageOfPage\":{\"@id\":\"https:\/\/twchains.com\/product\/x16mm-6x6-hexagon-traction-snow-chain-23-5-25\/#primaryimage\"},\"image\":{\"@id\":\"https:\/\/twchains.com\/product\/x16mm-6x6-hexagon-traction-snow-chain-23-5-25\/#primaryimage\"},\"thumbnailUrl\":\"https:\/\/twchains.com\/wp-content\/uploads\/2025\/04\/1.jpg\",\"datePublished\":\"2025-04-22T07:49:16+00:00\",\"breadcrumb\":{\"@id\":\"https:\/\/twchains.com\/product\/x16mm-6x6-hexagon-traction-snow-chain-23-5-25\/#breadcrumb\"},\"inLanguage\":\"tr\",\"potentialAction\":[{\"@type\":\"ReadAction\",\"target\":[\"https:\/\/twchains.com\/product\/x16mm-6x6-hexagon-traction-snow-chain-23-5-25\/\"]}]},{\"@type\":\"ImageObject\",\"inLanguage\":\"tr\",\"@id\":\"https:\/\/twchains.com\/product\/x16mm-6x6-hexagon-traction-snow-chain-23-5-25\/#primaryimage\",\"url\":\"https:\/\/twchains.com\/wp-content\/uploads\/2025\/04\/1.jpg\",\"contentUrl\":\"https:\/\/twchains.com\/wp-content\/uploads\/2025\/04\/1.jpg\",\"width\":1280,\"height\":1707},{\"@type\":\"BreadcrumbList\",\"@id\":\"https:\/\/twchains.com\/product\/x16mm-6x6-hexagon-traction-snow-chain-23-5-25\/#breadcrumb\",\"itemListElement\":[{\"@type\":\"ListItem\",\"position\":1,\"name\":\"Home\",\"item\":\"https:\/\/twchains.com\/\"},{\"@type\":\"ListItem\",\"position\":2,\"name\":\"Products\",\"item\":\"https:\/\/twchains.com\/products\/\"},{\"@type\":\"ListItem\",\"position\":3,\"name\":\"\u00d716mm 6&#215;6 HEXAGON Traction Snow Chain 23.5-25\"}]},{\"@type\":\"WebSite\",\"@id\":\"https:\/\/twchains.com\/#website\",\"url\":\"https:\/\/twchains.com\/\",\"name\":\"twchains\",\"description\":\"\",\"publisher\":{\"@id\":\"https:\/\/twchains.com\/#organization\"},\"potentialAction\":[{\"@type\":\"SearchAction\",\"target\":{\"@type\":\"EntryPoint\",\"urlTemplate\":\"https:\/\/twchains.com\/?s={search_term_string}\"},\"query-input\":{\"@type\":\"PropertyValueSpecification\",\"valueRequired\":true,\"valueName\":\"search_term_string\"}}],\"inLanguage\":\"tr\"},{\"@type\":\"Organization\",\"@id\":\"https:\/\/twchains.com\/#organization\",\"name\":\"twchains\",\"url\":\"https:\/\/twchains.com\/\",\"logo\":{\"@type\":\"ImageObject\",\"inLanguage\":\"tr\",\"@id\":\"https:\/\/twchains.com\/#\/schema\/logo\/image\/\",\"url\":\"https:\/\/twchains.com\/wp-content\/uploads\/2025\/04\/tongwei-logo-100.svg\",\"contentUrl\":\"https:\/\/twchains.com\/wp-content\/uploads\/2025\/04\/tongwei-logo-100.svg\",\"width\":128,\"height\":100,\"caption\":\"twchains\"},\"image\":{\"@id\":\"https:\/\/twchains.com\/#\/schema\/logo\/image\/\"}}]}<\/script>\n<!-- \/ Yoast SEO plugin. -->","yoast_head_json":{"title":"\u00d716mm 6x6 HEXAGON Traction Snow Chain 23.5-25 - twchains","robots":{"index":"index","follow":"follow","max-snippet":"max-snippet:-1","max-image-preview":"max-image-preview:large","max-video-preview":"max-video-preview:-1"},"canonical":"https:\/\/twchains.com\/tr\/urun\/x16mm-6x6-hexagon-traction-snow-chain-23-5-25\/","og_locale":"tr_TR","og_type":"article","og_title":"\u00d716mm 6x6 HEXAGON Traction Snow Chain 23.5-25 - twchains","og_description":"Main Component Dimension(W x H x L): 25x58x75mm.  Wear-Resistant Surface 29mm  Wear Resistant","og_url":"https:\/\/twchains.com\/tr\/urun\/x16mm-6x6-hexagon-traction-snow-chain-23-5-25\/","og_site_name":"twchains","og_image":[{"width":1280,"height":1707,"url":"https:\/\/twchains.com\/wp-content\/uploads\/2025\/04\/1.jpg","type":"image\/jpeg"}],"twitter_card":"summary_large_image","twitter_misc":{"Tahmini okuma s\u00fcresi":"1 dakika"},"schema":{"@context":"https:\/\/schema.org","@graph":[{"@type":"WebPage","@id":"https:\/\/twchains.com\/product\/x16mm-6x6-hexagon-traction-snow-chain-23-5-25\/","url":"https:\/\/twchains.com\/product\/x16mm-6x6-hexagon-traction-snow-chain-23-5-25\/","name":"\u00d716mm 6x6 HEXAGON Traction Snow Chain 23.5-25 - twchains","isPartOf":{"@id":"https:\/\/twchains.com\/#website"},"primaryImageOfPage":{"@id":"https:\/\/twchains.com\/product\/x16mm-6x6-hexagon-traction-snow-chain-23-5-25\/#primaryimage"},"image":{"@id":"https:\/\/twchains.com\/product\/x16mm-6x6-hexagon-traction-snow-chain-23-5-25\/#primaryimage"},"thumbnailUrl":"https:\/\/twchains.com\/wp-content\/uploads\/2025\/04\/1.jpg","datePublished":"2025-04-22T07:49:16+00:00","breadcrumb":{"@id":"https:\/\/twchains.com\/product\/x16mm-6x6-hexagon-traction-snow-chain-23-5-25\/#breadcrumb"},"inLanguage":"tr","potentialAction":[{"@type":"ReadAction","target":["https:\/\/twchains.com\/product\/x16mm-6x6-hexagon-traction-snow-chain-23-5-25\/"]}]},{"@type":"ImageObject","inLanguage":"tr","@id":"https:\/\/twchains.com\/product\/x16mm-6x6-hexagon-traction-snow-chain-23-5-25\/#primaryimage","url":"https:\/\/twchains.com\/wp-content\/uploads\/2025\/04\/1.jpg","contentUrl":"https:\/\/twchains.com\/wp-content\/uploads\/2025\/04\/1.jpg","width":1280,"height":1707},{"@type":"BreadcrumbList","@id":"https:\/\/twchains.com\/product\/x16mm-6x6-hexagon-traction-snow-chain-23-5-25\/#breadcrumb","itemListElement":[{"@type":"ListItem","position":1,"name":"Home","item":"https:\/\/twchains.com\/"},{"@type":"ListItem","position":2,"name":"Products","item":"https:\/\/twchains.com\/products\/"},{"@type":"ListItem","position":3,"name":"\u00d716mm 6&#215;6 HEXAGON Traction Snow Chain 23.5-25"}]},{"@type":"WebSite","@id":"https:\/\/twchains.com\/#website","url":"https:\/\/twchains.com\/","name":"twchains","description":"","publisher":{"@id":"https:\/\/twchains.com\/#organization"},"potentialAction":[{"@type":"SearchAction","target":{"@type":"EntryPoint","urlTemplate":"https:\/\/twchains.com\/?s={search_term_string}"},"query-input":{"@type":"PropertyValueSpecification","valueRequired":true,"valueName":"search_term_string"}}],"inLanguage":"tr"},{"@type":"Organization","@id":"https:\/\/twchains.com\/#organization","name":"twchains","url":"https:\/\/twchains.com\/","logo":{"@type":"ImageObject","inLanguage":"tr","@id":"https:\/\/twchains.com\/#\/schema\/logo\/image\/","url":"https:\/\/twchains.com\/wp-content\/uploads\/2025\/04\/tongwei-logo-100.svg","contentUrl":"https:\/\/twchains.com\/wp-content\/uploads\/2025\/04\/tongwei-logo-100.svg","width":128,"height":100,"caption":"twchains"},"image":{"@id":"https:\/\/twchains.com\/#\/schema\/logo\/image\/"}}]}},"_links":{"self":[{"href":"https:\/\/twchains.com\/tr\/wp-json\/wp\/v2\/product\/584","targetHints":{"allow":["GET"]}}],"collection":[{"href":"https:\/\/twchains.com\/tr\/wp-json\/wp\/v2\/product"}],"about":[{"href":"https:\/\/twchains.com\/tr\/wp-json\/wp\/v2\/types\/product"}],"wp:featuredmedia":[{"embeddable":true,"href":"https:\/\/twchains.com\/tr\/wp-json\/wp\/v2\/media\/562"}],"wp:attachment":[{"href":"https:\/\/twchains.com\/tr\/wp-json\/wp\/v2\/media?parent=584"}],"wp:term":[{"taxonomy":"product_brand","embeddable":true,"href":"https:\/\/twchains.com\/tr\/wp-json\/wp\/v2\/product_brand?post=584"},{"taxonomy":"product_cat","embeddable":true,"href":"https:\/\/twchains.com\/tr\/wp-json\/wp\/v2\/product_cat?post=584"},{"taxonomy":"product_tag","embeddable":true,"href":"https:\/\/twchains.com\/tr\/wp-json\/wp\/v2\/product_tag?post=584"}],"curies":[{"name":"wp","href":"https:\/\/api.w.org\/{rel}","templated":true}]}}