{"id":594,"date":"2025-04-24T08:18:41","date_gmt":"2025-04-24T08:18:41","guid":{"rendered":"https:\/\/twchains.com\/?post_type=product&#038;p=594"},"modified":"2025-04-24T08:25:35","modified_gmt":"2025-04-24T08:25:35","slug":"x13mm-x14mm-quick-repair-ring-for-mining-protection-chains-17-5-25-16-70-20","status":"publish","type":"product","link":"https:\/\/twchains.com\/tr\/urun\/x13mm-x14mm-quick-repair-ring-for-mining-protection-chains-17-5-25-16-70-20\/","title":{"rendered":"\u00d713mm \u00d714mm Maden Koruma Zincirleri i\u00e7in H\u0131zl\u0131 Onar\u0131m Halkas\u0131 17,5-25 16\/70-20"},"content":{"rendered":"<p>H\u0131zl\u0131 onar\u0131m halkas\u0131, \u00f6zellikle y\u00fckleyici lastik koruma zincirleri \/ \u00e7eki\u015f kar zinciri yerinde h\u0131zl\u0131 bak\u0131m i\u00e7in tasarlanm\u0131\u015f \u00f6zel bir konekt\u00f6rd\u00fcr:<\/p>\n<ul>\n<li>Yenilik\u00e7i tasar\u0131m: yayl\u0131 y\u00fckleme veya di\u015f kilitleme mekanizmas\u0131n\u0131 benimseyen kurulum, alet kullanmadan tamamlanabilir<\/li>\n<li>Zaman verimlili\u011fi: geleneksel bak\u0131m y\u00f6ntemlerine k\u0131yasla 70%'den fazla zaman tasarrufu sa\u011flar, \u00f6zellikle acil onar\u0131mlar i\u00e7in uygundur<\/li>\n<li>Yap\u0131sal \u00f6zellikler: Genellikle merkezi bir kilitleme tertibat\u0131 ile sabitlenmi\u015f di\u015fli bir halka g\u00f6vdesinin iki yar\u0131s\u0131ndan olu\u015fur<\/li>\n<li>\u0130\u015flem s\u00fcreci: Kilitleme cihaz\u0131n\u0131 a\u00e7\u0131n \u2192 Hasarl\u0131 par\u00e7ay\u0131 sar\u0131n \u2192 Kilidi kapat\u0131n \u2192 Sabitlemeyi onaylay\u0131n<\/li>\n<li>Uygulama de\u011feri: Ekipman duru\u015f s\u00fcresini b\u00fcy\u00fck \u00f6l\u00e7\u00fcde azalt\u0131r, uzun s\u00fcre kapat\u0131lamayan madenler ve ta\u015f ocaklar\u0131 gibi senaryolar i\u00e7in uygundur<\/li>\n<\/ul>\n<p>1TP5Aksesuarlar#amirpar\u00e7alar\u0131kiri\u015fzincirleri#23,5-25trey1TP5Madencilik#otrtyre1TP5Mermer1TP5Madencilikzincirleri#a\u015f oca\u011f\u0131<\/p>","protected":false},"excerpt":{"rendered":"<ul>\n<li>H\u0131zl\u0131 Onar\u0131m Halkas\u0131 (H\u0131zl\u0131 Ba\u011flant\u0131 Halkas\u0131)<\/li>\n<li>Yenilik\u00e7i Tasar\u0131m<\/li>\n<li>Zaman kazan\u0131n<\/li>\n<li>Fabrika Fiyat\u0131<\/li>\n<li>Profesyonel Sat\u0131\u015f Sonras\u0131 Hizmet<\/li>\n<li>Halka Kaplin<\/li>\n<li>Uygun Aral\u0131k: 12mm, 13mm, 14mm, 16mm, 18mm, 20mm, 22mm \u00d6zellikler Mermer Y\u00fckleyici Lastik Zincirleri<\/li>\n<\/ul>","protected":false},"featured_media":598,"template":"","meta":{"inline_featured_image":false,"_kad_post_transparent":"default","_kad_post_title":"","_kad_post_layout":"default","_kad_post_sidebar_id":"","_kad_post_content_style":"default","_kad_post_vertical_padding":"default","_kad_post_feature":"","_kad_post_feature_position":"","_kad_post_header":false,"_kad_post_footer":false},"product_brand":[],"product_cat":[23],"product_tag":[],"class_list":{"0":"post-594","1":"product","2":"type-product","3":"status-publish","4":"has-post-thumbnail","6":"product_cat-accessories","8":"first","9":"instock","10":"shipping-taxable","11":"product-type-simple","12":"entry","13":"content-bg","14":"loop-entry"},"yoast_head":"<!-- This site is optimized with the Yoast SEO plugin v25.4 - https:\/\/yoast.com\/wordpress\/plugins\/seo\/ -->\n<title>\u00d713mm \u00d714mm Quick Repair Ring for Mining Protection Chains 17.5-25 16\/70-20 - twchains<\/title>\n<meta name=\"robots\" content=\"index, follow, max-snippet:-1, max-image-preview:large, max-video-preview:-1\" \/>\n<link rel=\"canonical\" href=\"https:\/\/twchains.com\/tr\/urun\/x13mm-x14mm-quick-repair-ring-for-mining-protection-chains-17-5-25-16-70-20\/\" \/>\n<meta property=\"og:locale\" content=\"tr_TR\" \/>\n<meta property=\"og:type\" content=\"article\" \/>\n<meta property=\"og:title\" content=\"\u00d713mm \u00d714mm Quick Repair Ring for Mining Protection Chains 17.5-25 16\/70-20 - twchains\" \/>\n<meta property=\"og:description\" content=\"Quick Repair Ring (Quick Connect Ring)  Innovative Design  Save time  Factory Price  Professional After-Sales Service  Ring Coupling  Suitable Range:12mm, 13mm, 14mm, 16mm, 18mm, 20mm, 22mm Specification Marble Loader Tire Chains\" \/>\n<meta property=\"og:url\" content=\"https:\/\/twchains.com\/tr\/urun\/x13mm-x14mm-quick-repair-ring-for-mining-protection-chains-17-5-25-16-70-20\/\" \/>\n<meta property=\"og:site_name\" content=\"twchains\" \/>\n<meta property=\"article:modified_time\" content=\"2025-04-24T08:25:35+00:00\" \/>\n<meta property=\"og:image\" content=\"https:\/\/twchains.com\/wp-content\/uploads\/2025\/04\/quick-link-ring-.jpg\" \/>\n\t<meta property=\"og:image:width\" content=\"1120\" \/>\n\t<meta property=\"og:image:height\" content=\"1494\" \/>\n\t<meta property=\"og:image:type\" content=\"image\/jpeg\" \/>\n<meta name=\"twitter:card\" content=\"summary_large_image\" \/>\n<meta name=\"twitter:label1\" content=\"Tahmini okuma s\u00fcresi\" \/>\n\t<meta name=\"twitter:data1\" content=\"1 dakika\" \/>\n<script type=\"application\/ld+json\" class=\"yoast-schema-graph\">{\"@context\":\"https:\/\/schema.org\",\"@graph\":[{\"@type\":\"WebPage\",\"@id\":\"https:\/\/twchains.com\/product\/x13mm-x14mm-quick-repair-ring-for-mining-protection-chains-17-5-25-16-70-20\/\",\"url\":\"https:\/\/twchains.com\/product\/x13mm-x14mm-quick-repair-ring-for-mining-protection-chains-17-5-25-16-70-20\/\",\"name\":\"\u00d713mm \u00d714mm Quick Repair Ring for Mining Protection Chains 17.5-25 16\/70-20 - twchains\",\"isPartOf\":{\"@id\":\"https:\/\/twchains.com\/#website\"},\"primaryImageOfPage\":{\"@id\":\"https:\/\/twchains.com\/product\/x13mm-x14mm-quick-repair-ring-for-mining-protection-chains-17-5-25-16-70-20\/#primaryimage\"},\"image\":{\"@id\":\"https:\/\/twchains.com\/product\/x13mm-x14mm-quick-repair-ring-for-mining-protection-chains-17-5-25-16-70-20\/#primaryimage\"},\"thumbnailUrl\":\"https:\/\/twchains.com\/wp-content\/uploads\/2025\/04\/quick-link-ring-.jpg\",\"datePublished\":\"2025-04-24T08:18:41+00:00\",\"dateModified\":\"2025-04-24T08:25:35+00:00\",\"breadcrumb\":{\"@id\":\"https:\/\/twchains.com\/product\/x13mm-x14mm-quick-repair-ring-for-mining-protection-chains-17-5-25-16-70-20\/#breadcrumb\"},\"inLanguage\":\"tr\",\"potentialAction\":[{\"@type\":\"ReadAction\",\"target\":[\"https:\/\/twchains.com\/product\/x13mm-x14mm-quick-repair-ring-for-mining-protection-chains-17-5-25-16-70-20\/\"]}]},{\"@type\":\"ImageObject\",\"inLanguage\":\"tr\",\"@id\":\"https:\/\/twchains.com\/product\/x13mm-x14mm-quick-repair-ring-for-mining-protection-chains-17-5-25-16-70-20\/#primaryimage\",\"url\":\"https:\/\/twchains.com\/wp-content\/uploads\/2025\/04\/quick-link-ring-.jpg\",\"contentUrl\":\"https:\/\/twchains.com\/wp-content\/uploads\/2025\/04\/quick-link-ring-.jpg\",\"width\":1120,\"height\":1494},{\"@type\":\"BreadcrumbList\",\"@id\":\"https:\/\/twchains.com\/product\/x13mm-x14mm-quick-repair-ring-for-mining-protection-chains-17-5-25-16-70-20\/#breadcrumb\",\"itemListElement\":[{\"@type\":\"ListItem\",\"position\":1,\"name\":\"Home\",\"item\":\"https:\/\/twchains.com\/\"},{\"@type\":\"ListItem\",\"position\":2,\"name\":\"Products\",\"item\":\"https:\/\/twchains.com\/products\/\"},{\"@type\":\"ListItem\",\"position\":3,\"name\":\"\u00d713mm \u00d714mm Quick Repair Ring for Mining Protection Chains 17.5-25 16\/70-20\"}]},{\"@type\":\"WebSite\",\"@id\":\"https:\/\/twchains.com\/#website\",\"url\":\"https:\/\/twchains.com\/\",\"name\":\"twchains\",\"description\":\"\",\"publisher\":{\"@id\":\"https:\/\/twchains.com\/#organization\"},\"potentialAction\":[{\"@type\":\"SearchAction\",\"target\":{\"@type\":\"EntryPoint\",\"urlTemplate\":\"https:\/\/twchains.com\/?s={search_term_string}\"},\"query-input\":{\"@type\":\"PropertyValueSpecification\",\"valueRequired\":true,\"valueName\":\"search_term_string\"}}],\"inLanguage\":\"tr\"},{\"@type\":\"Organization\",\"@id\":\"https:\/\/twchains.com\/#organization\",\"name\":\"twchains\",\"url\":\"https:\/\/twchains.com\/\",\"logo\":{\"@type\":\"ImageObject\",\"inLanguage\":\"tr\",\"@id\":\"https:\/\/twchains.com\/#\/schema\/logo\/image\/\",\"url\":\"https:\/\/twchains.com\/wp-content\/uploads\/2025\/04\/tongwei-logo-100.svg\",\"contentUrl\":\"https:\/\/twchains.com\/wp-content\/uploads\/2025\/04\/tongwei-logo-100.svg\",\"width\":128,\"height\":100,\"caption\":\"twchains\"},\"image\":{\"@id\":\"https:\/\/twchains.com\/#\/schema\/logo\/image\/\"}}]}<\/script>\n<!-- \/ Yoast SEO plugin. -->","yoast_head_json":{"title":"\u00d713mm \u00d714mm Quick Repair Ring for Mining Protection Chains 17.5-25 16\/70-20 - twchains","robots":{"index":"index","follow":"follow","max-snippet":"max-snippet:-1","max-image-preview":"max-image-preview:large","max-video-preview":"max-video-preview:-1"},"canonical":"https:\/\/twchains.com\/tr\/urun\/x13mm-x14mm-quick-repair-ring-for-mining-protection-chains-17-5-25-16-70-20\/","og_locale":"tr_TR","og_type":"article","og_title":"\u00d713mm \u00d714mm Quick Repair Ring for Mining Protection Chains 17.5-25 16\/70-20 - twchains","og_description":"Quick Repair Ring (Quick Connect Ring)  Innovative Design  Save time  Factory Price  Professional After-Sales Service  Ring Coupling  Suitable Range:12mm, 13mm, 14mm, 16mm, 18mm, 20mm, 22mm Specification Marble Loader Tire Chains","og_url":"https:\/\/twchains.com\/tr\/urun\/x13mm-x14mm-quick-repair-ring-for-mining-protection-chains-17-5-25-16-70-20\/","og_site_name":"twchains","article_modified_time":"2025-04-24T08:25:35+00:00","og_image":[{"width":1120,"height":1494,"url":"https:\/\/twchains.com\/wp-content\/uploads\/2025\/04\/quick-link-ring-.jpg","type":"image\/jpeg"}],"twitter_card":"summary_large_image","twitter_misc":{"Tahmini okuma s\u00fcresi":"1 dakika"},"schema":{"@context":"https:\/\/schema.org","@graph":[{"@type":"WebPage","@id":"https:\/\/twchains.com\/product\/x13mm-x14mm-quick-repair-ring-for-mining-protection-chains-17-5-25-16-70-20\/","url":"https:\/\/twchains.com\/product\/x13mm-x14mm-quick-repair-ring-for-mining-protection-chains-17-5-25-16-70-20\/","name":"\u00d713mm \u00d714mm Quick Repair Ring for Mining Protection Chains 17.5-25 16\/70-20 - twchains","isPartOf":{"@id":"https:\/\/twchains.com\/#website"},"primaryImageOfPage":{"@id":"https:\/\/twchains.com\/product\/x13mm-x14mm-quick-repair-ring-for-mining-protection-chains-17-5-25-16-70-20\/#primaryimage"},"image":{"@id":"https:\/\/twchains.com\/product\/x13mm-x14mm-quick-repair-ring-for-mining-protection-chains-17-5-25-16-70-20\/#primaryimage"},"thumbnailUrl":"https:\/\/twchains.com\/wp-content\/uploads\/2025\/04\/quick-link-ring-.jpg","datePublished":"2025-04-24T08:18:41+00:00","dateModified":"2025-04-24T08:25:35+00:00","breadcrumb":{"@id":"https:\/\/twchains.com\/product\/x13mm-x14mm-quick-repair-ring-for-mining-protection-chains-17-5-25-16-70-20\/#breadcrumb"},"inLanguage":"tr","potentialAction":[{"@type":"ReadAction","target":["https:\/\/twchains.com\/product\/x13mm-x14mm-quick-repair-ring-for-mining-protection-chains-17-5-25-16-70-20\/"]}]},{"@type":"ImageObject","inLanguage":"tr","@id":"https:\/\/twchains.com\/product\/x13mm-x14mm-quick-repair-ring-for-mining-protection-chains-17-5-25-16-70-20\/#primaryimage","url":"https:\/\/twchains.com\/wp-content\/uploads\/2025\/04\/quick-link-ring-.jpg","contentUrl":"https:\/\/twchains.com\/wp-content\/uploads\/2025\/04\/quick-link-ring-.jpg","width":1120,"height":1494},{"@type":"BreadcrumbList","@id":"https:\/\/twchains.com\/product\/x13mm-x14mm-quick-repair-ring-for-mining-protection-chains-17-5-25-16-70-20\/#breadcrumb","itemListElement":[{"@type":"ListItem","position":1,"name":"Home","item":"https:\/\/twchains.com\/"},{"@type":"ListItem","position":2,"name":"Products","item":"https:\/\/twchains.com\/products\/"},{"@type":"ListItem","position":3,"name":"\u00d713mm \u00d714mm Quick Repair Ring for Mining Protection Chains 17.5-25 16\/70-20"}]},{"@type":"WebSite","@id":"https:\/\/twchains.com\/#website","url":"https:\/\/twchains.com\/","name":"twchains","description":"","publisher":{"@id":"https:\/\/twchains.com\/#organization"},"potentialAction":[{"@type":"SearchAction","target":{"@type":"EntryPoint","urlTemplate":"https:\/\/twchains.com\/?s={search_term_string}"},"query-input":{"@type":"PropertyValueSpecification","valueRequired":true,"valueName":"search_term_string"}}],"inLanguage":"tr"},{"@type":"Organization","@id":"https:\/\/twchains.com\/#organization","name":"twchains","url":"https:\/\/twchains.com\/","logo":{"@type":"ImageObject","inLanguage":"tr","@id":"https:\/\/twchains.com\/#\/schema\/logo\/image\/","url":"https:\/\/twchains.com\/wp-content\/uploads\/2025\/04\/tongwei-logo-100.svg","contentUrl":"https:\/\/twchains.com\/wp-content\/uploads\/2025\/04\/tongwei-logo-100.svg","width":128,"height":100,"caption":"twchains"},"image":{"@id":"https:\/\/twchains.com\/#\/schema\/logo\/image\/"}}]}},"_links":{"self":[{"href":"https:\/\/twchains.com\/tr\/wp-json\/wp\/v2\/product\/594","targetHints":{"allow":["GET"]}}],"collection":[{"href":"https:\/\/twchains.com\/tr\/wp-json\/wp\/v2\/product"}],"about":[{"href":"https:\/\/twchains.com\/tr\/wp-json\/wp\/v2\/types\/product"}],"wp:featuredmedia":[{"embeddable":true,"href":"https:\/\/twchains.com\/tr\/wp-json\/wp\/v2\/media\/598"}],"wp:attachment":[{"href":"https:\/\/twchains.com\/tr\/wp-json\/wp\/v2\/media?parent=594"}],"wp:term":[{"taxonomy":"product_brand","embeddable":true,"href":"https:\/\/twchains.com\/tr\/wp-json\/wp\/v2\/product_brand?post=594"},{"taxonomy":"product_cat","embeddable":true,"href":"https:\/\/twchains.com\/tr\/wp-json\/wp\/v2\/product_cat?post=594"},{"taxonomy":"product_tag","embeddable":true,"href":"https:\/\/twchains.com\/tr\/wp-json\/wp\/v2\/product_tag?post=594"}],"curies":[{"name":"wp","href":"https:\/\/api.w.org\/{rel}","templated":true}]}}