{"id":603,"date":"2025-04-24T08:46:01","date_gmt":"2025-04-24T08:46:01","guid":{"rendered":"https:\/\/twchains.com\/?post_type=product&#038;p=603"},"modified":"2025-04-24T08:46:01","modified_gmt":"2025-04-24T08:46:01","slug":"16mm-protective-chain-accessories-for-cat-loader-29-5-25-1800-25","status":"publish","type":"product","link":"https:\/\/twchains.com\/tr\/urun\/16mm-protective-chain-accessories-for-cat-loader-29-5-25-1800-25\/","title":{"rendered":"CAT Y\u00fckleyici 29.5-25 1800-25 i\u00e7in 16mm Koruyucu Zincir Aksesuarlar\u0131"},"content":{"rendered":"<p>Dairesel halka, koruyucu zincir sistemindeki temel ba\u011flant\u0131 eleman\u0131d\u0131r ve bak\u0131mda \u00f6nemli bir rol oynar:<\/p>\n<ul>\n<li>Malzeme \u00f6zellikleri: A\u015f\u0131nmaya dayan\u0131kl\u0131 ala\u015f\u0131ml\u0131 \u00e7elik d\u00f6vme (koruma zinciri ile ayn\u0131), \u00e7ap\u0131 genellikle 12-22 mm aras\u0131nda de\u011fi\u015fen, zincir \u00f6zelliklerine g\u00f6re e\u015fle\u015fen<\/li>\n<li>Onar\u0131m i\u015flevi: hasarl\u0131 zincir ba\u011flant\u0131lar\u0131n\u0131 de\u011fi\u015ftirmek veya yeni ba\u011flant\u0131 d\u00fc\u011f\u00fcmleri olu\u015fturmak i\u00e7in kullan\u0131l\u0131r<\/li>\n<li>\u0130\u015flem gereksinimleri: Sertli\u011fi ve toklu\u011fu art\u0131rmak i\u00e7in \u0131s\u0131l i\u015flem gereklidir ve lastikle s\u00fcrt\u00fcnmeyi azaltmak i\u00e7in y\u00fczey p\u00fcr\u00fczs\u00fcz olmal\u0131d\u0131r<\/li>\n<li>Kullan\u0131m i\u00e7in \u00f6nemli noktalar: De\u011fi\u015ftirirken, \u00e7ok s\u0131k\u0131 veya \u00e7ok gev\u015fek olmas\u0131n\u0131 \u00f6nlemek i\u00e7in dairesel halka ile biti\u015fik zincir baklalar\u0131 aras\u0131ndaki bo\u015flu\u011fun uygun oldu\u011fundan emin olun<\/li>\n<li>Kalite gereksinimleri: \u00c7atlak veya \u00e7apak olmamal\u0131 ve ta\u015f\u0131ma kapasitesi orijinal zincir standard\u0131n\u0131n 120% veya daha fazlas\u0131na ula\u015fmal\u0131d\u0131r<\/li>\n<\/ul>\n<p>#amir ba\u011flant\u0131s\u0131#quicklink#quaickring#chains#quarrychains#miningchains#tyreprotectivechain#protectorchain#loaderprotector<\/p>","protected":false},"excerpt":{"rendered":"<ul>\n<li>Dairesel Konnekt\u00f6r<\/li>\n<li>Kalite Gereklilikleri<\/li>\n<li>Is\u0131l \u0130\u015flem ve Su Verme Gereklidir<\/li>\n<li>Damla D\u00f6vme<\/li>\n<li>Uygun Aral\u0131k: 12mm, 13mm, 14mm, 16mm, 18mm, 20mm, 22mm Vb \u00d6zellikler \u00c7eki\u015f Lasti\u011fi Zincirleri<\/li>\n<li><span data-slate-fragment=\"JTVCJTdCJTIydHlwZSUyMiUzQSUyMnBhcmFncmFwaCUyMiUyQyUyMmNoaWxkcmVuJTIyJTNBJTVCJTdCJTIyaWQlMjIlM0ElMjJ2eHdXdjJuMTV6JTIyJTJDJTIycGFyYUlkeCUyMiUzQTAlMkMlMjJzcmMlMjIlM0ElMjJzZW1pZmluaXNoZWQlMjBtYXRlcmlhbCUyMiUyQyUyMmRzdCUyMiUzQSUyMiVFNSU4RSU5RiVFNiU5RCU5MCVFNiU5NiU5OSUyMiUyQyUyMm1ldGFkYXRhJTIyJTNBJTIyJTIyJTJDJTIybWF0Y2hlcyUyMiUzQW51bGwlMkMlMjJtZXRhRGF0YSUyMiUzQSU1QiU1RCUyQyUyMnRleHQlMjIlM0ElMjJzZW1pZmluaXNoZWQlMjBtYXRlcmlhbCUyMiU3RCU1RCU3RCU1RA==\">Kaliteli Yar\u0131 Mamul Malzeme<\/span><\/li>\n<\/ul>","protected":false},"featured_media":604,"template":"","meta":{"inline_featured_image":false,"_kad_post_transparent":"default","_kad_post_title":"","_kad_post_layout":"default","_kad_post_sidebar_id":"","_kad_post_content_style":"default","_kad_post_vertical_padding":"default","_kad_post_feature":"","_kad_post_feature_position":"","_kad_post_header":false,"_kad_post_footer":false},"product_brand":[],"product_cat":[23],"product_tag":[],"class_list":{"0":"post-603","1":"product","2":"type-product","3":"status-publish","4":"has-post-thumbnail","6":"product_cat-accessories","8":"first","9":"instock","10":"shipping-taxable","11":"product-type-simple","12":"entry","13":"content-bg","14":"loop-entry"},"yoast_head":"<!-- This site is optimized with the Yoast SEO plugin v25.4 - https:\/\/yoast.com\/wordpress\/plugins\/seo\/ -->\n<title>16mm Protective Chain Accessories for CAT Loader 29.5-25 1800-25 - twchains<\/title>\n<meta name=\"robots\" content=\"index, follow, max-snippet:-1, max-image-preview:large, max-video-preview:-1\" \/>\n<link rel=\"canonical\" href=\"https:\/\/twchains.com\/tr\/urun\/16mm-protective-chain-accessories-for-cat-loader-29-5-25-1800-25\/\" \/>\n<meta property=\"og:locale\" content=\"tr_TR\" \/>\n<meta property=\"og:type\" content=\"article\" \/>\n<meta property=\"og:title\" content=\"16mm Protective Chain Accessories for CAT Loader 29.5-25 1800-25 - twchains\" \/>\n<meta property=\"og:description\" content=\"Circular Connector  Quality Requirements  Heat treatment &amp; Quench Are Required  Drop Forged  Suitable Range:12mm, 13mm, 14mm, 16mm, 18mm, 20mm, 22mm Etc Specification Traction Tyre Chains  Quality Semifinished Material\" \/>\n<meta property=\"og:url\" content=\"https:\/\/twchains.com\/tr\/urun\/16mm-protective-chain-accessories-for-cat-loader-29-5-25-1800-25\/\" \/>\n<meta property=\"og:site_name\" content=\"twchains\" \/>\n<meta property=\"og:image\" content=\"https:\/\/twchains.com\/wp-content\/uploads\/2025\/04\/77.jpg\" \/>\n\t<meta property=\"og:image:width\" content=\"1080\" \/>\n\t<meta property=\"og:image:height\" content=\"1080\" \/>\n\t<meta property=\"og:image:type\" content=\"image\/jpeg\" \/>\n<meta name=\"twitter:card\" content=\"summary_large_image\" \/>\n<meta name=\"twitter:label1\" content=\"Tahmini okuma s\u00fcresi\" \/>\n\t<meta name=\"twitter:data1\" content=\"1 dakika\" \/>\n<script type=\"application\/ld+json\" class=\"yoast-schema-graph\">{\"@context\":\"https:\/\/schema.org\",\"@graph\":[{\"@type\":\"WebPage\",\"@id\":\"https:\/\/twchains.com\/product\/16mm-protective-chain-accessories-for-cat-loader-29-5-25-1800-25\/\",\"url\":\"https:\/\/twchains.com\/product\/16mm-protective-chain-accessories-for-cat-loader-29-5-25-1800-25\/\",\"name\":\"16mm Protective Chain Accessories for CAT Loader 29.5-25 1800-25 - twchains\",\"isPartOf\":{\"@id\":\"https:\/\/twchains.com\/#website\"},\"primaryImageOfPage\":{\"@id\":\"https:\/\/twchains.com\/product\/16mm-protective-chain-accessories-for-cat-loader-29-5-25-1800-25\/#primaryimage\"},\"image\":{\"@id\":\"https:\/\/twchains.com\/product\/16mm-protective-chain-accessories-for-cat-loader-29-5-25-1800-25\/#primaryimage\"},\"thumbnailUrl\":\"https:\/\/twchains.com\/wp-content\/uploads\/2025\/04\/77.jpg\",\"datePublished\":\"2025-04-24T08:46:01+00:00\",\"breadcrumb\":{\"@id\":\"https:\/\/twchains.com\/product\/16mm-protective-chain-accessories-for-cat-loader-29-5-25-1800-25\/#breadcrumb\"},\"inLanguage\":\"tr\",\"potentialAction\":[{\"@type\":\"ReadAction\",\"target\":[\"https:\/\/twchains.com\/product\/16mm-protective-chain-accessories-for-cat-loader-29-5-25-1800-25\/\"]}]},{\"@type\":\"ImageObject\",\"inLanguage\":\"tr\",\"@id\":\"https:\/\/twchains.com\/product\/16mm-protective-chain-accessories-for-cat-loader-29-5-25-1800-25\/#primaryimage\",\"url\":\"https:\/\/twchains.com\/wp-content\/uploads\/2025\/04\/77.jpg\",\"contentUrl\":\"https:\/\/twchains.com\/wp-content\/uploads\/2025\/04\/77.jpg\",\"width\":1080,\"height\":1080},{\"@type\":\"BreadcrumbList\",\"@id\":\"https:\/\/twchains.com\/product\/16mm-protective-chain-accessories-for-cat-loader-29-5-25-1800-25\/#breadcrumb\",\"itemListElement\":[{\"@type\":\"ListItem\",\"position\":1,\"name\":\"Home\",\"item\":\"https:\/\/twchains.com\/\"},{\"@type\":\"ListItem\",\"position\":2,\"name\":\"Products\",\"item\":\"https:\/\/twchains.com\/products\/\"},{\"@type\":\"ListItem\",\"position\":3,\"name\":\"16mm Protective Chain Accessories for CAT Loader 29.5-25 1800-25\"}]},{\"@type\":\"WebSite\",\"@id\":\"https:\/\/twchains.com\/#website\",\"url\":\"https:\/\/twchains.com\/\",\"name\":\"twchains\",\"description\":\"\",\"publisher\":{\"@id\":\"https:\/\/twchains.com\/#organization\"},\"potentialAction\":[{\"@type\":\"SearchAction\",\"target\":{\"@type\":\"EntryPoint\",\"urlTemplate\":\"https:\/\/twchains.com\/?s={search_term_string}\"},\"query-input\":{\"@type\":\"PropertyValueSpecification\",\"valueRequired\":true,\"valueName\":\"search_term_string\"}}],\"inLanguage\":\"tr\"},{\"@type\":\"Organization\",\"@id\":\"https:\/\/twchains.com\/#organization\",\"name\":\"twchains\",\"url\":\"https:\/\/twchains.com\/\",\"logo\":{\"@type\":\"ImageObject\",\"inLanguage\":\"tr\",\"@id\":\"https:\/\/twchains.com\/#\/schema\/logo\/image\/\",\"url\":\"https:\/\/twchains.com\/wp-content\/uploads\/2025\/04\/tongwei-logo-100.svg\",\"contentUrl\":\"https:\/\/twchains.com\/wp-content\/uploads\/2025\/04\/tongwei-logo-100.svg\",\"width\":128,\"height\":100,\"caption\":\"twchains\"},\"image\":{\"@id\":\"https:\/\/twchains.com\/#\/schema\/logo\/image\/\"}}]}<\/script>\n<!-- \/ Yoast SEO plugin. -->","yoast_head_json":{"title":"16mm Protective Chain Accessories for CAT Loader 29.5-25 1800-25 - twchains","robots":{"index":"index","follow":"follow","max-snippet":"max-snippet:-1","max-image-preview":"max-image-preview:large","max-video-preview":"max-video-preview:-1"},"canonical":"https:\/\/twchains.com\/tr\/urun\/16mm-protective-chain-accessories-for-cat-loader-29-5-25-1800-25\/","og_locale":"tr_TR","og_type":"article","og_title":"16mm Protective Chain Accessories for CAT Loader 29.5-25 1800-25 - twchains","og_description":"Circular Connector  Quality Requirements  Heat treatment &amp; Quench Are Required  Drop Forged  Suitable Range:12mm, 13mm, 14mm, 16mm, 18mm, 20mm, 22mm Etc Specification Traction Tyre Chains  Quality Semifinished Material","og_url":"https:\/\/twchains.com\/tr\/urun\/16mm-protective-chain-accessories-for-cat-loader-29-5-25-1800-25\/","og_site_name":"twchains","og_image":[{"width":1080,"height":1080,"url":"https:\/\/twchains.com\/wp-content\/uploads\/2025\/04\/77.jpg","type":"image\/jpeg"}],"twitter_card":"summary_large_image","twitter_misc":{"Tahmini okuma s\u00fcresi":"1 dakika"},"schema":{"@context":"https:\/\/schema.org","@graph":[{"@type":"WebPage","@id":"https:\/\/twchains.com\/product\/16mm-protective-chain-accessories-for-cat-loader-29-5-25-1800-25\/","url":"https:\/\/twchains.com\/product\/16mm-protective-chain-accessories-for-cat-loader-29-5-25-1800-25\/","name":"16mm Protective Chain Accessories for CAT Loader 29.5-25 1800-25 - twchains","isPartOf":{"@id":"https:\/\/twchains.com\/#website"},"primaryImageOfPage":{"@id":"https:\/\/twchains.com\/product\/16mm-protective-chain-accessories-for-cat-loader-29-5-25-1800-25\/#primaryimage"},"image":{"@id":"https:\/\/twchains.com\/product\/16mm-protective-chain-accessories-for-cat-loader-29-5-25-1800-25\/#primaryimage"},"thumbnailUrl":"https:\/\/twchains.com\/wp-content\/uploads\/2025\/04\/77.jpg","datePublished":"2025-04-24T08:46:01+00:00","breadcrumb":{"@id":"https:\/\/twchains.com\/product\/16mm-protective-chain-accessories-for-cat-loader-29-5-25-1800-25\/#breadcrumb"},"inLanguage":"tr","potentialAction":[{"@type":"ReadAction","target":["https:\/\/twchains.com\/product\/16mm-protective-chain-accessories-for-cat-loader-29-5-25-1800-25\/"]}]},{"@type":"ImageObject","inLanguage":"tr","@id":"https:\/\/twchains.com\/product\/16mm-protective-chain-accessories-for-cat-loader-29-5-25-1800-25\/#primaryimage","url":"https:\/\/twchains.com\/wp-content\/uploads\/2025\/04\/77.jpg","contentUrl":"https:\/\/twchains.com\/wp-content\/uploads\/2025\/04\/77.jpg","width":1080,"height":1080},{"@type":"BreadcrumbList","@id":"https:\/\/twchains.com\/product\/16mm-protective-chain-accessories-for-cat-loader-29-5-25-1800-25\/#breadcrumb","itemListElement":[{"@type":"ListItem","position":1,"name":"Home","item":"https:\/\/twchains.com\/"},{"@type":"ListItem","position":2,"name":"Products","item":"https:\/\/twchains.com\/products\/"},{"@type":"ListItem","position":3,"name":"16mm Protective Chain Accessories for CAT Loader 29.5-25 1800-25"}]},{"@type":"WebSite","@id":"https:\/\/twchains.com\/#website","url":"https:\/\/twchains.com\/","name":"twchains","description":"","publisher":{"@id":"https:\/\/twchains.com\/#organization"},"potentialAction":[{"@type":"SearchAction","target":{"@type":"EntryPoint","urlTemplate":"https:\/\/twchains.com\/?s={search_term_string}"},"query-input":{"@type":"PropertyValueSpecification","valueRequired":true,"valueName":"search_term_string"}}],"inLanguage":"tr"},{"@type":"Organization","@id":"https:\/\/twchains.com\/#organization","name":"twchains","url":"https:\/\/twchains.com\/","logo":{"@type":"ImageObject","inLanguage":"tr","@id":"https:\/\/twchains.com\/#\/schema\/logo\/image\/","url":"https:\/\/twchains.com\/wp-content\/uploads\/2025\/04\/tongwei-logo-100.svg","contentUrl":"https:\/\/twchains.com\/wp-content\/uploads\/2025\/04\/tongwei-logo-100.svg","width":128,"height":100,"caption":"twchains"},"image":{"@id":"https:\/\/twchains.com\/#\/schema\/logo\/image\/"}}]}},"_links":{"self":[{"href":"https:\/\/twchains.com\/tr\/wp-json\/wp\/v2\/product\/603","targetHints":{"allow":["GET"]}}],"collection":[{"href":"https:\/\/twchains.com\/tr\/wp-json\/wp\/v2\/product"}],"about":[{"href":"https:\/\/twchains.com\/tr\/wp-json\/wp\/v2\/types\/product"}],"wp:featuredmedia":[{"embeddable":true,"href":"https:\/\/twchains.com\/tr\/wp-json\/wp\/v2\/media\/604"}],"wp:attachment":[{"href":"https:\/\/twchains.com\/tr\/wp-json\/wp\/v2\/media?parent=603"}],"wp:term":[{"taxonomy":"product_brand","embeddable":true,"href":"https:\/\/twchains.com\/tr\/wp-json\/wp\/v2\/product_brand?post=603"},{"taxonomy":"product_cat","embeddable":true,"href":"https:\/\/twchains.com\/tr\/wp-json\/wp\/v2\/product_cat?post=603"},{"taxonomy":"product_tag","embeddable":true,"href":"https:\/\/twchains.com\/tr\/wp-json\/wp\/v2\/product_tag?post=603"}],"curies":[{"name":"wp","href":"https:\/\/api.w.org\/{rel}","templated":true}]}}