{"id":609,"date":"2025-04-24T09:01:06","date_gmt":"2025-04-24T09:01:06","guid":{"rendered":"https:\/\/twchains.com\/?post_type=product&#038;p=609"},"modified":"2025-04-24T09:01:06","modified_gmt":"2025-04-24T09:01:06","slug":"quality-750-65r25-20-5-25-tyre-protection-chain-repair-parts-screw-connectors","status":"publish","type":"product","link":"https:\/\/twchains.com\/tr\/urun\/quality-750-65r25-20-5-25-tyre-protection-chain-repair-parts-screw-connectors\/","title":{"rendered":"Kalite 750\/65r25 20.5-25 Lastik Koruma Zinciri Onar\u0131m Par\u00e7alar\u0131 Vida Konnekt\u00f6rleri"},"content":{"rendered":"<ul>\n<li>Y\u00fcksek mukavemetli dayan\u0131kl\u0131l\u0131k: Ala\u015f\u0131ml\u0131 \u00e7elik veya su verme i\u015flemini benimseyen, y\u00fcksek gerilme mukavemetine, darbe a\u015f\u0131nma direncine sahiptir ve madencilik ve \u00e7ak\u0131l gibi zorlu \u00e7al\u0131\u015fma ko\u015fullar\u0131 i\u00e7in uygundur. Hizmet \u00f6mr\u00fc, s\u0131radan c\u0131vatalara k\u0131yasla 50%'den daha fazla uzat\u0131lm\u0131\u015ft\u0131r.<\/li>\n<li>Gev\u015femeyi \u00f6nleyici tasar\u0131m: \u00c7ift somun kilitleme, di\u015f tutkal\u0131 \u00f6n kaplama veya elastik rondela yap\u0131s\u0131, titre\u015fimin neden oldu\u011fu gev\u015femeye etkili bir \u015fekilde direnir ve i\u015f kesintisi riskini azalt\u0131r.<\/li>\n<li>H\u0131zl\u0131 s\u00f6kme ve takma<br \/>\nStandartla\u015ft\u0131r\u0131lm\u0131\u015f aray\u00fcz tasar\u0131m\u0131 (ISO veya SAE standartlar\u0131 gibi), evrensel aletlerle birlikte tek ki\u015finin \u00e7al\u0131\u015fmas\u0131n\u0131 sa\u011flayabilir, de\u011fi\u015ftirme verimlili\u011fini 30% art\u0131rabilir ve ar\u0131za s\u00fcresini azaltabilir.<\/li>\n<li>Antikorozif \u0130\u015flem<br \/>\nY\u00fczey galvanizleme, Dacromet veya karb\u00fcrleme i\u015flemi, \u00e7amur suyu ve tuz p\u00fcsk\u00fcrtme korozyonuna dayan\u0131kl\u0131, bak\u0131m d\u00f6ng\u00fcs\u00fcn\u00fc uzat\u0131r, y\u00fcksek nem \/ asit alkali ortam\u0131na uygundur.<\/li>\n<li>\u00d6zelle\u015ftirilmi\u015f uyarlama<br \/>\nFarkl\u0131 marka (Caterpillar, Komatsu, vb.) koruyucu zincir modellerine do\u011fru \u015fekilde uymas\u0131 i\u00e7in birden fazla \u00f6zellik, uzunluk ve kafa tipi (alt\u0131gen\/flan\u015f) se\u00e7ene\u011fi sa\u011flay\u0131n.<\/li>\n<li>Maliyet etkinli\u011fi<br \/>\nMod\u00fcler tasar\u0131m, hasarl\u0131 bile\u015fenlerin ayr\u0131 ayr\u0131 de\u011fi\u015ftirilmesine olanak tan\u0131yarak kaynakl\u0131 yap\u0131lara k\u0131yasla bak\u0131m maliyetlerini 40% azalt\u0131r ve toplam zincir hurdas\u0131n\u0131 \u00f6nler.<\/li>\n<li>Uygulama senaryosu: \u00d6zellikle madencilik ve in\u015faat at\u0131\u011f\u0131 ta\u015f\u0131mac\u0131l\u0131\u011f\u0131 gibi y\u00fcksek frekansl\u0131 ve y\u00fcksek y\u00fckl\u00fc \u00e7al\u0131\u015fma ortamlar\u0131 i\u00e7in uygundur, lastik \u00e7izikleri ve patlamalar\u0131 riskini \u00f6nemli \u00f6l\u00e7\u00fcde azalt\u0131r.<\/li>\n<\/ul>\n<p>#CONSTRUCTION#MINING#TYREPROTECTIONCHAIN#17.5-25#23.5-25#TYRE#OTRTYRE#CHAINSREPAIRPARTS<\/p>","protected":false},"excerpt":{"rendered":"<ul>\n<li>Y\u00fcksek Mukavemet Dayan\u0131kl\u0131l\u0131k<\/li>\n<li>Gev\u015feme \u00d6nleyici Tasar\u0131m<\/li>\n<li>H\u0131zl\u0131 S\u00f6kme ve Takma<\/li>\n<li>Antikorozif \u0130\u015flem<\/li>\n<li>\u00d6zelle\u015ftirilmi\u015f Adaptasyon<\/li>\n<li>Farkl\u0131 Ta\u015f Oca\u011f\u0131 Y\u00fckleyici Lastik Zincirleri \u0130\u00e7in Uygun<\/li>\n<\/ul>","protected":false},"featured_media":607,"template":"","meta":{"inline_featured_image":false,"_kad_post_transparent":"default","_kad_post_title":"","_kad_post_layout":"default","_kad_post_sidebar_id":"","_kad_post_content_style":"default","_kad_post_vertical_padding":"default","_kad_post_feature":"","_kad_post_feature_position":"","_kad_post_header":false,"_kad_post_footer":false},"product_brand":[],"product_cat":[23],"product_tag":[],"class_list":{"0":"post-609","1":"product","2":"type-product","3":"status-publish","4":"has-post-thumbnail","6":"product_cat-accessories","8":"first","9":"instock","10":"shipping-taxable","11":"product-type-simple","12":"entry","13":"content-bg","14":"loop-entry"},"yoast_head":"<!-- This site is optimized with the Yoast SEO plugin v25.4 - https:\/\/yoast.com\/wordpress\/plugins\/seo\/ -->\n<title>Quality 750\/65r25 20.5-25 Tyre Protection Chain Repair Parts Screw Connectors - twchains<\/title>\n<meta name=\"robots\" content=\"index, follow, max-snippet:-1, max-image-preview:large, max-video-preview:-1\" \/>\n<link rel=\"canonical\" href=\"https:\/\/twchains.com\/tr\/urun\/quality-750-65r25-20-5-25-tyre-protection-chain-repair-parts-screw-connectors\/\" \/>\n<meta property=\"og:locale\" content=\"tr_TR\" \/>\n<meta property=\"og:type\" content=\"article\" \/>\n<meta property=\"og:title\" content=\"Quality 750\/65r25 20.5-25 Tyre Protection Chain Repair Parts Screw Connectors - twchains\" \/>\n<meta property=\"og:description\" content=\"High Strength Durability  Anti Loosening Design  Quick Disassembly &amp; Assembly  Anticorrosive Treatment  Customized Adaptation  Suitbale for Different Types of Quarry Loader Tire Chains\" \/>\n<meta property=\"og:url\" content=\"https:\/\/twchains.com\/tr\/urun\/quality-750-65r25-20-5-25-tyre-protection-chain-repair-parts-screw-connectors\/\" \/>\n<meta property=\"og:site_name\" content=\"twchains\" \/>\n<meta property=\"og:image\" content=\"https:\/\/twchains.com\/wp-content\/uploads\/2025\/04\/55.jpg\" \/>\n\t<meta property=\"og:image:width\" content=\"718\" \/>\n\t<meta property=\"og:image:height\" content=\"718\" \/>\n\t<meta property=\"og:image:type\" content=\"image\/jpeg\" \/>\n<meta name=\"twitter:card\" content=\"summary_large_image\" \/>\n<meta name=\"twitter:label1\" content=\"Tahmini okuma s\u00fcresi\" \/>\n\t<meta name=\"twitter:data1\" content=\"2 dakika\" \/>\n<script type=\"application\/ld+json\" class=\"yoast-schema-graph\">{\"@context\":\"https:\/\/schema.org\",\"@graph\":[{\"@type\":\"WebPage\",\"@id\":\"https:\/\/twchains.com\/product\/quality-750-65r25-20-5-25-tyre-protection-chain-repair-parts-screw-connectors\/\",\"url\":\"https:\/\/twchains.com\/product\/quality-750-65r25-20-5-25-tyre-protection-chain-repair-parts-screw-connectors\/\",\"name\":\"Quality 750\/65r25 20.5-25 Tyre Protection Chain Repair Parts Screw Connectors - twchains\",\"isPartOf\":{\"@id\":\"https:\/\/twchains.com\/#website\"},\"primaryImageOfPage\":{\"@id\":\"https:\/\/twchains.com\/product\/quality-750-65r25-20-5-25-tyre-protection-chain-repair-parts-screw-connectors\/#primaryimage\"},\"image\":{\"@id\":\"https:\/\/twchains.com\/product\/quality-750-65r25-20-5-25-tyre-protection-chain-repair-parts-screw-connectors\/#primaryimage\"},\"thumbnailUrl\":\"https:\/\/twchains.com\/wp-content\/uploads\/2025\/04\/55.jpg\",\"datePublished\":\"2025-04-24T09:01:06+00:00\",\"breadcrumb\":{\"@id\":\"https:\/\/twchains.com\/product\/quality-750-65r25-20-5-25-tyre-protection-chain-repair-parts-screw-connectors\/#breadcrumb\"},\"inLanguage\":\"tr\",\"potentialAction\":[{\"@type\":\"ReadAction\",\"target\":[\"https:\/\/twchains.com\/product\/quality-750-65r25-20-5-25-tyre-protection-chain-repair-parts-screw-connectors\/\"]}]},{\"@type\":\"ImageObject\",\"inLanguage\":\"tr\",\"@id\":\"https:\/\/twchains.com\/product\/quality-750-65r25-20-5-25-tyre-protection-chain-repair-parts-screw-connectors\/#primaryimage\",\"url\":\"https:\/\/twchains.com\/wp-content\/uploads\/2025\/04\/55.jpg\",\"contentUrl\":\"https:\/\/twchains.com\/wp-content\/uploads\/2025\/04\/55.jpg\",\"width\":718,\"height\":718},{\"@type\":\"BreadcrumbList\",\"@id\":\"https:\/\/twchains.com\/product\/quality-750-65r25-20-5-25-tyre-protection-chain-repair-parts-screw-connectors\/#breadcrumb\",\"itemListElement\":[{\"@type\":\"ListItem\",\"position\":1,\"name\":\"Home\",\"item\":\"https:\/\/twchains.com\/\"},{\"@type\":\"ListItem\",\"position\":2,\"name\":\"Products\",\"item\":\"https:\/\/twchains.com\/products\/\"},{\"@type\":\"ListItem\",\"position\":3,\"name\":\"Quality 750\/65r25 20.5-25 Tyre Protection Chain Repair Parts Screw Connectors\"}]},{\"@type\":\"WebSite\",\"@id\":\"https:\/\/twchains.com\/#website\",\"url\":\"https:\/\/twchains.com\/\",\"name\":\"twchains\",\"description\":\"\",\"publisher\":{\"@id\":\"https:\/\/twchains.com\/#organization\"},\"potentialAction\":[{\"@type\":\"SearchAction\",\"target\":{\"@type\":\"EntryPoint\",\"urlTemplate\":\"https:\/\/twchains.com\/?s={search_term_string}\"},\"query-input\":{\"@type\":\"PropertyValueSpecification\",\"valueRequired\":true,\"valueName\":\"search_term_string\"}}],\"inLanguage\":\"tr\"},{\"@type\":\"Organization\",\"@id\":\"https:\/\/twchains.com\/#organization\",\"name\":\"twchains\",\"url\":\"https:\/\/twchains.com\/\",\"logo\":{\"@type\":\"ImageObject\",\"inLanguage\":\"tr\",\"@id\":\"https:\/\/twchains.com\/#\/schema\/logo\/image\/\",\"url\":\"https:\/\/twchains.com\/wp-content\/uploads\/2025\/04\/tongwei-logo-100.svg\",\"contentUrl\":\"https:\/\/twchains.com\/wp-content\/uploads\/2025\/04\/tongwei-logo-100.svg\",\"width\":128,\"height\":100,\"caption\":\"twchains\"},\"image\":{\"@id\":\"https:\/\/twchains.com\/#\/schema\/logo\/image\/\"}}]}<\/script>\n<!-- \/ Yoast SEO plugin. -->","yoast_head_json":{"title":"Quality 750\/65r25 20.5-25 Tyre Protection Chain Repair Parts Screw Connectors - twchains","robots":{"index":"index","follow":"follow","max-snippet":"max-snippet:-1","max-image-preview":"max-image-preview:large","max-video-preview":"max-video-preview:-1"},"canonical":"https:\/\/twchains.com\/tr\/urun\/quality-750-65r25-20-5-25-tyre-protection-chain-repair-parts-screw-connectors\/","og_locale":"tr_TR","og_type":"article","og_title":"Quality 750\/65r25 20.5-25 Tyre Protection Chain Repair Parts Screw Connectors - twchains","og_description":"High Strength Durability  Anti Loosening Design  Quick Disassembly &amp; Assembly  Anticorrosive Treatment  Customized Adaptation  Suitbale for Different Types of Quarry Loader Tire Chains","og_url":"https:\/\/twchains.com\/tr\/urun\/quality-750-65r25-20-5-25-tyre-protection-chain-repair-parts-screw-connectors\/","og_site_name":"twchains","og_image":[{"width":718,"height":718,"url":"https:\/\/twchains.com\/wp-content\/uploads\/2025\/04\/55.jpg","type":"image\/jpeg"}],"twitter_card":"summary_large_image","twitter_misc":{"Tahmini okuma s\u00fcresi":"2 dakika"},"schema":{"@context":"https:\/\/schema.org","@graph":[{"@type":"WebPage","@id":"https:\/\/twchains.com\/product\/quality-750-65r25-20-5-25-tyre-protection-chain-repair-parts-screw-connectors\/","url":"https:\/\/twchains.com\/product\/quality-750-65r25-20-5-25-tyre-protection-chain-repair-parts-screw-connectors\/","name":"Quality 750\/65r25 20.5-25 Tyre Protection Chain Repair Parts Screw Connectors - twchains","isPartOf":{"@id":"https:\/\/twchains.com\/#website"},"primaryImageOfPage":{"@id":"https:\/\/twchains.com\/product\/quality-750-65r25-20-5-25-tyre-protection-chain-repair-parts-screw-connectors\/#primaryimage"},"image":{"@id":"https:\/\/twchains.com\/product\/quality-750-65r25-20-5-25-tyre-protection-chain-repair-parts-screw-connectors\/#primaryimage"},"thumbnailUrl":"https:\/\/twchains.com\/wp-content\/uploads\/2025\/04\/55.jpg","datePublished":"2025-04-24T09:01:06+00:00","breadcrumb":{"@id":"https:\/\/twchains.com\/product\/quality-750-65r25-20-5-25-tyre-protection-chain-repair-parts-screw-connectors\/#breadcrumb"},"inLanguage":"tr","potentialAction":[{"@type":"ReadAction","target":["https:\/\/twchains.com\/product\/quality-750-65r25-20-5-25-tyre-protection-chain-repair-parts-screw-connectors\/"]}]},{"@type":"ImageObject","inLanguage":"tr","@id":"https:\/\/twchains.com\/product\/quality-750-65r25-20-5-25-tyre-protection-chain-repair-parts-screw-connectors\/#primaryimage","url":"https:\/\/twchains.com\/wp-content\/uploads\/2025\/04\/55.jpg","contentUrl":"https:\/\/twchains.com\/wp-content\/uploads\/2025\/04\/55.jpg","width":718,"height":718},{"@type":"BreadcrumbList","@id":"https:\/\/twchains.com\/product\/quality-750-65r25-20-5-25-tyre-protection-chain-repair-parts-screw-connectors\/#breadcrumb","itemListElement":[{"@type":"ListItem","position":1,"name":"Home","item":"https:\/\/twchains.com\/"},{"@type":"ListItem","position":2,"name":"Products","item":"https:\/\/twchains.com\/products\/"},{"@type":"ListItem","position":3,"name":"Quality 750\/65r25 20.5-25 Tyre Protection Chain Repair Parts Screw Connectors"}]},{"@type":"WebSite","@id":"https:\/\/twchains.com\/#website","url":"https:\/\/twchains.com\/","name":"twchains","description":"","publisher":{"@id":"https:\/\/twchains.com\/#organization"},"potentialAction":[{"@type":"SearchAction","target":{"@type":"EntryPoint","urlTemplate":"https:\/\/twchains.com\/?s={search_term_string}"},"query-input":{"@type":"PropertyValueSpecification","valueRequired":true,"valueName":"search_term_string"}}],"inLanguage":"tr"},{"@type":"Organization","@id":"https:\/\/twchains.com\/#organization","name":"twchains","url":"https:\/\/twchains.com\/","logo":{"@type":"ImageObject","inLanguage":"tr","@id":"https:\/\/twchains.com\/#\/schema\/logo\/image\/","url":"https:\/\/twchains.com\/wp-content\/uploads\/2025\/04\/tongwei-logo-100.svg","contentUrl":"https:\/\/twchains.com\/wp-content\/uploads\/2025\/04\/tongwei-logo-100.svg","width":128,"height":100,"caption":"twchains"},"image":{"@id":"https:\/\/twchains.com\/#\/schema\/logo\/image\/"}}]}},"_links":{"self":[{"href":"https:\/\/twchains.com\/tr\/wp-json\/wp\/v2\/product\/609","targetHints":{"allow":["GET"]}}],"collection":[{"href":"https:\/\/twchains.com\/tr\/wp-json\/wp\/v2\/product"}],"about":[{"href":"https:\/\/twchains.com\/tr\/wp-json\/wp\/v2\/types\/product"}],"wp:featuredmedia":[{"embeddable":true,"href":"https:\/\/twchains.com\/tr\/wp-json\/wp\/v2\/media\/607"}],"wp:attachment":[{"href":"https:\/\/twchains.com\/tr\/wp-json\/wp\/v2\/media?parent=609"}],"wp:term":[{"taxonomy":"product_brand","embeddable":true,"href":"https:\/\/twchains.com\/tr\/wp-json\/wp\/v2\/product_brand?post=609"},{"taxonomy":"product_cat","embeddable":true,"href":"https:\/\/twchains.com\/tr\/wp-json\/wp\/v2\/product_cat?post=609"},{"taxonomy":"product_tag","embeddable":true,"href":"https:\/\/twchains.com\/tr\/wp-json\/wp\/v2\/product_tag?post=609"}],"curies":[{"name":"wp","href":"https:\/\/api.w.org\/{rel}","templated":true}]}}