{"id":610,"date":"2025-04-24T09:17:36","date_gmt":"2025-04-24T09:17:36","guid":{"rendered":"https:\/\/twchains.com\/?post_type=product&#038;p=610"},"modified":"2025-04-24T09:17:36","modified_gmt":"2025-04-24T09:17:36","slug":"repair-link-kit-for-komatsu-wheel-loader-protector-chains-35-65r33","status":"publish","type":"product","link":"https:\/\/twchains.com\/tr\/urun\/repair-link-kit-for-komatsu-wheel-loader-protector-chains-35-65r33\/","title":{"rendered":"Komatsu Lastikli Y\u00fckleyici Koruyucu Zincirleri 35\/65r33 i\u00e7in Onar\u0131m Ba\u011flant\u0131 Kiti"},"content":{"rendered":"<ul>\n<li>Y\u00fcksek mukavemetli darbe direnci<br \/>\n\u00d6zel ala\u015f\u0131ml\u0131 \u00e7elik d\u00f6vme ve \u0131s\u0131l i\u015flem teknolojisi ile birle\u015ftirilen sertlik HRC40-54'e ula\u015f\u0131r, y\u00fcksek frekansl\u0131 darbeli \u00e7al\u0131\u015fma ko\u015fullar\u0131 (madencilik ve metalurji gibi) i\u00e7in \u00f6zel olarak tasarlanm\u0131\u015ft\u0131r ve deformasyon direnci s\u0131radan zincir tokalar\u0131na k\u0131yasla 60%'den daha fazla artm\u0131\u015ft\u0131r.<\/li>\n<li>Do\u011fru \u015fifreleme yap\u0131s\u0131<br \/>\nBlok \u015feklindeki benzersiz \u0131s\u0131r\u0131k tasar\u0131m\u0131 lastik y\u00fczeyiyle temas yo\u011funlu\u011funu art\u0131r\u0131r, bas\u0131nc\u0131 daha e\u015fit bir \u015fekilde da\u011f\u0131t\u0131r, keskin ta\u015flar\u0131n delinmesini etkili bir \u015fekilde \u00f6nler ve lasti\u011fin hasar g\u00f6rme riskini azalt\u0131r.<\/li>\n<li>H\u0131zl\u0131 kendinden kilitlemeli ba\u011flant\u0131<br \/>\nPatentli kart yuvas\u0131 + pim mili yap\u0131s\u0131, alet gerektirmeden manuel kurulum \/ demontaj sa\u011flar ve tek bir d\u00fc\u011fme de\u011fi\u015ftirme s\u00fcresi 30 saniyeden azd\u0131r ve bak\u0131m s\u00fcresini \u00f6nemli \u00f6l\u00e7\u00fcde azalt\u0131r (50% geleneksel c\u0131vata tipinden daha h\u0131zl\u0131d\u0131r).<\/li>\n<li>A\u015f\u0131nmaya dayan\u0131kl\u0131 ve uzun \u00f6m\u00fcrl\u00fc<br \/>\nY\u00fczey lazer s\u00f6nd\u00fcrme veya tungsten karb\u00fcr kaplama i\u015flemi, ulusal standarttan \u00fc\u00e7 kat daha y\u00fcksek a\u015f\u0131nma direnci endeksi ve 6-12 ayl\u0131k s\u00fcrekli hizmet \u00f6mr\u00fc (\u00e7al\u0131\u015fma ko\u015fullar\u0131na ba\u011fl\u0131 olarak) ile ar\u0131za s\u00fcresi ve de\u011fi\u015ftirme s\u0131kl\u0131\u011f\u0131n\u0131 azalt\u0131r.<\/li>\n<\/ul>\n<p>#komatsu#caterpillary\u00fckleyici#volvoloaderzincir#madencilik#a\u015f oca\u011f\u0131#t\u00fcnel#hotslag#koruma zinciri#\u0131rt\u0131koruma zinciri<\/p>","protected":false},"excerpt":{"rendered":"<p>\u015eifreleme blo\u011fu tokas\u0131 esas olarak kal\u0131nla\u015ft\u0131r\u0131lm\u0131\u015f lastik koruma zincirleri i\u00e7in tasarlanm\u0131\u015ft\u0131r<\/p>","protected":false},"featured_media":606,"template":"","meta":{"inline_featured_image":false,"_kad_post_transparent":"default","_kad_post_title":"","_kad_post_layout":"default","_kad_post_sidebar_id":"","_kad_post_content_style":"default","_kad_post_vertical_padding":"default","_kad_post_feature":"","_kad_post_feature_position":"","_kad_post_header":false,"_kad_post_footer":false},"product_brand":[],"product_cat":[23],"product_tag":[],"class_list":{"0":"post-610","1":"product","2":"type-product","3":"status-publish","4":"has-post-thumbnail","6":"product_cat-accessories","8":"first","9":"instock","10":"shipping-taxable","11":"product-type-simple","12":"entry","13":"content-bg","14":"loop-entry"},"yoast_head":"<!-- This site is optimized with the Yoast SEO plugin v25.4 - https:\/\/yoast.com\/wordpress\/plugins\/seo\/ -->\n<title>Repair Link Kit for Komatsu Wheel Loader Protector Chains 35\/65r33 - twchains<\/title>\n<meta name=\"robots\" content=\"index, follow, max-snippet:-1, max-image-preview:large, max-video-preview:-1\" \/>\n<link rel=\"canonical\" href=\"https:\/\/twchains.com\/tr\/urun\/repair-link-kit-for-komatsu-wheel-loader-protector-chains-35-65r33\/\" \/>\n<meta property=\"og:locale\" content=\"tr_TR\" \/>\n<meta property=\"og:type\" content=\"article\" \/>\n<meta property=\"og:title\" content=\"Repair Link Kit for Komatsu Wheel Loader Protector Chains 35\/65r33 - twchains\" \/>\n<meta property=\"og:description\" content=\"The encryption block buckle is mainly designed for thicken tire protection chains\" \/>\n<meta property=\"og:url\" content=\"https:\/\/twchains.com\/tr\/urun\/repair-link-kit-for-komatsu-wheel-loader-protector-chains-35-65r33\/\" \/>\n<meta property=\"og:site_name\" content=\"twchains\" \/>\n<meta property=\"og:image\" content=\"https:\/\/twchains.com\/wp-content\/uploads\/2025\/04\/44.jpg\" \/>\n\t<meta property=\"og:image:width\" content=\"810\" \/>\n\t<meta property=\"og:image:height\" content=\"1080\" \/>\n\t<meta property=\"og:image:type\" content=\"image\/jpeg\" \/>\n<meta name=\"twitter:card\" content=\"summary_large_image\" \/>\n<meta name=\"twitter:label1\" content=\"Tahmini okuma s\u00fcresi\" \/>\n\t<meta name=\"twitter:data1\" content=\"1 dakika\" \/>\n<script type=\"application\/ld+json\" class=\"yoast-schema-graph\">{\"@context\":\"https:\/\/schema.org\",\"@graph\":[{\"@type\":\"WebPage\",\"@id\":\"https:\/\/twchains.com\/product\/repair-link-kit-for-komatsu-wheel-loader-protector-chains-35-65r33\/\",\"url\":\"https:\/\/twchains.com\/product\/repair-link-kit-for-komatsu-wheel-loader-protector-chains-35-65r33\/\",\"name\":\"Repair Link Kit for Komatsu Wheel Loader Protector Chains 35\/65r33 - twchains\",\"isPartOf\":{\"@id\":\"https:\/\/twchains.com\/#website\"},\"primaryImageOfPage\":{\"@id\":\"https:\/\/twchains.com\/product\/repair-link-kit-for-komatsu-wheel-loader-protector-chains-35-65r33\/#primaryimage\"},\"image\":{\"@id\":\"https:\/\/twchains.com\/product\/repair-link-kit-for-komatsu-wheel-loader-protector-chains-35-65r33\/#primaryimage\"},\"thumbnailUrl\":\"https:\/\/twchains.com\/wp-content\/uploads\/2025\/04\/44.jpg\",\"datePublished\":\"2025-04-24T09:17:36+00:00\",\"breadcrumb\":{\"@id\":\"https:\/\/twchains.com\/product\/repair-link-kit-for-komatsu-wheel-loader-protector-chains-35-65r33\/#breadcrumb\"},\"inLanguage\":\"tr\",\"potentialAction\":[{\"@type\":\"ReadAction\",\"target\":[\"https:\/\/twchains.com\/product\/repair-link-kit-for-komatsu-wheel-loader-protector-chains-35-65r33\/\"]}]},{\"@type\":\"ImageObject\",\"inLanguage\":\"tr\",\"@id\":\"https:\/\/twchains.com\/product\/repair-link-kit-for-komatsu-wheel-loader-protector-chains-35-65r33\/#primaryimage\",\"url\":\"https:\/\/twchains.com\/wp-content\/uploads\/2025\/04\/44.jpg\",\"contentUrl\":\"https:\/\/twchains.com\/wp-content\/uploads\/2025\/04\/44.jpg\",\"width\":810,\"height\":1080},{\"@type\":\"BreadcrumbList\",\"@id\":\"https:\/\/twchains.com\/product\/repair-link-kit-for-komatsu-wheel-loader-protector-chains-35-65r33\/#breadcrumb\",\"itemListElement\":[{\"@type\":\"ListItem\",\"position\":1,\"name\":\"Home\",\"item\":\"https:\/\/twchains.com\/\"},{\"@type\":\"ListItem\",\"position\":2,\"name\":\"Products\",\"item\":\"https:\/\/twchains.com\/products\/\"},{\"@type\":\"ListItem\",\"position\":3,\"name\":\"Repair Link Kit for Komatsu Wheel Loader Protector Chains 35\/65r33\"}]},{\"@type\":\"WebSite\",\"@id\":\"https:\/\/twchains.com\/#website\",\"url\":\"https:\/\/twchains.com\/\",\"name\":\"twchains\",\"description\":\"\",\"publisher\":{\"@id\":\"https:\/\/twchains.com\/#organization\"},\"potentialAction\":[{\"@type\":\"SearchAction\",\"target\":{\"@type\":\"EntryPoint\",\"urlTemplate\":\"https:\/\/twchains.com\/?s={search_term_string}\"},\"query-input\":{\"@type\":\"PropertyValueSpecification\",\"valueRequired\":true,\"valueName\":\"search_term_string\"}}],\"inLanguage\":\"tr\"},{\"@type\":\"Organization\",\"@id\":\"https:\/\/twchains.com\/#organization\",\"name\":\"twchains\",\"url\":\"https:\/\/twchains.com\/\",\"logo\":{\"@type\":\"ImageObject\",\"inLanguage\":\"tr\",\"@id\":\"https:\/\/twchains.com\/#\/schema\/logo\/image\/\",\"url\":\"https:\/\/twchains.com\/wp-content\/uploads\/2025\/04\/tongwei-logo-100.svg\",\"contentUrl\":\"https:\/\/twchains.com\/wp-content\/uploads\/2025\/04\/tongwei-logo-100.svg\",\"width\":128,\"height\":100,\"caption\":\"twchains\"},\"image\":{\"@id\":\"https:\/\/twchains.com\/#\/schema\/logo\/image\/\"}}]}<\/script>\n<!-- \/ Yoast SEO plugin. -->","yoast_head_json":{"title":"Repair Link Kit for Komatsu Wheel Loader Protector Chains 35\/65r33 - twchains","robots":{"index":"index","follow":"follow","max-snippet":"max-snippet:-1","max-image-preview":"max-image-preview:large","max-video-preview":"max-video-preview:-1"},"canonical":"https:\/\/twchains.com\/tr\/urun\/repair-link-kit-for-komatsu-wheel-loader-protector-chains-35-65r33\/","og_locale":"tr_TR","og_type":"article","og_title":"Repair Link Kit for Komatsu Wheel Loader Protector Chains 35\/65r33 - twchains","og_description":"The encryption block buckle is mainly designed for thicken tire protection chains","og_url":"https:\/\/twchains.com\/tr\/urun\/repair-link-kit-for-komatsu-wheel-loader-protector-chains-35-65r33\/","og_site_name":"twchains","og_image":[{"width":810,"height":1080,"url":"https:\/\/twchains.com\/wp-content\/uploads\/2025\/04\/44.jpg","type":"image\/jpeg"}],"twitter_card":"summary_large_image","twitter_misc":{"Tahmini okuma s\u00fcresi":"1 dakika"},"schema":{"@context":"https:\/\/schema.org","@graph":[{"@type":"WebPage","@id":"https:\/\/twchains.com\/product\/repair-link-kit-for-komatsu-wheel-loader-protector-chains-35-65r33\/","url":"https:\/\/twchains.com\/product\/repair-link-kit-for-komatsu-wheel-loader-protector-chains-35-65r33\/","name":"Repair Link Kit for Komatsu Wheel Loader Protector Chains 35\/65r33 - twchains","isPartOf":{"@id":"https:\/\/twchains.com\/#website"},"primaryImageOfPage":{"@id":"https:\/\/twchains.com\/product\/repair-link-kit-for-komatsu-wheel-loader-protector-chains-35-65r33\/#primaryimage"},"image":{"@id":"https:\/\/twchains.com\/product\/repair-link-kit-for-komatsu-wheel-loader-protector-chains-35-65r33\/#primaryimage"},"thumbnailUrl":"https:\/\/twchains.com\/wp-content\/uploads\/2025\/04\/44.jpg","datePublished":"2025-04-24T09:17:36+00:00","breadcrumb":{"@id":"https:\/\/twchains.com\/product\/repair-link-kit-for-komatsu-wheel-loader-protector-chains-35-65r33\/#breadcrumb"},"inLanguage":"tr","potentialAction":[{"@type":"ReadAction","target":["https:\/\/twchains.com\/product\/repair-link-kit-for-komatsu-wheel-loader-protector-chains-35-65r33\/"]}]},{"@type":"ImageObject","inLanguage":"tr","@id":"https:\/\/twchains.com\/product\/repair-link-kit-for-komatsu-wheel-loader-protector-chains-35-65r33\/#primaryimage","url":"https:\/\/twchains.com\/wp-content\/uploads\/2025\/04\/44.jpg","contentUrl":"https:\/\/twchains.com\/wp-content\/uploads\/2025\/04\/44.jpg","width":810,"height":1080},{"@type":"BreadcrumbList","@id":"https:\/\/twchains.com\/product\/repair-link-kit-for-komatsu-wheel-loader-protector-chains-35-65r33\/#breadcrumb","itemListElement":[{"@type":"ListItem","position":1,"name":"Home","item":"https:\/\/twchains.com\/"},{"@type":"ListItem","position":2,"name":"Products","item":"https:\/\/twchains.com\/products\/"},{"@type":"ListItem","position":3,"name":"Repair Link Kit for Komatsu Wheel Loader Protector Chains 35\/65r33"}]},{"@type":"WebSite","@id":"https:\/\/twchains.com\/#website","url":"https:\/\/twchains.com\/","name":"twchains","description":"","publisher":{"@id":"https:\/\/twchains.com\/#organization"},"potentialAction":[{"@type":"SearchAction","target":{"@type":"EntryPoint","urlTemplate":"https:\/\/twchains.com\/?s={search_term_string}"},"query-input":{"@type":"PropertyValueSpecification","valueRequired":true,"valueName":"search_term_string"}}],"inLanguage":"tr"},{"@type":"Organization","@id":"https:\/\/twchains.com\/#organization","name":"twchains","url":"https:\/\/twchains.com\/","logo":{"@type":"ImageObject","inLanguage":"tr","@id":"https:\/\/twchains.com\/#\/schema\/logo\/image\/","url":"https:\/\/twchains.com\/wp-content\/uploads\/2025\/04\/tongwei-logo-100.svg","contentUrl":"https:\/\/twchains.com\/wp-content\/uploads\/2025\/04\/tongwei-logo-100.svg","width":128,"height":100,"caption":"twchains"},"image":{"@id":"https:\/\/twchains.com\/#\/schema\/logo\/image\/"}}]}},"_links":{"self":[{"href":"https:\/\/twchains.com\/tr\/wp-json\/wp\/v2\/product\/610","targetHints":{"allow":["GET"]}}],"collection":[{"href":"https:\/\/twchains.com\/tr\/wp-json\/wp\/v2\/product"}],"about":[{"href":"https:\/\/twchains.com\/tr\/wp-json\/wp\/v2\/types\/product"}],"wp:featuredmedia":[{"embeddable":true,"href":"https:\/\/twchains.com\/tr\/wp-json\/wp\/v2\/media\/606"}],"wp:attachment":[{"href":"https:\/\/twchains.com\/tr\/wp-json\/wp\/v2\/media?parent=610"}],"wp:term":[{"taxonomy":"product_brand","embeddable":true,"href":"https:\/\/twchains.com\/tr\/wp-json\/wp\/v2\/product_brand?post=610"},{"taxonomy":"product_cat","embeddable":true,"href":"https:\/\/twchains.com\/tr\/wp-json\/wp\/v2\/product_cat?post=610"},{"taxonomy":"product_tag","embeddable":true,"href":"https:\/\/twchains.com\/tr\/wp-json\/wp\/v2\/product_tag?post=610"}],"curies":[{"name":"wp","href":"https:\/\/api.w.org\/{rel}","templated":true}]}}