{"id":615,"date":"2025-04-25T01:54:14","date_gmt":"2025-04-25T01:54:14","guid":{"rendered":"https:\/\/twchains.com\/?post_type=product&#038;p=615"},"modified":"2025-04-25T01:58:20","modified_gmt":"2025-04-25T01:58:20","slug":"x12mm-loader-traction-snow-chain-16-70-20-1200-24","status":"publish","type":"product","link":"https:\/\/twchains.com\/tr\/urun\/x12mm-loader-traction-snow-chain-16-70-20-1200-24\/","title":{"rendered":"\u00d712mm Y\u00fckleyici \u00c7eki\u015f Kar Zinciri 16\/70-20 1200-24 Kaymaya Dayan\u0131kl\u0131"},"content":{"rendered":"<ul>\n<li>Tutu\u015fu art\u0131r\u0131n: Kaymay\u0131 \u00f6nleyici zincirin \u00d7 12 mm halka \u00e7ap\u0131 tasar\u0131m\u0131 lasti\u011fe s\u0131k\u0131ca oturabilir, zeminle s\u00fcrt\u00fcnmeyi \u00f6nemli \u00f6l\u00e7\u00fcde art\u0131rabilir ve \u00f6zellikle buz, kar ve \u00e7amur gibi \u0131slak ve kaygan yol ko\u015fullar\u0131nda kaymay\u0131 etkili bir \u015fekilde \u00f6nleyebilir.<\/li>\n<li>G\u00fc\u00e7l\u00fc dayan\u0131kl\u0131l\u0131k: Genellikle darbeye dayan\u0131kl\u0131 ve a\u015f\u0131nmaya dayan\u0131kl\u0131, zorlu ortamlarda uzun s\u00fcreli kullan\u0131ma uygun, y\u00fcksek mukavemetli ala\u015f\u0131ml\u0131 \u00e7elikten veya a\u015f\u0131nmaya dayan\u0131kl\u0131 malzemeden yap\u0131l\u0131r ve hizmet \u00f6mr\u00fcn\u00fc uzat\u0131r.<\/li>\n<li>\n<div data-slate-node=\"element\"><span data-slate-node=\"text\">Kolay kurulum : <\/span><span data-slate-node=\"text\">Tasar\u0131m hafiftir ve yap\u0131 basittir. \u00c7o\u011fu model h\u0131zl\u0131 bir \u015fekilde manuel olarak kurulabilir veya s\u00f6k\u00fclebilir, bu da \u00e7al\u0131\u015fma s\u00fcresinden tasarruf sa\u011flar ve i\u015f verimlili\u011fini art\u0131r\u0131r.<\/span><\/div>\n<\/li>\n<li>Lastiklerin korunmas\u0131 : Lastikler ile keskin \u00e7ak\u0131l veya sert nesneler aras\u0131ndaki do\u011frudan temas\u0131 azalt\u0131r, s\u0131rt a\u015f\u0131nmas\u0131 ve \u00e7izilme riskini d\u00fc\u015f\u00fcr\u00fcr ve dolayl\u0131 olarak lastik \u00f6mr\u00fcn\u00fc uzat\u0131r.<\/li>\n<li>Geni\u015f uygulanabilirlik: 16\/70-20,1200-24,1000-20,975-18,15\/70-18,16\/70-28,1200-20,1400-24,20.5\/70-16, 825-16 gibi \u00e7e\u015fitli k\u00fc\u00e7\u00fck y\u00fckleyici lastik ebatlar\u0131 i\u00e7in uygundur, tar\u0131m, in\u015faat ve madencilik gibi bir\u00e7ok senaryonun ihtiya\u00e7lar\u0131n\u0131 kar\u015f\u0131lar ve her mevsim i\u00e7in uygundur (\u00f6zellikle k\u0131\u015f buz ve kar ko\u015fullar\u0131).<\/li>\n<\/ul>\n<p>1TP5Y\u00fckleyicilerkar zinciri1TP5Kar zincirleri1TP5\u00c7eki\u015f zinciri1TP5\u00c7eki\u015flerkar1TP5Ormanc\u0131l\u0131k1TP5Kaymaz1TP5Kaymaya dayan\u0131kl\u0131<\/p>","protected":false},"excerpt":{"rendered":"<ul>\n<li>K\u00fc\u00e7\u00fck \u00d6l\u00e7ekliler \u0130\u00e7in<\/li>\n<li>Kavramay\u0131 Geli\u015ftirin<\/li>\n<li>G\u00fc\u00e7l\u00fc Dayan\u0131kl\u0131l\u0131k<\/li>\n<li>Kolay Kurulum<\/li>\n<li>Ba\u011flant\u0131 A\u011f\u0131rl\u0131\u011f\u0131: 0,28kg<\/li>\n<\/ul>","protected":false},"featured_media":616,"template":"","meta":{"inline_featured_image":false,"_kad_post_transparent":"default","_kad_post_title":"","_kad_post_layout":"default","_kad_post_sidebar_id":"","_kad_post_content_style":"default","_kad_post_vertical_padding":"default","_kad_post_feature":"","_kad_post_feature_position":"","_kad_post_header":false,"_kad_post_footer":false},"product_brand":[],"product_cat":[24],"product_tag":[],"class_list":{"0":"post-615","1":"product","2":"type-product","3":"status-publish","4":"has-post-thumbnail","6":"product_cat-anti-skid-tire-chains","8":"first","9":"instock","10":"shipping-taxable","11":"product-type-simple","12":"entry","13":"content-bg","14":"loop-entry"},"yoast_head":"<!-- This site is optimized with the Yoast SEO plugin v25.4 - https:\/\/yoast.com\/wordpress\/plugins\/seo\/ -->\n<title>\u00d712mm Loader Traction Snow Chain 16\/70-20 1200-24 Slip Resistant - twchains<\/title>\n<meta name=\"robots\" content=\"index, follow, max-snippet:-1, max-image-preview:large, max-video-preview:-1\" \/>\n<link rel=\"canonical\" href=\"https:\/\/twchains.com\/tr\/urun\/x12mm-loader-traction-snow-chain-16-70-20-1200-24\/\" \/>\n<meta property=\"og:locale\" content=\"tr_TR\" \/>\n<meta property=\"og:type\" content=\"article\" \/>\n<meta property=\"og:title\" content=\"\u00d712mm Loader Traction Snow Chain 16\/70-20 1200-24 Slip Resistant - twchains\" \/>\n<meta property=\"og:description\" content=\"For Small-Sized  Enhance Grip  Strong Durability  Easy Installation  Weight of Link:0.28kg\" \/>\n<meta property=\"og:url\" content=\"https:\/\/twchains.com\/tr\/urun\/x12mm-loader-traction-snow-chain-16-70-20-1200-24\/\" \/>\n<meta property=\"og:site_name\" content=\"twchains\" \/>\n<meta property=\"article:modified_time\" content=\"2025-04-25T01:58:20+00:00\" \/>\n<meta property=\"og:image\" content=\"https:\/\/twchains.com\/wp-content\/uploads\/2025\/04\/mmexport159402046768141.jpg\" \/>\n\t<meta property=\"og:image:width\" content=\"480\" \/>\n\t<meta property=\"og:image:height\" content=\"550\" \/>\n\t<meta property=\"og:image:type\" content=\"image\/jpeg\" \/>\n<meta name=\"twitter:card\" content=\"summary_large_image\" \/>\n<meta name=\"twitter:label1\" content=\"Tahmini okuma s\u00fcresi\" \/>\n\t<meta name=\"twitter:data1\" content=\"1 dakika\" \/>\n<script type=\"application\/ld+json\" class=\"yoast-schema-graph\">{\"@context\":\"https:\/\/schema.org\",\"@graph\":[{\"@type\":\"WebPage\",\"@id\":\"https:\/\/twchains.com\/product\/x12mm-loader-traction-snow-chain-16-70-20-1200-24\/\",\"url\":\"https:\/\/twchains.com\/product\/x12mm-loader-traction-snow-chain-16-70-20-1200-24\/\",\"name\":\"\u00d712mm Loader Traction Snow Chain 16\/70-20 1200-24 Slip Resistant - twchains\",\"isPartOf\":{\"@id\":\"https:\/\/twchains.com\/#website\"},\"primaryImageOfPage\":{\"@id\":\"https:\/\/twchains.com\/product\/x12mm-loader-traction-snow-chain-16-70-20-1200-24\/#primaryimage\"},\"image\":{\"@id\":\"https:\/\/twchains.com\/product\/x12mm-loader-traction-snow-chain-16-70-20-1200-24\/#primaryimage\"},\"thumbnailUrl\":\"https:\/\/twchains.com\/wp-content\/uploads\/2025\/04\/mmexport159402046768141.jpg\",\"datePublished\":\"2025-04-25T01:54:14+00:00\",\"dateModified\":\"2025-04-25T01:58:20+00:00\",\"breadcrumb\":{\"@id\":\"https:\/\/twchains.com\/product\/x12mm-loader-traction-snow-chain-16-70-20-1200-24\/#breadcrumb\"},\"inLanguage\":\"tr\",\"potentialAction\":[{\"@type\":\"ReadAction\",\"target\":[\"https:\/\/twchains.com\/product\/x12mm-loader-traction-snow-chain-16-70-20-1200-24\/\"]}]},{\"@type\":\"ImageObject\",\"inLanguage\":\"tr\",\"@id\":\"https:\/\/twchains.com\/product\/x12mm-loader-traction-snow-chain-16-70-20-1200-24\/#primaryimage\",\"url\":\"https:\/\/twchains.com\/wp-content\/uploads\/2025\/04\/mmexport159402046768141.jpg\",\"contentUrl\":\"https:\/\/twchains.com\/wp-content\/uploads\/2025\/04\/mmexport159402046768141.jpg\",\"width\":480,\"height\":550},{\"@type\":\"BreadcrumbList\",\"@id\":\"https:\/\/twchains.com\/product\/x12mm-loader-traction-snow-chain-16-70-20-1200-24\/#breadcrumb\",\"itemListElement\":[{\"@type\":\"ListItem\",\"position\":1,\"name\":\"Home\",\"item\":\"https:\/\/twchains.com\/\"},{\"@type\":\"ListItem\",\"position\":2,\"name\":\"Products\",\"item\":\"https:\/\/twchains.com\/products\/\"},{\"@type\":\"ListItem\",\"position\":3,\"name\":\"\u00d712mm Loader Traction Snow Chain 16\/70-20 1200-24 Slip Resistant\"}]},{\"@type\":\"WebSite\",\"@id\":\"https:\/\/twchains.com\/#website\",\"url\":\"https:\/\/twchains.com\/\",\"name\":\"twchains\",\"description\":\"\",\"publisher\":{\"@id\":\"https:\/\/twchains.com\/#organization\"},\"potentialAction\":[{\"@type\":\"SearchAction\",\"target\":{\"@type\":\"EntryPoint\",\"urlTemplate\":\"https:\/\/twchains.com\/?s={search_term_string}\"},\"query-input\":{\"@type\":\"PropertyValueSpecification\",\"valueRequired\":true,\"valueName\":\"search_term_string\"}}],\"inLanguage\":\"tr\"},{\"@type\":\"Organization\",\"@id\":\"https:\/\/twchains.com\/#organization\",\"name\":\"twchains\",\"url\":\"https:\/\/twchains.com\/\",\"logo\":{\"@type\":\"ImageObject\",\"inLanguage\":\"tr\",\"@id\":\"https:\/\/twchains.com\/#\/schema\/logo\/image\/\",\"url\":\"https:\/\/twchains.com\/wp-content\/uploads\/2025\/04\/tongwei-logo-100.svg\",\"contentUrl\":\"https:\/\/twchains.com\/wp-content\/uploads\/2025\/04\/tongwei-logo-100.svg\",\"width\":128,\"height\":100,\"caption\":\"twchains\"},\"image\":{\"@id\":\"https:\/\/twchains.com\/#\/schema\/logo\/image\/\"}}]}<\/script>\n<!-- \/ Yoast SEO plugin. -->","yoast_head_json":{"title":"\u00d712mm Loader Traction Snow Chain 16\/70-20 1200-24 Slip Resistant - twchains","robots":{"index":"index","follow":"follow","max-snippet":"max-snippet:-1","max-image-preview":"max-image-preview:large","max-video-preview":"max-video-preview:-1"},"canonical":"https:\/\/twchains.com\/tr\/urun\/x12mm-loader-traction-snow-chain-16-70-20-1200-24\/","og_locale":"tr_TR","og_type":"article","og_title":"\u00d712mm Loader Traction Snow Chain 16\/70-20 1200-24 Slip Resistant - twchains","og_description":"For Small-Sized  Enhance Grip  Strong Durability  Easy Installation  Weight of Link:0.28kg","og_url":"https:\/\/twchains.com\/tr\/urun\/x12mm-loader-traction-snow-chain-16-70-20-1200-24\/","og_site_name":"twchains","article_modified_time":"2025-04-25T01:58:20+00:00","og_image":[{"width":480,"height":550,"url":"https:\/\/twchains.com\/wp-content\/uploads\/2025\/04\/mmexport159402046768141.jpg","type":"image\/jpeg"}],"twitter_card":"summary_large_image","twitter_misc":{"Tahmini okuma s\u00fcresi":"1 dakika"},"schema":{"@context":"https:\/\/schema.org","@graph":[{"@type":"WebPage","@id":"https:\/\/twchains.com\/product\/x12mm-loader-traction-snow-chain-16-70-20-1200-24\/","url":"https:\/\/twchains.com\/product\/x12mm-loader-traction-snow-chain-16-70-20-1200-24\/","name":"\u00d712mm Loader Traction Snow Chain 16\/70-20 1200-24 Slip Resistant - twchains","isPartOf":{"@id":"https:\/\/twchains.com\/#website"},"primaryImageOfPage":{"@id":"https:\/\/twchains.com\/product\/x12mm-loader-traction-snow-chain-16-70-20-1200-24\/#primaryimage"},"image":{"@id":"https:\/\/twchains.com\/product\/x12mm-loader-traction-snow-chain-16-70-20-1200-24\/#primaryimage"},"thumbnailUrl":"https:\/\/twchains.com\/wp-content\/uploads\/2025\/04\/mmexport159402046768141.jpg","datePublished":"2025-04-25T01:54:14+00:00","dateModified":"2025-04-25T01:58:20+00:00","breadcrumb":{"@id":"https:\/\/twchains.com\/product\/x12mm-loader-traction-snow-chain-16-70-20-1200-24\/#breadcrumb"},"inLanguage":"tr","potentialAction":[{"@type":"ReadAction","target":["https:\/\/twchains.com\/product\/x12mm-loader-traction-snow-chain-16-70-20-1200-24\/"]}]},{"@type":"ImageObject","inLanguage":"tr","@id":"https:\/\/twchains.com\/product\/x12mm-loader-traction-snow-chain-16-70-20-1200-24\/#primaryimage","url":"https:\/\/twchains.com\/wp-content\/uploads\/2025\/04\/mmexport159402046768141.jpg","contentUrl":"https:\/\/twchains.com\/wp-content\/uploads\/2025\/04\/mmexport159402046768141.jpg","width":480,"height":550},{"@type":"BreadcrumbList","@id":"https:\/\/twchains.com\/product\/x12mm-loader-traction-snow-chain-16-70-20-1200-24\/#breadcrumb","itemListElement":[{"@type":"ListItem","position":1,"name":"Home","item":"https:\/\/twchains.com\/"},{"@type":"ListItem","position":2,"name":"Products","item":"https:\/\/twchains.com\/products\/"},{"@type":"ListItem","position":3,"name":"\u00d712mm Loader Traction Snow Chain 16\/70-20 1200-24 Slip Resistant"}]},{"@type":"WebSite","@id":"https:\/\/twchains.com\/#website","url":"https:\/\/twchains.com\/","name":"twchains","description":"","publisher":{"@id":"https:\/\/twchains.com\/#organization"},"potentialAction":[{"@type":"SearchAction","target":{"@type":"EntryPoint","urlTemplate":"https:\/\/twchains.com\/?s={search_term_string}"},"query-input":{"@type":"PropertyValueSpecification","valueRequired":true,"valueName":"search_term_string"}}],"inLanguage":"tr"},{"@type":"Organization","@id":"https:\/\/twchains.com\/#organization","name":"twchains","url":"https:\/\/twchains.com\/","logo":{"@type":"ImageObject","inLanguage":"tr","@id":"https:\/\/twchains.com\/#\/schema\/logo\/image\/","url":"https:\/\/twchains.com\/wp-content\/uploads\/2025\/04\/tongwei-logo-100.svg","contentUrl":"https:\/\/twchains.com\/wp-content\/uploads\/2025\/04\/tongwei-logo-100.svg","width":128,"height":100,"caption":"twchains"},"image":{"@id":"https:\/\/twchains.com\/#\/schema\/logo\/image\/"}}]}},"_links":{"self":[{"href":"https:\/\/twchains.com\/tr\/wp-json\/wp\/v2\/product\/615","targetHints":{"allow":["GET"]}}],"collection":[{"href":"https:\/\/twchains.com\/tr\/wp-json\/wp\/v2\/product"}],"about":[{"href":"https:\/\/twchains.com\/tr\/wp-json\/wp\/v2\/types\/product"}],"wp:featuredmedia":[{"embeddable":true,"href":"https:\/\/twchains.com\/tr\/wp-json\/wp\/v2\/media\/616"}],"wp:attachment":[{"href":"https:\/\/twchains.com\/tr\/wp-json\/wp\/v2\/media?parent=615"}],"wp:term":[{"taxonomy":"product_brand","embeddable":true,"href":"https:\/\/twchains.com\/tr\/wp-json\/wp\/v2\/product_brand?post=615"},{"taxonomy":"product_cat","embeddable":true,"href":"https:\/\/twchains.com\/tr\/wp-json\/wp\/v2\/product_cat?post=615"},{"taxonomy":"product_tag","embeddable":true,"href":"https:\/\/twchains.com\/tr\/wp-json\/wp\/v2\/product_tag?post=615"}],"curies":[{"name":"wp","href":"https:\/\/api.w.org\/{rel}","templated":true}]}}