{"id":623,"date":"2025-04-25T02:47:43","date_gmt":"2025-04-25T02:47:43","guid":{"rendered":"https:\/\/twchains.com\/?post_type=product&#038;p=623"},"modified":"2025-04-25T02:57:02","modified_gmt":"2025-04-25T02:57:02","slug":"encrypt-block-tyre-protection-chain-23-5-25-26-5-25","status":"publish","type":"product","link":"https:\/\/twchains.com\/tr\/urun\/encrypt-block-tyre-protection-chain-23-5-25-26-5-25\/","title":{"rendered":"Yeralt\u0131 T\u00fcneli i\u00e7in Encrypt Block Lastik Koruma Zinciri 23.5-25 26.5-25"},"content":{"rendered":"<p>Genellikle orta \u00f6l\u00e7ekli lastik koruma zincirleri i\u00e7in kullan\u0131lan \u015fifreli blok y\u00fckleyici lastik koruyucular\u0131, ba\u015flang\u0131\u00e7ta t\u00fcnellerde yeralt\u0131ndaki s\u0131cak \u00e7elik c\u00fcrufu gibi zorlu \u00e7al\u0131\u015fma ortamlar\u0131nda kullan\u0131l\u0131rken, a\u015f\u0131nmaya kar\u015f\u0131 y\u00fcksek diren\u00e7li kal\u0131nl\u0131klar\u0131, daha yo\u011fun yap\u0131lar\u0131 ve \u00e7ok y\u00f6nl\u00fc sarg\u0131lar\u0131 nedeniyle art\u0131k madencilik ve ta\u015f ocak\u00e7\u0131l\u0131\u011f\u0131 sahalar\u0131nda da kullan\u0131lmaya ba\u015flanm\u0131\u015ft\u0131r.<\/p>\n<ul>\n<li>G\u00fc\u00e7l\u00fc darbe direncine sahip ultra yo\u011fun yap\u0131: Blok tipi \u015fifreli kaynak tasar\u0131m\u0131, madencilik kal\u0131nt\u0131lar\u0131n\u0131n ve keskin nesnelerin etkisine etkili bir \u015fekilde direnebilen, zincirin k\u0131r\u0131lmas\u0131n\u0131 veya deformasyonunu \u00f6nleyebilen ve \u00f6zellikle yeralt\u0131 t\u00fcnelleri ve ta\u015f ocaklar\u0131ndaki zorlu ortamlar i\u00e7in uygun olan daha geni\u015f bir kuvvet alan\u0131na sahip geleneksel zincir ba\u011flant\u0131lar\u0131ndan daha kompaktt\u0131r.<\/li>\n<li>Y\u00fcksek kal\u0131nl\u0131kta a\u015f\u0131nmaya dayan\u0131kl\u0131 blok, \u00f6m\u00fcr 3 kat artt\u0131 +: Kal\u0131nla\u015ft\u0131r\u0131lm\u0131\u015f manganez \u00e7elik bloklar (a\u015f\u0131nmaya dayan\u0131kl\u0131 y\u00fczey 22-36mm), y\u00fczey s\u00f6nd\u00fcrme i\u015flemi, sertlik HRC54'e ula\u015f\u0131r, a\u015f\u0131nma direnci s\u0131radan zincirleri \u00e7ok a\u015far ve cevher s\u00fcrt\u00fcnme ko\u015fullar\u0131 alt\u0131nda hizmet \u00f6mr\u00fc s\u0131radan kaymaz zincirlerin \u00fc\u00e7 kat\u0131ndan daha fazla uzat\u0131l\u0131r.<\/li>\n<li>Tam paket lastik korumas\u0131<br \/>\nBenzersiz \"z\u0131rhl\u0131\" kaplama yap\u0131s\u0131, lastik yana\u011f\u0131n\u0131 ve s\u0131rt\u0131n\u0131 neredeyse tamamen sararak lastik duvar\u0131n\u0131n yeralt\u0131 kaya duvarlar\u0131 taraf\u0131ndan \u00e7izilmesini veya cevherler taraf\u0131ndan kesilmesini \u00f6nler, lastik patlamas\u0131 riskini b\u00fcy\u00fck \u00f6l\u00e7\u00fcde azalt\u0131r ve de\u011fi\u015ftirme maliyetlerinden tasarruf sa\u011flar.<\/li>\n<\/ul>\n<p>#\u00fcnel1TP5Yeralt\u01311TP5Maden Zinciri#\u00fcnel Korumas\u01311TP5\u015eifreleme Zinciri<\/p>","protected":false},"excerpt":{"rendered":"<ul>\n<li>Ya\u015fam S\u00fcresi 3 kat+ Artt\u0131<\/li>\n<li>Ekonomik<\/li>\n<li>Y\u00fcksek Kaliteli Hammaddeler<\/li>\n<li>1 ba\u011flant\u0131n\u0131n a\u011f\u0131rl\u0131\u011f\u0131: 0,48 kg (\u00d713mm<span style=\"font-family: var(--global-body-font-family);\">)<\/span><\/li>\n<li>13mm-18mm Halka \u00c7ap\u0131ndan<\/li>\n<\/ul>","protected":false},"featured_media":557,"template":"","meta":{"inline_featured_image":false,"_kad_post_transparent":"default","_kad_post_title":"","_kad_post_layout":"default","_kad_post_sidebar_id":"","_kad_post_content_style":"default","_kad_post_vertical_padding":"default","_kad_post_feature":"","_kad_post_feature_position":"","_kad_post_header":false,"_kad_post_footer":false},"product_brand":[],"product_cat":[15,27],"product_tag":[],"class_list":{"0":"post-623","1":"product","2":"type-product","3":"status-publish","4":"has-post-thumbnail","6":"product_cat-tyre-protection-chain","7":"product_cat-encryption","9":"first","10":"instock","11":"shipping-taxable","12":"product-type-simple","13":"entry","14":"content-bg","15":"loop-entry"},"yoast_head":"<!-- This site is optimized with the Yoast SEO plugin v25.4 - https:\/\/yoast.com\/wordpress\/plugins\/seo\/ -->\n<title>Encrypt Block Tyre Protection Chain 23.5-25 26.5-25 for Underground Tunnel - twchains<\/title>\n<meta name=\"robots\" content=\"index, follow, max-snippet:-1, max-image-preview:large, max-video-preview:-1\" \/>\n<link rel=\"canonical\" href=\"https:\/\/twchains.com\/tr\/urun\/encrypt-block-tyre-protection-chain-23-5-25-26-5-25\/\" \/>\n<meta property=\"og:locale\" content=\"tr_TR\" \/>\n<meta property=\"og:type\" content=\"article\" \/>\n<meta property=\"og:title\" content=\"Encrypt Block Tyre Protection Chain 23.5-25 26.5-25 for Underground Tunnel - twchains\" \/>\n<meta property=\"og:description\" content=\"Life Increased By 3 times+  Economical  High Quality Raw Materials  Weight of 1 link:0.48kg (\u00d713mm)  From 13mm-18mm Ring Diameter\" \/>\n<meta property=\"og:url\" content=\"https:\/\/twchains.com\/tr\/urun\/encrypt-block-tyre-protection-chain-23-5-25-26-5-25\/\" \/>\n<meta property=\"og:site_name\" content=\"twchains\" \/>\n<meta property=\"article:modified_time\" content=\"2025-04-25T02:57:02+00:00\" \/>\n<meta property=\"og:image\" content=\"https:\/\/twchains.com\/wp-content\/uploads\/2025\/04\/18mmE.png\" \/>\n\t<meta property=\"og:image:width\" content=\"750\" \/>\n\t<meta property=\"og:image:height\" content=\"1000\" \/>\n\t<meta property=\"og:image:type\" content=\"image\/png\" \/>\n<meta name=\"twitter:card\" content=\"summary_large_image\" \/>\n<meta name=\"twitter:label1\" content=\"Tahmini okuma s\u00fcresi\" \/>\n\t<meta name=\"twitter:data1\" content=\"2 dakika\" \/>\n<script type=\"application\/ld+json\" class=\"yoast-schema-graph\">{\"@context\":\"https:\/\/schema.org\",\"@graph\":[{\"@type\":\"WebPage\",\"@id\":\"https:\/\/twchains.com\/product\/encrypt-block-tyre-protection-chain-23-5-25-26-5-25\/\",\"url\":\"https:\/\/twchains.com\/product\/encrypt-block-tyre-protection-chain-23-5-25-26-5-25\/\",\"name\":\"Encrypt Block Tyre Protection Chain 23.5-25 26.5-25 for Underground Tunnel - twchains\",\"isPartOf\":{\"@id\":\"https:\/\/twchains.com\/#website\"},\"primaryImageOfPage\":{\"@id\":\"https:\/\/twchains.com\/product\/encrypt-block-tyre-protection-chain-23-5-25-26-5-25\/#primaryimage\"},\"image\":{\"@id\":\"https:\/\/twchains.com\/product\/encrypt-block-tyre-protection-chain-23-5-25-26-5-25\/#primaryimage\"},\"thumbnailUrl\":\"https:\/\/twchains.com\/wp-content\/uploads\/2025\/04\/18mmE.png\",\"datePublished\":\"2025-04-25T02:47:43+00:00\",\"dateModified\":\"2025-04-25T02:57:02+00:00\",\"breadcrumb\":{\"@id\":\"https:\/\/twchains.com\/product\/encrypt-block-tyre-protection-chain-23-5-25-26-5-25\/#breadcrumb\"},\"inLanguage\":\"tr\",\"potentialAction\":[{\"@type\":\"ReadAction\",\"target\":[\"https:\/\/twchains.com\/product\/encrypt-block-tyre-protection-chain-23-5-25-26-5-25\/\"]}]},{\"@type\":\"ImageObject\",\"inLanguage\":\"tr\",\"@id\":\"https:\/\/twchains.com\/product\/encrypt-block-tyre-protection-chain-23-5-25-26-5-25\/#primaryimage\",\"url\":\"https:\/\/twchains.com\/wp-content\/uploads\/2025\/04\/18mmE.png\",\"contentUrl\":\"https:\/\/twchains.com\/wp-content\/uploads\/2025\/04\/18mmE.png\",\"width\":750,\"height\":1000},{\"@type\":\"BreadcrumbList\",\"@id\":\"https:\/\/twchains.com\/product\/encrypt-block-tyre-protection-chain-23-5-25-26-5-25\/#breadcrumb\",\"itemListElement\":[{\"@type\":\"ListItem\",\"position\":1,\"name\":\"Home\",\"item\":\"https:\/\/twchains.com\/\"},{\"@type\":\"ListItem\",\"position\":2,\"name\":\"Products\",\"item\":\"https:\/\/twchains.com\/products\/\"},{\"@type\":\"ListItem\",\"position\":3,\"name\":\"Encrypt Block Tyre Protection Chain 23.5-25 26.5-25 for Underground Tunnel\"}]},{\"@type\":\"WebSite\",\"@id\":\"https:\/\/twchains.com\/#website\",\"url\":\"https:\/\/twchains.com\/\",\"name\":\"twchains\",\"description\":\"\",\"publisher\":{\"@id\":\"https:\/\/twchains.com\/#organization\"},\"potentialAction\":[{\"@type\":\"SearchAction\",\"target\":{\"@type\":\"EntryPoint\",\"urlTemplate\":\"https:\/\/twchains.com\/?s={search_term_string}\"},\"query-input\":{\"@type\":\"PropertyValueSpecification\",\"valueRequired\":true,\"valueName\":\"search_term_string\"}}],\"inLanguage\":\"tr\"},{\"@type\":\"Organization\",\"@id\":\"https:\/\/twchains.com\/#organization\",\"name\":\"twchains\",\"url\":\"https:\/\/twchains.com\/\",\"logo\":{\"@type\":\"ImageObject\",\"inLanguage\":\"tr\",\"@id\":\"https:\/\/twchains.com\/#\/schema\/logo\/image\/\",\"url\":\"https:\/\/twchains.com\/wp-content\/uploads\/2025\/04\/tongwei-logo-100.svg\",\"contentUrl\":\"https:\/\/twchains.com\/wp-content\/uploads\/2025\/04\/tongwei-logo-100.svg\",\"width\":128,\"height\":100,\"caption\":\"twchains\"},\"image\":{\"@id\":\"https:\/\/twchains.com\/#\/schema\/logo\/image\/\"}}]}<\/script>\n<!-- \/ Yoast SEO plugin. -->","yoast_head_json":{"title":"Encrypt Block Tyre Protection Chain 23.5-25 26.5-25 for Underground Tunnel - twchains","robots":{"index":"index","follow":"follow","max-snippet":"max-snippet:-1","max-image-preview":"max-image-preview:large","max-video-preview":"max-video-preview:-1"},"canonical":"https:\/\/twchains.com\/tr\/urun\/encrypt-block-tyre-protection-chain-23-5-25-26-5-25\/","og_locale":"tr_TR","og_type":"article","og_title":"Encrypt Block Tyre Protection Chain 23.5-25 26.5-25 for Underground Tunnel - twchains","og_description":"Life Increased By 3 times+  Economical  High Quality Raw Materials  Weight of 1 link:0.48kg (\u00d713mm)  From 13mm-18mm Ring Diameter","og_url":"https:\/\/twchains.com\/tr\/urun\/encrypt-block-tyre-protection-chain-23-5-25-26-5-25\/","og_site_name":"twchains","article_modified_time":"2025-04-25T02:57:02+00:00","og_image":[{"width":750,"height":1000,"url":"https:\/\/twchains.com\/wp-content\/uploads\/2025\/04\/18mmE.png","type":"image\/png"}],"twitter_card":"summary_large_image","twitter_misc":{"Tahmini okuma s\u00fcresi":"2 dakika"},"schema":{"@context":"https:\/\/schema.org","@graph":[{"@type":"WebPage","@id":"https:\/\/twchains.com\/product\/encrypt-block-tyre-protection-chain-23-5-25-26-5-25\/","url":"https:\/\/twchains.com\/product\/encrypt-block-tyre-protection-chain-23-5-25-26-5-25\/","name":"Encrypt Block Tyre Protection Chain 23.5-25 26.5-25 for Underground Tunnel - twchains","isPartOf":{"@id":"https:\/\/twchains.com\/#website"},"primaryImageOfPage":{"@id":"https:\/\/twchains.com\/product\/encrypt-block-tyre-protection-chain-23-5-25-26-5-25\/#primaryimage"},"image":{"@id":"https:\/\/twchains.com\/product\/encrypt-block-tyre-protection-chain-23-5-25-26-5-25\/#primaryimage"},"thumbnailUrl":"https:\/\/twchains.com\/wp-content\/uploads\/2025\/04\/18mmE.png","datePublished":"2025-04-25T02:47:43+00:00","dateModified":"2025-04-25T02:57:02+00:00","breadcrumb":{"@id":"https:\/\/twchains.com\/product\/encrypt-block-tyre-protection-chain-23-5-25-26-5-25\/#breadcrumb"},"inLanguage":"tr","potentialAction":[{"@type":"ReadAction","target":["https:\/\/twchains.com\/product\/encrypt-block-tyre-protection-chain-23-5-25-26-5-25\/"]}]},{"@type":"ImageObject","inLanguage":"tr","@id":"https:\/\/twchains.com\/product\/encrypt-block-tyre-protection-chain-23-5-25-26-5-25\/#primaryimage","url":"https:\/\/twchains.com\/wp-content\/uploads\/2025\/04\/18mmE.png","contentUrl":"https:\/\/twchains.com\/wp-content\/uploads\/2025\/04\/18mmE.png","width":750,"height":1000},{"@type":"BreadcrumbList","@id":"https:\/\/twchains.com\/product\/encrypt-block-tyre-protection-chain-23-5-25-26-5-25\/#breadcrumb","itemListElement":[{"@type":"ListItem","position":1,"name":"Home","item":"https:\/\/twchains.com\/"},{"@type":"ListItem","position":2,"name":"Products","item":"https:\/\/twchains.com\/products\/"},{"@type":"ListItem","position":3,"name":"Encrypt Block Tyre Protection Chain 23.5-25 26.5-25 for Underground Tunnel"}]},{"@type":"WebSite","@id":"https:\/\/twchains.com\/#website","url":"https:\/\/twchains.com\/","name":"twchains","description":"","publisher":{"@id":"https:\/\/twchains.com\/#organization"},"potentialAction":[{"@type":"SearchAction","target":{"@type":"EntryPoint","urlTemplate":"https:\/\/twchains.com\/?s={search_term_string}"},"query-input":{"@type":"PropertyValueSpecification","valueRequired":true,"valueName":"search_term_string"}}],"inLanguage":"tr"},{"@type":"Organization","@id":"https:\/\/twchains.com\/#organization","name":"twchains","url":"https:\/\/twchains.com\/","logo":{"@type":"ImageObject","inLanguage":"tr","@id":"https:\/\/twchains.com\/#\/schema\/logo\/image\/","url":"https:\/\/twchains.com\/wp-content\/uploads\/2025\/04\/tongwei-logo-100.svg","contentUrl":"https:\/\/twchains.com\/wp-content\/uploads\/2025\/04\/tongwei-logo-100.svg","width":128,"height":100,"caption":"twchains"},"image":{"@id":"https:\/\/twchains.com\/#\/schema\/logo\/image\/"}}]}},"_links":{"self":[{"href":"https:\/\/twchains.com\/tr\/wp-json\/wp\/v2\/product\/623","targetHints":{"allow":["GET"]}}],"collection":[{"href":"https:\/\/twchains.com\/tr\/wp-json\/wp\/v2\/product"}],"about":[{"href":"https:\/\/twchains.com\/tr\/wp-json\/wp\/v2\/types\/product"}],"wp:featuredmedia":[{"embeddable":true,"href":"https:\/\/twchains.com\/tr\/wp-json\/wp\/v2\/media\/557"}],"wp:attachment":[{"href":"https:\/\/twchains.com\/tr\/wp-json\/wp\/v2\/media?parent=623"}],"wp:term":[{"taxonomy":"product_brand","embeddable":true,"href":"https:\/\/twchains.com\/tr\/wp-json\/wp\/v2\/product_brand?post=623"},{"taxonomy":"product_cat","embeddable":true,"href":"https:\/\/twchains.com\/tr\/wp-json\/wp\/v2\/product_cat?post=623"},{"taxonomy":"product_tag","embeddable":true,"href":"https:\/\/twchains.com\/tr\/wp-json\/wp\/v2\/product_tag?post=623"}],"curies":[{"name":"wp","href":"https:\/\/api.w.org\/{rel}","templated":true}]}}