{"id":625,"date":"2025-04-25T03:14:50","date_gmt":"2025-04-25T03:14:50","guid":{"rendered":"https:\/\/twchains.com\/?post_type=product&#038;p=625"},"modified":"2025-04-25T03:14:50","modified_gmt":"2025-04-25T03:14:50","slug":"1200-24-in-the-pit-tyre-protection-chain-from-tongwei-manufacture","status":"publish","type":"product","link":"https:\/\/twchains.com\/tr\/urun\/1200-24-in-the-pit-tyre-protection-chain-from-tongwei-manufacture\/","title":{"rendered":"TONGWEI \u0130malat\u0131ndan 1200-24 \u00c7ukurda Lastik Koruma Zinciri"},"content":{"rendered":"<p>Lastik koruma zinciri sat\u0131\u015f sonras\u0131 hizmet politikas\u0131<\/p>\n<ul>\n<li>6 ayl\u0131k kalite de\u011fi\u015fim taahh\u00fcd\u00fc: Normal kullan\u0131m ko\u015fullar\u0131 alt\u0131nda, 6 ay i\u00e7inde b\u00fcy\u00fck \u00f6l\u00e7ekli k\u0131r\u0131lma veya kaynak hatas\u0131 gibi insan kaynakl\u0131 olmayan kalite sorunlar\u0131 varsa, teknik de\u011ferlendirmeden sonra, ayn\u0131 modelin yeni bir koruyucu zinciri do\u011frudan \u00fccretsiz olarak de\u011fi\u015ftirilecektir (onar\u0131m i\u00e7in fabrikaya geri d\u00f6nmeye gerek kalmadan).<\/li>\n<li>24 saat sat\u0131\u015f sonras\u0131 yan\u0131t: \u00d6zel bir sat\u0131\u015f sonras\u0131 m\u00fchendis yard\u0131m hatt\u0131 sa\u011flay\u0131n ve sorunla ilgili geri bildirim ald\u0131ktan sonra 24 saat i\u00e7inde bir \u00e7\u00f6z\u00fcm sa\u011flay\u0131n.<\/li>\n<\/ul>","protected":false},"excerpt":{"rendered":"<ul>\n<li>Uzun Garanti<\/li>\n<li><span data-slate-fragment=\"JTVCJTdCJTIydHlwZSUyMiUzQSUyMnBhcmFncmFwaCUyMiUyQyUyMmNoaWxkcmVuJTIyJTNBJTVCJTdCJTIyaWQlMjIlM0ElMjJLMHFRUWVNdnE3JTIyJTJDJTIycGFyYUlkeCUyMiUzQTAlMkMlMjJzcmMlMjIlM0ElMjJmdWxsJTIwcmFuZ2UlMjBvZiUyMG1vZGxlJTIyJTJDJTIyZHN0JTIyJTNBJTIyJUU1JTg1JUE4JUU3JUIzJUJCJUU1JTg4JTk3JUU2JUE4JUExJUU1JTlFJThCJTIyJTJDJTIybWV0YWRhdGElMjIlM0ElMjIlMjIlMkMlMjJtYXRjaGVzJTIyJTNBbnVsbCUyQyUyMm1ldGFEYXRhJTIyJTNBJTVCJTVEJTJDJTIydGV4dCUyMiUzQSUyMmZ1bGwlMjByYW5nZSUyMG9mJTIwbW9kbGUlMjIlN0QlNUQlN0QlNUQ=\">Tam Kapsaml\u0131 Mod\u00fcl<\/span><\/li>\n<\/ul>","protected":false},"featured_media":626,"template":"","meta":{"inline_featured_image":false,"_kad_post_transparent":"default","_kad_post_title":"","_kad_post_layout":"default","_kad_post_sidebar_id":"","_kad_post_content_style":"default","_kad_post_vertical_padding":"default","_kad_post_feature":"","_kad_post_feature_position":"","_kad_post_header":false,"_kad_post_footer":false},"product_brand":[],"product_cat":[27],"product_tag":[],"class_list":{"0":"post-625","1":"product","2":"type-product","3":"status-publish","4":"has-post-thumbnail","6":"product_cat-encryption","8":"first","9":"instock","10":"shipping-taxable","11":"product-type-simple","12":"entry","13":"content-bg","14":"loop-entry"},"yoast_head":"<!-- This site is optimized with the Yoast SEO plugin v25.4 - https:\/\/yoast.com\/wordpress\/plugins\/seo\/ -->\n<title>1200-24 In The Pit Tyre Protection Chain from TONGWEI Manufacture - twchains<\/title>\n<meta name=\"robots\" content=\"index, follow, max-snippet:-1, max-image-preview:large, max-video-preview:-1\" \/>\n<link rel=\"canonical\" href=\"https:\/\/twchains.com\/tr\/urun\/1200-24-in-the-pit-tyre-protection-chain-from-tongwei-manufacture\/\" \/>\n<meta property=\"og:locale\" content=\"tr_TR\" \/>\n<meta property=\"og:type\" content=\"article\" \/>\n<meta property=\"og:title\" content=\"1200-24 In The Pit Tyre Protection Chain from TONGWEI Manufacture - twchains\" \/>\n<meta property=\"og:description\" content=\"Long Warranty  Full Range of Modle\" \/>\n<meta property=\"og:url\" content=\"https:\/\/twchains.com\/tr\/urun\/1200-24-in-the-pit-tyre-protection-chain-from-tongwei-manufacture\/\" \/>\n<meta property=\"og:site_name\" content=\"twchains\" \/>\n<meta property=\"og:image\" content=\"https:\/\/twchains.com\/wp-content\/uploads\/2025\/04\/1-2.jpg\" \/>\n\t<meta property=\"og:image:width\" content=\"1024\" \/>\n\t<meta property=\"og:image:height\" content=\"768\" \/>\n\t<meta property=\"og:image:type\" content=\"image\/jpeg\" \/>\n<meta name=\"twitter:card\" content=\"summary_large_image\" \/>\n<meta name=\"twitter:label1\" content=\"Tahmini okuma s\u00fcresi\" \/>\n\t<meta name=\"twitter:data1\" content=\"1 dakika\" \/>\n<script type=\"application\/ld+json\" class=\"yoast-schema-graph\">{\"@context\":\"https:\/\/schema.org\",\"@graph\":[{\"@type\":\"WebPage\",\"@id\":\"https:\/\/twchains.com\/product\/1200-24-in-the-pit-tyre-protection-chain-from-tongwei-manufacture\/\",\"url\":\"https:\/\/twchains.com\/product\/1200-24-in-the-pit-tyre-protection-chain-from-tongwei-manufacture\/\",\"name\":\"1200-24 In The Pit Tyre Protection Chain from TONGWEI Manufacture - twchains\",\"isPartOf\":{\"@id\":\"https:\/\/twchains.com\/#website\"},\"primaryImageOfPage\":{\"@id\":\"https:\/\/twchains.com\/product\/1200-24-in-the-pit-tyre-protection-chain-from-tongwei-manufacture\/#primaryimage\"},\"image\":{\"@id\":\"https:\/\/twchains.com\/product\/1200-24-in-the-pit-tyre-protection-chain-from-tongwei-manufacture\/#primaryimage\"},\"thumbnailUrl\":\"https:\/\/twchains.com\/wp-content\/uploads\/2025\/04\/1-2.jpg\",\"datePublished\":\"2025-04-25T03:14:50+00:00\",\"breadcrumb\":{\"@id\":\"https:\/\/twchains.com\/product\/1200-24-in-the-pit-tyre-protection-chain-from-tongwei-manufacture\/#breadcrumb\"},\"inLanguage\":\"tr\",\"potentialAction\":[{\"@type\":\"ReadAction\",\"target\":[\"https:\/\/twchains.com\/product\/1200-24-in-the-pit-tyre-protection-chain-from-tongwei-manufacture\/\"]}]},{\"@type\":\"ImageObject\",\"inLanguage\":\"tr\",\"@id\":\"https:\/\/twchains.com\/product\/1200-24-in-the-pit-tyre-protection-chain-from-tongwei-manufacture\/#primaryimage\",\"url\":\"https:\/\/twchains.com\/wp-content\/uploads\/2025\/04\/1-2.jpg\",\"contentUrl\":\"https:\/\/twchains.com\/wp-content\/uploads\/2025\/04\/1-2.jpg\",\"width\":1024,\"height\":768},{\"@type\":\"BreadcrumbList\",\"@id\":\"https:\/\/twchains.com\/product\/1200-24-in-the-pit-tyre-protection-chain-from-tongwei-manufacture\/#breadcrumb\",\"itemListElement\":[{\"@type\":\"ListItem\",\"position\":1,\"name\":\"Home\",\"item\":\"https:\/\/twchains.com\/\"},{\"@type\":\"ListItem\",\"position\":2,\"name\":\"Products\",\"item\":\"https:\/\/twchains.com\/products\/\"},{\"@type\":\"ListItem\",\"position\":3,\"name\":\"1200-24 In The Pit Tyre Protection Chain from TONGWEI Manufacture\"}]},{\"@type\":\"WebSite\",\"@id\":\"https:\/\/twchains.com\/#website\",\"url\":\"https:\/\/twchains.com\/\",\"name\":\"twchains\",\"description\":\"\",\"publisher\":{\"@id\":\"https:\/\/twchains.com\/#organization\"},\"potentialAction\":[{\"@type\":\"SearchAction\",\"target\":{\"@type\":\"EntryPoint\",\"urlTemplate\":\"https:\/\/twchains.com\/?s={search_term_string}\"},\"query-input\":{\"@type\":\"PropertyValueSpecification\",\"valueRequired\":true,\"valueName\":\"search_term_string\"}}],\"inLanguage\":\"tr\"},{\"@type\":\"Organization\",\"@id\":\"https:\/\/twchains.com\/#organization\",\"name\":\"twchains\",\"url\":\"https:\/\/twchains.com\/\",\"logo\":{\"@type\":\"ImageObject\",\"inLanguage\":\"tr\",\"@id\":\"https:\/\/twchains.com\/#\/schema\/logo\/image\/\",\"url\":\"https:\/\/twchains.com\/wp-content\/uploads\/2025\/04\/tongwei-logo-100.svg\",\"contentUrl\":\"https:\/\/twchains.com\/wp-content\/uploads\/2025\/04\/tongwei-logo-100.svg\",\"width\":128,\"height\":100,\"caption\":\"twchains\"},\"image\":{\"@id\":\"https:\/\/twchains.com\/#\/schema\/logo\/image\/\"}}]}<\/script>\n<!-- \/ Yoast SEO plugin. -->","yoast_head_json":{"title":"1200-24 In The Pit Tyre Protection Chain from TONGWEI Manufacture - twchains","robots":{"index":"index","follow":"follow","max-snippet":"max-snippet:-1","max-image-preview":"max-image-preview:large","max-video-preview":"max-video-preview:-1"},"canonical":"https:\/\/twchains.com\/tr\/urun\/1200-24-in-the-pit-tyre-protection-chain-from-tongwei-manufacture\/","og_locale":"tr_TR","og_type":"article","og_title":"1200-24 In The Pit Tyre Protection Chain from TONGWEI Manufacture - twchains","og_description":"Long Warranty  Full Range of Modle","og_url":"https:\/\/twchains.com\/tr\/urun\/1200-24-in-the-pit-tyre-protection-chain-from-tongwei-manufacture\/","og_site_name":"twchains","og_image":[{"width":1024,"height":768,"url":"https:\/\/twchains.com\/wp-content\/uploads\/2025\/04\/1-2.jpg","type":"image\/jpeg"}],"twitter_card":"summary_large_image","twitter_misc":{"Tahmini okuma s\u00fcresi":"1 dakika"},"schema":{"@context":"https:\/\/schema.org","@graph":[{"@type":"WebPage","@id":"https:\/\/twchains.com\/product\/1200-24-in-the-pit-tyre-protection-chain-from-tongwei-manufacture\/","url":"https:\/\/twchains.com\/product\/1200-24-in-the-pit-tyre-protection-chain-from-tongwei-manufacture\/","name":"1200-24 In The Pit Tyre Protection Chain from TONGWEI Manufacture - twchains","isPartOf":{"@id":"https:\/\/twchains.com\/#website"},"primaryImageOfPage":{"@id":"https:\/\/twchains.com\/product\/1200-24-in-the-pit-tyre-protection-chain-from-tongwei-manufacture\/#primaryimage"},"image":{"@id":"https:\/\/twchains.com\/product\/1200-24-in-the-pit-tyre-protection-chain-from-tongwei-manufacture\/#primaryimage"},"thumbnailUrl":"https:\/\/twchains.com\/wp-content\/uploads\/2025\/04\/1-2.jpg","datePublished":"2025-04-25T03:14:50+00:00","breadcrumb":{"@id":"https:\/\/twchains.com\/product\/1200-24-in-the-pit-tyre-protection-chain-from-tongwei-manufacture\/#breadcrumb"},"inLanguage":"tr","potentialAction":[{"@type":"ReadAction","target":["https:\/\/twchains.com\/product\/1200-24-in-the-pit-tyre-protection-chain-from-tongwei-manufacture\/"]}]},{"@type":"ImageObject","inLanguage":"tr","@id":"https:\/\/twchains.com\/product\/1200-24-in-the-pit-tyre-protection-chain-from-tongwei-manufacture\/#primaryimage","url":"https:\/\/twchains.com\/wp-content\/uploads\/2025\/04\/1-2.jpg","contentUrl":"https:\/\/twchains.com\/wp-content\/uploads\/2025\/04\/1-2.jpg","width":1024,"height":768},{"@type":"BreadcrumbList","@id":"https:\/\/twchains.com\/product\/1200-24-in-the-pit-tyre-protection-chain-from-tongwei-manufacture\/#breadcrumb","itemListElement":[{"@type":"ListItem","position":1,"name":"Home","item":"https:\/\/twchains.com\/"},{"@type":"ListItem","position":2,"name":"Products","item":"https:\/\/twchains.com\/products\/"},{"@type":"ListItem","position":3,"name":"1200-24 In The Pit Tyre Protection Chain from TONGWEI Manufacture"}]},{"@type":"WebSite","@id":"https:\/\/twchains.com\/#website","url":"https:\/\/twchains.com\/","name":"twchains","description":"","publisher":{"@id":"https:\/\/twchains.com\/#organization"},"potentialAction":[{"@type":"SearchAction","target":{"@type":"EntryPoint","urlTemplate":"https:\/\/twchains.com\/?s={search_term_string}"},"query-input":{"@type":"PropertyValueSpecification","valueRequired":true,"valueName":"search_term_string"}}],"inLanguage":"tr"},{"@type":"Organization","@id":"https:\/\/twchains.com\/#organization","name":"twchains","url":"https:\/\/twchains.com\/","logo":{"@type":"ImageObject","inLanguage":"tr","@id":"https:\/\/twchains.com\/#\/schema\/logo\/image\/","url":"https:\/\/twchains.com\/wp-content\/uploads\/2025\/04\/tongwei-logo-100.svg","contentUrl":"https:\/\/twchains.com\/wp-content\/uploads\/2025\/04\/tongwei-logo-100.svg","width":128,"height":100,"caption":"twchains"},"image":{"@id":"https:\/\/twchains.com\/#\/schema\/logo\/image\/"}}]}},"_links":{"self":[{"href":"https:\/\/twchains.com\/tr\/wp-json\/wp\/v2\/product\/625","targetHints":{"allow":["GET"]}}],"collection":[{"href":"https:\/\/twchains.com\/tr\/wp-json\/wp\/v2\/product"}],"about":[{"href":"https:\/\/twchains.com\/tr\/wp-json\/wp\/v2\/types\/product"}],"wp:featuredmedia":[{"embeddable":true,"href":"https:\/\/twchains.com\/tr\/wp-json\/wp\/v2\/media\/626"}],"wp:attachment":[{"href":"https:\/\/twchains.com\/tr\/wp-json\/wp\/v2\/media?parent=625"}],"wp:term":[{"taxonomy":"product_brand","embeddable":true,"href":"https:\/\/twchains.com\/tr\/wp-json\/wp\/v2\/product_brand?post=625"},{"taxonomy":"product_cat","embeddable":true,"href":"https:\/\/twchains.com\/tr\/wp-json\/wp\/v2\/product_cat?post=625"},{"taxonomy":"product_tag","embeddable":true,"href":"https:\/\/twchains.com\/tr\/wp-json\/wp\/v2\/product_tag?post=625"}],"curies":[{"name":"wp","href":"https:\/\/api.w.org\/{rel}","templated":true}]}}