{"id":627,"date":"2025-04-25T03:35:45","date_gmt":"2025-04-25T03:35:45","guid":{"rendered":"https:\/\/twchains.com\/?post_type=product&#038;p=627"},"modified":"2025-04-29T04:29:54","modified_gmt":"2025-04-29T04:29:54","slug":"supplier-of-loader-tire-chains-for-underground-tunnel-working-application","status":"publish","type":"product","link":"https:\/\/twchains.com\/tr\/urun\/supplier-of-loader-tire-chains-for-underground-tunnel-working-application\/","title":{"rendered":"Yeralt\u0131 T\u00fcneli \u00c7al\u0131\u015fma Uygulamas\u0131 i\u00e7in Y\u00fckleyici Lastik Zincirleri Tedarik\u00e7isi"},"content":{"rendered":"<p>\u015eifreli blok lastik koruma zinciri t\u00fcnel \u00e7al\u0131\u015fma ortamlar\u0131 i\u00e7in iyi bir se\u00e7im olsa da, ger\u00e7ek hayattaki vakalara dayanarak, baz\u0131 m\u00fc\u015fteriler \u015fifreli blok lastik koruma zincirlerinin \u00e7ok a\u011f\u0131r oldu\u011funu d\u00fc\u015f\u00fcnebilir ve dayan\u0131kl\u0131 a\u015f\u0131nma direncine sahip daha hafif zincirler isteyebilir. Pazar ara\u015ft\u0131rmas\u0131na dayanarak, \u015fifreli bloklara k\u0131yasla daha hafif olan ve \u015fifreli blok zincirlerle ayn\u0131 kal\u0131nl\u0131kta a\u015f\u0131nmaya dayan\u0131kl\u0131 y\u00fczeye sahip olan 14 mm halka takviyeli koruyucu zincir \u00fcrettik.<\/p>\n<ul>\n<li>Hafif tasar\u0131m, daha g\u00fc\u00e7l\u00fc manevra kabiliyeti: Geleneksel \u015fifreli blok zincirleriyle kar\u015f\u0131la\u015ft\u0131r\u0131ld\u0131\u011f\u0131nda, a\u011f\u0131rl\u0131\u011f\u0131 yakla\u015f\u0131k 25% -63% azalt\u0131r, cihaz y\u00fck\u00fcn\u00fc azalt\u0131r, yak\u0131t t\u00fcketiminden tasarruf sa\u011flar ve y\u00fcksek gerilme mukavemetini korur.<\/li>\n<li>14 halka yo\u011fun d\u00fczenleme + a\u015f\u0131nmaya dayan\u0131kl\u0131 kal\u0131nla\u015ft\u0131rma, konfig\u00fcrasyonu azaltmadan dayan\u0131kl\u0131<\/li>\n<li>Maksimum topraklama alan\u0131 sa\u011flamak i\u00e7in aral\u0131klar\u0131n bilimsel da\u011f\u0131l\u0131m\u0131;<\/li>\n<li>Anahtar temas y\u00fczeyinin kal\u0131nl\u0131\u011f\u0131 \u015fifrelenmi\u015f blok zinciri (22mm-28mm) ile tutarl\u0131d\u0131r ve a\u015f\u0131nmaya dayan\u0131kl\u0131 katman, hizmet \u00f6mr\u00fcn\u00fc uzatmak i\u00e7in su verme teknolojisi ile i\u015flenir.<\/li>\n<\/ul>\n<p>#underground#tunnel#tyrechains#tyreprotectionchain#chainblock<\/p>","protected":false},"excerpt":{"rendered":"<ul>\n<li>Ana Bile\u015fen Boyutlar\u0131 (G x Y x L): 35x43x75mm.<\/li>\n<li>Kaliteli Lastik Koruma Zincirleri \u0130malat\u0131<\/li>\n<\/ul>","protected":false},"featured_media":568,"template":"","meta":{"inline_featured_image":false,"_kad_post_transparent":"default","_kad_post_title":"","_kad_post_layout":"default","_kad_post_sidebar_id":"","_kad_post_content_style":"default","_kad_post_vertical_padding":"default","_kad_post_feature":"","_kad_post_feature_position":"","_kad_post_header":false,"_kad_post_footer":false},"product_brand":[],"product_cat":[30,26],"product_tag":[],"class_list":{"0":"post-627","1":"product","2":"type-product","3":"status-publish","4":"has-post-thumbnail","6":"product_cat-loader-grader-tire-chain","7":"product_cat-reinforced","9":"first","10":"instock","11":"shipping-taxable","12":"product-type-simple","13":"entry","14":"content-bg","15":"loop-entry"},"yoast_head":"<!-- This site is optimized with the Yoast SEO plugin v25.4 - https:\/\/yoast.com\/wordpress\/plugins\/seo\/ -->\n<title>Supplier of Loader Tire Chains for Underground Tunnel Working Application - twchains<\/title>\n<meta name=\"robots\" content=\"index, follow, max-snippet:-1, max-image-preview:large, max-video-preview:-1\" \/>\n<link rel=\"canonical\" href=\"https:\/\/twchains.com\/tr\/urun\/supplier-of-loader-tire-chains-for-underground-tunnel-working-application\/\" \/>\n<meta property=\"og:locale\" content=\"tr_TR\" \/>\n<meta property=\"og:type\" content=\"article\" \/>\n<meta property=\"og:title\" content=\"Supplier of Loader Tire Chains for Underground Tunnel Working Application - twchains\" \/>\n<meta property=\"og:description\" content=\"Main Component Dimension(W x H x L): 35x43x75mm.  Quality Tire Protection Chains Manufacturing\" \/>\n<meta property=\"og:url\" content=\"https:\/\/twchains.com\/tr\/urun\/supplier-of-loader-tire-chains-for-underground-tunnel-working-application\/\" \/>\n<meta property=\"og:site_name\" content=\"twchains\" \/>\n<meta property=\"article:modified_time\" content=\"2025-04-29T04:29:54+00:00\" \/>\n<meta property=\"og:image\" content=\"https:\/\/twchains.com\/wp-content\/uploads\/2025\/04\/aebb6ebb6d53fb754e404b056e05d3f.jpg\" \/>\n\t<meta property=\"og:image:width\" content=\"1280\" \/>\n\t<meta property=\"og:image:height\" content=\"1706\" \/>\n\t<meta property=\"og:image:type\" content=\"image\/jpeg\" \/>\n<meta name=\"twitter:card\" content=\"summary_large_image\" \/>\n<meta name=\"twitter:label1\" content=\"Tahmini okuma s\u00fcresi\" \/>\n\t<meta name=\"twitter:data1\" content=\"1 dakika\" \/>\n<script type=\"application\/ld+json\" class=\"yoast-schema-graph\">{\"@context\":\"https:\/\/schema.org\",\"@graph\":[{\"@type\":\"WebPage\",\"@id\":\"https:\/\/twchains.com\/product\/supplier-of-loader-tire-chains-for-underground-tunnel-working-application\/\",\"url\":\"https:\/\/twchains.com\/product\/supplier-of-loader-tire-chains-for-underground-tunnel-working-application\/\",\"name\":\"Supplier of Loader Tire Chains for Underground Tunnel Working Application - twchains\",\"isPartOf\":{\"@id\":\"https:\/\/twchains.com\/#website\"},\"primaryImageOfPage\":{\"@id\":\"https:\/\/twchains.com\/product\/supplier-of-loader-tire-chains-for-underground-tunnel-working-application\/#primaryimage\"},\"image\":{\"@id\":\"https:\/\/twchains.com\/product\/supplier-of-loader-tire-chains-for-underground-tunnel-working-application\/#primaryimage\"},\"thumbnailUrl\":\"https:\/\/twchains.com\/wp-content\/uploads\/2025\/04\/aebb6ebb6d53fb754e404b056e05d3f.jpg\",\"datePublished\":\"2025-04-25T03:35:45+00:00\",\"dateModified\":\"2025-04-29T04:29:54+00:00\",\"breadcrumb\":{\"@id\":\"https:\/\/twchains.com\/product\/supplier-of-loader-tire-chains-for-underground-tunnel-working-application\/#breadcrumb\"},\"inLanguage\":\"tr\",\"potentialAction\":[{\"@type\":\"ReadAction\",\"target\":[\"https:\/\/twchains.com\/product\/supplier-of-loader-tire-chains-for-underground-tunnel-working-application\/\"]}]},{\"@type\":\"ImageObject\",\"inLanguage\":\"tr\",\"@id\":\"https:\/\/twchains.com\/product\/supplier-of-loader-tire-chains-for-underground-tunnel-working-application\/#primaryimage\",\"url\":\"https:\/\/twchains.com\/wp-content\/uploads\/2025\/04\/aebb6ebb6d53fb754e404b056e05d3f.jpg\",\"contentUrl\":\"https:\/\/twchains.com\/wp-content\/uploads\/2025\/04\/aebb6ebb6d53fb754e404b056e05d3f.jpg\",\"width\":1280,\"height\":1706},{\"@type\":\"BreadcrumbList\",\"@id\":\"https:\/\/twchains.com\/product\/supplier-of-loader-tire-chains-for-underground-tunnel-working-application\/#breadcrumb\",\"itemListElement\":[{\"@type\":\"ListItem\",\"position\":1,\"name\":\"Home\",\"item\":\"https:\/\/twchains.com\/\"},{\"@type\":\"ListItem\",\"position\":2,\"name\":\"Products\",\"item\":\"https:\/\/twchains.com\/products\/\"},{\"@type\":\"ListItem\",\"position\":3,\"name\":\"Supplier of Loader Tire Chains for Underground Tunnel Working Application\"}]},{\"@type\":\"WebSite\",\"@id\":\"https:\/\/twchains.com\/#website\",\"url\":\"https:\/\/twchains.com\/\",\"name\":\"twchains\",\"description\":\"\",\"publisher\":{\"@id\":\"https:\/\/twchains.com\/#organization\"},\"potentialAction\":[{\"@type\":\"SearchAction\",\"target\":{\"@type\":\"EntryPoint\",\"urlTemplate\":\"https:\/\/twchains.com\/?s={search_term_string}\"},\"query-input\":{\"@type\":\"PropertyValueSpecification\",\"valueRequired\":true,\"valueName\":\"search_term_string\"}}],\"inLanguage\":\"tr\"},{\"@type\":\"Organization\",\"@id\":\"https:\/\/twchains.com\/#organization\",\"name\":\"twchains\",\"url\":\"https:\/\/twchains.com\/\",\"logo\":{\"@type\":\"ImageObject\",\"inLanguage\":\"tr\",\"@id\":\"https:\/\/twchains.com\/#\/schema\/logo\/image\/\",\"url\":\"https:\/\/twchains.com\/wp-content\/uploads\/2025\/04\/tongwei-logo-100.svg\",\"contentUrl\":\"https:\/\/twchains.com\/wp-content\/uploads\/2025\/04\/tongwei-logo-100.svg\",\"width\":128,\"height\":100,\"caption\":\"twchains\"},\"image\":{\"@id\":\"https:\/\/twchains.com\/#\/schema\/logo\/image\/\"}}]}<\/script>\n<!-- \/ Yoast SEO plugin. -->","yoast_head_json":{"title":"Supplier of Loader Tire Chains for Underground Tunnel Working Application - twchains","robots":{"index":"index","follow":"follow","max-snippet":"max-snippet:-1","max-image-preview":"max-image-preview:large","max-video-preview":"max-video-preview:-1"},"canonical":"https:\/\/twchains.com\/tr\/urun\/supplier-of-loader-tire-chains-for-underground-tunnel-working-application\/","og_locale":"tr_TR","og_type":"article","og_title":"Supplier of Loader Tire Chains for Underground Tunnel Working Application - twchains","og_description":"Main Component Dimension(W x H x L): 35x43x75mm.  Quality Tire Protection Chains Manufacturing","og_url":"https:\/\/twchains.com\/tr\/urun\/supplier-of-loader-tire-chains-for-underground-tunnel-working-application\/","og_site_name":"twchains","article_modified_time":"2025-04-29T04:29:54+00:00","og_image":[{"width":1280,"height":1706,"url":"https:\/\/twchains.com\/wp-content\/uploads\/2025\/04\/aebb6ebb6d53fb754e404b056e05d3f.jpg","type":"image\/jpeg"}],"twitter_card":"summary_large_image","twitter_misc":{"Tahmini okuma s\u00fcresi":"1 dakika"},"schema":{"@context":"https:\/\/schema.org","@graph":[{"@type":"WebPage","@id":"https:\/\/twchains.com\/product\/supplier-of-loader-tire-chains-for-underground-tunnel-working-application\/","url":"https:\/\/twchains.com\/product\/supplier-of-loader-tire-chains-for-underground-tunnel-working-application\/","name":"Supplier of Loader Tire Chains for Underground Tunnel Working Application - twchains","isPartOf":{"@id":"https:\/\/twchains.com\/#website"},"primaryImageOfPage":{"@id":"https:\/\/twchains.com\/product\/supplier-of-loader-tire-chains-for-underground-tunnel-working-application\/#primaryimage"},"image":{"@id":"https:\/\/twchains.com\/product\/supplier-of-loader-tire-chains-for-underground-tunnel-working-application\/#primaryimage"},"thumbnailUrl":"https:\/\/twchains.com\/wp-content\/uploads\/2025\/04\/aebb6ebb6d53fb754e404b056e05d3f.jpg","datePublished":"2025-04-25T03:35:45+00:00","dateModified":"2025-04-29T04:29:54+00:00","breadcrumb":{"@id":"https:\/\/twchains.com\/product\/supplier-of-loader-tire-chains-for-underground-tunnel-working-application\/#breadcrumb"},"inLanguage":"tr","potentialAction":[{"@type":"ReadAction","target":["https:\/\/twchains.com\/product\/supplier-of-loader-tire-chains-for-underground-tunnel-working-application\/"]}]},{"@type":"ImageObject","inLanguage":"tr","@id":"https:\/\/twchains.com\/product\/supplier-of-loader-tire-chains-for-underground-tunnel-working-application\/#primaryimage","url":"https:\/\/twchains.com\/wp-content\/uploads\/2025\/04\/aebb6ebb6d53fb754e404b056e05d3f.jpg","contentUrl":"https:\/\/twchains.com\/wp-content\/uploads\/2025\/04\/aebb6ebb6d53fb754e404b056e05d3f.jpg","width":1280,"height":1706},{"@type":"BreadcrumbList","@id":"https:\/\/twchains.com\/product\/supplier-of-loader-tire-chains-for-underground-tunnel-working-application\/#breadcrumb","itemListElement":[{"@type":"ListItem","position":1,"name":"Home","item":"https:\/\/twchains.com\/"},{"@type":"ListItem","position":2,"name":"Products","item":"https:\/\/twchains.com\/products\/"},{"@type":"ListItem","position":3,"name":"Supplier of Loader Tire Chains for Underground Tunnel Working Application"}]},{"@type":"WebSite","@id":"https:\/\/twchains.com\/#website","url":"https:\/\/twchains.com\/","name":"twchains","description":"","publisher":{"@id":"https:\/\/twchains.com\/#organization"},"potentialAction":[{"@type":"SearchAction","target":{"@type":"EntryPoint","urlTemplate":"https:\/\/twchains.com\/?s={search_term_string}"},"query-input":{"@type":"PropertyValueSpecification","valueRequired":true,"valueName":"search_term_string"}}],"inLanguage":"tr"},{"@type":"Organization","@id":"https:\/\/twchains.com\/#organization","name":"twchains","url":"https:\/\/twchains.com\/","logo":{"@type":"ImageObject","inLanguage":"tr","@id":"https:\/\/twchains.com\/#\/schema\/logo\/image\/","url":"https:\/\/twchains.com\/wp-content\/uploads\/2025\/04\/tongwei-logo-100.svg","contentUrl":"https:\/\/twchains.com\/wp-content\/uploads\/2025\/04\/tongwei-logo-100.svg","width":128,"height":100,"caption":"twchains"},"image":{"@id":"https:\/\/twchains.com\/#\/schema\/logo\/image\/"}}]}},"_links":{"self":[{"href":"https:\/\/twchains.com\/tr\/wp-json\/wp\/v2\/product\/627","targetHints":{"allow":["GET"]}}],"collection":[{"href":"https:\/\/twchains.com\/tr\/wp-json\/wp\/v2\/product"}],"about":[{"href":"https:\/\/twchains.com\/tr\/wp-json\/wp\/v2\/types\/product"}],"wp:featuredmedia":[{"embeddable":true,"href":"https:\/\/twchains.com\/tr\/wp-json\/wp\/v2\/media\/568"}],"wp:attachment":[{"href":"https:\/\/twchains.com\/tr\/wp-json\/wp\/v2\/media?parent=627"}],"wp:term":[{"taxonomy":"product_brand","embeddable":true,"href":"https:\/\/twchains.com\/tr\/wp-json\/wp\/v2\/product_brand?post=627"},{"taxonomy":"product_cat","embeddable":true,"href":"https:\/\/twchains.com\/tr\/wp-json\/wp\/v2\/product_cat?post=627"},{"taxonomy":"product_tag","embeddable":true,"href":"https:\/\/twchains.com\/tr\/wp-json\/wp\/v2\/product_tag?post=627"}],"curies":[{"name":"wp","href":"https:\/\/api.w.org\/{rel}","templated":true}]}}