{"id":628,"date":"2025-04-25T03:56:15","date_gmt":"2025-04-25T03:56:15","guid":{"rendered":"https:\/\/twchains.com\/?post_type=product&#038;p=628"},"modified":"2025-04-25T03:56:15","modified_gmt":"2025-04-25T03:56:15","slug":"23-5-25-wheel-loader-protector-chain-for-underground-iron-ore-mine","status":"publish","type":"product","link":"https:\/\/twchains.com\/tr\/urun\/23-5-25-wheel-loader-protector-chain-for-underground-iron-ore-mine\/","title":{"rendered":"Yeralt\u0131 Demir Cevheri Madeni i\u00e7in 23.5-25 Tekerlekli Y\u00fckleyici Koruyucu Zincir"},"content":{"rendered":"<p>16 mm halka takviyeli a\u015f\u0131nmaya dayan\u0131kl\u0131 kral lastik koruma zinciri - e\u011fimli \u015faft demir madeninin verimli \u00e7al\u0131\u015fmas\u0131<\/p>\n<p>E\u011fimli \u015faft demir madenlerindeki dik e\u011fimler, a\u011f\u0131r y\u00fckler ve \u00e7ok say\u0131da k\u0131rma ta\u015f\u0131n zorlu \u00e7al\u0131\u015fma ko\u015fullar\u0131 i\u00e7in 16 halkal\u0131 Yuanbao a\u015f\u0131nmaya dayan\u0131kl\u0131 king, zorlu ortamlara meydan okumak i\u00e7in \u00f6zel olarak tasarlanm\u0131\u015ft\u0131r! E\u015fsiz k\u00fcl\u00e7e \u015feklindeki zincir ba\u011flant\u0131 yap\u0131s\u0131 ve a\u015f\u0131nmaya kar\u015f\u0131 s\u00fcper dayan\u0131kl\u0131 form\u00fcl\u00fc, e\u011fimli \u015faft ta\u015f\u0131ma ekipman\u0131n\u0131n \"kaymaz z\u0131rh\u0131\" haline gelerek kavrama ve dayan\u0131kl\u0131l\u0131\u011f\u0131 \u00f6nemli \u00f6l\u00e7\u00fcde art\u0131rm\u0131\u015ft\u0131r.<\/p>\n<ul>\n<li>Yuanbao (G\u00fc\u00e7lendirilmi\u015f) \u015fekilli zincir baklas\u0131 tasar\u0131m\u0131, darbe direncini 50% art\u0131r\u0131r: \u00dc\u00e7 boyutlu bir k\u00fcl\u00e7e yap\u0131s\u0131 benimseyerek, darbe kuvvetini etkili bir \u015fekilde da\u011f\u0131t\u0131r, \u00e7ak\u0131l darbesinin neden oldu\u011fu deformasyonu veya k\u0131r\u0131lmay\u0131 \u00f6nler ve \u00f6zellikle s\u0131k s\u0131k yoku\u015f yukar\u0131 ve yoku\u015f a\u015fa\u011f\u0131 hareket eden e\u011fimli \u015faftlar\u0131n engebeli ortam\u0131 i\u00e7in uygundur.<\/li>\n<li>16 mm halka yo\u011fun d\u00fczenleme + derin desen \u0131s\u0131r\u0131\u011f\u0131, kayma \u00f6nleyici ve bas\u0131n\u00e7s\u0131z t\u0131rmanma Kurt di\u015fi \u015feklindeki \u00e7\u0131k\u0131nt\u0131larla birle\u015ftirilmi\u015f 16 halkal\u0131 yo\u011fun d\u00fczenleme, 30 \u00b0 'nin \u00fczerindeki dik e\u011fimlerde veya \u0131slak demir cevheri c\u00fcruf y\u00fczeylerinde bile zemine derinlemesine g\u00f6m\u00fcl\u00fcd\u00fcr, r\u00f6lantiyi ve kaymay\u0131 \u00f6nleyebilir ve \u00e7eki\u015f, raylar\u0131nkiyle kar\u015f\u0131la\u015ft\u0131r\u0131labilir.<\/li>\n<\/ul>\n<p>#IronOreMine#inthepit#extremeworkcondition#reinforcedchain#mine#marble#gianttyre#heavyduty#heavydutytruck<\/p>","protected":false},"excerpt":{"rendered":"<ul>\n<li>Dayan\u0131kl\u0131<\/li>\n<li>Kararl\u0131<\/li>\n<\/ul>","protected":false},"featured_media":629,"template":"","meta":{"inline_featured_image":false,"_kad_post_transparent":"default","_kad_post_title":"","_kad_post_layout":"default","_kad_post_sidebar_id":"","_kad_post_content_style":"default","_kad_post_vertical_padding":"default","_kad_post_feature":"","_kad_post_feature_position":"","_kad_post_header":false,"_kad_post_footer":false},"product_brand":[],"product_cat":[26],"product_tag":[],"class_list":{"0":"post-628","1":"product","2":"type-product","3":"status-publish","4":"has-post-thumbnail","6":"product_cat-reinforced","8":"first","9":"instock","10":"shipping-taxable","11":"product-type-simple","12":"entry","13":"content-bg","14":"loop-entry"},"yoast_head":"<!-- This site is optimized with the Yoast SEO plugin v25.4 - https:\/\/yoast.com\/wordpress\/plugins\/seo\/ -->\n<title>23.5-25 Wheel Loader Protector Chain for Underground Iron Ore Mine - twchains<\/title>\n<meta name=\"robots\" content=\"index, follow, max-snippet:-1, max-image-preview:large, max-video-preview:-1\" \/>\n<link rel=\"canonical\" href=\"https:\/\/twchains.com\/tr\/urun\/23-5-25-wheel-loader-protector-chain-for-underground-iron-ore-mine\/\" \/>\n<meta property=\"og:locale\" content=\"tr_TR\" \/>\n<meta property=\"og:type\" content=\"article\" \/>\n<meta property=\"og:title\" content=\"23.5-25 Wheel Loader Protector Chain for Underground Iron Ore Mine - twchains\" \/>\n<meta property=\"og:description\" content=\"Durable  Stable\" \/>\n<meta property=\"og:url\" content=\"https:\/\/twchains.com\/tr\/urun\/23-5-25-wheel-loader-protector-chain-for-underground-iron-ore-mine\/\" \/>\n<meta property=\"og:site_name\" content=\"twchains\" \/>\n<meta property=\"og:image\" content=\"https:\/\/twchains.com\/wp-content\/uploads\/2025\/04\/2.png\" \/>\n\t<meta property=\"og:image:width\" content=\"592\" \/>\n\t<meta property=\"og:image:height\" content=\"559\" \/>\n\t<meta property=\"og:image:type\" content=\"image\/png\" \/>\n<meta name=\"twitter:card\" content=\"summary_large_image\" \/>\n<meta name=\"twitter:label1\" content=\"Tahmini okuma s\u00fcresi\" \/>\n\t<meta name=\"twitter:data1\" content=\"1 dakika\" \/>\n<script type=\"application\/ld+json\" class=\"yoast-schema-graph\">{\"@context\":\"https:\/\/schema.org\",\"@graph\":[{\"@type\":\"WebPage\",\"@id\":\"https:\/\/twchains.com\/product\/23-5-25-wheel-loader-protector-chain-for-underground-iron-ore-mine\/\",\"url\":\"https:\/\/twchains.com\/product\/23-5-25-wheel-loader-protector-chain-for-underground-iron-ore-mine\/\",\"name\":\"23.5-25 Wheel Loader Protector Chain for Underground Iron Ore Mine - twchains\",\"isPartOf\":{\"@id\":\"https:\/\/twchains.com\/#website\"},\"primaryImageOfPage\":{\"@id\":\"https:\/\/twchains.com\/product\/23-5-25-wheel-loader-protector-chain-for-underground-iron-ore-mine\/#primaryimage\"},\"image\":{\"@id\":\"https:\/\/twchains.com\/product\/23-5-25-wheel-loader-protector-chain-for-underground-iron-ore-mine\/#primaryimage\"},\"thumbnailUrl\":\"https:\/\/twchains.com\/wp-content\/uploads\/2025\/04\/2.png\",\"datePublished\":\"2025-04-25T03:56:15+00:00\",\"breadcrumb\":{\"@id\":\"https:\/\/twchains.com\/product\/23-5-25-wheel-loader-protector-chain-for-underground-iron-ore-mine\/#breadcrumb\"},\"inLanguage\":\"tr\",\"potentialAction\":[{\"@type\":\"ReadAction\",\"target\":[\"https:\/\/twchains.com\/product\/23-5-25-wheel-loader-protector-chain-for-underground-iron-ore-mine\/\"]}]},{\"@type\":\"ImageObject\",\"inLanguage\":\"tr\",\"@id\":\"https:\/\/twchains.com\/product\/23-5-25-wheel-loader-protector-chain-for-underground-iron-ore-mine\/#primaryimage\",\"url\":\"https:\/\/twchains.com\/wp-content\/uploads\/2025\/04\/2.png\",\"contentUrl\":\"https:\/\/twchains.com\/wp-content\/uploads\/2025\/04\/2.png\",\"width\":592,\"height\":559},{\"@type\":\"BreadcrumbList\",\"@id\":\"https:\/\/twchains.com\/product\/23-5-25-wheel-loader-protector-chain-for-underground-iron-ore-mine\/#breadcrumb\",\"itemListElement\":[{\"@type\":\"ListItem\",\"position\":1,\"name\":\"Home\",\"item\":\"https:\/\/twchains.com\/\"},{\"@type\":\"ListItem\",\"position\":2,\"name\":\"Products\",\"item\":\"https:\/\/twchains.com\/products\/\"},{\"@type\":\"ListItem\",\"position\":3,\"name\":\"23.5-25 Wheel Loader Protector Chain for Underground Iron Ore Mine\"}]},{\"@type\":\"WebSite\",\"@id\":\"https:\/\/twchains.com\/#website\",\"url\":\"https:\/\/twchains.com\/\",\"name\":\"twchains\",\"description\":\"\",\"publisher\":{\"@id\":\"https:\/\/twchains.com\/#organization\"},\"potentialAction\":[{\"@type\":\"SearchAction\",\"target\":{\"@type\":\"EntryPoint\",\"urlTemplate\":\"https:\/\/twchains.com\/?s={search_term_string}\"},\"query-input\":{\"@type\":\"PropertyValueSpecification\",\"valueRequired\":true,\"valueName\":\"search_term_string\"}}],\"inLanguage\":\"tr\"},{\"@type\":\"Organization\",\"@id\":\"https:\/\/twchains.com\/#organization\",\"name\":\"twchains\",\"url\":\"https:\/\/twchains.com\/\",\"logo\":{\"@type\":\"ImageObject\",\"inLanguage\":\"tr\",\"@id\":\"https:\/\/twchains.com\/#\/schema\/logo\/image\/\",\"url\":\"https:\/\/twchains.com\/wp-content\/uploads\/2025\/04\/tongwei-logo-100.svg\",\"contentUrl\":\"https:\/\/twchains.com\/wp-content\/uploads\/2025\/04\/tongwei-logo-100.svg\",\"width\":128,\"height\":100,\"caption\":\"twchains\"},\"image\":{\"@id\":\"https:\/\/twchains.com\/#\/schema\/logo\/image\/\"}}]}<\/script>\n<!-- \/ Yoast SEO plugin. -->","yoast_head_json":{"title":"23.5-25 Wheel Loader Protector Chain for Underground Iron Ore Mine - twchains","robots":{"index":"index","follow":"follow","max-snippet":"max-snippet:-1","max-image-preview":"max-image-preview:large","max-video-preview":"max-video-preview:-1"},"canonical":"https:\/\/twchains.com\/tr\/urun\/23-5-25-wheel-loader-protector-chain-for-underground-iron-ore-mine\/","og_locale":"tr_TR","og_type":"article","og_title":"23.5-25 Wheel Loader Protector Chain for Underground Iron Ore Mine - twchains","og_description":"Durable  Stable","og_url":"https:\/\/twchains.com\/tr\/urun\/23-5-25-wheel-loader-protector-chain-for-underground-iron-ore-mine\/","og_site_name":"twchains","og_image":[{"width":592,"height":559,"url":"https:\/\/twchains.com\/wp-content\/uploads\/2025\/04\/2.png","type":"image\/png"}],"twitter_card":"summary_large_image","twitter_misc":{"Tahmini okuma s\u00fcresi":"1 dakika"},"schema":{"@context":"https:\/\/schema.org","@graph":[{"@type":"WebPage","@id":"https:\/\/twchains.com\/product\/23-5-25-wheel-loader-protector-chain-for-underground-iron-ore-mine\/","url":"https:\/\/twchains.com\/product\/23-5-25-wheel-loader-protector-chain-for-underground-iron-ore-mine\/","name":"23.5-25 Wheel Loader Protector Chain for Underground Iron Ore Mine - twchains","isPartOf":{"@id":"https:\/\/twchains.com\/#website"},"primaryImageOfPage":{"@id":"https:\/\/twchains.com\/product\/23-5-25-wheel-loader-protector-chain-for-underground-iron-ore-mine\/#primaryimage"},"image":{"@id":"https:\/\/twchains.com\/product\/23-5-25-wheel-loader-protector-chain-for-underground-iron-ore-mine\/#primaryimage"},"thumbnailUrl":"https:\/\/twchains.com\/wp-content\/uploads\/2025\/04\/2.png","datePublished":"2025-04-25T03:56:15+00:00","breadcrumb":{"@id":"https:\/\/twchains.com\/product\/23-5-25-wheel-loader-protector-chain-for-underground-iron-ore-mine\/#breadcrumb"},"inLanguage":"tr","potentialAction":[{"@type":"ReadAction","target":["https:\/\/twchains.com\/product\/23-5-25-wheel-loader-protector-chain-for-underground-iron-ore-mine\/"]}]},{"@type":"ImageObject","inLanguage":"tr","@id":"https:\/\/twchains.com\/product\/23-5-25-wheel-loader-protector-chain-for-underground-iron-ore-mine\/#primaryimage","url":"https:\/\/twchains.com\/wp-content\/uploads\/2025\/04\/2.png","contentUrl":"https:\/\/twchains.com\/wp-content\/uploads\/2025\/04\/2.png","width":592,"height":559},{"@type":"BreadcrumbList","@id":"https:\/\/twchains.com\/product\/23-5-25-wheel-loader-protector-chain-for-underground-iron-ore-mine\/#breadcrumb","itemListElement":[{"@type":"ListItem","position":1,"name":"Home","item":"https:\/\/twchains.com\/"},{"@type":"ListItem","position":2,"name":"Products","item":"https:\/\/twchains.com\/products\/"},{"@type":"ListItem","position":3,"name":"23.5-25 Wheel Loader Protector Chain for Underground Iron Ore Mine"}]},{"@type":"WebSite","@id":"https:\/\/twchains.com\/#website","url":"https:\/\/twchains.com\/","name":"twchains","description":"","publisher":{"@id":"https:\/\/twchains.com\/#organization"},"potentialAction":[{"@type":"SearchAction","target":{"@type":"EntryPoint","urlTemplate":"https:\/\/twchains.com\/?s={search_term_string}"},"query-input":{"@type":"PropertyValueSpecification","valueRequired":true,"valueName":"search_term_string"}}],"inLanguage":"tr"},{"@type":"Organization","@id":"https:\/\/twchains.com\/#organization","name":"twchains","url":"https:\/\/twchains.com\/","logo":{"@type":"ImageObject","inLanguage":"tr","@id":"https:\/\/twchains.com\/#\/schema\/logo\/image\/","url":"https:\/\/twchains.com\/wp-content\/uploads\/2025\/04\/tongwei-logo-100.svg","contentUrl":"https:\/\/twchains.com\/wp-content\/uploads\/2025\/04\/tongwei-logo-100.svg","width":128,"height":100,"caption":"twchains"},"image":{"@id":"https:\/\/twchains.com\/#\/schema\/logo\/image\/"}}]}},"_links":{"self":[{"href":"https:\/\/twchains.com\/tr\/wp-json\/wp\/v2\/product\/628","targetHints":{"allow":["GET"]}}],"collection":[{"href":"https:\/\/twchains.com\/tr\/wp-json\/wp\/v2\/product"}],"about":[{"href":"https:\/\/twchains.com\/tr\/wp-json\/wp\/v2\/types\/product"}],"wp:featuredmedia":[{"embeddable":true,"href":"https:\/\/twchains.com\/tr\/wp-json\/wp\/v2\/media\/629"}],"wp:attachment":[{"href":"https:\/\/twchains.com\/tr\/wp-json\/wp\/v2\/media?parent=628"}],"wp:term":[{"taxonomy":"product_brand","embeddable":true,"href":"https:\/\/twchains.com\/tr\/wp-json\/wp\/v2\/product_brand?post=628"},{"taxonomy":"product_cat","embeddable":true,"href":"https:\/\/twchains.com\/tr\/wp-json\/wp\/v2\/product_cat?post=628"},{"taxonomy":"product_tag","embeddable":true,"href":"https:\/\/twchains.com\/tr\/wp-json\/wp\/v2\/product_tag?post=628"}],"curies":[{"name":"wp","href":"https:\/\/api.w.org\/{rel}","templated":true}]}}