{"id":630,"date":"2025-04-25T04:20:17","date_gmt":"2025-04-25T04:20:17","guid":{"rendered":"https:\/\/twchains.com\/?post_type=product&#038;p=630"},"modified":"2025-04-26T08:17:41","modified_gmt":"2025-04-26T08:17:41","slug":"quality-guaranteed-23-5r25-tire-protection-chains-for-hot-steel-slag-plant","status":"publish","type":"product","link":"https:\/\/twchains.com\/tr\/urun\/quality-guaranteed-23-5r25-tire-protection-chains-for-hot-steel-slag-plant\/","title":{"rendered":"S\u0131cak \u00c7elik C\u00fcruf Tesisi i\u00e7in Kalite Garantili 23.5r25 Lastik Koruma Zincirleri"},"content":{"rendered":"<p>\u00c7elik tesisleri ve metal\u00fcrji at\u00f6lyeleri gibi y\u00fcksek s\u0131cakl\u0131kta \u00e7elik c\u00fcrufu ta\u015f\u0131ma senaryolar\u0131nda, s\u0131radan lastik koruma zincirleri, y\u00fcksek s\u0131cakl\u0131kta yanma, c\u00fcruf yap\u0131\u015fmas\u0131 ve h\u0131zl\u0131 so\u011futma gibi sorunlar nedeniyle k\u0131r\u0131lganl\u0131\u011fa, k\u0131r\u0131lmaya veya lastiklere yap\u0131\u015fmaya e\u011filimlidir. Bu a\u015f\u0131r\u0131 \u00e7al\u0131\u015fma ko\u015fullar\u0131 i\u00e7in, ekipman\u0131n \u00e7elik c\u00fcrufunun k\u0131rm\u0131z\u0131 s\u0131cak durumunda bile g\u00fcvenli ve verimli bir \u015fekilde \u00e7al\u0131\u015fabilmesini sa\u011flamak amac\u0131yla y\u00fcksek s\u0131cakl\u0131\u011fa dayan\u0131kl\u0131 \u00f6zel bir lastik koruma zinciri geli\u015ftirdik.<\/p>\n<p>Kurulu\u015fundan bu yana fabrikada \u00e7al\u0131\u015fan \u00e7ok deneyimli \u00e7al\u0131\u015fanlar\u0131m\u0131z var. Baz\u0131 yayg\u0131n hatalardan ka\u00e7\u0131nmam\u0131za yard\u0131mc\u0131 olabilirler. Ayn\u0131 zamanda fabrika at\u00f6lyelerimizin tamam\u0131 kendimize ait ve kira yok, bu nedenle daha kaliteli ve daha uygun fiyatlarla lastik koruma zincirleri geli\u015ftirmek i\u00e7in yeterli yetene\u011fe sahibiz<\/p>\n<div data-slate-node=\"element\" data-slate-fragment=\"JTVCJTdCJTIydHlwZSUyMiUzQSUyMnBhcmFncmFwaCUyMiUyQyUyMmNoaWxkcmVuJTIyJTNBJTVCJTdCJTIyaWQlMjIlM0ElMjJWb0F4N0VnZ3FuJTIyJTJDJTIycGFyYUlkeCUyMiUzQTQlMkMlMjJzcmMlMjIlM0ElMjJFWFBFUklFTkNFRCUyMFRFQU0lMjIlMkMlMjJkc3QlMjIlM0ElMjIlRTclQkIlOEYlRTklQUElOEMlRTQlQjglQjAlRTUlQUYlOEMlRTclOUElODQlRTUlOUIlQTIlRTklOTglOUYlMjIlMkMlMjJtZXRhZGF0YSUyMiUzQSUyMiUyMiUyQyUyMm1hdGNoZXMlMjIlM0FudWxsJTJDJTIybWV0YURhdGElMjIlM0ElNUIlNUQlMkMlMjJ0ZXh0JTIyJTNBJTIyRVhQRVJJRU5DRUQlMjBURUFNJTIyJTdEJTVEJTdEJTJDJTdCJTIydHlwZSUyMiUzQSUyMnBhcmFncmFwaCUyMiUyQyUyMmNoaWxkcmVuJTIyJTNBJTVCJTdCJTIyaWQlMjIlM0ElMjI5WHdZdkt5THFQJTIyJTJDJTIycGFyYUlkeCUyMiUzQTUlMkMlMjJzcmMlMjIlM0ElMjJPdXIlMjB0cmFpbmVkJTIwdGVjaG5pY2lhbnMlMjBwcm92aWRlJTIwb24tc2l0ZSUyMGluc3RhbGxhdGlvbiUyMGFuZCUyMHRyYWluaW5nJTIwZm9yJTIwZnV0dXJlJTIwbWFpbnRlbmFuY2UlMjBhbG9uZyUyMHdpdGglMjBzcGFyZSUyMHBhcnRzJTJDJTIwc3BlY2lhbCUyMHRvb2xzJTIwYW5kJTIwYWNjZXNzb3JpZXMlMkMlMjB3aGljaCUyMGFyZSUyMGVzc2VudGlhbCUyMGZvciUyMGRlbGl2ZXJpbmclMjBiZXN0JTIwcGVyZm9ybWFuY2UlMjBhbmQlMjBlbnN1cmluZyUyMGxvbmclMjBzZXJ2aWNlJTIwbGlmZSUyMG9mJTIwdGhlJTIwcHJvZHVjdC4lMjIlMkMlMjJkc3QlMjIlM0ElMjIlRTYlODglOTElRTQlQkIlQUMlRTglQUUlQUQlRTclQkIlODMlRTYlOUMlODklRTclQjQlQTAlRTclOUElODQlRTYlOEElODAlRTYlOUMlQUYlRTQlQkElQkElRTUlOTElOTglRTYlOEYlOTAlRTQlQkUlOUIlRTclOEUlQjAlRTUlOUMlQkElRTUlQUUlODklRTglQTMlODUlRTUlOTIlOEMlRTYlOUMlQUElRTYlOUQlQTUlRTclQkIlQjQlRTYlOEElQTQlRTUlOUYlQjklRTglQUUlQUQlRUYlQkMlOEMlRTQlQkIlQTUlRTUlOEYlOEElRTUlQTQlODclRTQlQkIlQjYlRTMlODAlODElRTQlQjglOTMlRTclOTQlQTglRTUlQjclQTUlRTUlODUlQjclRTUlOTIlOEMlRTklODUlOEQlRTQlQkIlQjYlRUYlQkMlOEMlRTglQkYlOTklRTQlQkElOUIlRTUlQUYlQjklRTQlQkElOEUlRTYlOEYlOTAlRTQlQkUlOUIlRTYlOUMlODAlRTQlQkQlQjMlRTYlODAlQTclRTglODMlQkQlRTUlOTIlOEMlRTclQTElQUUlRTQlQkYlOUQlRTQlQkElQTclRTUlOTMlODElRTclOUElODQlRTklOTUlQkYlRTQlQkQlQkYlRTclOTQlQTglRTUlQUYlQkYlRTUlOTElQkQlRTglODclQjMlRTUlODUlQjMlRTklODclOEQlRTglQTYlODElRTMlODAlODIlMjIlMkMlMjJtZXRhZGF0YSUyMiUzQSUyMiUyMiUyQyUyMm1hdGNoZXMlMjIlM0FudWxsJTJDJTIybWV0YURhdGElMjIlM0ElNUIlNUQlMkMlMjJ0ZXh0JTIyJTNBJTIyT3VyJTIwdHJhaW5lZCUyMHRlY2huaWNpYW5zJTIwcHJvdmlkZSUyMG9uLXNpdGUlMjBpbnN0YWxsYXRpb24lMjBhbmQlMjB0cmFpbmluZyUyMGZvciUyMGZ1dHVyZSUyMG1haW50ZW5hbmNlJTIwYWxvbmclMjB3aXRoJTIwc3BhcmUlMjBwYXJ0cyUyQyUyMHNwZWNpYWwlMjB0b29scyUyMGFuZCUyMGFjY2Vzc29yaWVzJTJDJTIwd2hpY2glMjBhcmUlMjBlc3NlbnRpYWwlMjBmb3IlMjBkZWxpdmVyaW5nJTIwYmVzdCUyMHBlcmZvcm1hbmNlJTIwYW5kJTIwZW5zdXJpbmclMjBsb25nJTIwc2VydmljZSUyMGxpZmUlMjBvZiUyMHRoZSUyMHByb2R1Y3QuJTIyJTdEJTVEJTdEJTVE\"><span data-slate-node=\"text\">E\u011fitimli teknisyenlerimiz, en iyi performans\u0131 sunmak ve \u00fcr\u00fcn\u00fcn uzun \u00f6m\u00fcrl\u00fc olmas\u0131n\u0131 sa\u011flamak i\u00e7in gerekli olan yedek par\u00e7alar, \u00f6zel aletler ve aksesuarlar\u0131n yan\u0131 s\u0131ra yerinde kurulum ve gelecekteki bak\u0131m i\u00e7in e\u011fitim sa\u011flar.<\/span><\/div>\n<div data-slate-node=\"element\" data-slate-fragment=\"JTVCJTdCJTIydHlwZSUyMiUzQSUyMnBhcmFncmFwaCUyMiUyQyUyMmNoaWxkcmVuJTIyJTNBJTVCJTdCJTIyaWQlMjIlM0ElMjJWb0F4N0VnZ3FuJTIyJTJDJTIycGFyYUlkeCUyMiUzQTQlMkMlMjJzcmMlMjIlM0ElMjJFWFBFUklFTkNFRCUyMFRFQU0lMjIlMkMlMjJkc3QlMjIlM0ElMjIlRTclQkIlOEYlRTklQUElOEMlRTQlQjglQjAlRTUlQUYlOEMlRTclOUElODQlRTUlOUIlQTIlRTklOTglOUYlMjIlMkMlMjJtZXRhZGF0YSUyMiUzQSUyMiUyMiUyQyUyMm1hdGNoZXMlMjIlM0FudWxsJTJDJTIybWV0YURhdGElMjIlM0ElNUIlNUQlMkMlMjJ0ZXh0JTIyJTNBJTIyRVhQRVJJRU5DRUQlMjBURUFNJTIyJTdEJTVEJTdEJTJDJTdCJTIydHlwZSUyMiUzQSUyMnBhcmFncmFwaCUyMiUyQyUyMmNoaWxkcmVuJTIyJTNBJTVCJTdCJTIyaWQlMjIlM0ElMjI5WHdZdkt5THFQJTIyJTJDJTIycGFyYUlkeCUyMiUzQTUlMkMlMjJzcmMlMjIlM0ElMjJPdXIlMjB0cmFpbmVkJTIwdGVjaG5pY2lhbnMlMjBwcm92aWRlJTIwb24tc2l0ZSUyMGluc3RhbGxhdGlvbiUyMGFuZCUyMHRyYWluaW5nJTIwZm9yJTIwZnV0dXJlJTIwbWFpbnRlbmFuY2UlMjBhbG9uZyUyMHdpdGglMjBzcGFyZSUyMHBhcnRzJTJDJTIwc3BlY2lhbCUyMHRvb2xzJTIwYW5kJTIwYWNjZXNzb3JpZXMlMkMlMjB3aGljaCUyMGFyZSUyMGVzc2VudGlhbCUyMGZvciUyMGRlbGl2ZXJpbmclMjBiZXN0JTIwcGVyZm9ybWFuY2UlMjBhbmQlMjBlbnN1cmluZyUyMGxvbmclMjBzZXJ2aWNlJTIwbGlmZSUyMG9mJTIwdGhlJTIwcHJvZHVjdC4lMjIlMkMlMjJkc3QlMjIlM0ElMjIlRTYlODglOTElRTQlQkIlQUMlRTglQUUlQUQlRTclQkIlODMlRTYlOUMlODklRTclQjQlQTAlRTclOUElODQlRTYlOEElODAlRTYlOUMlQUYlRTQlQkElQkElRTUlOTElOTglRTYlOEYlOTAlRTQlQkUlOUIlRTclOEUlQjAlRTUlOUMlQkElRTUlQUUlODklRTglQTMlODUlRTUlOTIlOEMlRTYlOUMlQUElRTYlOUQlQTUlRTclQkIlQjQlRTYlOEElQTQlRTUlOUYlQjklRTglQUUlQUQlRUYlQkMlOEMlRTQlQkIlQTUlRTUlOEYlOEElRTUlQTQlODclRTQlQkIlQjYlRTMlODAlODElRTQlQjglOTMlRTclOTQlQTglRTUlQjclQTUlRTUlODUlQjclRTUlOTIlOEMlRTklODUlOEQlRTQlQkIlQjYlRUYlQkMlOEMlRTglQkYlOTklRTQlQkElOUIlRTUlQUYlQjklRTQlQkElOEUlRTYlOEYlOTAlRTQlQkUlOUIlRTYlOUMlODAlRTQlQkQlQjMlRTYlODAlQTclRTglODMlQkQlRTUlOTIlOEMlRTclQTElQUUlRTQlQkYlOUQlRTQlQkElQTclRTUlOTMlODElRTclOUElODQlRTklOTUlQkYlRTQlQkQlQkYlRTclOTQlQTglRTUlQUYlQkYlRTUlOTElQkQlRTglODclQjMlRTUlODUlQjMlRTklODclOEQlRTglQTYlODElRTMlODAlODIlMjIlMkMlMjJtZXRhZGF0YSUyMiUzQSUyMiUyMiUyQyUyMm1hdGNoZXMlMjIlM0FudWxsJTJDJTIybWV0YURhdGElMjIlM0ElNUIlNUQlMkMlMjJ0ZXh0JTIyJTNBJTIyT3VyJTIwdHJhaW5lZCUyMHRlY2huaWNpYW5zJTIwcHJvdmlkZSUyMG9uLXNpdGUlMjBpbnN0YWxsYXRpb24lMjBhbmQlMjB0cmFpbmluZyUyMGZvciUyMGZ1dHVyZSUyMG1haW50ZW5hbmNlJTIwYWxvbmclMjB3aXRoJTIwc3BhcmUlMjBwYXJ0cyUyQyUyMHNwZWNpYWwlMjB0b29scyUyMGFuZCUyMGFjY2Vzc29yaWVzJTJDJTIwd2hpY2glMjBhcmUlMjBlc3NlbnRpYWwlMjBmb3IlMjBkZWxpdmVyaW5nJTIwYmVzdCUyMHBlcmZvcm1hbmNlJTIwYW5kJTIwZW5zdXJpbmclMjBsb25nJTIwc2VydmljZSUyMGxpZmUlMjBvZiUyMHRoZSUyMHByb2R1Y3QuJTIyJTdEJTVEJTdEJTVE\"><\/div>\n<div data-slate-node=\"element\" data-slate-fragment=\"JTVCJTdCJTIydHlwZSUyMiUzQSUyMnBhcmFncmFwaCUyMiUyQyUyMmNoaWxkcmVuJTIyJTNBJTVCJTdCJTIyaWQlMjIlM0ElMjJWb0F4N0VnZ3FuJTIyJTJDJTIycGFyYUlkeCUyMiUzQTQlMkMlMjJzcmMlMjIlM0ElMjJFWFBFUklFTkNFRCUyMFRFQU0lMjIlMkMlMjJkc3QlMjIlM0ElMjIlRTclQkIlOEYlRTklQUElOEMlRTQlQjglQjAlRTUlQUYlOEMlRTclOUElODQlRTUlOUIlQTIlRTklOTglOUYlMjIlMkMlMjJtZXRhZGF0YSUyMiUzQSUyMiUyMiUyQyUyMm1hdGNoZXMlMjIlM0FudWxsJTJDJTIybWV0YURhdGElMjIlM0ElNUIlNUQlMkMlMjJ0ZXh0JTIyJTNBJTIyRVhQRVJJRU5DRUQlMjBURUFNJTIyJTdEJTVEJTdEJTJDJTdCJTIydHlwZSUyMiUzQSUyMnBhcmFncmFwaCUyMiUyQyUyMmNoaWxkcmVuJTIyJTNBJTVCJTdCJTIyaWQlMjIlM0ElMjI5WHdZdkt5THFQJTIyJTJDJTIycGFyYUlkeCUyMiUzQTUlMkMlMjJzcmMlMjIlM0ElMjJPdXIlMjB0cmFpbmVkJTIwdGVjaG5pY2lhbnMlMjBwcm92aWRlJTIwb24tc2l0ZSUyMGluc3RhbGxhdGlvbiUyMGFuZCUyMHRyYWluaW5nJTIwZm9yJTIwZnV0dXJlJTIwbWFpbnRlbmFuY2UlMjBhbG9uZyUyMHdpdGglMjBzcGFyZSUyMHBhcnRzJTJDJTIwc3BlY2lhbCUyMHRvb2xzJTIwYW5kJTIwYWNjZXNzb3JpZXMlMkMlMjB3aGljaCUyMGFyZSUyMGVzc2VudGlhbCUyMGZvciUyMGRlbGl2ZXJpbmclMjBiZXN0JTIwcGVyZm9ybWFuY2UlMjBhbmQlMjBlbnN1cmluZyUyMGxvbmclMjBzZXJ2aWNlJTIwbGlmZSUyMG9mJTIwdGhlJTIwcHJvZHVjdC4lMjIlMkMlMjJkc3QlMjIlM0ElMjIlRTYlODglOTElRTQlQkIlQUMlRTglQUUlQUQlRTclQkIlODMlRTYlOUMlODklRTclQjQlQTAlRTclOUElODQlRTYlOEElODAlRTYlOUMlQUYlRTQlQkElQkElRTUlOTElOTglRTYlOEYlOTAlRTQlQkUlOUIlRTclOEUlQjAlRTUlOUMlQkElRTUlQUUlODklRTglQTMlODUlRTUlOTIlOEMlRTYlOUMlQUElRTYlOUQlQTUlRTclQkIlQjQlRTYlOEElQTQlRTUlOUYlQjklRTglQUUlQUQlRUYlQkMlOEMlRTQlQkIlQTUlRTUlOEYlOEElRTUlQTQlODclRTQlQkIlQjYlRTMlODAlODElRTQlQjglOTMlRTclOTQlQTglRTUlQjclQTUlRTUlODUlQjclRTUlOTIlOEMlRTklODUlOEQlRTQlQkIlQjYlRUYlQkMlOEMlRTglQkYlOTklRTQlQkElOUIlRTUlQUYlQjklRTQlQkElOEUlRTYlOEYlOTAlRTQlQkUlOUIlRTYlOUMlODAlRTQlQkQlQjMlRTYlODAlQTclRTglODMlQkQlRTUlOTIlOEMlRTclQTElQUUlRTQlQkYlOUQlRTQlQkElQTclRTUlOTMlODElRTclOUElODQlRTklOTUlQkYlRTQlQkQlQkYlRTclOTQlQTglRTUlQUYlQkYlRTUlOTElQkQlRTglODclQjMlRTUlODUlQjMlRTklODclOEQlRTglQTYlODElRTMlODAlODIlMjIlMkMlMjJtZXRhZGF0YSUyMiUzQSUyMiUyMiUyQyUyMm1hdGNoZXMlMjIlM0FudWxsJTJDJTIybWV0YURhdGElMjIlM0ElNUIlNUQlMkMlMjJ0ZXh0JTIyJTNBJTIyT3VyJTIwdHJhaW5lZCUyMHRlY2huaWNpYW5zJTIwcHJvdmlkZSUyMG9uLXNpdGUlMjBpbnN0YWxsYXRpb24lMjBhbmQlMjB0cmFpbmluZyUyMGZvciUyMGZ1dHVyZSUyMG1haW50ZW5hbmNlJTIwYWxvbmclMjB3aXRoJTIwc3BhcmUlMjBwYXJ0cyUyQyUyMHNwZWNpYWwlMjB0b29scyUyMGFuZCUyMGFjY2Vzc29yaWVzJTJDJTIwd2hpY2glMjBhcmUlMjBlc3NlbnRpYWwlMjBmb3IlMjBkZWxpdmVyaW5nJTIwYmVzdCUyMHBlcmZvcm1hbmNlJTIwYW5kJTIwZW5zdXJpbmclMjBsb25nJTIwc2VydmljZSUyMGxpZmUlMjBvZiUyMHRoZSUyMHByb2R1Y3QuJTIyJTdEJTVEJTdEJTVE\">#otrtyre#miningtyre#protection#tirechains#manufactureofchains#tireprotectionchain#qualityguaranteed<\/div>","protected":false},"excerpt":{"rendered":"<ul>\n<li>Nitelikli \u00c7al\u0131\u015fanlar<\/li>\n<li><span data-slate-fragment=\"JTVCJTdCJTIydHlwZSUyMiUzQSUyMnBhcmFncmFwaCUyMiUyQyUyMmNoaWxkcmVuJTIyJTNBJTVCJTdCJTIyaWQlMjIlM0ElMjJWb0F4N0VnZ3FuJTIyJTJDJTIycGFyYUlkeCUyMiUzQTQlMkMlMjJzcmMlMjIlM0ElMjJFWFBFUklFTkNFRCUyMFRFQU0lMjIlMkMlMjJkc3QlMjIlM0ElMjIlRTclQkIlOEYlRTklQUElOEMlRTQlQjglQjAlRTUlQUYlOEMlRTclOUElODQlRTUlOUIlQTIlRTklOTglOUYlMjIlMkMlMjJtZXRhZGF0YSUyMiUzQSUyMiUyMiUyQyUyMm1hdGNoZXMlMjIlM0FudWxsJTJDJTIybWV0YURhdGElMjIlM0ElNUIlNUQlMkMlMjJ0ZXh0JTIyJTNBJTIyRVhQRVJJRU5DRUQlMjBURUFNJTIyJTdEJTVEJTdEJTVE\">Deneyimli Ekip<\/span><\/li>\n<li>Profesyonel Sat\u0131\u015f Sonras\u0131 Ekibi<\/li>\n<\/ul>","protected":false},"featured_media":631,"template":"","meta":{"inline_featured_image":false,"_kad_post_transparent":"default","_kad_post_title":"","_kad_post_layout":"default","_kad_post_sidebar_id":"","_kad_post_content_style":"default","_kad_post_vertical_padding":"default","_kad_post_feature":"","_kad_post_feature_position":"","_kad_post_header":false,"_kad_post_footer":false},"product_brand":[],"product_cat":[15,27,26],"product_tag":[],"class_list":{"0":"post-630","1":"product","2":"type-product","3":"status-publish","4":"has-post-thumbnail","6":"product_cat-tyre-protection-chain","7":"product_cat-encryption","8":"product_cat-reinforced","10":"first","11":"instock","12":"shipping-taxable","13":"product-type-simple","14":"entry","15":"content-bg","16":"loop-entry"},"yoast_head":"<!-- This site is optimized with the Yoast SEO plugin v25.4 - https:\/\/yoast.com\/wordpress\/plugins\/seo\/ -->\n<title>Quality Guaranteed 23.5r25 Tire Protection Chains for Hot Steel Slag Plant - twchains<\/title>\n<meta name=\"robots\" content=\"index, follow, max-snippet:-1, max-image-preview:large, max-video-preview:-1\" \/>\n<link rel=\"canonical\" href=\"https:\/\/twchains.com\/tr\/urun\/quality-guaranteed-23-5r25-tire-protection-chains-for-hot-steel-slag-plant\/\" \/>\n<meta property=\"og:locale\" content=\"tr_TR\" \/>\n<meta property=\"og:type\" content=\"article\" \/>\n<meta property=\"og:title\" content=\"Quality Guaranteed 23.5r25 Tire Protection Chains for Hot Steel Slag Plant - twchains\" \/>\n<meta property=\"og:description\" content=\"Skilled Workers  Experienced Team  Professional After-Sales Team\" \/>\n<meta property=\"og:url\" content=\"https:\/\/twchains.com\/tr\/urun\/quality-guaranteed-23-5r25-tire-protection-chains-for-hot-steel-slag-plant\/\" \/>\n<meta property=\"og:site_name\" content=\"twchains\" \/>\n<meta property=\"article:modified_time\" content=\"2025-04-26T08:17:41+00:00\" \/>\n<meta property=\"og:image\" content=\"https:\/\/twchains.com\/wp-content\/uploads\/2025\/04\/1-3.jpg\" \/>\n\t<meta property=\"og:image:width\" content=\"800\" \/>\n\t<meta property=\"og:image:height\" content=\"800\" \/>\n\t<meta property=\"og:image:type\" content=\"image\/jpeg\" \/>\n<meta name=\"twitter:card\" content=\"summary_large_image\" \/>\n<meta name=\"twitter:label1\" content=\"Tahmini okuma s\u00fcresi\" \/>\n\t<meta name=\"twitter:data1\" content=\"1 dakika\" \/>\n<script type=\"application\/ld+json\" class=\"yoast-schema-graph\">{\"@context\":\"https:\/\/schema.org\",\"@graph\":[{\"@type\":\"WebPage\",\"@id\":\"https:\/\/twchains.com\/product\/quality-guaranteed-23-5r25-tire-protection-chains-for-hot-steel-slag-plant\/\",\"url\":\"https:\/\/twchains.com\/product\/quality-guaranteed-23-5r25-tire-protection-chains-for-hot-steel-slag-plant\/\",\"name\":\"Quality Guaranteed 23.5r25 Tire Protection Chains for Hot Steel Slag Plant - twchains\",\"isPartOf\":{\"@id\":\"https:\/\/twchains.com\/#website\"},\"primaryImageOfPage\":{\"@id\":\"https:\/\/twchains.com\/product\/quality-guaranteed-23-5r25-tire-protection-chains-for-hot-steel-slag-plant\/#primaryimage\"},\"image\":{\"@id\":\"https:\/\/twchains.com\/product\/quality-guaranteed-23-5r25-tire-protection-chains-for-hot-steel-slag-plant\/#primaryimage\"},\"thumbnailUrl\":\"https:\/\/twchains.com\/wp-content\/uploads\/2025\/04\/1-3.jpg\",\"datePublished\":\"2025-04-25T04:20:17+00:00\",\"dateModified\":\"2025-04-26T08:17:41+00:00\",\"breadcrumb\":{\"@id\":\"https:\/\/twchains.com\/product\/quality-guaranteed-23-5r25-tire-protection-chains-for-hot-steel-slag-plant\/#breadcrumb\"},\"inLanguage\":\"tr\",\"potentialAction\":[{\"@type\":\"ReadAction\",\"target\":[\"https:\/\/twchains.com\/product\/quality-guaranteed-23-5r25-tire-protection-chains-for-hot-steel-slag-plant\/\"]}]},{\"@type\":\"ImageObject\",\"inLanguage\":\"tr\",\"@id\":\"https:\/\/twchains.com\/product\/quality-guaranteed-23-5r25-tire-protection-chains-for-hot-steel-slag-plant\/#primaryimage\",\"url\":\"https:\/\/twchains.com\/wp-content\/uploads\/2025\/04\/1-3.jpg\",\"contentUrl\":\"https:\/\/twchains.com\/wp-content\/uploads\/2025\/04\/1-3.jpg\",\"width\":800,\"height\":800},{\"@type\":\"BreadcrumbList\",\"@id\":\"https:\/\/twchains.com\/product\/quality-guaranteed-23-5r25-tire-protection-chains-for-hot-steel-slag-plant\/#breadcrumb\",\"itemListElement\":[{\"@type\":\"ListItem\",\"position\":1,\"name\":\"Home\",\"item\":\"https:\/\/twchains.com\/\"},{\"@type\":\"ListItem\",\"position\":2,\"name\":\"Products\",\"item\":\"https:\/\/twchains.com\/products\/\"},{\"@type\":\"ListItem\",\"position\":3,\"name\":\"Quality Guaranteed 23.5r25 Tire Protection Chains for Hot Steel Slag Plant\"}]},{\"@type\":\"WebSite\",\"@id\":\"https:\/\/twchains.com\/#website\",\"url\":\"https:\/\/twchains.com\/\",\"name\":\"twchains\",\"description\":\"\",\"publisher\":{\"@id\":\"https:\/\/twchains.com\/#organization\"},\"potentialAction\":[{\"@type\":\"SearchAction\",\"target\":{\"@type\":\"EntryPoint\",\"urlTemplate\":\"https:\/\/twchains.com\/?s={search_term_string}\"},\"query-input\":{\"@type\":\"PropertyValueSpecification\",\"valueRequired\":true,\"valueName\":\"search_term_string\"}}],\"inLanguage\":\"tr\"},{\"@type\":\"Organization\",\"@id\":\"https:\/\/twchains.com\/#organization\",\"name\":\"twchains\",\"url\":\"https:\/\/twchains.com\/\",\"logo\":{\"@type\":\"ImageObject\",\"inLanguage\":\"tr\",\"@id\":\"https:\/\/twchains.com\/#\/schema\/logo\/image\/\",\"url\":\"https:\/\/twchains.com\/wp-content\/uploads\/2025\/04\/tongwei-logo-100.svg\",\"contentUrl\":\"https:\/\/twchains.com\/wp-content\/uploads\/2025\/04\/tongwei-logo-100.svg\",\"width\":128,\"height\":100,\"caption\":\"twchains\"},\"image\":{\"@id\":\"https:\/\/twchains.com\/#\/schema\/logo\/image\/\"}}]}<\/script>\n<!-- \/ Yoast SEO plugin. -->","yoast_head_json":{"title":"Quality Guaranteed 23.5r25 Tire Protection Chains for Hot Steel Slag Plant - twchains","robots":{"index":"index","follow":"follow","max-snippet":"max-snippet:-1","max-image-preview":"max-image-preview:large","max-video-preview":"max-video-preview:-1"},"canonical":"https:\/\/twchains.com\/tr\/urun\/quality-guaranteed-23-5r25-tire-protection-chains-for-hot-steel-slag-plant\/","og_locale":"tr_TR","og_type":"article","og_title":"Quality Guaranteed 23.5r25 Tire Protection Chains for Hot Steel Slag Plant - twchains","og_description":"Skilled Workers  Experienced Team  Professional After-Sales Team","og_url":"https:\/\/twchains.com\/tr\/urun\/quality-guaranteed-23-5r25-tire-protection-chains-for-hot-steel-slag-plant\/","og_site_name":"twchains","article_modified_time":"2025-04-26T08:17:41+00:00","og_image":[{"width":800,"height":800,"url":"https:\/\/twchains.com\/wp-content\/uploads\/2025\/04\/1-3.jpg","type":"image\/jpeg"}],"twitter_card":"summary_large_image","twitter_misc":{"Tahmini okuma s\u00fcresi":"1 dakika"},"schema":{"@context":"https:\/\/schema.org","@graph":[{"@type":"WebPage","@id":"https:\/\/twchains.com\/product\/quality-guaranteed-23-5r25-tire-protection-chains-for-hot-steel-slag-plant\/","url":"https:\/\/twchains.com\/product\/quality-guaranteed-23-5r25-tire-protection-chains-for-hot-steel-slag-plant\/","name":"Quality Guaranteed 23.5r25 Tire Protection Chains for Hot Steel Slag Plant - twchains","isPartOf":{"@id":"https:\/\/twchains.com\/#website"},"primaryImageOfPage":{"@id":"https:\/\/twchains.com\/product\/quality-guaranteed-23-5r25-tire-protection-chains-for-hot-steel-slag-plant\/#primaryimage"},"image":{"@id":"https:\/\/twchains.com\/product\/quality-guaranteed-23-5r25-tire-protection-chains-for-hot-steel-slag-plant\/#primaryimage"},"thumbnailUrl":"https:\/\/twchains.com\/wp-content\/uploads\/2025\/04\/1-3.jpg","datePublished":"2025-04-25T04:20:17+00:00","dateModified":"2025-04-26T08:17:41+00:00","breadcrumb":{"@id":"https:\/\/twchains.com\/product\/quality-guaranteed-23-5r25-tire-protection-chains-for-hot-steel-slag-plant\/#breadcrumb"},"inLanguage":"tr","potentialAction":[{"@type":"ReadAction","target":["https:\/\/twchains.com\/product\/quality-guaranteed-23-5r25-tire-protection-chains-for-hot-steel-slag-plant\/"]}]},{"@type":"ImageObject","inLanguage":"tr","@id":"https:\/\/twchains.com\/product\/quality-guaranteed-23-5r25-tire-protection-chains-for-hot-steel-slag-plant\/#primaryimage","url":"https:\/\/twchains.com\/wp-content\/uploads\/2025\/04\/1-3.jpg","contentUrl":"https:\/\/twchains.com\/wp-content\/uploads\/2025\/04\/1-3.jpg","width":800,"height":800},{"@type":"BreadcrumbList","@id":"https:\/\/twchains.com\/product\/quality-guaranteed-23-5r25-tire-protection-chains-for-hot-steel-slag-plant\/#breadcrumb","itemListElement":[{"@type":"ListItem","position":1,"name":"Home","item":"https:\/\/twchains.com\/"},{"@type":"ListItem","position":2,"name":"Products","item":"https:\/\/twchains.com\/products\/"},{"@type":"ListItem","position":3,"name":"Quality Guaranteed 23.5r25 Tire Protection Chains for Hot Steel Slag Plant"}]},{"@type":"WebSite","@id":"https:\/\/twchains.com\/#website","url":"https:\/\/twchains.com\/","name":"twchains","description":"","publisher":{"@id":"https:\/\/twchains.com\/#organization"},"potentialAction":[{"@type":"SearchAction","target":{"@type":"EntryPoint","urlTemplate":"https:\/\/twchains.com\/?s={search_term_string}"},"query-input":{"@type":"PropertyValueSpecification","valueRequired":true,"valueName":"search_term_string"}}],"inLanguage":"tr"},{"@type":"Organization","@id":"https:\/\/twchains.com\/#organization","name":"twchains","url":"https:\/\/twchains.com\/","logo":{"@type":"ImageObject","inLanguage":"tr","@id":"https:\/\/twchains.com\/#\/schema\/logo\/image\/","url":"https:\/\/twchains.com\/wp-content\/uploads\/2025\/04\/tongwei-logo-100.svg","contentUrl":"https:\/\/twchains.com\/wp-content\/uploads\/2025\/04\/tongwei-logo-100.svg","width":128,"height":100,"caption":"twchains"},"image":{"@id":"https:\/\/twchains.com\/#\/schema\/logo\/image\/"}}]}},"_links":{"self":[{"href":"https:\/\/twchains.com\/tr\/wp-json\/wp\/v2\/product\/630","targetHints":{"allow":["GET"]}}],"collection":[{"href":"https:\/\/twchains.com\/tr\/wp-json\/wp\/v2\/product"}],"about":[{"href":"https:\/\/twchains.com\/tr\/wp-json\/wp\/v2\/types\/product"}],"wp:featuredmedia":[{"embeddable":true,"href":"https:\/\/twchains.com\/tr\/wp-json\/wp\/v2\/media\/631"}],"wp:attachment":[{"href":"https:\/\/twchains.com\/tr\/wp-json\/wp\/v2\/media?parent=630"}],"wp:term":[{"taxonomy":"product_brand","embeddable":true,"href":"https:\/\/twchains.com\/tr\/wp-json\/wp\/v2\/product_brand?post=630"},{"taxonomy":"product_cat","embeddable":true,"href":"https:\/\/twchains.com\/tr\/wp-json\/wp\/v2\/product_cat?post=630"},{"taxonomy":"product_tag","embeddable":true,"href":"https:\/\/twchains.com\/tr\/wp-json\/wp\/v2\/product_tag?post=630"}],"curies":[{"name":"wp","href":"https:\/\/api.w.org\/{rel}","templated":true}]}}