{"id":649,"date":"2025-04-26T07:48:34","date_gmt":"2025-04-26T07:48:34","guid":{"rendered":"https:\/\/twchains.com\/?post_type=product&#038;p=649"},"modified":"2025-04-26T08:18:07","modified_gmt":"2025-04-26T08:18:07","slug":"manufacturer-of-loader-tyre-protector-chain-26-5r25-for-steel-mill","status":"publish","type":"product","link":"https:\/\/twchains.com\/tr\/urun\/manufacturer-of-loader-tyre-protector-chain-26-5r25-for-steel-mill\/","title":{"rendered":"\u00c7elik Fabrikas\u0131 i\u00e7in Y\u00fckleyici Lastik Koruyucu Zincir 26.5r25 \u00dcreticisi"},"content":{"rendered":"<p>S\u0131cak \u00e7elik c\u00fcrufu ve \u00e7elik fabrikas\u0131 gibi genel \u00e7al\u0131\u015fma ortamlar\u0131nda, \u015fifreli blok lastik koruma zinciri iyi bir performansa sahiptir. Bununla birlikte, vaka analizine g\u00f6re, Yuanbao a\u015f\u0131nmaya dayan\u0131kl\u0131 kral modelinin 16 mm halka takviyeli versiyonu ve 18 halka takviyeli versiyonu da iyi geri bildirime sahiptir.<br \/>\n16mm halka takviyeli a\u015f\u0131nmaya dayan\u0131kl\u0131 kral modeli, \u015fifreli blok modeli kadar geni\u015flik ve uzunlukta olmasa da, ana bile\u015fenin a\u015f\u0131nmaya dayan\u0131kl\u0131 y\u00fczey kal\u0131nl\u0131\u011f\u0131 \u00e7ok avantajl\u0131d\u0131r. 18mm halka \u015fifreli blo\u011fa k\u0131yasla daha iyi bir fiyat avantaj\u0131na sahiptir ve G\u00fcney Afrika, Rusya ve Vietnam pazarlar\u0131nda giderek daha pop\u00fcler hale gelmektedir.<\/p>\n<p>Uygulanabilir senaryolar: orta ila y\u00fcksek frekansl\u0131 \u00e7elik c\u00fcruf ta\u015f\u0131mac\u0131l\u0131\u011f\u0131, k\u0131sa mesafeli a\u011f\u0131r y\u00fck.<br \/>\nKullan\u0131c\u0131 geri bildirimi: M\u00fckemmel a\u015f\u0131nma direnci, ancak yerel zincir baklalar\u0131 a\u015f\u0131r\u0131 y\u00fcksek s\u0131cakl\u0131klarda (&gt;800 \u2103) deformasyona e\u011filimlidir.<\/p>\n<p>#\u00fcrkiyezincir#russiatirzincir#vietnamprotectionzincir#loaderparts#wheelloader#protectorzincir#tyreprotector<\/p>","protected":false},"excerpt":{"rendered":"<ul>\n<li>Do\u011frudan Sat\u0131\u015f<\/li>\n<li>OEM\/ODM<\/li>\n<\/ul>","protected":false},"featured_media":633,"template":"","meta":{"inline_featured_image":false,"_kad_post_transparent":"default","_kad_post_title":"","_kad_post_layout":"default","_kad_post_sidebar_id":"","_kad_post_content_style":"default","_kad_post_vertical_padding":"default","_kad_post_feature":"","_kad_post_feature_position":"","_kad_post_header":false,"_kad_post_footer":false},"product_brand":[],"product_cat":[15,27,26],"product_tag":[],"class_list":{"0":"post-649","1":"product","2":"type-product","3":"status-publish","4":"has-post-thumbnail","6":"product_cat-tyre-protection-chain","7":"product_cat-encryption","8":"product_cat-reinforced","10":"first","11":"instock","12":"shipping-taxable","13":"product-type-simple","14":"entry","15":"content-bg","16":"loop-entry"},"yoast_head":"<!-- This site is optimized with the Yoast SEO plugin v25.4 - https:\/\/yoast.com\/wordpress\/plugins\/seo\/ -->\n<title>Manufacturer of Loader Tyre Protector Chain 26.5r25 for Steel Mill - twchains<\/title>\n<meta name=\"robots\" content=\"index, follow, max-snippet:-1, max-image-preview:large, max-video-preview:-1\" \/>\n<link rel=\"canonical\" href=\"https:\/\/twchains.com\/tr\/urun\/manufacturer-of-loader-tyre-protector-chain-26-5r25-for-steel-mill\/\" \/>\n<meta property=\"og:locale\" content=\"tr_TR\" \/>\n<meta property=\"og:type\" content=\"article\" \/>\n<meta property=\"og:title\" content=\"Manufacturer of Loader Tyre Protector Chain 26.5r25 for Steel Mill - twchains\" \/>\n<meta property=\"og:description\" content=\"Direct Sales  OEM\/ODM\" \/>\n<meta property=\"og:url\" content=\"https:\/\/twchains.com\/tr\/urun\/manufacturer-of-loader-tyre-protector-chain-26-5r25-for-steel-mill\/\" \/>\n<meta property=\"og:site_name\" content=\"twchains\" \/>\n<meta property=\"article:modified_time\" content=\"2025-04-26T08:18:07+00:00\" \/>\n<meta property=\"og:image\" content=\"https:\/\/twchains.com\/wp-content\/uploads\/2025\/04\/4.png\" \/>\n\t<meta property=\"og:image:width\" content=\"495\" \/>\n\t<meta property=\"og:image:height\" content=\"317\" \/>\n\t<meta property=\"og:image:type\" content=\"image\/png\" \/>\n<meta name=\"twitter:card\" content=\"summary_large_image\" \/>\n<meta name=\"twitter:label1\" content=\"Tahmini okuma s\u00fcresi\" \/>\n\t<meta name=\"twitter:data1\" content=\"1 dakika\" \/>\n<script type=\"application\/ld+json\" class=\"yoast-schema-graph\">{\"@context\":\"https:\/\/schema.org\",\"@graph\":[{\"@type\":\"WebPage\",\"@id\":\"https:\/\/twchains.com\/product\/manufacturer-of-loader-tyre-protector-chain-26-5r25-for-steel-mill\/\",\"url\":\"https:\/\/twchains.com\/product\/manufacturer-of-loader-tyre-protector-chain-26-5r25-for-steel-mill\/\",\"name\":\"Manufacturer of Loader Tyre Protector Chain 26.5r25 for Steel Mill - twchains\",\"isPartOf\":{\"@id\":\"https:\/\/twchains.com\/#website\"},\"primaryImageOfPage\":{\"@id\":\"https:\/\/twchains.com\/product\/manufacturer-of-loader-tyre-protector-chain-26-5r25-for-steel-mill\/#primaryimage\"},\"image\":{\"@id\":\"https:\/\/twchains.com\/product\/manufacturer-of-loader-tyre-protector-chain-26-5r25-for-steel-mill\/#primaryimage\"},\"thumbnailUrl\":\"https:\/\/twchains.com\/wp-content\/uploads\/2025\/04\/4.png\",\"datePublished\":\"2025-04-26T07:48:34+00:00\",\"dateModified\":\"2025-04-26T08:18:07+00:00\",\"breadcrumb\":{\"@id\":\"https:\/\/twchains.com\/product\/manufacturer-of-loader-tyre-protector-chain-26-5r25-for-steel-mill\/#breadcrumb\"},\"inLanguage\":\"tr\",\"potentialAction\":[{\"@type\":\"ReadAction\",\"target\":[\"https:\/\/twchains.com\/product\/manufacturer-of-loader-tyre-protector-chain-26-5r25-for-steel-mill\/\"]}]},{\"@type\":\"ImageObject\",\"inLanguage\":\"tr\",\"@id\":\"https:\/\/twchains.com\/product\/manufacturer-of-loader-tyre-protector-chain-26-5r25-for-steel-mill\/#primaryimage\",\"url\":\"https:\/\/twchains.com\/wp-content\/uploads\/2025\/04\/4.png\",\"contentUrl\":\"https:\/\/twchains.com\/wp-content\/uploads\/2025\/04\/4.png\",\"width\":495,\"height\":317},{\"@type\":\"BreadcrumbList\",\"@id\":\"https:\/\/twchains.com\/product\/manufacturer-of-loader-tyre-protector-chain-26-5r25-for-steel-mill\/#breadcrumb\",\"itemListElement\":[{\"@type\":\"ListItem\",\"position\":1,\"name\":\"Home\",\"item\":\"https:\/\/twchains.com\/\"},{\"@type\":\"ListItem\",\"position\":2,\"name\":\"Products\",\"item\":\"https:\/\/twchains.com\/products\/\"},{\"@type\":\"ListItem\",\"position\":3,\"name\":\"Manufacturer of Loader Tyre Protector Chain 26.5r25 for Steel Mill\"}]},{\"@type\":\"WebSite\",\"@id\":\"https:\/\/twchains.com\/#website\",\"url\":\"https:\/\/twchains.com\/\",\"name\":\"twchains\",\"description\":\"\",\"publisher\":{\"@id\":\"https:\/\/twchains.com\/#organization\"},\"potentialAction\":[{\"@type\":\"SearchAction\",\"target\":{\"@type\":\"EntryPoint\",\"urlTemplate\":\"https:\/\/twchains.com\/?s={search_term_string}\"},\"query-input\":{\"@type\":\"PropertyValueSpecification\",\"valueRequired\":true,\"valueName\":\"search_term_string\"}}],\"inLanguage\":\"tr\"},{\"@type\":\"Organization\",\"@id\":\"https:\/\/twchains.com\/#organization\",\"name\":\"twchains\",\"url\":\"https:\/\/twchains.com\/\",\"logo\":{\"@type\":\"ImageObject\",\"inLanguage\":\"tr\",\"@id\":\"https:\/\/twchains.com\/#\/schema\/logo\/image\/\",\"url\":\"https:\/\/twchains.com\/wp-content\/uploads\/2025\/04\/tongwei-logo-100.svg\",\"contentUrl\":\"https:\/\/twchains.com\/wp-content\/uploads\/2025\/04\/tongwei-logo-100.svg\",\"width\":128,\"height\":100,\"caption\":\"twchains\"},\"image\":{\"@id\":\"https:\/\/twchains.com\/#\/schema\/logo\/image\/\"}}]}<\/script>\n<!-- \/ Yoast SEO plugin. -->","yoast_head_json":{"title":"Manufacturer of Loader Tyre Protector Chain 26.5r25 for Steel Mill - twchains","robots":{"index":"index","follow":"follow","max-snippet":"max-snippet:-1","max-image-preview":"max-image-preview:large","max-video-preview":"max-video-preview:-1"},"canonical":"https:\/\/twchains.com\/tr\/urun\/manufacturer-of-loader-tyre-protector-chain-26-5r25-for-steel-mill\/","og_locale":"tr_TR","og_type":"article","og_title":"Manufacturer of Loader Tyre Protector Chain 26.5r25 for Steel Mill - twchains","og_description":"Direct Sales  OEM\/ODM","og_url":"https:\/\/twchains.com\/tr\/urun\/manufacturer-of-loader-tyre-protector-chain-26-5r25-for-steel-mill\/","og_site_name":"twchains","article_modified_time":"2025-04-26T08:18:07+00:00","og_image":[{"width":495,"height":317,"url":"https:\/\/twchains.com\/wp-content\/uploads\/2025\/04\/4.png","type":"image\/png"}],"twitter_card":"summary_large_image","twitter_misc":{"Tahmini okuma s\u00fcresi":"1 dakika"},"schema":{"@context":"https:\/\/schema.org","@graph":[{"@type":"WebPage","@id":"https:\/\/twchains.com\/product\/manufacturer-of-loader-tyre-protector-chain-26-5r25-for-steel-mill\/","url":"https:\/\/twchains.com\/product\/manufacturer-of-loader-tyre-protector-chain-26-5r25-for-steel-mill\/","name":"Manufacturer of Loader Tyre Protector Chain 26.5r25 for Steel Mill - twchains","isPartOf":{"@id":"https:\/\/twchains.com\/#website"},"primaryImageOfPage":{"@id":"https:\/\/twchains.com\/product\/manufacturer-of-loader-tyre-protector-chain-26-5r25-for-steel-mill\/#primaryimage"},"image":{"@id":"https:\/\/twchains.com\/product\/manufacturer-of-loader-tyre-protector-chain-26-5r25-for-steel-mill\/#primaryimage"},"thumbnailUrl":"https:\/\/twchains.com\/wp-content\/uploads\/2025\/04\/4.png","datePublished":"2025-04-26T07:48:34+00:00","dateModified":"2025-04-26T08:18:07+00:00","breadcrumb":{"@id":"https:\/\/twchains.com\/product\/manufacturer-of-loader-tyre-protector-chain-26-5r25-for-steel-mill\/#breadcrumb"},"inLanguage":"tr","potentialAction":[{"@type":"ReadAction","target":["https:\/\/twchains.com\/product\/manufacturer-of-loader-tyre-protector-chain-26-5r25-for-steel-mill\/"]}]},{"@type":"ImageObject","inLanguage":"tr","@id":"https:\/\/twchains.com\/product\/manufacturer-of-loader-tyre-protector-chain-26-5r25-for-steel-mill\/#primaryimage","url":"https:\/\/twchains.com\/wp-content\/uploads\/2025\/04\/4.png","contentUrl":"https:\/\/twchains.com\/wp-content\/uploads\/2025\/04\/4.png","width":495,"height":317},{"@type":"BreadcrumbList","@id":"https:\/\/twchains.com\/product\/manufacturer-of-loader-tyre-protector-chain-26-5r25-for-steel-mill\/#breadcrumb","itemListElement":[{"@type":"ListItem","position":1,"name":"Home","item":"https:\/\/twchains.com\/"},{"@type":"ListItem","position":2,"name":"Products","item":"https:\/\/twchains.com\/products\/"},{"@type":"ListItem","position":3,"name":"Manufacturer of Loader Tyre Protector Chain 26.5r25 for Steel Mill"}]},{"@type":"WebSite","@id":"https:\/\/twchains.com\/#website","url":"https:\/\/twchains.com\/","name":"twchains","description":"","publisher":{"@id":"https:\/\/twchains.com\/#organization"},"potentialAction":[{"@type":"SearchAction","target":{"@type":"EntryPoint","urlTemplate":"https:\/\/twchains.com\/?s={search_term_string}"},"query-input":{"@type":"PropertyValueSpecification","valueRequired":true,"valueName":"search_term_string"}}],"inLanguage":"tr"},{"@type":"Organization","@id":"https:\/\/twchains.com\/#organization","name":"twchains","url":"https:\/\/twchains.com\/","logo":{"@type":"ImageObject","inLanguage":"tr","@id":"https:\/\/twchains.com\/#\/schema\/logo\/image\/","url":"https:\/\/twchains.com\/wp-content\/uploads\/2025\/04\/tongwei-logo-100.svg","contentUrl":"https:\/\/twchains.com\/wp-content\/uploads\/2025\/04\/tongwei-logo-100.svg","width":128,"height":100,"caption":"twchains"},"image":{"@id":"https:\/\/twchains.com\/#\/schema\/logo\/image\/"}}]}},"_links":{"self":[{"href":"https:\/\/twchains.com\/tr\/wp-json\/wp\/v2\/product\/649","targetHints":{"allow":["GET"]}}],"collection":[{"href":"https:\/\/twchains.com\/tr\/wp-json\/wp\/v2\/product"}],"about":[{"href":"https:\/\/twchains.com\/tr\/wp-json\/wp\/v2\/types\/product"}],"wp:featuredmedia":[{"embeddable":true,"href":"https:\/\/twchains.com\/tr\/wp-json\/wp\/v2\/media\/633"}],"wp:attachment":[{"href":"https:\/\/twchains.com\/tr\/wp-json\/wp\/v2\/media?parent=649"}],"wp:term":[{"taxonomy":"product_brand","embeddable":true,"href":"https:\/\/twchains.com\/tr\/wp-json\/wp\/v2\/product_brand?post=649"},{"taxonomy":"product_cat","embeddable":true,"href":"https:\/\/twchains.com\/tr\/wp-json\/wp\/v2\/product_cat?post=649"},{"taxonomy":"product_tag","embeddable":true,"href":"https:\/\/twchains.com\/tr\/wp-json\/wp\/v2\/product_tag?post=649"}],"curies":[{"name":"wp","href":"https:\/\/api.w.org\/{rel}","templated":true}]}}