{"id":650,"date":"2025-04-26T08:05:32","date_gmt":"2025-04-26T08:05:32","guid":{"rendered":"https:\/\/twchains.com\/?post_type=product&#038;p=650"},"modified":"2025-04-29T04:29:39","modified_gmt":"2025-04-29T04:29:39","slug":"wheel-loader-tire-protection-chains-875-65r29-for-russian-wholesaler","status":"publish","type":"product","link":"https:\/\/twchains.com\/tr\/urun\/wheel-loader-tire-protection-chains-875-65r29-for-russian-wholesaler\/","title":{"rendered":"Rus Toptanc\u0131 i\u00e7in Lastikli Y\u00fckleyici Lastik Koruma Zincirleri 875 \/ 65r29"},"content":{"rendered":"<ul>\n<li>Tongwei (TW) Lastik Koruma Zinciri 60'tan fazla \u00fclkeye ihra\u00e7 edilmi\u015ftir ve istikrarl\u0131 tedarik ile 100 B2B m\u00fc\u015fteriye sahiptir (tekrarlanan \u00fclkeler dahil),<\/li>\n<li>Son kullan\u0131c\u0131lar: \u00e7elik fabrikalar\u0131, madenler, lojistik \u015firketleri vb. gibi do\u011frudan kullan\u0131c\u0131lar (distrib\u00fct\u00f6rlerden al\u0131nan geri bildirimlerle tahmin edilebilir).<\/li>\n<li>B\u00f6lgesel da\u011f\u0131l\u0131m Y\u00fcksek potansiyelli pazarlar: \u00c7elik madencili\u011finin yo\u011funla\u015ft\u0131\u011f\u0131 b\u00f6lgeler (Avustralya, \u015eili, G\u00fcney Afrika, Rusya gibi). Altyap\u0131n\u0131n aktif oldu\u011fu b\u00f6lgeler (G\u00fcneydo\u011fu Asya, Orta Do\u011fu).<\/li>\n<li>Geli\u015ftirilecek pazar: G\u00fcney Amerika (Brezilya, Peru) ve Afrika'da (Kongo, Zambiya) madencilik talebi.<\/li>\n<\/ul>\n<p>Y\u00fckleyici lastik zincirleri ile ilgileniyorsan\u0131z bizimle serbest\u00e7e ileti\u015fime ge\u00e7in.<\/p>\n<p>1TP5Y\u00fckleyici zincirleri1TP5\u00c7ilet zincirleri#russialy\u00fckleyici zincirleri#peruloader par\u00e7alar\u0131#peruchains#tireprotectionchain<\/p>","protected":false},"excerpt":{"rendered":"<ul>\n<li>95%'ye Kadar Geri Al\u0131m Oran\u0131<\/li>\n<li>100% \u00c7ekme Testi<\/li>\n<li>\u00d6zel Tasar\u0131m ve Sahne Uyarlamas\u0131<\/li>\n<\/ul>","protected":false},"featured_media":651,"template":"","meta":{"inline_featured_image":false,"_kad_post_transparent":"default","_kad_post_title":"","_kad_post_layout":"default","_kad_post_sidebar_id":"","_kad_post_content_style":"default","_kad_post_vertical_padding":"default","_kad_post_feature":"","_kad_post_feature_position":"","_kad_post_header":false,"_kad_post_footer":false},"product_brand":[],"product_cat":[15,30,26],"product_tag":[],"class_list":{"0":"post-650","1":"product","2":"type-product","3":"status-publish","4":"has-post-thumbnail","6":"product_cat-tyre-protection-chain","7":"product_cat-loader-grader-tire-chain","8":"product_cat-reinforced","10":"first","11":"instock","12":"shipping-taxable","13":"product-type-simple","14":"entry","15":"content-bg","16":"loop-entry"},"yoast_head":"<!-- This site is optimized with the Yoast SEO plugin v25.4 - https:\/\/yoast.com\/wordpress\/plugins\/seo\/ -->\n<title>Wheel Loader Tire Protection Chains 875\/65r29 for Russian Wholesaler - twchains<\/title>\n<meta name=\"robots\" content=\"index, follow, max-snippet:-1, max-image-preview:large, max-video-preview:-1\" \/>\n<link rel=\"canonical\" href=\"https:\/\/twchains.com\/tr\/urun\/wheel-loader-tire-protection-chains-875-65r29-for-russian-wholesaler\/\" \/>\n<meta property=\"og:locale\" content=\"tr_TR\" \/>\n<meta property=\"og:type\" content=\"article\" \/>\n<meta property=\"og:title\" content=\"Wheel Loader Tire Protection Chains 875\/65r29 for Russian Wholesaler - twchains\" \/>\n<meta property=\"og:description\" content=\"Repurchase Rate Up To 95%  100% Tensile Testing  Customized Design &amp; Scene Adaptation\" \/>\n<meta property=\"og:url\" content=\"https:\/\/twchains.com\/tr\/urun\/wheel-loader-tire-protection-chains-875-65r29-for-russian-wholesaler\/\" \/>\n<meta property=\"og:site_name\" content=\"twchains\" \/>\n<meta property=\"article:modified_time\" content=\"2025-04-29T04:29:39+00:00\" \/>\n<meta property=\"og:image\" content=\"https:\/\/twchains.com\/wp-content\/uploads\/2025\/04\/chainsmarble.jpg\" \/>\n\t<meta property=\"og:image:width\" content=\"411\" \/>\n\t<meta property=\"og:image:height\" content=\"365\" \/>\n\t<meta property=\"og:image:type\" content=\"image\/jpeg\" \/>\n<meta name=\"twitter:card\" content=\"summary_large_image\" \/>\n<meta name=\"twitter:label1\" content=\"Tahmini okuma s\u00fcresi\" \/>\n\t<meta name=\"twitter:data1\" content=\"1 dakika\" \/>\n<script type=\"application\/ld+json\" class=\"yoast-schema-graph\">{\"@context\":\"https:\/\/schema.org\",\"@graph\":[{\"@type\":\"WebPage\",\"@id\":\"https:\/\/twchains.com\/product\/wheel-loader-tire-protection-chains-875-65r29-for-russian-wholesaler\/\",\"url\":\"https:\/\/twchains.com\/product\/wheel-loader-tire-protection-chains-875-65r29-for-russian-wholesaler\/\",\"name\":\"Wheel Loader Tire Protection Chains 875\/65r29 for Russian Wholesaler - twchains\",\"isPartOf\":{\"@id\":\"https:\/\/twchains.com\/#website\"},\"primaryImageOfPage\":{\"@id\":\"https:\/\/twchains.com\/product\/wheel-loader-tire-protection-chains-875-65r29-for-russian-wholesaler\/#primaryimage\"},\"image\":{\"@id\":\"https:\/\/twchains.com\/product\/wheel-loader-tire-protection-chains-875-65r29-for-russian-wholesaler\/#primaryimage\"},\"thumbnailUrl\":\"https:\/\/twchains.com\/wp-content\/uploads\/2025\/04\/chainsmarble.jpg\",\"datePublished\":\"2025-04-26T08:05:32+00:00\",\"dateModified\":\"2025-04-29T04:29:39+00:00\",\"breadcrumb\":{\"@id\":\"https:\/\/twchains.com\/product\/wheel-loader-tire-protection-chains-875-65r29-for-russian-wholesaler\/#breadcrumb\"},\"inLanguage\":\"tr\",\"potentialAction\":[{\"@type\":\"ReadAction\",\"target\":[\"https:\/\/twchains.com\/product\/wheel-loader-tire-protection-chains-875-65r29-for-russian-wholesaler\/\"]}]},{\"@type\":\"ImageObject\",\"inLanguage\":\"tr\",\"@id\":\"https:\/\/twchains.com\/product\/wheel-loader-tire-protection-chains-875-65r29-for-russian-wholesaler\/#primaryimage\",\"url\":\"https:\/\/twchains.com\/wp-content\/uploads\/2025\/04\/chainsmarble.jpg\",\"contentUrl\":\"https:\/\/twchains.com\/wp-content\/uploads\/2025\/04\/chainsmarble.jpg\",\"width\":411,\"height\":365},{\"@type\":\"BreadcrumbList\",\"@id\":\"https:\/\/twchains.com\/product\/wheel-loader-tire-protection-chains-875-65r29-for-russian-wholesaler\/#breadcrumb\",\"itemListElement\":[{\"@type\":\"ListItem\",\"position\":1,\"name\":\"Home\",\"item\":\"https:\/\/twchains.com\/\"},{\"@type\":\"ListItem\",\"position\":2,\"name\":\"Products\",\"item\":\"https:\/\/twchains.com\/products\/\"},{\"@type\":\"ListItem\",\"position\":3,\"name\":\"Wheel Loader Tire Protection Chains 875\/65r29 for Russian Wholesaler\"}]},{\"@type\":\"WebSite\",\"@id\":\"https:\/\/twchains.com\/#website\",\"url\":\"https:\/\/twchains.com\/\",\"name\":\"twchains\",\"description\":\"\",\"publisher\":{\"@id\":\"https:\/\/twchains.com\/#organization\"},\"potentialAction\":[{\"@type\":\"SearchAction\",\"target\":{\"@type\":\"EntryPoint\",\"urlTemplate\":\"https:\/\/twchains.com\/?s={search_term_string}\"},\"query-input\":{\"@type\":\"PropertyValueSpecification\",\"valueRequired\":true,\"valueName\":\"search_term_string\"}}],\"inLanguage\":\"tr\"},{\"@type\":\"Organization\",\"@id\":\"https:\/\/twchains.com\/#organization\",\"name\":\"twchains\",\"url\":\"https:\/\/twchains.com\/\",\"logo\":{\"@type\":\"ImageObject\",\"inLanguage\":\"tr\",\"@id\":\"https:\/\/twchains.com\/#\/schema\/logo\/image\/\",\"url\":\"https:\/\/twchains.com\/wp-content\/uploads\/2025\/04\/tongwei-logo-100.svg\",\"contentUrl\":\"https:\/\/twchains.com\/wp-content\/uploads\/2025\/04\/tongwei-logo-100.svg\",\"width\":128,\"height\":100,\"caption\":\"twchains\"},\"image\":{\"@id\":\"https:\/\/twchains.com\/#\/schema\/logo\/image\/\"}}]}<\/script>\n<!-- \/ Yoast SEO plugin. -->","yoast_head_json":{"title":"Wheel Loader Tire Protection Chains 875\/65r29 for Russian Wholesaler - twchains","robots":{"index":"index","follow":"follow","max-snippet":"max-snippet:-1","max-image-preview":"max-image-preview:large","max-video-preview":"max-video-preview:-1"},"canonical":"https:\/\/twchains.com\/tr\/urun\/wheel-loader-tire-protection-chains-875-65r29-for-russian-wholesaler\/","og_locale":"tr_TR","og_type":"article","og_title":"Wheel Loader Tire Protection Chains 875\/65r29 for Russian Wholesaler - twchains","og_description":"Repurchase Rate Up To 95%  100% Tensile Testing  Customized Design &amp; Scene Adaptation","og_url":"https:\/\/twchains.com\/tr\/urun\/wheel-loader-tire-protection-chains-875-65r29-for-russian-wholesaler\/","og_site_name":"twchains","article_modified_time":"2025-04-29T04:29:39+00:00","og_image":[{"width":411,"height":365,"url":"https:\/\/twchains.com\/wp-content\/uploads\/2025\/04\/chainsmarble.jpg","type":"image\/jpeg"}],"twitter_card":"summary_large_image","twitter_misc":{"Tahmini okuma s\u00fcresi":"1 dakika"},"schema":{"@context":"https:\/\/schema.org","@graph":[{"@type":"WebPage","@id":"https:\/\/twchains.com\/product\/wheel-loader-tire-protection-chains-875-65r29-for-russian-wholesaler\/","url":"https:\/\/twchains.com\/product\/wheel-loader-tire-protection-chains-875-65r29-for-russian-wholesaler\/","name":"Wheel Loader Tire Protection Chains 875\/65r29 for Russian Wholesaler - twchains","isPartOf":{"@id":"https:\/\/twchains.com\/#website"},"primaryImageOfPage":{"@id":"https:\/\/twchains.com\/product\/wheel-loader-tire-protection-chains-875-65r29-for-russian-wholesaler\/#primaryimage"},"image":{"@id":"https:\/\/twchains.com\/product\/wheel-loader-tire-protection-chains-875-65r29-for-russian-wholesaler\/#primaryimage"},"thumbnailUrl":"https:\/\/twchains.com\/wp-content\/uploads\/2025\/04\/chainsmarble.jpg","datePublished":"2025-04-26T08:05:32+00:00","dateModified":"2025-04-29T04:29:39+00:00","breadcrumb":{"@id":"https:\/\/twchains.com\/product\/wheel-loader-tire-protection-chains-875-65r29-for-russian-wholesaler\/#breadcrumb"},"inLanguage":"tr","potentialAction":[{"@type":"ReadAction","target":["https:\/\/twchains.com\/product\/wheel-loader-tire-protection-chains-875-65r29-for-russian-wholesaler\/"]}]},{"@type":"ImageObject","inLanguage":"tr","@id":"https:\/\/twchains.com\/product\/wheel-loader-tire-protection-chains-875-65r29-for-russian-wholesaler\/#primaryimage","url":"https:\/\/twchains.com\/wp-content\/uploads\/2025\/04\/chainsmarble.jpg","contentUrl":"https:\/\/twchains.com\/wp-content\/uploads\/2025\/04\/chainsmarble.jpg","width":411,"height":365},{"@type":"BreadcrumbList","@id":"https:\/\/twchains.com\/product\/wheel-loader-tire-protection-chains-875-65r29-for-russian-wholesaler\/#breadcrumb","itemListElement":[{"@type":"ListItem","position":1,"name":"Home","item":"https:\/\/twchains.com\/"},{"@type":"ListItem","position":2,"name":"Products","item":"https:\/\/twchains.com\/products\/"},{"@type":"ListItem","position":3,"name":"Wheel Loader Tire Protection Chains 875\/65r29 for Russian Wholesaler"}]},{"@type":"WebSite","@id":"https:\/\/twchains.com\/#website","url":"https:\/\/twchains.com\/","name":"twchains","description":"","publisher":{"@id":"https:\/\/twchains.com\/#organization"},"potentialAction":[{"@type":"SearchAction","target":{"@type":"EntryPoint","urlTemplate":"https:\/\/twchains.com\/?s={search_term_string}"},"query-input":{"@type":"PropertyValueSpecification","valueRequired":true,"valueName":"search_term_string"}}],"inLanguage":"tr"},{"@type":"Organization","@id":"https:\/\/twchains.com\/#organization","name":"twchains","url":"https:\/\/twchains.com\/","logo":{"@type":"ImageObject","inLanguage":"tr","@id":"https:\/\/twchains.com\/#\/schema\/logo\/image\/","url":"https:\/\/twchains.com\/wp-content\/uploads\/2025\/04\/tongwei-logo-100.svg","contentUrl":"https:\/\/twchains.com\/wp-content\/uploads\/2025\/04\/tongwei-logo-100.svg","width":128,"height":100,"caption":"twchains"},"image":{"@id":"https:\/\/twchains.com\/#\/schema\/logo\/image\/"}}]}},"_links":{"self":[{"href":"https:\/\/twchains.com\/tr\/wp-json\/wp\/v2\/product\/650","targetHints":{"allow":["GET"]}}],"collection":[{"href":"https:\/\/twchains.com\/tr\/wp-json\/wp\/v2\/product"}],"about":[{"href":"https:\/\/twchains.com\/tr\/wp-json\/wp\/v2\/types\/product"}],"wp:featuredmedia":[{"embeddable":true,"href":"https:\/\/twchains.com\/tr\/wp-json\/wp\/v2\/media\/651"}],"wp:attachment":[{"href":"https:\/\/twchains.com\/tr\/wp-json\/wp\/v2\/media?parent=650"}],"wp:term":[{"taxonomy":"product_brand","embeddable":true,"href":"https:\/\/twchains.com\/tr\/wp-json\/wp\/v2\/product_brand?post=650"},{"taxonomy":"product_cat","embeddable":true,"href":"https:\/\/twchains.com\/tr\/wp-json\/wp\/v2\/product_cat?post=650"},{"taxonomy":"product_tag","embeddable":true,"href":"https:\/\/twchains.com\/tr\/wp-json\/wp\/v2\/product_tag?post=650"}],"curies":[{"name":"wp","href":"https:\/\/api.w.org\/{rel}","templated":true}]}}