{"id":653,"date":"2025-04-26T08:17:16","date_gmt":"2025-04-26T08:17:16","guid":{"rendered":"https:\/\/twchains.com\/?post_type=product&#038;p=653"},"modified":"2025-04-26T08:17:16","modified_gmt":"2025-04-26T08:17:16","slug":"35-65r33-carbonized-tire-protection-chain-supply-to-peru-chile-distributor","status":"publish","type":"product","link":"https:\/\/twchains.com\/tr\/urun\/35-65r33-carbonized-tire-protection-chain-supply-to-peru-chile-distributor\/","title":{"rendered":"Peru ve \u015eili Distrib\u00fct\u00f6r\u00fcne 35\/65R33 Karbonize Lastik Koruma Zinciri Temini"},"content":{"rendered":"<p>Son y\u0131llarda, giderek daha fazla m\u00fc\u015fteri lastik koruma zincirleri i\u00e7in karb\u00fcrleme teknolojisine ihtiya\u00e7 duymay\u0131 se\u00e7mi\u015ftir. Karb\u00fcrleme i\u015fleminden sonra, lastik koruma zincirlerinin sertli\u011fi 23%'ye y\u00fckseltilebilir (evrensel koruma zinciri ile kar\u015f\u0131la\u015ft\u0131r\u0131n).<\/p>\n<p>1. Karb\u00fcrleme i\u015flemi nedir? Y\u00fczey g\u00fc\u00e7lendirme teknolojisi: D\u00fc\u015f\u00fck karbonlu \u00e7elik zincir baklalar\u0131n\u0131 bir karb\u00fcrleme f\u0131r\u0131n\u0131na yerle\u015ftirin ve i\u00e7ten toklu\u011fu koruyan y\u00fcksek karbonlu bir sertle\u015ftirme tabakas\u0131 (0,5-2 mm kal\u0131nl\u0131\u011f\u0131nda) olu\u015fturmak i\u00e7in y\u00fcksek s\u0131cakl\u0131klarda (900-950 \u2103) karbon elementleri enjekte edin. Sonu\u00e7: Y\u00fczey sertli\u011fi HRC 60+'ya ula\u015f\u0131r (s\u0131radan zincirler yaln\u0131zca HRC 50'ye sahiptir), a\u015f\u0131nma direnci 3 kattan fazla artar ve darbe direnci de\u011fi\u015fmeden kal\u0131r.<\/p>\n<p>2. Temel avantajlar S\u00fcper a\u015f\u0131nmaya dayan\u0131kl\u0131: Karb\u00fcrize katman, \u00e7elik c\u00fcrufu ve cevherden kaynaklanan do\u011frudan s\u00fcrt\u00fcnmeye kar\u015f\u0131 dayan\u0131kl\u0131d\u0131r ve \u00f6mr\u00fcn\u00fc s\u0131radan zincirlere k\u0131yasla 50% -80% uzat\u0131r. Yorulma direnci: \u00c7ekirdek toklu\u011fu k\u0131r\u0131lgan k\u0131r\u0131lmay\u0131 \u00f6nler ve y\u00fcksek frekansl\u0131 darbe senaryolar\u0131 i\u00e7in uygundur (forkliftlerin s\u0131k s\u0131k \u00e7al\u0131\u015ft\u0131r\u0131l\u0131p durdurulmas\u0131 gibi). Y\u00fcksek maliyet etkinli\u011fi: Performans \u00fcst d\u00fczey malzemelere yak\u0131nd\u0131r.<\/p>\n<p>3. Uygulanabilir senaryolar A\u015f\u0131r\u0131 a\u015f\u0131nma ko\u015fullar\u0131: S\u0131cak \u00e7elik c\u00fcrufunun ta\u015f\u0131nmas\u0131 (800 \u2103 alt\u0131nda) Madencilik \u00e7ak\u0131l kaplama Liman konteyneri a\u011f\u0131r makineleri.<\/p>\n<p>1TP5Koruma zinciri#ekerlek koruma zinciri1TP5Madencilik zinciri#a\u015f oca\u011f\u0131 zinciri#otrtyre<\/p>","protected":false},"excerpt":{"rendered":"<ul>\n<li>Karb\u00fcrizasyon<\/li>\n<li>Dayan\u0131kl\u0131<\/li>\n<li>Is\u0131l \u0130\u015flem<\/li>\n<li>S\u00f6nd\u00fcrme<\/li>\n<\/ul>","protected":false},"featured_media":547,"template":"","meta":{"inline_featured_image":false,"_kad_post_transparent":"default","_kad_post_title":"","_kad_post_layout":"default","_kad_post_sidebar_id":"","_kad_post_content_style":"default","_kad_post_vertical_padding":"default","_kad_post_feature":"","_kad_post_feature_position":"","_kad_post_header":false,"_kad_post_footer":false},"product_brand":[],"product_cat":[15,28,26],"product_tag":[],"class_list":{"0":"post-653","1":"product","2":"type-product","3":"status-publish","4":"has-post-thumbnail","6":"product_cat-tyre-protection-chain","7":"product_cat-heavy-duty","8":"product_cat-reinforced","10":"first","11":"instock","12":"shipping-taxable","13":"product-type-simple","14":"entry","15":"content-bg","16":"loop-entry"},"yoast_head":"<!-- This site is optimized with the Yoast SEO plugin v25.4 - https:\/\/yoast.com\/wordpress\/plugins\/seo\/ -->\n<title>35\/65R33 Carbonized Tire Protection Chain Supply To Peru &amp; Chile Distributor - twchains<\/title>\n<meta name=\"robots\" content=\"index, follow, max-snippet:-1, max-image-preview:large, max-video-preview:-1\" \/>\n<link rel=\"canonical\" href=\"https:\/\/twchains.com\/tr\/urun\/35-65r33-carbonized-tire-protection-chain-supply-to-peru-chile-distributor\/\" \/>\n<meta property=\"og:locale\" content=\"tr_TR\" \/>\n<meta property=\"og:type\" content=\"article\" \/>\n<meta property=\"og:title\" content=\"35\/65R33 Carbonized Tire Protection Chain Supply To Peru &amp; Chile Distributor - twchains\" \/>\n<meta property=\"og:description\" content=\"Carburization  Durable  Heat-Treatment  Quench\" \/>\n<meta property=\"og:url\" content=\"https:\/\/twchains.com\/tr\/urun\/35-65r33-carbonized-tire-protection-chain-supply-to-peru-chile-distributor\/\" \/>\n<meta property=\"og:site_name\" content=\"twchains\" \/>\n<meta property=\"og:image\" content=\"https:\/\/twchains.com\/wp-content\/uploads\/2025\/04\/18mm.png\" \/>\n\t<meta property=\"og:image:width\" content=\"1080\" \/>\n\t<meta property=\"og:image:height\" content=\"1440\" \/>\n\t<meta property=\"og:image:type\" content=\"image\/png\" \/>\n<meta name=\"twitter:card\" content=\"summary_large_image\" \/>\n<meta name=\"twitter:label1\" content=\"Tahmini okuma s\u00fcresi\" \/>\n\t<meta name=\"twitter:data1\" content=\"1 dakika\" \/>\n<script type=\"application\/ld+json\" class=\"yoast-schema-graph\">{\"@context\":\"https:\/\/schema.org\",\"@graph\":[{\"@type\":\"WebPage\",\"@id\":\"https:\/\/twchains.com\/product\/35-65r33-carbonized-tire-protection-chain-supply-to-peru-chile-distributor\/\",\"url\":\"https:\/\/twchains.com\/product\/35-65r33-carbonized-tire-protection-chain-supply-to-peru-chile-distributor\/\",\"name\":\"35\/65R33 Carbonized Tire Protection Chain Supply To Peru & Chile Distributor - twchains\",\"isPartOf\":{\"@id\":\"https:\/\/twchains.com\/#website\"},\"primaryImageOfPage\":{\"@id\":\"https:\/\/twchains.com\/product\/35-65r33-carbonized-tire-protection-chain-supply-to-peru-chile-distributor\/#primaryimage\"},\"image\":{\"@id\":\"https:\/\/twchains.com\/product\/35-65r33-carbonized-tire-protection-chain-supply-to-peru-chile-distributor\/#primaryimage\"},\"thumbnailUrl\":\"https:\/\/twchains.com\/wp-content\/uploads\/2025\/04\/18mm.png\",\"datePublished\":\"2025-04-26T08:17:16+00:00\",\"breadcrumb\":{\"@id\":\"https:\/\/twchains.com\/product\/35-65r33-carbonized-tire-protection-chain-supply-to-peru-chile-distributor\/#breadcrumb\"},\"inLanguage\":\"tr\",\"potentialAction\":[{\"@type\":\"ReadAction\",\"target\":[\"https:\/\/twchains.com\/product\/35-65r33-carbonized-tire-protection-chain-supply-to-peru-chile-distributor\/\"]}]},{\"@type\":\"ImageObject\",\"inLanguage\":\"tr\",\"@id\":\"https:\/\/twchains.com\/product\/35-65r33-carbonized-tire-protection-chain-supply-to-peru-chile-distributor\/#primaryimage\",\"url\":\"https:\/\/twchains.com\/wp-content\/uploads\/2025\/04\/18mm.png\",\"contentUrl\":\"https:\/\/twchains.com\/wp-content\/uploads\/2025\/04\/18mm.png\",\"width\":1080,\"height\":1440},{\"@type\":\"BreadcrumbList\",\"@id\":\"https:\/\/twchains.com\/product\/35-65r33-carbonized-tire-protection-chain-supply-to-peru-chile-distributor\/#breadcrumb\",\"itemListElement\":[{\"@type\":\"ListItem\",\"position\":1,\"name\":\"Home\",\"item\":\"https:\/\/twchains.com\/\"},{\"@type\":\"ListItem\",\"position\":2,\"name\":\"Products\",\"item\":\"https:\/\/twchains.com\/products\/\"},{\"@type\":\"ListItem\",\"position\":3,\"name\":\"35\/65R33 Carbonized Tire Protection Chain Supply To Peru &#038; Chile Distributor\"}]},{\"@type\":\"WebSite\",\"@id\":\"https:\/\/twchains.com\/#website\",\"url\":\"https:\/\/twchains.com\/\",\"name\":\"twchains\",\"description\":\"\",\"publisher\":{\"@id\":\"https:\/\/twchains.com\/#organization\"},\"potentialAction\":[{\"@type\":\"SearchAction\",\"target\":{\"@type\":\"EntryPoint\",\"urlTemplate\":\"https:\/\/twchains.com\/?s={search_term_string}\"},\"query-input\":{\"@type\":\"PropertyValueSpecification\",\"valueRequired\":true,\"valueName\":\"search_term_string\"}}],\"inLanguage\":\"tr\"},{\"@type\":\"Organization\",\"@id\":\"https:\/\/twchains.com\/#organization\",\"name\":\"twchains\",\"url\":\"https:\/\/twchains.com\/\",\"logo\":{\"@type\":\"ImageObject\",\"inLanguage\":\"tr\",\"@id\":\"https:\/\/twchains.com\/#\/schema\/logo\/image\/\",\"url\":\"https:\/\/twchains.com\/wp-content\/uploads\/2025\/04\/tongwei-logo-100.svg\",\"contentUrl\":\"https:\/\/twchains.com\/wp-content\/uploads\/2025\/04\/tongwei-logo-100.svg\",\"width\":128,\"height\":100,\"caption\":\"twchains\"},\"image\":{\"@id\":\"https:\/\/twchains.com\/#\/schema\/logo\/image\/\"}}]}<\/script>\n<!-- \/ Yoast SEO plugin. -->","yoast_head_json":{"title":"35\/65R33 Carbonized Tire Protection Chain Supply To Peru & Chile Distributor - twchains","robots":{"index":"index","follow":"follow","max-snippet":"max-snippet:-1","max-image-preview":"max-image-preview:large","max-video-preview":"max-video-preview:-1"},"canonical":"https:\/\/twchains.com\/tr\/urun\/35-65r33-carbonized-tire-protection-chain-supply-to-peru-chile-distributor\/","og_locale":"tr_TR","og_type":"article","og_title":"35\/65R33 Carbonized Tire Protection Chain Supply To Peru & Chile Distributor - twchains","og_description":"Carburization  Durable  Heat-Treatment  Quench","og_url":"https:\/\/twchains.com\/tr\/urun\/35-65r33-carbonized-tire-protection-chain-supply-to-peru-chile-distributor\/","og_site_name":"twchains","og_image":[{"width":1080,"height":1440,"url":"https:\/\/twchains.com\/wp-content\/uploads\/2025\/04\/18mm.png","type":"image\/png"}],"twitter_card":"summary_large_image","twitter_misc":{"Tahmini okuma s\u00fcresi":"1 dakika"},"schema":{"@context":"https:\/\/schema.org","@graph":[{"@type":"WebPage","@id":"https:\/\/twchains.com\/product\/35-65r33-carbonized-tire-protection-chain-supply-to-peru-chile-distributor\/","url":"https:\/\/twchains.com\/product\/35-65r33-carbonized-tire-protection-chain-supply-to-peru-chile-distributor\/","name":"35\/65R33 Carbonized Tire Protection Chain Supply To Peru & Chile Distributor - twchains","isPartOf":{"@id":"https:\/\/twchains.com\/#website"},"primaryImageOfPage":{"@id":"https:\/\/twchains.com\/product\/35-65r33-carbonized-tire-protection-chain-supply-to-peru-chile-distributor\/#primaryimage"},"image":{"@id":"https:\/\/twchains.com\/product\/35-65r33-carbonized-tire-protection-chain-supply-to-peru-chile-distributor\/#primaryimage"},"thumbnailUrl":"https:\/\/twchains.com\/wp-content\/uploads\/2025\/04\/18mm.png","datePublished":"2025-04-26T08:17:16+00:00","breadcrumb":{"@id":"https:\/\/twchains.com\/product\/35-65r33-carbonized-tire-protection-chain-supply-to-peru-chile-distributor\/#breadcrumb"},"inLanguage":"tr","potentialAction":[{"@type":"ReadAction","target":["https:\/\/twchains.com\/product\/35-65r33-carbonized-tire-protection-chain-supply-to-peru-chile-distributor\/"]}]},{"@type":"ImageObject","inLanguage":"tr","@id":"https:\/\/twchains.com\/product\/35-65r33-carbonized-tire-protection-chain-supply-to-peru-chile-distributor\/#primaryimage","url":"https:\/\/twchains.com\/wp-content\/uploads\/2025\/04\/18mm.png","contentUrl":"https:\/\/twchains.com\/wp-content\/uploads\/2025\/04\/18mm.png","width":1080,"height":1440},{"@type":"BreadcrumbList","@id":"https:\/\/twchains.com\/product\/35-65r33-carbonized-tire-protection-chain-supply-to-peru-chile-distributor\/#breadcrumb","itemListElement":[{"@type":"ListItem","position":1,"name":"Home","item":"https:\/\/twchains.com\/"},{"@type":"ListItem","position":2,"name":"Products","item":"https:\/\/twchains.com\/products\/"},{"@type":"ListItem","position":3,"name":"35\/65R33 Carbonized Tire Protection Chain Supply To Peru &#038; Chile Distributor"}]},{"@type":"WebSite","@id":"https:\/\/twchains.com\/#website","url":"https:\/\/twchains.com\/","name":"twchains","description":"","publisher":{"@id":"https:\/\/twchains.com\/#organization"},"potentialAction":[{"@type":"SearchAction","target":{"@type":"EntryPoint","urlTemplate":"https:\/\/twchains.com\/?s={search_term_string}"},"query-input":{"@type":"PropertyValueSpecification","valueRequired":true,"valueName":"search_term_string"}}],"inLanguage":"tr"},{"@type":"Organization","@id":"https:\/\/twchains.com\/#organization","name":"twchains","url":"https:\/\/twchains.com\/","logo":{"@type":"ImageObject","inLanguage":"tr","@id":"https:\/\/twchains.com\/#\/schema\/logo\/image\/","url":"https:\/\/twchains.com\/wp-content\/uploads\/2025\/04\/tongwei-logo-100.svg","contentUrl":"https:\/\/twchains.com\/wp-content\/uploads\/2025\/04\/tongwei-logo-100.svg","width":128,"height":100,"caption":"twchains"},"image":{"@id":"https:\/\/twchains.com\/#\/schema\/logo\/image\/"}}]}},"_links":{"self":[{"href":"https:\/\/twchains.com\/tr\/wp-json\/wp\/v2\/product\/653","targetHints":{"allow":["GET"]}}],"collection":[{"href":"https:\/\/twchains.com\/tr\/wp-json\/wp\/v2\/product"}],"about":[{"href":"https:\/\/twchains.com\/tr\/wp-json\/wp\/v2\/types\/product"}],"wp:featuredmedia":[{"embeddable":true,"href":"https:\/\/twchains.com\/tr\/wp-json\/wp\/v2\/media\/547"}],"wp:attachment":[{"href":"https:\/\/twchains.com\/tr\/wp-json\/wp\/v2\/media?parent=653"}],"wp:term":[{"taxonomy":"product_brand","embeddable":true,"href":"https:\/\/twchains.com\/tr\/wp-json\/wp\/v2\/product_brand?post=653"},{"taxonomy":"product_cat","embeddable":true,"href":"https:\/\/twchains.com\/tr\/wp-json\/wp\/v2\/product_cat?post=653"},{"taxonomy":"product_tag","embeddable":true,"href":"https:\/\/twchains.com\/tr\/wp-json\/wp\/v2\/product_tag?post=653"}],"curies":[{"name":"wp","href":"https:\/\/api.w.org\/{rel}","templated":true}]}}