{"id":660,"date":"2025-04-27T08:01:48","date_gmt":"2025-04-27T08:01:48","guid":{"rendered":"https:\/\/twchains.com\/?post_type=product&#038;p=660"},"modified":"2025-04-27T08:01:48","modified_gmt":"2025-04-27T08:01:48","slug":"x16mm-standard-tire-chain-protector-29-5-25-for-marble-wheel-loader","status":"publish","type":"product","link":"https:\/\/twchains.com\/tr\/urun\/x16mm-standard-tire-chain-protector-29-5-25-for-marble-wheel-loader\/","title":{"rendered":"Mermer Lastikli Y\u00fckleyici i\u00e7in x16mm Standart Lastik Zinciri Koruyucu 29.5-25"},"content":{"rendered":"<p>16 mm halka takviyeli versiyondan \u00f6nce, 16 mm halka standart versiyon piyasada \u00e7ok pop\u00fclerdi, \u00e7\u00fcnk\u00fc fiyat\u0131 x18 mm versiyon kadar y\u00fcksek de\u011fildi ve kalitesi x13 mm halka ve x14 mm halka lastik koruma zincirlerinden \u00e7ok daha iyiydi. Art\u0131k aralar\u0131ndan se\u00e7im yapabilece\u011finiz bir\u00e7ok farkl\u0131 madencilik zinciri stili olmas\u0131na ra\u011fmen, x16mm halka standart zincir hala pazarda iyi bir orana sahiptir.<\/p>","protected":false},"excerpt":{"rendered":"<ul>\n<li>16mm Evrensel Tip<\/li>\n<li>D\u00fc\u015f\u00fck Titre\u015fim + G\u00fcr\u00fclt\u00fc Azaltma<\/li>\n<\/ul>","protected":false},"featured_media":651,"template":"","meta":{"inline_featured_image":false,"_kad_post_transparent":"default","_kad_post_title":"","_kad_post_layout":"default","_kad_post_sidebar_id":"","_kad_post_content_style":"default","_kad_post_vertical_padding":"default","_kad_post_feature":"","_kad_post_feature_position":"","_kad_post_header":false,"_kad_post_footer":false},"product_brand":[],"product_cat":[15,25],"product_tag":[],"class_list":{"0":"post-660","1":"product","2":"type-product","3":"status-publish","4":"has-post-thumbnail","6":"product_cat-tyre-protection-chain","7":"product_cat-standard","9":"first","10":"instock","11":"shipping-taxable","12":"product-type-simple","13":"entry","14":"content-bg","15":"loop-entry"},"yoast_head":"<!-- This site is optimized with the Yoast SEO plugin v25.4 - https:\/\/yoast.com\/wordpress\/plugins\/seo\/ -->\n<title>x16mm Standard Tire Chain Protector 29.5-25 for Marble Wheel Loader - twchains<\/title>\n<meta name=\"robots\" content=\"index, follow, max-snippet:-1, max-image-preview:large, max-video-preview:-1\" \/>\n<link rel=\"canonical\" href=\"https:\/\/twchains.com\/tr\/urun\/x16mm-standard-tire-chain-protector-29-5-25-for-marble-wheel-loader\/\" \/>\n<meta property=\"og:locale\" content=\"tr_TR\" \/>\n<meta property=\"og:type\" content=\"article\" \/>\n<meta property=\"og:title\" content=\"x16mm Standard Tire Chain Protector 29.5-25 for Marble Wheel Loader - twchains\" \/>\n<meta property=\"og:description\" content=\"16mm Universal Type  Low Vibration+Noise Reduction\" \/>\n<meta property=\"og:url\" content=\"https:\/\/twchains.com\/tr\/urun\/x16mm-standard-tire-chain-protector-29-5-25-for-marble-wheel-loader\/\" \/>\n<meta property=\"og:site_name\" content=\"twchains\" \/>\n<meta property=\"og:image\" content=\"https:\/\/twchains.com\/wp-content\/uploads\/2025\/04\/chainsmarble.jpg\" \/>\n\t<meta property=\"og:image:width\" content=\"411\" \/>\n\t<meta property=\"og:image:height\" content=\"365\" \/>\n\t<meta property=\"og:image:type\" content=\"image\/jpeg\" \/>\n<meta name=\"twitter:card\" content=\"summary_large_image\" \/>\n<meta name=\"twitter:label1\" content=\"Tahmini okuma s\u00fcresi\" \/>\n\t<meta name=\"twitter:data1\" content=\"1 dakika\" \/>\n<script type=\"application\/ld+json\" class=\"yoast-schema-graph\">{\"@context\":\"https:\/\/schema.org\",\"@graph\":[{\"@type\":\"WebPage\",\"@id\":\"https:\/\/twchains.com\/product\/x16mm-standard-tire-chain-protector-29-5-25-for-marble-wheel-loader\/\",\"url\":\"https:\/\/twchains.com\/product\/x16mm-standard-tire-chain-protector-29-5-25-for-marble-wheel-loader\/\",\"name\":\"x16mm Standard Tire Chain Protector 29.5-25 for Marble Wheel Loader - twchains\",\"isPartOf\":{\"@id\":\"https:\/\/twchains.com\/#website\"},\"primaryImageOfPage\":{\"@id\":\"https:\/\/twchains.com\/product\/x16mm-standard-tire-chain-protector-29-5-25-for-marble-wheel-loader\/#primaryimage\"},\"image\":{\"@id\":\"https:\/\/twchains.com\/product\/x16mm-standard-tire-chain-protector-29-5-25-for-marble-wheel-loader\/#primaryimage\"},\"thumbnailUrl\":\"https:\/\/twchains.com\/wp-content\/uploads\/2025\/04\/chainsmarble.jpg\",\"datePublished\":\"2025-04-27T08:01:48+00:00\",\"breadcrumb\":{\"@id\":\"https:\/\/twchains.com\/product\/x16mm-standard-tire-chain-protector-29-5-25-for-marble-wheel-loader\/#breadcrumb\"},\"inLanguage\":\"tr\",\"potentialAction\":[{\"@type\":\"ReadAction\",\"target\":[\"https:\/\/twchains.com\/product\/x16mm-standard-tire-chain-protector-29-5-25-for-marble-wheel-loader\/\"]}]},{\"@type\":\"ImageObject\",\"inLanguage\":\"tr\",\"@id\":\"https:\/\/twchains.com\/product\/x16mm-standard-tire-chain-protector-29-5-25-for-marble-wheel-loader\/#primaryimage\",\"url\":\"https:\/\/twchains.com\/wp-content\/uploads\/2025\/04\/chainsmarble.jpg\",\"contentUrl\":\"https:\/\/twchains.com\/wp-content\/uploads\/2025\/04\/chainsmarble.jpg\",\"width\":411,\"height\":365},{\"@type\":\"BreadcrumbList\",\"@id\":\"https:\/\/twchains.com\/product\/x16mm-standard-tire-chain-protector-29-5-25-for-marble-wheel-loader\/#breadcrumb\",\"itemListElement\":[{\"@type\":\"ListItem\",\"position\":1,\"name\":\"Home\",\"item\":\"https:\/\/twchains.com\/\"},{\"@type\":\"ListItem\",\"position\":2,\"name\":\"Products\",\"item\":\"https:\/\/twchains.com\/products\/\"},{\"@type\":\"ListItem\",\"position\":3,\"name\":\"x16mm Standard Tire Chain Protector 29.5-25 for Marble Wheel Loader\"}]},{\"@type\":\"WebSite\",\"@id\":\"https:\/\/twchains.com\/#website\",\"url\":\"https:\/\/twchains.com\/\",\"name\":\"twchains\",\"description\":\"\",\"publisher\":{\"@id\":\"https:\/\/twchains.com\/#organization\"},\"potentialAction\":[{\"@type\":\"SearchAction\",\"target\":{\"@type\":\"EntryPoint\",\"urlTemplate\":\"https:\/\/twchains.com\/?s={search_term_string}\"},\"query-input\":{\"@type\":\"PropertyValueSpecification\",\"valueRequired\":true,\"valueName\":\"search_term_string\"}}],\"inLanguage\":\"tr\"},{\"@type\":\"Organization\",\"@id\":\"https:\/\/twchains.com\/#organization\",\"name\":\"twchains\",\"url\":\"https:\/\/twchains.com\/\",\"logo\":{\"@type\":\"ImageObject\",\"inLanguage\":\"tr\",\"@id\":\"https:\/\/twchains.com\/#\/schema\/logo\/image\/\",\"url\":\"https:\/\/twchains.com\/wp-content\/uploads\/2025\/04\/tongwei-logo-100.svg\",\"contentUrl\":\"https:\/\/twchains.com\/wp-content\/uploads\/2025\/04\/tongwei-logo-100.svg\",\"width\":128,\"height\":100,\"caption\":\"twchains\"},\"image\":{\"@id\":\"https:\/\/twchains.com\/#\/schema\/logo\/image\/\"}}]}<\/script>\n<!-- \/ Yoast SEO plugin. -->","yoast_head_json":{"title":"x16mm Standard Tire Chain Protector 29.5-25 for Marble Wheel Loader - twchains","robots":{"index":"index","follow":"follow","max-snippet":"max-snippet:-1","max-image-preview":"max-image-preview:large","max-video-preview":"max-video-preview:-1"},"canonical":"https:\/\/twchains.com\/tr\/urun\/x16mm-standard-tire-chain-protector-29-5-25-for-marble-wheel-loader\/","og_locale":"tr_TR","og_type":"article","og_title":"x16mm Standard Tire Chain Protector 29.5-25 for Marble Wheel Loader - twchains","og_description":"16mm Universal Type  Low Vibration+Noise Reduction","og_url":"https:\/\/twchains.com\/tr\/urun\/x16mm-standard-tire-chain-protector-29-5-25-for-marble-wheel-loader\/","og_site_name":"twchains","og_image":[{"width":411,"height":365,"url":"https:\/\/twchains.com\/wp-content\/uploads\/2025\/04\/chainsmarble.jpg","type":"image\/jpeg"}],"twitter_card":"summary_large_image","twitter_misc":{"Tahmini okuma s\u00fcresi":"1 dakika"},"schema":{"@context":"https:\/\/schema.org","@graph":[{"@type":"WebPage","@id":"https:\/\/twchains.com\/product\/x16mm-standard-tire-chain-protector-29-5-25-for-marble-wheel-loader\/","url":"https:\/\/twchains.com\/product\/x16mm-standard-tire-chain-protector-29-5-25-for-marble-wheel-loader\/","name":"x16mm Standard Tire Chain Protector 29.5-25 for Marble Wheel Loader - twchains","isPartOf":{"@id":"https:\/\/twchains.com\/#website"},"primaryImageOfPage":{"@id":"https:\/\/twchains.com\/product\/x16mm-standard-tire-chain-protector-29-5-25-for-marble-wheel-loader\/#primaryimage"},"image":{"@id":"https:\/\/twchains.com\/product\/x16mm-standard-tire-chain-protector-29-5-25-for-marble-wheel-loader\/#primaryimage"},"thumbnailUrl":"https:\/\/twchains.com\/wp-content\/uploads\/2025\/04\/chainsmarble.jpg","datePublished":"2025-04-27T08:01:48+00:00","breadcrumb":{"@id":"https:\/\/twchains.com\/product\/x16mm-standard-tire-chain-protector-29-5-25-for-marble-wheel-loader\/#breadcrumb"},"inLanguage":"tr","potentialAction":[{"@type":"ReadAction","target":["https:\/\/twchains.com\/product\/x16mm-standard-tire-chain-protector-29-5-25-for-marble-wheel-loader\/"]}]},{"@type":"ImageObject","inLanguage":"tr","@id":"https:\/\/twchains.com\/product\/x16mm-standard-tire-chain-protector-29-5-25-for-marble-wheel-loader\/#primaryimage","url":"https:\/\/twchains.com\/wp-content\/uploads\/2025\/04\/chainsmarble.jpg","contentUrl":"https:\/\/twchains.com\/wp-content\/uploads\/2025\/04\/chainsmarble.jpg","width":411,"height":365},{"@type":"BreadcrumbList","@id":"https:\/\/twchains.com\/product\/x16mm-standard-tire-chain-protector-29-5-25-for-marble-wheel-loader\/#breadcrumb","itemListElement":[{"@type":"ListItem","position":1,"name":"Home","item":"https:\/\/twchains.com\/"},{"@type":"ListItem","position":2,"name":"Products","item":"https:\/\/twchains.com\/products\/"},{"@type":"ListItem","position":3,"name":"x16mm Standard Tire Chain Protector 29.5-25 for Marble Wheel Loader"}]},{"@type":"WebSite","@id":"https:\/\/twchains.com\/#website","url":"https:\/\/twchains.com\/","name":"twchains","description":"","publisher":{"@id":"https:\/\/twchains.com\/#organization"},"potentialAction":[{"@type":"SearchAction","target":{"@type":"EntryPoint","urlTemplate":"https:\/\/twchains.com\/?s={search_term_string}"},"query-input":{"@type":"PropertyValueSpecification","valueRequired":true,"valueName":"search_term_string"}}],"inLanguage":"tr"},{"@type":"Organization","@id":"https:\/\/twchains.com\/#organization","name":"twchains","url":"https:\/\/twchains.com\/","logo":{"@type":"ImageObject","inLanguage":"tr","@id":"https:\/\/twchains.com\/#\/schema\/logo\/image\/","url":"https:\/\/twchains.com\/wp-content\/uploads\/2025\/04\/tongwei-logo-100.svg","contentUrl":"https:\/\/twchains.com\/wp-content\/uploads\/2025\/04\/tongwei-logo-100.svg","width":128,"height":100,"caption":"twchains"},"image":{"@id":"https:\/\/twchains.com\/#\/schema\/logo\/image\/"}}]}},"_links":{"self":[{"href":"https:\/\/twchains.com\/tr\/wp-json\/wp\/v2\/product\/660","targetHints":{"allow":["GET"]}}],"collection":[{"href":"https:\/\/twchains.com\/tr\/wp-json\/wp\/v2\/product"}],"about":[{"href":"https:\/\/twchains.com\/tr\/wp-json\/wp\/v2\/types\/product"}],"wp:featuredmedia":[{"embeddable":true,"href":"https:\/\/twchains.com\/tr\/wp-json\/wp\/v2\/media\/651"}],"wp:attachment":[{"href":"https:\/\/twchains.com\/tr\/wp-json\/wp\/v2\/media?parent=660"}],"wp:term":[{"taxonomy":"product_brand","embeddable":true,"href":"https:\/\/twchains.com\/tr\/wp-json\/wp\/v2\/product_brand?post=660"},{"taxonomy":"product_cat","embeddable":true,"href":"https:\/\/twchains.com\/tr\/wp-json\/wp\/v2\/product_cat?post=660"},{"taxonomy":"product_tag","embeddable":true,"href":"https:\/\/twchains.com\/tr\/wp-json\/wp\/v2\/product_tag?post=660"}],"curies":[{"name":"wp","href":"https:\/\/api.w.org\/{rel}","templated":true}]}}