{"id":663,"date":"2025-04-27T08:12:55","date_gmt":"2025-04-27T08:12:55","guid":{"rendered":"https:\/\/twchains.com\/?post_type=product&#038;p=663"},"modified":"2025-04-27T08:12:55","modified_gmt":"2025-04-27T08:12:55","slug":"45-65r45-tyre-protective-chains-with-x18mm-universal-for-open-pit-mine-application","status":"publish","type":"product","link":"https:\/\/twchains.com\/tr\/urun\/45-65r45-tyre-protective-chains-with-x18mm-universal-for-open-pit-mine-application\/","title":{"rendered":"45\/65r45 A\u00e7\u0131k Ocak Maden Uygulamas\u0131 i\u00e7in \u00d718mm Universal ile Lastik Koruyucu Zincirler"},"content":{"rendered":"<ul>\n<li>Tam paket lastik korumas\u0131: Benzersiz \"z\u0131rhl\u0131\" kaplama yap\u0131s\u0131, lastik yana\u011f\u0131n\u0131 ve s\u0131rt\u0131n\u0131 neredeyse tamamen sararak lastik duvar\u0131n\u0131n kaya duvarlar\u0131 taraf\u0131ndan \u00e7izilmesini veya cevherler taraf\u0131ndan kesilmesini \u00f6nler, lastik patlamas\u0131 riskini b\u00fcy\u00fck \u00f6l\u00e7\u00fcde azalt\u0131r ve de\u011fi\u015ftirme maliyetlerinden tasarruf sa\u011flar.<\/li>\n<li>T\u0131kanma \u00f6nleyici ta\u015f kendi kendini temizleyen tasar\u0131m: Bloklar aras\u0131nda dinamik c\u00fcruf bo\u015faltma bo\u015fluklar\u0131 ay\u0131r\u0131n, zincirin s\u0131k\u0131\u015fmas\u0131n\u0131 \u00f6nlemek ve s\u00fcrekli kavramay\u0131 s\u00fcrd\u00fcrmek i\u00e7in \u00e7al\u0131\u015fma s\u0131ras\u0131nda k\u0131r\u0131lm\u0131\u015f ta\u015flar\u0131 ve \u00e7amur bloklar\u0131n\u0131 otomatik olarak a\u015fa\u011f\u0131 at\u0131n, \u00f6zellikle yap\u0131\u015fkan toprak veya d\u00f6k\u00fcnt\u00fc birikimi olan t\u00fcnel ortamlar\u0131 i\u00e7in uygundur.<\/li>\n<li>D\u00fc\u015f\u00fck titre\u015fim + g\u00fcr\u00fclt\u00fc azaltma: Bloklar\u0131n e\u015fit da\u011f\u0131l\u0131m\u0131 ve esnek ba\u011flant\u0131 tokalar\u0131, geleneksel zincirlere k\u0131yasla operasyonel titre\u015fimi 30% azalt\u0131r, ekipman metal yorgunlu\u011funu azalt\u0131r ve g\u00fcr\u00fclt\u00fcy\u00fc azalt\u0131r.<\/li>\n<\/ul>\n<p>#tyeniden koruyucu zincirler#tekrar koruyucu zincirler#tekrar koruyucu zincirler#a\u00e7\u0131kpitmin#min zincirleri<\/p>","protected":false},"excerpt":{"rendered":"<ul>\n<li>18mm Standart Tip<\/li>\n<li>OEM\/ODM<\/li>\n<li>\u00c7e\u015fitli Tipler<\/li>\n<\/ul>","protected":false},"featured_media":664,"template":"","meta":{"inline_featured_image":false,"_kad_post_transparent":"default","_kad_post_title":"","_kad_post_layout":"default","_kad_post_sidebar_id":"","_kad_post_content_style":"default","_kad_post_vertical_padding":"default","_kad_post_feature":"","_kad_post_feature_position":"","_kad_post_header":false,"_kad_post_footer":false},"product_brand":[],"product_cat":[15,25],"product_tag":[],"class_list":{"0":"post-663","1":"product","2":"type-product","3":"status-publish","4":"has-post-thumbnail","6":"product_cat-tyre-protection-chain","7":"product_cat-standard","9":"first","10":"instock","11":"shipping-taxable","12":"product-type-simple","13":"entry","14":"content-bg","15":"loop-entry"},"yoast_head":"<!-- This site is optimized with the Yoast SEO plugin v25.4 - https:\/\/yoast.com\/wordpress\/plugins\/seo\/ -->\n<title>45\/65r45 Tyre Protective Chains With \u00d718mm Universal for Open-Pit Mine Application - twchains<\/title>\n<meta name=\"robots\" content=\"index, follow, max-snippet:-1, max-image-preview:large, max-video-preview:-1\" \/>\n<link rel=\"canonical\" href=\"https:\/\/twchains.com\/tr\/urun\/45-65r45-tyre-protective-chains-with-x18mm-universal-for-open-pit-mine-application\/\" \/>\n<meta property=\"og:locale\" content=\"tr_TR\" \/>\n<meta property=\"og:type\" content=\"article\" \/>\n<meta property=\"og:title\" content=\"45\/65r45 Tyre Protective Chains With \u00d718mm Universal for Open-Pit Mine Application - twchains\" \/>\n<meta property=\"og:description\" content=\"18mm Standard Type  OEM\/ODM  Various Types\" \/>\n<meta property=\"og:url\" content=\"https:\/\/twchains.com\/tr\/urun\/45-65r45-tyre-protective-chains-with-x18mm-universal-for-open-pit-mine-application\/\" \/>\n<meta property=\"og:site_name\" content=\"twchains\" \/>\n<meta property=\"og:image\" content=\"https:\/\/twchains.com\/wp-content\/uploads\/2025\/04\/1111.png\" \/>\n\t<meta property=\"og:image:width\" content=\"598\" \/>\n\t<meta property=\"og:image:height\" content=\"622\" \/>\n\t<meta property=\"og:image:type\" content=\"image\/png\" \/>\n<meta name=\"twitter:card\" content=\"summary_large_image\" \/>\n<meta name=\"twitter:label1\" content=\"Tahmini okuma s\u00fcresi\" \/>\n\t<meta name=\"twitter:data1\" content=\"1 dakika\" \/>\n<script type=\"application\/ld+json\" class=\"yoast-schema-graph\">{\"@context\":\"https:\/\/schema.org\",\"@graph\":[{\"@type\":\"WebPage\",\"@id\":\"https:\/\/twchains.com\/product\/45-65r45-tyre-protective-chains-with-x18mm-universal-for-open-pit-mine-application\/\",\"url\":\"https:\/\/twchains.com\/product\/45-65r45-tyre-protective-chains-with-x18mm-universal-for-open-pit-mine-application\/\",\"name\":\"45\/65r45 Tyre Protective Chains With \u00d718mm Universal for Open-Pit Mine Application - twchains\",\"isPartOf\":{\"@id\":\"https:\/\/twchains.com\/#website\"},\"primaryImageOfPage\":{\"@id\":\"https:\/\/twchains.com\/product\/45-65r45-tyre-protective-chains-with-x18mm-universal-for-open-pit-mine-application\/#primaryimage\"},\"image\":{\"@id\":\"https:\/\/twchains.com\/product\/45-65r45-tyre-protective-chains-with-x18mm-universal-for-open-pit-mine-application\/#primaryimage\"},\"thumbnailUrl\":\"https:\/\/twchains.com\/wp-content\/uploads\/2025\/04\/1111.png\",\"datePublished\":\"2025-04-27T08:12:55+00:00\",\"breadcrumb\":{\"@id\":\"https:\/\/twchains.com\/product\/45-65r45-tyre-protective-chains-with-x18mm-universal-for-open-pit-mine-application\/#breadcrumb\"},\"inLanguage\":\"tr\",\"potentialAction\":[{\"@type\":\"ReadAction\",\"target\":[\"https:\/\/twchains.com\/product\/45-65r45-tyre-protective-chains-with-x18mm-universal-for-open-pit-mine-application\/\"]}]},{\"@type\":\"ImageObject\",\"inLanguage\":\"tr\",\"@id\":\"https:\/\/twchains.com\/product\/45-65r45-tyre-protective-chains-with-x18mm-universal-for-open-pit-mine-application\/#primaryimage\",\"url\":\"https:\/\/twchains.com\/wp-content\/uploads\/2025\/04\/1111.png\",\"contentUrl\":\"https:\/\/twchains.com\/wp-content\/uploads\/2025\/04\/1111.png\",\"width\":598,\"height\":622},{\"@type\":\"BreadcrumbList\",\"@id\":\"https:\/\/twchains.com\/product\/45-65r45-tyre-protective-chains-with-x18mm-universal-for-open-pit-mine-application\/#breadcrumb\",\"itemListElement\":[{\"@type\":\"ListItem\",\"position\":1,\"name\":\"Home\",\"item\":\"https:\/\/twchains.com\/\"},{\"@type\":\"ListItem\",\"position\":2,\"name\":\"Products\",\"item\":\"https:\/\/twchains.com\/products\/\"},{\"@type\":\"ListItem\",\"position\":3,\"name\":\"45\/65r45 Tyre Protective Chains With \u00d718mm Universal for Open-Pit Mine Application\"}]},{\"@type\":\"WebSite\",\"@id\":\"https:\/\/twchains.com\/#website\",\"url\":\"https:\/\/twchains.com\/\",\"name\":\"twchains\",\"description\":\"\",\"publisher\":{\"@id\":\"https:\/\/twchains.com\/#organization\"},\"potentialAction\":[{\"@type\":\"SearchAction\",\"target\":{\"@type\":\"EntryPoint\",\"urlTemplate\":\"https:\/\/twchains.com\/?s={search_term_string}\"},\"query-input\":{\"@type\":\"PropertyValueSpecification\",\"valueRequired\":true,\"valueName\":\"search_term_string\"}}],\"inLanguage\":\"tr\"},{\"@type\":\"Organization\",\"@id\":\"https:\/\/twchains.com\/#organization\",\"name\":\"twchains\",\"url\":\"https:\/\/twchains.com\/\",\"logo\":{\"@type\":\"ImageObject\",\"inLanguage\":\"tr\",\"@id\":\"https:\/\/twchains.com\/#\/schema\/logo\/image\/\",\"url\":\"https:\/\/twchains.com\/wp-content\/uploads\/2025\/04\/tongwei-logo-100.svg\",\"contentUrl\":\"https:\/\/twchains.com\/wp-content\/uploads\/2025\/04\/tongwei-logo-100.svg\",\"width\":128,\"height\":100,\"caption\":\"twchains\"},\"image\":{\"@id\":\"https:\/\/twchains.com\/#\/schema\/logo\/image\/\"}}]}<\/script>\n<!-- \/ Yoast SEO plugin. -->","yoast_head_json":{"title":"45\/65r45 Tyre Protective Chains With \u00d718mm Universal for Open-Pit Mine Application - twchains","robots":{"index":"index","follow":"follow","max-snippet":"max-snippet:-1","max-image-preview":"max-image-preview:large","max-video-preview":"max-video-preview:-1"},"canonical":"https:\/\/twchains.com\/tr\/urun\/45-65r45-tyre-protective-chains-with-x18mm-universal-for-open-pit-mine-application\/","og_locale":"tr_TR","og_type":"article","og_title":"45\/65r45 Tyre Protective Chains With \u00d718mm Universal for Open-Pit Mine Application - twchains","og_description":"18mm Standard Type  OEM\/ODM  Various Types","og_url":"https:\/\/twchains.com\/tr\/urun\/45-65r45-tyre-protective-chains-with-x18mm-universal-for-open-pit-mine-application\/","og_site_name":"twchains","og_image":[{"width":598,"height":622,"url":"https:\/\/twchains.com\/wp-content\/uploads\/2025\/04\/1111.png","type":"image\/png"}],"twitter_card":"summary_large_image","twitter_misc":{"Tahmini okuma s\u00fcresi":"1 dakika"},"schema":{"@context":"https:\/\/schema.org","@graph":[{"@type":"WebPage","@id":"https:\/\/twchains.com\/product\/45-65r45-tyre-protective-chains-with-x18mm-universal-for-open-pit-mine-application\/","url":"https:\/\/twchains.com\/product\/45-65r45-tyre-protective-chains-with-x18mm-universal-for-open-pit-mine-application\/","name":"45\/65r45 Tyre Protective Chains With \u00d718mm Universal for Open-Pit Mine Application - twchains","isPartOf":{"@id":"https:\/\/twchains.com\/#website"},"primaryImageOfPage":{"@id":"https:\/\/twchains.com\/product\/45-65r45-tyre-protective-chains-with-x18mm-universal-for-open-pit-mine-application\/#primaryimage"},"image":{"@id":"https:\/\/twchains.com\/product\/45-65r45-tyre-protective-chains-with-x18mm-universal-for-open-pit-mine-application\/#primaryimage"},"thumbnailUrl":"https:\/\/twchains.com\/wp-content\/uploads\/2025\/04\/1111.png","datePublished":"2025-04-27T08:12:55+00:00","breadcrumb":{"@id":"https:\/\/twchains.com\/product\/45-65r45-tyre-protective-chains-with-x18mm-universal-for-open-pit-mine-application\/#breadcrumb"},"inLanguage":"tr","potentialAction":[{"@type":"ReadAction","target":["https:\/\/twchains.com\/product\/45-65r45-tyre-protective-chains-with-x18mm-universal-for-open-pit-mine-application\/"]}]},{"@type":"ImageObject","inLanguage":"tr","@id":"https:\/\/twchains.com\/product\/45-65r45-tyre-protective-chains-with-x18mm-universal-for-open-pit-mine-application\/#primaryimage","url":"https:\/\/twchains.com\/wp-content\/uploads\/2025\/04\/1111.png","contentUrl":"https:\/\/twchains.com\/wp-content\/uploads\/2025\/04\/1111.png","width":598,"height":622},{"@type":"BreadcrumbList","@id":"https:\/\/twchains.com\/product\/45-65r45-tyre-protective-chains-with-x18mm-universal-for-open-pit-mine-application\/#breadcrumb","itemListElement":[{"@type":"ListItem","position":1,"name":"Home","item":"https:\/\/twchains.com\/"},{"@type":"ListItem","position":2,"name":"Products","item":"https:\/\/twchains.com\/products\/"},{"@type":"ListItem","position":3,"name":"45\/65r45 Tyre Protective Chains With \u00d718mm Universal for Open-Pit Mine Application"}]},{"@type":"WebSite","@id":"https:\/\/twchains.com\/#website","url":"https:\/\/twchains.com\/","name":"twchains","description":"","publisher":{"@id":"https:\/\/twchains.com\/#organization"},"potentialAction":[{"@type":"SearchAction","target":{"@type":"EntryPoint","urlTemplate":"https:\/\/twchains.com\/?s={search_term_string}"},"query-input":{"@type":"PropertyValueSpecification","valueRequired":true,"valueName":"search_term_string"}}],"inLanguage":"tr"},{"@type":"Organization","@id":"https:\/\/twchains.com\/#organization","name":"twchains","url":"https:\/\/twchains.com\/","logo":{"@type":"ImageObject","inLanguage":"tr","@id":"https:\/\/twchains.com\/#\/schema\/logo\/image\/","url":"https:\/\/twchains.com\/wp-content\/uploads\/2025\/04\/tongwei-logo-100.svg","contentUrl":"https:\/\/twchains.com\/wp-content\/uploads\/2025\/04\/tongwei-logo-100.svg","width":128,"height":100,"caption":"twchains"},"image":{"@id":"https:\/\/twchains.com\/#\/schema\/logo\/image\/"}}]}},"_links":{"self":[{"href":"https:\/\/twchains.com\/tr\/wp-json\/wp\/v2\/product\/663","targetHints":{"allow":["GET"]}}],"collection":[{"href":"https:\/\/twchains.com\/tr\/wp-json\/wp\/v2\/product"}],"about":[{"href":"https:\/\/twchains.com\/tr\/wp-json\/wp\/v2\/types\/product"}],"wp:featuredmedia":[{"embeddable":true,"href":"https:\/\/twchains.com\/tr\/wp-json\/wp\/v2\/media\/664"}],"wp:attachment":[{"href":"https:\/\/twchains.com\/tr\/wp-json\/wp\/v2\/media?parent=663"}],"wp:term":[{"taxonomy":"product_brand","embeddable":true,"href":"https:\/\/twchains.com\/tr\/wp-json\/wp\/v2\/product_brand?post=663"},{"taxonomy":"product_cat","embeddable":true,"href":"https:\/\/twchains.com\/tr\/wp-json\/wp\/v2\/product_cat?post=663"},{"taxonomy":"product_tag","embeddable":true,"href":"https:\/\/twchains.com\/tr\/wp-json\/wp\/v2\/product_tag?post=663"}],"curies":[{"name":"wp","href":"https:\/\/api.w.org\/{rel}","templated":true}]}}