{"id":665,"date":"2025-04-27T08:31:38","date_gmt":"2025-04-27T08:31:38","guid":{"rendered":"https:\/\/twchains.com\/?post_type=product&#038;p=665"},"modified":"2025-05-28T03:23:26","modified_gmt":"2025-05-28T03:23:26","slug":"skidder-traction-chains-16-9-28-for-muddy-working-application","status":"publish","type":"product","link":"https:\/\/twchains.com\/tr\/urun\/skidder-traction-chains-16-9-28-for-muddy-working-application\/","title":{"rendered":"\u00c7amurlu \u00c7al\u0131\u015fma Uygulamas\u0131 i\u00e7in Skidder \u00c7eki\u015f Zincirleri 16.9-28"},"content":{"rendered":"<p><iframe title=\"Kalite garantili ormanc\u0131l\u0131k tomruk kaymaz zincirleri 1TP5Y\u0131pranmaya kar\u015f\u0131 koruma zincirleri1TP5Kaymaz zincirler\" width=\"720\" height=\"405\" src=\"https:\/\/www.youtube.com\/embed\/CBLbu1tHo8k?feature=oembed\" frameborder=\"0\" allow=\"accelerometer; autoplay; clipboard-write; encrypted-media; gyroscope; picture-in-picture; web-share\" referrerpolicy=\"strict-origin-when-cross-origin\" allowfullscreen><\/iframe><\/p>\n<p>Kar ormanc\u0131l\u0131\u011f\u0131 \u00e7eki\u015f zinciri, ormanc\u0131l\u0131k ara\u00e7lar\u0131n\u0131n buz, kar ve \u00e7amur gibi karma\u015f\u0131k arazilerde s\u00fcrmesi i\u00e7in \u00f6zel olarak tasarlanm\u0131\u015f kaymay\u0131 \u00f6nleyici bir cihazd\u0131r. Esas olarak lastik tutu\u015funu ve \u00e7eki\u015fini iyile\u015ftirmek, g\u00fcvenli ve verimli operasyonlar sa\u011flamak i\u00e7in kullan\u0131l\u0131r. Temel i\u015flevi lastikler aras\u0131ndaki s\u00fcrt\u00fcnmeyi art\u0131rmakt\u0131r.<strong>\u00a0<\/strong>Kaymay\u0131 veya batmay\u0131 \u00f6nlemek i\u00e7in lastikler ve zemin, tomruk kamyonlar\u0131 ve istifleyiciler gibi ormanc\u0131l\u0131k makinelerinin k\u0131\u015f operasyonlar\u0131 i\u00e7in uygundur.<\/p>\n<p>Derin karda, \u00e7amurda ve dik arazide m\u00fckemmel \u00e7eki\u015f sa\u011flamak i\u00e7in \u00d716 halkal\u0131 t\u0131rt\u0131kl\u0131 \u00e7eki\u015f zinciri kullan\u0131yoruz, temel avantajlar\u0131 y\u00fcksek \u0131s\u0131rma derinli\u011fi ve darbe direncidir.<\/p>\n<p>1TP5\u00c7eki\u015f zinciri1TP5Zincirler1TP5K\u0131zak zinciri1TP5Orman zinciri1TP5Kar zinciri1TP5K\u0131zak \u00f6nleyici zincirler<\/p>","protected":false},"excerpt":{"rendered":"<ul>\n<li>Kaymaz Zincir (Di\u015fli)<\/li>\n<li>Kapal\u0131 D\u00f6ng\u00fc Zincir Tasar\u0131m\u0131<\/li>\n<\/ul>","protected":false},"featured_media":585,"template":"","meta":{"inline_featured_image":false,"_kad_post_transparent":"default","_kad_post_title":"","_kad_post_layout":"default","_kad_post_sidebar_id":"","_kad_post_content_style":"default","_kad_post_vertical_padding":"default","_kad_post_feature":"","_kad_post_feature_position":"","_kad_post_header":false,"_kad_post_footer":false},"product_brand":[],"product_cat":[24],"product_tag":[],"class_list":{"0":"post-665","1":"product","2":"type-product","3":"status-publish","4":"has-post-thumbnail","6":"product_cat-anti-skid-tire-chains","8":"first","9":"instock","10":"shipping-taxable","11":"product-type-simple","12":"entry","13":"content-bg","14":"loop-entry"},"yoast_head":"<!-- This site is optimized with the Yoast SEO plugin v25.4 - https:\/\/yoast.com\/wordpress\/plugins\/seo\/ -->\n<title>Skidder Traction Chains 16.9-28 for Muddy Working Application - twchains<\/title>\n<meta name=\"robots\" content=\"index, follow, max-snippet:-1, max-image-preview:large, max-video-preview:-1\" \/>\n<link rel=\"canonical\" href=\"https:\/\/twchains.com\/tr\/urun\/skidder-traction-chains-16-9-28-for-muddy-working-application\/\" \/>\n<meta property=\"og:locale\" content=\"tr_TR\" \/>\n<meta property=\"og:type\" content=\"article\" \/>\n<meta property=\"og:title\" content=\"Skidder Traction Chains 16.9-28 for Muddy Working Application - twchains\" \/>\n<meta property=\"og:description\" content=\"Anti Slip Chain (With Teeth)  Closed Loop Chain Design\" \/>\n<meta property=\"og:url\" content=\"https:\/\/twchains.com\/tr\/urun\/skidder-traction-chains-16-9-28-for-muddy-working-application\/\" \/>\n<meta property=\"og:site_name\" content=\"twchains\" \/>\n<meta property=\"article:modified_time\" content=\"2025-05-28T03:23:26+00:00\" \/>\n<meta property=\"og:image\" content=\"https:\/\/twchains.com\/wp-content\/uploads\/2025\/04\/1-1.jpg\" \/>\n\t<meta property=\"og:image:width\" content=\"1080\" \/>\n\t<meta property=\"og:image:height\" content=\"1440\" \/>\n\t<meta property=\"og:image:type\" content=\"image\/jpeg\" \/>\n<meta name=\"twitter:card\" content=\"summary_large_image\" \/>\n<meta name=\"twitter:label1\" content=\"Tahmini okuma s\u00fcresi\" \/>\n\t<meta name=\"twitter:data1\" content=\"1 dakika\" \/>\n<script type=\"application\/ld+json\" class=\"yoast-schema-graph\">{\"@context\":\"https:\/\/schema.org\",\"@graph\":[{\"@type\":\"WebPage\",\"@id\":\"https:\/\/twchains.com\/product\/skidder-traction-chains-16-9-28-for-muddy-working-application\/\",\"url\":\"https:\/\/twchains.com\/product\/skidder-traction-chains-16-9-28-for-muddy-working-application\/\",\"name\":\"Skidder Traction Chains 16.9-28 for Muddy Working Application - twchains\",\"isPartOf\":{\"@id\":\"https:\/\/twchains.com\/#website\"},\"primaryImageOfPage\":{\"@id\":\"https:\/\/twchains.com\/product\/skidder-traction-chains-16-9-28-for-muddy-working-application\/#primaryimage\"},\"image\":{\"@id\":\"https:\/\/twchains.com\/product\/skidder-traction-chains-16-9-28-for-muddy-working-application\/#primaryimage\"},\"thumbnailUrl\":\"https:\/\/twchains.com\/wp-content\/uploads\/2025\/04\/1-1.jpg\",\"datePublished\":\"2025-04-27T08:31:38+00:00\",\"dateModified\":\"2025-05-28T03:23:26+00:00\",\"breadcrumb\":{\"@id\":\"https:\/\/twchains.com\/product\/skidder-traction-chains-16-9-28-for-muddy-working-application\/#breadcrumb\"},\"inLanguage\":\"tr\",\"potentialAction\":[{\"@type\":\"ReadAction\",\"target\":[\"https:\/\/twchains.com\/product\/skidder-traction-chains-16-9-28-for-muddy-working-application\/\"]}]},{\"@type\":\"ImageObject\",\"inLanguage\":\"tr\",\"@id\":\"https:\/\/twchains.com\/product\/skidder-traction-chains-16-9-28-for-muddy-working-application\/#primaryimage\",\"url\":\"https:\/\/twchains.com\/wp-content\/uploads\/2025\/04\/1-1.jpg\",\"contentUrl\":\"https:\/\/twchains.com\/wp-content\/uploads\/2025\/04\/1-1.jpg\",\"width\":1080,\"height\":1440},{\"@type\":\"BreadcrumbList\",\"@id\":\"https:\/\/twchains.com\/product\/skidder-traction-chains-16-9-28-for-muddy-working-application\/#breadcrumb\",\"itemListElement\":[{\"@type\":\"ListItem\",\"position\":1,\"name\":\"Home\",\"item\":\"https:\/\/twchains.com\/\"},{\"@type\":\"ListItem\",\"position\":2,\"name\":\"Products\",\"item\":\"https:\/\/twchains.com\/products\/\"},{\"@type\":\"ListItem\",\"position\":3,\"name\":\"Skidder Traction Chains 16.9-28 for Muddy Working Application\"}]},{\"@type\":\"WebSite\",\"@id\":\"https:\/\/twchains.com\/#website\",\"url\":\"https:\/\/twchains.com\/\",\"name\":\"twchains\",\"description\":\"\",\"publisher\":{\"@id\":\"https:\/\/twchains.com\/#organization\"},\"potentialAction\":[{\"@type\":\"SearchAction\",\"target\":{\"@type\":\"EntryPoint\",\"urlTemplate\":\"https:\/\/twchains.com\/?s={search_term_string}\"},\"query-input\":{\"@type\":\"PropertyValueSpecification\",\"valueRequired\":true,\"valueName\":\"search_term_string\"}}],\"inLanguage\":\"tr\"},{\"@type\":\"Organization\",\"@id\":\"https:\/\/twchains.com\/#organization\",\"name\":\"twchains\",\"url\":\"https:\/\/twchains.com\/\",\"logo\":{\"@type\":\"ImageObject\",\"inLanguage\":\"tr\",\"@id\":\"https:\/\/twchains.com\/#\/schema\/logo\/image\/\",\"url\":\"https:\/\/twchains.com\/wp-content\/uploads\/2025\/04\/tongwei-logo-100.svg\",\"contentUrl\":\"https:\/\/twchains.com\/wp-content\/uploads\/2025\/04\/tongwei-logo-100.svg\",\"width\":128,\"height\":100,\"caption\":\"twchains\"},\"image\":{\"@id\":\"https:\/\/twchains.com\/#\/schema\/logo\/image\/\"}}]}<\/script>\n<!-- \/ Yoast SEO plugin. -->","yoast_head_json":{"title":"Skidder Traction Chains 16.9-28 for Muddy Working Application - twchains","robots":{"index":"index","follow":"follow","max-snippet":"max-snippet:-1","max-image-preview":"max-image-preview:large","max-video-preview":"max-video-preview:-1"},"canonical":"https:\/\/twchains.com\/tr\/urun\/skidder-traction-chains-16-9-28-for-muddy-working-application\/","og_locale":"tr_TR","og_type":"article","og_title":"Skidder Traction Chains 16.9-28 for Muddy Working Application - twchains","og_description":"Anti Slip Chain (With Teeth)  Closed Loop Chain Design","og_url":"https:\/\/twchains.com\/tr\/urun\/skidder-traction-chains-16-9-28-for-muddy-working-application\/","og_site_name":"twchains","article_modified_time":"2025-05-28T03:23:26+00:00","og_image":[{"width":1080,"height":1440,"url":"https:\/\/twchains.com\/wp-content\/uploads\/2025\/04\/1-1.jpg","type":"image\/jpeg"}],"twitter_card":"summary_large_image","twitter_misc":{"Tahmini okuma s\u00fcresi":"1 dakika"},"schema":{"@context":"https:\/\/schema.org","@graph":[{"@type":"WebPage","@id":"https:\/\/twchains.com\/product\/skidder-traction-chains-16-9-28-for-muddy-working-application\/","url":"https:\/\/twchains.com\/product\/skidder-traction-chains-16-9-28-for-muddy-working-application\/","name":"Skidder Traction Chains 16.9-28 for Muddy Working Application - twchains","isPartOf":{"@id":"https:\/\/twchains.com\/#website"},"primaryImageOfPage":{"@id":"https:\/\/twchains.com\/product\/skidder-traction-chains-16-9-28-for-muddy-working-application\/#primaryimage"},"image":{"@id":"https:\/\/twchains.com\/product\/skidder-traction-chains-16-9-28-for-muddy-working-application\/#primaryimage"},"thumbnailUrl":"https:\/\/twchains.com\/wp-content\/uploads\/2025\/04\/1-1.jpg","datePublished":"2025-04-27T08:31:38+00:00","dateModified":"2025-05-28T03:23:26+00:00","breadcrumb":{"@id":"https:\/\/twchains.com\/product\/skidder-traction-chains-16-9-28-for-muddy-working-application\/#breadcrumb"},"inLanguage":"tr","potentialAction":[{"@type":"ReadAction","target":["https:\/\/twchains.com\/product\/skidder-traction-chains-16-9-28-for-muddy-working-application\/"]}]},{"@type":"ImageObject","inLanguage":"tr","@id":"https:\/\/twchains.com\/product\/skidder-traction-chains-16-9-28-for-muddy-working-application\/#primaryimage","url":"https:\/\/twchains.com\/wp-content\/uploads\/2025\/04\/1-1.jpg","contentUrl":"https:\/\/twchains.com\/wp-content\/uploads\/2025\/04\/1-1.jpg","width":1080,"height":1440},{"@type":"BreadcrumbList","@id":"https:\/\/twchains.com\/product\/skidder-traction-chains-16-9-28-for-muddy-working-application\/#breadcrumb","itemListElement":[{"@type":"ListItem","position":1,"name":"Home","item":"https:\/\/twchains.com\/"},{"@type":"ListItem","position":2,"name":"Products","item":"https:\/\/twchains.com\/products\/"},{"@type":"ListItem","position":3,"name":"Skidder Traction Chains 16.9-28 for Muddy Working Application"}]},{"@type":"WebSite","@id":"https:\/\/twchains.com\/#website","url":"https:\/\/twchains.com\/","name":"twchains","description":"","publisher":{"@id":"https:\/\/twchains.com\/#organization"},"potentialAction":[{"@type":"SearchAction","target":{"@type":"EntryPoint","urlTemplate":"https:\/\/twchains.com\/?s={search_term_string}"},"query-input":{"@type":"PropertyValueSpecification","valueRequired":true,"valueName":"search_term_string"}}],"inLanguage":"tr"},{"@type":"Organization","@id":"https:\/\/twchains.com\/#organization","name":"twchains","url":"https:\/\/twchains.com\/","logo":{"@type":"ImageObject","inLanguage":"tr","@id":"https:\/\/twchains.com\/#\/schema\/logo\/image\/","url":"https:\/\/twchains.com\/wp-content\/uploads\/2025\/04\/tongwei-logo-100.svg","contentUrl":"https:\/\/twchains.com\/wp-content\/uploads\/2025\/04\/tongwei-logo-100.svg","width":128,"height":100,"caption":"twchains"},"image":{"@id":"https:\/\/twchains.com\/#\/schema\/logo\/image\/"}}]}},"_links":{"self":[{"href":"https:\/\/twchains.com\/tr\/wp-json\/wp\/v2\/product\/665","targetHints":{"allow":["GET"]}}],"collection":[{"href":"https:\/\/twchains.com\/tr\/wp-json\/wp\/v2\/product"}],"about":[{"href":"https:\/\/twchains.com\/tr\/wp-json\/wp\/v2\/types\/product"}],"wp:featuredmedia":[{"embeddable":true,"href":"https:\/\/twchains.com\/tr\/wp-json\/wp\/v2\/media\/585"}],"wp:attachment":[{"href":"https:\/\/twchains.com\/tr\/wp-json\/wp\/v2\/media?parent=665"}],"wp:term":[{"taxonomy":"product_brand","embeddable":true,"href":"https:\/\/twchains.com\/tr\/wp-json\/wp\/v2\/product_brand?post=665"},{"taxonomy":"product_cat","embeddable":true,"href":"https:\/\/twchains.com\/tr\/wp-json\/wp\/v2\/product_cat?post=665"},{"taxonomy":"product_tag","embeddable":true,"href":"https:\/\/twchains.com\/tr\/wp-json\/wp\/v2\/product_tag?post=665"}],"curies":[{"name":"wp","href":"https:\/\/api.w.org\/{rel}","templated":true}]}}