{"id":846,"date":"2025-05-14T08:08:42","date_gmt":"2025-05-14T08:08:42","guid":{"rendered":"https:\/\/twchains.com\/?post_type=product&#038;p=846"},"modified":"2025-05-14T08:27:03","modified_gmt":"2025-05-14T08:27:03","slug":"23-5-25-ice-resistant-and-wear-resistant-protective-traction-chain","status":"publish","type":"product","link":"https:\/\/twchains.com\/tr\/urun\/23-5-25-ice-resistant-and-wear-resistant-protective-traction-chain\/","title":{"rendered":"23,5-25 Buza Dayan\u0131kl\u0131 ve A\u015f\u0131nmaya Dayan\u0131kl\u0131 Koruyucu \u00c7eki\u015f Zinciri"},"content":{"rendered":"<p>Kuzeydo\u011fu \u00c7in'de, her k\u0131\u015f \u00e7o\u011funlukla r\u00fczg\u00e2r g\u00fcc\u00fcn\u00fcn kar\u0131 da\u011flardan yukar\u0131 itmek i\u00e7in kullan\u0131ld\u0131\u011f\u0131 yollarda \u00e7al\u0131\u015fan bir grup m\u00fc\u015fterimiz var. Ba\u015flang\u0131\u00e7ta, m\u00fc\u015fteriler fiyat konusunda daha endi\u015feliydi ve 12 mm halkal\u0131 standart 23,5-25 lastik kaymaz zinciri se\u00e7tiler. 2023 y\u0131l\u0131na kadar m\u00fc\u015fteri, di\u015fli kaymay\u0131 \u00f6nleyici \u00e7eki\u015f zincirinin 16 mm halkal\u0131 g\u00fc\u00e7lendirilmi\u015f versiyonu hakk\u0131nda bilgi ald\u0131. Bunlardan d\u00f6rt tane sat\u0131n ald\u0131ktan sonra geri bildirim kalitesi \u00e7ok iyiydi. 16 halkal\u0131 di\u015fli kaymaz zincir daha dayan\u0131kl\u0131d\u0131r ve di\u015fli tasar\u0131m\u0131 kavramay\u0131 daha g\u00fc\u00e7l\u00fc ve kaymay\u0131 \u00f6nleme etkisini daha iyi hale getirir.<\/p>\n<p>Bu 16 mm halka di\u015fli kaymaz zincir, son y\u0131llarda Rusya, Avrupa, Kuzey Amerika ve di\u011fer yerlere ihra\u00e7 edilmi\u015f ve d\u00fcnya \u00e7ap\u0131ndaki m\u00fc\u015fteriler taraf\u0131ndan giderek daha pop\u00fcler hale gelmi\u015f ve memnuniyetle kar\u015f\u0131lanm\u0131\u015ft\u0131r.<\/p>\n<p>2019'dan beri ISO9001 kalite y\u00f6netim sistemi sertifikas\u0131na sahibiz ve ayr\u0131ca \u00fcretim s\u00fcrecinde \u00e7ok \u00f6nemli bir ad\u0131m olan \u00f6zel \u0131s\u0131l i\u015flem ve so\u011futmadan ge\u00e7iyoruz. Sevkiyattan \u00f6nce, lastik koruma zincirinin \u00e7ekme mukavemeti testini rastgele kontrol edece\u011fiz. T\u00fcm veriler standartlar\u0131 kar\u015f\u0131lad\u0131ktan sonra, depoda nakliye i\u00e7in beklemeyi ayarlayaca\u011f\u0131z.<\/p>\n<p>#\u00e7eki\u015f zinciri#koruyucu zincir#23,5-25#kar zincirleri<\/p>","protected":false},"excerpt":{"rendered":"<ul>\n<li>ISO 9001-2015 Sertifikas\u0131<\/li>\n<li>Is\u0131l \u0130\u015flem ve So\u011futma<\/li>\n<\/ul>","protected":false},"featured_media":849,"template":"","meta":{"inline_featured_image":false,"_kad_post_transparent":"default","_kad_post_title":"","_kad_post_layout":"default","_kad_post_sidebar_id":"","_kad_post_content_style":"default","_kad_post_vertical_padding":"default","_kad_post_feature":"","_kad_post_feature_position":"","_kad_post_header":false,"_kad_post_footer":false},"product_brand":[],"product_cat":[24,30],"product_tag":[],"class_list":{"0":"post-846","1":"product","2":"type-product","3":"status-publish","4":"has-post-thumbnail","6":"product_cat-anti-skid-tire-chains","7":"product_cat-loader-grader-tire-chain","9":"first","10":"instock","11":"shipping-taxable","12":"product-type-simple","13":"entry","14":"content-bg","15":"loop-entry"},"yoast_head":"<!-- This site is optimized with the Yoast SEO plugin v25.4 - https:\/\/yoast.com\/wordpress\/plugins\/seo\/ -->\n<title>23.5-25 Ice Resistant and Wear-Resistant Protective Traction Chain - twchains<\/title>\n<meta name=\"robots\" content=\"index, follow, max-snippet:-1, max-image-preview:large, max-video-preview:-1\" \/>\n<link rel=\"canonical\" href=\"https:\/\/twchains.com\/tr\/urun\/23-5-25-ice-resistant-and-wear-resistant-protective-traction-chain\/\" \/>\n<meta property=\"og:locale\" content=\"tr_TR\" \/>\n<meta property=\"og:type\" content=\"article\" \/>\n<meta property=\"og:title\" content=\"23.5-25 Ice Resistant and Wear-Resistant Protective Traction Chain - twchains\" \/>\n<meta property=\"og:description\" content=\"ISO 9001-2015 Certificate  Heat Treatment &amp; Chilling\" \/>\n<meta property=\"og:url\" content=\"https:\/\/twchains.com\/tr\/urun\/23-5-25-ice-resistant-and-wear-resistant-protective-traction-chain\/\" \/>\n<meta property=\"og:site_name\" content=\"twchains\" \/>\n<meta property=\"article:modified_time\" content=\"2025-05-14T08:27:03+00:00\" \/>\n<meta property=\"og:image\" content=\"https:\/\/twchains.com\/wp-content\/uploads\/2025\/05\/anti-skid-traction-chains-for-26.5-25-otr-mining-tyre.jpg\" \/>\n\t<meta property=\"og:image:width\" content=\"1080\" \/>\n\t<meta property=\"og:image:height\" content=\"1080\" \/>\n\t<meta property=\"og:image:type\" content=\"image\/jpeg\" \/>\n<meta name=\"twitter:card\" content=\"summary_large_image\" \/>\n<meta name=\"twitter:label1\" content=\"Tahmini okuma s\u00fcresi\" \/>\n\t<meta name=\"twitter:data1\" content=\"2 dakika\" \/>\n<script type=\"application\/ld+json\" class=\"yoast-schema-graph\">{\"@context\":\"https:\/\/schema.org\",\"@graph\":[{\"@type\":\"WebPage\",\"@id\":\"https:\/\/twchains.com\/product\/23-5-25-ice-resistant-and-wear-resistant-protective-traction-chain\/\",\"url\":\"https:\/\/twchains.com\/product\/23-5-25-ice-resistant-and-wear-resistant-protective-traction-chain\/\",\"name\":\"23.5-25 Ice Resistant and Wear-Resistant Protective Traction Chain - twchains\",\"isPartOf\":{\"@id\":\"https:\/\/twchains.com\/#website\"},\"primaryImageOfPage\":{\"@id\":\"https:\/\/twchains.com\/product\/23-5-25-ice-resistant-and-wear-resistant-protective-traction-chain\/#primaryimage\"},\"image\":{\"@id\":\"https:\/\/twchains.com\/product\/23-5-25-ice-resistant-and-wear-resistant-protective-traction-chain\/#primaryimage\"},\"thumbnailUrl\":\"https:\/\/twchains.com\/wp-content\/uploads\/2025\/05\/anti-skid-traction-chains-for-26.5-25-otr-mining-tyre.jpg\",\"datePublished\":\"2025-05-14T08:08:42+00:00\",\"dateModified\":\"2025-05-14T08:27:03+00:00\",\"breadcrumb\":{\"@id\":\"https:\/\/twchains.com\/product\/23-5-25-ice-resistant-and-wear-resistant-protective-traction-chain\/#breadcrumb\"},\"inLanguage\":\"tr\",\"potentialAction\":[{\"@type\":\"ReadAction\",\"target\":[\"https:\/\/twchains.com\/product\/23-5-25-ice-resistant-and-wear-resistant-protective-traction-chain\/\"]}]},{\"@type\":\"ImageObject\",\"inLanguage\":\"tr\",\"@id\":\"https:\/\/twchains.com\/product\/23-5-25-ice-resistant-and-wear-resistant-protective-traction-chain\/#primaryimage\",\"url\":\"https:\/\/twchains.com\/wp-content\/uploads\/2025\/05\/anti-skid-traction-chains-for-26.5-25-otr-mining-tyre.jpg\",\"contentUrl\":\"https:\/\/twchains.com\/wp-content\/uploads\/2025\/05\/anti-skid-traction-chains-for-26.5-25-otr-mining-tyre.jpg\",\"width\":1080,\"height\":1080},{\"@type\":\"BreadcrumbList\",\"@id\":\"https:\/\/twchains.com\/product\/23-5-25-ice-resistant-and-wear-resistant-protective-traction-chain\/#breadcrumb\",\"itemListElement\":[{\"@type\":\"ListItem\",\"position\":1,\"name\":\"Home\",\"item\":\"https:\/\/twchains.com\/\"},{\"@type\":\"ListItem\",\"position\":2,\"name\":\"Products\",\"item\":\"https:\/\/twchains.com\/products\/\"},{\"@type\":\"ListItem\",\"position\":3,\"name\":\"23.5-25 Ice Resistant and Wear-Resistant Protective Traction Chain\"}]},{\"@type\":\"WebSite\",\"@id\":\"https:\/\/twchains.com\/#website\",\"url\":\"https:\/\/twchains.com\/\",\"name\":\"twchains\",\"description\":\"\",\"publisher\":{\"@id\":\"https:\/\/twchains.com\/#organization\"},\"potentialAction\":[{\"@type\":\"SearchAction\",\"target\":{\"@type\":\"EntryPoint\",\"urlTemplate\":\"https:\/\/twchains.com\/?s={search_term_string}\"},\"query-input\":{\"@type\":\"PropertyValueSpecification\",\"valueRequired\":true,\"valueName\":\"search_term_string\"}}],\"inLanguage\":\"tr\"},{\"@type\":\"Organization\",\"@id\":\"https:\/\/twchains.com\/#organization\",\"name\":\"twchains\",\"url\":\"https:\/\/twchains.com\/\",\"logo\":{\"@type\":\"ImageObject\",\"inLanguage\":\"tr\",\"@id\":\"https:\/\/twchains.com\/#\/schema\/logo\/image\/\",\"url\":\"https:\/\/twchains.com\/wp-content\/uploads\/2025\/04\/tongwei-logo-100.svg\",\"contentUrl\":\"https:\/\/twchains.com\/wp-content\/uploads\/2025\/04\/tongwei-logo-100.svg\",\"width\":128,\"height\":100,\"caption\":\"twchains\"},\"image\":{\"@id\":\"https:\/\/twchains.com\/#\/schema\/logo\/image\/\"}}]}<\/script>\n<!-- \/ Yoast SEO plugin. -->","yoast_head_json":{"title":"23.5-25 Ice Resistant and Wear-Resistant Protective Traction Chain - twchains","robots":{"index":"index","follow":"follow","max-snippet":"max-snippet:-1","max-image-preview":"max-image-preview:large","max-video-preview":"max-video-preview:-1"},"canonical":"https:\/\/twchains.com\/tr\/urun\/23-5-25-ice-resistant-and-wear-resistant-protective-traction-chain\/","og_locale":"tr_TR","og_type":"article","og_title":"23.5-25 Ice Resistant and Wear-Resistant Protective Traction Chain - twchains","og_description":"ISO 9001-2015 Certificate  Heat Treatment &amp; Chilling","og_url":"https:\/\/twchains.com\/tr\/urun\/23-5-25-ice-resistant-and-wear-resistant-protective-traction-chain\/","og_site_name":"twchains","article_modified_time":"2025-05-14T08:27:03+00:00","og_image":[{"width":1080,"height":1080,"url":"https:\/\/twchains.com\/wp-content\/uploads\/2025\/05\/anti-skid-traction-chains-for-26.5-25-otr-mining-tyre.jpg","type":"image\/jpeg"}],"twitter_card":"summary_large_image","twitter_misc":{"Tahmini okuma s\u00fcresi":"2 dakika"},"schema":{"@context":"https:\/\/schema.org","@graph":[{"@type":"WebPage","@id":"https:\/\/twchains.com\/product\/23-5-25-ice-resistant-and-wear-resistant-protective-traction-chain\/","url":"https:\/\/twchains.com\/product\/23-5-25-ice-resistant-and-wear-resistant-protective-traction-chain\/","name":"23.5-25 Ice Resistant and Wear-Resistant Protective Traction Chain - twchains","isPartOf":{"@id":"https:\/\/twchains.com\/#website"},"primaryImageOfPage":{"@id":"https:\/\/twchains.com\/product\/23-5-25-ice-resistant-and-wear-resistant-protective-traction-chain\/#primaryimage"},"image":{"@id":"https:\/\/twchains.com\/product\/23-5-25-ice-resistant-and-wear-resistant-protective-traction-chain\/#primaryimage"},"thumbnailUrl":"https:\/\/twchains.com\/wp-content\/uploads\/2025\/05\/anti-skid-traction-chains-for-26.5-25-otr-mining-tyre.jpg","datePublished":"2025-05-14T08:08:42+00:00","dateModified":"2025-05-14T08:27:03+00:00","breadcrumb":{"@id":"https:\/\/twchains.com\/product\/23-5-25-ice-resistant-and-wear-resistant-protective-traction-chain\/#breadcrumb"},"inLanguage":"tr","potentialAction":[{"@type":"ReadAction","target":["https:\/\/twchains.com\/product\/23-5-25-ice-resistant-and-wear-resistant-protective-traction-chain\/"]}]},{"@type":"ImageObject","inLanguage":"tr","@id":"https:\/\/twchains.com\/product\/23-5-25-ice-resistant-and-wear-resistant-protective-traction-chain\/#primaryimage","url":"https:\/\/twchains.com\/wp-content\/uploads\/2025\/05\/anti-skid-traction-chains-for-26.5-25-otr-mining-tyre.jpg","contentUrl":"https:\/\/twchains.com\/wp-content\/uploads\/2025\/05\/anti-skid-traction-chains-for-26.5-25-otr-mining-tyre.jpg","width":1080,"height":1080},{"@type":"BreadcrumbList","@id":"https:\/\/twchains.com\/product\/23-5-25-ice-resistant-and-wear-resistant-protective-traction-chain\/#breadcrumb","itemListElement":[{"@type":"ListItem","position":1,"name":"Home","item":"https:\/\/twchains.com\/"},{"@type":"ListItem","position":2,"name":"Products","item":"https:\/\/twchains.com\/products\/"},{"@type":"ListItem","position":3,"name":"23.5-25 Ice Resistant and Wear-Resistant Protective Traction Chain"}]},{"@type":"WebSite","@id":"https:\/\/twchains.com\/#website","url":"https:\/\/twchains.com\/","name":"twchains","description":"","publisher":{"@id":"https:\/\/twchains.com\/#organization"},"potentialAction":[{"@type":"SearchAction","target":{"@type":"EntryPoint","urlTemplate":"https:\/\/twchains.com\/?s={search_term_string}"},"query-input":{"@type":"PropertyValueSpecification","valueRequired":true,"valueName":"search_term_string"}}],"inLanguage":"tr"},{"@type":"Organization","@id":"https:\/\/twchains.com\/#organization","name":"twchains","url":"https:\/\/twchains.com\/","logo":{"@type":"ImageObject","inLanguage":"tr","@id":"https:\/\/twchains.com\/#\/schema\/logo\/image\/","url":"https:\/\/twchains.com\/wp-content\/uploads\/2025\/04\/tongwei-logo-100.svg","contentUrl":"https:\/\/twchains.com\/wp-content\/uploads\/2025\/04\/tongwei-logo-100.svg","width":128,"height":100,"caption":"twchains"},"image":{"@id":"https:\/\/twchains.com\/#\/schema\/logo\/image\/"}}]}},"_links":{"self":[{"href":"https:\/\/twchains.com\/tr\/wp-json\/wp\/v2\/product\/846","targetHints":{"allow":["GET"]}}],"collection":[{"href":"https:\/\/twchains.com\/tr\/wp-json\/wp\/v2\/product"}],"about":[{"href":"https:\/\/twchains.com\/tr\/wp-json\/wp\/v2\/types\/product"}],"wp:featuredmedia":[{"embeddable":true,"href":"https:\/\/twchains.com\/tr\/wp-json\/wp\/v2\/media\/849"}],"wp:attachment":[{"href":"https:\/\/twchains.com\/tr\/wp-json\/wp\/v2\/media?parent=846"}],"wp:term":[{"taxonomy":"product_brand","embeddable":true,"href":"https:\/\/twchains.com\/tr\/wp-json\/wp\/v2\/product_brand?post=846"},{"taxonomy":"product_cat","embeddable":true,"href":"https:\/\/twchains.com\/tr\/wp-json\/wp\/v2\/product_cat?post=846"},{"taxonomy":"product_tag","embeddable":true,"href":"https:\/\/twchains.com\/tr\/wp-json\/wp\/v2\/product_tag?post=846"}],"curies":[{"name":"wp","href":"https:\/\/api.w.org\/{rel}","templated":true}]}}