{"id":852,"date":"2025-05-14T08:25:44","date_gmt":"2025-05-14T08:25:44","guid":{"rendered":"https:\/\/twchains.com\/?post_type=product&#038;p=852"},"modified":"2025-05-14T08:25:44","modified_gmt":"2025-05-14T08:25:44","slug":"23-5-25-mining-tyre-protection-chain-with-carbonized-and-quenched-for-dump-truck","status":"publish","type":"product","link":"https:\/\/twchains.com\/tr\/urun\/23-5-25-mining-tyre-protection-chain-with-carbonized-and-quenched-for-dump-truck\/","title":{"rendered":"23.5-25 Damperli Kamyon i\u00e7in Karbonize ve S\u00f6nd\u00fcr\u00fclm\u00fc\u015f Maden Lasti\u011fi Koruma Zinciri"},"content":{"rendered":"<p>Sementasyondan sonra lastik koruma zincirinin ana bile\u015feninin sertli\u011fi 53hrc'den 61hrc'ye, dairesel halkan\u0131n y\u00fczey sertli\u011fi 45hrc'den 56hrc'ye y\u00fckselmi\u015f ve dairesel halkan\u0131n merkez sertli\u011fi 50hrc'ye ula\u015fm\u0131\u015ft\u0131r.<\/p>\n<p>Bu, 1,2 milimetrede karb\u00fcrleme verilerinin denetim kayd\u0131d\u0131r.<\/p>\n<p>Genel olarak, demir madenlerinde veya zorlu \u00e7al\u0131\u015fma ortamlar\u0131nda veya y\u00fcksek a\u015f\u0131nma ve y\u00fcksek darbe ortamlar\u0131nda \u00e7al\u0131\u015fan daha b\u00fcy\u00fck lastik koruma zinciri modelleri i\u00e7in m\u00fc\u015fteriler karbonlama i\u015flemini se\u00e7ecektir. Karbonizasyon, gereksinimlere g\u00f6re 1,2 mm, 2 mm, 3 mm vb. derinliklerde ger\u00e7ekle\u015ftirilebilir.<br \/>\nKarb\u00fcrleme i\u015fleminden sonra zincir baklas\u0131n\u0131n y\u00fczeyinde y\u00fcksek karbonlu bir tabaka olu\u015fur, bu da a\u015f\u0131nma direncini \u00fc\u00e7 kattan fazla art\u0131r\u0131r ve zeminle s\u00fcrt\u00fcnmeden kaynaklanan a\u015f\u0131nmay\u0131 azalt\u0131r. \"D\u0131\u015f sertlik ve i\u00e7 tokluk\" (y\u00fcksek y\u00fczey sertli\u011fi + \u00e7ekirde\u011fin d\u00fc\u015f\u00fck karbonlu toklu\u011fu) gradyan yap\u0131s\u0131 sayesinde, zincir baklas\u0131 ta\u015f darbesine veya a\u011f\u0131r y\u00fck darbesine maruz kald\u0131\u011f\u0131nda kolayca k\u0131r\u0131lmaz ve hizmet \u00f6mr\u00fcn\u00fc uzat\u0131r.<\/p>\n<p>1TP5Madencilik zinciri#otrtyre#tyrekoruma zinciri1TP5Madencilik zincirleri<\/p>","protected":false},"excerpt":{"rendered":"<ul>\n<li>De\u011firmen Test Sertifikas\u0131 Sa\u011flay\u0131n<\/li>\n<li>Men\u015fe \u015eahadetnamesi<\/li>\n<\/ul>","protected":false},"featured_media":855,"template":"","meta":{"inline_featured_image":false,"_kad_post_transparent":"default","_kad_post_title":"","_kad_post_layout":"default","_kad_post_sidebar_id":"","_kad_post_content_style":"default","_kad_post_vertical_padding":"default","_kad_post_feature":"","_kad_post_feature_position":"","_kad_post_header":false,"_kad_post_footer":false},"product_brand":[],"product_cat":[27,26],"product_tag":[],"class_list":{"0":"post-852","1":"product","2":"type-product","3":"status-publish","4":"has-post-thumbnail","6":"product_cat-encryption","7":"product_cat-reinforced","9":"first","10":"instock","11":"shipping-taxable","12":"product-type-simple","13":"entry","14":"content-bg","15":"loop-entry"},"yoast_head":"<!-- This site is optimized with the Yoast SEO plugin v25.4 - https:\/\/yoast.com\/wordpress\/plugins\/seo\/ -->\n<title>23.5-25 Mining Tyre Protection Chain with Carbonized and Quenched for Dump Truck - twchains<\/title>\n<meta name=\"robots\" content=\"index, follow, max-snippet:-1, max-image-preview:large, max-video-preview:-1\" \/>\n<link rel=\"canonical\" href=\"https:\/\/twchains.com\/tr\/urun\/23-5-25-mining-tyre-protection-chain-with-carbonized-and-quenched-for-dump-truck\/\" \/>\n<meta property=\"og:locale\" content=\"tr_TR\" \/>\n<meta property=\"og:type\" content=\"article\" \/>\n<meta property=\"og:title\" content=\"23.5-25 Mining Tyre Protection Chain with Carbonized and Quenched for Dump Truck - twchains\" \/>\n<meta property=\"og:description\" content=\"Provide Mill Test Certificate  Certificate of Origin\" \/>\n<meta property=\"og:url\" content=\"https:\/\/twchains.com\/tr\/urun\/23-5-25-mining-tyre-protection-chain-with-carbonized-and-quenched-for-dump-truck\/\" \/>\n<meta property=\"og:site_name\" content=\"twchains\" \/>\n<meta property=\"og:image\" content=\"https:\/\/twchains.com\/wp-content\/uploads\/2025\/05\/High-temperature-resistant-anti-skid-chains-for-steel-mills.jpg\" \/>\n\t<meta property=\"og:image:width\" content=\"1080\" \/>\n\t<meta property=\"og:image:height\" content=\"1080\" \/>\n\t<meta property=\"og:image:type\" content=\"image\/jpeg\" \/>\n<meta name=\"twitter:card\" content=\"summary_large_image\" \/>\n<meta name=\"twitter:label1\" content=\"Tahmini okuma s\u00fcresi\" \/>\n\t<meta name=\"twitter:data1\" content=\"1 dakika\" \/>\n<script type=\"application\/ld+json\" class=\"yoast-schema-graph\">{\"@context\":\"https:\/\/schema.org\",\"@graph\":[{\"@type\":\"WebPage\",\"@id\":\"https:\/\/twchains.com\/product\/23-5-25-mining-tyre-protection-chain-with-carbonized-and-quenched-for-dump-truck\/\",\"url\":\"https:\/\/twchains.com\/product\/23-5-25-mining-tyre-protection-chain-with-carbonized-and-quenched-for-dump-truck\/\",\"name\":\"23.5-25 Mining Tyre Protection Chain with Carbonized and Quenched for Dump Truck - twchains\",\"isPartOf\":{\"@id\":\"https:\/\/twchains.com\/#website\"},\"primaryImageOfPage\":{\"@id\":\"https:\/\/twchains.com\/product\/23-5-25-mining-tyre-protection-chain-with-carbonized-and-quenched-for-dump-truck\/#primaryimage\"},\"image\":{\"@id\":\"https:\/\/twchains.com\/product\/23-5-25-mining-tyre-protection-chain-with-carbonized-and-quenched-for-dump-truck\/#primaryimage\"},\"thumbnailUrl\":\"https:\/\/twchains.com\/wp-content\/uploads\/2025\/05\/High-temperature-resistant-anti-skid-chains-for-steel-mills.jpg\",\"datePublished\":\"2025-05-14T08:25:44+00:00\",\"breadcrumb\":{\"@id\":\"https:\/\/twchains.com\/product\/23-5-25-mining-tyre-protection-chain-with-carbonized-and-quenched-for-dump-truck\/#breadcrumb\"},\"inLanguage\":\"tr\",\"potentialAction\":[{\"@type\":\"ReadAction\",\"target\":[\"https:\/\/twchains.com\/product\/23-5-25-mining-tyre-protection-chain-with-carbonized-and-quenched-for-dump-truck\/\"]}]},{\"@type\":\"ImageObject\",\"inLanguage\":\"tr\",\"@id\":\"https:\/\/twchains.com\/product\/23-5-25-mining-tyre-protection-chain-with-carbonized-and-quenched-for-dump-truck\/#primaryimage\",\"url\":\"https:\/\/twchains.com\/wp-content\/uploads\/2025\/05\/High-temperature-resistant-anti-skid-chains-for-steel-mills.jpg\",\"contentUrl\":\"https:\/\/twchains.com\/wp-content\/uploads\/2025\/05\/High-temperature-resistant-anti-skid-chains-for-steel-mills.jpg\",\"width\":1080,\"height\":1080},{\"@type\":\"BreadcrumbList\",\"@id\":\"https:\/\/twchains.com\/product\/23-5-25-mining-tyre-protection-chain-with-carbonized-and-quenched-for-dump-truck\/#breadcrumb\",\"itemListElement\":[{\"@type\":\"ListItem\",\"position\":1,\"name\":\"Home\",\"item\":\"https:\/\/twchains.com\/\"},{\"@type\":\"ListItem\",\"position\":2,\"name\":\"Products\",\"item\":\"https:\/\/twchains.com\/products\/\"},{\"@type\":\"ListItem\",\"position\":3,\"name\":\"23.5-25 Mining Tyre Protection Chain with Carbonized and Quenched for Dump Truck\"}]},{\"@type\":\"WebSite\",\"@id\":\"https:\/\/twchains.com\/#website\",\"url\":\"https:\/\/twchains.com\/\",\"name\":\"twchains\",\"description\":\"\",\"publisher\":{\"@id\":\"https:\/\/twchains.com\/#organization\"},\"potentialAction\":[{\"@type\":\"SearchAction\",\"target\":{\"@type\":\"EntryPoint\",\"urlTemplate\":\"https:\/\/twchains.com\/?s={search_term_string}\"},\"query-input\":{\"@type\":\"PropertyValueSpecification\",\"valueRequired\":true,\"valueName\":\"search_term_string\"}}],\"inLanguage\":\"tr\"},{\"@type\":\"Organization\",\"@id\":\"https:\/\/twchains.com\/#organization\",\"name\":\"twchains\",\"url\":\"https:\/\/twchains.com\/\",\"logo\":{\"@type\":\"ImageObject\",\"inLanguage\":\"tr\",\"@id\":\"https:\/\/twchains.com\/#\/schema\/logo\/image\/\",\"url\":\"https:\/\/twchains.com\/wp-content\/uploads\/2025\/04\/tongwei-logo-100.svg\",\"contentUrl\":\"https:\/\/twchains.com\/wp-content\/uploads\/2025\/04\/tongwei-logo-100.svg\",\"width\":128,\"height\":100,\"caption\":\"twchains\"},\"image\":{\"@id\":\"https:\/\/twchains.com\/#\/schema\/logo\/image\/\"}}]}<\/script>\n<!-- \/ Yoast SEO plugin. -->","yoast_head_json":{"title":"23.5-25 Mining Tyre Protection Chain with Carbonized and Quenched for Dump Truck - twchains","robots":{"index":"index","follow":"follow","max-snippet":"max-snippet:-1","max-image-preview":"max-image-preview:large","max-video-preview":"max-video-preview:-1"},"canonical":"https:\/\/twchains.com\/tr\/urun\/23-5-25-mining-tyre-protection-chain-with-carbonized-and-quenched-for-dump-truck\/","og_locale":"tr_TR","og_type":"article","og_title":"23.5-25 Mining Tyre Protection Chain with Carbonized and Quenched for Dump Truck - twchains","og_description":"Provide Mill Test Certificate  Certificate of Origin","og_url":"https:\/\/twchains.com\/tr\/urun\/23-5-25-mining-tyre-protection-chain-with-carbonized-and-quenched-for-dump-truck\/","og_site_name":"twchains","og_image":[{"width":1080,"height":1080,"url":"https:\/\/twchains.com\/wp-content\/uploads\/2025\/05\/High-temperature-resistant-anti-skid-chains-for-steel-mills.jpg","type":"image\/jpeg"}],"twitter_card":"summary_large_image","twitter_misc":{"Tahmini okuma s\u00fcresi":"1 dakika"},"schema":{"@context":"https:\/\/schema.org","@graph":[{"@type":"WebPage","@id":"https:\/\/twchains.com\/product\/23-5-25-mining-tyre-protection-chain-with-carbonized-and-quenched-for-dump-truck\/","url":"https:\/\/twchains.com\/product\/23-5-25-mining-tyre-protection-chain-with-carbonized-and-quenched-for-dump-truck\/","name":"23.5-25 Mining Tyre Protection Chain with Carbonized and Quenched for Dump Truck - twchains","isPartOf":{"@id":"https:\/\/twchains.com\/#website"},"primaryImageOfPage":{"@id":"https:\/\/twchains.com\/product\/23-5-25-mining-tyre-protection-chain-with-carbonized-and-quenched-for-dump-truck\/#primaryimage"},"image":{"@id":"https:\/\/twchains.com\/product\/23-5-25-mining-tyre-protection-chain-with-carbonized-and-quenched-for-dump-truck\/#primaryimage"},"thumbnailUrl":"https:\/\/twchains.com\/wp-content\/uploads\/2025\/05\/High-temperature-resistant-anti-skid-chains-for-steel-mills.jpg","datePublished":"2025-05-14T08:25:44+00:00","breadcrumb":{"@id":"https:\/\/twchains.com\/product\/23-5-25-mining-tyre-protection-chain-with-carbonized-and-quenched-for-dump-truck\/#breadcrumb"},"inLanguage":"tr","potentialAction":[{"@type":"ReadAction","target":["https:\/\/twchains.com\/product\/23-5-25-mining-tyre-protection-chain-with-carbonized-and-quenched-for-dump-truck\/"]}]},{"@type":"ImageObject","inLanguage":"tr","@id":"https:\/\/twchains.com\/product\/23-5-25-mining-tyre-protection-chain-with-carbonized-and-quenched-for-dump-truck\/#primaryimage","url":"https:\/\/twchains.com\/wp-content\/uploads\/2025\/05\/High-temperature-resistant-anti-skid-chains-for-steel-mills.jpg","contentUrl":"https:\/\/twchains.com\/wp-content\/uploads\/2025\/05\/High-temperature-resistant-anti-skid-chains-for-steel-mills.jpg","width":1080,"height":1080},{"@type":"BreadcrumbList","@id":"https:\/\/twchains.com\/product\/23-5-25-mining-tyre-protection-chain-with-carbonized-and-quenched-for-dump-truck\/#breadcrumb","itemListElement":[{"@type":"ListItem","position":1,"name":"Home","item":"https:\/\/twchains.com\/"},{"@type":"ListItem","position":2,"name":"Products","item":"https:\/\/twchains.com\/products\/"},{"@type":"ListItem","position":3,"name":"23.5-25 Mining Tyre Protection Chain with Carbonized and Quenched for Dump Truck"}]},{"@type":"WebSite","@id":"https:\/\/twchains.com\/#website","url":"https:\/\/twchains.com\/","name":"twchains","description":"","publisher":{"@id":"https:\/\/twchains.com\/#organization"},"potentialAction":[{"@type":"SearchAction","target":{"@type":"EntryPoint","urlTemplate":"https:\/\/twchains.com\/?s={search_term_string}"},"query-input":{"@type":"PropertyValueSpecification","valueRequired":true,"valueName":"search_term_string"}}],"inLanguage":"tr"},{"@type":"Organization","@id":"https:\/\/twchains.com\/#organization","name":"twchains","url":"https:\/\/twchains.com\/","logo":{"@type":"ImageObject","inLanguage":"tr","@id":"https:\/\/twchains.com\/#\/schema\/logo\/image\/","url":"https:\/\/twchains.com\/wp-content\/uploads\/2025\/04\/tongwei-logo-100.svg","contentUrl":"https:\/\/twchains.com\/wp-content\/uploads\/2025\/04\/tongwei-logo-100.svg","width":128,"height":100,"caption":"twchains"},"image":{"@id":"https:\/\/twchains.com\/#\/schema\/logo\/image\/"}}]}},"_links":{"self":[{"href":"https:\/\/twchains.com\/tr\/wp-json\/wp\/v2\/product\/852","targetHints":{"allow":["GET"]}}],"collection":[{"href":"https:\/\/twchains.com\/tr\/wp-json\/wp\/v2\/product"}],"about":[{"href":"https:\/\/twchains.com\/tr\/wp-json\/wp\/v2\/types\/product"}],"wp:featuredmedia":[{"embeddable":true,"href":"https:\/\/twchains.com\/tr\/wp-json\/wp\/v2\/media\/855"}],"wp:attachment":[{"href":"https:\/\/twchains.com\/tr\/wp-json\/wp\/v2\/media?parent=852"}],"wp:term":[{"taxonomy":"product_brand","embeddable":true,"href":"https:\/\/twchains.com\/tr\/wp-json\/wp\/v2\/product_brand?post=852"},{"taxonomy":"product_cat","embeddable":true,"href":"https:\/\/twchains.com\/tr\/wp-json\/wp\/v2\/product_cat?post=852"},{"taxonomy":"product_tag","embeddable":true,"href":"https:\/\/twchains.com\/tr\/wp-json\/wp\/v2\/product_tag?post=852"}],"curies":[{"name":"wp","href":"https:\/\/api.w.org\/{rel}","templated":true}]}}