{"id":856,"date":"2025-05-14T08:46:21","date_gmt":"2025-05-14T08:46:21","guid":{"rendered":"https:\/\/twchains.com\/?post_type=product&#038;p=856"},"modified":"2025-05-14T08:46:21","modified_gmt":"2025-05-14T08:46:21","slug":"23-5r25-26-5r25-29-5r29-popular-carbon-armor-protection-chain","status":"publish","type":"product","link":"https:\/\/twchains.com\/tr\/urun\/23-5r25-26-5r25-29-5r29-popular-carbon-armor-protection-chain\/","title":{"rendered":"23.5r25 26.5r25 29.5r29 Pop\u00fcler Karbon Z\u0131rh Koruma Zinciri"},"content":{"rendered":"<p>Son y\u0131llarda giderek daha fazla m\u00fc\u015fteri lastik koruma zincirlerinin z\u0131rh kadar sert bir y\u00fczeye sahip olacak \u015fekilde karb\u00fcrleme i\u015fleminden ge\u00e7mesini talep etmektedir.<\/p>\n<p>Art\u0131k iki tip lastik koruma zincirimiz var, biri karb\u00fcrizasyonsuz ve di\u011feri karb\u00fcrizasyon i\u015flemi;<\/p>\n<p>\u0130ster t\u00fcnellerde, demir madenlerinde, madenlerde \u00e7al\u0131\u015fan k\u00fc\u00e7\u00fck boyutlu lastik koruma zincirleri olsun, ister s\u0131cak \u00e7elik c\u00fcrufu, \u00e7elik fabrikalar\u0131, 45\/65r39, 45\/65r45, 50\/85r57, 59\/80r63 gibi dev lastik koruma zincirleri gibi son derece zorlu \u00e7al\u0131\u015fma ortamlar\u0131nda \u00e7al\u0131\u015fan b\u00fcy\u00fck boyutlu madencilik lastikleri olsun. Karb\u00fcrleme i\u015fleminden sonra, tekrarlanan b\u00fckme ve germe alt\u0131nda zincir ba\u011flant\u0131lar\u0131ndaki mikro \u00e7atlaklar\u0131 azaltabilir, metal yorgunlu\u011funun neden oldu\u011fu ani k\u0131r\u0131lmalar\u0131 \u00f6nleyebilir ve daha y\u00fcksek g\u00fcvenli\u011fe sahip olabilir. Karb\u00fcrleme maliyetleri yakla\u015f\u0131k 15-20% artmas\u0131na ra\u011fmen, hizmet \u00f6mr\u00fc 50%'den daha fazla uzar ve kapatma ve de\u011fi\u015ftirme s\u0131kl\u0131\u011f\u0131 azal\u0131r. Toplam maliyet asl\u0131nda azal\u0131r.<\/p>\n<p>#pop\u00fclerzincir#korumazinciri#t\u00fcnel#maden#janttyre#tyrekorumazinciri<\/p>","protected":false},"excerpt":{"rendered":"<ul>\n<li>Do\u011frudan Fabrika<\/li>\n<li>Y\u00fckleyici Lastik Zincirleri<\/li>\n<\/ul>","protected":false},"featured_media":857,"template":"","meta":{"inline_featured_image":false,"_kad_post_transparent":"default","_kad_post_title":"","_kad_post_layout":"default","_kad_post_sidebar_id":"","_kad_post_content_style":"default","_kad_post_vertical_padding":"default","_kad_post_feature":"","_kad_post_feature_position":"","_kad_post_header":false,"_kad_post_footer":false},"product_brand":[],"product_cat":[28,26],"product_tag":[],"class_list":{"0":"post-856","1":"product","2":"type-product","3":"status-publish","4":"has-post-thumbnail","6":"product_cat-heavy-duty","7":"product_cat-reinforced","9":"first","10":"instock","11":"shipping-taxable","12":"product-type-simple","13":"entry","14":"content-bg","15":"loop-entry"},"yoast_head":"<!-- This site is optimized with the Yoast SEO plugin v25.4 - https:\/\/yoast.com\/wordpress\/plugins\/seo\/ -->\n<title>23.5r25 26.5r25 29.5r29 Popular Carbon Armor Protection Chain - twchains<\/title>\n<meta name=\"robots\" content=\"index, follow, max-snippet:-1, max-image-preview:large, max-video-preview:-1\" \/>\n<link rel=\"canonical\" href=\"https:\/\/twchains.com\/tr\/urun\/23-5r25-26-5r25-29-5r29-popular-carbon-armor-protection-chain\/\" \/>\n<meta property=\"og:locale\" content=\"tr_TR\" \/>\n<meta property=\"og:type\" content=\"article\" \/>\n<meta property=\"og:title\" content=\"23.5r25 26.5r25 29.5r29 Popular Carbon Armor Protection Chain - twchains\" \/>\n<meta property=\"og:description\" content=\"Factory Directly  Loader Tire Chains\" \/>\n<meta property=\"og:url\" content=\"https:\/\/twchains.com\/tr\/urun\/23-5r25-26-5r25-29-5r29-popular-carbon-armor-protection-chain\/\" \/>\n<meta property=\"og:site_name\" content=\"twchains\" \/>\n<meta property=\"og:image\" content=\"https:\/\/twchains.com\/wp-content\/uploads\/2025\/05\/3565-33-otr-mining-tyre-protection-chain-for-wheel-loader-.jpg\" \/>\n\t<meta property=\"og:image:width\" content=\"1080\" \/>\n\t<meta property=\"og:image:height\" content=\"1080\" \/>\n\t<meta property=\"og:image:type\" content=\"image\/jpeg\" \/>\n<meta name=\"twitter:card\" content=\"summary_large_image\" \/>\n<meta name=\"twitter:label1\" content=\"Tahmini okuma s\u00fcresi\" \/>\n\t<meta name=\"twitter:data1\" content=\"1 dakika\" \/>\n<script type=\"application\/ld+json\" class=\"yoast-schema-graph\">{\"@context\":\"https:\/\/schema.org\",\"@graph\":[{\"@type\":\"WebPage\",\"@id\":\"https:\/\/twchains.com\/product\/23-5r25-26-5r25-29-5r29-popular-carbon-armor-protection-chain\/\",\"url\":\"https:\/\/twchains.com\/product\/23-5r25-26-5r25-29-5r29-popular-carbon-armor-protection-chain\/\",\"name\":\"23.5r25 26.5r25 29.5r29 Popular Carbon Armor Protection Chain - twchains\",\"isPartOf\":{\"@id\":\"https:\/\/twchains.com\/#website\"},\"primaryImageOfPage\":{\"@id\":\"https:\/\/twchains.com\/product\/23-5r25-26-5r25-29-5r29-popular-carbon-armor-protection-chain\/#primaryimage\"},\"image\":{\"@id\":\"https:\/\/twchains.com\/product\/23-5r25-26-5r25-29-5r29-popular-carbon-armor-protection-chain\/#primaryimage\"},\"thumbnailUrl\":\"https:\/\/twchains.com\/wp-content\/uploads\/2025\/05\/3565-33-otr-mining-tyre-protection-chain-for-wheel-loader-.jpg\",\"datePublished\":\"2025-05-14T08:46:21+00:00\",\"breadcrumb\":{\"@id\":\"https:\/\/twchains.com\/product\/23-5r25-26-5r25-29-5r29-popular-carbon-armor-protection-chain\/#breadcrumb\"},\"inLanguage\":\"tr\",\"potentialAction\":[{\"@type\":\"ReadAction\",\"target\":[\"https:\/\/twchains.com\/product\/23-5r25-26-5r25-29-5r29-popular-carbon-armor-protection-chain\/\"]}]},{\"@type\":\"ImageObject\",\"inLanguage\":\"tr\",\"@id\":\"https:\/\/twchains.com\/product\/23-5r25-26-5r25-29-5r29-popular-carbon-armor-protection-chain\/#primaryimage\",\"url\":\"https:\/\/twchains.com\/wp-content\/uploads\/2025\/05\/3565-33-otr-mining-tyre-protection-chain-for-wheel-loader-.jpg\",\"contentUrl\":\"https:\/\/twchains.com\/wp-content\/uploads\/2025\/05\/3565-33-otr-mining-tyre-protection-chain-for-wheel-loader-.jpg\",\"width\":1080,\"height\":1080},{\"@type\":\"BreadcrumbList\",\"@id\":\"https:\/\/twchains.com\/product\/23-5r25-26-5r25-29-5r29-popular-carbon-armor-protection-chain\/#breadcrumb\",\"itemListElement\":[{\"@type\":\"ListItem\",\"position\":1,\"name\":\"Home\",\"item\":\"https:\/\/twchains.com\/\"},{\"@type\":\"ListItem\",\"position\":2,\"name\":\"Products\",\"item\":\"https:\/\/twchains.com\/products\/\"},{\"@type\":\"ListItem\",\"position\":3,\"name\":\"23.5r25 26.5r25 29.5r29 Popular Carbon Armor Protection Chain\"}]},{\"@type\":\"WebSite\",\"@id\":\"https:\/\/twchains.com\/#website\",\"url\":\"https:\/\/twchains.com\/\",\"name\":\"twchains\",\"description\":\"\",\"publisher\":{\"@id\":\"https:\/\/twchains.com\/#organization\"},\"potentialAction\":[{\"@type\":\"SearchAction\",\"target\":{\"@type\":\"EntryPoint\",\"urlTemplate\":\"https:\/\/twchains.com\/?s={search_term_string}\"},\"query-input\":{\"@type\":\"PropertyValueSpecification\",\"valueRequired\":true,\"valueName\":\"search_term_string\"}}],\"inLanguage\":\"tr\"},{\"@type\":\"Organization\",\"@id\":\"https:\/\/twchains.com\/#organization\",\"name\":\"twchains\",\"url\":\"https:\/\/twchains.com\/\",\"logo\":{\"@type\":\"ImageObject\",\"inLanguage\":\"tr\",\"@id\":\"https:\/\/twchains.com\/#\/schema\/logo\/image\/\",\"url\":\"https:\/\/twchains.com\/wp-content\/uploads\/2025\/04\/tongwei-logo-100.svg\",\"contentUrl\":\"https:\/\/twchains.com\/wp-content\/uploads\/2025\/04\/tongwei-logo-100.svg\",\"width\":128,\"height\":100,\"caption\":\"twchains\"},\"image\":{\"@id\":\"https:\/\/twchains.com\/#\/schema\/logo\/image\/\"}}]}<\/script>\n<!-- \/ Yoast SEO plugin. -->","yoast_head_json":{"title":"23.5r25 26.5r25 29.5r29 Popular Carbon Armor Protection Chain - twchains","robots":{"index":"index","follow":"follow","max-snippet":"max-snippet:-1","max-image-preview":"max-image-preview:large","max-video-preview":"max-video-preview:-1"},"canonical":"https:\/\/twchains.com\/tr\/urun\/23-5r25-26-5r25-29-5r29-popular-carbon-armor-protection-chain\/","og_locale":"tr_TR","og_type":"article","og_title":"23.5r25 26.5r25 29.5r29 Popular Carbon Armor Protection Chain - twchains","og_description":"Factory Directly  Loader Tire Chains","og_url":"https:\/\/twchains.com\/tr\/urun\/23-5r25-26-5r25-29-5r29-popular-carbon-armor-protection-chain\/","og_site_name":"twchains","og_image":[{"width":1080,"height":1080,"url":"https:\/\/twchains.com\/wp-content\/uploads\/2025\/05\/3565-33-otr-mining-tyre-protection-chain-for-wheel-loader-.jpg","type":"image\/jpeg"}],"twitter_card":"summary_large_image","twitter_misc":{"Tahmini okuma s\u00fcresi":"1 dakika"},"schema":{"@context":"https:\/\/schema.org","@graph":[{"@type":"WebPage","@id":"https:\/\/twchains.com\/product\/23-5r25-26-5r25-29-5r29-popular-carbon-armor-protection-chain\/","url":"https:\/\/twchains.com\/product\/23-5r25-26-5r25-29-5r29-popular-carbon-armor-protection-chain\/","name":"23.5r25 26.5r25 29.5r29 Popular Carbon Armor Protection Chain - twchains","isPartOf":{"@id":"https:\/\/twchains.com\/#website"},"primaryImageOfPage":{"@id":"https:\/\/twchains.com\/product\/23-5r25-26-5r25-29-5r29-popular-carbon-armor-protection-chain\/#primaryimage"},"image":{"@id":"https:\/\/twchains.com\/product\/23-5r25-26-5r25-29-5r29-popular-carbon-armor-protection-chain\/#primaryimage"},"thumbnailUrl":"https:\/\/twchains.com\/wp-content\/uploads\/2025\/05\/3565-33-otr-mining-tyre-protection-chain-for-wheel-loader-.jpg","datePublished":"2025-05-14T08:46:21+00:00","breadcrumb":{"@id":"https:\/\/twchains.com\/product\/23-5r25-26-5r25-29-5r29-popular-carbon-armor-protection-chain\/#breadcrumb"},"inLanguage":"tr","potentialAction":[{"@type":"ReadAction","target":["https:\/\/twchains.com\/product\/23-5r25-26-5r25-29-5r29-popular-carbon-armor-protection-chain\/"]}]},{"@type":"ImageObject","inLanguage":"tr","@id":"https:\/\/twchains.com\/product\/23-5r25-26-5r25-29-5r29-popular-carbon-armor-protection-chain\/#primaryimage","url":"https:\/\/twchains.com\/wp-content\/uploads\/2025\/05\/3565-33-otr-mining-tyre-protection-chain-for-wheel-loader-.jpg","contentUrl":"https:\/\/twchains.com\/wp-content\/uploads\/2025\/05\/3565-33-otr-mining-tyre-protection-chain-for-wheel-loader-.jpg","width":1080,"height":1080},{"@type":"BreadcrumbList","@id":"https:\/\/twchains.com\/product\/23-5r25-26-5r25-29-5r29-popular-carbon-armor-protection-chain\/#breadcrumb","itemListElement":[{"@type":"ListItem","position":1,"name":"Home","item":"https:\/\/twchains.com\/"},{"@type":"ListItem","position":2,"name":"Products","item":"https:\/\/twchains.com\/products\/"},{"@type":"ListItem","position":3,"name":"23.5r25 26.5r25 29.5r29 Popular Carbon Armor Protection Chain"}]},{"@type":"WebSite","@id":"https:\/\/twchains.com\/#website","url":"https:\/\/twchains.com\/","name":"twchains","description":"","publisher":{"@id":"https:\/\/twchains.com\/#organization"},"potentialAction":[{"@type":"SearchAction","target":{"@type":"EntryPoint","urlTemplate":"https:\/\/twchains.com\/?s={search_term_string}"},"query-input":{"@type":"PropertyValueSpecification","valueRequired":true,"valueName":"search_term_string"}}],"inLanguage":"tr"},{"@type":"Organization","@id":"https:\/\/twchains.com\/#organization","name":"twchains","url":"https:\/\/twchains.com\/","logo":{"@type":"ImageObject","inLanguage":"tr","@id":"https:\/\/twchains.com\/#\/schema\/logo\/image\/","url":"https:\/\/twchains.com\/wp-content\/uploads\/2025\/04\/tongwei-logo-100.svg","contentUrl":"https:\/\/twchains.com\/wp-content\/uploads\/2025\/04\/tongwei-logo-100.svg","width":128,"height":100,"caption":"twchains"},"image":{"@id":"https:\/\/twchains.com\/#\/schema\/logo\/image\/"}}]}},"_links":{"self":[{"href":"https:\/\/twchains.com\/tr\/wp-json\/wp\/v2\/product\/856","targetHints":{"allow":["GET"]}}],"collection":[{"href":"https:\/\/twchains.com\/tr\/wp-json\/wp\/v2\/product"}],"about":[{"href":"https:\/\/twchains.com\/tr\/wp-json\/wp\/v2\/types\/product"}],"wp:featuredmedia":[{"embeddable":true,"href":"https:\/\/twchains.com\/tr\/wp-json\/wp\/v2\/media\/857"}],"wp:attachment":[{"href":"https:\/\/twchains.com\/tr\/wp-json\/wp\/v2\/media?parent=856"}],"wp:term":[{"taxonomy":"product_brand","embeddable":true,"href":"https:\/\/twchains.com\/tr\/wp-json\/wp\/v2\/product_brand?post=856"},{"taxonomy":"product_cat","embeddable":true,"href":"https:\/\/twchains.com\/tr\/wp-json\/wp\/v2\/product_cat?post=856"},{"taxonomy":"product_tag","embeddable":true,"href":"https:\/\/twchains.com\/tr\/wp-json\/wp\/v2\/product_tag?post=856"}],"curies":[{"name":"wp","href":"https:\/\/api.w.org\/{rel}","templated":true}]}}