{"id":888,"date":"2025-05-19T01:44:26","date_gmt":"2025-05-19T01:44:26","guid":{"rendered":"https:\/\/twchains.com\/?post_type=product&#038;p=888"},"modified":"2025-05-24T04:35:20","modified_gmt":"2025-05-24T04:35:20","slug":"tongwei%ef%bc%88tw-chains%ef%bc%8923-5r25-mining-tyre-loader-chains-for-heavy-duty-truck","status":"publish","type":"product","link":"https:\/\/twchains.com\/tr\/urun\/tongwei%ef%bc%88tw-chains%ef%bc%8923-5r25-mining-tyre-loader-chains-for-heavy-duty-truck\/","title":{"rendered":"TONGWEI \uff08TW Z\u0130NC\u0130RLER\u0130\uff09 A\u011f\u0131r Hizmet Kamyonu i\u00e7in 23.5r25 Madencilik Lasti\u011fi Y\u00fckleyici Zincirleri"},"content":{"rendered":"<p><iframe title=\"\u00c7in&#039;den y\u00fcksek kaliteli #tireprotectionchains ile y\u00fckleyici koruma zinciri fabrikas\u0131\" width=\"720\" height=\"405\" src=\"https:\/\/www.youtube.com\/embed\/nZByso80GtQ?feature=oembed\" frameborder=\"0\" allow=\"accelerometer; autoplay; clipboard-write; encrypted-media; gyroscope; picture-in-picture; web-share\" referrerpolicy=\"strict-origin-when-cross-origin\" allowfullscreen><\/iframe><\/p>\n<p>Sat\u0131\u015f \u00f6ncesi ve sat\u0131\u015f sonras\u0131 hizmetler i\u00e7in \u0130ngiltere, Amerika Birle\u015fik Devletleri, Avrupa, Yunanistan, T\u00fcrkiye, Vietnam, Rusya, \u015eili, Peru ve di\u011fer \u00fclkelerde lastik koruma zinciri bayileri kurmay\u0131 ve gelecekte lastik koruma zincirlerinin yerinde montaj\u0131 ve y\u00fckleyici zincirlerinin bak\u0131m\u0131 gibi sat\u0131\u015f sonras\u0131 hizmet politikalar\u0131n\u0131 kademeli olarak uygulamaya koymay\u0131 planl\u0131yoruz<\/p>\n<p>---\u00c7in'de g\u00fcvenilir bir lastik koruma zinciri tedarik\u00e7isi-Tianjin Tongwei Metal Products Co, Ltd,<\/p>\n<p>#tongwei#koruma zinciri#tirechains#marble#quarry<\/p>\n<p>&nbsp;<\/p>","protected":false},"excerpt":{"rendered":"<ul>\n<li>G\u00fcvenilir Bir Tedarik\u00e7i<\/li>\n<li>20 Y\u0131ll\u0131k \u00dcretim Deneyimi<\/li>\n<\/ul>","protected":false},"featured_media":889,"template":"","meta":{"inline_featured_image":false,"_kad_post_transparent":"default","_kad_post_title":"","_kad_post_layout":"default","_kad_post_sidebar_id":"","_kad_post_content_style":"default","_kad_post_vertical_padding":"default","_kad_post_feature":"","_kad_post_feature_position":"","_kad_post_header":false,"_kad_post_footer":false},"product_brand":[],"product_cat":[15,27,28,26],"product_tag":[31],"class_list":{"0":"post-888","1":"product","2":"type-product","3":"status-publish","4":"has-post-thumbnail","6":"product_cat-tyre-protection-chain","7":"product_cat-encryption","8":"product_cat-heavy-duty","9":"product_cat-reinforced","10":"product_tag-tyre-protection-chains","12":"first","13":"instock","14":"shipping-taxable","15":"product-type-simple","16":"entry","17":"content-bg","18":"loop-entry"},"yoast_head":"<!-- This site is optimized with the Yoast SEO plugin v25.4 - https:\/\/yoast.com\/wordpress\/plugins\/seo\/ -->\n<title>TONGWEI\uff08TW CHAINS\uff0923.5r25 Mining Tyre Loader Chains for Heavy-Duty Truck - twchains<\/title>\n<meta name=\"robots\" content=\"index, follow, max-snippet:-1, max-image-preview:large, max-video-preview:-1\" \/>\n<link rel=\"canonical\" href=\"https:\/\/twchains.com\/tr\/urun\/tongwei\uff08tw-chains\uff0923-5r25-mining-tyre-loader-chains-for-heavy-duty-truck\/\" \/>\n<meta property=\"og:locale\" content=\"tr_TR\" \/>\n<meta property=\"og:type\" content=\"article\" \/>\n<meta property=\"og:title\" content=\"TONGWEI\uff08TW CHAINS\uff0923.5r25 Mining Tyre Loader Chains for Heavy-Duty Truck - twchains\" \/>\n<meta property=\"og:description\" content=\"A Trustworthy Supplier  20 Years of Production Experience\" \/>\n<meta property=\"og:url\" content=\"https:\/\/twchains.com\/tr\/urun\/tongwei\uff08tw-chains\uff0923-5r25-mining-tyre-loader-chains-for-heavy-duty-truck\/\" \/>\n<meta property=\"og:site_name\" content=\"twchains\" \/>\n<meta property=\"article:modified_time\" content=\"2025-05-24T04:35:20+00:00\" \/>\n<meta property=\"og:image\" content=\"https:\/\/twchains.com\/wp-content\/uploads\/2025\/05\/open-pit-mine-tyre-protection-chain-scaled.jpg\" \/>\n\t<meta property=\"og:image:width\" content=\"2560\" \/>\n\t<meta property=\"og:image:height\" content=\"1920\" \/>\n\t<meta property=\"og:image:type\" content=\"image\/jpeg\" \/>\n<meta name=\"twitter:card\" content=\"summary_large_image\" \/>\n<meta name=\"twitter:label1\" content=\"Tahmini okuma s\u00fcresi\" \/>\n\t<meta name=\"twitter:data1\" content=\"1 dakika\" \/>\n<script type=\"application\/ld+json\" class=\"yoast-schema-graph\">{\"@context\":\"https:\/\/schema.org\",\"@graph\":[{\"@type\":\"WebPage\",\"@id\":\"https:\/\/twchains.com\/product\/tongwei%ef%bc%88tw-chains%ef%bc%8923-5r25-mining-tyre-loader-chains-for-heavy-duty-truck\/\",\"url\":\"https:\/\/twchains.com\/product\/tongwei%ef%bc%88tw-chains%ef%bc%8923-5r25-mining-tyre-loader-chains-for-heavy-duty-truck\/\",\"name\":\"TONGWEI\uff08TW CHAINS\uff0923.5r25 Mining Tyre Loader Chains for Heavy-Duty Truck - twchains\",\"isPartOf\":{\"@id\":\"https:\/\/twchains.com\/#website\"},\"primaryImageOfPage\":{\"@id\":\"https:\/\/twchains.com\/product\/tongwei%ef%bc%88tw-chains%ef%bc%8923-5r25-mining-tyre-loader-chains-for-heavy-duty-truck\/#primaryimage\"},\"image\":{\"@id\":\"https:\/\/twchains.com\/product\/tongwei%ef%bc%88tw-chains%ef%bc%8923-5r25-mining-tyre-loader-chains-for-heavy-duty-truck\/#primaryimage\"},\"thumbnailUrl\":\"https:\/\/twchains.com\/wp-content\/uploads\/2025\/05\/open-pit-mine-tyre-protection-chain-scaled.jpg\",\"datePublished\":\"2025-05-19T01:44:26+00:00\",\"dateModified\":\"2025-05-24T04:35:20+00:00\",\"breadcrumb\":{\"@id\":\"https:\/\/twchains.com\/product\/tongwei%ef%bc%88tw-chains%ef%bc%8923-5r25-mining-tyre-loader-chains-for-heavy-duty-truck\/#breadcrumb\"},\"inLanguage\":\"tr\",\"potentialAction\":[{\"@type\":\"ReadAction\",\"target\":[\"https:\/\/twchains.com\/product\/tongwei%ef%bc%88tw-chains%ef%bc%8923-5r25-mining-tyre-loader-chains-for-heavy-duty-truck\/\"]}]},{\"@type\":\"ImageObject\",\"inLanguage\":\"tr\",\"@id\":\"https:\/\/twchains.com\/product\/tongwei%ef%bc%88tw-chains%ef%bc%8923-5r25-mining-tyre-loader-chains-for-heavy-duty-truck\/#primaryimage\",\"url\":\"https:\/\/twchains.com\/wp-content\/uploads\/2025\/05\/open-pit-mine-tyre-protection-chain-scaled.jpg\",\"contentUrl\":\"https:\/\/twchains.com\/wp-content\/uploads\/2025\/05\/open-pit-mine-tyre-protection-chain-scaled.jpg\",\"width\":2560,\"height\":1920},{\"@type\":\"BreadcrumbList\",\"@id\":\"https:\/\/twchains.com\/product\/tongwei%ef%bc%88tw-chains%ef%bc%8923-5r25-mining-tyre-loader-chains-for-heavy-duty-truck\/#breadcrumb\",\"itemListElement\":[{\"@type\":\"ListItem\",\"position\":1,\"name\":\"Home\",\"item\":\"https:\/\/twchains.com\/\"},{\"@type\":\"ListItem\",\"position\":2,\"name\":\"Products\",\"item\":\"https:\/\/twchains.com\/products\/\"},{\"@type\":\"ListItem\",\"position\":3,\"name\":\"TONGWEI\uff08TW CHAINS\uff0923.5r25 Mining Tyre Loader Chains for Heavy-Duty Truck\"}]},{\"@type\":\"WebSite\",\"@id\":\"https:\/\/twchains.com\/#website\",\"url\":\"https:\/\/twchains.com\/\",\"name\":\"twchains\",\"description\":\"\",\"publisher\":{\"@id\":\"https:\/\/twchains.com\/#organization\"},\"potentialAction\":[{\"@type\":\"SearchAction\",\"target\":{\"@type\":\"EntryPoint\",\"urlTemplate\":\"https:\/\/twchains.com\/?s={search_term_string}\"},\"query-input\":{\"@type\":\"PropertyValueSpecification\",\"valueRequired\":true,\"valueName\":\"search_term_string\"}}],\"inLanguage\":\"tr\"},{\"@type\":\"Organization\",\"@id\":\"https:\/\/twchains.com\/#organization\",\"name\":\"twchains\",\"url\":\"https:\/\/twchains.com\/\",\"logo\":{\"@type\":\"ImageObject\",\"inLanguage\":\"tr\",\"@id\":\"https:\/\/twchains.com\/#\/schema\/logo\/image\/\",\"url\":\"https:\/\/twchains.com\/wp-content\/uploads\/2025\/04\/tongwei-logo-100.svg\",\"contentUrl\":\"https:\/\/twchains.com\/wp-content\/uploads\/2025\/04\/tongwei-logo-100.svg\",\"width\":128,\"height\":100,\"caption\":\"twchains\"},\"image\":{\"@id\":\"https:\/\/twchains.com\/#\/schema\/logo\/image\/\"}}]}<\/script>\n<!-- \/ Yoast SEO plugin. -->","yoast_head_json":{"title":"TONGWEI\uff08TW CHAINS\uff0923.5r25 Mining Tyre Loader Chains for Heavy-Duty Truck - twchains","robots":{"index":"index","follow":"follow","max-snippet":"max-snippet:-1","max-image-preview":"max-image-preview:large","max-video-preview":"max-video-preview:-1"},"canonical":"https:\/\/twchains.com\/tr\/urun\/tongwei\uff08tw-chains\uff0923-5r25-mining-tyre-loader-chains-for-heavy-duty-truck\/","og_locale":"tr_TR","og_type":"article","og_title":"TONGWEI\uff08TW CHAINS\uff0923.5r25 Mining Tyre Loader Chains for Heavy-Duty Truck - twchains","og_description":"A Trustworthy Supplier  20 Years of Production Experience","og_url":"https:\/\/twchains.com\/tr\/urun\/tongwei\uff08tw-chains\uff0923-5r25-mining-tyre-loader-chains-for-heavy-duty-truck\/","og_site_name":"twchains","article_modified_time":"2025-05-24T04:35:20+00:00","og_image":[{"width":2560,"height":1920,"url":"https:\/\/twchains.com\/wp-content\/uploads\/2025\/05\/open-pit-mine-tyre-protection-chain-scaled.jpg","type":"image\/jpeg"}],"twitter_card":"summary_large_image","twitter_misc":{"Tahmini okuma s\u00fcresi":"1 dakika"},"schema":{"@context":"https:\/\/schema.org","@graph":[{"@type":"WebPage","@id":"https:\/\/twchains.com\/product\/tongwei%ef%bc%88tw-chains%ef%bc%8923-5r25-mining-tyre-loader-chains-for-heavy-duty-truck\/","url":"https:\/\/twchains.com\/product\/tongwei%ef%bc%88tw-chains%ef%bc%8923-5r25-mining-tyre-loader-chains-for-heavy-duty-truck\/","name":"TONGWEI\uff08TW CHAINS\uff0923.5r25 Mining Tyre Loader Chains for Heavy-Duty Truck - twchains","isPartOf":{"@id":"https:\/\/twchains.com\/#website"},"primaryImageOfPage":{"@id":"https:\/\/twchains.com\/product\/tongwei%ef%bc%88tw-chains%ef%bc%8923-5r25-mining-tyre-loader-chains-for-heavy-duty-truck\/#primaryimage"},"image":{"@id":"https:\/\/twchains.com\/product\/tongwei%ef%bc%88tw-chains%ef%bc%8923-5r25-mining-tyre-loader-chains-for-heavy-duty-truck\/#primaryimage"},"thumbnailUrl":"https:\/\/twchains.com\/wp-content\/uploads\/2025\/05\/open-pit-mine-tyre-protection-chain-scaled.jpg","datePublished":"2025-05-19T01:44:26+00:00","dateModified":"2025-05-24T04:35:20+00:00","breadcrumb":{"@id":"https:\/\/twchains.com\/product\/tongwei%ef%bc%88tw-chains%ef%bc%8923-5r25-mining-tyre-loader-chains-for-heavy-duty-truck\/#breadcrumb"},"inLanguage":"tr","potentialAction":[{"@type":"ReadAction","target":["https:\/\/twchains.com\/product\/tongwei%ef%bc%88tw-chains%ef%bc%8923-5r25-mining-tyre-loader-chains-for-heavy-duty-truck\/"]}]},{"@type":"ImageObject","inLanguage":"tr","@id":"https:\/\/twchains.com\/product\/tongwei%ef%bc%88tw-chains%ef%bc%8923-5r25-mining-tyre-loader-chains-for-heavy-duty-truck\/#primaryimage","url":"https:\/\/twchains.com\/wp-content\/uploads\/2025\/05\/open-pit-mine-tyre-protection-chain-scaled.jpg","contentUrl":"https:\/\/twchains.com\/wp-content\/uploads\/2025\/05\/open-pit-mine-tyre-protection-chain-scaled.jpg","width":2560,"height":1920},{"@type":"BreadcrumbList","@id":"https:\/\/twchains.com\/product\/tongwei%ef%bc%88tw-chains%ef%bc%8923-5r25-mining-tyre-loader-chains-for-heavy-duty-truck\/#breadcrumb","itemListElement":[{"@type":"ListItem","position":1,"name":"Home","item":"https:\/\/twchains.com\/"},{"@type":"ListItem","position":2,"name":"Products","item":"https:\/\/twchains.com\/products\/"},{"@type":"ListItem","position":3,"name":"TONGWEI\uff08TW CHAINS\uff0923.5r25 Mining Tyre Loader Chains for Heavy-Duty Truck"}]},{"@type":"WebSite","@id":"https:\/\/twchains.com\/#website","url":"https:\/\/twchains.com\/","name":"twchains","description":"","publisher":{"@id":"https:\/\/twchains.com\/#organization"},"potentialAction":[{"@type":"SearchAction","target":{"@type":"EntryPoint","urlTemplate":"https:\/\/twchains.com\/?s={search_term_string}"},"query-input":{"@type":"PropertyValueSpecification","valueRequired":true,"valueName":"search_term_string"}}],"inLanguage":"tr"},{"@type":"Organization","@id":"https:\/\/twchains.com\/#organization","name":"twchains","url":"https:\/\/twchains.com\/","logo":{"@type":"ImageObject","inLanguage":"tr","@id":"https:\/\/twchains.com\/#\/schema\/logo\/image\/","url":"https:\/\/twchains.com\/wp-content\/uploads\/2025\/04\/tongwei-logo-100.svg","contentUrl":"https:\/\/twchains.com\/wp-content\/uploads\/2025\/04\/tongwei-logo-100.svg","width":128,"height":100,"caption":"twchains"},"image":{"@id":"https:\/\/twchains.com\/#\/schema\/logo\/image\/"}}]}},"_links":{"self":[{"href":"https:\/\/twchains.com\/tr\/wp-json\/wp\/v2\/product\/888","targetHints":{"allow":["GET"]}}],"collection":[{"href":"https:\/\/twchains.com\/tr\/wp-json\/wp\/v2\/product"}],"about":[{"href":"https:\/\/twchains.com\/tr\/wp-json\/wp\/v2\/types\/product"}],"wp:featuredmedia":[{"embeddable":true,"href":"https:\/\/twchains.com\/tr\/wp-json\/wp\/v2\/media\/889"}],"wp:attachment":[{"href":"https:\/\/twchains.com\/tr\/wp-json\/wp\/v2\/media?parent=888"}],"wp:term":[{"taxonomy":"product_brand","embeddable":true,"href":"https:\/\/twchains.com\/tr\/wp-json\/wp\/v2\/product_brand?post=888"},{"taxonomy":"product_cat","embeddable":true,"href":"https:\/\/twchains.com\/tr\/wp-json\/wp\/v2\/product_cat?post=888"},{"taxonomy":"product_tag","embeddable":true,"href":"https:\/\/twchains.com\/tr\/wp-json\/wp\/v2\/product_tag?post=888"}],"curies":[{"name":"wp","href":"https:\/\/api.w.org\/{rel}","templated":true}]}}